{"id":1003,"date":"2018-04-09T15:00:38","date_gmt":"2018-04-09T07:00:38","guid":{"rendered":"https:\/\/believeindustry.company\/?page_id=1003"},"modified":"2026-04-06T12:46:02","modified_gmt":"2026-04-06T04:46:02","slug":"maquina-formadora-de-rollos-de-chapa-bemo","status":"publish","type":"page","link":"https:\/\/believeindustry.company\/es\/roll-forming-machine\/metal-sheet-roll-forming-machine\/bemo-sheet-roll-forming-machine\/","title":{"rendered":"M\u00e1quina formadora de rollos de chapa Bemo"},"content":{"rendered":"<p>La m\u00e1quina formadora de rollos de l\u00e1minas Bemo se utiliza para producir l\u00e1minas Bemo de diversos anchos y formas. Tambi\u00e9n se la conoce como <a href=\"https:\/\/believeindustry.company\/es\/maquina-formadora-de-rollos-de-costura-alzada\/\">M\u00e1quina formadora de rollos con costura vertical.<\/a><\/p>\n\n\n\n<!--more-->\n\n\n\n<h2 class=\"wp-block-heading\"><strong><span style=\"font-size: 18pt;\">M\u00e1quina formadora de rollos de chapa Bemo<\/span><\/strong><\/h2>\n\n\n\n<h3 class=\"wp-block-heading\"><strong><span style=\"font-size: 14pt;\">\u00bfQu\u00e9 es una hoja de c\u00e1lculo BEMO?<\/span><\/strong><\/h3>\n\n\n\n<p>La l\u00e1mina BEMO, un tipo de l\u00e1mina con costura alzada, fue desarrollada por la empresa BEMO. El material utilizado en las l\u00e1minas BEMO es el siguiente:<\/p>\n\n\n\n<ul class=\"wp-block-list\"><li>Las aleaciones de aluminio, totalmente reciclables, se pueden moldear de forma segura y son resistentes a la corrosi\u00f3n.<\/li><li>El acero laminado en fr\u00edo es una alternativa econ\u00f3mica que proporciona una menor expansi\u00f3n del revestimiento.<\/li><li>Acero inoxidable, mucha m\u00e1s seguridad en ambientes agresivos.<\/li><li>Cobre, larga vida \u00fatil y reciclable. Adem\u00e1s, tiene un aspecto cautivador.<\/li><li>Titanio Zinc, con efecto autorreparador espec\u00edfico en caso de da\u00f1os.<\/li><li><\/li><\/ul>\n\n\n\n<h3 class=\"wp-block-heading\"><strong><span style=\"font-size: 12pt;\">L\u00e1mina Bemo de m\u00faltiples formas<\/span><\/strong><\/h3>\n\n\n\n<p>El perfil de junta alzada Bemo Sheet permite realizar pr\u00e1cticamente cualquier tipo de perfil arquitect\u00f3nico moderno. Believe Industry Company dispone de varios tipos de m\u00e1quinas perfiladoras de l\u00e1minas Bemo para diferentes necesidades.<\/p>\n\n\n\n<figure class=\"wp-block-image alignnone wp-image-1201 size-full\"><img fetchpriority=\"high\" decoding=\"async\" width=\"719\" height=\"242\" data-attachment-id=\"1201\" data-permalink=\"https:\/\/believeindustry.company\/es\/roll-forming-machine\/metal-sheet-roll-forming-machine\/bemo-sheet-roll-forming-machine\/bemo-sheet\/\" data-orig-file=\"https:\/\/believeindustry.company\/wp-content\/uploads\/2018\/04\/bemo-sheet.jpg\" data-orig-size=\"719,242\" data-comments-opened=\"1\" data-image-meta=\"{&quot;aperture&quot;:&quot;0&quot;,&quot;credit&quot;:&quot;&quot;,&quot;camera&quot;:&quot;&quot;,&quot;caption&quot;:&quot;&quot;,&quot;created_timestamp&quot;:&quot;0&quot;,&quot;copyright&quot;:&quot;&quot;,&quot;focal_length&quot;:&quot;0&quot;,&quot;iso&quot;:&quot;0&quot;,&quot;shutter_speed&quot;:&quot;0&quot;,&quot;title&quot;:&quot;&quot;,&quot;orientation&quot;:&quot;0&quot;}\" data-image-title=\"bemo sheet\" data-image-description=\"\" data-image-caption=\"&lt;p&gt;Bemo sheet is widely used for steel house&lt;\/p&gt;\" data-large-file=\"https:\/\/believeindustry.company\/wp-content\/uploads\/2018\/04\/bemo-sheet.jpg\" src=\"https:\/\/believeindustry.company\/wp-content\/uploads\/2018\/04\/bemo-sheet.jpg\" alt=\"Hoja Bemo\" class=\"wp-image-1201\" srcset=\"https:\/\/believeindustry.company\/wp-content\/uploads\/2018\/04\/bemo-sheet.jpg 719w, https:\/\/believeindustry.company\/wp-content\/uploads\/2018\/04\/bemo-sheet-600x202.jpg 600w, https:\/\/believeindustry.company\/wp-content\/uploads\/2018\/04\/bemo-sheet-300x101.jpg 300w\" sizes=\"(max-width: 719px) 100vw, 719px\" \/><figcaption>La m\u00e1quina formadora de rollos de l\u00e1minas Bemo de Believe Industry puede producir l\u00e1minas Bemo de m\u00faltiples formas.<\/figcaption><\/figure>\n\n\n\n<p><strong>Aspecto diferente de Bemo Sheets<\/strong><\/p>\n\n\n\n<figure class=\"wp-block-image alignnone size-full wp-image-1203\"><img decoding=\"async\" width=\"894\" height=\"392\" data-attachment-id=\"1203\" data-permalink=\"https:\/\/believeindustry.company\/es\/roll-forming-machine\/metal-sheet-roll-forming-machine\/bemo-sheet-roll-forming-machine\/curved-bemo-sheet-2\/\" data-orig-file=\"https:\/\/believeindustry.company\/wp-content\/uploads\/2018\/04\/curved-bemo-sheet-1.jpg\" data-orig-size=\"894,392\" data-comments-opened=\"1\" data-image-meta=\"{&quot;aperture&quot;:&quot;0&quot;,&quot;credit&quot;:&quot;&quot;,&quot;camera&quot;:&quot;&quot;,&quot;caption&quot;:&quot;&quot;,&quot;created_timestamp&quot;:&quot;0&quot;,&quot;copyright&quot;:&quot;&quot;,&quot;focal_length&quot;:&quot;0&quot;,&quot;iso&quot;:&quot;0&quot;,&quot;shutter_speed&quot;:&quot;0&quot;,&quot;title&quot;:&quot;&quot;,&quot;orientation&quot;:&quot;0&quot;}\" data-image-title=\"curved bemo sheet\" data-image-description=\"\" data-image-caption=\"&lt;p&gt;Curved Bemo Sheet &lt;\/p&gt;\" data-large-file=\"https:\/\/believeindustry.company\/wp-content\/uploads\/2018\/04\/curved-bemo-sheet-1.jpg\" src=\"https:\/\/believeindustry.company\/wp-content\/uploads\/2018\/04\/curved-bemo-sheet-1.jpg\" alt=\"Hojas Bemo curvas \" class=\"wp-image-1203\" srcset=\"https:\/\/believeindustry.company\/wp-content\/uploads\/2018\/04\/curved-bemo-sheet-1.jpg 894w, https:\/\/believeindustry.company\/wp-content\/uploads\/2018\/04\/curved-bemo-sheet-1-600x263.jpg 600w, https:\/\/believeindustry.company\/wp-content\/uploads\/2018\/04\/curved-bemo-sheet-1-300x132.jpg 300w\" sizes=\"(max-width: 894px) 100vw, 894px\" \/><figcaption>Las l\u00e1minas curvas Bemo se adaptan a diferentes requisitos en el dise\u00f1o de edificios. Totalmente personalizadas y autom\u00e1ticas.<\/figcaption><\/figure>\n\n\n\n<h3 class=\"wp-block-heading\"><strong><span style=\"font-size: 14pt;\">Detalles de la m\u00e1quina perfiladora de chapa Bemo<\/span><\/strong><\/h3>\n\n\n\n<h4 class=\"wp-block-heading\"><strong><span style=\"font-size: 12pt;\">Material de bobina adecuado <\/span><\/strong><\/h4>\n\n\n\n<ol class=\"wp-block-list\"><li> Ancho del perfil: 305 mm, 333 mm, 400 mm, 500 mm, 600 mm <\/li><li>Material y espesor (mm): Aluminio, 0,8-1,2; Acero, 0,6-0,75; Acero inoxidable, 0,5-0,7; Cobre, 0,8-1,0; Zinc de titanio, 0,7-1,0.<\/li><li>La perfiladora de chapas bemo es capaz de producir chapas bemo de diferentes anchos con un tiempo de cambio r\u00e1pido.<\/li><\/ol>\n\n\n\n<h3 class=\"wp-block-heading\"><strong><span style=\"font-size: 12pt;\">Componentes de la m\u00e1quina de l\u00e1minas Bomo<\/span><\/strong><\/h3>\n\n\n\n<ol class=\"wp-block-list\"><li><a title=\"Tipos de desenrollador\" href=\"https:\/\/believeindustry.company\/es\/desenrollador\/\" rel=\"\">Desenrollador<\/a>, Capacidad de 5 toneladas.<\/li><li>Laminadora de rodillos, con laminadora de rodillos c\u00f3nicos<\/li><li>Sistema de corte<\/li><li>Sistema hidr\u00e1ulico<\/li><li>Sistema controlado<\/li><li>M\u00e1quina curvadora, curvadora convexa, c\u00f3ncava o en forma de \u201cS\u201d<\/li><li>Engatilladora autom\u00e1tica o manual<\/li><\/ol>\n\n\n\n<h3 class=\"wp-block-heading\"><strong><span style=\"font-size: 12pt;\">Par\u00e1metros detallados de la m\u00e1quina laminadora Bemo<\/span><\/strong><\/h3>\n\n\n\n<ul class=\"wp-block-list\"><li>Velocidad de rodadura: 15-20 m\/min<\/li><li>Soportes de rodillos formadores: 18-24<\/li><li>Material de los rodillos: ASTM 1045, templado y revenido, cromado de 0,05 mm de espesor<\/li><li>Material del eje: Acero al carbono ASTM 1045, templado<\/li><li>Material del espaciador: ASTM 1045, 15 mm de espesor, cromado<\/li><li>Potencia del motor: 7,5 kW<\/li><li>Cuchilla de corte: CR12, templada y tratada t\u00e9rmicamente<\/li><li>PLC Panasonic, inversor Yaskawa, pantalla t\u00e1ctil MCGS, codificador Omron e interruptor de l\u00edmite<\/li><li>Voltaje: Personalizado, y normalmente 380 V, 50 Hz, trif\u00e1sico<\/li><li>Todas las partes accionadas de la m\u00e1quina de chapa Bemo estar\u00e1n cubiertas con una red de seguridad.<\/li><\/ul>\n\n\n\n<p><a title=\"Grupo de empresas de la industria Believe\" href=\"http:\/\/www.belirollforming.com\" rel=\"noopener\" target=\"_blank\">Compa\u00f1\u00eda de la Industria de la Creencia (BELI\u00ae)<\/a> Tambi\u00e9n disponemos de otras m\u00e1quinas perfiladoras para <a title=\"M\u00e1quina perfiladora de cumbreras\" href=\"https:\/\/believeindustry.company\/es\/maquina-perfiladora-de-rodillos\/maquina-formadora-de-rollos-de-chapa-metalica\/maquina-perfiladora-de-cumbreras\/\" rel=\"\">Cumbrera del tejado<\/a>, <a title=\"M\u00e1quina perfiladora de tejas met\u00e1licas\" href=\"https:\/\/believeindustry.company\/es\/maquina-perfiladora-de-rodillos\/maquina-formadora-de-rollos-de-chapa-metalica\/maquina-formadora-de-rollos-de-tejas-metalicas\/\" rel=\"\">Teja met\u00e1lica<\/a>, <a title=\"M\u00e1quina formadora de rollos de chapa IBR\" href=\"https:\/\/believeindustry.company\/es\/maquina-perfiladora-de-rodillos\/maquina-formadora-de-rollos-de-chapa-metalica\/maquina-formadora-de-rollos-de-chapa-ibr\/\" rel=\"\">Hojas IBR<\/a> y <a title=\"M\u00e1quina formadora de rollos de l\u00e1mina ondulada\" href=\"https:\/\/believeindustry.company\/es\/maquina-perfiladora-de-rodillos\/maquina-formadora-de-rollos-de-chapa-metalica\/maquina-formadora-de-rollos-de-laminas-onduladas\/\" rel=\"\">L\u00e1minas onduladas<\/a>&nbsp; para edificios de acero. Y tambi\u00e9n para <a title=\"M\u00e1quina formadora de canalones y bajantes\" href=\"https:\/\/believeindustry.company\/es\/maquina-perfiladora-de-rodillos\/maquina-formadora-de-rollos-para-bajantes-y-canalones\/\" rel=\"\">Sistema de bajantes y canalones<\/a>. <a href=\"https:\/\/believeindustry.company\/es\/contactanos\/\">Cont\u00e1ctanos<\/a> Para obtener m\u00e1s informaci\u00f3n.<\/p>","protected":false},"excerpt":{"rendered":"<p>La m\u00e1quina perfiladora de l\u00e1minas Bemo se utiliza para producir l\u00e1minas Bemo de diversos anchos y formas. Tambi\u00e9n se la conoce como m\u00e1quina perfiladora de costura vertical.<\/p>","protected":false},"author":2,"featured_media":1204,"parent":724,"menu_order":7,"comment_status":"closed","ping_status":"closed","template":"","meta":{"_angie_page":false,"jetpack_post_was_ever_published":false,"footnotes":"","big_sky_generated":false},"tags":[607848223,607848226,607848224,607848225,607845980,607849628,607845740],"class_list":["post-1003","page","type-page","status-publish","has-post-thumbnail","hentry","tag-bemo-sheet-machine","tag-bemo-sheet-roll-former","tag-bemo-sheet-roofing-panel-roll-forming-machine","tag-bemo-sheeting-machine","tag-metal-sheet-roll-forming-machine","tag-panel-lines","tag-roll-forming-machine"],"blocksy_meta":[],"jetpack_sharing_enabled":true,"jetpack_shortlink":"https:\/\/wp.me\/P9K5n8-gb","jetpack_likes_enabled":false,"jetpack-related-posts":[{"id":1608,"url":"https:\/\/believeindustry.company\/es\/brochure-of-metal-sheets-roll-forming-machine\/","url_meta":{"origin":1003,"position":0},"title":"Folleto de la m\u00e1quina perfiladora de l\u00e1minas met\u00e1licas","author":"Believe Industry Group","date":"mayo 5, 2018","format":false,"excerpt":"Believe Industry Company have the full range of roll forming machines for metal roofing sheets, such as: IBR sheet roll forming machine Corrugated sheets roll forming machine Bemo sheet roll forming machine Metal roof tile roll forming machine [3d-flip-book mode=\"fullscreen\" urlparam=\"fb3d-page\" id=\"1588\" title=\"true\" template=\"short-white-book-view\"]","rel":"","context":"En \u00abRoll Forming Machine\u00bb","block_context":{"text":"Roll Forming Machine","link":"https:\/\/believeindustry.company\/es\/tag\/roll-forming-machine\/"},"img":{"alt_text":"roofing sheets","src":"https:\/\/i0.wp.com\/believeindustry.company\/wp-content\/uploads\/2018\/05\/roofing-sheets.jpg?resize=350%2C200&ssl=1","width":350,"height":200,"srcset":"https:\/\/i0.wp.com\/believeindustry.company\/wp-content\/uploads\/2018\/05\/roofing-sheets.jpg?resize=350%2C200&ssl=1 1x, https:\/\/i0.wp.com\/believeindustry.company\/wp-content\/uploads\/2018\/05\/roofing-sheets.jpg?resize=525%2C300&ssl=1 1.5x, https:\/\/i0.wp.com\/believeindustry.company\/wp-content\/uploads\/2018\/05\/roofing-sheets.jpg?resize=700%2C400&ssl=1 2x, https:\/\/i0.wp.com\/believeindustry.company\/wp-content\/uploads\/2018\/05\/roofing-sheets.jpg?resize=1050%2C600&ssl=1 3x"},"classes":[]},{"id":2193,"url":"https:\/\/believeindustry.company\/es\/roll-forming-machine\/metal-sheet-roll-forming-machine\/metal-wall-panel-roll-forming-machine\/","url_meta":{"origin":1003,"position":1},"title":"M\u00e1quina perfiladora de paneles met\u00e1licos para paredes","author":"Believe Industry Group","date":"junio 7, 2018","format":false,"excerpt":"Metal Wall Panel Roll Forming Machine is for producing wall panels automatically. The Machine can cutoff the wall panel profiles into desire length. Metal Wall Panel Roll Forming Machine Metal Wall Panel As we know, traditional wall panels is made by brick, which is\u00a0 composed of clay-bearing soil, sand, and\u2026","rel":"","context":"En \u00abCold Roll Forming Machine\u00bb","block_context":{"text":"Cold Roll Forming Machine","link":"https:\/\/believeindustry.company\/es\/tag\/cold-roll-forming-machine\/"},"img":{"alt_text":"metal wall panel roll forming machine","src":"https:\/\/i0.wp.com\/believeindustry.company\/wp-content\/uploads\/2018\/06\/metal-wall-panel-roll-forming-machine-e1529031517454.jpg?resize=350%2C200&ssl=1","width":350,"height":200,"srcset":"https:\/\/i0.wp.com\/believeindustry.company\/wp-content\/uploads\/2018\/06\/metal-wall-panel-roll-forming-machine-e1529031517454.jpg?resize=350%2C200&ssl=1 1x, https:\/\/i0.wp.com\/believeindustry.company\/wp-content\/uploads\/2018\/06\/metal-wall-panel-roll-forming-machine-e1529031517454.jpg?resize=525%2C300&ssl=1 1.5x, https:\/\/i0.wp.com\/believeindustry.company\/wp-content\/uploads\/2018\/06\/metal-wall-panel-roll-forming-machine-e1529031517454.jpg?resize=700%2C400&ssl=1 2x, https:\/\/i0.wp.com\/believeindustry.company\/wp-content\/uploads\/2018\/06\/metal-wall-panel-roll-forming-machine-e1529031517454.jpg?resize=1050%2C600&ssl=1 3x"},"classes":[]},{"id":724,"url":"https:\/\/believeindustry.company\/es\/roll-forming-machine\/metal-sheet-roll-forming-machine\/","url_meta":{"origin":1003,"position":2},"title":"M\u00e1quina perfiladora de chapa met\u00e1lica","author":"Believe Industry Group","date":"marzo 28, 2018","format":false,"excerpt":"Metal Sheet Roll Forming Machines, also named Steel Sheet Roll Forming Machines are widely used in Steel Structure Systems Manufacturers or Builders.Believe Industry Company have full range of Metal Sheet Roll Forming Machine to produce Roof Panels, Wall Cladding Sheets, Step Tiles with different types. Such as: Standing seamming Panel.\u2026","rel":"","context":"En \u00abbelieve industry machine\u00bb","block_context":{"text":"believe industry machine","link":"https:\/\/believeindustry.company\/es\/tag\/believe-industry-machine\/"},"img":{"alt_text":"sheet roll forming machine","src":"https:\/\/i0.wp.com\/believeindustry.company\/wp-content\/uploads\/2018\/03\/metal-sheet-roll-forming-machine.jpg?resize=350%2C200&ssl=1","width":350,"height":200,"srcset":"https:\/\/i0.wp.com\/believeindustry.company\/wp-content\/uploads\/2018\/03\/metal-sheet-roll-forming-machine.jpg?resize=350%2C200&ssl=1 1x, https:\/\/i0.wp.com\/believeindustry.company\/wp-content\/uploads\/2018\/03\/metal-sheet-roll-forming-machine.jpg?resize=525%2C300&ssl=1 1.5x, https:\/\/i0.wp.com\/believeindustry.company\/wp-content\/uploads\/2018\/03\/metal-sheet-roll-forming-machine.jpg?resize=700%2C400&ssl=1 2x"},"classes":[]},{"id":4419,"url":"https:\/\/believeindustry.company\/es\/ibr-sheet-roll-forming-machine-video\/","url_meta":{"origin":1003,"position":3},"title":"V\u00eddeo de la m\u00e1quina formadora de l\u00e1minas IBR","author":"Believe Industry Group","date":"febrero 21, 2019","format":false,"excerpt":"IBR Sheet Roll Forming Machine video is photo in our South African factory. The machine is consist of Hydraulic Uncoiler, Roll Forming Mill, Cutter Off Unit, Hydraulic Station and Controlled Panel. View more about IBR Sheeting Roll Forming Machine. \u00a0 \ufeff \u00a0 Believe Industry have a full range of roll\u2026","rel":"","context":"En \u00abibr sheet machine video\u00bb","block_context":{"text":"ibr sheet machine video","link":"https:\/\/believeindustry.company\/es\/tag\/ibr-sheet-machine-video\/"},"img":{"alt_text":"ibr sheet roll forming machine video","src":"https:\/\/i0.wp.com\/believeindustry.company\/wp-content\/uploads\/2019\/02\/ibr-sheet-roll-forming-machine-video.jpg?resize=350%2C200&ssl=1","width":350,"height":200,"srcset":"https:\/\/i0.wp.com\/believeindustry.company\/wp-content\/uploads\/2019\/02\/ibr-sheet-roll-forming-machine-video.jpg?resize=350%2C200&ssl=1 1x, https:\/\/i0.wp.com\/believeindustry.company\/wp-content\/uploads\/2019\/02\/ibr-sheet-roll-forming-machine-video.jpg?resize=525%2C300&ssl=1 1.5x, https:\/\/i0.wp.com\/believeindustry.company\/wp-content\/uploads\/2019\/02\/ibr-sheet-roll-forming-machine-video.jpg?resize=700%2C400&ssl=1 2x"},"classes":[]},{"id":1437,"url":"https:\/\/believeindustry.company\/es\/roll-forming-machine\/customized-profile-roll-forming-machine\/steel-floor-deck-roll-forming-machine\/","url_meta":{"origin":1003,"position":4},"title":"M\u00e1quina perfiladora de perfiles de acero para pisos","author":"Believe Industry Group","date":"abril 23, 2018","format":false,"excerpt":"Steel Floor Deck Roll Forming Machine is for producing Metal Floor Decks with the thickness up to 2.0mm, yield strength 550 MPA Steel Floor Deck Roll Forming Machine Specifications What's Steel Floor Deck? A composite steel deck combines the high tensile strength of steel with the compressive strength of concrete\u2026","rel":"","context":"En \u00abComposite Floor Deck Roll Forming Machine\u00bb","block_context":{"text":"Composite Floor Deck Roll Forming Machine","link":"https:\/\/believeindustry.company\/es\/tag\/composite-floor-deck-roll-forming-machine\/"},"img":{"alt_text":"composite floor deck roll forming machine","src":"https:\/\/i0.wp.com\/believeindustry.company\/wp-content\/uploads\/2018\/06\/composite-floor-deck-roll-forming-machine-2.jpg?resize=350%2C200&ssl=1","width":350,"height":200,"srcset":"https:\/\/i0.wp.com\/believeindustry.company\/wp-content\/uploads\/2018\/06\/composite-floor-deck-roll-forming-machine-2.jpg?resize=350%2C200&ssl=1 1x, https:\/\/i0.wp.com\/believeindustry.company\/wp-content\/uploads\/2018\/06\/composite-floor-deck-roll-forming-machine-2.jpg?resize=525%2C300&ssl=1 1.5x, https:\/\/i0.wp.com\/believeindustry.company\/wp-content\/uploads\/2018\/06\/composite-floor-deck-roll-forming-machine-2.jpg?resize=700%2C400&ssl=1 2x, https:\/\/i0.wp.com\/believeindustry.company\/wp-content\/uploads\/2018\/06\/composite-floor-deck-roll-forming-machine-2.jpg?resize=1050%2C600&ssl=1 3x"},"classes":[]},{"id":593,"url":"https:\/\/believeindustry.company\/es\/roll-forming-machine\/metal-sheet-roll-forming-machine\/roofing-sheet-roll-forming-machine\/","url_meta":{"origin":1003,"position":5},"title":"M\u00e1quina formadora de rollos de l\u00e1minas para techos","author":"Believe Industry Group","date":"marzo 22, 2018","format":false,"excerpt":"La m\u00e1quina perfiladora de l\u00e1minas para techos est\u00e1 dise\u00f1ada para producir diversos tipos de l\u00e1minas para techos y revestimientos de paredes seg\u00fan el plano de dise\u00f1o y con la longitud deseada. El espesor suele oscilar entre 0,2 y 0,8 mm, y la resistencia entre 235 MPa y 550 MPa. Introducci\u00f3n a la m\u00e1quina perfiladora de l\u00e1minas para techos. \u00bfD\u00f3nde encontrarla?","rel":"","context":"En \u00abMetal Sheet Roll Forming Machine\u00bb","block_context":{"text":"Metal Sheet Roll Forming Machine","link":"https:\/\/believeindustry.company\/es\/tag\/metal-sheet-roll-forming-machine\/"},"img":{"alt_text":"roof sheet roll forming machine","src":"https:\/\/i0.wp.com\/believeindustry.company\/wp-content\/uploads\/2018\/06\/roof-sheet-roll-forming-machine_%E5%89%AF%E6%9C%AC.jpg?resize=350%2C200&ssl=1","width":350,"height":200,"srcset":"https:\/\/i0.wp.com\/believeindustry.company\/wp-content\/uploads\/2018\/06\/roof-sheet-roll-forming-machine_%E5%89%AF%E6%9C%AC.jpg?resize=350%2C200&ssl=1 1x, https:\/\/i0.wp.com\/believeindustry.company\/wp-content\/uploads\/2018\/06\/roof-sheet-roll-forming-machine_%E5%89%AF%E6%9C%AC.jpg?resize=525%2C300&ssl=1 1.5x, https:\/\/i0.wp.com\/believeindustry.company\/wp-content\/uploads\/2018\/06\/roof-sheet-roll-forming-machine_%E5%89%AF%E6%9C%AC.jpg?resize=700%2C400&ssl=1 2x, https:\/\/i0.wp.com\/believeindustry.company\/wp-content\/uploads\/2018\/06\/roof-sheet-roll-forming-machine_%E5%89%AF%E6%9C%AC.jpg?resize=1050%2C600&ssl=1 3x"},"classes":[]}],"amp_enabled":true,"_links":{"self":[{"href":"https:\/\/believeindustry.company\/es\/wp-json\/wp\/v2\/pages\/1003","targetHints":{"allow":["GET"]}}],"collection":[{"href":"https:\/\/believeindustry.company\/es\/wp-json\/wp\/v2\/pages"}],"about":[{"href":"https:\/\/believeindustry.company\/es\/wp-json\/wp\/v2\/types\/page"}],"author":[{"embeddable":true,"href":"https:\/\/believeindustry.company\/es\/wp-json\/wp\/v2\/users\/2"}],"replies":[{"embeddable":true,"href":"https:\/\/believeindustry.company\/es\/wp-json\/wp\/v2\/comments?post=1003"}],"version-history":[{"count":1,"href":"https:\/\/believeindustry.company\/es\/wp-json\/wp\/v2\/pages\/1003\/revisions"}],"predecessor-version":[{"id":19719,"href":"https:\/\/believeindustry.company\/es\/wp-json\/wp\/v2\/pages\/1003\/revisions\/19719"}],"up":[{"embeddable":true,"href":"https:\/\/believeindustry.company\/es\/wp-json\/wp\/v2\/pages\/724"}],"wp:featuredmedia":[{"embeddable":true,"href":"https:\/\/believeindustry.company\/es\/wp-json\/wp\/v2\/media\/1204"}],"wp:attachment":[{"href":"https:\/\/believeindustry.company\/es\/wp-json\/wp\/v2\/media?parent=1003"}],"wp:term":[{"taxonomy":"post_tag","embeddable":true,"href":"https:\/\/believeindustry.company\/es\/wp-json\/wp\/v2\/tags?post=1003"}],"curies":[{"name":"wp","href":"https:\/\/api.w.org\/{rel}","templated":true}]}}