{"id":1277,"date":"2018-04-16T16:10:20","date_gmt":"2018-04-16T08:10:20","guid":{"rendered":"https:\/\/believeindustry.company\/?page_id=1277"},"modified":"2019-05-06T15:16:54","modified_gmt":"2019-05-06T07:16:54","slug":"video-de-la-maquina-formadora-de-rodillos-para-tejas-metalicas","status":"publish","type":"page","link":"https:\/\/believeindustry.company\/es\/video\/metal-tile-roll-forming-machine-video\/","title":{"rendered":"V\u00eddeo de la m\u00e1quina formadora de rodillos para tejas met\u00e1licas"},"content":{"rendered":"<p>El v\u00eddeo de la m\u00e1quina formadora de rodillos para tejas met\u00e1licas le permitir\u00e1 comprender f\u00e1cilmente c\u00f3mo funciona la m\u00e1quina y c\u00f3mo operarla.<br>\n<\/p>\n\n\n\n<!--more-->\n\n\n\n<p><a href=\"https:\/\/believeindustry.company\/es\/contactanos\/\">Cont\u00e1ctanos<\/a> Para obtener m\u00e1s detalles sobre la m\u00e1quina formadora de rodillos para tejas met\u00e1licas<\/p>\n\n\n<div class=\"epyt-gallery\" data-currpage=\"1\" id=\"epyt_gallery_79176\"><figure class=\"wp-block-embed wp-block-embed-youtube is-type-video is-provider-youtube epyt-figure\"><div class=\"wp-block-embed__wrapper\"><iframe  id=\"_ytid_48152\"  width=\"1290\" height=\"726\"  data-origwidth=\"1290\" data-origheight=\"726\" src=\"https:\/\/www.youtube.com\/embed\/r1zlYPkPJt0?enablejsapi=1&autoplay=0&cc_load_policy=0&cc_lang_pref=&iv_load_policy=1&loop=0&rel=1&fs=1&playsinline=0&autohide=2&theme=dark&color=red&controls=1&disablekb=0&\" class=\"__youtube_prefs__  no-lazyload\" title=\"Reproductor de YouTube\"  data-epytgalleryid=\"epyt_gallery_79176\"  allow=\"fullscreen; accelerometer; autoplay; clipboard-write; encrypted-media; gyroscope; picture-in-picture; web-share\" referrerpolicy=\"strict-origin-when-cross-origin\" allowfullscreen data-no-lazy=\"1\" data-skipgform_ajax_framebjll=\"\"><\/iframe><\/div><\/figure><div class=\"epyt-gallery-subscribe\"><a target=\"_blank\" class=\"epyt-gallery-subbutton\" href=\"https:\/\/www.youtube.com\/channel\/UC-yZD2eqy_NPQTl0tvGVnsw?sub_confirmation=1\" rel=\"noopener\"><img decoding=\"async\" alt=\"suscribir\" src=\"https:\/\/believeindustry.company\/wp-content\/plugins\/youtube-embed-plus\/images\/play-subscribe.png\" \/>Suscr\u00edbete a mi canal<\/a><\/div><div class=\"epyt-gallery-list\"><div class=\"epyt-pagination\"><div tabindex=\"0\" role=\"button\" class=\"epyt-pagebutton epyt-prev  hide\" data-playlistid=\"PLIdLHSelevdJWsA82UFfaBjGcl5wTt8m-\" data-pagesize=\"9\" data-pagetoken=\"\" data-epcolumns=\"3\" data-showtitle=\"1\" data-showpaging=\"1\" data-autonext=\"0\" data-thumbplay=\"1\"><div class=\"epyt-arrow\">\u00ab<\/div> <div>Anterior<\/div><\/div><div class=\"epyt-pagenumbers hide\"><div class=\"epyt-current\">1<\/div><div class=\"epyt-pageseparator\"> \/ <\/div><div class=\"epyt-totalpages\">1<\/div><\/div><div tabindex=\"0\" role=\"button\" class=\"epyt-pagebutton epyt-next hide\" data-playlistid=\"PLIdLHSelevdJWsA82UFfaBjGcl5wTt8m-\" data-pagesize=\"9\" data-pagetoken=\"\" data-epcolumns=\"3\" data-showtitle=\"1\" data-showpaging=\"1\" data-autonext=\"0\" data-thumbplay=\"1\"><div>Pr\u00f3ximo<\/div> <div class=\"epyt-arrow\">\u00bb<\/div><\/div><div class=\"epyt-loader\"><img decoding=\"async\" alt=\"cargando\" width=\"16\" height=\"11\" src=\"https:\/\/believeindustry.company\/wp-content\/plugins\/youtube-embed-plus\/images\/gallery-page-loader.gif\"><\/div><\/div><div class=\"epyt-gallery-allthumbs  epyt-cols-3\"><div tabindex=\"0\" role=\"button\" data-videoid=\"r1zlYPkPJt0\" class=\"epyt-gallery-thumb\"><div class=\"epyt-gallery-img-box\"><div class=\"epyt-gallery-img\" style=\"background-image: url(https:\/\/i.ytimg.com\/vi\/r1zlYPkPJt0\/hqdefault.jpg)\"><div class=\"epyt-gallery-playhover\"><img decoding=\"async\" alt=\"jugar\" class=\"epyt-play-img\" width=\"30\" height=\"23\" src=\"https:\/\/believeindustry.company\/wp-content\/plugins\/youtube-embed-plus\/images\/playhover.png\" data-no-lazy=\"1\" data-skipgform_ajax_framebjll=\"\" \/><div class=\"epyt-gallery-playcrutch\"><\/div><\/div><\/div><\/div><div class=\"epyt-gallery-title\">M\u00e1quina perfiladora de doble capa\/M\u00e1quina perfiladora de capas d\u00faplex. M\u00e1quina perfiladora de tejas met\u00e1licas.<\/div><\/div><div tabindex=\"0\" role=\"button\" data-videoid=\"M8jSS3dEEME\" class=\"epyt-gallery-thumb\"><div class=\"epyt-gallery-img-box\"><div class=\"epyt-gallery-img\" style=\"background-image: url(https:\/\/i.ytimg.com\/vi\/M8jSS3dEEME\/hqdefault.jpg)\"><div class=\"epyt-gallery-playhover\"><img decoding=\"async\" alt=\"jugar\" class=\"epyt-play-img\" width=\"30\" height=\"23\" src=\"https:\/\/believeindustry.company\/wp-content\/plugins\/youtube-embed-plus\/images\/playhover.png\" data-no-lazy=\"1\" data-skipgform_ajax_framebjll=\"\" \/><div class=\"epyt-gallery-playcrutch\"><\/div><\/div><\/div><\/div><div class=\"epyt-gallery-title\">M\u00e1quina formadora de rodillos para azulejos esmaltados | Believe Industry Company<\/div><\/div><div tabindex=\"0\" role=\"button\" data-videoid=\"_ap30CsCry4\" class=\"epyt-gallery-thumb\"><div class=\"epyt-gallery-img-box\"><div class=\"epyt-gallery-img\" style=\"background-image: url(https:\/\/i.ytimg.com\/vi\/_ap30CsCry4\/hqdefault.jpg)\"><div class=\"epyt-gallery-playhover\"><img decoding=\"async\" alt=\"jugar\" class=\"epyt-play-img\" width=\"30\" height=\"23\" src=\"https:\/\/believeindustry.company\/wp-content\/plugins\/youtube-embed-plus\/images\/playhover.png\" data-no-lazy=\"1\" data-skipgform_ajax_framebjll=\"\" \/><div class=\"epyt-gallery-playcrutch\"><\/div><\/div><\/div><\/div><div class=\"epyt-gallery-title\">M\u00e1quina formadora de rodillos para tejas met\u00e1licas Beli-1000<\/div><\/div><div class=\"epyt-gallery-rowbreak\"><\/div><div tabindex=\"0\" role=\"button\" data-videoid=\"NhWhEUqVTJA\" class=\"epyt-gallery-thumb\"><div class=\"epyt-gallery-img-box\"><div class=\"epyt-gallery-img\" style=\"background-image: url(https:\/\/i.ytimg.com\/vi\/NhWhEUqVTJA\/hqdefault.jpg)\"><div class=\"epyt-gallery-playhover\"><img decoding=\"async\" alt=\"jugar\" class=\"epyt-play-img\" width=\"30\" height=\"23\" src=\"https:\/\/believeindustry.company\/wp-content\/plugins\/youtube-embed-plus\/images\/playhover.png\" data-no-lazy=\"1\" data-skipgform_ajax_framebjll=\"\" \/><div class=\"epyt-gallery-playcrutch\"><\/div><\/div><\/div><\/div><div class=\"epyt-gallery-title\">M\u00e1quina perfiladora de tejas met\u00e1licas | Believe Industry Company<\/div><\/div><div tabindex=\"0\" role=\"button\" data-videoid=\"VHRjNir5J4I\" class=\"epyt-gallery-thumb\"><div class=\"epyt-gallery-img-box\"><div class=\"epyt-gallery-img\" style=\"background-image: url(https:\/\/i.ytimg.com\/vi\/VHRjNir5J4I\/hqdefault.jpg)\"><div class=\"epyt-gallery-playhover\"><img decoding=\"async\" alt=\"jugar\" class=\"epyt-play-img\" width=\"30\" height=\"23\" src=\"https:\/\/believeindustry.company\/wp-content\/plugins\/youtube-embed-plus\/images\/playhover.png\" data-no-lazy=\"1\" data-skipgform_ajax_framebjll=\"\" \/><div class=\"epyt-gallery-playcrutch\"><\/div><\/div><\/div><\/div><div class=\"epyt-gallery-title\">M\u00e1quina perfiladora de tejas met\u00e1licas de dise\u00f1o m\u00e1s reciente | Believe Industry<\/div><\/div><div tabindex=\"0\" role=\"button\" data-videoid=\"WPBBgJzyfwo\" class=\"epyt-gallery-thumb\"><div class=\"epyt-gallery-img-box\"><div class=\"epyt-gallery-img\" style=\"background-image: url(https:\/\/i.ytimg.com\/vi\/WPBBgJzyfwo\/hqdefault.jpg)\"><div class=\"epyt-gallery-playhover\"><img decoding=\"async\" alt=\"jugar\" class=\"epyt-play-img\" width=\"30\" height=\"23\" src=\"https:\/\/believeindustry.company\/wp-content\/plugins\/youtube-embed-plus\/images\/playhover.png\" data-no-lazy=\"1\" data-skipgform_ajax_framebjll=\"\" \/><div class=\"epyt-gallery-playcrutch\"><\/div><\/div><\/div><\/div><div class=\"epyt-gallery-title\">M\u00e1quina perfiladora de cumbreras\/remates de cumbrera, perfiladora de tejas para cumbreras.<\/div><\/div><div class=\"epyt-gallery-rowbreak\"><\/div><div tabindex=\"0\" role=\"button\" data-videoid=\"djQtgLqX1L4\" class=\"epyt-gallery-thumb\"><div class=\"epyt-gallery-img-box\"><div class=\"epyt-gallery-img\" style=\"background-image: url(https:\/\/i.ytimg.com\/vi\/djQtgLqX1L4\/hqdefault.jpg)\"><div class=\"epyt-gallery-playhover\"><img decoding=\"async\" alt=\"jugar\" class=\"epyt-play-img\" width=\"30\" height=\"23\" src=\"https:\/\/believeindustry.company\/wp-content\/plugins\/youtube-embed-plus\/images\/playhover.png\" data-no-lazy=\"1\" data-skipgform_ajax_framebjll=\"\" \/><div class=\"epyt-gallery-playcrutch\"><\/div><\/div><\/div><\/div><div class=\"epyt-gallery-title\">V\u00eddeo de la m\u00e1quina formadora de rodillos de doble capa para tejas met\u00e1licas<\/div><\/div><div tabindex=\"0\" role=\"button\" data-videoid=\"QwF0S0Gbjj0\" class=\"epyt-gallery-thumb\"><div class=\"epyt-gallery-img-box\"><div class=\"epyt-gallery-img\" style=\"background-image: url(https:\/\/i.ytimg.com\/vi\/QwF0S0Gbjj0\/hqdefault.jpg)\"><div class=\"epyt-gallery-playhover\"><img decoding=\"async\" alt=\"jugar\" class=\"epyt-play-img\" width=\"30\" height=\"23\" src=\"https:\/\/believeindustry.company\/wp-content\/plugins\/youtube-embed-plus\/images\/playhover.png\" data-no-lazy=\"1\" data-skipgform_ajax_framebjll=\"\" \/><div class=\"epyt-gallery-playcrutch\"><\/div><\/div><\/div><\/div><div class=\"epyt-gallery-title\">M\u00e1quina perfiladora de l\u00e1minas met\u00e1licas para techos Believe Industry Company<\/div><\/div><div class=\"epyt-gallery-clear\"><\/div><\/div><div class=\"epyt-pagination\"><div tabindex=\"0\" role=\"button\" class=\"epyt-pagebutton epyt-prev  hide\" data-playlistid=\"PLIdLHSelevdJWsA82UFfaBjGcl5wTt8m-\" data-pagesize=\"9\" data-pagetoken=\"\" data-epcolumns=\"3\" data-showtitle=\"1\" data-showpaging=\"1\" data-autonext=\"0\" data-thumbplay=\"1\"><div class=\"epyt-arrow\">\u00ab<\/div> <div>Anterior<\/div><\/div><div class=\"epyt-pagenumbers hide\"><div class=\"epyt-current\">1<\/div><div class=\"epyt-pageseparator\"> \/ <\/div><div class=\"epyt-totalpages\">1<\/div><\/div><div tabindex=\"0\" role=\"button\" class=\"epyt-pagebutton epyt-next hide\" data-playlistid=\"PLIdLHSelevdJWsA82UFfaBjGcl5wTt8m-\" data-pagesize=\"9\" data-pagetoken=\"\" data-epcolumns=\"3\" data-showtitle=\"1\" data-showpaging=\"1\" data-autonext=\"0\" data-thumbplay=\"1\"><div>Pr\u00f3ximo<\/div> <div class=\"epyt-arrow\">\u00bb<\/div><\/div><div class=\"epyt-loader\"><img decoding=\"async\" alt=\"cargando\" width=\"16\" height=\"11\" src=\"https:\/\/believeindustry.company\/wp-content\/plugins\/youtube-embed-plus\/images\/gallery-page-loader.gif\"><\/div><\/div><\/div><\/div>","protected":false},"excerpt":{"rendered":"<p>El v\u00eddeo de la m\u00e1quina formadora de rodillos para tejas met\u00e1licas le permitir\u00e1 comprender f\u00e1cilmente c\u00f3mo funciona la m\u00e1quina y c\u00f3mo operarla.<\/p>","protected":false},"author":2,"featured_media":1618,"parent":1272,"menu_order":2,"comment_status":"closed","ping_status":"closed","template":"","meta":{"_angie_page":false,"footnotes":"","big_sky_generated":false},"tags":[607846711,607846744,607846743,607848005],"class_list":["post-1277","page","type-page","status-publish","has-post-thumbnail","hentry","tag-metal-tile-roll-forming-machine","tag-metal-tile-roll-forming-machine-video","tag-roll-forming-machine-video","tag-video"],"blocksy_meta":[],"jetpack_sharing_enabled":true,"jetpack_shortlink":"https:\/\/wp.me\/P9K5n8-kB","jetpack_likes_enabled":false,"jetpack-related-posts":[{"id":3494,"url":"https:\/\/believeindustry.company\/es\/metal-glazed-tile-roll-forming-machine-video-2\/","url_meta":{"origin":1277,"position":0},"title":"V\u00eddeo de la m\u00e1quina formadora de rollos para tejas met\u00e1licas esmaltadas","author":"Believe Industry Group","date":"diciembre 5, 2018","format":false,"excerpt":"https:\/\/believeindustry.company\/wp-content\/uploads\/2018\/12\/metal-glazed-tile-roll-forming-machine.mp4 The Metal Glazed Tile Roll Forming Machine Video will show you how the metal glazed tile roll forming machine working.\u00a0 Metal Tile Roll Forming Machine Components 5 Ton Hydraulic UncoilerFeeder and Guider Device. Pre-cutting DeviceChromed Guider Pillar Roll Forming MillOne-body Punch and Cutting DeviceControlled BoxHydraulic StationCollection Table Believe Industry\u2026","rel":"","context":"Entrada similar","block_context":{"text":"Entrada similar","link":""},"img":{"alt_text":"Metal Glazed Tile Roll Forming Machine Video","src":"https:\/\/i0.wp.com\/believeindustry.company\/wp-content\/uploads\/2018\/12\/metal-glazed-tile-roll-forming-machine-video-.jpg?resize=350%2C200&ssl=1","width":350,"height":200,"srcset":"https:\/\/i0.wp.com\/believeindustry.company\/wp-content\/uploads\/2018\/12\/metal-glazed-tile-roll-forming-machine-video-.jpg?resize=350%2C200&ssl=1 1x, https:\/\/i0.wp.com\/believeindustry.company\/wp-content\/uploads\/2018\/12\/metal-glazed-tile-roll-forming-machine-video-.jpg?resize=525%2C300&ssl=1 1.5x, https:\/\/i0.wp.com\/believeindustry.company\/wp-content\/uploads\/2018\/12\/metal-glazed-tile-roll-forming-machine-video-.jpg?resize=700%2C400&ssl=1 2x, https:\/\/i0.wp.com\/believeindustry.company\/wp-content\/uploads\/2018\/12\/metal-glazed-tile-roll-forming-machine-video-.jpg?resize=1050%2C600&ssl=1 3x"},"classes":[]},{"id":777,"url":"https:\/\/believeindustry.company\/es\/roll-forming-machine\/metal-sheet-roll-forming-machine\/metal-roof-tile-roll-forming-machine\/","url_meta":{"origin":1277,"position":1},"title":"M\u00e1quina perfiladora de tejas met\u00e1licas","author":"Believe Industry Group","date":"marzo 29, 2018","format":false,"excerpt":"Metal Roof Tile Roll Forming Machine\u00a0is for producing the metal tiles which is similar to traditional tiles. While the quality and life is better. Introduction of Metal Roof Tile Roll Forming Machine Roof Tiles\u00a0are to keep out rain. And traditional made from locally available materials such as slate and terracotta.\u2026","rel":"","context":"En \u00abConstruction and Steel Structure\u00bb","block_context":{"text":"Construction and Steel Structure","link":"https:\/\/believeindustry.company\/es\/tag\/construction-and-steel-structure\/"},"img":{"alt_text":"roof tile roll forming machine","src":"https:\/\/i0.wp.com\/believeindustry.company\/wp-content\/uploads\/2018\/04\/roof-tile-roll-forming-machine-e1522726193554.jpg?resize=350%2C200&ssl=1","width":350,"height":200,"srcset":"https:\/\/i0.wp.com\/believeindustry.company\/wp-content\/uploads\/2018\/04\/roof-tile-roll-forming-machine-e1522726193554.jpg?resize=350%2C200&ssl=1 1x, https:\/\/i0.wp.com\/believeindustry.company\/wp-content\/uploads\/2018\/04\/roof-tile-roll-forming-machine-e1522726193554.jpg?resize=525%2C300&ssl=1 1.5x, https:\/\/i0.wp.com\/believeindustry.company\/wp-content\/uploads\/2018\/04\/roof-tile-roll-forming-machine-e1522726193554.jpg?resize=700%2C400&ssl=1 2x, https:\/\/i0.wp.com\/believeindustry.company\/wp-content\/uploads\/2018\/04\/roof-tile-roll-forming-machine-e1522726193554.jpg?resize=1050%2C600&ssl=1 3x"},"classes":[]},{"id":3148,"url":"https:\/\/believeindustry.company\/es\/roll-forming-machine\/metal-sheet-roll-forming-machine\/glazed-tile-roll-forming-machine\/","url_meta":{"origin":1277,"position":2},"title":"M\u00e1quina formadora de rollos de azulejos esmaltados","author":"Believe Industry Group","date":"octubre 15, 2018","format":false,"excerpt":"Glazed Tile Roll Forming Machine is for produce metal glazed tiles as desired drawings. Believe Industry Company new design tile machine speed can be up to 6m per minute. Glazed Tile Roll Forming Machine Machine Components Hydraulic Uncoiler Guider and Feeder Pre-cutter Roll Forming Mill One-body Hydraulic Punching and\u00a0Cutting Device\u2026","rel":"","context":"En \u00abConstruction and Steel Structure\u00bb","block_context":{"text":"Construction and Steel Structure","link":"https:\/\/believeindustry.company\/es\/tag\/construction-and-steel-structure\/"},"img":{"alt_text":"glazed tile roll forming machine","src":"https:\/\/i0.wp.com\/believeindustry.company\/wp-content\/uploads\/2018\/10\/glazed-tile-roll-forming-machine-line-.jpg?resize=350%2C200&ssl=1","width":350,"height":200,"srcset":"https:\/\/i0.wp.com\/believeindustry.company\/wp-content\/uploads\/2018\/10\/glazed-tile-roll-forming-machine-line-.jpg?resize=350%2C200&ssl=1 1x, https:\/\/i0.wp.com\/believeindustry.company\/wp-content\/uploads\/2018\/10\/glazed-tile-roll-forming-machine-line-.jpg?resize=525%2C300&ssl=1 1.5x, https:\/\/i0.wp.com\/believeindustry.company\/wp-content\/uploads\/2018\/10\/glazed-tile-roll-forming-machine-line-.jpg?resize=700%2C400&ssl=1 2x, https:\/\/i0.wp.com\/believeindustry.company\/wp-content\/uploads\/2018\/10\/glazed-tile-roll-forming-machine-line-.jpg?resize=1050%2C600&ssl=1 3x"},"classes":[]},{"id":724,"url":"https:\/\/believeindustry.company\/es\/roll-forming-machine\/metal-sheet-roll-forming-machine\/","url_meta":{"origin":1277,"position":3},"title":"M\u00e1quina perfiladora de chapa met\u00e1lica","author":"Believe Industry Group","date":"marzo 28, 2018","format":false,"excerpt":"Metal Sheet Roll Forming Machines, also named Steel Sheet Roll Forming Machines are widely used in Steel Structure Systems Manufacturers or Builders.Believe Industry Company have full range of Metal Sheet Roll Forming Machine to produce Roof Panels, Wall Cladding Sheets, Step Tiles with different types. Such as: Standing seamming Panel.\u2026","rel":"","context":"En \u00abbelieve industry machine\u00bb","block_context":{"text":"believe industry machine","link":"https:\/\/believeindustry.company\/es\/tag\/believe-industry-machine\/"},"img":{"alt_text":"sheet roll forming machine","src":"https:\/\/i0.wp.com\/believeindustry.company\/wp-content\/uploads\/2018\/03\/metal-sheet-roll-forming-machine.jpg?resize=350%2C200&ssl=1","width":350,"height":200,"srcset":"https:\/\/i0.wp.com\/believeindustry.company\/wp-content\/uploads\/2018\/03\/metal-sheet-roll-forming-machine.jpg?resize=350%2C200&ssl=1 1x, https:\/\/i0.wp.com\/believeindustry.company\/wp-content\/uploads\/2018\/03\/metal-sheet-roll-forming-machine.jpg?resize=525%2C300&ssl=1 1.5x, https:\/\/i0.wp.com\/believeindustry.company\/wp-content\/uploads\/2018\/03\/metal-sheet-roll-forming-machine.jpg?resize=700%2C400&ssl=1 2x"},"classes":[]},{"id":2353,"url":"https:\/\/believeindustry.company\/es\/roll-forming-machine\/metal-sheet-roll-forming-machine\/monterey-v1100-tile-roll-forming-machine-for-sale\/","url_meta":{"origin":1277,"position":4},"title":"M\u00e1quina formadora de rodillos para azulejos Monterey V1100","author":"Believe Industry Group","date":"junio 25, 2018","format":false,"excerpt":"Believe Industry have different design of \u00a0Monterey V1100 Tile Roll Forming Machine for sale \u00a0and all the machines are fully customized. Monterey V1100 Tile Roll Forming Machine For Sale What's Monterey V1100? Monterey V1100 is a very famous tile profile which is widely used in Russian. As usual, the tiles\u2026","rel":"","context":"En \u00abConstruction and Steel Structure\u00bb","block_context":{"text":"Construction and Steel Structure","link":"https:\/\/believeindustry.company\/es\/tag\/construction-and-steel-structure\/"},"img":{"alt_text":"Monterey V1100 Tile Roll Forming Machine","src":"https:\/\/i0.wp.com\/believeindustry.company\/wp-content\/uploads\/2018\/06\/The-Monterey-V1100-Tile-Roll-Forming-Machine.jpg?resize=350%2C200&ssl=1","width":350,"height":200,"srcset":"https:\/\/i0.wp.com\/believeindustry.company\/wp-content\/uploads\/2018\/06\/The-Monterey-V1100-Tile-Roll-Forming-Machine.jpg?resize=350%2C200&ssl=1 1x, https:\/\/i0.wp.com\/believeindustry.company\/wp-content\/uploads\/2018\/06\/The-Monterey-V1100-Tile-Roll-Forming-Machine.jpg?resize=525%2C300&ssl=1 1.5x, https:\/\/i0.wp.com\/believeindustry.company\/wp-content\/uploads\/2018\/06\/The-Monterey-V1100-Tile-Roll-Forming-Machine.jpg?resize=700%2C400&ssl=1 2x, https:\/\/i0.wp.com\/believeindustry.company\/wp-content\/uploads\/2018\/06\/The-Monterey-V1100-Tile-Roll-Forming-Machine.jpg?resize=1050%2C600&ssl=1 3x"},"classes":[]},{"id":991,"url":"https:\/\/believeindustry.company\/es\/roll-forming-machine\/metal-sheet-roll-forming-machine\/roof-ridge-cap-roll-forming-machine\/","url_meta":{"origin":1277,"position":5},"title":"M\u00e1quina perfiladora de cumbreras","author":"Believe Industry Group","date":"abril 9, 2018","format":false,"excerpt":"The Ridge Cap Roll Forming Machine is an essential piece of equipment for producing high-quality roof ridge caps used in modern steel building systems. At Beli RollForming, we specialize in manufacturing durable and efficient machines that cater to the global construction market. As a leading manufacturer and exporter in China,\u2026","rel":"","context":"En \u00abConstruction and Steel Structure\u00bb","block_context":{"text":"Construction and Steel Structure","link":"https:\/\/believeindustry.company\/es\/tag\/construction-and-steel-structure\/"},"img":{"alt_text":"Industrial roof tile ridge cap roll forming machine for manufacturing roof ridge caps, featuring control panel and steel roll forming components","src":"https:\/\/i0.wp.com\/believeindustry.company\/wp-content\/uploads\/2025\/12\/ridge-cap-roll-forming-machine.webp?resize=350%2C200&ssl=1","width":350,"height":200,"srcset":"https:\/\/i0.wp.com\/believeindustry.company\/wp-content\/uploads\/2025\/12\/ridge-cap-roll-forming-machine.webp?resize=350%2C200&ssl=1 1x, https:\/\/i0.wp.com\/believeindustry.company\/wp-content\/uploads\/2025\/12\/ridge-cap-roll-forming-machine.webp?resize=525%2C300&ssl=1 1.5x, https:\/\/i0.wp.com\/believeindustry.company\/wp-content\/uploads\/2025\/12\/ridge-cap-roll-forming-machine.webp?resize=700%2C400&ssl=1 2x, https:\/\/i0.wp.com\/believeindustry.company\/wp-content\/uploads\/2025\/12\/ridge-cap-roll-forming-machine.webp?resize=1050%2C600&ssl=1 3x, https:\/\/i0.wp.com\/believeindustry.company\/wp-content\/uploads\/2025\/12\/ridge-cap-roll-forming-machine.webp?resize=1400%2C800&ssl=1 4x"},"classes":[]}],"amp_enabled":true,"_links":{"self":[{"href":"https:\/\/believeindustry.company\/es\/wp-json\/wp\/v2\/pages\/1277","targetHints":{"allow":["GET"]}}],"collection":[{"href":"https:\/\/believeindustry.company\/es\/wp-json\/wp\/v2\/pages"}],"about":[{"href":"https:\/\/believeindustry.company\/es\/wp-json\/wp\/v2\/types\/page"}],"author":[{"embeddable":true,"href":"https:\/\/believeindustry.company\/es\/wp-json\/wp\/v2\/users\/2"}],"replies":[{"embeddable":true,"href":"https:\/\/believeindustry.company\/es\/wp-json\/wp\/v2\/comments?post=1277"}],"version-history":[{"count":0,"href":"https:\/\/believeindustry.company\/es\/wp-json\/wp\/v2\/pages\/1277\/revisions"}],"up":[{"embeddable":true,"href":"https:\/\/believeindustry.company\/es\/wp-json\/wp\/v2\/pages\/1272"}],"wp:featuredmedia":[{"embeddable":true,"href":"https:\/\/believeindustry.company\/es\/wp-json\/wp\/v2\/media\/1618"}],"wp:attachment":[{"href":"https:\/\/believeindustry.company\/es\/wp-json\/wp\/v2\/media?parent=1277"}],"wp:term":[{"taxonomy":"post_tag","embeddable":true,"href":"https:\/\/believeindustry.company\/es\/wp-json\/wp\/v2\/tags?post=1277"}],"curies":[{"name":"wp","href":"https:\/\/api.w.org\/{rel}","templated":true}]}}