{"id":1281,"date":"2018-04-16T16:37:27","date_gmt":"2018-04-16T08:37:27","guid":{"rendered":"https:\/\/believeindustry.company\/?page_id=1281"},"modified":"2024-04-01T11:17:21","modified_gmt":"2024-04-01T03:17:21","slug":"video-de-la-maquina-perfiladora-de-chapa-metalica","status":"publish","type":"page","link":"https:\/\/believeindustry.company\/es\/video\/metal-sheet-roll-forming-machine-video\/","title":{"rendered":"V\u00eddeo de la m\u00e1quina perfiladora de chapa met\u00e1lica"},"content":{"rendered":"<p>A trav\u00e9s del v\u00eddeo de la m\u00e1quina perfiladora de chapa met\u00e1lica, podr\u00e1 comprender f\u00e1cilmente c\u00f3mo funcionan las m\u00e1quinas y tambi\u00e9n los diferentes dise\u00f1os de m\u00e1quinas para fabricar chapas met\u00e1licas para techos.<\/p>\n\n\n\n<!--more-->\n\n\n\n<p><a href=\"https:\/\/believeindustry.company\/es\/contactanos\/\">Cont\u00e1ctanos<\/a> Para obtener m\u00e1s detalles sobre <a href=\"http:\/\/www.belirollform.com\" target=\"_blank\" rel=\"noopener\">Compa\u00f1\u00eda de la Industria Believe<\/a>\u00a0 m\u00e1quinas.<\/p>\n\n\n<div class=\"epyt-gallery\" data-currpage=\"1\" id=\"epyt_gallery_91279\"><figure class=\"wp-block-embed wp-block-embed-youtube is-type-video is-provider-youtube epyt-figure\"><div class=\"wp-block-embed__wrapper\"><iframe  id=\"_ytid_26633\"  width=\"1290\" height=\"726\"  data-origwidth=\"1290\" data-origheight=\"726\" src=\"https:\/\/www.youtube.com\/embed\/lvegngVmtTw?enablejsapi=1&autoplay=0&cc_load_policy=0&cc_lang_pref=&iv_load_policy=1&loop=0&rel=1&fs=1&playsinline=0&autohide=2&theme=dark&color=red&controls=1&disablekb=0&\" class=\"__youtube_prefs__  no-lazyload\" title=\"Reproductor de YouTube\"  data-epytgalleryid=\"epyt_gallery_91279\"  allow=\"fullscreen; accelerometer; autoplay; clipboard-write; encrypted-media; gyroscope; picture-in-picture; web-share\" referrerpolicy=\"strict-origin-when-cross-origin\" allowfullscreen data-no-lazy=\"1\" data-skipgform_ajax_framebjll=\"\"><\/iframe><\/div><\/figure><div class=\"epyt-gallery-subscribe\"><a target=\"_blank\" class=\"epyt-gallery-subbutton\" href=\"https:\/\/www.youtube.com\/channel\/UC-yZD2eqy_NPQTl0tvGVnsw?sub_confirmation=1\" rel=\"noopener\"><img decoding=\"async\" alt=\"suscribir\" src=\"https:\/\/believeindustry.company\/wp-content\/plugins\/youtube-embed-plus\/images\/play-subscribe.png\" \/>Suscr\u00edbete a mi canal<\/a><\/div><div class=\"epyt-gallery-list\"><div class=\"epyt-pagination\"><div tabindex=\"0\" role=\"button\" class=\"epyt-pagebutton epyt-prev  hide\" data-playlistid=\"PLIdLHSelevdKOglpDRT95_ODcBogmO8uR\" data-pagesize=\"9\" data-pagetoken=\"\" data-epcolumns=\"3\" data-showtitle=\"1\" data-showpaging=\"1\" data-autonext=\"0\" data-thumbplay=\"1\"><div class=\"epyt-arrow\">\u00ab<\/div> <div>Anterior<\/div><\/div><div class=\"epyt-pagenumbers\"><div class=\"epyt-current\">1<\/div><div class=\"epyt-pageseparator\"> \/ <\/div><div class=\"epyt-totalpages\">2<\/div><\/div><div tabindex=\"0\" role=\"button\" class=\"epyt-pagebutton epyt-next\" data-playlistid=\"PLIdLHSelevdKOglpDRT95_ODcBogmO8uR\" data-pagesize=\"9\" data-pagetoken=\"EAAaHlBUOkNBa2lFRE13T0RreVJEa3dSVU13UXpVMU9EWQ\" data-epcolumns=\"3\" data-showtitle=\"1\" data-showpaging=\"1\" data-autonext=\"0\" data-thumbplay=\"1\"><div>Pr\u00f3ximo<\/div> <div class=\"epyt-arrow\">\u00bb<\/div><\/div><div class=\"epyt-loader\"><img decoding=\"async\" alt=\"cargando\" width=\"16\" height=\"11\" src=\"https:\/\/believeindustry.company\/wp-content\/plugins\/youtube-embed-plus\/images\/gallery-page-loader.gif\"><\/div><\/div><div class=\"epyt-gallery-allthumbs  epyt-cols-3\"><div tabindex=\"0\" role=\"button\" data-videoid=\"lvegngVmtTw\" class=\"epyt-gallery-thumb\"><div class=\"epyt-gallery-img-box\"><div class=\"epyt-gallery-img\" style=\"background-image: url(https:\/\/i.ytimg.com\/vi\/lvegngVmtTw\/hqdefault.jpg)\"><div class=\"epyt-gallery-playhover\"><img decoding=\"async\" alt=\"jugar\" class=\"epyt-play-img\" width=\"30\" height=\"23\" src=\"https:\/\/believeindustry.company\/wp-content\/plugins\/youtube-embed-plus\/images\/playhover.png\" data-no-lazy=\"1\" data-skipgform_ajax_framebjll=\"\" \/><div class=\"epyt-gallery-playcrutch\"><\/div><\/div><\/div><\/div><div class=\"epyt-gallery-title\">M\u00e1quina perfiladora de l\u00e1minas para techos IBR Sud\u00e1frica<\/div><\/div><div tabindex=\"0\" role=\"button\" data-videoid=\"JQmw6kDTL0M\" class=\"epyt-gallery-thumb\"><div class=\"epyt-gallery-img-box\"><div class=\"epyt-gallery-img\" style=\"background-image: url(https:\/\/i.ytimg.com\/vi\/JQmw6kDTL0M\/hqdefault.jpg)\"><div class=\"epyt-gallery-playhover\"><img decoding=\"async\" alt=\"jugar\" class=\"epyt-play-img\" width=\"30\" height=\"23\" src=\"https:\/\/believeindustry.company\/wp-content\/plugins\/youtube-embed-plus\/images\/playhover.png\" data-no-lazy=\"1\" data-skipgform_ajax_framebjll=\"\" \/><div class=\"epyt-gallery-playcrutch\"><\/div><\/div><\/div><\/div><div class=\"epyt-gallery-title\">M\u00e1quina formadora de rollos de l\u00e1mina ondulada, Believe Industry para el mercado sudafricano<\/div><\/div><div tabindex=\"0\" role=\"button\" data-videoid=\"3t8TvMjMaVY\" class=\"epyt-gallery-thumb\"><div class=\"epyt-gallery-img-box\"><div class=\"epyt-gallery-img\" style=\"background-image: url(https:\/\/i.ytimg.com\/vi\/3t8TvMjMaVY\/hqdefault.jpg)\"><div class=\"epyt-gallery-playhover\"><img decoding=\"async\" alt=\"jugar\" class=\"epyt-play-img\" width=\"30\" height=\"23\" src=\"https:\/\/believeindustry.company\/wp-content\/plugins\/youtube-embed-plus\/images\/playhover.png\" data-no-lazy=\"1\" data-skipgform_ajax_framebjll=\"\" \/><div class=\"epyt-gallery-playcrutch\"><\/div><\/div><\/div><\/div><div class=\"epyt-gallery-title\">M\u00e1quina perfiladora de l\u00e1minas met\u00e1licas para techos | Believe Industry Company<\/div><\/div><div class=\"epyt-gallery-rowbreak\"><\/div><div tabindex=\"0\" role=\"button\" data-videoid=\"GXeihsNLedI\" class=\"epyt-gallery-thumb\"><div class=\"epyt-gallery-img-box\"><div class=\"epyt-gallery-img\" style=\"background-image: url(https:\/\/i.ytimg.com\/vi\/GXeihsNLedI\/hqdefault.jpg)\"><div class=\"epyt-gallery-playhover\"><img decoding=\"async\" alt=\"jugar\" class=\"epyt-play-img\" width=\"30\" height=\"23\" src=\"https:\/\/believeindustry.company\/wp-content\/plugins\/youtube-embed-plus\/images\/playhover.png\" data-no-lazy=\"1\" data-skipgform_ajax_framebjll=\"\" \/><div class=\"epyt-gallery-playcrutch\"><\/div><\/div><\/div><\/div><div class=\"epyt-gallery-title\">M\u00e1quina perfiladora de l\u00e1minas para techos de doble capa<\/div><\/div><div tabindex=\"0\" role=\"button\" data-videoid=\"pU1wj2WMQbU\" class=\"epyt-gallery-thumb\"><div class=\"epyt-gallery-img-box\"><div class=\"epyt-gallery-img\" style=\"background-image: url(https:\/\/i.ytimg.com\/vi\/pU1wj2WMQbU\/hqdefault.jpg)\"><div class=\"epyt-gallery-playhover\"><img decoding=\"async\" alt=\"jugar\" class=\"epyt-play-img\" width=\"30\" height=\"23\" src=\"https:\/\/believeindustry.company\/wp-content\/plugins\/youtube-embed-plus\/images\/playhover.png\" data-no-lazy=\"1\" data-skipgform_ajax_framebjll=\"\" \/><div class=\"epyt-gallery-playcrutch\"><\/div><\/div><\/div><\/div><div class=\"epyt-gallery-title\">M\u00e1quina perfiladora de chapa Bemo, m\u00e1quina perfiladora de costura vertical, Believe Industry Company<\/div><\/div><div tabindex=\"0\" role=\"button\" data-videoid=\"O3xgiF4hMl8\" class=\"epyt-gallery-thumb\"><div class=\"epyt-gallery-img-box\"><div class=\"epyt-gallery-img\" style=\"background-image: url(https:\/\/i.ytimg.com\/vi\/O3xgiF4hMl8\/hqdefault.jpg)\"><div class=\"epyt-gallery-playhover\"><img decoding=\"async\" alt=\"jugar\" class=\"epyt-play-img\" width=\"30\" height=\"23\" src=\"https:\/\/believeindustry.company\/wp-content\/plugins\/youtube-embed-plus\/images\/playhover.png\" data-no-lazy=\"1\" data-skipgform_ajax_framebjll=\"\" \/><div class=\"epyt-gallery-playcrutch\"><\/div><\/div><\/div><\/div><div class=\"epyt-gallery-title\">M\u00e1quina perfiladora de l\u00e1minas para techos con perfil trapezoidal<\/div><\/div><div class=\"epyt-gallery-rowbreak\"><\/div><div tabindex=\"0\" role=\"button\" data-videoid=\"eLCa2wUoGSA\" class=\"epyt-gallery-thumb\"><div class=\"epyt-gallery-img-box\"><div class=\"epyt-gallery-img\" style=\"background-image: url(https:\/\/i.ytimg.com\/vi\/eLCa2wUoGSA\/hqdefault.jpg)\"><div class=\"epyt-gallery-playhover\"><img decoding=\"async\" alt=\"jugar\" class=\"epyt-play-img\" width=\"30\" height=\"23\" src=\"https:\/\/believeindustry.company\/wp-content\/plugins\/youtube-embed-plus\/images\/playhover.png\" data-no-lazy=\"1\" data-skipgform_ajax_framebjll=\"\" \/><div class=\"epyt-gallery-playcrutch\"><\/div><\/div><\/div><\/div><div class=\"epyt-gallery-title\">M\u00e1quina perfiladora de cumbreras met\u00e1licas | Believe Industry<\/div><\/div><div tabindex=\"0\" role=\"button\" data-videoid=\"FUZ4lAkQbmw\" class=\"epyt-gallery-thumb\"><div class=\"epyt-gallery-img-box\"><div class=\"epyt-gallery-img\" style=\"background-image: url(https:\/\/i.ytimg.com\/vi\/FUZ4lAkQbmw\/hqdefault.jpg)\"><div class=\"epyt-gallery-playhover\"><img decoding=\"async\" alt=\"jugar\" class=\"epyt-play-img\" width=\"30\" height=\"23\" src=\"https:\/\/believeindustry.company\/wp-content\/plugins\/youtube-embed-plus\/images\/playhover.png\" data-no-lazy=\"1\" data-skipgform_ajax_framebjll=\"\" \/><div class=\"epyt-gallery-playcrutch\"><\/div><\/div><\/div><\/div><div class=\"epyt-gallery-title\">C\u00f3mo funciona una m\u00e1quina perfiladora de rodillos<\/div><\/div><div tabindex=\"0\" role=\"button\" data-videoid=\"w22ehu60KUM\" class=\"epyt-gallery-thumb\"><div class=\"epyt-gallery-img-box\"><div class=\"epyt-gallery-img\" style=\"background-image: url(https:\/\/i.ytimg.com\/vi\/w22ehu60KUM\/hqdefault.jpg)\"><div class=\"epyt-gallery-playhover\"><img decoding=\"async\" alt=\"jugar\" class=\"epyt-play-img\" width=\"30\" height=\"23\" src=\"https:\/\/believeindustry.company\/wp-content\/plugins\/youtube-embed-plus\/images\/playhover.png\" data-no-lazy=\"1\" data-skipgform_ajax_framebjll=\"\" \/><div class=\"epyt-gallery-playcrutch\"><\/div><\/div><\/div><\/div><div class=\"epyt-gallery-title\">m\u00e1quina perfiladora de l\u00e1minas onduladas para techos<\/div><\/div><div class=\"epyt-gallery-rowbreak\"><\/div><div class=\"epyt-gallery-clear\"><\/div><\/div><div class=\"epyt-pagination\"><div tabindex=\"0\" role=\"button\" class=\"epyt-pagebutton epyt-prev  hide\" data-playlistid=\"PLIdLHSelevdKOglpDRT95_ODcBogmO8uR\" data-pagesize=\"9\" data-pagetoken=\"\" data-epcolumns=\"3\" data-showtitle=\"1\" data-showpaging=\"1\" data-autonext=\"0\" data-thumbplay=\"1\"><div class=\"epyt-arrow\">\u00ab<\/div> <div>Anterior<\/div><\/div><div class=\"epyt-pagenumbers\"><div class=\"epyt-current\">1<\/div><div class=\"epyt-pageseparator\"> \/ <\/div><div class=\"epyt-totalpages\">2<\/div><\/div><div tabindex=\"0\" role=\"button\" class=\"epyt-pagebutton epyt-next\" data-playlistid=\"PLIdLHSelevdKOglpDRT95_ODcBogmO8uR\" data-pagesize=\"9\" data-pagetoken=\"EAAaHlBUOkNBa2lFRE13T0RreVJEa3dSVU13UXpVMU9EWQ\" data-epcolumns=\"3\" data-showtitle=\"1\" data-showpaging=\"1\" data-autonext=\"0\" data-thumbplay=\"1\"><div>Pr\u00f3ximo<\/div> <div class=\"epyt-arrow\">\u00bb<\/div><\/div><div class=\"epyt-loader\"><img decoding=\"async\" alt=\"cargando\" width=\"16\" height=\"11\" src=\"https:\/\/believeindustry.company\/wp-content\/plugins\/youtube-embed-plus\/images\/gallery-page-loader.gif\"><\/div><\/div><\/div><\/div>","protected":false},"excerpt":{"rendered":"<p>A trav\u00e9s del v\u00eddeo de la m\u00e1quina perfiladora de chapa met\u00e1lica, podr\u00e1 comprender f\u00e1cilmente c\u00f3mo funcionan las m\u00e1quinas y tambi\u00e9n los diferentes dise\u00f1os de m\u00e1quinas para fabricar chapas met\u00e1licas para techos.<\/p>","protected":false},"author":2,"featured_media":1617,"parent":1272,"menu_order":10,"comment_status":"closed","ping_status":"closed","template":"","meta":{"_angie_page":false,"jetpack_post_was_ever_published":false,"footnotes":"","big_sky_generated":false},"tags":[607845980,607846742,607846741,607848005],"class_list":["post-1281","page","type-page","status-publish","has-post-thumbnail","hentry","tag-metal-sheet-roll-forming-machine","tag-metal-sheet-roll-forming-machine-video","tag-roll-fomring-machine-video","tag-video"],"blocksy_meta":[],"jetpack_sharing_enabled":true,"jetpack_shortlink":"https:\/\/wp.me\/P9K5n8-kF","jetpack_likes_enabled":false,"jetpack-related-posts":[{"id":724,"url":"https:\/\/believeindustry.company\/es\/roll-forming-machine\/metal-sheet-roll-forming-machine\/","url_meta":{"origin":1281,"position":0},"title":"M\u00e1quina perfiladora de chapa met\u00e1lica","author":"Believe Industry Group","date":"marzo 28, 2018","format":false,"excerpt":"Metal Sheet Roll Forming Machines, also named Steel Sheet Roll Forming Machines are widely used in Steel Structure Systems Manufacturers or Builders.Believe Industry Company have full range of Metal Sheet Roll Forming Machine to produce Roof Panels, Wall Cladding Sheets, Step Tiles with different types. Such as: Standing seamming Panel.\u2026","rel":"","context":"En \u00abbelieve industry machine\u00bb","block_context":{"text":"believe industry machine","link":"https:\/\/believeindustry.company\/es\/tag\/believe-industry-machine\/"},"img":{"alt_text":"sheet roll forming machine","src":"https:\/\/i0.wp.com\/believeindustry.company\/wp-content\/uploads\/2018\/03\/metal-sheet-roll-forming-machine.jpg?resize=350%2C200&ssl=1","width":350,"height":200,"srcset":"https:\/\/i0.wp.com\/believeindustry.company\/wp-content\/uploads\/2018\/03\/metal-sheet-roll-forming-machine.jpg?resize=350%2C200&ssl=1 1x, https:\/\/i0.wp.com\/believeindustry.company\/wp-content\/uploads\/2018\/03\/metal-sheet-roll-forming-machine.jpg?resize=525%2C300&ssl=1 1.5x, https:\/\/i0.wp.com\/believeindustry.company\/wp-content\/uploads\/2018\/03\/metal-sheet-roll-forming-machine.jpg?resize=700%2C400&ssl=1 2x"},"classes":[]},{"id":1608,"url":"https:\/\/believeindustry.company\/es\/brochure-of-metal-sheets-roll-forming-machine\/","url_meta":{"origin":1281,"position":1},"title":"Folleto de la m\u00e1quina perfiladora de l\u00e1minas met\u00e1licas","author":"Believe Industry Group","date":"mayo 5, 2018","format":false,"excerpt":"Believe Industry Company have the full range of roll forming machines for metal roofing sheets, such as: IBR sheet roll forming machine Corrugated sheets roll forming machine Bemo sheet roll forming machine Metal roof tile roll forming machine [3d-flip-book mode=\"fullscreen\" urlparam=\"fb3d-page\" id=\"1588\" title=\"true\" template=\"short-white-book-view\"]","rel":"","context":"En \u00abRoll Forming Machine\u00bb","block_context":{"text":"Roll Forming Machine","link":"https:\/\/believeindustry.company\/es\/tag\/roll-forming-machine\/"},"img":{"alt_text":"roofing sheets","src":"https:\/\/i0.wp.com\/believeindustry.company\/wp-content\/uploads\/2018\/05\/roofing-sheets.jpg?resize=350%2C200&ssl=1","width":350,"height":200,"srcset":"https:\/\/i0.wp.com\/believeindustry.company\/wp-content\/uploads\/2018\/05\/roofing-sheets.jpg?resize=350%2C200&ssl=1 1x, https:\/\/i0.wp.com\/believeindustry.company\/wp-content\/uploads\/2018\/05\/roofing-sheets.jpg?resize=525%2C300&ssl=1 1.5x, https:\/\/i0.wp.com\/believeindustry.company\/wp-content\/uploads\/2018\/05\/roofing-sheets.jpg?resize=700%2C400&ssl=1 2x, https:\/\/i0.wp.com\/believeindustry.company\/wp-content\/uploads\/2018\/05\/roofing-sheets.jpg?resize=1050%2C600&ssl=1 3x"},"classes":[]},{"id":3707,"url":"https:\/\/believeindustry.company\/es\/trimdek-sheet-roll-forming-machine-video\/","url_meta":{"origin":1281,"position":2},"title":"V\u00eddeo de la m\u00e1quina perfiladora de l\u00e1minas Trimdek","author":"Believe Industry Group","date":"enero 4, 2019","format":false,"excerpt":"Trimdek Sheet Roll Forming Machine is for producing Trimdek Sheet which is a subtle square-fluted steel cladding, available in long lengths. So on most jobs you can have one sheet from ridge to gutter without end laps. And made of high strength steel and despite its lightness, provides excellent spanning\u2026","rel":"","context":"En \u00abtrimdeck sheet roll former\u00bb","block_context":{"text":"trimdeck sheet roll former","link":"https:\/\/believeindustry.company\/es\/tag\/trimdeck-sheet-roll-former\/"},"img":{"alt_text":"trimdek sheet roll forming machine","src":"https:\/\/i0.wp.com\/believeindustry.company\/wp-content\/uploads\/2019\/01\/trimdek-sheet-roll-forming-machine.jpg?resize=350%2C200&ssl=1","width":350,"height":200,"srcset":"https:\/\/i0.wp.com\/believeindustry.company\/wp-content\/uploads\/2019\/01\/trimdek-sheet-roll-forming-machine.jpg?resize=350%2C200&ssl=1 1x, https:\/\/i0.wp.com\/believeindustry.company\/wp-content\/uploads\/2019\/01\/trimdek-sheet-roll-forming-machine.jpg?resize=525%2C300&ssl=1 1.5x, https:\/\/i0.wp.com\/believeindustry.company\/wp-content\/uploads\/2019\/01\/trimdek-sheet-roll-forming-machine.jpg?resize=700%2C400&ssl=1 2x, https:\/\/i0.wp.com\/believeindustry.company\/wp-content\/uploads\/2019\/01\/trimdek-sheet-roll-forming-machine.jpg?resize=1050%2C600&ssl=1 3x"},"classes":[]},{"id":2193,"url":"https:\/\/believeindustry.company\/es\/roll-forming-machine\/metal-sheet-roll-forming-machine\/metal-wall-panel-roll-forming-machine\/","url_meta":{"origin":1281,"position":3},"title":"M\u00e1quina perfiladora de paneles met\u00e1licos para paredes","author":"Believe Industry Group","date":"junio 7, 2018","format":false,"excerpt":"Metal Wall Panel Roll Forming Machine is for producing wall panels automatically. The Machine can cutoff the wall panel profiles into desire length. Metal Wall Panel Roll Forming Machine Metal Wall Panel As we know, traditional wall panels is made by brick, which is\u00a0 composed of clay-bearing soil, sand, and\u2026","rel":"","context":"En \u00abCold Roll Forming Machine\u00bb","block_context":{"text":"Cold Roll Forming Machine","link":"https:\/\/believeindustry.company\/es\/tag\/cold-roll-forming-machine\/"},"img":{"alt_text":"metal wall panel roll forming machine","src":"https:\/\/i0.wp.com\/believeindustry.company\/wp-content\/uploads\/2018\/06\/metal-wall-panel-roll-forming-machine-e1529031517454.jpg?resize=350%2C200&ssl=1","width":350,"height":200,"srcset":"https:\/\/i0.wp.com\/believeindustry.company\/wp-content\/uploads\/2018\/06\/metal-wall-panel-roll-forming-machine-e1529031517454.jpg?resize=350%2C200&ssl=1 1x, https:\/\/i0.wp.com\/believeindustry.company\/wp-content\/uploads\/2018\/06\/metal-wall-panel-roll-forming-machine-e1529031517454.jpg?resize=525%2C300&ssl=1 1.5x, https:\/\/i0.wp.com\/believeindustry.company\/wp-content\/uploads\/2018\/06\/metal-wall-panel-roll-forming-machine-e1529031517454.jpg?resize=700%2C400&ssl=1 2x, https:\/\/i0.wp.com\/believeindustry.company\/wp-content\/uploads\/2018\/06\/metal-wall-panel-roll-forming-machine-e1529031517454.jpg?resize=1050%2C600&ssl=1 3x"},"classes":[]},{"id":2440,"url":"https:\/\/believeindustry.company\/es\/roll-forming-machine\/customized-profile-roll-forming-machine\/metal-embossing-machine-line\/","url_meta":{"origin":1281,"position":4},"title":"L\u00cdNEA DE M\u00c1QUINAS DE ESTAMPADO DE METAL","author":"Believe Industry Group","date":"julio 9, 2018","format":false,"excerpt":"A Metal Embossing Machine Line \u00a0is a metal forming process unit that emboss a series of straight or parallel ridges onto a metal sheet or strip. Metal Embossing Machine Line A Metal coil embossing\u00a0line is\u00a0a stamping process to produce various designed patterns in metal sheet by passing the sheet in\u2026","rel":"","context":"En \u00abcustom designs\u00bb","block_context":{"text":"custom designs","link":"https:\/\/believeindustry.company\/es\/tag\/custom-designs\/"},"img":{"alt_text":"metal embossing machine line","src":"https:\/\/i0.wp.com\/believeindustry.company\/wp-content\/uploads\/2018\/07\/metal-embossing-machine-line.jpg?resize=350%2C200&ssl=1","width":350,"height":200,"srcset":"https:\/\/i0.wp.com\/believeindustry.company\/wp-content\/uploads\/2018\/07\/metal-embossing-machine-line.jpg?resize=350%2C200&ssl=1 1x, https:\/\/i0.wp.com\/believeindustry.company\/wp-content\/uploads\/2018\/07\/metal-embossing-machine-line.jpg?resize=525%2C300&ssl=1 1.5x, https:\/\/i0.wp.com\/believeindustry.company\/wp-content\/uploads\/2018\/07\/metal-embossing-machine-line.jpg?resize=700%2C400&ssl=1 2x, https:\/\/i0.wp.com\/believeindustry.company\/wp-content\/uploads\/2018\/07\/metal-embossing-machine-line.jpg?resize=1050%2C600&ssl=1 3x"},"classes":[]},{"id":593,"url":"https:\/\/believeindustry.company\/es\/roll-forming-machine\/metal-sheet-roll-forming-machine\/roofing-sheet-roll-forming-machine\/","url_meta":{"origin":1281,"position":5},"title":"M\u00e1quina formadora de rollos de l\u00e1minas para techos","author":"Believe Industry Group","date":"marzo 22, 2018","format":false,"excerpt":"La m\u00e1quina perfiladora de l\u00e1minas para techos est\u00e1 dise\u00f1ada para producir diversos tipos de l\u00e1minas para techos y revestimientos de paredes seg\u00fan el plano de dise\u00f1o y con la longitud deseada. El espesor suele oscilar entre 0,2 y 0,8 mm, y la resistencia entre 235 MPa y 550 MPa. Introducci\u00f3n a la m\u00e1quina perfiladora de l\u00e1minas para techos. \u00bfD\u00f3nde encontrarla?","rel":"","context":"En \u00abMetal Sheet Roll Forming Machine\u00bb","block_context":{"text":"Metal Sheet Roll Forming Machine","link":"https:\/\/believeindustry.company\/es\/tag\/metal-sheet-roll-forming-machine\/"},"img":{"alt_text":"roof sheet roll forming machine","src":"https:\/\/i0.wp.com\/believeindustry.company\/wp-content\/uploads\/2018\/06\/roof-sheet-roll-forming-machine_%E5%89%AF%E6%9C%AC.jpg?resize=350%2C200&ssl=1","width":350,"height":200,"srcset":"https:\/\/i0.wp.com\/believeindustry.company\/wp-content\/uploads\/2018\/06\/roof-sheet-roll-forming-machine_%E5%89%AF%E6%9C%AC.jpg?resize=350%2C200&ssl=1 1x, https:\/\/i0.wp.com\/believeindustry.company\/wp-content\/uploads\/2018\/06\/roof-sheet-roll-forming-machine_%E5%89%AF%E6%9C%AC.jpg?resize=525%2C300&ssl=1 1.5x, https:\/\/i0.wp.com\/believeindustry.company\/wp-content\/uploads\/2018\/06\/roof-sheet-roll-forming-machine_%E5%89%AF%E6%9C%AC.jpg?resize=700%2C400&ssl=1 2x, https:\/\/i0.wp.com\/believeindustry.company\/wp-content\/uploads\/2018\/06\/roof-sheet-roll-forming-machine_%E5%89%AF%E6%9C%AC.jpg?resize=1050%2C600&ssl=1 3x"},"classes":[]}],"amp_enabled":true,"_links":{"self":[{"href":"https:\/\/believeindustry.company\/es\/wp-json\/wp\/v2\/pages\/1281","targetHints":{"allow":["GET"]}}],"collection":[{"href":"https:\/\/believeindustry.company\/es\/wp-json\/wp\/v2\/pages"}],"about":[{"href":"https:\/\/believeindustry.company\/es\/wp-json\/wp\/v2\/types\/page"}],"author":[{"embeddable":true,"href":"https:\/\/believeindustry.company\/es\/wp-json\/wp\/v2\/users\/2"}],"replies":[{"embeddable":true,"href":"https:\/\/believeindustry.company\/es\/wp-json\/wp\/v2\/comments?post=1281"}],"version-history":[{"count":2,"href":"https:\/\/believeindustry.company\/es\/wp-json\/wp\/v2\/pages\/1281\/revisions"}],"predecessor-version":[{"id":10295,"href":"https:\/\/believeindustry.company\/es\/wp-json\/wp\/v2\/pages\/1281\/revisions\/10295"}],"up":[{"embeddable":true,"href":"https:\/\/believeindustry.company\/es\/wp-json\/wp\/v2\/pages\/1272"}],"wp:featuredmedia":[{"embeddable":true,"href":"https:\/\/believeindustry.company\/es\/wp-json\/wp\/v2\/media\/1617"}],"wp:attachment":[{"href":"https:\/\/believeindustry.company\/es\/wp-json\/wp\/v2\/media?parent=1281"}],"wp:term":[{"taxonomy":"post_tag","embeddable":true,"href":"https:\/\/believeindustry.company\/es\/wp-json\/wp\/v2\/tags?post=1281"}],"curies":[{"name":"wp","href":"https:\/\/api.w.org\/{rel}","templated":true}]}}