{"id":1715,"date":"2018-05-10T17:02:24","date_gmt":"2018-05-10T09:02:24","guid":{"rendered":"https:\/\/believeindustry.company\/?page_id=1715"},"modified":"2019-05-06T15:19:21","modified_gmt":"2019-05-06T07:19:21","slug":"video-de-una-maquina-perfiladora-de-puertas-de-acero","status":"publish","type":"page","link":"https:\/\/believeindustry.company\/es\/video\/steel-door-roll-forming-machine-video\/","title":{"rendered":"V\u00eddeo de la m\u00e1quina perfiladora de puertas de acero"},"content":{"rendered":"<p><strong>V\u00eddeo de la m\u00e1quina perfiladora de puertas de acero<\/strong> Le ayudar\u00e1 a saber c\u00f3mo funciona la m\u00e1quina perfiladora y c\u00f3mo operar las m\u00e1quinas para puertas de acero.<\/p>\n\n\n\n<!--more-->\n\n\n\n<p><a href=\"http:\/\/www.belirollform.com\" target=\"_blank\" rel=\"noopener\">Compa\u00f1\u00eda de la Industria Believe<\/a> Disponemos de una gama completa de m\u00e1quinas perfiladoras para componentes de puertas: lamas de puertas enrollables, rieles de puertas, marcos de puertas, paneles de puertas de garaje, etc. <a href=\"https:\/\/believeindustry.company\/es\/contactanos\/\">Cont\u00e1ctanos<\/a> Para obtener m\u00e1s informaci\u00f3n<\/p>\n\n\n<div class=\"epyt-gallery\" data-currpage=\"1\" id=\"epyt_gallery_79061\"><figure class=\"wp-block-embed wp-block-embed-youtube is-type-video is-provider-youtube epyt-figure\"><div class=\"wp-block-embed__wrapper\"><iframe  id=\"_ytid_50713\"  width=\"1290\" height=\"726\"  data-origwidth=\"1290\" data-origheight=\"726\" src=\"https:\/\/www.youtube.com\/embed\/vSJ7GZARG3o?enablejsapi=1&autoplay=0&cc_load_policy=0&cc_lang_pref=&iv_load_policy=1&loop=0&rel=1&fs=1&playsinline=0&autohide=2&theme=dark&color=red&controls=1&disablekb=0&\" class=\"__youtube_prefs__  no-lazyload\" title=\"Reproductor de YouTube\"  data-epytgalleryid=\"epyt_gallery_79061\"  allow=\"fullscreen; accelerometer; autoplay; clipboard-write; encrypted-media; gyroscope; picture-in-picture; web-share\" referrerpolicy=\"strict-origin-when-cross-origin\" allowfullscreen data-no-lazy=\"1\" data-skipgform_ajax_framebjll=\"\"><\/iframe><\/div><\/figure><div class=\"epyt-gallery-subscribe\"><a target=\"_blank\" class=\"epyt-gallery-subbutton\" href=\"https:\/\/www.youtube.com\/channel\/UC-yZD2eqy_NPQTl0tvGVnsw?sub_confirmation=1\" rel=\"noopener\"><img decoding=\"async\" alt=\"suscribir\" src=\"https:\/\/believeindustry.company\/wp-content\/plugins\/youtube-embed-plus\/images\/play-subscribe.png\" \/>Suscr\u00edbete a mi canal<\/a><\/div><div class=\"epyt-gallery-list\"><div class=\"epyt-pagination\"><div tabindex=\"0\" role=\"button\" class=\"epyt-pagebutton epyt-prev  hide\" data-playlistid=\"PLIdLHSelevdJVhbMxACBXU0EvnLtj26zb\" data-pagesize=\"9\" data-pagetoken=\"\" data-epcolumns=\"3\" data-showtitle=\"1\" data-showpaging=\"1\" data-autonext=\"0\" data-thumbplay=\"1\"><div class=\"epyt-arrow\">\u00ab<\/div> <div>Anterior<\/div><\/div><div class=\"epyt-pagenumbers\"><div class=\"epyt-current\">1<\/div><div class=\"epyt-pageseparator\"> \/ <\/div><div class=\"epyt-totalpages\">2<\/div><\/div><div tabindex=\"0\" role=\"button\" class=\"epyt-pagebutton epyt-next\" data-playlistid=\"PLIdLHSelevdJVhbMxACBXU0EvnLtj26zb\" data-pagesize=\"9\" data-pagetoken=\"EAAaHlBUOkNBa2lFRFEzTmtJd1JFTXlOVVEzUkVWRk9FRQ\" data-epcolumns=\"3\" data-showtitle=\"1\" data-showpaging=\"1\" data-autonext=\"0\" data-thumbplay=\"1\"><div>Pr\u00f3ximo<\/div> <div class=\"epyt-arrow\">\u00bb<\/div><\/div><div class=\"epyt-loader\"><img decoding=\"async\" alt=\"cargando\" width=\"16\" height=\"11\" src=\"https:\/\/believeindustry.company\/wp-content\/plugins\/youtube-embed-plus\/images\/gallery-page-loader.gif\"><\/div><\/div><div class=\"epyt-gallery-allthumbs  epyt-cols-3\"><div tabindex=\"0\" role=\"button\" data-videoid=\"vSJ7GZARG3o\" class=\"epyt-gallery-thumb\"><div class=\"epyt-gallery-img-box\"><div class=\"epyt-gallery-img\" style=\"background-image: url(https:\/\/i.ytimg.com\/vi\/vSJ7GZARG3o\/hqdefault.jpg)\"><div class=\"epyt-gallery-playhover\"><img decoding=\"async\" alt=\"jugar\" class=\"epyt-play-img\" width=\"30\" height=\"23\" src=\"https:\/\/believeindustry.company\/wp-content\/plugins\/youtube-embed-plus\/images\/playhover.png\" data-no-lazy=\"1\" data-skipgform_ajax_framebjll=\"\" \/><div class=\"epyt-gallery-playcrutch\"><\/div><\/div><\/div><\/div><div class=\"epyt-gallery-title\">M\u00e1quina perfiladora de marcos de puertas de acero, Believe Industry<\/div><\/div><div tabindex=\"0\" role=\"button\" data-videoid=\"zG1C87SSyMc\" class=\"epyt-gallery-thumb\"><div class=\"epyt-gallery-img-box\"><div class=\"epyt-gallery-img\" style=\"background-image: url(https:\/\/i.ytimg.com\/vi\/zG1C87SSyMc\/hqdefault.jpg)\"><div class=\"epyt-gallery-playhover\"><img decoding=\"async\" alt=\"jugar\" class=\"epyt-play-img\" width=\"30\" height=\"23\" src=\"https:\/\/believeindustry.company\/wp-content\/plugins\/youtube-embed-plus\/images\/playhover.png\" data-no-lazy=\"1\" data-skipgform_ajax_framebjll=\"\" \/><div class=\"epyt-gallery-playcrutch\"><\/div><\/div><\/div><\/div><div class=\"epyt-gallery-title\">M\u00e1quina perfiladora de gu\u00edas para persianas enrollables\/M\u00e1quina perfiladora de rieles\/M\u00e1quina perfiladora de rieles<\/div><\/div><div tabindex=\"0\" role=\"button\" data-videoid=\"ur1ZQDJmS14\" class=\"epyt-gallery-thumb\"><div class=\"epyt-gallery-img-box\"><div class=\"epyt-gallery-img\" style=\"background-image: url(https:\/\/i.ytimg.com\/vi\/ur1ZQDJmS14\/hqdefault.jpg)\"><div class=\"epyt-gallery-playhover\"><img decoding=\"async\" alt=\"jugar\" class=\"epyt-play-img\" width=\"30\" height=\"23\" src=\"https:\/\/believeindustry.company\/wp-content\/plugins\/youtube-embed-plus\/images\/playhover.png\" data-no-lazy=\"1\" data-skipgform_ajax_framebjll=\"\" \/><div class=\"epyt-gallery-playcrutch\"><\/div><\/div><\/div><\/div><div class=\"epyt-gallery-title\">M\u00e1quina perfiladora de puertas enrollables Beli-100<\/div><\/div><div class=\"epyt-gallery-rowbreak\"><\/div><div tabindex=\"0\" role=\"button\" data-videoid=\"OWN4TKfNyR0\" class=\"epyt-gallery-thumb\"><div class=\"epyt-gallery-img-box\"><div class=\"epyt-gallery-img\" style=\"background-image: url(https:\/\/i.ytimg.com\/vi\/OWN4TKfNyR0\/hqdefault.jpg)\"><div class=\"epyt-gallery-playhover\"><img decoding=\"async\" alt=\"jugar\" class=\"epyt-play-img\" width=\"30\" height=\"23\" src=\"https:\/\/believeindustry.company\/wp-content\/plugins\/youtube-embed-plus\/images\/playhover.png\" data-no-lazy=\"1\" data-skipgform_ajax_framebjll=\"\" \/><div class=\"epyt-gallery-playcrutch\"><\/div><\/div><\/div><\/div><div class=\"epyt-gallery-title\">M\u00e1quina formadora de l\u00e1minas gruesas para puertas enrollables | Believe Industry<\/div><\/div><div tabindex=\"0\" role=\"button\" data-videoid=\"ngZ5xrCBTBs\" class=\"epyt-gallery-thumb\"><div class=\"epyt-gallery-img-box\"><div class=\"epyt-gallery-img\" style=\"background-image: url(https:\/\/i.ytimg.com\/vi\/ngZ5xrCBTBs\/hqdefault.jpg)\"><div class=\"epyt-gallery-playhover\"><img decoding=\"async\" alt=\"jugar\" class=\"epyt-play-img\" width=\"30\" height=\"23\" src=\"https:\/\/believeindustry.company\/wp-content\/plugins\/youtube-embed-plus\/images\/playhover.png\" data-no-lazy=\"1\" data-skipgform_ajax_framebjll=\"\" \/><div class=\"epyt-gallery-playcrutch\"><\/div><\/div><\/div><\/div><div class=\"epyt-gallery-title\">M\u00e1quina perfiladora para gu\u00edas de persianas enrollables - SHANGHAI BELIEVE INDUSTRY CO., LTD<\/div><\/div><div tabindex=\"0\" role=\"button\" data-videoid=\"L8L8O3rZlDk\" class=\"epyt-gallery-thumb\"><div class=\"epyt-gallery-img-box\"><div class=\"epyt-gallery-img\" style=\"background-image: url(https:\/\/i.ytimg.com\/vi\/L8L8O3rZlDk\/hqdefault.jpg)\"><div class=\"epyt-gallery-playhover\"><img decoding=\"async\" alt=\"jugar\" class=\"epyt-play-img\" width=\"30\" height=\"23\" src=\"https:\/\/believeindustry.company\/wp-content\/plugins\/youtube-embed-plus\/images\/playhover.png\" data-no-lazy=\"1\" data-skipgform_ajax_framebjll=\"\" \/><div class=\"epyt-gallery-playcrutch\"><\/div><\/div><\/div><\/div><div class=\"epyt-gallery-title\">M\u00e1quina formadora de l\u00e1minas de persiana enrollable de PU tipo cadena<\/div><\/div><div class=\"epyt-gallery-rowbreak\"><\/div><div tabindex=\"0\" role=\"button\" data-videoid=\"JJs1zmU02_8\" class=\"epyt-gallery-thumb\"><div class=\"epyt-gallery-img-box\"><div class=\"epyt-gallery-img\" style=\"background-image: url(https:\/\/i.ytimg.com\/vi\/JJs1zmU02_8\/hqdefault.jpg)\"><div class=\"epyt-gallery-playhover\"><img decoding=\"async\" alt=\"jugar\" class=\"epyt-play-img\" width=\"30\" height=\"23\" src=\"https:\/\/believeindustry.company\/wp-content\/plugins\/youtube-embed-plus\/images\/playhover.png\" data-no-lazy=\"1\" data-skipgform_ajax_framebjll=\"\" \/><div class=\"epyt-gallery-playcrutch\"><\/div><\/div><\/div><\/div><div class=\"epyt-gallery-title\">\u00bfC\u00f3mo funcionan las puertas enrollables?<\/div><\/div><div tabindex=\"0\" role=\"button\" data-videoid=\"M7zOjl7LL6c\" class=\"epyt-gallery-thumb\"><div class=\"epyt-gallery-img-box\"><div class=\"epyt-gallery-img\" style=\"background-image: url(https:\/\/i.ytimg.com\/vi\/M7zOjl7LL6c\/hqdefault.jpg)\"><div class=\"epyt-gallery-playhover\"><img decoding=\"async\" alt=\"jugar\" class=\"epyt-play-img\" width=\"30\" height=\"23\" src=\"https:\/\/believeindustry.company\/wp-content\/plugins\/youtube-embed-plus\/images\/playhover.png\" data-no-lazy=\"1\" data-skipgform_ajax_framebjll=\"\" \/><div class=\"epyt-gallery-playcrutch\"><\/div><\/div><\/div><\/div><div class=\"epyt-gallery-title\">M\u00e1quina formadora de l\u00e1minas para persianas enrollables, Believe Industry Company<\/div><\/div><div tabindex=\"0\" role=\"button\" data-videoid=\"uLaYOQIoK7A\" class=\"epyt-gallery-thumb\"><div class=\"epyt-gallery-img-box\"><div class=\"epyt-gallery-img\" style=\"background-image: url(https:\/\/i.ytimg.com\/vi\/uLaYOQIoK7A\/hqdefault.jpg)\"><div class=\"epyt-gallery-playhover\"><img decoding=\"async\" alt=\"jugar\" class=\"epyt-play-img\" width=\"30\" height=\"23\" src=\"https:\/\/believeindustry.company\/wp-content\/plugins\/youtube-embed-plus\/images\/playhover.png\" data-no-lazy=\"1\" data-skipgform_ajax_framebjll=\"\" \/><div class=\"epyt-gallery-playcrutch\"><\/div><\/div><\/div><\/div><div class=\"epyt-gallery-title\">V\u00eddeo de la m\u00e1quina perfiladora de persianas enrollables | Believe Industry<\/div><\/div><div class=\"epyt-gallery-rowbreak\"><\/div><div class=\"epyt-gallery-clear\"><\/div><\/div><div class=\"epyt-pagination\"><div tabindex=\"0\" role=\"button\" class=\"epyt-pagebutton epyt-prev  hide\" data-playlistid=\"PLIdLHSelevdJVhbMxACBXU0EvnLtj26zb\" data-pagesize=\"9\" data-pagetoken=\"\" data-epcolumns=\"3\" data-showtitle=\"1\" data-showpaging=\"1\" data-autonext=\"0\" data-thumbplay=\"1\"><div class=\"epyt-arrow\">\u00ab<\/div> <div>Anterior<\/div><\/div><div class=\"epyt-pagenumbers\"><div class=\"epyt-current\">1<\/div><div class=\"epyt-pageseparator\"> \/ <\/div><div class=\"epyt-totalpages\">2<\/div><\/div><div tabindex=\"0\" role=\"button\" class=\"epyt-pagebutton epyt-next\" data-playlistid=\"PLIdLHSelevdJVhbMxACBXU0EvnLtj26zb\" data-pagesize=\"9\" data-pagetoken=\"EAAaHlBUOkNBa2lFRFEzTmtJd1JFTXlOVVEzUkVWRk9FRQ\" data-epcolumns=\"3\" data-showtitle=\"1\" data-showpaging=\"1\" data-autonext=\"0\" data-thumbplay=\"1\"><div>Pr\u00f3ximo<\/div> <div class=\"epyt-arrow\">\u00bb<\/div><\/div><div class=\"epyt-loader\"><img decoding=\"async\" alt=\"cargando\" width=\"16\" height=\"11\" src=\"https:\/\/believeindustry.company\/wp-content\/plugins\/youtube-embed-plus\/images\/gallery-page-loader.gif\"><\/div><\/div><\/div><\/div>","protected":false},"excerpt":{"rendered":"<p>El v\u00eddeo sobre la m\u00e1quina perfiladora de puertas de acero le ayudar\u00e1 a comprender c\u00f3mo funciona la m\u00e1quina perfiladora y c\u00f3mo operar las m\u00e1quinas para puertas de acero.<\/p>","protected":false},"author":2,"featured_media":2018,"parent":1272,"menu_order":5,"comment_status":"closed","ping_status":"closed","template":"","meta":{"_angie_page":false,"jetpack_post_was_ever_published":false,"footnotes":"","big_sky_generated":false},"tags":[607846743,607846747,607846748,607848005],"class_list":["post-1715","page","type-page","status-publish","has-post-thumbnail","hentry","tag-roll-forming-machine-video","tag-steel-door-roll-forming-machine","tag-steel-door-roll-forming-machine-video","tag-video"],"blocksy_meta":[],"jetpack_sharing_enabled":true,"jetpack_shortlink":"https:\/\/wp.me\/P9K5n8-rF","jetpack_likes_enabled":false,"jetpack-related-posts":[{"id":809,"url":"https:\/\/believeindustry.company\/es\/roll-forming-machine\/steel-door-roll-forming-machine\/","url_meta":{"origin":1715,"position":0},"title":"M\u00e1quina perfiladora de puertas de acero","author":"Believe Industry Group","date":"abril 1, 2018","format":false,"excerpt":"Nowadays, Steel Doors are widely used in \u00a0architecture. \u00a0BELI have the full range of roll forming machines for Security Door System, Garage Door System, Roller Shutter System. \u00a0We also have a professional\u00a0team to design and manufacturer customized profiles for steel doors.","rel":"","context":"En \u00abbelieve industry machine\u00bb","block_context":{"text":"believe industry machine","link":"https:\/\/believeindustry.company\/es\/tag\/believe-industry-machine\/"},"img":{"alt_text":"Industrial-Roller-Shutter door","src":"https:\/\/i0.wp.com\/believeindustry.company\/wp-content\/uploads\/2018\/04\/Industrial-Roller-Shutter.jpg?resize=350%2C200&ssl=1","width":350,"height":200,"srcset":"https:\/\/i0.wp.com\/believeindustry.company\/wp-content\/uploads\/2018\/04\/Industrial-Roller-Shutter.jpg?resize=350%2C200&ssl=1 1x, https:\/\/i0.wp.com\/believeindustry.company\/wp-content\/uploads\/2018\/04\/Industrial-Roller-Shutter.jpg?resize=525%2C300&ssl=1 1.5x, https:\/\/i0.wp.com\/believeindustry.company\/wp-content\/uploads\/2018\/04\/Industrial-Roller-Shutter.jpg?resize=700%2C400&ssl=1 2x, https:\/\/i0.wp.com\/believeindustry.company\/wp-content\/uploads\/2018\/04\/Industrial-Roller-Shutter.jpg?resize=1050%2C600&ssl=1 3x"},"classes":[]},{"id":814,"url":"https:\/\/believeindustry.company\/es\/roll-forming-machine\/steel-door-roll-forming-machine\/steel-rolling-shutter-slat-roll-forming-machine\/","url_meta":{"origin":1715,"position":1},"title":"M\u00e1quina formadora de l\u00e1minas de persianas enrollables de acero","author":"Believe Industry Group","date":"abril 1, 2018","format":false,"excerpt":"Steel Rolling Shutter Slat Roll Forming Machine is for producing roller shutter slats for Roller-Up Door System.\u00a0 Introduction of Steel Rolling Shutter Slat Roll Forming Machine What's Rolling Shutter Slat and Door? A Roller Shutter, Rolling Shutter Door is one type of door or windows shutter consisting of many horizontal\u2026","rel":"","context":"En \u00abdoor lines\u00bb","block_context":{"text":"door lines","link":"https:\/\/believeindustry.company\/es\/tag\/door-lines\/"},"img":{"alt_text":"steel rolling shutter slat roll forming machine","src":"https:\/\/i0.wp.com\/believeindustry.company\/wp-content\/uploads\/2018\/04\/steel-rolling-shutter-slat-roll-forming-machine.jpg?resize=350%2C200&ssl=1","width":350,"height":200,"srcset":"https:\/\/i0.wp.com\/believeindustry.company\/wp-content\/uploads\/2018\/04\/steel-rolling-shutter-slat-roll-forming-machine.jpg?resize=350%2C200&ssl=1 1x, https:\/\/i0.wp.com\/believeindustry.company\/wp-content\/uploads\/2018\/04\/steel-rolling-shutter-slat-roll-forming-machine.jpg?resize=525%2C300&ssl=1 1.5x, https:\/\/i0.wp.com\/believeindustry.company\/wp-content\/uploads\/2018\/04\/steel-rolling-shutter-slat-roll-forming-machine.jpg?resize=700%2C400&ssl=1 2x"},"classes":[]},{"id":979,"url":"https:\/\/believeindustry.company\/es\/roll-forming-machine\/steel-door-roll-forming-machine\/steel-door-frame-roll-forming-machine\/","url_meta":{"origin":1715,"position":2},"title":"M\u00e1quina perfiladora de marcos de puertas de acero","author":"Believe Industry Group","date":"mayo 23, 2018","format":false,"excerpt":"Una m\u00e1quina perfiladora de marcos de puertas de acero sirve para producir marcos de puertas en las dimensiones deseadas. Cuenta con perforaciones y muescas multifuncionales para el plegado del marco. Los marcos de puertas de acero son ligeros, robustos y est\u00e1n fabricados en acero galvanizado con un espesor de\u2026","rel":"","context":"En \u00abCompany News\u00bb","block_context":{"text":"Company News","link":"https:\/\/believeindustry.company\/es\/category\/company-news\/"},"img":{"alt_text":"door frame roll forming machine","src":"https:\/\/i0.wp.com\/believeindustry.company\/wp-content\/uploads\/2018\/06\/door-frame-roll-forming-machine.jpg?resize=350%2C200&ssl=1","width":350,"height":200,"srcset":"https:\/\/i0.wp.com\/believeindustry.company\/wp-content\/uploads\/2018\/06\/door-frame-roll-forming-machine.jpg?resize=350%2C200&ssl=1 1x, https:\/\/i0.wp.com\/believeindustry.company\/wp-content\/uploads\/2018\/06\/door-frame-roll-forming-machine.jpg?resize=525%2C300&ssl=1 1.5x, https:\/\/i0.wp.com\/believeindustry.company\/wp-content\/uploads\/2018\/06\/door-frame-roll-forming-machine.jpg?resize=700%2C400&ssl=1 2x, https:\/\/i0.wp.com\/believeindustry.company\/wp-content\/uploads\/2018\/06\/door-frame-roll-forming-machine.jpg?resize=1050%2C600&ssl=1 3x, https:\/\/i0.wp.com\/believeindustry.company\/wp-content\/uploads\/2018\/06\/door-frame-roll-forming-machine.jpg?resize=1400%2C800&ssl=1 4x"},"classes":[]},{"id":888,"url":"https:\/\/believeindustry.company\/es\/roll-forming-machine\/steel-door-roll-forming-machine\/roller-shutter-door-track-roll-forming-machine\/","url_meta":{"origin":1715,"position":3},"title":"M\u00e1quina formadora de rieles para puertas enrollables","author":"Believe Industry Group","date":"abril 4, 2018","format":false,"excerpt":"Roller Shutter Door Track Roll Forming Machine is for producing rolling shutter track rail for raising and lowering the doors Introduction of Roller Shutter Door Track Roll Forming Machine What's Rolling Shutter Door Track? Curved roller shutter door track for Roller-Up door and garage door The Roller Shutter Track Rail\u2026","rel":"","context":"En \u00abdoor lines\u00bb","block_context":{"text":"door lines","link":"https:\/\/believeindustry.company\/es\/tag\/door-lines\/"},"img":{"alt_text":"door track roll forming machine","src":"https:\/\/i0.wp.com\/believeindustry.company\/wp-content\/uploads\/2018\/04\/door-track-roll-forming-machine-1-e1522828125688.jpg?resize=350%2C200&ssl=1","width":350,"height":200,"srcset":"https:\/\/i0.wp.com\/believeindustry.company\/wp-content\/uploads\/2018\/04\/door-track-roll-forming-machine-1-e1522828125688.jpg?resize=350%2C200&ssl=1 1x, https:\/\/i0.wp.com\/believeindustry.company\/wp-content\/uploads\/2018\/04\/door-track-roll-forming-machine-1-e1522828125688.jpg?resize=525%2C300&ssl=1 1.5x, https:\/\/i0.wp.com\/believeindustry.company\/wp-content\/uploads\/2018\/04\/door-track-roll-forming-machine-1-e1522828125688.jpg?resize=700%2C400&ssl=1 2x"},"classes":[]},{"id":1014,"url":"https:\/\/believeindustry.company\/es\/roll-forming-machine\/steel-door-roll-forming-machine\/garage-door-roll-forming-machine\/","url_meta":{"origin":1715,"position":4},"title":"M\u00e1quina perfiladora de puertas de garaje","author":"Believe Industry Group","date":"abril 10, 2018","format":false,"excerpt":"Garage Door Roll Forming Machine is for produce Garage Door Panel as per designs. And also the machine can emboss\u00a0and punch pattern of the surface of the door panel. What is Garage Door? A whole garage door system is include door panel, guide rack, controlled system, security system, etc A\u2026","rel":"","context":"En \u00abdoor lines\u00bb","block_context":{"text":"door lines","link":"https:\/\/believeindustry.company\/es\/tag\/door-lines\/"},"img":{"alt_text":"garage door roll forming machine","src":"https:\/\/i0.wp.com\/believeindustry.company\/wp-content\/uploads\/2018\/04\/garage-door-roll-forming-machine-e1523344274653.jpg?resize=350%2C200&ssl=1","width":350,"height":200,"srcset":"https:\/\/i0.wp.com\/believeindustry.company\/wp-content\/uploads\/2018\/04\/garage-door-roll-forming-machine-e1523344274653.jpg?resize=350%2C200&ssl=1 1x, https:\/\/i0.wp.com\/believeindustry.company\/wp-content\/uploads\/2018\/04\/garage-door-roll-forming-machine-e1523344274653.jpg?resize=525%2C300&ssl=1 1.5x, https:\/\/i0.wp.com\/believeindustry.company\/wp-content\/uploads\/2018\/04\/garage-door-roll-forming-machine-e1523344274653.jpg?resize=700%2C400&ssl=1 2x"},"classes":[]},{"id":5762,"url":"https:\/\/believeindustry.company\/es\/roll-forming-machine\/steel-door-roll-forming-machine\/pu-foamed-roller-shutter-door-roll-forming-machine\/","url_meta":{"origin":1715,"position":5},"title":"M\u00e1quina formadora de rollos para puertas enrollables de espuma de PU","author":"Believe Industry Group","date":"abril 19, 2019","format":false,"excerpt":"Pu Foamed Roller Shutter Door Roll Forming Machine is a whole production line for producing PU rolling shutter slats, window slats for Europe market. The Rolling Shutter Door is a kind of door which opened and closed by lifting and descending along guide rail with or with out motor. \u00a0In\u2026","rel":"","context":"En \u00abRoller Up Door Machine\u00bb","block_context":{"text":"Roller Up Door Machine","link":"https:\/\/believeindustry.company\/es\/tag\/roller-up-door-machine\/"},"img":{"alt_text":"PU Roller Shutter Door Roll Forming Machine","src":"https:\/\/i0.wp.com\/believeindustry.company\/wp-content\/uploads\/2019\/04\/PU-Roller-Shutter-Door-Roll-Forming-Machine.jpg?resize=350%2C200&ssl=1","width":350,"height":200,"srcset":"https:\/\/i0.wp.com\/believeindustry.company\/wp-content\/uploads\/2019\/04\/PU-Roller-Shutter-Door-Roll-Forming-Machine.jpg?resize=350%2C200&ssl=1 1x, https:\/\/i0.wp.com\/believeindustry.company\/wp-content\/uploads\/2019\/04\/PU-Roller-Shutter-Door-Roll-Forming-Machine.jpg?resize=525%2C300&ssl=1 1.5x, https:\/\/i0.wp.com\/believeindustry.company\/wp-content\/uploads\/2019\/04\/PU-Roller-Shutter-Door-Roll-Forming-Machine.jpg?resize=700%2C400&ssl=1 2x, https:\/\/i0.wp.com\/believeindustry.company\/wp-content\/uploads\/2019\/04\/PU-Roller-Shutter-Door-Roll-Forming-Machine.jpg?resize=1050%2C600&ssl=1 3x"},"classes":[]}],"amp_enabled":true,"_links":{"self":[{"href":"https:\/\/believeindustry.company\/es\/wp-json\/wp\/v2\/pages\/1715","targetHints":{"allow":["GET"]}}],"collection":[{"href":"https:\/\/believeindustry.company\/es\/wp-json\/wp\/v2\/pages"}],"about":[{"href":"https:\/\/believeindustry.company\/es\/wp-json\/wp\/v2\/types\/page"}],"author":[{"embeddable":true,"href":"https:\/\/believeindustry.company\/es\/wp-json\/wp\/v2\/users\/2"}],"replies":[{"embeddable":true,"href":"https:\/\/believeindustry.company\/es\/wp-json\/wp\/v2\/comments?post=1715"}],"version-history":[{"count":0,"href":"https:\/\/believeindustry.company\/es\/wp-json\/wp\/v2\/pages\/1715\/revisions"}],"up":[{"embeddable":true,"href":"https:\/\/believeindustry.company\/es\/wp-json\/wp\/v2\/pages\/1272"}],"wp:featuredmedia":[{"embeddable":true,"href":"https:\/\/believeindustry.company\/es\/wp-json\/wp\/v2\/media\/2018"}],"wp:attachment":[{"href":"https:\/\/believeindustry.company\/es\/wp-json\/wp\/v2\/media?parent=1715"}],"wp:term":[{"taxonomy":"post_tag","embeddable":true,"href":"https:\/\/believeindustry.company\/es\/wp-json\/wp\/v2\/tags?post=1715"}],"curies":[{"name":"wp","href":"https:\/\/api.w.org\/{rel}","templated":true}]}}