{"id":214,"date":"2018-03-15T11:01:55","date_gmt":"2018-03-15T03:01:55","guid":{"rendered":"http:\/\/believeindustry.company\/?page_id=214"},"modified":"2018-04-18T12:14:39","modified_gmt":"2018-04-18T04:14:39","slug":"por-que-elegirnos","status":"publish","type":"page","link":"https:\/\/believeindustry.company\/es\/why-choose-us\/","title":{"rendered":"\u00bfPor qu\u00e9 elegirnos?"},"content":{"rendered":"<div class=\"four column\">\n<p>Believe Industry se dedica a producir equipos de procesamiento de metales de alta calidad que mejoran la productividad para clientes de todo el mundo. Contamos con todo tipo de l\u00edneas de corte longitudinal y l\u00edneas de corte a medida para diferentes requisitos. Debemos considerar el grosor y el tipo de material, el peso de las bobinas a producir y el volumen anual a procesar, factores que influyen en la configuraci\u00f3n y las capacidades de la l\u00ednea necesarias para una instalaci\u00f3n exitosa.<\/p>\n<\/div>\n<p><!--more--><\/p>\n<div class=\"four column\">\n<h3>\u00bfQu\u00e9 es la l\u00ednea de corte longitudinal?<\/h3>\n<p>Una l\u00ednea de corte longitudinal se utiliza para dividir las bobinas maestras (bobina madre) en bobinas m\u00e1s peque\u00f1as (bobina hija) de un ancho o peso espec\u00edfico. Una l\u00ednea de corte longitudinal desenrolla una bobina maestra y la corta a un ancho espec\u00edfico. Las bobinas cortadas, a veces denominadas &quot;mults&quot; o &quot;tiras&quot;, se enrollan posteriormente.<\/p>\n<h3>Totalmente personalizable<\/h3>\n<p>Todos los componentes de la m\u00e1quina est\u00e1n dise\u00f1ados y personalizados, antes de comenzar el dise\u00f1o y la fabricaci\u00f3n de las l\u00edneas, confirmaremos todos los dise\u00f1os y dise\u00f1os de tecnolog\u00eda con usted y consideraremos sus espaciadores de f\u00e1brica.<\/p>\n<\/div>\n<div class=\"four column\">\n<h3>\u00bfQu\u00e9 es la l\u00ednea de corte a medida?<\/h3>\n<p>Una l\u00e1mina plana de material no se produce en un molino como tal. En realidad, una l\u00e1mina plana de material comienza su vida como parte de una bobina de material.\u00a0<a title=\"L\u00ednea de corte a medida\/l\u00ednea de corte\" href=\"https:\/\/believeindustry.company\/es\/equipo-de-procesamiento-de-bobinas\/lineas-de-corte-a-medida\/\">L\u00ednea de corte transversal <\/a>desenrollar\u00e1 el material, lo nivelar\u00e1 y luego lo cortar\u00e1 al largo requerido y lo apilar\u00e1.<\/p>\n<h3>Servicio postventa<\/h3>\n<p>Nos comprometemos a brindarle un servicio al cliente de primera clase a trav\u00e9s de nuestros Departamentos de Servicio T\u00e9cnico. Nuestro personal experto cuenta con una amplia experiencia en la industria del procesamiento de metales y est\u00e1 listo para ayudarle con sus necesidades de repuestos, contratos de servicio y consultas t\u00e9cnicas.<\/p>\n<p>&nbsp;<\/p>\n<\/div>","protected":false},"excerpt":{"rendered":"<p>Believe Industry is\u00a0dedicated to producing high-quality, productivity-enhancing metal processing equipment for customers around the world. we have all the types of slitting lines and cut to length lines for different requirements. We should cosider the thickness of the material, the type of material, the weight of the coils to be produced, as well as annual [&hellip;]<\/p>\n","protected":false},"author":2,"featured_media":426,"parent":0,"menu_order":0,"comment_status":"closed","ping_status":"closed","template":"","meta":{"_angie_page":false,"footnotes":"","big_sky_generated":false},"tags":[607845741],"class_list":["post-214","page","type-page","status-publish","has-post-thumbnail","hentry","tag-believe-industry"],"blocksy_meta":[],"jetpack_sharing_enabled":true,"jetpack_shortlink":"https:\/\/wp.me\/P9K5n8-3s","jetpack_likes_enabled":false,"jetpack-related-posts":[],"amp_enabled":true,"_links":{"self":[{"href":"https:\/\/believeindustry.company\/es\/wp-json\/wp\/v2\/pages\/214","targetHints":{"allow":["GET"]}}],"collection":[{"href":"https:\/\/believeindustry.company\/es\/wp-json\/wp\/v2\/pages"}],"about":[{"href":"https:\/\/believeindustry.company\/es\/wp-json\/wp\/v2\/types\/page"}],"author":[{"embeddable":true,"href":"https:\/\/believeindustry.company\/es\/wp-json\/wp\/v2\/users\/2"}],"replies":[{"embeddable":true,"href":"https:\/\/believeindustry.company\/es\/wp-json\/wp\/v2\/comments?post=214"}],"version-history":[{"count":0,"href":"https:\/\/believeindustry.company\/es\/wp-json\/wp\/v2\/pages\/214\/revisions"}],"wp:featuredmedia":[{"embeddable":true,"href":"https:\/\/believeindustry.company\/es\/wp-json\/wp\/v2\/media\/426"}],"wp:attachment":[{"href":"https:\/\/believeindustry.company\/es\/wp-json\/wp\/v2\/media?parent=214"}],"wp:term":[{"taxonomy":"post_tag","embeddable":true,"href":"https:\/\/believeindustry.company\/es\/wp-json\/wp\/v2\/tags?post=214"}],"curies":[{"name":"wp","href":"https:\/\/api.w.org\/{rel}","templated":true}]}}