{"id":2193,"date":"2018-06-07T14:53:44","date_gmt":"2018-06-07T06:53:44","guid":{"rendered":"https:\/\/believeindustry.company\/?page_id=2193"},"modified":"2025-12-05T15:26:19","modified_gmt":"2025-12-05T07:26:19","slug":"maquina-perfiladora-de-paneles-metalicos-de-pared","status":"publish","type":"page","link":"https:\/\/believeindustry.company\/es\/roll-forming-machine\/metal-sheet-roll-forming-machine\/metal-wall-panel-roll-forming-machine\/","title":{"rendered":"M\u00e1quina perfiladora de paneles met\u00e1licos para paredes"},"content":{"rendered":"<p>La m\u00e1quina perfiladora de paneles met\u00e1licos para paredes se utiliza para la producci\u00f3n autom\u00e1tica de paneles de pared. La m\u00e1quina puede cortar los perfiles de los paneles a la longitud deseada.<\/p>\n\n\n\n<!--more-->\n\n\n\n<h2 class=\"wp-block-heading\"><strong><span style=\"font-size: 18pt;\">M\u00e1quina perfiladora de paneles met\u00e1licos para paredes<\/span><\/strong><\/h2>\n\n\n\n<h3 class=\"wp-block-heading\"><strong><span style=\"font-size: 14pt;\">Panel de pared de metal<\/span><\/strong><\/h3>\n\n\n\n<p>Como sabemos, los paneles de pared tradicionales se fabrican con ladrillo, compuesto de arcilla, arena y cal, o con hormig\u00f3n. En la actualidad, los paneles met\u00e1licos se utilizan ampliamente en estadios, centros de convenciones, salas de exposiciones, estaciones de tren, villas de lujo, aeropuertos, teatros y muchos otros \u00e1mbitos arquitect\u00f3nicos.<\/p>\n\n\n\n<p>Los paneles met\u00e1licos para paredes (l\u00e1minas para techos) se fabrican mediante laminaci\u00f3n en fr\u00edo a partir de materiales met\u00e1licos comunes con diferentes secciones. Adem\u00e1s, incorporan aislamiento t\u00e9rmico, impermeabilidad y absorci\u00f3n ac\u00fastica para una amplia gama de aplicaciones. El material puede ser acero galvanizado, acero galvanizado prepintado, aluminio o acero inoxidable. El espesor suele ser de 0,2 a 0,8 mm. Believe Industry Company dispone de diferentes tipos de m\u00e1quinas perfiladoras para paneles de pared, adaptadas a diversos perfiles. Tambi\u00e9n aceptamos perfiles personalizados.<\/p>\n\n\n\n<h3 class=\"wp-block-heading\"><strong><span style=\"font-size: 14pt;\">Clasificaci\u00f3n de paneles met\u00e1licos para paredes<\/span><\/strong><\/h3>\n\n\n\n<ol class=\"wp-block-list\"><li>Usos: Panel de pared interior, panel de pared exterior, panel de pared decorativo<\/li><li>M\u00e9todo de instalaci\u00f3n: Autobloqueo, horizontal, vertical.<\/li><li>Funci\u00f3n: Mantener el calor, embellecer, etc.<\/li><li>Material: aleaci\u00f3n de aluminio, PPGI, GI, cobre, etc.<\/li><\/ol>\n\n\n\n<p>Believe Industry Company ofrece una gama completa de m\u00e1quinas perfiladoras para paneles met\u00e1licos de pared, tales como: perfiladora de l\u00e1minas onduladas Mini Orb, perfiladora de l\u00e1minas con sistema Clip Lock, perfiladora de paneles decorativos de pared, etc.<\/p>\n\n\n\n<h3 class=\"wp-block-heading\"><strong><span style=\"font-size: 14pt;\">Componentes y especificaciones de la m\u00e1quina perfiladora de paneles met\u00e1licos para paredes.<\/span><\/strong><\/h3>\n\n\n\n<h4 class=\"wp-block-heading\"><strong><span style=\"font-size: 12pt;\">Desenrollador manual<\/span><\/strong><figure><img fetchpriority=\"high\" decoding=\"async\" data-attachment-id=\"2194\" data-permalink=\"https:\/\/believeindustry.company\/es\/roll-forming-machine\/metal-sheet-roll-forming-machine\/metal-wall-panel-roll-forming-machine\/manual-uncoiler\/\" data-orig-file=\"https:\/\/believeindustry.company\/wp-content\/uploads\/2018\/06\/Manual-Uncoiler.jpg\" data-orig-size=\"604,423\" data-comments-opened=\"1\" data-image-meta=\"{&quot;aperture&quot;:&quot;0&quot;,&quot;credit&quot;:&quot;&quot;,&quot;camera&quot;:&quot;&quot;,&quot;caption&quot;:&quot;&quot;,&quot;created_timestamp&quot;:&quot;0&quot;,&quot;copyright&quot;:&quot;&quot;,&quot;focal_length&quot;:&quot;0&quot;,&quot;iso&quot;:&quot;0&quot;,&quot;shutter_speed&quot;:&quot;0&quot;,&quot;title&quot;:&quot;&quot;,&quot;orientation&quot;:&quot;0&quot;}\" data-image-title=\"Manual Uncoiler\" data-image-description=\"\" data-image-caption=\"\" data-large-file=\"https:\/\/believeindustry.company\/wp-content\/uploads\/2018\/06\/Manual-Uncoiler.jpg\" class=\"size-medium wp-image-2194 alignright\" style=\"font-family: Lato, 'Helvetica Neue', Helvetica, Arial, sans-serif; font-size: 16px;\" src=\"https:\/\/believeindustry.company\/wp-content\/uploads\/2018\/06\/Manual-Uncoiler-300x210.jpg\" alt=\"Desenrollador manual de 5 toneladas\" width=\"300\" height=\"210\" srcset=\"https:\/\/believeindustry.company\/wp-content\/uploads\/2018\/06\/Manual-Uncoiler-300x210.jpg 300w, https:\/\/believeindustry.company\/wp-content\/uploads\/2018\/06\/Manual-Uncoiler-600x420.jpg 600w, https:\/\/believeindustry.company\/wp-content\/uploads\/2018\/06\/Manual-Uncoiler.jpg 604w\" sizes=\"(max-width: 300px) 100vw, 300px\" \/><\/figure><\/h4>\n\n\n\n<ul class=\"wp-block-list\"><li>Di\u00e1metro interior de la bobina: 460-520 mm<\/li><li>Di\u00e1metro exterior de la bobina: m\u00e1ximo 1300 mm<\/li><li>Peso m\u00e1ximo de carga: 5 toneladas<\/li><li>Aflojamiento y tensi\u00f3n manuales, desenrollado pasivo.<\/li><\/ul>\n\n\n\n<h4 class=\"wp-block-heading\"><strong><span style=\"font-size: 12pt;\">Laminadora de paneles de pared<\/span><\/strong><\/h4>\n\n\n\n<ul class=\"wp-block-list\"><li>Estructura principal de la m\u00e1quina: Acero 350H, con placa de acero de 25 mm soldada.<\/li><li>N\u00famero de soporte de perfilado:<b>18 grupos<\/b><\/li><li>Velocidad de formaci\u00f3n: Aprox. 15 m\/min<\/li><li>Di\u00e1metro del eje: 80 mm<\/li><li>Material del eje: acero 45# con tratamiento t\u00e9rmico superficial<\/li><li>Material del rodillo: Acero ASTM 1045 con tratamiento de temple HRC58-60 y cromado de 0,05 mm de espesor.<\/li><li>Transmisi\u00f3n: Cadena; los dos primeros soportes utilizan engranajes para accionar los ejes superior e inferior.<\/li><li><b><\/b><strong><b>Motor<\/b><\/strong><strong><b>Fuerza<\/b><\/strong><strong><b>:<\/b><\/strong><strong><b>7,5 kW<\/b><\/strong><\/li><li>Todas las partes accionadas de la m\u00e1quina perfiladora de chapas est\u00e1n cubiertas con protecciones de seguridad.<\/li><\/ul>\n\n\n\n<figure class=\"wp-block-image\"><img decoding=\"async\" width=\"960\" height=\"640\" data-attachment-id=\"2195\" data-permalink=\"https:\/\/believeindustry.company\/es\/roll-forming-machine\/metal-sheet-roll-forming-machine\/metal-wall-panel-roll-forming-machine\/1-3\/\" data-orig-file=\"https:\/\/believeindustry.company\/wp-content\/uploads\/2018\/06\/1.jpg\" data-orig-size=\"960,640\" data-comments-opened=\"1\" data-image-meta=\"{&quot;aperture&quot;:&quot;0&quot;,&quot;credit&quot;:&quot;&quot;,&quot;camera&quot;:&quot;&quot;,&quot;caption&quot;:&quot;&quot;,&quot;created_timestamp&quot;:&quot;0&quot;,&quot;copyright&quot;:&quot;&quot;,&quot;focal_length&quot;:&quot;0&quot;,&quot;iso&quot;:&quot;0&quot;,&quot;shutter_speed&quot;:&quot;0&quot;,&quot;title&quot;:&quot;&quot;,&quot;orientation&quot;:&quot;0&quot;}\" data-image-title=\"1\" data-image-description=\"\" data-image-caption=\"\" data-large-file=\"https:\/\/believeindustry.company\/wp-content\/uploads\/2018\/06\/1.jpg\" src=\"https:\/\/believeindustry.company\/wp-content\/uploads\/2018\/06\/1.jpg\" alt=\"M\u00e1quina perfiladora de paneles met\u00e1licos para paredes\" class=\"wp-image-2195\" srcset=\"https:\/\/believeindustry.company\/wp-content\/uploads\/2018\/06\/1.jpg 960w, https:\/\/believeindustry.company\/wp-content\/uploads\/2018\/06\/1-600x400.jpg 600w, https:\/\/believeindustry.company\/wp-content\/uploads\/2018\/06\/1-300x200.jpg 300w, https:\/\/believeindustry.company\/wp-content\/uploads\/2018\/06\/1-272x182.jpg 272w\" sizes=\"(max-width: 960px) 100vw, 960px\" \/><\/figure>\n\n\n\n<h4 class=\"wp-block-heading\"><span style=\"font-size: 12pt;\"><strong><b>Dispositivo de corte hidr\u00e1ulico<\/b><\/strong><\/span><\/h4>\n\n\n\n<div class=\"wp-block-image wp-image-2051 size-medium\"><figure class=\"alignright\"><img decoding=\"async\" width=\"225\" height=\"300\" data-attachment-id=\"2051\" data-permalink=\"https:\/\/believeindustry.company\/es\/roll-forming-machine\/customized-profile-roll-forming-machine\/highway-guardrail-roll-forming-machine\/cof-2\/\" data-orig-file=\"https:\/\/believeindustry.company\/wp-content\/uploads\/2018\/06\/controlled-cabinet-2.jpg\" data-orig-size=\"2976,3968\" data-comments-opened=\"1\" data-image-meta=\"{&quot;aperture&quot;:&quot;2.2&quot;,&quot;credit&quot;:&quot;&quot;,&quot;camera&quot;:&quot;VIE-AL10&quot;,&quot;caption&quot;:&quot;cof&quot;,&quot;created_timestamp&quot;:&quot;1497688628&quot;,&quot;copyright&quot;:&quot;&quot;,&quot;focal_length&quot;:&quot;4.5&quot;,&quot;iso&quot;:&quot;200&quot;,&quot;shutter_speed&quot;:&quot;0.02&quot;,&quot;title&quot;:&quot;cof&quot;,&quot;orientation&quot;:&quot;0&quot;}\" data-image-title=\"PLC Controlled Cabinet\" data-image-description=\"\" data-image-caption=\"&lt;p&gt;The worker can set all the data of length, quantity, holes position on the touch screen which will controll the machnne&lt;\/p&gt;\" data-large-file=\"https:\/\/believeindustry.company\/wp-content\/uploads\/2018\/06\/controlled-cabinet-2-768x1024.jpg\" src=\"https:\/\/believeindustry.company\/wp-content\/uploads\/2018\/06\/controlled-cabinet-2-225x300.jpg\" alt=\"armario controlado por m\u00e1quina de barandilla\" class=\"wp-image-2051\" srcset=\"https:\/\/believeindustry.company\/wp-content\/uploads\/2018\/06\/controlled-cabinet-2-225x300.jpg 225w, https:\/\/believeindustry.company\/wp-content\/uploads\/2018\/06\/controlled-cabinet-2-600x800.jpg 600w, https:\/\/believeindustry.company\/wp-content\/uploads\/2018\/06\/controlled-cabinet-2-768x1024.jpg 768w\" sizes=\"(max-width: 225px) 100vw, 225px\" \/><figcaption>El operario puede configurar todos los datos de longitud, cantidad y posici\u00f3n de los agujeros en la pantalla t\u00e1ctil, que controlar\u00e1 la m\u00e1quina.<\/figcaption><\/figure><\/div>\n\n\n\n<ul class=\"wp-block-list\"><li>Tipo: Parada de corte hidr\u00e1ulico<\/li><li>Material del molde de corte: Acero Cr12 con tratamiento de temple HRC 60-62, 2 grupos<\/li><li>Longitud y cantidad de corte: Los clientes pueden configurar la longitud y la cantidad en la pantalla t\u00e1ctil del PLC.<\/li><li>Potencia de la central hidr\u00e1ulica: 5,5 kW\n<p><\/p><\/li><\/ul>\n\n\n\n<h4 class=\"wp-block-heading\"><b><i><\/i><\/b><span style=\"font-size: 12pt;\"><strong><em><b><i>Sistema de control<\/i><\/b><\/em><\/strong><\/span><\/h4>\n\n\n\n<ul class=\"wp-block-list\"><li>Sistema de control por computadora: PLC Panasonic<\/li><li>Pantalla t\u00e1ctil: Kunluntongtai MCSG<\/li><li>Codificador: Marca Omron<\/li><li>Inversor: YASKAWA<\/li><li>Interruptor de l\u00edmite: Marca Omron<\/li><li>Presi\u00f3n de la estaci\u00f3n hidr\u00e1ulica: 16 MPa<\/li><li>Corriente: 380 V corriente continua, 50 Hz, trif\u00e1sica<\/li><li>Adopta un conector de aviaci\u00f3n para facilitar la conexi\u00f3n de los cables.<\/li><\/ul>\n\n\n\n<p>Adem\u00e1s de la m\u00e1quina perfiladora de rodillos para paneles de pared, <a href=\"http:\/\/www.belirollform.com\" target=\"_blank\" rel=\"noopener\">Cree en la industria<\/a> Tambi\u00e9n disponemos de una m\u00e1quina perfiladora de rodillos para <a href=\"https:\/\/believeindustry.company\/es\/maquina-perfiladora-de-rodillos\/maquina-formadora-de-rollos-de-chapa-metalica\/maquina-formadora-de-rollos-de-chapa-bemo\/\">s\u00e1banas bemo<\/a>, <a href=\"https:\/\/believeindustry.company\/es\/maquina-perfiladora-de-rodillos\/maquina-formadora-de-rollos-de-chapa-metalica\/maquina-formadora-de-rollos-de-chapa-ibr\/\">Hojas IBR<\/a>, <a href=\"https:\/\/believeindustry.company\/es\/maquina-perfiladora-de-rodillos\/maquina-perfiladora-de-perfiles-personalizada\/maquina-perfiladora-de-canales-uni-strut\/\">canal de puntal,<\/a> <a href=\"https:\/\/believeindustry.company\/es\/maquina-perfiladora-de-rodillos\/maquina-perfiladora-de-estanterias-para-palets\/maquina-formadora-de-rollos-de-bastidor-vertical\/\">estante vertical<\/a>, <a href=\"https:\/\/believeindustry.company\/es\/maquina-perfiladora-de-rodillos\/maquina-perfiladora-de-perfiles-personalizada\/maquina-perfiladora-de-barandillas-de-seguridad-para-carreteras\/\">barandillas de seguridad<\/a>, etc.<\/p>\n\n\n\n<p><a href=\"https:\/\/believeindustry.company\/es\/producto\/maquina-de-linea-de-corte-de-acero\/\">Cont\u00e1ctanos<\/a> Para obtener m\u00e1s informaci\u00f3n sobre la m\u00e1quina perfiladora de rodillos y <a href=\"https:\/\/believeindustry.company\/es\/equipo-de-procesamiento-de-bobinas\/\">equipos de procesamiento de bobinas<\/a><\/p>","protected":false},"excerpt":{"rendered":"<p>La m\u00e1quina perfiladora de paneles met\u00e1licos para paredes se utiliza para la producci\u00f3n autom\u00e1tica de paneles de pared. La m\u00e1quina puede cortar los perfiles de los paneles a la longitud deseada.<\/p>","protected":false},"author":2,"featured_media":2199,"parent":724,"menu_order":8,"comment_status":"closed","ping_status":"closed","template":"","meta":{"_angie_page":false,"jetpack_post_was_ever_published":false,"footnotes":"","big_sky_generated":false},"tags":[607846024,607845980,607849628,607847026,607848169,607848170,607848168],"class_list":["post-2193","page","type-page","status-publish","has-post-thumbnail","hentry","tag-cold-roll-forming-machine","tag-metal-sheet-roll-forming-machine","tag-panel-lines","tag-wall-panel-roll-forming-machine","tag-wall-sheet-machine","tag-wall-sheet-roll-former","tag-wall-sheet-roll-forming-machine"],"blocksy_meta":[],"jetpack_sharing_enabled":true,"jetpack_shortlink":"https:\/\/wp.me\/P9K5n8-zn","jetpack_likes_enabled":false,"jetpack-related-posts":[{"id":593,"url":"https:\/\/believeindustry.company\/es\/roll-forming-machine\/metal-sheet-roll-forming-machine\/roofing-sheet-roll-forming-machine\/","url_meta":{"origin":2193,"position":0},"title":"M\u00e1quina formadora de rollos de l\u00e1minas para techos","author":"Believe Industry Group","date":"marzo 22, 2018","format":false,"excerpt":"La m\u00e1quina perfiladora de l\u00e1minas para techos est\u00e1 dise\u00f1ada para producir diversos tipos de l\u00e1minas para techos y revestimientos de paredes seg\u00fan el plano de dise\u00f1o y con la longitud deseada. El espesor suele oscilar entre 0,2 y 0,8 mm, y la resistencia entre 235 MPa y 550 MPa. Introducci\u00f3n a la m\u00e1quina perfiladora de l\u00e1minas para techos. \u00bfD\u00f3nde encontrarla?","rel":"","context":"En \u00abMetal Sheet Roll Forming Machine\u00bb","block_context":{"text":"Metal Sheet Roll Forming Machine","link":"https:\/\/believeindustry.company\/es\/tag\/metal-sheet-roll-forming-machine\/"},"img":{"alt_text":"roof sheet roll forming machine","src":"https:\/\/i0.wp.com\/believeindustry.company\/wp-content\/uploads\/2018\/06\/roof-sheet-roll-forming-machine_%E5%89%AF%E6%9C%AC.jpg?resize=350%2C200&ssl=1","width":350,"height":200,"srcset":"https:\/\/i0.wp.com\/believeindustry.company\/wp-content\/uploads\/2018\/06\/roof-sheet-roll-forming-machine_%E5%89%AF%E6%9C%AC.jpg?resize=350%2C200&ssl=1 1x, https:\/\/i0.wp.com\/believeindustry.company\/wp-content\/uploads\/2018\/06\/roof-sheet-roll-forming-machine_%E5%89%AF%E6%9C%AC.jpg?resize=525%2C300&ssl=1 1.5x, https:\/\/i0.wp.com\/believeindustry.company\/wp-content\/uploads\/2018\/06\/roof-sheet-roll-forming-machine_%E5%89%AF%E6%9C%AC.jpg?resize=700%2C400&ssl=1 2x, https:\/\/i0.wp.com\/believeindustry.company\/wp-content\/uploads\/2018\/06\/roof-sheet-roll-forming-machine_%E5%89%AF%E6%9C%AC.jpg?resize=1050%2C600&ssl=1 3x"},"classes":[]},{"id":724,"url":"https:\/\/believeindustry.company\/es\/roll-forming-machine\/metal-sheet-roll-forming-machine\/","url_meta":{"origin":2193,"position":1},"title":"M\u00e1quina perfiladora de chapa met\u00e1lica","author":"Believe Industry Group","date":"marzo 28, 2018","format":false,"excerpt":"Metal Sheet Roll Forming Machines, also named Steel Sheet Roll Forming Machines are widely used in Steel Structure Systems Manufacturers or Builders.Believe Industry Company have full range of Metal Sheet Roll Forming Machine to produce Roof Panels, Wall Cladding Sheets, Step Tiles with different types. Such as: Standing seamming Panel.\u2026","rel":"","context":"En \u00abbelieve industry machine\u00bb","block_context":{"text":"believe industry machine","link":"https:\/\/believeindustry.company\/es\/tag\/believe-industry-machine\/"},"img":{"alt_text":"sheet roll forming machine","src":"https:\/\/i0.wp.com\/believeindustry.company\/wp-content\/uploads\/2018\/03\/metal-sheet-roll-forming-machine.jpg?resize=350%2C200&ssl=1","width":350,"height":200,"srcset":"https:\/\/i0.wp.com\/believeindustry.company\/wp-content\/uploads\/2018\/03\/metal-sheet-roll-forming-machine.jpg?resize=350%2C200&ssl=1 1x, https:\/\/i0.wp.com\/believeindustry.company\/wp-content\/uploads\/2018\/03\/metal-sheet-roll-forming-machine.jpg?resize=525%2C300&ssl=1 1.5x, https:\/\/i0.wp.com\/believeindustry.company\/wp-content\/uploads\/2018\/03\/metal-sheet-roll-forming-machine.jpg?resize=700%2C400&ssl=1 2x"},"classes":[]},{"id":19437,"url":"https:\/\/believeindustry.company\/es\/product-2\/","url_meta":{"origin":2193,"position":2},"title":"Producto","author":"Believe Industry Group","date":"noviembre 12, 2025","format":false,"excerpt":"Energy and Electric Construction and Steel Structure Rack and Shelving Sale Rated 0 out of 5 Energy and Electric 41x41mm 41x82mm Solar Strut Channel Roll Forming Machine $85,000.00 Original price was: $85,000.00.$80,000.00Current price is: $80,000.00. View Product Sale Rated 0 out of 5 Metal Panel Trapezoidal Ribbed Spandeck Roof and\u2026","rel":"","context":"Entrada similar","block_context":{"text":"Entrada similar","link":""},"img":{"alt_text":"41x41mm 41x82mm Solar Strut Channel Roll Forming Machine","src":"https:\/\/i0.wp.com\/believeindustry.company\/wp-content\/uploads\/2025\/10\/41x41-41X82-Solar-Strut-Channel-Roll-Forming-Machine-300x214.webp?resize=350%2C200&ssl=1","width":350,"height":200},"classes":[]},{"id":6731,"url":"https:\/\/believeindustry.company\/es\/roll-forming-machine\/metal-sheet-roll-forming-machine\/ag-panel-roll-forming-machine\/","url_meta":{"origin":2193,"position":3},"title":"M\u00e1quina perfiladora de paneles AG","author":"Believe Industry Group","date":"mayo 9, 2019","format":false,"excerpt":"An AG Panel Roll Forming Machine is an industrial machine that continuously shapes flat metal coils (typically steel or aluminum) into the finished, ribbed profile known as the AG (Agricultural) Panel. What\u2019s AG Panel? AG Panel Metal Roof, a low depth profile, economical panel solution for residential, commercial and agricultural\u2026","rel":"","context":"En \u00abpanel lines\u00bb","block_context":{"text":"panel lines","link":"https:\/\/believeindustry.company\/es\/tag\/panel-lines\/"},"img":{"alt_text":"AG Panel Roll Forming Machine","src":"https:\/\/i0.wp.com\/believeindustry.company\/wp-content\/uploads\/2023\/06\/AG-Panel-Roll-Forming-Machine.jpg?resize=350%2C200&ssl=1","width":350,"height":200,"srcset":"https:\/\/i0.wp.com\/believeindustry.company\/wp-content\/uploads\/2023\/06\/AG-Panel-Roll-Forming-Machine.jpg?resize=350%2C200&ssl=1 1x, https:\/\/i0.wp.com\/believeindustry.company\/wp-content\/uploads\/2023\/06\/AG-Panel-Roll-Forming-Machine.jpg?resize=525%2C300&ssl=1 1.5x, https:\/\/i0.wp.com\/believeindustry.company\/wp-content\/uploads\/2023\/06\/AG-Panel-Roll-Forming-Machine.jpg?resize=700%2C400&ssl=1 2x, https:\/\/i0.wp.com\/believeindustry.company\/wp-content\/uploads\/2023\/06\/AG-Panel-Roll-Forming-Machine.jpg?resize=1050%2C600&ssl=1 3x"},"classes":[]},{"id":2853,"url":"https:\/\/believeindustry.company\/es\/roll-forming-machine\/customized-profile-roll-forming-machine\/metal-stud-and-track-roll-forming-machine\/","url_meta":{"origin":2193,"position":4},"title":"M\u00e1quina formadora de pernos y rieles","author":"Believe Industry Group","date":"octubre 2, 2018","format":false,"excerpt":"Metal Stud and Track Roll Forming Machine is for produce studs and tracks with various types. Which is widely used in light steel construction industry. Metal Stud and Track Roll Forming Machine What's Stud and Track? The stud and track are very easy to install with the minimum of knowledge\u2026","rel":"","context":"En \u00abCompany News\u00bb","block_context":{"text":"Company News","link":"https:\/\/believeindustry.company\/es\/category\/company-news\/"},"img":{"alt_text":"metal stud and track roll forming machine","src":"https:\/\/i0.wp.com\/believeindustry.company\/wp-content\/uploads\/2018\/10\/stud-and-track-roll-forming-machines-1.jpg?resize=350%2C200&ssl=1","width":350,"height":200,"srcset":"https:\/\/i0.wp.com\/believeindustry.company\/wp-content\/uploads\/2018\/10\/stud-and-track-roll-forming-machines-1.jpg?resize=350%2C200&ssl=1 1x, https:\/\/i0.wp.com\/believeindustry.company\/wp-content\/uploads\/2018\/10\/stud-and-track-roll-forming-machines-1.jpg?resize=525%2C300&ssl=1 1.5x, https:\/\/i0.wp.com\/believeindustry.company\/wp-content\/uploads\/2018\/10\/stud-and-track-roll-forming-machines-1.jpg?resize=700%2C400&ssl=1 2x, https:\/\/i0.wp.com\/believeindustry.company\/wp-content\/uploads\/2018\/10\/stud-and-track-roll-forming-machines-1.jpg?resize=1050%2C600&ssl=1 3x"},"classes":[]},{"id":777,"url":"https:\/\/believeindustry.company\/es\/roll-forming-machine\/metal-sheet-roll-forming-machine\/metal-roof-tile-roll-forming-machine\/","url_meta":{"origin":2193,"position":5},"title":"M\u00e1quina perfiladora de tejas met\u00e1licas","author":"Believe Industry Group","date":"marzo 29, 2018","format":false,"excerpt":"Metal Roof Tile Roll Forming Machine\u00a0is for producing the metal tiles which is similar to traditional tiles. While the quality and life is better. Introduction of Metal Roof Tile Roll Forming Machine Roof Tiles\u00a0are to keep out rain. And traditional made from locally available materials such as slate and terracotta.\u2026","rel":"","context":"En \u00abMetal Roof Tile Roll Forming Machine\u00bb","block_context":{"text":"Metal Roof Tile Roll Forming Machine","link":"https:\/\/believeindustry.company\/es\/tag\/metal-roof-tile-roll-forming-machine\/"},"img":{"alt_text":"roof tile roll forming machine","src":"https:\/\/i0.wp.com\/believeindustry.company\/wp-content\/uploads\/2018\/04\/roof-tile-roll-forming-machine-e1522726193554.jpg?resize=350%2C200&ssl=1","width":350,"height":200,"srcset":"https:\/\/i0.wp.com\/believeindustry.company\/wp-content\/uploads\/2018\/04\/roof-tile-roll-forming-machine-e1522726193554.jpg?resize=350%2C200&ssl=1 1x, https:\/\/i0.wp.com\/believeindustry.company\/wp-content\/uploads\/2018\/04\/roof-tile-roll-forming-machine-e1522726193554.jpg?resize=525%2C300&ssl=1 1.5x, https:\/\/i0.wp.com\/believeindustry.company\/wp-content\/uploads\/2018\/04\/roof-tile-roll-forming-machine-e1522726193554.jpg?resize=700%2C400&ssl=1 2x, https:\/\/i0.wp.com\/believeindustry.company\/wp-content\/uploads\/2018\/04\/roof-tile-roll-forming-machine-e1522726193554.jpg?resize=1050%2C600&ssl=1 3x"},"classes":[]}],"amp_enabled":true,"_links":{"self":[{"href":"https:\/\/believeindustry.company\/es\/wp-json\/wp\/v2\/pages\/2193","targetHints":{"allow":["GET"]}}],"collection":[{"href":"https:\/\/believeindustry.company\/es\/wp-json\/wp\/v2\/pages"}],"about":[{"href":"https:\/\/believeindustry.company\/es\/wp-json\/wp\/v2\/types\/page"}],"author":[{"embeddable":true,"href":"https:\/\/believeindustry.company\/es\/wp-json\/wp\/v2\/users\/2"}],"replies":[{"embeddable":true,"href":"https:\/\/believeindustry.company\/es\/wp-json\/wp\/v2\/comments?post=2193"}],"version-history":[{"count":2,"href":"https:\/\/believeindustry.company\/es\/wp-json\/wp\/v2\/pages\/2193\/revisions"}],"predecessor-version":[{"id":19720,"href":"https:\/\/believeindustry.company\/es\/wp-json\/wp\/v2\/pages\/2193\/revisions\/19720"}],"up":[{"embeddable":true,"href":"https:\/\/believeindustry.company\/es\/wp-json\/wp\/v2\/pages\/724"}],"wp:featuredmedia":[{"embeddable":true,"href":"https:\/\/believeindustry.company\/es\/wp-json\/wp\/v2\/media\/2199"}],"wp:attachment":[{"href":"https:\/\/believeindustry.company\/es\/wp-json\/wp\/v2\/media?parent=2193"}],"wp:term":[{"taxonomy":"post_tag","embeddable":true,"href":"https:\/\/believeindustry.company\/es\/wp-json\/wp\/v2\/tags?post=2193"}],"curies":[{"name":"wp","href":"https:\/\/api.w.org\/{rel}","templated":true}]}}