{"id":2465,"date":"2018-07-12T14:08:48","date_gmt":"2018-07-12T06:08:48","guid":{"rendered":"https:\/\/believeindustry.company\/?page_id=2465"},"modified":"2019-02-15T15:32:06","modified_gmt":"2019-02-15T07:32:06","slug":"video-de-la-maquina-perfiladora-de-bandejas-para-cables","status":"publish","type":"page","link":"https:\/\/believeindustry.company\/es\/video\/cable-tray-roll-forming-machine-video\/","title":{"rendered":"V\u00eddeo de la m\u00e1quina formadora de rollos para bandejas portacables"},"content":{"rendered":"<p>El video de la m\u00e1quina formadora de bandejas para cables le mostrar\u00e1 c\u00f3mo funciona. <a href=\"https:\/\/believeindustry.company\/es\/maquina-perfiladora-de-rodillos\/maquina-perfiladora-de-perfiles-personalizada\/maquina-formadora-de-rollos-para-bandejas-portacables\/\">m\u00e1quinas para bandejas de cables <\/a>Ya lo hicimos antes.\u00a0<!--more--><\/p>\n<p><a href=\"http:\/\/www.belirollform.com\" target=\"_blank\" rel=\"noopener\">Compa\u00f1\u00eda de la Industria Believe<\/a> tener una gama completa <a href=\"https:\/\/believeindustry.company\/es\/linea-de-maquinas-perfiladoras\/\">m\u00e1quinas perfiladoras<\/a> Para bandejas de cables, escaleras de bandejas de cables, cubiertas de bandejas de cables y canales de bandejas de cables. Todas las m\u00e1quinas se pueden personalizar.<\/p>\n<div class=\"epyt-gallery\" data-currpage=\"1\" id=\"epyt_gallery_69742\"><figure class=\"wp-block-embed wp-block-embed-youtube is-type-video is-provider-youtube epyt-figure\"><div class=\"wp-block-embed__wrapper\"><iframe  id=\"_ytid_71179\"  width=\"1290\" height=\"726\"  data-origwidth=\"1290\" data-origheight=\"726\" src=\"https:\/\/www.youtube.com\/embed\/iDRX3LzvnXU?enablejsapi=1&autoplay=0&cc_load_policy=0&cc_lang_pref=&iv_load_policy=1&loop=0&rel=1&fs=1&playsinline=0&autohide=2&theme=dark&color=red&controls=1&disablekb=0&\" class=\"__youtube_prefs__  no-lazyload\" title=\"Reproductor de YouTube\"  data-epytgalleryid=\"epyt_gallery_69742\"  allow=\"fullscreen; accelerometer; autoplay; clipboard-write; encrypted-media; gyroscope; picture-in-picture; web-share\" referrerpolicy=\"strict-origin-when-cross-origin\" allowfullscreen data-no-lazy=\"1\" data-skipgform_ajax_framebjll=\"\"><\/iframe><\/div><\/figure><div class=\"epyt-gallery-subscribe\"><a target=\"_blank\" class=\"epyt-gallery-subbutton\" href=\"https:\/\/www.youtube.com\/channel\/UC-yZD2eqy_NPQTl0tvGVnsw?sub_confirmation=1\" rel=\"noopener\"><img decoding=\"async\" alt=\"suscribir\" src=\"https:\/\/believeindustry.company\/wp-content\/plugins\/youtube-embed-plus\/images\/play-subscribe.png\" \/>Suscr\u00edbete a mi canal<\/a><\/div><div class=\"epyt-gallery-list\"><div class=\"epyt-pagination\"><div tabindex=\"0\" role=\"button\" class=\"epyt-pagebutton epyt-prev  hide\" data-playlistid=\"PLIdLHSelevdKUD6dMOWc5x3pDRvPbSWFP\" data-pagesize=\"9\" data-pagetoken=\"\" data-epcolumns=\"3\" data-showtitle=\"1\" data-showpaging=\"1\" data-autonext=\"0\" data-thumbplay=\"1\"><div class=\"epyt-arrow\">\u00ab<\/div> <div>Anterior<\/div><\/div><div class=\"epyt-pagenumbers hide\"><div class=\"epyt-current\">1<\/div><div class=\"epyt-pageseparator\"> \/ <\/div><div class=\"epyt-totalpages\">1<\/div><\/div><div tabindex=\"0\" role=\"button\" class=\"epyt-pagebutton epyt-next hide\" data-playlistid=\"PLIdLHSelevdKUD6dMOWc5x3pDRvPbSWFP\" data-pagesize=\"9\" data-pagetoken=\"\" data-epcolumns=\"3\" data-showtitle=\"1\" data-showpaging=\"1\" data-autonext=\"0\" data-thumbplay=\"1\"><div>Pr\u00f3ximo<\/div> <div class=\"epyt-arrow\">\u00bb<\/div><\/div><div class=\"epyt-loader\"><img decoding=\"async\" alt=\"cargando\" width=\"16\" height=\"11\" src=\"https:\/\/believeindustry.company\/wp-content\/plugins\/youtube-embed-plus\/images\/gallery-page-loader.gif\"><\/div><\/div><div class=\"epyt-gallery-allthumbs  epyt-cols-3\"><div tabindex=\"0\" role=\"button\" data-videoid=\"iDRX3LzvnXU\" class=\"epyt-gallery-thumb\"><div class=\"epyt-gallery-img-box\"><div class=\"epyt-gallery-img\" style=\"background-image: url(https:\/\/i.ytimg.com\/vi\/iDRX3LzvnXU\/hqdefault.jpg)\"><div class=\"epyt-gallery-playhover\"><img decoding=\"async\" alt=\"jugar\" class=\"epyt-play-img\" width=\"30\" height=\"23\" src=\"https:\/\/believeindustry.company\/wp-content\/plugins\/youtube-embed-plus\/images\/playhover.png\" data-no-lazy=\"1\" data-skipgform_ajax_framebjll=\"\" \/><div class=\"epyt-gallery-playcrutch\"><\/div><\/div><\/div><\/div><div class=\"epyt-gallery-title\">M\u00e1quina perfiladora de bandejas para cables tipo escalera | Believe Industry<\/div><\/div><div tabindex=\"0\" role=\"button\" data-videoid=\"Q90RduI-KjY\" class=\"epyt-gallery-thumb\"><div class=\"epyt-gallery-img-box\"><div class=\"epyt-gallery-img\" style=\"background-image: url(https:\/\/i.ytimg.com\/vi\/Q90RduI-KjY\/hqdefault.jpg)\"><div class=\"epyt-gallery-playhover\"><img decoding=\"async\" alt=\"jugar\" class=\"epyt-play-img\" width=\"30\" height=\"23\" src=\"https:\/\/believeindustry.company\/wp-content\/plugins\/youtube-embed-plus\/images\/playhover.png\" data-no-lazy=\"1\" data-skipgform_ajax_framebjll=\"\" \/><div class=\"epyt-gallery-playcrutch\"><\/div><\/div><\/div><\/div><div class=\"epyt-gallery-title\">M\u00e1quina formadora de bandejas para cables con extremos retr\u00e1ctiles | Believe Industry Company<\/div><\/div><div tabindex=\"0\" role=\"button\" data-videoid=\"ICzPEg8BTgg\" class=\"epyt-gallery-thumb\"><div class=\"epyt-gallery-img-box\"><div class=\"epyt-gallery-img\" style=\"background-image: url(https:\/\/i.ytimg.com\/vi\/ICzPEg8BTgg\/hqdefault.jpg)\"><div class=\"epyt-gallery-playhover\"><img decoding=\"async\" alt=\"jugar\" class=\"epyt-play-img\" width=\"30\" height=\"23\" src=\"https:\/\/believeindustry.company\/wp-content\/plugins\/youtube-embed-plus\/images\/playhover.png\" data-no-lazy=\"1\" data-skipgform_ajax_framebjll=\"\" \/><div class=\"epyt-gallery-playcrutch\"><\/div><\/div><\/div><\/div><div class=\"epyt-gallery-title\">M\u00e1quina perfiladora de escaleras de cable, \u0e27\u0e32\u0e07\u0e2a\u0e32\u0e22\u0e40\u0e04\u0e40\u0e1a\u0e34\u0e49\u0e25 \/ \u0e2a\u0e32\u0e22\u0e40\u0e04\u0e40\u0e1a\u0e34\u0e49\u0e25\u0e21\u0e49\u0e27\u0e19\u0e40\u0e04\u0e23\u0e37\u0e48\u0e2d\u0e07\u0e02\u0e36\u0e49\u0e19\u0e23\u0e39\u0e1b<\/div><\/div><div class=\"epyt-gallery-rowbreak\"><\/div><div tabindex=\"0\" role=\"button\" data-videoid=\"zoT2AASrfiU\" class=\"epyt-gallery-thumb\"><div class=\"epyt-gallery-img-box\"><div class=\"epyt-gallery-img\" style=\"background-image: url(https:\/\/i.ytimg.com\/vi\/zoT2AASrfiU\/hqdefault.jpg)\"><div class=\"epyt-gallery-playhover\"><img decoding=\"async\" alt=\"jugar\" class=\"epyt-play-img\" width=\"30\" height=\"23\" src=\"https:\/\/believeindustry.company\/wp-content\/plugins\/youtube-embed-plus\/images\/playhover.png\" data-no-lazy=\"1\" data-skipgform_ajax_framebjll=\"\" \/><div class=\"epyt-gallery-playcrutch\"><\/div><\/div><\/div><\/div><div class=\"epyt-gallery-title\">M\u00e1quina formadora de bandejas portacables en fr\u00edo | Believe Industry<\/div><\/div><div tabindex=\"0\" role=\"button\" data-videoid=\"TekSk_Sgkeo\" class=\"epyt-gallery-thumb\"><div class=\"epyt-gallery-img-box\"><div class=\"epyt-gallery-img\" style=\"background-image: url(https:\/\/i.ytimg.com\/vi\/TekSk_Sgkeo\/hqdefault.jpg)\"><div class=\"epyt-gallery-playhover\"><img decoding=\"async\" alt=\"jugar\" class=\"epyt-play-img\" width=\"30\" height=\"23\" src=\"https:\/\/believeindustry.company\/wp-content\/plugins\/youtube-embed-plus\/images\/playhover.png\" data-no-lazy=\"1\" data-skipgform_ajax_framebjll=\"\" \/><div class=\"epyt-gallery-playcrutch\"><\/div><\/div><\/div><\/div><div class=\"epyt-gallery-title\">L\u00ednea de producci\u00f3n de bandejas portacables, m\u00e1quina perfiladora de bandejas portacables | Believe Industry Company<\/div><\/div><div tabindex=\"0\" role=\"button\" data-videoid=\"V2Chs9gDwb4\" class=\"epyt-gallery-thumb\"><div class=\"epyt-gallery-img-box\"><div class=\"epyt-gallery-img\" style=\"background-image: url(https:\/\/i.ytimg.com\/vi\/V2Chs9gDwb4\/hqdefault.jpg)\"><div class=\"epyt-gallery-playhover\"><img decoding=\"async\" alt=\"jugar\" class=\"epyt-play-img\" width=\"30\" height=\"23\" src=\"https:\/\/believeindustry.company\/wp-content\/plugins\/youtube-embed-plus\/images\/playhover.png\" data-no-lazy=\"1\" data-skipgform_ajax_framebjll=\"\" \/><div class=\"epyt-gallery-playcrutch\"><\/div><\/div><\/div><\/div><div class=\"epyt-gallery-title\">M\u00e1quina formadora de bandejas para cables perforadas de 100 a 600 mm<\/div><\/div><div class=\"epyt-gallery-rowbreak\"><\/div><div tabindex=\"0\" role=\"button\" data-videoid=\"PiFIqMFVJvo\" class=\"epyt-gallery-thumb\"><div class=\"epyt-gallery-img-box\"><div class=\"epyt-gallery-img\" style=\"background-image: url(https:\/\/i.ytimg.com\/vi\/PiFIqMFVJvo\/hqdefault.jpg)\"><div class=\"epyt-gallery-playhover\"><img decoding=\"async\" alt=\"jugar\" class=\"epyt-play-img\" width=\"30\" height=\"23\" src=\"https:\/\/believeindustry.company\/wp-content\/plugins\/youtube-embed-plus\/images\/playhover.png\" data-no-lazy=\"1\" data-skipgform_ajax_framebjll=\"\" \/><div class=\"epyt-gallery-playcrutch\"><\/div><\/div><\/div><\/div><div class=\"epyt-gallery-title\">V\u00eddeo de la m\u00e1quina perfiladora de bandejas para cables | Believe Industry<\/div><\/div><div class=\"epyt-gallery-clear\"><\/div><\/div><div class=\"epyt-pagination\"><div tabindex=\"0\" role=\"button\" class=\"epyt-pagebutton epyt-prev  hide\" data-playlistid=\"PLIdLHSelevdKUD6dMOWc5x3pDRvPbSWFP\" data-pagesize=\"9\" data-pagetoken=\"\" data-epcolumns=\"3\" data-showtitle=\"1\" data-showpaging=\"1\" data-autonext=\"0\" data-thumbplay=\"1\"><div class=\"epyt-arrow\">\u00ab<\/div> <div>Anterior<\/div><\/div><div class=\"epyt-pagenumbers hide\"><div class=\"epyt-current\">1<\/div><div class=\"epyt-pageseparator\"> \/ <\/div><div class=\"epyt-totalpages\">1<\/div><\/div><div tabindex=\"0\" role=\"button\" class=\"epyt-pagebutton epyt-next hide\" data-playlistid=\"PLIdLHSelevdKUD6dMOWc5x3pDRvPbSWFP\" data-pagesize=\"9\" data-pagetoken=\"\" data-epcolumns=\"3\" data-showtitle=\"1\" data-showpaging=\"1\" data-autonext=\"0\" data-thumbplay=\"1\"><div>Pr\u00f3ximo<\/div> <div class=\"epyt-arrow\">\u00bb<\/div><\/div><div class=\"epyt-loader\"><img decoding=\"async\" alt=\"cargando\" width=\"16\" height=\"11\" src=\"https:\/\/believeindustry.company\/wp-content\/plugins\/youtube-embed-plus\/images\/gallery-page-loader.gif\"><\/div><\/div><\/div><\/div>","protected":false},"excerpt":{"rendered":"<p>El v\u00eddeo de la m\u00e1quina formadora de rollos para bandejas portacables le mostrar\u00e1 qu\u00e9 m\u00e1quinas para bandejas portacables hemos fabricado anteriormente.\u00a0<\/p>","protected":false},"author":2,"featured_media":2468,"parent":1272,"menu_order":8,"comment_status":"closed","ping_status":"closed","template":"","meta":{"_angie_page":false,"jetpack_post_was_ever_published":false,"footnotes":"","big_sky_generated":false},"tags":[607847980,607847979,607848005],"class_list":["post-2465","page","type-page","status-publish","has-post-thumbnail","hentry","tag-cable-tray-roll-former","tag-cable-tray-roll-forming-machine-video","tag-video"],"blocksy_meta":[],"jetpack_sharing_enabled":true,"jetpack_shortlink":"https:\/\/wp.me\/P9K5n8-DL","jetpack_likes_enabled":false,"jetpack-related-posts":[{"id":6710,"url":"https:\/\/believeindustry.company\/es\/cable-tray-rolling-machine\/","url_meta":{"origin":2465,"position":0},"title":"M\u00e1quina enrolladora de bandejas de cables","author":"Believe Industry Group","date":"mayo 7, 2019","format":false,"excerpt":"Cable Tray Rolling Machine Introduction Cable Tray Rolling Machine is for producing Cable Trays, Cable Tray Ladders, Cable Tray Covers as per desired requirements. Line Layout Working Prcess: Uncoiling-- Leveling-- Servo Feeding and Punching-- Roll Forming Machine-- Cutting-- Collecting Machine Components Hydraulic UncoilerLevelerServo Feeder and Punch PressRoll FormerCutter Collection TableControlled\u2026","rel":"","context":"Entrada similar","block_context":{"text":"Entrada similar","link":""},"img":{"alt_text":"cable tray roll former","src":"https:\/\/i0.wp.com\/believeindustry.company\/wp-content\/uploads\/2019\/04\/cable-tray-roll-former.png?resize=350%2C200&ssl=1","width":350,"height":200,"srcset":"https:\/\/i0.wp.com\/believeindustry.company\/wp-content\/uploads\/2019\/04\/cable-tray-roll-former.png?resize=350%2C200&ssl=1 1x, https:\/\/i0.wp.com\/believeindustry.company\/wp-content\/uploads\/2019\/04\/cable-tray-roll-former.png?resize=525%2C300&ssl=1 1.5x, https:\/\/i0.wp.com\/believeindustry.company\/wp-content\/uploads\/2019\/04\/cable-tray-roll-former.png?resize=700%2C400&ssl=1 2x"},"classes":[]},{"id":5158,"url":"https:\/\/believeindustry.company\/es\/cable-tray-roll-forming-machine-working-video\/","url_meta":{"origin":2465,"position":1},"title":"V\u00eddeo de funcionamiento de la m\u00e1quina perfiladora de bandejas para cables","author":"Believe Industry Group","date":"marzo 22, 2019","format":false,"excerpt":"","rel":"","context":"Entrada similar","block_context":{"text":"Entrada similar","link":""},"img":{"alt_text":"","src":"https:\/\/videos.files.wordpress.com\/OO6cYdKc\/cable-tray-roll-forming-machine_hd.original.jpg?w=350&h=200&crop=1","width":350,"height":200},"classes":[]},{"id":7271,"url":"https:\/\/believeindustry.company\/es\/shrinked-ends-cable-tray-roll-forming-machine-video\/","url_meta":{"origin":2465,"position":2},"title":"V\u00eddeo de la m\u00e1quina formadora de bandejas para cables con extremos retr\u00e1ctiles","author":"Believe Industry Group","date":"diciembre 16, 2019","format":false,"excerpt":"50-100mm Width Cable Tray Roll Forming Machine Video https:\/\/videopress.com\/v\/FKtQIRzR?resizeToParent=true&cover=true&preloadContent=metadata https:\/\/videopress.com\/v\/Xpl6o7D1?resizeToParent=true&cover=true&preloadContent=metadata","rel":"","context":"Entrada similar","block_context":{"text":"Entrada similar","link":""},"img":{"alt_text":"","src":"","width":0,"height":0},"classes":[]},{"id":5368,"url":"https:\/\/believeindustry.company\/es\/cable-tray-roll-forming-machine-width-adjust-video\/","url_meta":{"origin":2465,"position":3},"title":"V\u00eddeo sobre el ajuste del ancho de la m\u00e1quina perfiladora de bandejas para cables","author":"Believe Industry Group","date":"abril 4, 2019","format":false,"excerpt":"","rel":"","context":"Entrada similar","block_context":{"text":"Entrada similar","link":""},"img":{"alt_text":"","src":"https:\/\/videos.files.wordpress.com\/zyLgukq6\/cable-tray-roll-forming-machine-width-adjust_hd.original.jpg?w=350&h=200&crop=1","width":350,"height":200},"classes":[]},{"id":1546,"url":"https:\/\/believeindustry.company\/es\/roll-forming-machine\/customized-profile-roll-forming-machine\/cable-tray-roll-forming-machine\/","url_meta":{"origin":2465,"position":4},"title":"M\u00e1quina formadora de rollos para bandejas portacables","author":"Believe Industry Group","date":"julio 11, 2018","format":false,"excerpt":"A cable tray roll forming machine is a fully automated, continuous industrial production line designed for mass manufacturing cable management components. \u00a0 It processes raw metal coils \u2014 mainly galvanized steel, stainless steel, or aluminum coils \u2014 at room temperature using a continuous cold-forming process. \u00a0 By passing the metal\u2026","rel":"","context":"En \u00abCable Ladder Roll Forming Machine\u00bb","block_context":{"text":"Cable Ladder Roll Forming Machine","link":"https:\/\/believeindustry.company\/es\/tag\/cable-ladder-roll-forming-machine\/"},"img":{"alt_text":"Cable Tray Roll Forming Machine","src":"https:\/\/i0.wp.com\/believeindustry.company\/wp-content\/uploads\/2022\/03\/cable-tray-roll-forming-machine15-1.jpg?resize=350%2C200&ssl=1","width":350,"height":200,"srcset":"https:\/\/i0.wp.com\/believeindustry.company\/wp-content\/uploads\/2022\/03\/cable-tray-roll-forming-machine15-1.jpg?resize=350%2C200&ssl=1 1x, https:\/\/i0.wp.com\/believeindustry.company\/wp-content\/uploads\/2022\/03\/cable-tray-roll-forming-machine15-1.jpg?resize=525%2C300&ssl=1 1.5x, https:\/\/i0.wp.com\/believeindustry.company\/wp-content\/uploads\/2022\/03\/cable-tray-roll-forming-machine15-1.jpg?resize=700%2C400&ssl=1 2x"},"classes":[]},{"id":3088,"url":"https:\/\/believeindustry.company\/es\/roll-forming-machine\/customized-profile-roll-forming-machine\/perforated-cable-tray-production-line\/","url_meta":{"origin":2465,"position":5},"title":"L\u00ednea de producci\u00f3n de bandejas para cables perforadas","author":"Believe Industry Group","date":"octubre 6, 2018","format":false,"excerpt":"The\u00a0perforated cable tray production line\u00a0is a high-performance duplex system engineered to manufacture\u00a0C-section cable tray profiles\u00a0with precision-allotted holes. Designed exclusively for commercial and industrial construction applications, these cable trays provide reliable support for electrical wiring, cable management, and infrastructure installations. \u00a0 Ideal for processing\u00a0medium-gauge steel\u00a0(thickness range: 0.6\u20132.0mm), this production line delivers\u2026","rel":"","context":"En \u00abCable Ladder Roll Forming Machine\u00bb","block_context":{"text":"Cable Ladder Roll Forming Machine","link":"https:\/\/believeindustry.company\/es\/tag\/cable-ladder-roll-forming-machine\/"},"img":{"alt_text":"cable tray roll forming machine video 1","src":"https:\/\/i0.wp.com\/believeindustry.company\/wp-content\/uploads\/2018\/07\/cable-tray-roll-forming-machine-video-1.jpg?resize=350%2C200&ssl=1","width":350,"height":200,"srcset":"https:\/\/i0.wp.com\/believeindustry.company\/wp-content\/uploads\/2018\/07\/cable-tray-roll-forming-machine-video-1.jpg?resize=350%2C200&ssl=1 1x, https:\/\/i0.wp.com\/believeindustry.company\/wp-content\/uploads\/2018\/07\/cable-tray-roll-forming-machine-video-1.jpg?resize=525%2C300&ssl=1 1.5x, https:\/\/i0.wp.com\/believeindustry.company\/wp-content\/uploads\/2018\/07\/cable-tray-roll-forming-machine-video-1.jpg?resize=700%2C400&ssl=1 2x, https:\/\/i0.wp.com\/believeindustry.company\/wp-content\/uploads\/2018\/07\/cable-tray-roll-forming-machine-video-1.jpg?resize=1050%2C600&ssl=1 3x"},"classes":[]}],"amp_enabled":true,"_links":{"self":[{"href":"https:\/\/believeindustry.company\/es\/wp-json\/wp\/v2\/pages\/2465","targetHints":{"allow":["GET"]}}],"collection":[{"href":"https:\/\/believeindustry.company\/es\/wp-json\/wp\/v2\/pages"}],"about":[{"href":"https:\/\/believeindustry.company\/es\/wp-json\/wp\/v2\/types\/page"}],"author":[{"embeddable":true,"href":"https:\/\/believeindustry.company\/es\/wp-json\/wp\/v2\/users\/2"}],"replies":[{"embeddable":true,"href":"https:\/\/believeindustry.company\/es\/wp-json\/wp\/v2\/comments?post=2465"}],"version-history":[{"count":0,"href":"https:\/\/believeindustry.company\/es\/wp-json\/wp\/v2\/pages\/2465\/revisions"}],"up":[{"embeddable":true,"href":"https:\/\/believeindustry.company\/es\/wp-json\/wp\/v2\/pages\/1272"}],"wp:featuredmedia":[{"embeddable":true,"href":"https:\/\/believeindustry.company\/es\/wp-json\/wp\/v2\/media\/2468"}],"wp:attachment":[{"href":"https:\/\/believeindustry.company\/es\/wp-json\/wp\/v2\/media?parent=2465"}],"wp:term":[{"taxonomy":"post_tag","embeddable":true,"href":"https:\/\/believeindustry.company\/es\/wp-json\/wp\/v2\/tags?post=2465"}],"curies":[{"name":"wp","href":"https:\/\/api.w.org\/{rel}","templated":true}]}}