{"id":2488,"date":"2018-07-20T09:59:28","date_gmt":"2018-07-20T01:59:28","guid":{"rendered":"https:\/\/believeindustry.company\/?page_id=2488"},"modified":"2025-12-05T15:15:59","modified_gmt":"2025-12-05T07:15:59","slug":"descargas","status":"publish","type":"page","link":"https:\/\/believeindustry.company\/es\/downloads\/","title":{"rendered":"Descargar"},"content":{"rendered":"<p>Descargue el cat\u00e1logo electr\u00f3nico, Manual de la Compa\u00f1\u00eda Believe Industry<\/p>\n<ol>\n<li><a  data-e-disable-page-transition=\"true\" class=\"download-link\" title=\"\" href=\"https:\/\/believeindustry.company\/es\/download\/manual-of-metal-roofing-sheet-roll-forming-machine\/?tmstv=1775298164\" rel=\"nofollow\" id=\"download-link-1750\" data-redirect=\"false\" >\n\tManual of Metal Roofing Sheet Roll Forming Machine\t(1007 descargas\t)\n<\/a>\n<\/li>\n<li><a  data-e-disable-page-transition=\"true\" class=\"download-link\" title=\"\" href=\"https:\/\/believeindustry.company\/es\/download\/e-catalogue-of-metal-sheet-roll-forming-machine\/?tmstv=1775298164\" rel=\"nofollow\" id=\"download-link-1573\" data-redirect=\"false\" >\n\tE-catalogue of Metal Sheet Roll Forming Machine\t(1014 descargas\t)\n<\/a>\n<\/li>\n<li><a  data-e-disable-page-transition=\"true\" class=\"download-link\" title=\"\" href=\"https:\/\/believeindustry.company\/es\/download\/roll-forming-handbook\/?tmstv=1775298164\" rel=\"nofollow\" id=\"download-link-1505\" data-redirect=\"false\" >\n\tRoll Forming Handbook\t(20 descargas\t)\n<\/a>\n<\/li>\n<li><a  data-e-disable-page-transition=\"true\" class=\"download-link\" title=\"\" href=\"https:\/\/believeindustry.company\/es\/download\/profile-drawings-of-believe-industry-company\/?tmstv=1775298164\" rel=\"nofollow\" id=\"download-link-1485\" data-redirect=\"false\" >\n\tProfile Drawings of Believe Industry Company\t(30 descargas\t)\n<\/a>\n<\/li>\n<li><a  data-e-disable-page-transition=\"true\" class=\"download-link\" title=\"\" href=\"https:\/\/believeindustry.company\/es\/download\/rolling-shutter-slat\/?tmstv=1775298164\" rel=\"nofollow\" id=\"download-link-1482\" data-redirect=\"false\" >\n\tRolling Shutter Slats Drawings\t(406 descargas\t)\n<\/a>\n<\/li>\n<li><a  data-e-disable-page-transition=\"true\" class=\"download-link\" title=\"\" href=\"https:\/\/believeindustry.company\/es\/download\/e-catalogue-of-power-press\/?tmstv=1775298164\" rel=\"nofollow\" id=\"download-link-1111\" data-redirect=\"false\" >\n\tE-Catalogue of Power Presses\t(1194 descargas\t)\n<\/a>\n<\/li>\n<li><a  data-e-disable-page-transition=\"true\" class=\"download-link\" title=\"\" href=\"https:\/\/believeindustry.company\/es\/download\/e-catalogue-of-believe-industry\/?tmstv=1775298164\" rel=\"nofollow\" id=\"download-link-970\" data-redirect=\"false\" >\n\tE-catalogue of Believe Industry\t(823 descargas\t)\n<\/a>\n<\/li>\n<li><a  data-e-disable-page-transition=\"true\" class=\"download-link\" title=\"\" href=\"https:\/\/believeindustry.company\/es\/download\/roll-forming-machine-guide\/?tmstv=1775298164\" rel=\"nofollow\" id=\"download-link-2585\" data-redirect=\"false\" >\n\tRoll Forming Machine Guide\t(308 descargas\t)\n<\/a>\n<\/li>\n<li><a  data-e-disable-page-transition=\"true\" class=\"download-link\" title=\"\" href=\"https:\/\/believeindustry.company\/es\/download\/cable-tray-types\/?tmstv=1775298164\" rel=\"nofollow\" id=\"download-link-3083\" data-redirect=\"false\" >\n\tCable Tray Types\t(629 descargas\t)\n<\/a>\n<\/li>\n<\/ol>\n<p>Tambi\u00e9n puedes <a href=\"https:\/\/believeindustry.company\/es\/contacto\/\">Cont\u00e1ctanos<\/a> Para obtener m\u00e1s informaci\u00f3n.<\/p>","protected":false},"excerpt":{"rendered":"<p>Download the E-catalogue, Manual of Believe Industry Company You also can Contact us for more information.<\/p>","protected":false},"author":2,"featured_media":2490,"parent":0,"menu_order":0,"comment_status":"closed","ping_status":"closed","template":"","meta":{"_angie_page":false,"jetpack_post_was_ever_published":false,"footnotes":"","big_sky_generated":false},"tags":[607847310],"class_list":["post-2488","page","type-page","status-publish","has-post-thumbnail","hentry","tag-download"],"blocksy_meta":[],"jetpack_sharing_enabled":true,"jetpack_shortlink":"https:\/\/wp.me\/P9K5n8-E8","jetpack_likes_enabled":false,"jetpack-related-posts":[{"id":2555,"url":"https:\/\/believeindustry.company\/es\/roll-forming-machine\/metal-sheet-roll-forming-machine\/steel-tile-profile-roll-forming-machine\/","url_meta":{"origin":2488,"position":0},"title":"M\u00e1quina formadora de perfiles de tejas de acero","author":"Believe Industry Group","date":"agosto 1, 2018","format":false,"excerpt":"La m\u00e1quina perfiladora de perfiles para tejas de acero se utiliza para producir perfiles de tejas de acero seg\u00fan el dise\u00f1o deseado. La profundidad de dise\u00f1o m\u00e1s reciente alcanza los 30 mm. Believe Industry Company se dedica al dise\u00f1o y la fabricaci\u00f3n de m\u00e1quinas perfiladoras de perfiles para tejas de acero desde hace m\u00e1s de 10 a\u00f1os. Contamos con\u2026","rel":"","context":"En \u00abTile Profile Roll Forming Machine\u00bb","block_context":{"text":"Tile Profile Roll Forming Machine","link":"https:\/\/believeindustry.company\/es\/tag\/tile-profile-roll-forming-machine\/"},"img":{"alt_text":"Tile Profile Roll Forming Machine","src":"https:\/\/i0.wp.com\/believeindustry.company\/wp-content\/uploads\/2018\/08\/Tile-Profile-Roll-Forming-Machine.jpg?resize=350%2C200&ssl=1","width":350,"height":200,"srcset":"https:\/\/i0.wp.com\/believeindustry.company\/wp-content\/uploads\/2018\/08\/Tile-Profile-Roll-Forming-Machine.jpg?resize=350%2C200&ssl=1 1x, https:\/\/i0.wp.com\/believeindustry.company\/wp-content\/uploads\/2018\/08\/Tile-Profile-Roll-Forming-Machine.jpg?resize=525%2C300&ssl=1 1.5x, https:\/\/i0.wp.com\/believeindustry.company\/wp-content\/uploads\/2018\/08\/Tile-Profile-Roll-Forming-Machine.jpg?resize=700%2C400&ssl=1 2x, https:\/\/i0.wp.com\/believeindustry.company\/wp-content\/uploads\/2018\/08\/Tile-Profile-Roll-Forming-Machine.jpg?resize=1050%2C600&ssl=1 3x"},"classes":[]},{"id":3923,"url":"https:\/\/believeindustry.company\/es\/privacy-policy\/","url_meta":{"origin":2488,"position":1},"title":"pol\u00edtica de privacidad","author":"Believe Industry Group","date":"enero 21, 2019","format":false,"excerpt":"Who we are Our website address is: https:\/\/believeindustry.company. What personal data we collect and why we collect it Comments When visitors leave comments on the site we collect the data shown in the comments form, and also the visitor\u2019s IP address and browser user agent string to help spam detection.\u2026","rel":"","context":"Entrada similar","block_context":{"text":"Entrada similar","link":""},"img":{"alt_text":"","src":"","width":0,"height":0},"classes":[]},{"id":1608,"url":"https:\/\/believeindustry.company\/es\/brochure-of-metal-sheets-roll-forming-machine\/","url_meta":{"origin":2488,"position":2},"title":"Folleto de la m\u00e1quina perfiladora de l\u00e1minas met\u00e1licas","author":"Believe Industry Group","date":"mayo 5, 2018","format":false,"excerpt":"Believe Industry Company have the full range of roll forming machines for metal roofing sheets, such as: IBR sheet roll forming machine Corrugated sheets roll forming machine Bemo sheet roll forming machine Metal roof tile roll forming machine [3d-flip-book mode=\"fullscreen\" urlparam=\"fb3d-page\" id=\"1588\" title=\"true\" template=\"short-white-book-view\"]","rel":"","context":"En \u00abRoll Forming Machine\u00bb","block_context":{"text":"Roll Forming Machine","link":"https:\/\/believeindustry.company\/es\/tag\/roll-forming-machine\/"},"img":{"alt_text":"roofing sheets","src":"https:\/\/i0.wp.com\/believeindustry.company\/wp-content\/uploads\/2018\/05\/roofing-sheets.jpg?resize=350%2C200&ssl=1","width":350,"height":200,"srcset":"https:\/\/i0.wp.com\/believeindustry.company\/wp-content\/uploads\/2018\/05\/roofing-sheets.jpg?resize=350%2C200&ssl=1 1x, https:\/\/i0.wp.com\/believeindustry.company\/wp-content\/uploads\/2018\/05\/roofing-sheets.jpg?resize=525%2C300&ssl=1 1.5x, https:\/\/i0.wp.com\/believeindustry.company\/wp-content\/uploads\/2018\/05\/roofing-sheets.jpg?resize=700%2C400&ssl=1 2x, https:\/\/i0.wp.com\/believeindustry.company\/wp-content\/uploads\/2018\/05\/roofing-sheets.jpg?resize=1050%2C600&ssl=1 3x"},"classes":[]},{"id":21105,"url":"https:\/\/believeindustry.company\/es\/metal-coil-calculator\/","url_meta":{"origin":2488,"position":3},"title":"Calculadora gratuita de bobinas met\u00e1licas","author":"Believe Industry Group","date":"marzo 20, 2026","format":false,"excerpt":"Believe Industry Company (Beli Rollforming) - Metal Coil Calculator Believe Industry Company (Beli Rollforming) \ud83d\udcde +86 18616927760 | \u2709\ufe0f Enquiry@believeindustry.com | \ud83c\udf10 believeindustry.company Metal Coil Calculator Material Carbon Steel Stainless Steel Aluminum Copper Mode 1: Known Weight Mode 2: Known Diameters Coil Width (mm) Coil Thickness (mm) Coil Weight (kg)\u2026","rel":"","context":"Entrada similar","block_context":{"text":"Entrada similar","link":""},"img":{"alt_text":"","src":"","width":0,"height":0},"classes":[]},{"id":2407,"url":"https:\/\/believeindustry.company\/es\/roll-forming-machine\/metal-sheet-roll-forming-machine\/box-profile-roofing-sheets-roll-forming-machine\/","url_meta":{"origin":2488,"position":4},"title":"M\u00e1quina formadora de l\u00e1minas para techos con perfil de caja","author":"Believe Industry Group","date":"julio 4, 2018","format":false,"excerpt":"La m\u00e1quina perfiladora de l\u00e1minas para techos de perfil caj\u00f3n se utiliza para producir l\u00e1minas para techos de perfil caj\u00f3n, ampliamente empleadas en la construcci\u00f3n con techos de hormig\u00f3n armado. Believe Industry ofrece una gama completa de m\u00e1quinas perfiladoras para perfiles caj\u00f3n, con componentes personalizados para cada m\u00e1quina.","rel":"","context":"En \u00abCold Roll Forming Machine\u00bb","block_context":{"text":"Cold Roll Forming Machine","link":"https:\/\/believeindustry.company\/es\/tag\/cold-roll-forming-machine\/"},"img":{"alt_text":"box profile roofing sheets roll forming machine","src":"https:\/\/i0.wp.com\/believeindustry.company\/wp-content\/uploads\/2018\/07\/box-profile-roofing-sheets-roll-forming-machine.jpg?resize=350%2C200&ssl=1","width":350,"height":200,"srcset":"https:\/\/i0.wp.com\/believeindustry.company\/wp-content\/uploads\/2018\/07\/box-profile-roofing-sheets-roll-forming-machine.jpg?resize=350%2C200&ssl=1 1x, https:\/\/i0.wp.com\/believeindustry.company\/wp-content\/uploads\/2018\/07\/box-profile-roofing-sheets-roll-forming-machine.jpg?resize=525%2C300&ssl=1 1.5x, https:\/\/i0.wp.com\/believeindustry.company\/wp-content\/uploads\/2018\/07\/box-profile-roofing-sheets-roll-forming-machine.jpg?resize=700%2C400&ssl=1 2x"},"classes":[]}],"amp_enabled":true,"_links":{"self":[{"href":"https:\/\/believeindustry.company\/es\/wp-json\/wp\/v2\/pages\/2488","targetHints":{"allow":["GET"]}}],"collection":[{"href":"https:\/\/believeindustry.company\/es\/wp-json\/wp\/v2\/pages"}],"about":[{"href":"https:\/\/believeindustry.company\/es\/wp-json\/wp\/v2\/types\/page"}],"author":[{"embeddable":true,"href":"https:\/\/believeindustry.company\/es\/wp-json\/wp\/v2\/users\/2"}],"replies":[{"embeddable":true,"href":"https:\/\/believeindustry.company\/es\/wp-json\/wp\/v2\/comments?post=2488"}],"version-history":[{"count":1,"href":"https:\/\/believeindustry.company\/es\/wp-json\/wp\/v2\/pages\/2488\/revisions"}],"predecessor-version":[{"id":19704,"href":"https:\/\/believeindustry.company\/es\/wp-json\/wp\/v2\/pages\/2488\/revisions\/19704"}],"wp:featuredmedia":[{"embeddable":true,"href":"https:\/\/believeindustry.company\/es\/wp-json\/wp\/v2\/media\/2490"}],"wp:attachment":[{"href":"https:\/\/believeindustry.company\/es\/wp-json\/wp\/v2\/media?parent=2488"}],"wp:term":[{"taxonomy":"post_tag","embeddable":true,"href":"https:\/\/believeindustry.company\/es\/wp-json\/wp\/v2\/tags?post=2488"}],"curies":[{"name":"wp","href":"https:\/\/api.w.org\/{rel}","templated":true}]}}