{"id":2652,"date":"2018-08-09T09:47:51","date_gmt":"2018-08-09T01:47:51","guid":{"rendered":"https:\/\/believeindustry.company\/?page_id=2652"},"modified":"2018-08-20T15:58:51","modified_gmt":"2018-08-20T07:58:51","slug":"video-de-linea-de-corte-longitudinal-y-linea-de-corte-longitudinal","status":"publish","type":"page","link":"https:\/\/believeindustry.company\/es\/video\/slitting-line-and-cut-to-length-line-video\/","title":{"rendered":"V\u00eddeo de la f\u00e1brica de Believe Industry Company sobre l\u00edneas de corte longitudinal y longitudinal."},"content":{"rendered":"<p><a href=\"http:\/\/www.belirollform.com\" target=\"_blank\" rel=\"noopener\">Compa\u00f1\u00eda de la Industria Believe<\/a> F\u00e1brica de <a href=\"https:\/\/believeindustry.company\/es\/equipo-de-procesamiento-de-bobinas\/linea-de-corte\/\">L\u00ednea de corte<\/a> Y el video de la l\u00ednea de corte a medida le mostrar\u00e1 la apariencia de nuestra f\u00e1brica y el video de funcionamiento de nuestras l\u00edneas.<!--more--><\/p>\n<figure class=\"wp-block-videopress-video wp-block-jetpack-videopress jetpack-videopress-player\"><div class=\"jetpack-videopress-player__wrapper\"><iframe title=\"Reproductor de video VideoPress\" aria-label=\"Reproductor de video VideoPress\" src=\"https:\/\/videopress.com\/embed\/A7dXFdgZ?at=0&#038;controls=1&#038;preloadContent=metadata\" width=\"640\"height=\"360\" frameborder=\"0\" allowfullscreen data-resize-to-parent=\"true\" allow=\"clipboard-write\"><\/iframe><\/div><\/figure>","protected":false},"excerpt":{"rendered":"<p>El v\u00eddeo de la f\u00e1brica de l\u00edneas de corte longitudinal y longitudinal de Believe Industry Company le mostrar\u00e1 el aspecto de nuestra f\u00e1brica y el funcionamiento de nuestras l\u00edneas.<\/p>","protected":false},"author":2,"featured_media":2657,"parent":1272,"menu_order":9,"comment_status":"closed","ping_status":"closed","template":"","meta":{"_angie_page":false,"footnotes":"","big_sky_generated":false},"tags":[607848006,607848005],"class_list":["post-2652","page","type-page","status-publish","has-post-thumbnail","hentry","tag-slitting-line-video","tag-video"],"blocksy_meta":[],"jetpack_sharing_enabled":true,"jetpack_shortlink":"https:\/\/wp.me\/P9K5n8-GM","jetpack_likes_enabled":false,"jetpack-related-posts":[{"id":214,"url":"https:\/\/believeindustry.company\/es\/why-choose-us\/","url_meta":{"origin":2652,"position":0},"title":"\u00bfPor qu\u00e9 elegirnos?","author":"Believe Industry Group","date":"marzo 15, 2018","format":false,"excerpt":"Believe Industry is\u00a0dedicated to producing high-quality, productivity-enhancing metal processing equipment for customers around the world. we have all the types of slitting lines and cut to length lines for different requirements. We should cosider the thickness of the material, the type of material, the weight of the coils to be\u2026","rel":"","context":"En \u00abBelieve Industry\u00bb","block_context":{"text":"Believe Industry","link":"https:\/\/believeindustry.company\/es\/tag\/believe-industry\/"},"img":{"alt_text":"pexels-photo-886465","src":"https:\/\/i0.wp.com\/believeindustry.company\/wp-content\/uploads\/2018\/03\/pexels-photo-886465.jpeg?resize=350%2C200&ssl=1","width":350,"height":200,"srcset":"https:\/\/i0.wp.com\/believeindustry.company\/wp-content\/uploads\/2018\/03\/pexels-photo-886465.jpeg?resize=350%2C200&ssl=1 1x, https:\/\/i0.wp.com\/believeindustry.company\/wp-content\/uploads\/2018\/03\/pexels-photo-886465.jpeg?resize=525%2C300&ssl=1 1.5x, https:\/\/i0.wp.com\/believeindustry.company\/wp-content\/uploads\/2018\/03\/pexels-photo-886465.jpeg?resize=700%2C400&ssl=1 2x"},"classes":[]},{"id":170,"url":"https:\/\/believeindustry.company\/es\/coil-process-equipment\/","url_meta":{"origin":2652,"position":1},"title":"Equipos para el procesamiento de bobinas","author":"Believe Industry Group","date":"marzo 14, 2018","format":false,"excerpt":"COIL PROCESS EQUIPMENT If you are looking for a suitable coil process equipment, such as Slitting Line, Cut To Length Line, or just a new leveler or slitters, or just want to replace some old requirements, BELI\u00ae has your solution. we are the leading manufacturer of Slitting Lines, Cut To\u2026","rel":"","context":"En \u00abCoil Process Equipmnet\u00bb","block_context":{"text":"Coil Process Equipmnet","link":"https:\/\/believeindustry.company\/es\/tag\/coil-process-equipment\/"},"img":{"alt_text":"COIL PROCESS EQUIPMENT","src":"https:\/\/i0.wp.com\/believeindustry.company\/wp-content\/uploads\/2018\/05\/COIL-PROCESS-EQUIPMENT.jpg?resize=350%2C200&ssl=1","width":350,"height":200,"srcset":"https:\/\/i0.wp.com\/believeindustry.company\/wp-content\/uploads\/2018\/05\/COIL-PROCESS-EQUIPMENT.jpg?resize=350%2C200&ssl=1 1x, https:\/\/i0.wp.com\/believeindustry.company\/wp-content\/uploads\/2018\/05\/COIL-PROCESS-EQUIPMENT.jpg?resize=525%2C300&ssl=1 1.5x, https:\/\/i0.wp.com\/believeindustry.company\/wp-content\/uploads\/2018\/05\/COIL-PROCESS-EQUIPMENT.jpg?resize=700%2C400&ssl=1 2x, https:\/\/i0.wp.com\/believeindustry.company\/wp-content\/uploads\/2018\/05\/COIL-PROCESS-EQUIPMENT.jpg?resize=1050%2C600&ssl=1 3x"},"classes":[]},{"id":403,"url":"https:\/\/believeindustry.company\/es\/coil-process-equipment\/slitting-line\/","url_meta":{"origin":2652,"position":2},"title":"L\u00ednea de corte","author":"Believe Industry Group","date":"marzo 16, 2018","format":false,"excerpt":"BELI \u00ae Slitting Line is used\u00a0to slit the big wide rolls\/coils into narrow rolls, and packaging it automatically. Slitting Line Information Coil\u00a0Slitting line Machine\u00a0from BELI\u00ae \u00a0are well-known \u00a0full range production: Light Gauge Coil Slitting Line Machine :(0.2-4mm)*2000mm, 20 Ton Weight. Medium\u00a0Gauge Slitting Line : (2-8 mm)*2000mm, 20 Ton Weight Heavy\u2026","rel":"","context":"Entrada similar","block_context":{"text":"Entrada similar","link":""},"img":{"alt_text":"pre-devider","src":"https:\/\/i0.wp.com\/believeindustry.company\/wp-content\/uploads\/2018\/04\/Pre-devider.jpg?resize=350%2C200&ssl=1","width":350,"height":200,"srcset":"https:\/\/i0.wp.com\/believeindustry.company\/wp-content\/uploads\/2018\/04\/Pre-devider.jpg?resize=350%2C200&ssl=1 1x, https:\/\/i0.wp.com\/believeindustry.company\/wp-content\/uploads\/2018\/04\/Pre-devider.jpg?resize=525%2C300&ssl=1 1.5x, https:\/\/i0.wp.com\/believeindustry.company\/wp-content\/uploads\/2018\/04\/Pre-devider.jpg?resize=700%2C400&ssl=1 2x"},"classes":[]},{"id":312,"url":"https:\/\/believeindustry.company\/es\/our-mission\/","url_meta":{"origin":2652,"position":3},"title":"NUESTRA MISI\u00d3N","author":"Believe Industry Group","date":"marzo 15, 2018","format":false,"excerpt":"To help you easily purchase a customized Coil Process Equipment\uff08Slitting Line, Cut To Length Line), Roll Forming Machine( Roof Machine, Steel Structure Machine), etc \u00a0for your requirements, so you can be up and running on the steel factory \u00a0in no time at all. \"One Stop Service\" is our Goal. Our\u2026","rel":"","context":"En \u00abBelieve Industry\u00bb","block_context":{"text":"Believe Industry","link":"https:\/\/believeindustry.company\/es\/tag\/believe-industry\/"},"img":{"alt_text":"pexels-photo-275247.jpeg","src":"https:\/\/i0.wp.com\/believeindustry.company\/wp-content\/uploads\/2018\/03\/pexels-photo-275247.jpeg?resize=350%2C200&ssl=1","width":350,"height":200,"srcset":"https:\/\/i0.wp.com\/believeindustry.company\/wp-content\/uploads\/2018\/03\/pexels-photo-275247.jpeg?resize=350%2C200&ssl=1 1x, https:\/\/i0.wp.com\/believeindustry.company\/wp-content\/uploads\/2018\/03\/pexels-photo-275247.jpeg?resize=525%2C300&ssl=1 1.5x, https:\/\/i0.wp.com\/believeindustry.company\/wp-content\/uploads\/2018\/03\/pexels-photo-275247.jpeg?resize=700%2C400&ssl=1 2x"},"classes":[]},{"id":1166,"url":"https:\/\/believeindustry.company\/es\/404-error-page\/","url_meta":{"origin":2652,"position":4},"title":"P\u00e1gina de error 404","author":"Believe Industry Group","date":"abril 14, 2018","format":false,"excerpt":"metaseo_404_page","rel":"","context":"Entrada similar","block_context":{"text":"Entrada similar","link":""},"img":{"alt_text":"404-error-page","src":"https:\/\/i0.wp.com\/believeindustry.company\/wp-content\/uploads\/2018\/05\/404-error-page.jpg?resize=350%2C200&ssl=1","width":350,"height":200,"srcset":"https:\/\/i0.wp.com\/believeindustry.company\/wp-content\/uploads\/2018\/05\/404-error-page.jpg?resize=350%2C200&ssl=1 1x, https:\/\/i0.wp.com\/believeindustry.company\/wp-content\/uploads\/2018\/05\/404-error-page.jpg?resize=525%2C300&ssl=1 1.5x, https:\/\/i0.wp.com\/believeindustry.company\/wp-content\/uploads\/2018\/05\/404-error-page.jpg?resize=700%2C400&ssl=1 2x, https:\/\/i0.wp.com\/believeindustry.company\/wp-content\/uploads\/2018\/05\/404-error-page.jpg?resize=1050%2C600&ssl=1 3x"},"classes":[]},{"id":472,"url":"https:\/\/believeindustry.company\/es\/coil-process-equipment\/slitting-line\/light-gauge-slitting-line\/","url_meta":{"origin":2652,"position":5},"title":"L\u00ednea de corte de calibre ligero","author":"Believe Industry Group","date":"marzo 16, 2018","format":false,"excerpt":"Light Gauge Slitting Line, which is used to slitting the coils\/rolls(Thickness is 0.2-4mm, width: 500-2000mm, weight is 55-25 Ton) \u00a0into desired narrow coils\/rolls, Light Gauge Slitting Line Usually, light gauge slitting line is high precision and speed is up to 120m\/min or more. this line widely used in steel roofing\u2026","rel":"","context":"En \u00abCoil Slitting Line\u00bb","block_context":{"text":"Coil Slitting Line","link":"https:\/\/believeindustry.company\/es\/tag\/coil-slitting-line\/"},"img":{"alt_text":"Light Gauge Slitting Line","src":"https:\/\/i0.wp.com\/believeindustry.company\/wp-content\/uploads\/2018\/03\/Light-Gauge-Slitting-Line.jpg?resize=350%2C200&ssl=1","width":350,"height":200,"srcset":"https:\/\/i0.wp.com\/believeindustry.company\/wp-content\/uploads\/2018\/03\/Light-Gauge-Slitting-Line.jpg?resize=350%2C200&ssl=1 1x, https:\/\/i0.wp.com\/believeindustry.company\/wp-content\/uploads\/2018\/03\/Light-Gauge-Slitting-Line.jpg?resize=525%2C300&ssl=1 1.5x, https:\/\/i0.wp.com\/believeindustry.company\/wp-content\/uploads\/2018\/03\/Light-Gauge-Slitting-Line.jpg?resize=700%2C400&ssl=1 2x, https:\/\/i0.wp.com\/believeindustry.company\/wp-content\/uploads\/2018\/03\/Light-Gauge-Slitting-Line.jpg?resize=1050%2C600&ssl=1 3x"},"classes":[]}],"amp_enabled":true,"_links":{"self":[{"href":"https:\/\/believeindustry.company\/es\/wp-json\/wp\/v2\/pages\/2652","targetHints":{"allow":["GET"]}}],"collection":[{"href":"https:\/\/believeindustry.company\/es\/wp-json\/wp\/v2\/pages"}],"about":[{"href":"https:\/\/believeindustry.company\/es\/wp-json\/wp\/v2\/types\/page"}],"author":[{"embeddable":true,"href":"https:\/\/believeindustry.company\/es\/wp-json\/wp\/v2\/users\/2"}],"replies":[{"embeddable":true,"href":"https:\/\/believeindustry.company\/es\/wp-json\/wp\/v2\/comments?post=2652"}],"version-history":[{"count":0,"href":"https:\/\/believeindustry.company\/es\/wp-json\/wp\/v2\/pages\/2652\/revisions"}],"up":[{"embeddable":true,"href":"https:\/\/believeindustry.company\/es\/wp-json\/wp\/v2\/pages\/1272"}],"wp:featuredmedia":[{"embeddable":true,"href":"https:\/\/believeindustry.company\/es\/wp-json\/wp\/v2\/media\/2657"}],"wp:attachment":[{"href":"https:\/\/believeindustry.company\/es\/wp-json\/wp\/v2\/media?parent=2652"}],"wp:term":[{"taxonomy":"post_tag","embeddable":true,"href":"https:\/\/believeindustry.company\/es\/wp-json\/wp\/v2\/tags?post=2652"}],"curies":[{"name":"wp","href":"https:\/\/api.w.org\/{rel}","templated":true}]}}