{"id":2674,"date":"2018-08-09T17:39:02","date_gmt":"2018-08-09T09:39:02","guid":{"rendered":"https:\/\/believeindustry.company\/?page_id=2674"},"modified":"2025-12-05T15:16:27","modified_gmt":"2025-12-05T07:16:27","slug":"prensa-punzonadora-mecanica","status":"publish","type":"page","link":"https:\/\/believeindustry.company\/es\/mechanical-punch-press\/","title":{"rendered":"Prensa punzonadora mec\u00e1nica"},"content":{"rendered":"<p>La prensa punzonadora mec\u00e1nica es una m\u00e1quina grande con un bastidor tipo \u201cC\u201d o tipo \u201cH\u201d. <a href=\"http:\/\/www.belirollform.com\" target=\"_blank\" rel=\"noopener\">Compa\u00f1\u00eda de la Industria Believe<\/a> Disponemos de una gama completa de prensas punzonadoras para diferentes necesidades. <a href=\"https:\/\/believeindustry.company\/es\/contactanos\/\">Cont\u00e1ctanos<\/a> Para obtener m\u00e1s informaci\u00f3n.<\/p>","protected":false},"excerpt":{"rendered":"<p>Mechanical Punch Press is large machine with either a &#8220;C&#8221; types frame or a &#8220;H&#8221; frame. Believe Industry Company have a full range of punch press for different requirement. Contact us for more information.<\/p>","protected":false},"author":2,"featured_media":2675,"parent":0,"menu_order":0,"comment_status":"closed","ping_status":"closed","template":"","meta":{"_angie_page":false,"footnotes":"","big_sky_generated":false},"tags":[607848009,607848010,607848008],"class_list":["post-2674","page","type-page","status-publish","has-post-thumbnail","hentry","tag-press","tag-punch","tag-punch-press"],"blocksy_meta":[],"jetpack_sharing_enabled":false,"jetpack_shortlink":"https:\/\/wp.me\/P9K5n8-H8","jetpack_likes_enabled":false,"jetpack-related-posts":[{"id":2677,"url":"https:\/\/believeindustry.company\/es\/mechanical-punch-press\/double-crank-punch-press\/","url_meta":{"origin":2674,"position":0},"title":"Prensa punzonadora de doble manivela (110-315 toneladas)","author":"Believe Industry Group","date":"agosto 9, 2018","format":false,"excerpt":"Double Crank Punch Press is for\u00a0blanking, punching, bending and forming process on small single work of thin steel plate and progressive die parts, which can connect with single press, progressive die, mechanical arm or added with transfer system Double Crank Punch Press Function Features With high rigidity design of punch\u2026","rel":"","context":"En \u00abcustom designs\u00bb","block_context":{"text":"custom designs","link":"https:\/\/believeindustry.company\/es\/tag\/custom-designs\/"},"img":{"alt_text":"Double Crank Power Press","src":"https:\/\/i0.wp.com\/believeindustry.company\/wp-content\/uploads\/2018\/08\/Double-Crank-Power-Press.jpg?resize=350%2C200&ssl=1","width":350,"height":200,"srcset":"https:\/\/i0.wp.com\/believeindustry.company\/wp-content\/uploads\/2018\/08\/Double-Crank-Power-Press.jpg?resize=350%2C200&ssl=1 1x, https:\/\/i0.wp.com\/believeindustry.company\/wp-content\/uploads\/2018\/08\/Double-Crank-Power-Press.jpg?resize=525%2C300&ssl=1 1.5x, https:\/\/i0.wp.com\/believeindustry.company\/wp-content\/uploads\/2018\/08\/Double-Crank-Power-Press.jpg?resize=700%2C400&ssl=1 2x, https:\/\/i0.wp.com\/believeindustry.company\/wp-content\/uploads\/2018\/08\/Double-Crank-Power-Press.jpg?resize=1050%2C600&ssl=1 3x"},"classes":[]},{"id":7304,"url":"https:\/\/believeindustry.company\/es\/upright-post-roll-forming-machine\/","url_meta":{"origin":2674,"position":1},"title":"M\u00e1quina formadora de postes verticales","author":"Believe Industry Group","date":"enero 8, 2020","format":false,"excerpt":"Upright Post Roll Forming Machine is for producing upright post as per requirement Upright Post Machine Components UncoilerLevrling MachineServo Feeder and Punch PressQuick replace punch die deviceAdjustable Roll Forming MachineServo Tracking Cutting DeviceCollection TableHydraulic StationController Panel Technical Parameters of Post Machine Line Speed: 10-15m\/minUncoiler Capacity: 5 TonPunch Press Capacity: 110\u2026","rel":"","context":"Entrada similar","block_context":{"text":"Entrada similar","link":""},"img":{"alt_text":"upright post roll forming machine","src":"https:\/\/i0.wp.com\/believeindustry.company\/wp-content\/uploads\/2020\/01\/upright-post-roll-forming-machine.jpg?resize=350%2C200&ssl=1","width":350,"height":200,"srcset":"https:\/\/i0.wp.com\/believeindustry.company\/wp-content\/uploads\/2020\/01\/upright-post-roll-forming-machine.jpg?resize=350%2C200&ssl=1 1x, https:\/\/i0.wp.com\/believeindustry.company\/wp-content\/uploads\/2020\/01\/upright-post-roll-forming-machine.jpg?resize=525%2C300&ssl=1 1.5x, https:\/\/i0.wp.com\/believeindustry.company\/wp-content\/uploads\/2020\/01\/upright-post-roll-forming-machine.jpg?resize=700%2C400&ssl=1 2x, https:\/\/i0.wp.com\/believeindustry.company\/wp-content\/uploads\/2020\/01\/upright-post-roll-forming-machine.jpg?resize=1050%2C600&ssl=1 3x, https:\/\/i0.wp.com\/believeindustry.company\/wp-content\/uploads\/2020\/01\/upright-post-roll-forming-machine.jpg?resize=1400%2C800&ssl=1 4x"},"classes":[]},{"id":6603,"url":"https:\/\/believeindustry.company\/es\/cable-tray-roll-former\/","url_meta":{"origin":2674,"position":2},"title":"M\u00e1quina formadora de rollos para bandejas portacables","author":"Believe Industry Group","date":"abril 30, 2019","format":false,"excerpt":"Cable Tray Roll Former is for producing various width of cable trays, cable tray covers, cable tray ladders as per requirements. Technical Parameters of Cable Tray Roll Former Cable Tray Line Layout Uncoiling-- Leveling-- Feeding and Punching-- Roll Forming-- Cutting-- Collecting Cable Tray Machine Components Hydraulic UncoilerLeveling MachineServo Feeder and\u2026","rel":"","context":"Entrada similar","block_context":{"text":"Entrada similar","link":""},"img":{"alt_text":"cable tray production line","src":"https:\/\/i0.wp.com\/believeindustry.company\/wp-content\/uploads\/2019\/04\/cable-tray-production-line.jpg?resize=350%2C200&ssl=1","width":350,"height":200,"srcset":"https:\/\/i0.wp.com\/believeindustry.company\/wp-content\/uploads\/2019\/04\/cable-tray-production-line.jpg?resize=350%2C200&ssl=1 1x, https:\/\/i0.wp.com\/believeindustry.company\/wp-content\/uploads\/2019\/04\/cable-tray-production-line.jpg?resize=525%2C300&ssl=1 1.5x, https:\/\/i0.wp.com\/believeindustry.company\/wp-content\/uploads\/2019\/04\/cable-tray-production-line.jpg?resize=700%2C400&ssl=1 2x, https:\/\/i0.wp.com\/believeindustry.company\/wp-content\/uploads\/2019\/04\/cable-tray-production-line.jpg?resize=1050%2C600&ssl=1 3x, https:\/\/i0.wp.com\/believeindustry.company\/wp-content\/uploads\/2019\/04\/cable-tray-production-line.jpg?resize=1400%2C800&ssl=1 4x"},"classes":[]},{"id":6710,"url":"https:\/\/believeindustry.company\/es\/cable-tray-rolling-machine\/","url_meta":{"origin":2674,"position":3},"title":"M\u00e1quina enrolladora de bandejas de cables","author":"Believe Industry Group","date":"mayo 7, 2019","format":false,"excerpt":"Cable Tray Rolling Machine Introduction Cable Tray Rolling Machine is for producing Cable Trays, Cable Tray Ladders, Cable Tray Covers as per desired requirements. Line Layout Working Prcess: Uncoiling-- Leveling-- Servo Feeding and Punching-- Roll Forming Machine-- Cutting-- Collecting Machine Components Hydraulic UncoilerLevelerServo Feeder and Punch PressRoll FormerCutter Collection TableControlled\u2026","rel":"","context":"Entrada similar","block_context":{"text":"Entrada similar","link":""},"img":{"alt_text":"cable tray roll former","src":"https:\/\/i0.wp.com\/believeindustry.company\/wp-content\/uploads\/2019\/04\/cable-tray-roll-former.png?resize=350%2C200&ssl=1","width":350,"height":200,"srcset":"https:\/\/i0.wp.com\/believeindustry.company\/wp-content\/uploads\/2019\/04\/cable-tray-roll-former.png?resize=350%2C200&ssl=1 1x, https:\/\/i0.wp.com\/believeindustry.company\/wp-content\/uploads\/2019\/04\/cable-tray-roll-former.png?resize=525%2C300&ssl=1 1.5x, https:\/\/i0.wp.com\/believeindustry.company\/wp-content\/uploads\/2019\/04\/cable-tray-roll-former.png?resize=700%2C400&ssl=1 2x"},"classes":[]},{"id":6869,"url":"https:\/\/believeindustry.company\/es\/roll-forming-machine\/customized-profile-roll-forming-machine\/greenhouse-profile-roll-forming-machine\/","url_meta":{"origin":2674,"position":4},"title":"M\u00e1quina perfiladora de perfiles para invernaderos","author":"Believe Industry Group","date":"julio 2, 2019","format":false,"excerpt":"Greenhouse Profile Roll Forming Machine is for producing greenhouse profiles. Such as steel angle, channel, conduit, or a hat-shaped fastener. Believe Industry Company help you roll your profiles with precision. Making a greenhouse frame that is sturdy is essential. Keeping your or your customers' greenhouse sturdy stands through all weather,\u2026","rel":"","context":"En \u00abcustom designs\u00bb","block_context":{"text":"custom designs","link":"https:\/\/believeindustry.company\/es\/tag\/custom-designs\/"},"img":{"alt_text":"cropped greenhouse profile roll forming machine","src":"https:\/\/i0.wp.com\/believeindustry.company\/wp-content\/uploads\/2019\/07\/cropped-greenhouse-profile-roll-forming-machine.jpg?resize=350%2C200&ssl=1","width":350,"height":200,"srcset":"https:\/\/i0.wp.com\/believeindustry.company\/wp-content\/uploads\/2019\/07\/cropped-greenhouse-profile-roll-forming-machine.jpg?resize=350%2C200&ssl=1 1x, https:\/\/i0.wp.com\/believeindustry.company\/wp-content\/uploads\/2019\/07\/cropped-greenhouse-profile-roll-forming-machine.jpg?resize=525%2C300&ssl=1 1.5x, https:\/\/i0.wp.com\/believeindustry.company\/wp-content\/uploads\/2019\/07\/cropped-greenhouse-profile-roll-forming-machine.jpg?resize=700%2C400&ssl=1 2x"},"classes":[]},{"id":1298,"url":"https:\/\/believeindustry.company\/es\/roll-forming-machine\/pallet-racking-roll-forming-machine\/upright-rack-roll-forming-machine\/","url_meta":{"origin":2674,"position":5},"title":"M\u00e1quina formadora de rodillos de estanter\u00eda vertical","author":"Believe Industry Group","date":"abril 17, 2018","format":false,"excerpt":"Upright rack roll forming machine technology is the backbone of modern warehouse logistics. At Beli RollForming, we specialize in manufacturing high-precision machinery designed to produce durable upright racks for warehouse pallet rack systems. Our machines are engineered to handle various sizes and thicknesses, ensuring your production line is both adjustable\u2026","rel":"","context":"En \u00abRack Roll Forming\u00bb","block_context":{"text":"Rack Roll Forming","link":"https:\/\/believeindustry.company\/es\/tag\/rack-roll-forming\/"},"img":{"alt_text":"upright rack roll forming machine","src":"https:\/\/i0.wp.com\/believeindustry.company\/wp-content\/uploads\/2024\/02\/upright-rack-roll-forming-machine.jpg?resize=350%2C200&ssl=1","width":350,"height":200,"srcset":"https:\/\/i0.wp.com\/believeindustry.company\/wp-content\/uploads\/2024\/02\/upright-rack-roll-forming-machine.jpg?resize=350%2C200&ssl=1 1x, https:\/\/i0.wp.com\/believeindustry.company\/wp-content\/uploads\/2024\/02\/upright-rack-roll-forming-machine.jpg?resize=525%2C300&ssl=1 1.5x, https:\/\/i0.wp.com\/believeindustry.company\/wp-content\/uploads\/2024\/02\/upright-rack-roll-forming-machine.jpg?resize=700%2C400&ssl=1 2x, https:\/\/i0.wp.com\/believeindustry.company\/wp-content\/uploads\/2024\/02\/upright-rack-roll-forming-machine.jpg?resize=1050%2C600&ssl=1 3x"},"classes":[]}],"amp_enabled":true,"_links":{"self":[{"href":"https:\/\/believeindustry.company\/es\/wp-json\/wp\/v2\/pages\/2674","targetHints":{"allow":["GET"]}}],"collection":[{"href":"https:\/\/believeindustry.company\/es\/wp-json\/wp\/v2\/pages"}],"about":[{"href":"https:\/\/believeindustry.company\/es\/wp-json\/wp\/v2\/types\/page"}],"author":[{"embeddable":true,"href":"https:\/\/believeindustry.company\/es\/wp-json\/wp\/v2\/users\/2"}],"replies":[{"embeddable":true,"href":"https:\/\/believeindustry.company\/es\/wp-json\/wp\/v2\/comments?post=2674"}],"version-history":[{"count":2,"href":"https:\/\/believeindustry.company\/es\/wp-json\/wp\/v2\/pages\/2674\/revisions"}],"predecessor-version":[{"id":19705,"href":"https:\/\/believeindustry.company\/es\/wp-json\/wp\/v2\/pages\/2674\/revisions\/19705"}],"wp:featuredmedia":[{"embeddable":true,"href":"https:\/\/believeindustry.company\/es\/wp-json\/wp\/v2\/media\/2675"}],"wp:attachment":[{"href":"https:\/\/believeindustry.company\/es\/wp-json\/wp\/v2\/media?parent=2674"}],"wp:term":[{"taxonomy":"post_tag","embeddable":true,"href":"https:\/\/believeindustry.company\/es\/wp-json\/wp\/v2\/tags?post=2674"}],"curies":[{"name":"wp","href":"https:\/\/api.w.org\/{rel}","templated":true}]}}