{"id":2853,"date":"2018-10-02T10:29:13","date_gmt":"2018-10-02T02:29:13","guid":{"rendered":"https:\/\/believeindustry.company\/?page_id=2853"},"modified":"2025-12-05T15:45:23","modified_gmt":"2025-12-05T07:45:23","slug":"maquina-formadora-de-perfiles-y-rieles-metalicos","status":"publish","type":"page","link":"https:\/\/believeindustry.company\/es\/roll-forming-machine\/customized-profile-roll-forming-machine\/metal-stud-and-track-roll-forming-machine\/","title":{"rendered":"M\u00e1quina formadora de pernos y rieles"},"content":{"rendered":"<p><strong>M\u00e1quina formadora de perfiles y rieles met\u00e1licos<\/strong> Se utiliza para fabricar montantes y rieles de diversos tipos, ampliamente empleados en la industria de la construcci\u00f3n ligera de acero.<\/p>\n\n\n\n<h2 class=\"wp-block-heading\"><strong><span style=\"font-size: 18pt;\">M\u00e1quina formadora de perfiles y rieles met\u00e1licos<\/span><\/strong><\/h2>\n\n\n\n<h3 class=\"wp-block-heading\"><strong><span style=\"font-size: 14pt;\">\u00bfQu\u00e9 es Stud and Track?<\/span><\/strong><\/h3>\n\n\n\n<p>El <strong>pernos y pista <\/strong>Son muy f\u00e1ciles de instalar con un m\u00ednimo de conocimientos y herramientas. Los pernos encajan verticalmente en el riel del tama\u00f1o adecuado, que se instala horizontalmente en la parte superior e inferior.&nbsp;<\/p>\n\n\n\n<h3 class=\"wp-block-heading\"><span style=\"font-size: 14pt;\">Disposici\u00f3n de la m\u00e1quina de esp\u00e1rragos y orugas<\/span><\/h3>\n\n\n\n<figure class=\"wp-block-image\"><img decoding=\"async\" src=\"https:\/\/believeindustry.company\/wp-content\/uploads\/2018\/10\/stud-and-track-roll-forming-machine-layout.jpg\" alt=\"M\u00e1quina formadora de rodillos para esp\u00e1rragos y rieles\" class=\"wp-image-3020\"\/><figcaption class=\"wp-element-caption\">Desenrollado \u2013 Alimentaci\u00f3n y guiado \u2013 Conformado por rodillos \u2013 Enderezado \u2013 Corte \u2013 Recogida<\/figcaption><\/figure>\n\n\n\n<ol class=\"wp-block-list\">\n<li>Desenrollador<\/li>\n\n\n\n<li>Laminadora con enderezadora<\/li>\n\n\n\n<li>Unidad de corte<\/li>\n\n\n\n<li>Mesa de recepci\u00f3n<\/li>\n\n\n\n<li>Caja controlada<\/li>\n<\/ol>\n\n\n\n<h3 class=\"wp-block-heading\"><strong><span style=\"font-size: 14pt;\">Componentes y especificaciones de la m\u00e1quina<\/span><\/strong><\/h3>\n\n\n\n<h4 class=\"wp-block-heading\"><strong><span style=\"font-size: 12pt;\">Desenrollador el\u00e9ctrico de 3 toneladas<\/span><\/strong><\/h4>\n\n\n\n<ol class=\"wp-block-list\">\n<li>Peso m\u00e1ximo: 2 toneladas<\/li>\n\n\n\n<li>Di\u00e1metro interior de la bobina: 460-560 mm<\/li>\n\n\n\n<li>Placa de acero y viga C soldadas<\/li>\n\n\n\n<li>Funci\u00f3n: El desenrollador se utiliza para sujetar y desenrollar las bobinas. Este desenrollador manual no funciona con electricidad. Es necesario ajustar manualmente el mandril del desenrollador para tensar la bobina.<\/li>\n<\/ol>\n\n\n\n<h4 class=\"wp-block-heading\"><span style=\"font-size: 12pt;\">Dispositivo de alimentaci\u00f3n y guiado de la m\u00e1quina de esp\u00e1rragos y orugas<\/span><\/h4>\n\n\n\n<ol class=\"wp-block-list\">\n<li>Rango de ancho: 200-300 mm<\/li>\n\n\n\n<li>Tipo de alimentaci\u00f3n: Alimentaci\u00f3n manual<\/li>\n\n\n\n<li>Tipo de gu\u00eda: Ajuste manual<\/li>\n\n\n\n<li>Funci\u00f3n de guiado: Evitar la desviaci\u00f3n del material<\/li>\n<\/ol>\n\n\n\n<h4 class=\"wp-block-heading\"><strong><span style=\"font-size: 12pt;\">M\u00e1quina formadora de perfiles y rieles met\u00e1licos<\/span><\/strong><\/h4>\n\n\n\n<ol class=\"wp-block-list\">\n<li>Estructura de la m\u00e1quina: La base principal utiliza vigas en C soldadas; el motor se ensambla en el interior de la m\u00e1quina; la estructura del molino utiliza chapa soldada; el bloque de cojinetes inferior se ensambla directamente en la chapa de acero, igual que en el dise\u00f1o taiwan\u00e9s.<\/li>\n\n\n\n<li>Velocidad de formaci\u00f3n: 12-15 m\/min<\/li>\n\n\n\n<li>Tensi\u00f3n y frecuencia de la m\u00e1quina: 415 V, 50 Hz, trif\u00e1sica<\/li>\n\n\n\n<li>Material de los rodillos: GCR15, mecanizado CNC, dureza Rockwell C 58-62, cromado de 0,05 mm de espesor<\/li>\n\n\n\n<li>Pasos de formaci\u00f3n: 18<\/li>\n\n\n\n<li>Material del eje: ASTM1045, torneado y pulido del di\u00e1metro exterior<\/li>\n\n\n\n<li>Di\u00e1metro del eje: 60 mm<\/li>\n\n\n\n<li>Material de los espaciadores: ASTM1045, espesor de pared: 8 mm, cromado y con tratamiento de dureza.<\/li>\n\n\n\n<li>Motor accionado: Marca china Guomao, 5,5 kW<\/li>\n\n\n\n<li>Transmisi\u00f3n: Por engranajes<\/li>\n\n\n\n<li>Panel lateral de la m\u00e1quina: 18 mm<\/li>\n<\/ol>\n\n\n\n<h4 class=\"wp-block-heading\"><strong><span style=\"font-size: 12pt;\">Dispositivo de corte hidr\u00e1ulico<\/span><\/strong><\/h4>\n\n\n\n<ol class=\"wp-block-list\">\n<li>Tipo de corte: Corte hidr\u00e1ulico, la pieza de conformado por rodillo se detiene durante el corte.<\/li>\n\n\n\n<li>Potencia del motor hidr\u00e1ulico: 4 kW<\/li>\n\n\n\n<li>Presi\u00f3n de trabajo hidr\u00e1ulica: 12-16 MPa<\/li>\n\n\n\n<li>Material de la cuchilla de corte: Cr12 con tratamiento t\u00e9rmico<\/li>\n\n\n\n<li>Medici\u00f3n de longitud: Medici\u00f3n de longitud con codificador autom\u00e1tico (marca Omron).<\/li>\n\n\n\n<li>Tolerancia de longitud: \u00b11,0 mm<\/li>\n<\/ol>\n\n\n\n<h4 class=\"wp-block-heading\"><strong><span style=\"font-size: 12pt;\">Sistema controlado para m\u00e1quina de montantes y rieles met\u00e1licos<\/span><\/strong><\/h4>\n\n\n\n<ol class=\"wp-block-list\">\n<li>Idioma del sistema operativo: ingl\u00e9s y chino (Si necesita otro idioma, le enviaremos las instrucciones en ingl\u00e9s y usted deber\u00e1 traducirlas a su idioma. Luego, configuraremos las instrucciones en su idioma).<\/li>\n\n\n\n<li>Voltaje y frecuencia: 415 V, 50 Hz, trif\u00e1sico<\/li>\n\n\n\n<li>Panel de control: Pantalla t\u00e1ctil con interruptor de bot\u00f3n.<\/li>\n\n\n\n<li>Unidad de longitud: Mil\u00edmetro (seleccionable en el panel de control)<\/li>\n\n\n\n<li>Marca del PLC: Panasonic<\/li>\n\n\n\n<li>Marca del convertidor de frecuencia: Yaskawa<\/li>\n\n\n\n<li>Marca del codificador: Omron<\/li>\n\n\n\n<li>Marca de pantalla t\u00e1ctil: MCSG<\/li>\n\n\n\n<li>Adoptamos conectores de aviaci\u00f3n para facilitar la uni\u00f3n de los cables por parte de los clientes.<\/li>\n\n\n\n<li>Puede configurar la longitud y la cantidad de corte en la pantalla t\u00e1ctil. La m\u00e1quina se detendr\u00e1 autom\u00e1ticamente una vez finalizado el programa de corte.<\/li>\n<\/ol>\n\n\n\n<p><a href=\"http:\/\/www.belirollform.com\" target=\"_blank\" rel=\"noopener\">Compa\u00f1\u00eda de la Industria Believe<\/a> Disponemos de varios tipos de m\u00e1quinas para montantes y orugas para diferentes necesidades. <a href=\"https:\/\/believeindustry.company\/es\/contactanos\/\">Cont\u00e1ctanos<\/a> Para obtener m\u00e1s informaci\u00f3n.<\/p>","protected":false},"excerpt":{"rendered":"<p>Metal Stud and Track Roll Forming Machine is for produce studs and tracks with various types. Which is widely used in light steel construction industry. Metal Stud and Track Roll Forming Machine What&#8217;s Stud and Track? The stud and track are very easy to install with the minimum of knowledge and tools. The studs fit [&hellip;]<\/p>\n","protected":false},"author":2,"featured_media":3067,"parent":1257,"menu_order":2,"comment_status":"closed","ping_status":"closed","template":"","meta":{"_angie_page":false,"jetpack_post_was_ever_published":false,"footnotes":"","big_sky_generated":false},"tags":[607849634,607848204,607848541,607848203,607847938,607847940,607848539],"class_list":["post-2853","page","type-page","status-publish","has-post-thumbnail","hentry","tag-custom-designs","tag-metal-stud-machine","tag-metal-stud-roll-forming-machine","tag-steel-stud-machine","tag-steel-stud-roll-forming-machine","tag-stud-and-track-machine","tag-stud-machine"],"blocksy_meta":[],"jetpack_sharing_enabled":true,"jetpack_shortlink":"https:\/\/wp.me\/P9K5n8-K1","jetpack_likes_enabled":false,"jetpack-related-posts":[{"id":2607,"url":"https:\/\/believeindustry.company\/es\/roll-forming-machine\/customized-profile-roll-forming-machine\/steel-stud-roll-forming-machine\/","url_meta":{"origin":2853,"position":0},"title":"M\u00c1QUINA FORJADORA DE RODILLOS DE PERNOS DE ACERO","author":"Believe Industry Group","date":"agosto 6, 2018","format":false,"excerpt":"La m\u00e1quina perfiladora de perfiles de acero se utiliza para producir perfiles de acero para paredes y techos con las especificaciones requeridas. La m\u00e1quina puede producir perfiles de acero de diversos tama\u00f1os. Believe Industry Company se dedica al dise\u00f1o y fabricaci\u00f3n de una gama completa de m\u00e1quinas perfiladoras para perfiles de acero.","rel":"","context":"En \u00abcustom designs\u00bb","block_context":{"text":"custom designs","link":"https:\/\/believeindustry.company\/es\/tag\/custom-designs\/"},"img":{"alt_text":"Steel Stud Roll Forming Machine","src":"https:\/\/i0.wp.com\/believeindustry.company\/wp-content\/uploads\/2018\/08\/Steel-Stud-Roll-Forming-Machine.jpg?resize=350%2C200&ssl=1","width":350,"height":200,"srcset":"https:\/\/i0.wp.com\/believeindustry.company\/wp-content\/uploads\/2018\/08\/Steel-Stud-Roll-Forming-Machine.jpg?resize=350%2C200&ssl=1 1x, https:\/\/i0.wp.com\/believeindustry.company\/wp-content\/uploads\/2018\/08\/Steel-Stud-Roll-Forming-Machine.jpg?resize=525%2C300&ssl=1 1.5x, https:\/\/i0.wp.com\/believeindustry.company\/wp-content\/uploads\/2018\/08\/Steel-Stud-Roll-Forming-Machine.jpg?resize=700%2C400&ssl=1 2x, https:\/\/i0.wp.com\/believeindustry.company\/wp-content\/uploads\/2018\/08\/Steel-Stud-Roll-Forming-Machine.jpg?resize=1050%2C600&ssl=1 3x"},"classes":[]},{"id":3543,"url":"https:\/\/believeindustry.company\/es\/roll-forming-machine\/customized-profile-roll-forming-machine\/ceiling-channel-roll-forming-machine\/","url_meta":{"origin":2853,"position":1},"title":"M\u00e1quina formadora de canales para techos","author":"Believe Industry Group","date":"enero 9, 2019","format":false,"excerpt":"Believe Industry Company's Ceiling Chanel Roll Forming Machine can manufacturing C Channel, Wall Angle, POP Channel, False Ceiling, Furring Channel as per requirements. Ceiling Channel Roll Forming Machine What's Ceiling Channels? Ceiling Channels are consist of below items: Furring Channel Wall Angle Pop Main Channel False Ceiling Section Intermediate Channel\u2026","rel":"","context":"En \u00abc channel roll forming machine\u00bb","block_context":{"text":"c channel roll forming machine","link":"https:\/\/believeindustry.company\/es\/tag\/c-channel-roll-forming-machine\/"},"img":{"alt_text":"ceiling channel roll forming machine supplier","src":"https:\/\/i0.wp.com\/believeindustry.company\/wp-content\/uploads\/2019\/01\/ceiling-channel-roll-forming-machine-supplier.jpg?resize=350%2C200&ssl=1","width":350,"height":200,"srcset":"https:\/\/i0.wp.com\/believeindustry.company\/wp-content\/uploads\/2019\/01\/ceiling-channel-roll-forming-machine-supplier.jpg?resize=350%2C200&ssl=1 1x, https:\/\/i0.wp.com\/believeindustry.company\/wp-content\/uploads\/2019\/01\/ceiling-channel-roll-forming-machine-supplier.jpg?resize=525%2C300&ssl=1 1.5x, https:\/\/i0.wp.com\/believeindustry.company\/wp-content\/uploads\/2019\/01\/ceiling-channel-roll-forming-machine-supplier.jpg?resize=700%2C400&ssl=1 2x, https:\/\/i0.wp.com\/believeindustry.company\/wp-content\/uploads\/2019\/01\/ceiling-channel-roll-forming-machine-supplier.jpg?resize=1050%2C600&ssl=1 3x, https:\/\/i0.wp.com\/believeindustry.company\/wp-content\/uploads\/2019\/01\/ceiling-channel-roll-forming-machine-supplier.jpg?resize=1400%2C800&ssl=1 4x"},"classes":[]},{"id":1257,"url":"https:\/\/believeindustry.company\/es\/roll-forming-machine\/customized-profile-roll-forming-machine\/","url_meta":{"origin":2853,"position":2},"title":"M\u00e1quina formadora de perfiles personalizados","author":"Believe Industry Group","date":"abril 16, 2018","format":false,"excerpt":"Beli RollForming's Customized Profile Roll Forming Machine is a powerful engineering solution designed to transform flat metal coils (like GI, Aluminum, Stainless Steel, etc.) into complex, specific cross-sections. Unlike standard machines, this equipment is entirely tailored to your unique profile drawings and production needs, featuring amazing precision, integrated in-line processes\u2026","rel":"","context":"En \u00abbelieve industry machine\u00bb","block_context":{"text":"believe industry machine","link":"https:\/\/believeindustry.company\/es\/tag\/believe-industry-machine\/"},"img":{"alt_text":"customized profile roll forming machine","src":"https:\/\/i0.wp.com\/believeindustry.company\/wp-content\/uploads\/2018\/04\/customized-profiles.jpg?resize=350%2C200&ssl=1","width":350,"height":200,"srcset":"https:\/\/i0.wp.com\/believeindustry.company\/wp-content\/uploads\/2018\/04\/customized-profiles.jpg?resize=350%2C200&ssl=1 1x, https:\/\/i0.wp.com\/believeindustry.company\/wp-content\/uploads\/2018\/04\/customized-profiles.jpg?resize=525%2C300&ssl=1 1.5x, https:\/\/i0.wp.com\/believeindustry.company\/wp-content\/uploads\/2018\/04\/customized-profiles.jpg?resize=700%2C400&ssl=1 2x, https:\/\/i0.wp.com\/believeindustry.company\/wp-content\/uploads\/2018\/04\/customized-profiles.jpg?resize=1050%2C600&ssl=1 3x"},"classes":[]},{"id":742,"url":"https:\/\/believeindustry.company\/es\/coil-process-equipment\/cut-to-length-lines\/light-gauge-cut-to-length-line\/","url_meta":{"origin":2853,"position":3},"title":"L\u00ednea de corte a medida de calibre ligero","author":"Believe Industry Group","date":"marzo 28, 2018","format":false,"excerpt":"BELI\u00ae have full range of Coil Process Equipment: Slitting Lines, Cut To Length Lines, Blank Lines. And the Cut To Length Line is classified\u00a0into 3 classes: \u00a0Heavy Gauge, \u00a0Medium Gauge and \u00a0Light Gauge Cut To Length Line. All our lines are customized for different demands Light Gauge Cut To Length\u2026","rel":"","context":"Entrada similar","block_context":{"text":"Entrada similar","link":""},"img":{"alt_text":"light gauge cut to length line","src":"https:\/\/i0.wp.com\/believeindustry.company\/wp-content\/uploads\/2018\/03\/DSC_3370-e1522227763287.jpg?resize=350%2C200&ssl=1","width":350,"height":200,"srcset":"https:\/\/i0.wp.com\/believeindustry.company\/wp-content\/uploads\/2018\/03\/DSC_3370-e1522227763287.jpg?resize=350%2C200&ssl=1 1x, https:\/\/i0.wp.com\/believeindustry.company\/wp-content\/uploads\/2018\/03\/DSC_3370-e1522227763287.jpg?resize=525%2C300&ssl=1 1.5x, https:\/\/i0.wp.com\/believeindustry.company\/wp-content\/uploads\/2018\/03\/DSC_3370-e1522227763287.jpg?resize=700%2C400&ssl=1 2x"},"classes":[]},{"id":888,"url":"https:\/\/believeindustry.company\/es\/roll-forming-machine\/steel-door-roll-forming-machine\/roller-shutter-door-track-roll-forming-machine\/","url_meta":{"origin":2853,"position":4},"title":"M\u00e1quina formadora de rieles para puertas enrollables","author":"Believe Industry Group","date":"abril 4, 2018","format":false,"excerpt":"Roller Shutter Door Track Roll Forming Machine is for producing rolling shutter track rail for raising and lowering the doors Introduction of Roller Shutter Door Track Roll Forming Machine What's Rolling Shutter Door Track? Curved roller shutter door track for Roller-Up door and garage door The Roller Shutter Track Rail\u2026","rel":"","context":"En \u00abdoor lines\u00bb","block_context":{"text":"door lines","link":"https:\/\/believeindustry.company\/es\/tag\/door-lines\/"},"img":{"alt_text":"door track roll forming machine","src":"https:\/\/i0.wp.com\/believeindustry.company\/wp-content\/uploads\/2018\/04\/door-track-roll-forming-machine-1-e1522828125688.jpg?resize=350%2C200&ssl=1","width":350,"height":200,"srcset":"https:\/\/i0.wp.com\/believeindustry.company\/wp-content\/uploads\/2018\/04\/door-track-roll-forming-machine-1-e1522828125688.jpg?resize=350%2C200&ssl=1 1x, https:\/\/i0.wp.com\/believeindustry.company\/wp-content\/uploads\/2018\/04\/door-track-roll-forming-machine-1-e1522828125688.jpg?resize=525%2C300&ssl=1 1.5x, https:\/\/i0.wp.com\/believeindustry.company\/wp-content\/uploads\/2018\/04\/door-track-roll-forming-machine-1-e1522828125688.jpg?resize=700%2C400&ssl=1 2x"},"classes":[]},{"id":1014,"url":"https:\/\/believeindustry.company\/es\/roll-forming-machine\/steel-door-roll-forming-machine\/garage-door-roll-forming-machine\/","url_meta":{"origin":2853,"position":5},"title":"M\u00e1quina perfiladora de puertas de garaje","author":"Believe Industry Group","date":"abril 10, 2018","format":false,"excerpt":"Garage Door Roll Forming Machine is for produce Garage Door Panel as per designs. And also the machine can emboss\u00a0and punch pattern of the surface of the door panel. What is Garage Door? A whole garage door system is include door panel, guide rack, controlled system, security system, etc A\u2026","rel":"","context":"En \u00abdoor lines\u00bb","block_context":{"text":"door lines","link":"https:\/\/believeindustry.company\/es\/tag\/door-lines\/"},"img":{"alt_text":"garage door roll forming machine","src":"https:\/\/i0.wp.com\/believeindustry.company\/wp-content\/uploads\/2018\/04\/garage-door-roll-forming-machine-e1523344274653.jpg?resize=350%2C200&ssl=1","width":350,"height":200,"srcset":"https:\/\/i0.wp.com\/believeindustry.company\/wp-content\/uploads\/2018\/04\/garage-door-roll-forming-machine-e1523344274653.jpg?resize=350%2C200&ssl=1 1x, https:\/\/i0.wp.com\/believeindustry.company\/wp-content\/uploads\/2018\/04\/garage-door-roll-forming-machine-e1523344274653.jpg?resize=525%2C300&ssl=1 1.5x, https:\/\/i0.wp.com\/believeindustry.company\/wp-content\/uploads\/2018\/04\/garage-door-roll-forming-machine-e1523344274653.jpg?resize=700%2C400&ssl=1 2x"},"classes":[]}],"amp_enabled":true,"_links":{"self":[{"href":"https:\/\/believeindustry.company\/es\/wp-json\/wp\/v2\/pages\/2853","targetHints":{"allow":["GET"]}}],"collection":[{"href":"https:\/\/believeindustry.company\/es\/wp-json\/wp\/v2\/pages"}],"about":[{"href":"https:\/\/believeindustry.company\/es\/wp-json\/wp\/v2\/types\/page"}],"author":[{"embeddable":true,"href":"https:\/\/believeindustry.company\/es\/wp-json\/wp\/v2\/users\/2"}],"replies":[{"embeddable":true,"href":"https:\/\/believeindustry.company\/es\/wp-json\/wp\/v2\/comments?post=2853"}],"version-history":[{"count":3,"href":"https:\/\/believeindustry.company\/es\/wp-json\/wp\/v2\/pages\/2853\/revisions"}],"predecessor-version":[{"id":19752,"href":"https:\/\/believeindustry.company\/es\/wp-json\/wp\/v2\/pages\/2853\/revisions\/19752"}],"up":[{"embeddable":true,"href":"https:\/\/believeindustry.company\/es\/wp-json\/wp\/v2\/pages\/1257"}],"wp:featuredmedia":[{"embeddable":true,"href":"https:\/\/believeindustry.company\/es\/wp-json\/wp\/v2\/media\/3067"}],"wp:attachment":[{"href":"https:\/\/believeindustry.company\/es\/wp-json\/wp\/v2\/media?parent=2853"}],"wp:term":[{"taxonomy":"post_tag","embeddable":true,"href":"https:\/\/believeindustry.company\/es\/wp-json\/wp\/v2\/tags?post=2853"}],"curies":[{"name":"wp","href":"https:\/\/api.w.org\/{rel}","templated":true}]}}