{"id":2954,"date":"2018-09-27T14:18:24","date_gmt":"2018-09-27T06:18:24","guid":{"rendered":"https:\/\/believeindustry.company\/?page_id=2954"},"modified":"2025-12-05T15:43:27","modified_gmt":"2025-12-05T07:43:27","slug":"maquina-formadora-de-rollos-de-canalon-2","status":"publish","type":"page","link":"https:\/\/believeindustry.company\/es\/roll-forming-machine\/downspoutgutter-roll-forming-machine\/gutter-roll-forming-machine-2\/","title":{"rendered":"M\u00e1quina formadora de rollos de canal\u00f3n"},"content":{"rendered":"<p><strong>M\u00e1quina formadora de rollos de canal\u00f3n <\/strong>Se utiliza para fabricar canalones seg\u00fan los planos y el grosor deseados.&nbsp;<\/p>\n\n\n\n<!--more-->\n\n\n\n<h2 class=\"wp-block-heading\"><span style=\"font-size: 18pt;\">M\u00e1quina formadora de rollos de canal\u00f3n<\/span><\/h2>\n\n\n\n<h3 class=\"wp-block-heading\"><span style=\"font-size: 14pt;\">Tipos de canalones<\/span><\/h3>\n\n\n\n<p>Existen muchos tipos diferentes de canalones, como el canal\u00f3n tipo K, el canal\u00f3n de fascia, el canal\u00f3n semicircular y el canal\u00f3n europeo.&nbsp; <a href=\"http:\/\/www.belirollform.com\" target=\"_blank\" rel=\"noopener\">Compa\u00f1\u00eda de la Industria Believe<\/a> Disponemos de una gama completa de m\u00e1quinas perfiladoras de canalones (perforadoras) para canalones.&nbsp;<a href=\"https:\/\/believeindustry.company\/es\/maquina-perfiladora-de-rodillos\/maquina-formadora-de-rollos-para-bajantes-y-canalones\/maquina-de-canaletas-portatil-en-venta\/\">&nbsp;m\u00e1quinas de canalones port\u00e1tiles<\/a> Podr\u00edan transportarse en remolques a las obras y fabricar canalones in situ. Una m\u00e1quina port\u00e1til para canalones suele estar configurada para producir un solo tipo de canal\u00f3n y, por lo general, en un solo tama\u00f1o.<\/p>\n\n\n\n<h3 class=\"wp-block-heading\"><span style=\"font-size: 14pt;\">Material para canalones<\/span><\/h3>\n\n\n\n<ul class=\"wp-block-list\"><li>Aluminio<\/li><li>Cobre<\/li><li>Galvanizado<\/li><li>Galvanizado prepintado<\/li><li>Acero inoxidable<\/li><\/ul>\n\n\n\n<h2 class=\"wp-block-heading\"><span style=\"font-size: 14pt;\">&nbsp;Componentes de la m\u00e1quina de canalones<\/span><\/h2>\n\n\n\n<ol class=\"wp-block-list\"><li>desenrollador hidr\u00e1ulico de 3 toneladas<\/li><li>laminadora<\/li><li>Enderezadora<\/li><li>Dispositivo de corte<\/li><li>Estaci\u00f3n hidr\u00e1ulica<\/li><li>Caja controlada<\/li><li>Tabla de colecci\u00f3n<\/li><\/ol>\n\n\n\n<h3 class=\"wp-block-heading\"><span style=\"font-size: 14pt;\">Par\u00e1metros de la m\u00e1quina formadora de rollos de canal\u00f3n<\/span><\/h3>\n\n\n\n<h4 class=\"wp-block-heading\"><span style=\"font-size: 12pt;\">desenrollador hidr\u00e1ulico de 3 toneladas<\/span><\/h4>\n\n\n\n<ol class=\"wp-block-list\"><li>Estructura y funci\u00f3n: Estructura soldada de placas y vigas de acero, utilizada para soportar y desenrollar las bobinas de acero.<\/li><li>Expansi\u00f3n y tensi\u00f3n del mandril del desenrollador: Expansi\u00f3n y tensi\u00f3n hidr\u00e1ulicas, potencia hidr\u00e1ulica suministrada por un motor el\u00e9ctrico de 3 kW.<\/li><li>Rango de expansi\u00f3n del mandril: de 480 mm a 520 mm<\/li><li>Desenrollado: Potencia del motor de 3 kW para el desenrollado<\/li><li>Velocidad de desenrollado: 0-15 m\/min, ajustable<\/li><li>Control de velocidad: Mediante convertidor de frecuencia, marca YASKAWA<\/li><li>Capacidad m\u00e1xima: 3000 kg<\/li><li>Di\u00e1metro interior de la bobina: 508 mm; Di\u00e1metro exterior m\u00e1ximo de la bobina: 1350 mm<\/li><\/ol>\n\n\n\n<h4 class=\"wp-block-heading\"><span style=\"font-size: 12pt;\">Laminadora<\/span><\/h4>\n\n\n\n<ol class=\"wp-block-list\"><li>Estructura de la m\u00e1quina: Bastidor de acero soldado con vigas en H como base; mecanizado mediante fresadora de p\u00f3rtico CNC.<\/li><li>Soportes laterales con rodillos: soportes tipo gu\u00eda atornillados a la base de la m\u00e1quina.<\/li><li>Estaciones de rodillos\/Pasos de formaci\u00f3n: 22 pasos<\/li><li>Material del eje: 40Cr; Di\u00e1metro: 75 mm<\/li><li>Material del rodillo: acero n.\u00b0 45, mecanizado de precisi\u00f3n con temple y revenido; superficie del rodillo con cromado de 0,05 mm.<\/li><li>Rodamiento: Rodamiento NSK<\/li><li>Potencia del motor principal: 7,5 kW<\/li><li>Velocidad de laminado: 10-15 m\/min<\/li><li>Transmisi\u00f3n: Cadena de 1,2\u201d<\/li><li>Control de velocidad: mediante variador de frecuencia<\/li><\/ol>\n\n\n\n<h4 class=\"wp-block-heading\"><span style=\"font-size: 12pt;\">Dispositivo de corte hidr\u00e1ulico<\/span><\/h4>\n\n\n\n<ol class=\"wp-block-list\"><li>Longitud y cantidad de corte: Controlado por un sistema PLC, los usuarios introducen la longitud y la cantidad requeridas en la pantalla t\u00e1ctil.<\/li><li>Material del molde de corte: Cr12Mov, HRC 58-62<\/li><li>Medici\u00f3n de la longitud de corte: Medici\u00f3n mediante codificador; marca Omron<\/li><li>Potencia de la central hidr\u00e1ulica: 4 kW<\/li><li>Tolerancia de longitud de corte: +\/-1,5 mm<\/li><\/ol>\n\n\n\n<h4 class=\"wp-block-heading\"><span style=\"font-size: 12pt;\">Sistema controlado<\/span><\/h4>\n\n\n\n<ol class=\"wp-block-list\"><li>Sistema de control: Sistema de control PLC de Siemens<\/li><li>Codificador: Marca Omron<\/li><li>Inversor: Marca Yaskawa<\/li><li>Motor: Marca Siemens<\/li><li>Pantalla t\u00e1ctil: Siemens<\/li><li>Presi\u00f3n de la estaci\u00f3n hidr\u00e1ulica: \u226512 MPa<\/li><li>Corriente: 380 V CC, 50 Hz, trif\u00e1sica<\/li><li>Los usuarios introducen la longitud y la cantidad del producto a trav\u00e9s de la pantalla t\u00e1ctil; al tocarla, se muestra el estado de funcionamiento de la m\u00e1quina.<\/li><\/ol>\n\n\n\n<div class=\"wp-block-image\"><figure class=\"aligncenter is-resized\"><img fetchpriority=\"high\" decoding=\"async\" data-attachment-id=\"2962\" data-permalink=\"https:\/\/believeindustry.company\/es\/rain-gutter-roll-forming-machine\/\" data-orig-file=\"https:\/\/believeindustry.company\/wp-content\/uploads\/2018\/09\/rain-gutter-roll-forming-machine.jpg\" data-orig-size=\"447,497\" data-comments-opened=\"1\" data-image-meta=\"{&quot;aperture&quot;:&quot;0&quot;,&quot;credit&quot;:&quot;&quot;,&quot;camera&quot;:&quot;&quot;,&quot;caption&quot;:&quot;&quot;,&quot;created_timestamp&quot;:&quot;0&quot;,&quot;copyright&quot;:&quot;&quot;,&quot;focal_length&quot;:&quot;0&quot;,&quot;iso&quot;:&quot;0&quot;,&quot;shutter_speed&quot;:&quot;0&quot;,&quot;title&quot;:&quot;&quot;,&quot;orientation&quot;:&quot;0&quot;}\" data-image-title=\"rain gutter roll forming machine\" data-image-description=\"\" data-image-caption=\"\" data-large-file=\"https:\/\/believeindustry.company\/wp-content\/uploads\/2018\/09\/rain-gutter-roll-forming-machine.jpg\" src=\"https:\/\/believeindustry.company\/wp-content\/uploads\/2018\/09\/rain-gutter-roll-forming-machine.jpg\" alt=\"m\u00e1quina formadora de rollos para canalones\" class=\"wp-image-2962\" width=\"580\" height=\"645\" srcset=\"https:\/\/believeindustry.company\/wp-content\/uploads\/2018\/09\/rain-gutter-roll-forming-machine.jpg 447w, https:\/\/believeindustry.company\/wp-content\/uploads\/2018\/09\/rain-gutter-roll-forming-machine-270x300.jpg 270w\" sizes=\"(max-width: 580px) 100vw, 580px\" \/><\/figure><\/div>\n\n\n\n<p>&nbsp;<\/p>","protected":false},"excerpt":{"rendered":"<p>La m\u00e1quina perfiladora de canalones sirve para producir canalones seg\u00fan los planos y el grosor deseados.&nbsp;<\/p>","protected":false},"author":2,"featured_media":2966,"parent":1078,"menu_order":0,"comment_status":"closed","ping_status":"closed","template":"","meta":{"_angie_page":false,"footnotes":"","big_sky_generated":false},"tags":[607849633,607847042,607848464,607848465,607848463,607848467,607848466],"class_list":["post-2954","page","type-page","status-publish","has-post-thumbnail","hentry","tag-downspout-lines","tag-gutter-machine","tag-gutter-roll-former","tag-gutter-roll-forming-machine","tag-portable-gutter-machine","tag-rain-gutter-roll-forming-machine","tag-water-gutter-roll-forming-machine"],"blocksy_meta":[],"jetpack_sharing_enabled":true,"jetpack_shortlink":"https:\/\/wp.me\/P9K5n8-LE","jetpack_likes_enabled":false,"jetpack-related-posts":[{"id":22021,"url":"https:\/\/believeindustry.company\/es\/elementor-page-22021\/","url_meta":{"origin":2954,"position":0},"title":"Bajante y canal\u00f3n","author":"Believe Industry Group","date":"abril 12, 2026","format":false,"excerpt":"A roll forming machine for rain downspout and gutter is specialized manufacturing equipment designed to produce the vital components of residential and commercial roof drainage systems.These machines continuously profile flat coils of aluminum, galvanized steel, or copper into functional, weather-resistant water management products. The equipment generally falls into two categories:\u2026","rel":"","context":"Entrada similar","block_context":{"text":"Entrada similar","link":""},"img":{"alt_text":"downspout and gutter","src":"https:\/\/i0.wp.com\/believeindustry.company\/wp-content\/uploads\/2026\/04\/downspout-and-gutter.webp?resize=350%2C200&ssl=1","width":350,"height":200,"srcset":"https:\/\/i0.wp.com\/believeindustry.company\/wp-content\/uploads\/2026\/04\/downspout-and-gutter.webp?resize=350%2C200&ssl=1 1x, https:\/\/i0.wp.com\/believeindustry.company\/wp-content\/uploads\/2026\/04\/downspout-and-gutter.webp?resize=525%2C300&ssl=1 1.5x, https:\/\/i0.wp.com\/believeindustry.company\/wp-content\/uploads\/2026\/04\/downspout-and-gutter.webp?resize=700%2C400&ssl=1 2x, https:\/\/i0.wp.com\/believeindustry.company\/wp-content\/uploads\/2026\/04\/downspout-and-gutter.webp?resize=1050%2C600&ssl=1 3x, https:\/\/i0.wp.com\/believeindustry.company\/wp-content\/uploads\/2026\/04\/downspout-and-gutter.webp?resize=1400%2C800&ssl=1 4x"},"classes":[]},{"id":2264,"url":"https:\/\/believeindustry.company\/es\/roll-forming-machine\/downspoutgutter-roll-forming-machine\/portable-gutter-machine-for-sale\/","url_meta":{"origin":2954,"position":1},"title":"M\u00e1quina de canalones port\u00e1til","author":"Believe Industry Group","date":"junio 19, 2018","format":false,"excerpt":"Believe Industry Company have a full range of portable gutter machine for sale. 5\" and 6\" K style, 6\" half round gutter and 7\" industrial gutter machines. Portable Gutter Machine For Sale What's A Gutter? A rain gutter is a components of water discharge system for a building. Water from\u2026","rel":"","context":"En \u00abdownspout lines\u00bb","block_context":{"text":"downspout lines","link":"https:\/\/believeindustry.company\/es\/tag\/downspout-lines\/"},"img":{"alt_text":"portable gutter machine for sale (2)","src":"https:\/\/i0.wp.com\/believeindustry.company\/wp-content\/uploads\/2018\/06\/portable-gutter-machine-for-sale-2.jpg?resize=350%2C200&ssl=1","width":350,"height":200,"srcset":"https:\/\/i0.wp.com\/believeindustry.company\/wp-content\/uploads\/2018\/06\/portable-gutter-machine-for-sale-2.jpg?resize=350%2C200&ssl=1 1x, https:\/\/i0.wp.com\/believeindustry.company\/wp-content\/uploads\/2018\/06\/portable-gutter-machine-for-sale-2.jpg?resize=525%2C300&ssl=1 1.5x, https:\/\/i0.wp.com\/believeindustry.company\/wp-content\/uploads\/2018\/06\/portable-gutter-machine-for-sale-2.jpg?resize=700%2C400&ssl=1 2x, https:\/\/i0.wp.com\/believeindustry.company\/wp-content\/uploads\/2018\/06\/portable-gutter-machine-for-sale-2.jpg?resize=1050%2C600&ssl=1 3x"},"classes":[]},{"id":7463,"url":"https:\/\/believeindustry.company\/es\/hydroponic-hanging-gutter-roll-former\/","url_meta":{"origin":2954,"position":2},"title":"Perfiladora de canaletas colgantes hidrop\u00f3nicas","author":"Believe Industry Group","date":"marzo 18, 2020","format":false,"excerpt":"Hydroponic Hanging Gutter Roll Former is designed to manufacture suspended gutters for hydroponic growing with recirculation in the farm and customizable to the measure of each farm in length.\u00a0And makes it easier to install and transport to the greenhouse and reduces storage and logistics problems. Our new design hanging gutter\u2026","rel":"","context":"En \u00abdownspout lines\u00bb","block_context":{"text":"downspout lines","link":"https:\/\/believeindustry.company\/es\/tag\/downspout-lines\/"},"img":{"alt_text":"Beli RollForming mobile Cultivation Gutter Roll Former for greenhouse installation","src":"https:\/\/i0.wp.com\/believeindustry.company\/wp-content\/uploads\/2020\/03\/Hydroponic-Hanging-Gutter-Roll-Former.jpg?resize=350%2C200&ssl=1","width":350,"height":200,"srcset":"https:\/\/i0.wp.com\/believeindustry.company\/wp-content\/uploads\/2020\/03\/Hydroponic-Hanging-Gutter-Roll-Former.jpg?resize=350%2C200&ssl=1 1x, https:\/\/i0.wp.com\/believeindustry.company\/wp-content\/uploads\/2020\/03\/Hydroponic-Hanging-Gutter-Roll-Former.jpg?resize=525%2C300&ssl=1 1.5x, https:\/\/i0.wp.com\/believeindustry.company\/wp-content\/uploads\/2020\/03\/Hydroponic-Hanging-Gutter-Roll-Former.jpg?resize=700%2C400&ssl=1 2x, https:\/\/i0.wp.com\/believeindustry.company\/wp-content\/uploads\/2020\/03\/Hydroponic-Hanging-Gutter-Roll-Former.jpg?resize=1050%2C600&ssl=1 3x, https:\/\/i0.wp.com\/believeindustry.company\/wp-content\/uploads\/2020\/03\/Hydroponic-Hanging-Gutter-Roll-Former.jpg?resize=1400%2C800&ssl=1 4x"},"classes":[]},{"id":8080,"url":"https:\/\/believeindustry.company\/es\/cultivation-gutter-system-and-machine\/","url_meta":{"origin":2954,"position":3},"title":"Sistema y m\u00e1quina de canaletas de cultivo","author":"Believe Industry Group","date":"julio 8, 2024","format":false,"excerpt":"Greenhouse Cultivation Gutter System Believe Industry has been developing and implementing crop-specific gutter systems and machines. Over the years we have developed various cultivation gutter models. Believe Industry therefore supplies a complete range of gutters for every crop. In close consultation we can supply the right gutter, components and also\u2026","rel":"","context":"Entrada similar","block_context":{"text":"Entrada similar","link":""},"img":{"alt_text":"Beli-205-Gutter","src":"https:\/\/i0.wp.com\/believeindustry.company\/wp-content\/uploads\/2021\/09\/Beli-205-Gutter-150x150.jpg?resize=350%2C200&ssl=1","width":350,"height":200,"srcset":"https:\/\/i0.wp.com\/believeindustry.company\/wp-content\/uploads\/2021\/09\/Beli-205-Gutter-150x150.jpg?resize=350%2C200&ssl=1 1x, https:\/\/i0.wp.com\/believeindustry.company\/wp-content\/uploads\/2021\/09\/Beli-205-Gutter-150x150.jpg?resize=525%2C300&ssl=1 1.5x"},"classes":[]},{"id":19437,"url":"https:\/\/believeindustry.company\/es\/product-2\/","url_meta":{"origin":2954,"position":4},"title":"Producto","author":"Believe Industry Group","date":"noviembre 12, 2025","format":false,"excerpt":"Energy and Electric Construction and Steel Structure Rack and Shelving Sale Rated 0 out of 5 Energy and Electric 41x41mm 41x82mm Solar Strut Channel Roll Forming Machine $85,000.00 Original price was: $85,000.00.$80,000.00Current price is: $80,000.00. View Product Sale Rated 0 out of 5 Metal Panel Trapezoidal Ribbed Spandeck Roof and\u2026","rel":"","context":"Entrada similar","block_context":{"text":"Entrada similar","link":""},"img":{"alt_text":"41x41mm 41x82mm Solar Strut Channel Roll Forming Machine","src":"https:\/\/i0.wp.com\/believeindustry.company\/wp-content\/uploads\/2025\/10\/41x41-41X82-Solar-Strut-Channel-Roll-Forming-Machine-300x214.webp?resize=350%2C200&ssl=1","width":350,"height":200},"classes":[]},{"id":1078,"url":"https:\/\/believeindustry.company\/es\/roll-forming-machine\/downspoutgutter-roll-forming-machine\/","url_meta":{"origin":2954,"position":5},"title":"M\u00e1quina formadora de rollos para bajantes y canalones","author":"Believe Industry Group","date":"abril 10, 2018","format":false,"excerpt":"","rel":"","context":"En \u00abbelieve industry machine\u00bb","block_context":{"text":"believe industry machine","link":"https:\/\/believeindustry.company\/es\/tag\/believe-industry-machine\/"},"img":{"alt_text":"DownspoutGutter Roll Forming Machines","src":"https:\/\/i0.wp.com\/believeindustry.company\/wp-content\/uploads\/2018\/04\/copper-gutter-outlet-elbows-scupper-and-downspout.jpg?resize=350%2C200&ssl=1","width":350,"height":200,"srcset":"https:\/\/i0.wp.com\/believeindustry.company\/wp-content\/uploads\/2018\/04\/copper-gutter-outlet-elbows-scupper-and-downspout.jpg?resize=350%2C200&ssl=1 1x, https:\/\/i0.wp.com\/believeindustry.company\/wp-content\/uploads\/2018\/04\/copper-gutter-outlet-elbows-scupper-and-downspout.jpg?resize=525%2C300&ssl=1 1.5x, https:\/\/i0.wp.com\/believeindustry.company\/wp-content\/uploads\/2018\/04\/copper-gutter-outlet-elbows-scupper-and-downspout.jpg?resize=700%2C400&ssl=1 2x"},"classes":[]}],"amp_enabled":true,"_links":{"self":[{"href":"https:\/\/believeindustry.company\/es\/wp-json\/wp\/v2\/pages\/2954","targetHints":{"allow":["GET"]}}],"collection":[{"href":"https:\/\/believeindustry.company\/es\/wp-json\/wp\/v2\/pages"}],"about":[{"href":"https:\/\/believeindustry.company\/es\/wp-json\/wp\/v2\/types\/page"}],"author":[{"embeddable":true,"href":"https:\/\/believeindustry.company\/es\/wp-json\/wp\/v2\/users\/2"}],"replies":[{"embeddable":true,"href":"https:\/\/believeindustry.company\/es\/wp-json\/wp\/v2\/comments?post=2954"}],"version-history":[{"count":1,"href":"https:\/\/believeindustry.company\/es\/wp-json\/wp\/v2\/pages\/2954\/revisions"}],"predecessor-version":[{"id":19747,"href":"https:\/\/believeindustry.company\/es\/wp-json\/wp\/v2\/pages\/2954\/revisions\/19747"}],"up":[{"embeddable":true,"href":"https:\/\/believeindustry.company\/es\/wp-json\/wp\/v2\/pages\/1078"}],"wp:featuredmedia":[{"embeddable":true,"href":"https:\/\/believeindustry.company\/es\/wp-json\/wp\/v2\/media\/2966"}],"wp:attachment":[{"href":"https:\/\/believeindustry.company\/es\/wp-json\/wp\/v2\/media?parent=2954"}],"wp:term":[{"taxonomy":"post_tag","embeddable":true,"href":"https:\/\/believeindustry.company\/es\/wp-json\/wp\/v2\/tags?post=2954"}],"curies":[{"name":"wp","href":"https:\/\/api.w.org\/{rel}","templated":true}]}}