{"id":3099,"date":"2018-10-06T15:20:23","date_gmt":"2018-10-06T07:20:23","guid":{"rendered":"https:\/\/believeindustry.company\/?page_id=3099"},"modified":"2025-08-25T09:59:02","modified_gmt":"2025-08-25T01:59:02","slug":"formadora-de-rollos-de-correas-c","status":"publish","type":"page","link":"https:\/\/believeindustry.company\/es\/c-purlin-roll-former\/","title":{"rendered":"Formador de rollo de correa C"},"content":{"rendered":"<p>La perfiladora de correas C produce correas C seg\u00fan las necesidades. El tama\u00f1o del alma de la correa var\u00eda de 80 a 350 mm, el tama\u00f1o del ala var\u00eda de 40 a 60 mm y el espesor var\u00eda de 1,0 a 3,5 mm.&nbsp;<\/p>\n\n\n\n<h2 class=\"wp-block-heading\"><span style=\"font-size: 18pt;\">Formador de rollo de correa C<\/span><\/h2>\n\n\n\n<h3 class=\"wp-block-heading\">Especificaciones de las correas C<\/h3>\n\n\n\n<figure class=\"wp-block-image\"><img fetchpriority=\"high\" decoding=\"async\" width=\"618\" height=\"230\" data-attachment-id=\"2762\" data-permalink=\"https:\/\/believeindustry.company\/es\/roll-forming-machine\/purlin-roll-forming-machine\/c-z-purlin-roll-forming-machine\/c-purlin\/\" data-orig-file=\"https:\/\/believeindustry.company\/wp-content\/uploads\/2018\/08\/c-purlin.png\" data-orig-size=\"618,230\" data-comments-opened=\"1\" data-image-meta=\"{&quot;aperture&quot;:&quot;0&quot;,&quot;credit&quot;:&quot;&quot;,&quot;camera&quot;:&quot;&quot;,&quot;caption&quot;:&quot;&quot;,&quot;created_timestamp&quot;:&quot;0&quot;,&quot;copyright&quot;:&quot;&quot;,&quot;focal_length&quot;:&quot;0&quot;,&quot;iso&quot;:&quot;0&quot;,&quot;shutter_speed&quot;:&quot;0&quot;,&quot;title&quot;:&quot;&quot;,&quot;orientation&quot;:&quot;0&quot;}\" data-image-title=\"c purlin\" data-image-description=\"\" data-image-caption=\"\" data-large-file=\"https:\/\/believeindustry.company\/wp-content\/uploads\/2018\/08\/c-purlin.png\" src=\"https:\/\/believeindustry.company\/wp-content\/uploads\/2018\/08\/c-purlin.png\" alt=\"c correa\" class=\"wp-image-2762\" srcset=\"https:\/\/believeindustry.company\/wp-content\/uploads\/2018\/08\/c-purlin.png 618w, https:\/\/believeindustry.company\/wp-content\/uploads\/2018\/08\/c-purlin-600x223.png 600w, https:\/\/believeindustry.company\/wp-content\/uploads\/2018\/08\/c-purlin-300x112.png 300w\" sizes=\"(max-width: 618px) 100vw, 618px\" \/><\/figure>\n\n\n\n<ol class=\"wp-block-list\">\n<li>Material: CR, HR, acero galvanizado<\/li>\n\n\n\n<li>L\u00edmite el\u00e1stico: 235-400 Mpa<\/li>\n\n\n\n<li>Los dise\u00f1os de los agujeros se pueden personalizar.<\/li>\n<\/ol>\n\n\n\n<h3 class=\"wp-block-heading\"><span style=\"font-size: 14pt;\">Componentes de la m\u00e1quina perfiladora de correas C<\/span><\/h3>\n\n\n\n<ol class=\"wp-block-list\">\n<li>Desenrollador manual<\/li>\n\n\n\n<li>M\u00e1quina perfiladora de rodillos<\/li>\n\n\n\n<li>Sistema hidr\u00e1ulico de punzonado y corte<\/li>\n\n\n\n<li>Tabla de colecci\u00f3n<\/li>\n\n\n\n<li>Sistema controlado por PLC<\/li>\n\n\n\n<li>Estaci\u00f3n hidr\u00e1ulica<\/li>\n<\/ol>\n\n\n\n<h3 class=\"wp-block-heading\"><span style=\"font-size: 14pt;\">Chat de flujo de la m\u00e1quina de correas<\/span><\/h3>\n\n\n\n<figure class=\"wp-block-image\"><img decoding=\"async\" width=\"700\" height=\"138\" data-attachment-id=\"3102\" data-permalink=\"https:\/\/believeindustry.company\/es\/c-purlin-roll-former-layout\/\" data-orig-file=\"https:\/\/believeindustry.company\/wp-content\/uploads\/2018\/10\/c-purlin-roll-former-layout.jpg\" data-orig-size=\"700,138\" data-comments-opened=\"1\" data-image-meta=\"{&quot;aperture&quot;:&quot;0&quot;,&quot;credit&quot;:&quot;&quot;,&quot;camera&quot;:&quot;&quot;,&quot;caption&quot;:&quot;&quot;,&quot;created_timestamp&quot;:&quot;0&quot;,&quot;copyright&quot;:&quot;&quot;,&quot;focal_length&quot;:&quot;0&quot;,&quot;iso&quot;:&quot;0&quot;,&quot;shutter_speed&quot;:&quot;0&quot;,&quot;title&quot;:&quot;&quot;,&quot;orientation&quot;:&quot;1&quot;}\" data-image-title=\"c purlin roll former layout\" data-image-description=\"\" data-image-caption=\"\" data-large-file=\"https:\/\/believeindustry.company\/wp-content\/uploads\/2018\/10\/c-purlin-roll-former-layout.jpg\" src=\"https:\/\/believeindustry.company\/wp-content\/uploads\/2018\/10\/c-purlin-roll-former-layout.jpg\" alt=\"Disposici\u00f3n del formador de rollos de correas C\" class=\"wp-image-3102\" srcset=\"https:\/\/believeindustry.company\/wp-content\/uploads\/2018\/10\/c-purlin-roll-former-layout.jpg 700w, https:\/\/believeindustry.company\/wp-content\/uploads\/2018\/10\/c-purlin-roll-former-layout-600x118.jpg 600w, https:\/\/believeindustry.company\/wp-content\/uploads\/2018\/10\/c-purlin-roll-former-layout-300x59.jpg 300w\" sizes=\"(max-width: 700px) 100vw, 700px\" \/><\/figure>\n\n\n\n<h3 class=\"wp-block-heading\"><span style=\"font-size: 14pt;\">Par\u00e1metros t\u00e9cnicos de la perfiladora de correas C<\/span><\/h3>\n\n\n\n<h4 class=\"wp-block-heading\"><span style=\"font-size: 12pt;\">Desenrollador<\/span><\/h4>\n\n\n\n<ol class=\"wp-block-list\">\n<li>Tipo: Desenrollador mec\u00e1nico, desenrollador pasivo, p\u00e9rdida y tensi\u00f3n manual<\/li>\n\n\n\n<li>Capacidad de carga: 5000 kg<\/li>\n\n\n\n<li>Di\u00e1metro interior de la bobina: 400-600 mm<\/li>\n\n\n\n<li>Di\u00e1metro exterior de la bobina: 1600 mm, m\u00e1x.<\/li>\n<\/ol>\n\n\n\n<h4 class=\"wp-block-heading\"><span style=\"font-size: 12pt;\">M\u00e1quina perfiladora de rodillos<\/span><\/h4>\n\n\n\n<ol class=\"wp-block-list\">\n<li>Dispositivo de alimentaci\u00f3n y nivelaci\u00f3n: sirve para nivelar el material antes de introducirlo en la m\u00e1quina formadora de rollos.<\/li>\n\n\n\n<li>Tipo de motor principal: motor as\u00edncrono trif\u00e1sico<\/li>\n\n\n\n<li>Potencia del motor principal: 18,5 kW<\/li>\n\n\n\n<li>Velocidad de perfilado: 0-20 m\/min<\/li>\n\n\n\n<li>Estaciones de Rollers: 16 estaciones<\/li>\n\n\n\n<li>Material de los rodillos: CR12 Mov, tratamiento templado, HRC 58-62 grados.<\/li>\n\n\n\n<li>Eje: Los ejes de los rodillos son rectificados dos veces para garantizar la precisi\u00f3n de las correas en C.\u00a0<\/li>\n\n\n\n<li>Di\u00e1metro del eje: 75 mm<\/li>\n\n\n\n<li>Material del eje: 40 CR<\/li>\n\n\n\n<li>Cambio de tama\u00f1os: Manual, Semiautom\u00e1tico, Autom\u00e1tico<\/li>\n<\/ol>\n\n\n\n<h4 class=\"wp-block-heading\"><span style=\"font-size: 12pt;\">Punzonado y corte hidr\u00e1ulico<\/span><\/h4>\n\n\n\n<ol class=\"wp-block-list\">\n<li>Tipo de punzonado: punzonado hidr\u00e1ulico.<\/li>\n\n\n\n<li>Material del molde de punzonado: CR12<\/li>\n\n\n\n<li>Tipo de corte: Corte hidr\u00e1ulico, dise\u00f1o multifuncional<\/li>\n\n\n\n<li>Material del molde de corte: CR12<\/li>\n\n\n\n<li>Potencia hidr\u00e1ulica: 7,5 kW<\/li>\n\n\n\n<li>Presi\u00f3n hidr\u00e1ulica: 16 Mpa<\/li>\n<\/ol>\n\n\n\n<h4 class=\"wp-block-heading\"><span style=\"font-size: 12pt;\">Panel controlado por PLC<\/span><\/h4>\n\n\n\n<ol class=\"wp-block-list\">\n<li>Controla autom\u00e1ticamente la cantidad, la longitud y la posici\u00f3n de los agujeros de perforaci\u00f3n.<\/li>\n\n\n\n<li>La m\u00e1quina se detendr\u00e1 mientras perfora y corta.<\/li>\n\n\n\n<li>Voltaje: 380 V, 50 Hz, trif\u00e1sico<\/li>\n\n\n\n<li>Marca del PLC: Siemens o Panasonic<\/li>\n\n\n\n<li>V\u00e1lvula solenoide: Beijing hade<\/li>\n\n\n\n<li>\u00a0Fabricante de la pantalla t\u00e1ctil: MCGS o Siemens<\/li>\n\n\n\n<li>Codificador: Omron<\/li>\n\n\n\n<li>\u00a0Convertidor de frecuencia: Jap\u00f3n Yaskawa<\/li>\n<\/ol>\n\n\n\n<p><a href=\"http:\/\/www.belirollform.com\" target=\"_blank\" rel=\"noopener\">Compa\u00f1\u00eda de la Industria Believe<\/a> Contamos con una gama completa de m\u00e1quinas perfiladoras para correas C. Contamos con varios dise\u00f1os. Y ahora, cada vez m\u00e1s clientes prefieren comprar... <a href=\"https:\/\/believeindustry.company\/es\/maquina-perfiladora-de-rodillos\/maquina-formadora-de-perfiles\/maquina-formadora-de-perfiles-cz\/\">M\u00e1quina formadora de correas en C y Z<\/a> que puede producir correas en C y en Z. Cont\u00e1ctenos para m\u00e1s informaci\u00f3n.<\/p>\n\n\n\n<figure class=\"wp-block-gallery has-nested-images columns-default is-cropped wp-block-gallery-1 is-layout-flex wp-block-gallery-is-layout-flex\">\n<figure class=\"wp-block-image\"><img decoding=\"async\" width=\"1024\" height=\"768\" data-attachment-id=\"3107\" data-permalink=\"https:\/\/believeindustry.company\/es\/mde-4\/\" data-orig-file=\"https:\/\/believeindustry.company\/wp-content\/uploads\/2018\/10\/c-purlin-machine-feeding-and-leveling-e1538810715805.jpg\" data-orig-size=\"500,375\" data-comments-opened=\"1\" data-image-meta=\"{&quot;aperture&quot;:&quot;0&quot;,&quot;credit&quot;:&quot;&quot;,&quot;camera&quot;:&quot;&quot;,&quot;caption&quot;:&quot;&quot;,&quot;created_timestamp&quot;:&quot;0&quot;,&quot;copyright&quot;:&quot;&quot;,&quot;focal_length&quot;:&quot;0&quot;,&quot;iso&quot;:&quot;0&quot;,&quot;shutter_speed&quot;:&quot;0&quot;,&quot;title&quot;:&quot;&quot;,&quot;orientation&quot;:&quot;0&quot;}\" data-image-title=\"c purlin machine leveling and feeding\" data-image-description=\"\" data-image-caption=\"\" data-large-file=\"https:\/\/believeindustry.company\/wp-content\/uploads\/2018\/10\/c-purlin-machine-feeding-and-leveling-1024x768.jpg\" data-id=\"3107\" src=\"https:\/\/believeindustry.company\/wp-content\/uploads\/2018\/10\/c-purlin-machine-feeding-and-leveling-1024x768.jpg\" alt=\"Nivelaci\u00f3n y alimentaci\u00f3n de la m\u00e1quina de correas C\" class=\"wp-image-3107\"\/><\/figure>\n\n\n\n<figure class=\"wp-block-image\"><img loading=\"lazy\" decoding=\"async\" width=\"1024\" height=\"768\" data-attachment-id=\"3108\" data-permalink=\"https:\/\/believeindustry.company\/es\/mde-5\/\" data-orig-file=\"https:\/\/believeindustry.company\/wp-content\/uploads\/2018\/10\/c-purlin-roll-former-punching-e1538810735765.jpg\" data-orig-size=\"500,375\" data-comments-opened=\"1\" data-image-meta=\"{&quot;aperture&quot;:&quot;0&quot;,&quot;credit&quot;:&quot;&quot;,&quot;camera&quot;:&quot;&quot;,&quot;caption&quot;:&quot;&quot;,&quot;created_timestamp&quot;:&quot;0&quot;,&quot;copyright&quot;:&quot;&quot;,&quot;focal_length&quot;:&quot;0&quot;,&quot;iso&quot;:&quot;0&quot;,&quot;shutter_speed&quot;:&quot;0&quot;,&quot;title&quot;:&quot;&quot;,&quot;orientation&quot;:&quot;0&quot;}\" data-image-title=\"c purlin roll former punching\" data-image-description=\"\" data-image-caption=\"\" data-large-file=\"https:\/\/believeindustry.company\/wp-content\/uploads\/2018\/10\/c-purlin-roll-former-punching-1024x768.jpg\" data-id=\"3108\" src=\"https:\/\/believeindustry.company\/wp-content\/uploads\/2018\/10\/c-purlin-roll-former-punching-1024x768.jpg\" alt=\"Punzonado del perfilador de correas C\" class=\"wp-image-3108\"\/><\/figure>\n\n\n\n<figure class=\"wp-block-image\"><img loading=\"lazy\" decoding=\"async\" width=\"1024\" height=\"768\" data-attachment-id=\"3106\" data-permalink=\"https:\/\/believeindustry.company\/es\/mde-3\/\" data-orig-file=\"https:\/\/believeindustry.company\/wp-content\/uploads\/2018\/10\/c-purlin-roll-forming-machine-straightening-e1538810747628.jpg\" data-orig-size=\"500,375\" data-comments-opened=\"1\" data-image-meta=\"{&quot;aperture&quot;:&quot;0&quot;,&quot;credit&quot;:&quot;&quot;,&quot;camera&quot;:&quot;&quot;,&quot;caption&quot;:&quot;&quot;,&quot;created_timestamp&quot;:&quot;0&quot;,&quot;copyright&quot;:&quot;&quot;,&quot;focal_length&quot;:&quot;0&quot;,&quot;iso&quot;:&quot;0&quot;,&quot;shutter_speed&quot;:&quot;0&quot;,&quot;title&quot;:&quot;&quot;,&quot;orientation&quot;:&quot;0&quot;}\" data-image-title=\"c purlin roll forming machine straightening\" data-image-description=\"\" data-image-caption=\"\" data-large-file=\"https:\/\/believeindustry.company\/wp-content\/uploads\/2018\/10\/c-purlin-roll-forming-machine-straightening-1024x768.jpg\" data-id=\"3106\" src=\"https:\/\/believeindustry.company\/wp-content\/uploads\/2018\/10\/c-purlin-roll-forming-machine-straightening-1024x768.jpg\" alt=\"M\u00e1quina enderezadora de perfiles de correas C\" class=\"wp-image-3106\"\/><\/figure>\n\n\n\n<figure class=\"wp-block-image\"><img loading=\"lazy\" decoding=\"async\" width=\"1024\" height=\"768\" data-attachment-id=\"3109\" data-permalink=\"https:\/\/believeindustry.company\/es\/mde-6\/\" data-orig-file=\"https:\/\/believeindustry.company\/wp-content\/uploads\/2018\/10\/c-purlin-roll-former-e1538810763224.jpg\" data-orig-size=\"1000,750\" data-comments-opened=\"1\" data-image-meta=\"{&quot;aperture&quot;:&quot;0&quot;,&quot;credit&quot;:&quot;&quot;,&quot;camera&quot;:&quot;&quot;,&quot;caption&quot;:&quot;&quot;,&quot;created_timestamp&quot;:&quot;0&quot;,&quot;copyright&quot;:&quot;&quot;,&quot;focal_length&quot;:&quot;0&quot;,&quot;iso&quot;:&quot;0&quot;,&quot;shutter_speed&quot;:&quot;0&quot;,&quot;title&quot;:&quot;&quot;,&quot;orientation&quot;:&quot;0&quot;}\" data-image-title=\"c purlin roll former\" data-image-description=\"\" data-image-caption=\"\" data-large-file=\"https:\/\/believeindustry.company\/wp-content\/uploads\/2018\/10\/c-purlin-roll-former-1024x768.jpg\" data-id=\"3109\" src=\"https:\/\/believeindustry.company\/wp-content\/uploads\/2018\/10\/c-purlin-roll-former-1024x768.jpg\" alt=\"formadora de rollos de correas c\" class=\"wp-image-3109\"\/><\/figure>\n<\/figure>","protected":false},"excerpt":{"rendered":"<p>C Purlin Roll Former is for produce C Purlins as per requirements. The Purlin web size is from 80-350mm, flange size is from 40-60mm, and thickness is 1.0-3.5mm.&nbsp; C Purlin Roll Former C Purlin Specifications C Purlin Roll Former Machine Components Flow Chat of Purlin Machine Technical Parameters of C Purlin Roll Former Uncoiler Roll [&hellip;]<\/p>\n","protected":false},"author":2,"featured_media":3109,"parent":0,"menu_order":0,"comment_status":"closed","ping_status":"closed","template":"","meta":{"_angie_page":false,"footnotes":"","big_sky_generated":false},"tags":[607846036],"class_list":["post-3099","page","type-page","status-publish","has-post-thumbnail","hentry","tag-c-purlin-machine"],"blocksy_meta":[],"jetpack_sharing_enabled":true,"jetpack_shortlink":"https:\/\/wp.me\/P9K5n8-NZ","jetpack_likes_enabled":false,"jetpack-related-posts":[{"id":838,"url":"https:\/\/believeindustry.company\/es\/roll-forming-machine\/purlin-roll-forming-machine\/z-purlin-roll-forming-machine\/","url_meta":{"origin":3099,"position":0},"title":"M\u00e1quina formadora de perfiles Z","author":"Believe Industry Group","date":"abril 2, 2018","format":false,"excerpt":"Z \u00a0Purlin Roll Forming Machine is used to produce Z Purlins, which webs width is 80-350mm, flange width is 35-80mm, thickness is 1.5-5mm. Introduction of Z Purlin Roll Forming Machine What's Z Purlin? Z Purlin, \u00a0which point symmetric sections that are shaped similar to the letter \"Z\" are referenced as\u2026","rel":"","context":"En \u00abConstruction and Steel Structure\u00bb","block_context":{"text":"Construction and Steel Structure","link":"https:\/\/believeindustry.company\/es\/tag\/construction-and-steel-structure\/"},"img":{"alt_text":"z purlin roll forming machine","src":"https:\/\/i0.wp.com\/believeindustry.company\/wp-content\/uploads\/2018\/04\/z-purlin-roll-forming-machine-e1522733510258.jpg?resize=350%2C200&ssl=1","width":350,"height":200,"srcset":"https:\/\/i0.wp.com\/believeindustry.company\/wp-content\/uploads\/2018\/04\/z-purlin-roll-forming-machine-e1522733510258.jpg?resize=350%2C200&ssl=1 1x, https:\/\/i0.wp.com\/believeindustry.company\/wp-content\/uploads\/2018\/04\/z-purlin-roll-forming-machine-e1522733510258.jpg?resize=525%2C300&ssl=1 1.5x, https:\/\/i0.wp.com\/believeindustry.company\/wp-content\/uploads\/2018\/04\/z-purlin-roll-forming-machine-e1522733510258.jpg?resize=700%2C400&ssl=1 2x"},"classes":[]},{"id":800,"url":"https:\/\/believeindustry.company\/es\/roll-forming-machine\/purlin-roll-forming-machine\/c-purlin-roll-forming-machine\/","url_meta":{"origin":3099,"position":1},"title":"M\u00e1quina formadora de perfiles C","author":"Believe Industry Group","date":"marzo 31, 2018","format":false,"excerpt":"C Purlin Roll Forming Machine is the primary solution for manufacturing high-quality structural steel profiles used in modern industrial buildings. At Beli RollForming, we take pride in being a leading manufacturer and exporter in China, delivering machines that produce C-purlins with a web width of 75-350mm, flange width of 35-80mm,\u2026","rel":"","context":"En \u00abC Purlin Machine\u00bb","block_context":{"text":"C Purlin Machine","link":"https:\/\/believeindustry.company\/es\/tag\/c-purlin-machine\/"},"img":{"alt_text":"c purlin roll forming machine","src":"https:\/\/i0.wp.com\/believeindustry.company\/wp-content\/uploads\/2025\/12\/cee-purlin-roll-former.webp?resize=350%2C200&ssl=1","width":350,"height":200,"srcset":"https:\/\/i0.wp.com\/believeindustry.company\/wp-content\/uploads\/2025\/12\/cee-purlin-roll-former.webp?resize=350%2C200&ssl=1 1x, https:\/\/i0.wp.com\/believeindustry.company\/wp-content\/uploads\/2025\/12\/cee-purlin-roll-former.webp?resize=525%2C300&ssl=1 1.5x, https:\/\/i0.wp.com\/believeindustry.company\/wp-content\/uploads\/2025\/12\/cee-purlin-roll-former.webp?resize=700%2C400&ssl=1 2x, https:\/\/i0.wp.com\/believeindustry.company\/wp-content\/uploads\/2025\/12\/cee-purlin-roll-former.webp?resize=1050%2C600&ssl=1 3x, https:\/\/i0.wp.com\/believeindustry.company\/wp-content\/uploads\/2025\/12\/cee-purlin-roll-former.webp?resize=1400%2C800&ssl=1 4x"},"classes":[]},{"id":1279,"url":"https:\/\/believeindustry.company\/es\/video\/purlin-roll-forming-machine-video\/","url_meta":{"origin":3099,"position":2},"title":"V\u00eddeo de la m\u00e1quina perfiladora de correas","author":"Believe Industry Group","date":"abril 16, 2018","format":false,"excerpt":"Purlin Roll Forming Machine Video will help you to know how the machine working and how to operate the c z purlin roll forming machine. requirements. Believe Industry Company have a full range of purlin roll forming machines for different:\u00a0C Purlin Roll Forming Machine, Z Purlin Roll Forming Machine. C\u2026","rel":"","context":"En \u00abPurlin Roll Forming Machine\u00bb","block_context":{"text":"Purlin Roll Forming Machine","link":"https:\/\/believeindustry.company\/es\/tag\/purlin-roll-forming-machine\/"},"img":{"alt_text":"c z purlin","src":"https:\/\/i0.wp.com\/believeindustry.company\/wp-content\/uploads\/2018\/05\/c-z-purlin.jpg?resize=350%2C200&ssl=1","width":350,"height":200,"srcset":"https:\/\/i0.wp.com\/believeindustry.company\/wp-content\/uploads\/2018\/05\/c-z-purlin.jpg?resize=350%2C200&ssl=1 1x, https:\/\/i0.wp.com\/believeindustry.company\/wp-content\/uploads\/2018\/05\/c-z-purlin.jpg?resize=525%2C300&ssl=1 1.5x, https:\/\/i0.wp.com\/believeindustry.company\/wp-content\/uploads\/2018\/05\/c-z-purlin.jpg?resize=700%2C400&ssl=1 2x, https:\/\/i0.wp.com\/believeindustry.company\/wp-content\/uploads\/2018\/05\/c-z-purlin.jpg?resize=1050%2C600&ssl=1 3x"},"classes":[]},{"id":659,"url":"https:\/\/believeindustry.company\/es\/roll-forming-machine\/purlin-roll-forming-machine\/c-z-purlin-roll-forming-machine\/","url_meta":{"origin":3099,"position":3},"title":"M\u00e1quina perfiladora de correas CZ","author":"Believe Industry Group","date":"marzo 24, 2018","format":false,"excerpt":"C \u00a0Z Purlin Roll Forming Machine is for producing C and Z Purlins with less change over time. \u00a0BELI\u00ae new technology design, exchange time is only 2 minutes. Our latest design c and z purlin machine price is only around 35000$ EXW factory. Contact us for more inforamtion. Believe Industry\u2026","rel":"","context":"En \u00abCompany News\u00bb","block_context":{"text":"Company News","link":"https:\/\/believeindustry.company\/es\/category\/company-news\/"},"img":{"alt_text":"A wide shot displaying the entire integrated C Z Purlin Roll Forming Machine production line, showcasing all components from decoiling to final cut-off in a professional factory setting.","src":"https:\/\/i0.wp.com\/believeindustry.company\/wp-content\/uploads\/2025\/12\/high-speed-c-z-purlin-roll-forming-machine.webp?resize=350%2C200&ssl=1","width":350,"height":200,"srcset":"https:\/\/i0.wp.com\/believeindustry.company\/wp-content\/uploads\/2025\/12\/high-speed-c-z-purlin-roll-forming-machine.webp?resize=350%2C200&ssl=1 1x, https:\/\/i0.wp.com\/believeindustry.company\/wp-content\/uploads\/2025\/12\/high-speed-c-z-purlin-roll-forming-machine.webp?resize=525%2C300&ssl=1 1.5x, https:\/\/i0.wp.com\/believeindustry.company\/wp-content\/uploads\/2025\/12\/high-speed-c-z-purlin-roll-forming-machine.webp?resize=700%2C400&ssl=1 2x"},"classes":[]},{"id":4625,"url":"https:\/\/believeindustry.company\/es\/c-z-purlin-cold-roll-forming-machine-video\/","url_meta":{"origin":3099,"position":4},"title":"V\u00eddeo de la m\u00e1quina formadora de rollos en fr\u00edo de correas CZ","author":"Believe Industry Group","date":"marzo 8, 2019","format":false,"excerpt":"The C Z Purlin Cold Roll Forming Machine Video will show the working process of purlin machine. And you will easy to find out the machine components. The layout of c z purlin cold roll forming machine C Z Purlin Cold Roll Forming Machine Components Single Mandrel Uncoiler Feeder and\u2026","rel":"","context":"Entrada similar","block_context":{"text":"Entrada similar","link":""},"img":{"alt_text":"interchangeable c\/z purlin roll forming machine","src":"https:\/\/i0.wp.com\/believeindustry.company\/wp-content\/uploads\/2018\/10\/interchangeable-c-z-purlin-roll-forming-machine.png?resize=350%2C200&ssl=1","width":350,"height":200,"srcset":"https:\/\/i0.wp.com\/believeindustry.company\/wp-content\/uploads\/2018\/10\/interchangeable-c-z-purlin-roll-forming-machine.png?resize=350%2C200&ssl=1 1x, https:\/\/i0.wp.com\/believeindustry.company\/wp-content\/uploads\/2018\/10\/interchangeable-c-z-purlin-roll-forming-machine.png?resize=525%2C300&ssl=1 1.5x, https:\/\/i0.wp.com\/believeindustry.company\/wp-content\/uploads\/2018\/10\/interchangeable-c-z-purlin-roll-forming-machine.png?resize=700%2C400&ssl=1 2x"},"classes":[]},{"id":3167,"url":"https:\/\/believeindustry.company\/es\/interchangeable-c-z-purlin-roll-forming-machine-2\/","url_meta":{"origin":3099,"position":5},"title":"M\u00e1quina formadora de correas C\/Z intercambiables","author":"Believe Industry Group","date":"octubre 17, 2018","format":false,"excerpt":"Interchangeable c\/z purlin roll forming machine produce cee and zed purlins with various sizes. And the size adjustment is whole automatic A traditional c or z purlin roll forming machine only can produce various sizes of c or z purlins. The web size 80-350mm, flange size 50-100mm and the lip\u2026","rel":"","context":"En \u00abc z purlin cold roll forming machine\u00bb","block_context":{"text":"c z purlin cold roll forming machine","link":"https:\/\/believeindustry.company\/es\/tag\/c-z-purlin-cold-roll-forming-machine\/"},"img":{"alt_text":"","src":"https:\/\/i0.wp.com\/believeindustry.company\/wp-content\/uploads\/2018\/10\/cutoff-device-of-c-and-z-purlin-machine.png?resize=350%2C200&ssl=1","width":350,"height":200},"classes":[]}],"amp_enabled":true,"_links":{"self":[{"href":"https:\/\/believeindustry.company\/es\/wp-json\/wp\/v2\/pages\/3099","targetHints":{"allow":["GET"]}}],"collection":[{"href":"https:\/\/believeindustry.company\/es\/wp-json\/wp\/v2\/pages"}],"about":[{"href":"https:\/\/believeindustry.company\/es\/wp-json\/wp\/v2\/types\/page"}],"author":[{"embeddable":true,"href":"https:\/\/believeindustry.company\/es\/wp-json\/wp\/v2\/users\/2"}],"replies":[{"embeddable":true,"href":"https:\/\/believeindustry.company\/es\/wp-json\/wp\/v2\/comments?post=3099"}],"version-history":[{"count":2,"href":"https:\/\/believeindustry.company\/es\/wp-json\/wp\/v2\/pages\/3099\/revisions"}],"predecessor-version":[{"id":18519,"href":"https:\/\/believeindustry.company\/es\/wp-json\/wp\/v2\/pages\/3099\/revisions\/18519"}],"wp:featuredmedia":[{"embeddable":true,"href":"https:\/\/believeindustry.company\/es\/wp-json\/wp\/v2\/media\/3109"}],"wp:attachment":[{"href":"https:\/\/believeindustry.company\/es\/wp-json\/wp\/v2\/media?parent=3099"}],"wp:term":[{"taxonomy":"post_tag","embeddable":true,"href":"https:\/\/believeindustry.company\/es\/wp-json\/wp\/v2\/tags?post=3099"}],"curies":[{"name":"wp","href":"https:\/\/api.w.org\/{rel}","templated":true}]}}