{"id":312,"date":"2018-03-15T18:13:36","date_gmt":"2018-03-15T10:13:36","guid":{"rendered":"https:\/\/believeindustry.company\/?page_id=312"},"modified":"2018-11-24T10:01:51","modified_gmt":"2018-11-24T02:01:51","slug":"nuestra-mision","status":"publish","type":"page","link":"https:\/\/believeindustry.company\/es\/our-mission\/","title":{"rendered":"NUESTRA MISI\u00d3N"},"content":{"rendered":"<p>Para ayudarle a comprar f\u00e1cilmente un producto personalizado <a title=\"Equipos para el procesamiento de bobinas\" rel=\"\" href=\"https:\/\/believeindustry.company\/es\/equipo-de-procesamiento-de-bobinas\/\">Equipos para el procesamiento de bobinas<\/a>(L\u00ednea de corte longitudinal, l\u00ednea de corte longitudinal), <a title=\"M\u00e1quina perfiladora de rodillos\" rel=\"\" href=\"https:\/\/believeindustry.company\/es\/maquina-perfiladora-de-rodillos\/\">M\u00e1quina perfiladora de rodillos<\/a>(M\u00e1quinas para techos, m\u00e1quinas para estructuras de acero), etc., seg\u00fan sus necesidades, para que pueda poner en marcha su f\u00e1brica de acero en un abrir y cerrar de ojos. Nuestro objetivo es ofrecer un servicio integral.<\/p>\n\n\n\n<p> Nuestros diferentes dise\u00f1os de l\u00edneas le permiten elegir f\u00e1cilmente la l\u00ednea adecuada, brind\u00e1ndole la mejor calidad para producir tiras o l\u00e1minas en bobina para sus clientes. Sabemos qu\u00e9 es lo mejor para usted, por eso le ofrecemos l\u00edneas de calidad y un servicio integral.\u201c<\/p>\n\n\n\n<!--more-->","protected":false},"excerpt":{"rendered":"<p>To help you easily purchase a customized Coil Process Equipment\uff08Slitting Line, Cut To Length Line), Roll Forming Machine( Roof Machine, Steel Structure Machine), etc \u00a0for your requirements, so you can be up and running on the steel factory \u00a0in no time at all. &#8220;One Stop Service&#8221; is our Goal. Our different design of the lines [&hellip;]<\/p>\n","protected":false},"author":2,"featured_media":211,"parent":0,"menu_order":0,"comment_status":"closed","ping_status":"closed","template":"","meta":{"_angie_page":false,"footnotes":"","big_sky_generated":false},"tags":[607845741],"class_list":["post-312","page","type-page","status-publish","has-post-thumbnail","hentry","tag-believe-industry"],"blocksy_meta":[],"jetpack_sharing_enabled":true,"jetpack_shortlink":"https:\/\/wp.me\/P9K5n8-52","jetpack_likes_enabled":false,"jetpack-related-posts":[{"id":170,"url":"https:\/\/believeindustry.company\/es\/coil-process-equipment\/","url_meta":{"origin":312,"position":0},"title":"Equipos para el procesamiento de bobinas","author":"Believe Industry Group","date":"marzo 14, 2018","format":false,"excerpt":"COIL PROCESS EQUIPMENT If you are looking for a suitable coil process equipment, such as Slitting Line, Cut To Length Line, or just a new leveler or slitters, or just want to replace some old requirements, BELI\u00ae has your solution. we are the leading manufacturer of Slitting Lines, Cut To\u2026","rel":"","context":"En \u00abCoil Process Equipmnet\u00bb","block_context":{"text":"Coil Process Equipmnet","link":"https:\/\/believeindustry.company\/es\/tag\/coil-process-equipment\/"},"img":{"alt_text":"COIL PROCESS EQUIPMENT","src":"https:\/\/i0.wp.com\/believeindustry.company\/wp-content\/uploads\/2018\/05\/COIL-PROCESS-EQUIPMENT.jpg?resize=350%2C200&ssl=1","width":350,"height":200,"srcset":"https:\/\/i0.wp.com\/believeindustry.company\/wp-content\/uploads\/2018\/05\/COIL-PROCESS-EQUIPMENT.jpg?resize=350%2C200&ssl=1 1x, https:\/\/i0.wp.com\/believeindustry.company\/wp-content\/uploads\/2018\/05\/COIL-PROCESS-EQUIPMENT.jpg?resize=525%2C300&ssl=1 1.5x, https:\/\/i0.wp.com\/believeindustry.company\/wp-content\/uploads\/2018\/05\/COIL-PROCESS-EQUIPMENT.jpg?resize=700%2C400&ssl=1 2x, https:\/\/i0.wp.com\/believeindustry.company\/wp-content\/uploads\/2018\/05\/COIL-PROCESS-EQUIPMENT.jpg?resize=1050%2C600&ssl=1 3x"},"classes":[]},{"id":403,"url":"https:\/\/believeindustry.company\/es\/coil-process-equipment\/slitting-line\/","url_meta":{"origin":312,"position":1},"title":"L\u00ednea de corte","author":"Believe Industry Group","date":"marzo 16, 2018","format":false,"excerpt":"BELI \u00ae Slitting Line is used\u00a0to slit the big wide rolls\/coils into narrow rolls, and packaging it automatically. Slitting Line Information Coil\u00a0Slitting line Machine\u00a0from BELI\u00ae \u00a0are well-known \u00a0full range production: Light Gauge Coil Slitting Line Machine :(0.2-4mm)*2000mm, 20 Ton Weight. Medium\u00a0Gauge Slitting Line : (2-8 mm)*2000mm, 20 Ton Weight Heavy\u2026","rel":"","context":"Entrada similar","block_context":{"text":"Entrada similar","link":""},"img":{"alt_text":"pre-devider","src":"https:\/\/i0.wp.com\/believeindustry.company\/wp-content\/uploads\/2018\/04\/Pre-devider.jpg?resize=350%2C200&ssl=1","width":350,"height":200,"srcset":"https:\/\/i0.wp.com\/believeindustry.company\/wp-content\/uploads\/2018\/04\/Pre-devider.jpg?resize=350%2C200&ssl=1 1x, https:\/\/i0.wp.com\/believeindustry.company\/wp-content\/uploads\/2018\/04\/Pre-devider.jpg?resize=525%2C300&ssl=1 1.5x, https:\/\/i0.wp.com\/believeindustry.company\/wp-content\/uploads\/2018\/04\/Pre-devider.jpg?resize=700%2C400&ssl=1 2x"},"classes":[]},{"id":3681,"url":"https:\/\/believeindustry.company\/es\/steel-slitting-machine-line\/","url_meta":{"origin":312,"position":2},"title":"L\u00ednea de m\u00e1quinas cortadoras de acero","author":"Believe Industry Group","date":"enero 3, 2019","format":false,"excerpt":"Believe Industry Company have a full range of steel slitting machine line for a different requirements. Contact us now for more information. Steel Slitting Machine Line What's Slitting Machine Line? Slitting is the operation of cutting a wide strip\u00a0into a number of narrow strips by passing the\u00a0strip between circular cutters\u2026","rel":"","context":"En \u00abSlitting Line\u00bb","block_context":{"text":"Slitting Line","link":"https:\/\/believeindustry.company\/es\/tag\/slitting-line\/"},"img":{"alt_text":"slitting machine line supplier","src":"https:\/\/i0.wp.com\/believeindustry.company\/wp-content\/uploads\/2019\/01\/slitting-machine-line-supplier.png?resize=350%2C200&ssl=1","width":350,"height":200,"srcset":"https:\/\/i0.wp.com\/believeindustry.company\/wp-content\/uploads\/2019\/01\/slitting-machine-line-supplier.png?resize=350%2C200&ssl=1 1x, https:\/\/i0.wp.com\/believeindustry.company\/wp-content\/uploads\/2019\/01\/slitting-machine-line-supplier.png?resize=525%2C300&ssl=1 1.5x, https:\/\/i0.wp.com\/believeindustry.company\/wp-content\/uploads\/2019\/01\/slitting-machine-line-supplier.png?resize=700%2C400&ssl=1 2x, https:\/\/i0.wp.com\/believeindustry.company\/wp-content\/uploads\/2019\/01\/slitting-machine-line-supplier.png?resize=1050%2C600&ssl=1 3x"},"classes":[]},{"id":407,"url":"https:\/\/believeindustry.company\/es\/coil-process-equipment\/cut-to-length-lines\/","url_meta":{"origin":312,"position":3},"title":"L\u00ednea de corte a medida","author":"Believe Industry Group","date":"marzo 16, 2018","format":false,"excerpt":"BELI\u00ae Cut To Length Lines(One of coil process equipment) is \u00a0used to cut the straightening metal strip into metal sheet and stack it automatically, Cut To Length Lines Depending on the requirements, we have 3 kinds or range cut to length line: Light Gauge Cut To Length Lines: (0.3-4mm)*2000mm Medium\u2026","rel":"","context":"En \u00abCR CTL Line\u00bb","block_context":{"text":"CR CTL Line","link":"https:\/\/believeindustry.company\/es\/tag\/cr-ctl-line\/"},"img":{"alt_text":"cut to length line","src":"https:\/\/i0.wp.com\/believeindustry.company\/wp-content\/uploads\/2018\/03\/26231297_150092292446410_1585691537264983272_n-e1522734138474.jpg?resize=350%2C200&ssl=1","width":350,"height":200,"srcset":"https:\/\/i0.wp.com\/believeindustry.company\/wp-content\/uploads\/2018\/03\/26231297_150092292446410_1585691537264983272_n-e1522734138474.jpg?resize=350%2C200&ssl=1 1x, https:\/\/i0.wp.com\/believeindustry.company\/wp-content\/uploads\/2018\/03\/26231297_150092292446410_1585691537264983272_n-e1522734138474.jpg?resize=525%2C300&ssl=1 1.5x, https:\/\/i0.wp.com\/believeindustry.company\/wp-content\/uploads\/2018\/03\/26231297_150092292446410_1585691537264983272_n-e1522734138474.jpg?resize=700%2C400&ssl=1 2x"},"classes":[]},{"id":742,"url":"https:\/\/believeindustry.company\/es\/coil-process-equipment\/cut-to-length-lines\/light-gauge-cut-to-length-line\/","url_meta":{"origin":312,"position":4},"title":"L\u00ednea de corte a medida de calibre ligero","author":"Believe Industry Group","date":"marzo 28, 2018","format":false,"excerpt":"BELI\u00ae have full range of Coil Process Equipment: Slitting Lines, Cut To Length Lines, Blank Lines. And the Cut To Length Line is classified\u00a0into 3 classes: \u00a0Heavy Gauge, \u00a0Medium Gauge and \u00a0Light Gauge Cut To Length Line. All our lines are customized for different demands Light Gauge Cut To Length\u2026","rel":"","context":"Entrada similar","block_context":{"text":"Entrada similar","link":""},"img":{"alt_text":"light gauge cut to length line","src":"https:\/\/i0.wp.com\/believeindustry.company\/wp-content\/uploads\/2018\/03\/DSC_3370-e1522227763287.jpg?resize=350%2C200&ssl=1","width":350,"height":200,"srcset":"https:\/\/i0.wp.com\/believeindustry.company\/wp-content\/uploads\/2018\/03\/DSC_3370-e1522227763287.jpg?resize=350%2C200&ssl=1 1x, https:\/\/i0.wp.com\/believeindustry.company\/wp-content\/uploads\/2018\/03\/DSC_3370-e1522227763287.jpg?resize=525%2C300&ssl=1 1.5x, https:\/\/i0.wp.com\/believeindustry.company\/wp-content\/uploads\/2018\/03\/DSC_3370-e1522227763287.jpg?resize=700%2C400&ssl=1 2x"},"classes":[]},{"id":475,"url":"https:\/\/believeindustry.company\/es\/coil-process-equipment\/slitting-line\/medium-gauge-slitting-line\/","url_meta":{"origin":312,"position":5},"title":"L\u00ednea de corte de calibre medio","author":"Believe Industry Group","date":"marzo 16, 2018","format":false,"excerpt":"Medium Gauge Slitting Line, which is used to slitting the coils\/rolls(Thickness is 2-8mm, width: 500-2600mm, weight is 15-25 Ton) \u00a0into desired narrow coils\/rolls, Medium Gauge Slitting Line BELI\u00ae\u00a0is one of slitting line manufacturers in Wuxi, China, we have full range of Light Gauge Slitting Lines for different demands. please refer\u2026","rel":"","context":"En \u00abCoil Slitting Line\u00bb","block_context":{"text":"Coil Slitting Line","link":"https:\/\/believeindustry.company\/es\/tag\/coil-slitting-line\/"},"img":{"alt_text":"Medium Gauge Slitting Line","src":"https:\/\/i0.wp.com\/believeindustry.company\/wp-content\/uploads\/2018\/03\/Medium-Gauge-Slitting-Line-1.jpg?resize=350%2C200&ssl=1","width":350,"height":200,"srcset":"https:\/\/i0.wp.com\/believeindustry.company\/wp-content\/uploads\/2018\/03\/Medium-Gauge-Slitting-Line-1.jpg?resize=350%2C200&ssl=1 1x, https:\/\/i0.wp.com\/believeindustry.company\/wp-content\/uploads\/2018\/03\/Medium-Gauge-Slitting-Line-1.jpg?resize=525%2C300&ssl=1 1.5x, https:\/\/i0.wp.com\/believeindustry.company\/wp-content\/uploads\/2018\/03\/Medium-Gauge-Slitting-Line-1.jpg?resize=700%2C400&ssl=1 2x, https:\/\/i0.wp.com\/believeindustry.company\/wp-content\/uploads\/2018\/03\/Medium-Gauge-Slitting-Line-1.jpg?resize=1050%2C600&ssl=1 3x"},"classes":[]}],"amp_enabled":true,"_links":{"self":[{"href":"https:\/\/believeindustry.company\/es\/wp-json\/wp\/v2\/pages\/312","targetHints":{"allow":["GET"]}}],"collection":[{"href":"https:\/\/believeindustry.company\/es\/wp-json\/wp\/v2\/pages"}],"about":[{"href":"https:\/\/believeindustry.company\/es\/wp-json\/wp\/v2\/types\/page"}],"author":[{"embeddable":true,"href":"https:\/\/believeindustry.company\/es\/wp-json\/wp\/v2\/users\/2"}],"replies":[{"embeddable":true,"href":"https:\/\/believeindustry.company\/es\/wp-json\/wp\/v2\/comments?post=312"}],"version-history":[{"count":0,"href":"https:\/\/believeindustry.company\/es\/wp-json\/wp\/v2\/pages\/312\/revisions"}],"wp:featuredmedia":[{"embeddable":true,"href":"https:\/\/believeindustry.company\/es\/wp-json\/wp\/v2\/media\/211"}],"wp:attachment":[{"href":"https:\/\/believeindustry.company\/es\/wp-json\/wp\/v2\/media?parent=312"}],"wp:term":[{"taxonomy":"post_tag","embeddable":true,"href":"https:\/\/believeindustry.company\/es\/wp-json\/wp\/v2\/tags?post=312"}],"curies":[{"name":"wp","href":"https:\/\/api.w.org\/{rel}","templated":true}]}}