{"id":3121,"date":"2018-10-08T12:21:28","date_gmt":"2018-10-08T04:21:28","guid":{"rendered":"https:\/\/believeindustry.company\/?page_id=3121"},"modified":"2019-01-18T13:30:05","modified_gmt":"2019-01-18T05:30:05","slug":"creer-en-las-maquinas-de-la-industria","status":"publish","type":"page","link":"https:\/\/believeindustry.company\/es\/believe-industry-machines\/","title":{"rendered":"Cree en las m\u00e1quinas industriales"},"content":{"rendered":"<div class=\"wp-block-columns has-3-columns is-layout-flex wp-container-core-columns-is-layout-28f84493 wp-block-columns-is-layout-flex\">\r\n<div class=\"wp-block-column is-layout-flow wp-block-column-is-layout-flow\">\r\n<div class=\"wp-block-cover has-background-dim is-layout-flow wp-block-cover-is-layout-flow\" style=\"background-image: url('https:\/\/believeindustry.company\/wp-content\/uploads\/2018\/05\/COIL-PROCESS-EQUIPMENT-1024x521.jpg');\">\r\n<p class=\"wp-block-cover-text\"><a href=\"https:\/\/believeindustry.company\/es\/equipo-de-procesamiento-de-bobinas\/\">Equipos para el procesamiento de bobinas<\/a><\/p>\r\n<\/div>\r\n<\/div>\r\n\r\n\r\n\r\n<div class=\"wp-block-column is-layout-flow wp-block-column-is-layout-flow\">\r\n<div class=\"wp-block-cover has-background-dim is-layout-flow wp-block-cover-is-layout-flow\" style=\"background-image: url('https:\/\/believeindustry.company\/wp-content\/uploads\/2018\/08\/maxresdefault-1024x576.jpg');\">\r\n<p class=\"wp-block-cover-text\"><a href=\"https:\/\/believeindustry.company\/es\/maquina-perfiladora-de-rodillos\/\">M\u00e1quina perfiladora de rodillos<\/a><\/p>\r\n<\/div>\r\n<\/div>\r\n\r\n\r\n\r\n<div class=\"wp-block-column is-layout-flow wp-block-column-is-layout-flow\">\r\n<div class=\"wp-block-cover has-background-dim is-layout-flow wp-block-cover-is-layout-flow\" style=\"background-image: url('https:\/\/believeindustry.company\/wp-content\/uploads\/2018\/10\/IMG_20170512_171442.jpg');\">\r\n<p class=\"wp-block-cover-text\"><a href=\"https:\/\/believeindustry.company\/es\/prensa-punzonadora-mecanica\/\">Prensa de potencia<\/a><\/p>\r\n<\/div>\r\n<\/div>\r\n<\/div>","protected":false},"excerpt":{"rendered":"Coil Process Equipment Roll Forming Machine Power Press","protected":false},"author":2,"featured_media":389,"parent":0,"menu_order":0,"comment_status":"closed","ping_status":"closed","template":"","meta":{"_angie_page":false,"jetpack_post_was_ever_published":false,"footnotes":"","big_sky_generated":false},"tags":[],"class_list":["post-3121","page","type-page","status-publish","has-post-thumbnail","hentry"],"blocksy_meta":[],"jetpack_sharing_enabled":true,"jetpack_shortlink":"https:\/\/wp.me\/P9K5n8-Ol","jetpack_likes_enabled":false,"jetpack-related-posts":[{"id":170,"url":"https:\/\/believeindustry.company\/es\/coil-process-equipment\/","url_meta":{"origin":3121,"position":0},"title":"Equipos para el procesamiento de bobinas","author":"Believe Industry Group","date":"marzo 14, 2018","format":false,"excerpt":"COIL PROCESS EQUIPMENT If you are looking for a suitable coil process equipment, such as Slitting Line, Cut To Length Line, or just a new leveler or slitters, or just want to replace some old requirements, BELI\u00ae has your solution. we are the leading manufacturer of Slitting Lines, Cut To\u2026","rel":"","context":"En \u00abCoil Process Equipmnet\u00bb","block_context":{"text":"Coil Process Equipmnet","link":"https:\/\/believeindustry.company\/es\/tag\/coil-process-equipment\/"},"img":{"alt_text":"COIL PROCESS EQUIPMENT","src":"https:\/\/i0.wp.com\/believeindustry.company\/wp-content\/uploads\/2018\/05\/COIL-PROCESS-EQUIPMENT.jpg?resize=350%2C200&ssl=1","width":350,"height":200,"srcset":"https:\/\/i0.wp.com\/believeindustry.company\/wp-content\/uploads\/2018\/05\/COIL-PROCESS-EQUIPMENT.jpg?resize=350%2C200&ssl=1 1x, https:\/\/i0.wp.com\/believeindustry.company\/wp-content\/uploads\/2018\/05\/COIL-PROCESS-EQUIPMENT.jpg?resize=525%2C300&ssl=1 1.5x, https:\/\/i0.wp.com\/believeindustry.company\/wp-content\/uploads\/2018\/05\/COIL-PROCESS-EQUIPMENT.jpg?resize=700%2C400&ssl=1 2x, https:\/\/i0.wp.com\/believeindustry.company\/wp-content\/uploads\/2018\/05\/COIL-PROCESS-EQUIPMENT.jpg?resize=1050%2C600&ssl=1 3x"},"classes":[]},{"id":1257,"url":"https:\/\/believeindustry.company\/es\/roll-forming-machine\/customized-profile-roll-forming-machine\/","url_meta":{"origin":3121,"position":1},"title":"M\u00e1quina formadora de perfiles personalizados","author":"Believe Industry Group","date":"abril 16, 2018","format":false,"excerpt":"Beli RollForming's Customized Profile Roll Forming Machine is a powerful engineering solution designed to transform flat metal coils (like GI, Aluminum, Stainless Steel, etc.) into complex, specific cross-sections. Unlike standard machines, this equipment is entirely tailored to your unique profile drawings and production needs, featuring amazing precision, integrated in-line processes\u2026","rel":"","context":"En \u00abbelieve industry machine\u00bb","block_context":{"text":"believe industry machine","link":"https:\/\/believeindustry.company\/es\/tag\/believe-industry-machine\/"},"img":{"alt_text":"customized profile roll forming machine","src":"https:\/\/i0.wp.com\/believeindustry.company\/wp-content\/uploads\/2018\/04\/customized-profiles.jpg?resize=350%2C200&ssl=1","width":350,"height":200,"srcset":"https:\/\/i0.wp.com\/believeindustry.company\/wp-content\/uploads\/2018\/04\/customized-profiles.jpg?resize=350%2C200&ssl=1 1x, https:\/\/i0.wp.com\/believeindustry.company\/wp-content\/uploads\/2018\/04\/customized-profiles.jpg?resize=525%2C300&ssl=1 1.5x, https:\/\/i0.wp.com\/believeindustry.company\/wp-content\/uploads\/2018\/04\/customized-profiles.jpg?resize=700%2C400&ssl=1 2x, https:\/\/i0.wp.com\/believeindustry.company\/wp-content\/uploads\/2018\/04\/customized-profiles.jpg?resize=1050%2C600&ssl=1 3x"},"classes":[]},{"id":2555,"url":"https:\/\/believeindustry.company\/es\/roll-forming-machine\/metal-sheet-roll-forming-machine\/steel-tile-profile-roll-forming-machine\/","url_meta":{"origin":3121,"position":2},"title":"M\u00e1quina formadora de perfiles de tejas de acero","author":"Believe Industry Group","date":"agosto 1, 2018","format":false,"excerpt":"La m\u00e1quina perfiladora de perfiles para tejas de acero se utiliza para producir perfiles de tejas de acero seg\u00fan el dise\u00f1o deseado. La profundidad de dise\u00f1o m\u00e1s reciente alcanza los 30 mm. Believe Industry Company se dedica al dise\u00f1o y la fabricaci\u00f3n de m\u00e1quinas perfiladoras de perfiles para tejas de acero desde hace m\u00e1s de 10 a\u00f1os. Contamos con\u2026","rel":"","context":"En \u00abTile Profile Roll Forming Machine\u00bb","block_context":{"text":"Tile Profile Roll Forming Machine","link":"https:\/\/believeindustry.company\/es\/tag\/tile-profile-roll-forming-machine\/"},"img":{"alt_text":"Tile Profile Roll Forming Machine","src":"https:\/\/i0.wp.com\/believeindustry.company\/wp-content\/uploads\/2018\/08\/Tile-Profile-Roll-Forming-Machine.jpg?resize=350%2C200&ssl=1","width":350,"height":200,"srcset":"https:\/\/i0.wp.com\/believeindustry.company\/wp-content\/uploads\/2018\/08\/Tile-Profile-Roll-Forming-Machine.jpg?resize=350%2C200&ssl=1 1x, https:\/\/i0.wp.com\/believeindustry.company\/wp-content\/uploads\/2018\/08\/Tile-Profile-Roll-Forming-Machine.jpg?resize=525%2C300&ssl=1 1.5x, https:\/\/i0.wp.com\/believeindustry.company\/wp-content\/uploads\/2018\/08\/Tile-Profile-Roll-Forming-Machine.jpg?resize=700%2C400&ssl=1 2x, https:\/\/i0.wp.com\/believeindustry.company\/wp-content\/uploads\/2018\/08\/Tile-Profile-Roll-Forming-Machine.jpg?resize=1050%2C600&ssl=1 3x"},"classes":[]},{"id":403,"url":"https:\/\/believeindustry.company\/es\/coil-process-equipment\/slitting-line\/","url_meta":{"origin":3121,"position":3},"title":"L\u00ednea de corte","author":"Believe Industry Group","date":"marzo 16, 2018","format":false,"excerpt":"BELI \u00ae Slitting Line is used\u00a0to slit the big wide rolls\/coils into narrow rolls, and packaging it automatically. Slitting Line Information Coil\u00a0Slitting line Machine\u00a0from BELI\u00ae \u00a0are well-known \u00a0full range production: Light Gauge Coil Slitting Line Machine :(0.2-4mm)*2000mm, 20 Ton Weight. Medium\u00a0Gauge Slitting Line : (2-8 mm)*2000mm, 20 Ton Weight Heavy\u2026","rel":"","context":"Entrada similar","block_context":{"text":"Entrada similar","link":""},"img":{"alt_text":"pre-devider","src":"https:\/\/i0.wp.com\/believeindustry.company\/wp-content\/uploads\/2018\/04\/Pre-devider.jpg?resize=350%2C200&ssl=1","width":350,"height":200,"srcset":"https:\/\/i0.wp.com\/believeindustry.company\/wp-content\/uploads\/2018\/04\/Pre-devider.jpg?resize=350%2C200&ssl=1 1x, https:\/\/i0.wp.com\/believeindustry.company\/wp-content\/uploads\/2018\/04\/Pre-devider.jpg?resize=525%2C300&ssl=1 1.5x, https:\/\/i0.wp.com\/believeindustry.company\/wp-content\/uploads\/2018\/04\/Pre-devider.jpg?resize=700%2C400&ssl=1 2x"},"classes":[]},{"id":312,"url":"https:\/\/believeindustry.company\/es\/our-mission\/","url_meta":{"origin":3121,"position":4},"title":"NUESTRA MISI\u00d3N","author":"Believe Industry Group","date":"marzo 15, 2018","format":false,"excerpt":"To help you easily purchase a customized Coil Process Equipment\uff08Slitting Line, Cut To Length Line), Roll Forming Machine( Roof Machine, Steel Structure Machine), etc \u00a0for your requirements, so you can be up and running on the steel factory \u00a0in no time at all. \"One Stop Service\" is our Goal. Our\u2026","rel":"","context":"En \u00abBelieve Industry\u00bb","block_context":{"text":"Believe Industry","link":"https:\/\/believeindustry.company\/es\/tag\/believe-industry\/"},"img":{"alt_text":"pexels-photo-275247.jpeg","src":"https:\/\/i0.wp.com\/believeindustry.company\/wp-content\/uploads\/2018\/03\/pexels-photo-275247.jpeg?resize=350%2C200&ssl=1","width":350,"height":200,"srcset":"https:\/\/i0.wp.com\/believeindustry.company\/wp-content\/uploads\/2018\/03\/pexels-photo-275247.jpeg?resize=350%2C200&ssl=1 1x, https:\/\/i0.wp.com\/believeindustry.company\/wp-content\/uploads\/2018\/03\/pexels-photo-275247.jpeg?resize=525%2C300&ssl=1 1.5x, https:\/\/i0.wp.com\/believeindustry.company\/wp-content\/uploads\/2018\/03\/pexels-photo-275247.jpeg?resize=700%2C400&ssl=1 2x"},"classes":[]},{"id":6731,"url":"https:\/\/believeindustry.company\/es\/roll-forming-machine\/metal-sheet-roll-forming-machine\/ag-panel-roll-forming-machine\/","url_meta":{"origin":3121,"position":5},"title":"M\u00e1quina perfiladora de paneles AG","author":"Believe Industry Group","date":"mayo 9, 2019","format":false,"excerpt":"An AG Panel Roll Forming Machine is an industrial machine that continuously shapes flat metal coils (typically steel or aluminum) into the finished, ribbed profile known as the AG (Agricultural) Panel. What\u2019s AG Panel? AG Panel Metal Roof, a low depth profile, economical panel solution for residential, commercial and agricultural\u2026","rel":"","context":"En \u00abpanel lines\u00bb","block_context":{"text":"panel lines","link":"https:\/\/believeindustry.company\/es\/tag\/panel-lines\/"},"img":{"alt_text":"AG Panel Roll Forming Machine","src":"https:\/\/i0.wp.com\/believeindustry.company\/wp-content\/uploads\/2023\/06\/AG-Panel-Roll-Forming-Machine.jpg?resize=350%2C200&ssl=1","width":350,"height":200,"srcset":"https:\/\/i0.wp.com\/believeindustry.company\/wp-content\/uploads\/2023\/06\/AG-Panel-Roll-Forming-Machine.jpg?resize=350%2C200&ssl=1 1x, https:\/\/i0.wp.com\/believeindustry.company\/wp-content\/uploads\/2023\/06\/AG-Panel-Roll-Forming-Machine.jpg?resize=525%2C300&ssl=1 1.5x, https:\/\/i0.wp.com\/believeindustry.company\/wp-content\/uploads\/2023\/06\/AG-Panel-Roll-Forming-Machine.jpg?resize=700%2C400&ssl=1 2x, https:\/\/i0.wp.com\/believeindustry.company\/wp-content\/uploads\/2023\/06\/AG-Panel-Roll-Forming-Machine.jpg?resize=1050%2C600&ssl=1 3x"},"classes":[]}],"amp_enabled":true,"_links":{"self":[{"href":"https:\/\/believeindustry.company\/es\/wp-json\/wp\/v2\/pages\/3121","targetHints":{"allow":["GET"]}}],"collection":[{"href":"https:\/\/believeindustry.company\/es\/wp-json\/wp\/v2\/pages"}],"about":[{"href":"https:\/\/believeindustry.company\/es\/wp-json\/wp\/v2\/types\/page"}],"author":[{"embeddable":true,"href":"https:\/\/believeindustry.company\/es\/wp-json\/wp\/v2\/users\/2"}],"replies":[{"embeddable":true,"href":"https:\/\/believeindustry.company\/es\/wp-json\/wp\/v2\/comments?post=3121"}],"version-history":[{"count":0,"href":"https:\/\/believeindustry.company\/es\/wp-json\/wp\/v2\/pages\/3121\/revisions"}],"wp:featuredmedia":[{"embeddable":true,"href":"https:\/\/believeindustry.company\/es\/wp-json\/wp\/v2\/media\/389"}],"wp:attachment":[{"href":"https:\/\/believeindustry.company\/es\/wp-json\/wp\/v2\/media?parent=3121"}],"wp:term":[{"taxonomy":"post_tag","embeddable":true,"href":"https:\/\/believeindustry.company\/es\/wp-json\/wp\/v2\/tags?post=3121"}],"curies":[{"name":"wp","href":"https:\/\/api.w.org\/{rel}","templated":true}]}}