{"id":3148,"date":"2018-10-15T13:54:11","date_gmt":"2018-10-15T05:54:11","guid":{"rendered":"https:\/\/believeindustry.company\/?page_id=3148"},"modified":"2026-04-11T22:01:13","modified_gmt":"2026-04-11T14:01:13","slug":"maquina-formadora-de-rollos-de-azulejos-esmaltados","status":"publish","type":"page","link":"https:\/\/believeindustry.company\/es\/roll-forming-machine\/metal-sheet-roll-forming-machine\/glazed-tile-roll-forming-machine\/","title":{"rendered":"M\u00e1quina formadora de rollos de azulejos esmaltados"},"content":{"rendered":"<p><strong>M\u00e1quina formadora de rollos de azulejos esmaltados<\/strong> Se utiliza para producir baldosas met\u00e1licas esmaltadas seg\u00fan los planos solicitados. La nueva m\u00e1quina para baldosas de Believe Industry Company puede alcanzar una velocidad de hasta 6 metros por minuto.<\/p>\n\n\n\n<h2 class=\"wp-block-heading\"><p><span style=\"font-size: inherit;\"> <\/span><strong style=\"font-size: inherit;\"><span style=\"font-size: 18pt;\">M\u00e1quina formadora de rollos de azulejos esmaltados<\/span><\/strong><\/p><\/h2>\n\n\n\n<h3 class=\"wp-block-heading\"><strong><span style=\"font-size: 14pt;\">Componentes de la m\u00e1quina<\/span><\/strong><\/h3>\n\n\n\n<ol class=\"wp-block-list\">\n<li>Desenrollador hidr\u00e1ulico<\/li>\n\n\n\n<li>Gu\u00eda y alimentador<\/li>\n\n\n\n<li>Precortador<\/li>\n\n\n\n<li>Laminadora<\/li>\n\n\n\n<li>Dispositivo hidr\u00e1ulico de punzonado y corte de una sola pieza<\/li>\n\n\n\n<li>Tabla de colecci\u00f3n<\/li>\n\n\n\n<li>Estaci\u00f3n hidr\u00e1ulica<\/li>\n\n\n\n<li>Panel de control<\/li>\n<\/ol>\n\n\n\n<h3 class=\"wp-block-heading\"><strong><span style=\"font-size: 14pt;\">Flujo de trabajo<\/span><\/strong><\/h3>\n\n\n\n<figure class=\"wp-block-image\"><img fetchpriority=\"high\" decoding=\"async\" width=\"1374\" height=\"397\" data-attachment-id=\"2558\" data-permalink=\"https:\/\/believeindustry.company\/es\/roll-forming-machine\/metal-sheet-roll-forming-machine\/steel-tile-profile-roll-forming-machine\/layout-of-steel-tile-profile-roll-forming-machine\/\" data-orig-file=\"https:\/\/believeindustry.company\/wp-content\/uploads\/2018\/08\/Layout-of-Steel-Tile-Profile-Roll-Forming-Machine.jpg\" data-orig-size=\"1374,397\" data-comments-opened=\"1\" data-image-meta=\"{&quot;aperture&quot;:&quot;0&quot;,&quot;credit&quot;:&quot;&quot;,&quot;camera&quot;:&quot;&quot;,&quot;caption&quot;:&quot;&quot;,&quot;created_timestamp&quot;:&quot;0&quot;,&quot;copyright&quot;:&quot;&quot;,&quot;focal_length&quot;:&quot;0&quot;,&quot;iso&quot;:&quot;0&quot;,&quot;shutter_speed&quot;:&quot;0&quot;,&quot;title&quot;:&quot;&quot;,&quot;orientation&quot;:&quot;0&quot;}\" data-image-title=\"Layout of Steel Tile Profile Roll Forming Machine\" data-image-description=\"\" data-image-caption=\"\" data-large-file=\"https:\/\/believeindustry.company\/wp-content\/uploads\/2018\/08\/Layout-of-Steel-Tile-Profile-Roll-Forming-Machine-1024x296.jpg\" src=\"https:\/\/believeindustry.company\/wp-content\/uploads\/2018\/08\/Layout-of-Steel-Tile-Profile-Roll-Forming-Machine.jpg\" alt=\"Esquema de la m\u00e1quina perfiladora de perfiles de tejas de acero\" class=\"wp-image-2558\" srcset=\"https:\/\/believeindustry.company\/wp-content\/uploads\/2018\/08\/Layout-of-Steel-Tile-Profile-Roll-Forming-Machine.jpg 1374w, https:\/\/believeindustry.company\/wp-content\/uploads\/2018\/08\/Layout-of-Steel-Tile-Profile-Roll-Forming-Machine-600x173.jpg 600w, https:\/\/believeindustry.company\/wp-content\/uploads\/2018\/08\/Layout-of-Steel-Tile-Profile-Roll-Forming-Machine-300x87.jpg 300w, https:\/\/believeindustry.company\/wp-content\/uploads\/2018\/08\/Layout-of-Steel-Tile-Profile-Roll-Forming-Machine-1024x296.jpg 1024w\" sizes=\"(max-width: 1374px) 100vw, 1374px\" \/><\/figure>\n\n\n\n<p>El proceso de producci\u00f3n de la m\u00e1quina formadora de rodillos para tejas met\u00e1licas esmaltadas es: Desenrollado \u2013 Alimentaci\u00f3n y guiado \u2013 Formado de rodillos \u2013 Punzonado \u2013 Corte \u2013 Recogida<\/p>\n\n\n\n<h3 class=\"wp-block-heading\"><strong><span style=\"font-size: 14pt;\">Especificaciones de la m\u00e1quina formadora de rodillos para azulejos esmaltados<\/span><\/strong><\/h3>\n\n\n\n<h4 class=\"wp-block-heading\"><strong><span style=\"font-size: 12pt;\">Desenrollador hidr\u00e1ulico de 5 toneladas<\/span><\/strong><\/h4>\n\n\n\n<p>El desenrollador sirve para sujetar las bobinas y desenrollarlas dentro de la m\u00e1quina principal de baldosas met\u00e1licas.<\/p>\n\n\n\n<ol class=\"wp-block-list\">\n<li> Potencia del motor principal: 4 kW<\/li>\n\n\n\n<li> Material del eje: acero ASTM1045\u00a0<\/li>\n\n\n\n<li>Transmisi\u00f3n: cadenas de 1,2 pulgadas<\/li>\n\n\n\n<li>Di\u00e1metro del eje: 130 mm<\/li>\n\n\n\n<li>Motor hidr\u00e1ulico: 3 kW\u00a0<\/li>\n\n\n\n<li>Recorrido del recipiente de aceite: 120 mm\u00a0<\/li>\n\n\n\n<li>Presi\u00f3n: 10 MPa<\/li>\n\n\n\n<li>Di\u00e1metro interior: 480-530 mm<\/li>\n\n\n\n<li>Di\u00e1metro m\u00e1ximo: 1600 mm<\/li>\n\n\n\n<li>Capacidad: 5 toneladas<\/li>\n<\/ol>\n\n\n\n<h4 class=\"wp-block-heading\"><strong><span style=\"font-size: 12pt;\">Laminadora<\/span><\/strong><\/h4>\n\n\n\n<ol class=\"wp-block-list\">\n<li>Estructura de la m\u00e1quina: Acero H soldado, soportes cromados como brazo de apoyo.<\/li>\n\n\n\n<li>Perfil de acero de espesor 0,3-0,6 mm, acero al carbono y acero inoxidable<\/li>\n\n\n\n<li>Potencia del motor principal: 7,5 kW, motor de CA,\u00a0<\/li>\n\n\n\n<li>Tensi\u00f3n, frecuencia y fase de la m\u00e1quina: 380 V, 50 Hz, trif\u00e1sica.,\u00a0<\/li>\n\n\n\n<li>Estaci\u00f3n de rollo: 16 estaciones<\/li>\n\n\n\n<li>Material del rodillo: ASTM1045, dureza y superficie cromada<\/li>\n\n\n\n<li>Di\u00e1metro del eje: 76 mm. Material: ASTM1045.\u00a0<\/li>\n\n\n\n<li>Velocidad de la m\u00e1quina para fabricar baldosas met\u00e1licas: 6-8 m\/min<\/li>\n\n\n\n<li>Transmisi\u00f3n: por cadena<\/li>\n<\/ol>\n\n\n\n<h4 class=\"wp-block-heading\"><strong><span style=\"font-size: 12pt;\">Punzonado y corte hidr\u00e1ulico<\/span><\/strong><\/h4>\n\n\n\n<ol class=\"wp-block-list\">\n<li>Adopta un dise\u00f1o de una sola pieza, con cuatro postes, lo que le confiere mayor resistencia y una apariencia atractiva.<\/li>\n\n\n\n<li>Material para moldes de punzonado y corte: CR12, templado a 58-62 grados<\/li>\n\n\n\n<li>Medici\u00f3n de longitud, marca: Omron<\/li>\n\n\n\n<li>Tolerancia de longitud: 3000 mm \u00b1 1,5 mm<\/li>\n<\/ol>\n\n\n\n<h4 class=\"wp-block-heading\"><strong><span style=\"font-size: 12pt;\">Estaci\u00f3n hidr\u00e1ulica<\/span><\/strong><\/h4>\n\n\n\n<ol class=\"wp-block-list\">\n<li>Potencia hidr\u00e1ulica: 11 kW con dep\u00f3sito de almacenamiento de energ\u00eda<\/li>\n\n\n\n<li>Presi\u00f3n de trabajo: 10-12 MPa ajustable<\/li>\n\n\n\n<li>V\u00e1lvula solenoide: 2 grupos<\/li>\n\n\n\n<li>Aceite hidr\u00e1ulico: aceite hidr\u00e1ulico 46 #<\/li>\n<\/ol>\n\n\n\n<h4 class=\"wp-block-heading\"><strong><span style=\"font-size: 12pt;\">Panel de control<\/span><\/strong><\/h4>\n\n\n\n<ol class=\"wp-block-list\">\n<li>Puedes configurar la velocidad, la longitud, el lote y la cantidad de baldosas de acero en la pantalla t\u00e1ctil. La m\u00e1quina funcionar\u00e1 autom\u00e1ticamente. Tambi\u00e9n puedes seleccionar el modo manual.<\/li>\n\n\n\n<li>Sistema de control por computadora: PLC Panasonic<\/li>\n\n\n\n<li>Pantalla t\u00e1ctil: Kunluntongtai MCSG<\/li>\n\n\n\n<li>Codificador: Marca Omron<\/li>\n\n\n\n<li>Inversor: YASKAWA<\/li>\n\n\n\n<li>Interruptor de l\u00edmite: Marca Omron<\/li>\n\n\n\n<li>Presi\u00f3n de la estaci\u00f3n hidr\u00e1ulica: 16 MPa<\/li>\n\n\n\n<li>Corriente: 380 V corriente continua, 50 Hz, trif\u00e1sica<\/li>\n\n\n\n<li>Adopta un conector de aviaci\u00f3n para facilitar la conexi\u00f3n de los cables.<\/li>\n<\/ol>\n\n\n\n<p><strong><a href=\"http:\/\/www.belirollform.com\" target=\"_blank\" rel=\"noopener\">Compa\u00f1\u00eda de la Industria Believe<\/a><\/strong> tienen una gama completa de <a href=\"https:\/\/believeindustry.company\/es\/maquina-perfiladora-de-rodillos\/\">m\u00e1quinas perfiladoras<\/a> para tejas y l\u00e1minas met\u00e1licas para techos. <a href=\"https:\/\/believeindustry.company\/es\/contacto\/\">Cont\u00e1ctanos<\/a> Para obtener m\u00e1s informaci\u00f3n.<\/p>\n\n\n\n<h3 class=\"wp-block-heading\"><strong>Fotos de la m\u00e1quina de baldosas de acero<\/strong><\/h3>\n\n\n\n<figure class=\"wp-block-image is-resized\"><img decoding=\"async\" width=\"497\" height=\"677\" data-attachment-id=\"2559\" data-permalink=\"https:\/\/believeindustry.company\/es\/roll-forming-machine\/metal-sheet-roll-forming-machine\/steel-tile-profile-roll-forming-machine\/steel-tile-profile-roll-forming-machine\/\" data-orig-file=\"https:\/\/believeindustry.company\/wp-content\/uploads\/2018\/08\/steel-tile-profile-roll-forming-machine.jpg\" data-orig-size=\"497,677\" data-comments-opened=\"1\" data-image-meta=\"{&quot;aperture&quot;:&quot;0&quot;,&quot;credit&quot;:&quot;&quot;,&quot;camera&quot;:&quot;&quot;,&quot;caption&quot;:&quot;&quot;,&quot;created_timestamp&quot;:&quot;0&quot;,&quot;copyright&quot;:&quot;&quot;,&quot;focal_length&quot;:&quot;0&quot;,&quot;iso&quot;:&quot;0&quot;,&quot;shutter_speed&quot;:&quot;0&quot;,&quot;title&quot;:&quot;&quot;,&quot;orientation&quot;:&quot;0&quot;}\" data-image-title=\"steel tile profile roll forming machine\" data-image-description=\"\" data-image-caption=\"\" data-large-file=\"https:\/\/believeindustry.company\/wp-content\/uploads\/2018\/08\/steel-tile-profile-roll-forming-machine.jpg\" src=\"https:\/\/believeindustry.company\/wp-content\/uploads\/2018\/08\/steel-tile-profile-roll-forming-machine.jpg\" alt=\"m\u00e1quina perfiladora de perfiles de tejas de acero\" class=\"wp-image-2559\" style=\"width:580px;height:790px\" srcset=\"https:\/\/believeindustry.company\/wp-content\/uploads\/2018\/08\/steel-tile-profile-roll-forming-machine.jpg 497w, https:\/\/believeindustry.company\/wp-content\/uploads\/2018\/08\/steel-tile-profile-roll-forming-machine-220x300.jpg 220w\" sizes=\"(max-width: 497px) 100vw, 497px\" \/><figcaption><\/figcaption><\/figure>\n\n\n\n<p>&nbsp;<\/p>","protected":false},"excerpt":{"rendered":"<p>Glazed Tile Roll Forming Machine is for produce metal glazed tiles as desired drawings. Believe Industry Company new design tile machine speed can be up to 6m per minute. Glazed Tile Roll Forming Machine Machine Components Work Flow The production process of the metal glazed tile roll forming machine is: Uncoiling&#8211; Feeding&amp;Guiding&#8211; Roll Forming&#8211; Punching&#8211; [&hellip;]<\/p>\n","protected":false},"author":2,"featured_media":3150,"parent":724,"menu_order":15,"comment_status":"closed","ping_status":"closed","template":"","meta":{"_angie_page":false,"footnotes":"","big_sky_generated":false},"tags":[607851244,607848639,607848642,607848641,607849628,607848640],"class_list":["post-3148","page","type-page","status-publish","has-post-thumbnail","hentry","tag-construction-and-steel-structure","tag-glazed-tile-machine","tag-glazed-tile-roll-forming-machine","tag-metal-glazed-tile-machine","tag-panel-lines","tag-steel-glazed-tile-machine"],"blocksy_meta":[],"jetpack_sharing_enabled":true,"jetpack_shortlink":"https:\/\/wp.me\/P9K5n8-OM","jetpack_likes_enabled":false,"jetpack-related-posts":[{"id":3494,"url":"https:\/\/believeindustry.company\/es\/metal-glazed-tile-roll-forming-machine-video-2\/","url_meta":{"origin":3148,"position":0},"title":"V\u00eddeo de la m\u00e1quina formadora de rollos para tejas met\u00e1licas esmaltadas","author":"Believe Industry Group","date":"diciembre 5, 2018","format":false,"excerpt":"https:\/\/believeindustry.company\/wp-content\/uploads\/2018\/12\/metal-glazed-tile-roll-forming-machine.mp4 The Metal Glazed Tile Roll Forming Machine Video will show you how the metal glazed tile roll forming machine working.\u00a0 Metal Tile Roll Forming Machine Components 5 Ton Hydraulic UncoilerFeeder and Guider Device. Pre-cutting DeviceChromed Guider Pillar Roll Forming MillOne-body Punch and Cutting DeviceControlled BoxHydraulic StationCollection Table Believe Industry\u2026","rel":"","context":"Entrada similar","block_context":{"text":"Entrada similar","link":""},"img":{"alt_text":"Metal Glazed Tile Roll Forming Machine Video","src":"https:\/\/i0.wp.com\/believeindustry.company\/wp-content\/uploads\/2018\/12\/metal-glazed-tile-roll-forming-machine-video-.jpg?resize=350%2C200&ssl=1","width":350,"height":200,"srcset":"https:\/\/i0.wp.com\/believeindustry.company\/wp-content\/uploads\/2018\/12\/metal-glazed-tile-roll-forming-machine-video-.jpg?resize=350%2C200&ssl=1 1x, https:\/\/i0.wp.com\/believeindustry.company\/wp-content\/uploads\/2018\/12\/metal-glazed-tile-roll-forming-machine-video-.jpg?resize=525%2C300&ssl=1 1.5x, https:\/\/i0.wp.com\/believeindustry.company\/wp-content\/uploads\/2018\/12\/metal-glazed-tile-roll-forming-machine-video-.jpg?resize=700%2C400&ssl=1 2x, https:\/\/i0.wp.com\/believeindustry.company\/wp-content\/uploads\/2018\/12\/metal-glazed-tile-roll-forming-machine-video-.jpg?resize=1050%2C600&ssl=1 3x"},"classes":[]},{"id":777,"url":"https:\/\/believeindustry.company\/es\/roll-forming-machine\/metal-sheet-roll-forming-machine\/metal-roof-tile-roll-forming-machine\/","url_meta":{"origin":3148,"position":1},"title":"M\u00e1quina perfiladora de tejas met\u00e1licas","author":"Believe Industry Group","date":"marzo 29, 2018","format":false,"excerpt":"Metal Roof Tile Roll Forming Machine\u00a0is for producing the metal tiles which is similar to traditional tiles. While the quality and life is better. Introduction of Metal Roof Tile Roll Forming Machine Roof Tiles\u00a0are to keep out rain. And traditional made from locally available materials such as slate and terracotta.\u2026","rel":"","context":"En \u00abConstruction and Steel Structure\u00bb","block_context":{"text":"Construction and Steel Structure","link":"https:\/\/believeindustry.company\/es\/tag\/construction-and-steel-structure\/"},"img":{"alt_text":"roof tile roll forming machine","src":"https:\/\/i0.wp.com\/believeindustry.company\/wp-content\/uploads\/2018\/04\/roof-tile-roll-forming-machine-e1522726193554.jpg?resize=350%2C200&ssl=1","width":350,"height":200,"srcset":"https:\/\/i0.wp.com\/believeindustry.company\/wp-content\/uploads\/2018\/04\/roof-tile-roll-forming-machine-e1522726193554.jpg?resize=350%2C200&ssl=1 1x, https:\/\/i0.wp.com\/believeindustry.company\/wp-content\/uploads\/2018\/04\/roof-tile-roll-forming-machine-e1522726193554.jpg?resize=525%2C300&ssl=1 1.5x, https:\/\/i0.wp.com\/believeindustry.company\/wp-content\/uploads\/2018\/04\/roof-tile-roll-forming-machine-e1522726193554.jpg?resize=700%2C400&ssl=1 2x, https:\/\/i0.wp.com\/believeindustry.company\/wp-content\/uploads\/2018\/04\/roof-tile-roll-forming-machine-e1522726193554.jpg?resize=1050%2C600&ssl=1 3x"},"classes":[]},{"id":724,"url":"https:\/\/believeindustry.company\/es\/roll-forming-machine\/metal-sheet-roll-forming-machine\/","url_meta":{"origin":3148,"position":2},"title":"M\u00e1quina perfiladora de chapa met\u00e1lica","author":"Believe Industry Group","date":"marzo 28, 2018","format":false,"excerpt":"Metal Sheet Roll Forming Machines, also named Steel Sheet Roll Forming Machines are widely used in Steel Structure Systems Manufacturers or Builders.Believe Industry Company have full range of Metal Sheet Roll Forming Machine to produce Roof Panels, Wall Cladding Sheets, Step Tiles with different types. Such as: Standing seamming Panel.\u2026","rel":"","context":"En \u00abbelieve industry machine\u00bb","block_context":{"text":"believe industry machine","link":"https:\/\/believeindustry.company\/es\/tag\/believe-industry-machine\/"},"img":{"alt_text":"sheet roll forming machine","src":"https:\/\/i0.wp.com\/believeindustry.company\/wp-content\/uploads\/2018\/03\/metal-sheet-roll-forming-machine.jpg?resize=350%2C200&ssl=1","width":350,"height":200,"srcset":"https:\/\/i0.wp.com\/believeindustry.company\/wp-content\/uploads\/2018\/03\/metal-sheet-roll-forming-machine.jpg?resize=350%2C200&ssl=1 1x, https:\/\/i0.wp.com\/believeindustry.company\/wp-content\/uploads\/2018\/03\/metal-sheet-roll-forming-machine.jpg?resize=525%2C300&ssl=1 1.5x, https:\/\/i0.wp.com\/believeindustry.company\/wp-content\/uploads\/2018\/03\/metal-sheet-roll-forming-machine.jpg?resize=700%2C400&ssl=1 2x"},"classes":[]},{"id":2555,"url":"https:\/\/believeindustry.company\/es\/roll-forming-machine\/metal-sheet-roll-forming-machine\/steel-tile-profile-roll-forming-machine\/","url_meta":{"origin":3148,"position":3},"title":"M\u00e1quina formadora de perfiles de tejas de acero","author":"Believe Industry Group","date":"agosto 1, 2018","format":false,"excerpt":"La m\u00e1quina perfiladora de perfiles para tejas de acero se utiliza para producir perfiles de tejas de acero seg\u00fan el dise\u00f1o deseado. La profundidad de dise\u00f1o m\u00e1s reciente alcanza los 30 mm. Believe Industry Company se dedica al dise\u00f1o y la fabricaci\u00f3n de m\u00e1quinas perfiladoras de perfiles para tejas de acero desde hace m\u00e1s de 10 a\u00f1os. Contamos con\u2026","rel":"","context":"En \u00abConstruction and Steel Structure\u00bb","block_context":{"text":"Construction and Steel Structure","link":"https:\/\/believeindustry.company\/es\/tag\/construction-and-steel-structure\/"},"img":{"alt_text":"Tile Profile Roll Forming Machine","src":"https:\/\/i0.wp.com\/believeindustry.company\/wp-content\/uploads\/2018\/08\/Tile-Profile-Roll-Forming-Machine.jpg?resize=350%2C200&ssl=1","width":350,"height":200,"srcset":"https:\/\/i0.wp.com\/believeindustry.company\/wp-content\/uploads\/2018\/08\/Tile-Profile-Roll-Forming-Machine.jpg?resize=350%2C200&ssl=1 1x, https:\/\/i0.wp.com\/believeindustry.company\/wp-content\/uploads\/2018\/08\/Tile-Profile-Roll-Forming-Machine.jpg?resize=525%2C300&ssl=1 1.5x, https:\/\/i0.wp.com\/believeindustry.company\/wp-content\/uploads\/2018\/08\/Tile-Profile-Roll-Forming-Machine.jpg?resize=700%2C400&ssl=1 2x, https:\/\/i0.wp.com\/believeindustry.company\/wp-content\/uploads\/2018\/08\/Tile-Profile-Roll-Forming-Machine.jpg?resize=1050%2C600&ssl=1 3x"},"classes":[]},{"id":2353,"url":"https:\/\/believeindustry.company\/es\/roll-forming-machine\/metal-sheet-roll-forming-machine\/monterey-v1100-tile-roll-forming-machine-for-sale\/","url_meta":{"origin":3148,"position":4},"title":"M\u00e1quina formadora de rodillos para azulejos Monterey V1100","author":"Believe Industry Group","date":"junio 25, 2018","format":false,"excerpt":"Believe Industry have different design of \u00a0Monterey V1100 Tile Roll Forming Machine for sale \u00a0and all the machines are fully customized. Monterey V1100 Tile Roll Forming Machine For Sale What's Monterey V1100? Monterey V1100 is a very famous tile profile which is widely used in Russian. As usual, the tiles\u2026","rel":"","context":"En \u00abConstruction and Steel Structure\u00bb","block_context":{"text":"Construction and Steel Structure","link":"https:\/\/believeindustry.company\/es\/tag\/construction-and-steel-structure\/"},"img":{"alt_text":"Monterey V1100 Tile Roll Forming Machine","src":"https:\/\/i0.wp.com\/believeindustry.company\/wp-content\/uploads\/2018\/06\/The-Monterey-V1100-Tile-Roll-Forming-Machine.jpg?resize=350%2C200&ssl=1","width":350,"height":200,"srcset":"https:\/\/i0.wp.com\/believeindustry.company\/wp-content\/uploads\/2018\/06\/The-Monterey-V1100-Tile-Roll-Forming-Machine.jpg?resize=350%2C200&ssl=1 1x, https:\/\/i0.wp.com\/believeindustry.company\/wp-content\/uploads\/2018\/06\/The-Monterey-V1100-Tile-Roll-Forming-Machine.jpg?resize=525%2C300&ssl=1 1.5x, https:\/\/i0.wp.com\/believeindustry.company\/wp-content\/uploads\/2018\/06\/The-Monterey-V1100-Tile-Roll-Forming-Machine.jpg?resize=700%2C400&ssl=1 2x, https:\/\/i0.wp.com\/believeindustry.company\/wp-content\/uploads\/2018\/06\/The-Monterey-V1100-Tile-Roll-Forming-Machine.jpg?resize=1050%2C600&ssl=1 3x"},"classes":[]},{"id":1277,"url":"https:\/\/believeindustry.company\/es\/video\/metal-tile-roll-forming-machine-video\/","url_meta":{"origin":3148,"position":5},"title":"V\u00eddeo de la m\u00e1quina formadora de rodillos para tejas met\u00e1licas","author":"Believe Industry Group","date":"abril 16, 2018","format":false,"excerpt":"The Metal Tile Roll Forming Machine Video will let you easy to know how the machine working and how to operate the machine. Contact us for more details of Metal Tile Roll Forming Machine","rel":"","context":"En \u00abMetal Tile Roll Forming Machine\u00bb","block_context":{"text":"Metal Tile Roll Forming Machine","link":"https:\/\/believeindustry.company\/es\/tag\/metal-tile-roll-forming-machine\/"},"img":{"alt_text":"roll forming machine for metal roof tile","src":"https:\/\/i0.wp.com\/believeindustry.company\/wp-content\/uploads\/2018\/05\/roll-forming-machine-for-metal-roof-tile.jpg?resize=350%2C200&ssl=1","width":350,"height":200,"srcset":"https:\/\/i0.wp.com\/believeindustry.company\/wp-content\/uploads\/2018\/05\/roll-forming-machine-for-metal-roof-tile.jpg?resize=350%2C200&ssl=1 1x, https:\/\/i0.wp.com\/believeindustry.company\/wp-content\/uploads\/2018\/05\/roll-forming-machine-for-metal-roof-tile.jpg?resize=525%2C300&ssl=1 1.5x, https:\/\/i0.wp.com\/believeindustry.company\/wp-content\/uploads\/2018\/05\/roll-forming-machine-for-metal-roof-tile.jpg?resize=700%2C400&ssl=1 2x, https:\/\/i0.wp.com\/believeindustry.company\/wp-content\/uploads\/2018\/05\/roll-forming-machine-for-metal-roof-tile.jpg?resize=1050%2C600&ssl=1 3x"},"classes":[]}],"amp_enabled":true,"_links":{"self":[{"href":"https:\/\/believeindustry.company\/es\/wp-json\/wp\/v2\/pages\/3148","targetHints":{"allow":["GET"]}}],"collection":[{"href":"https:\/\/believeindustry.company\/es\/wp-json\/wp\/v2\/pages"}],"about":[{"href":"https:\/\/believeindustry.company\/es\/wp-json\/wp\/v2\/types\/page"}],"author":[{"embeddable":true,"href":"https:\/\/believeindustry.company\/es\/wp-json\/wp\/v2\/users\/2"}],"replies":[{"embeddable":true,"href":"https:\/\/believeindustry.company\/es\/wp-json\/wp\/v2\/comments?post=3148"}],"version-history":[{"count":2,"href":"https:\/\/believeindustry.company\/es\/wp-json\/wp\/v2\/pages\/3148\/revisions"}],"predecessor-version":[{"id":19726,"href":"https:\/\/believeindustry.company\/es\/wp-json\/wp\/v2\/pages\/3148\/revisions\/19726"}],"up":[{"embeddable":true,"href":"https:\/\/believeindustry.company\/es\/wp-json\/wp\/v2\/pages\/724"}],"wp:featuredmedia":[{"embeddable":true,"href":"https:\/\/believeindustry.company\/es\/wp-json\/wp\/v2\/media\/3150"}],"wp:attachment":[{"href":"https:\/\/believeindustry.company\/es\/wp-json\/wp\/v2\/media?parent=3148"}],"wp:term":[{"taxonomy":"post_tag","embeddable":true,"href":"https:\/\/believeindustry.company\/es\/wp-json\/wp\/v2\/tags?post=3148"}],"curies":[{"name":"wp","href":"https:\/\/api.w.org\/{rel}","templated":true}]}}