{"id":3167,"date":"2018-10-17T15:59:46","date_gmt":"2018-10-17T07:59:46","guid":{"rendered":"https:\/\/believeindustry.company\/?page_id=3167"},"modified":"2026-04-12T12:54:30","modified_gmt":"2026-04-12T04:54:30","slug":"maquina-formadora-de-correas-cz-intercambiables-2","status":"publish","type":"page","link":"https:\/\/believeindustry.company\/es\/interchangeable-c-z-purlin-roll-forming-machine-2\/","title":{"rendered":"M\u00e1quina formadora de correas C\/Z intercambiables"},"content":{"rendered":"<p><strong>Perfilado de correas C\/Z intercambiables<\/strong> La m\u00e1quina produce correas cee y zed de varios tama\u00f1os. El ajuste de tama\u00f1o es totalmente autom\u00e1tico.<\/p>\n\n\n\n<p>Una m\u00e1quina perfiladora tradicional de correas C o Z solo puede producir correas C o Z de varios tama\u00f1os. El tama\u00f1o del alma es de 80-350 mm, el tama\u00f1o del ala es de 50-100 mm y el tama\u00f1o del labio es de 10-20 mm. La m\u00e1quina requiere el ajuste manual de los espaciadores y el reemplazo de la cuchilla. El tiempo de cambio es de al menos 2 horas para un ingeniero experimentado.<\/p>\n\n\n\n<p><a href=\"http:\/\/www.belirollform.com\" target=\"_blank\" rel=\"noopener\">Compa\u00f1\u00eda de la Industria Believe<\/a> La m\u00e1quina formadora de correas C\/Z intercambiables puede producir todos los tama\u00f1os de correas C y Z como se mencion\u00f3 anteriormente. El ajuste de tama\u00f1o es completamente autom\u00e1tico y el cambio de secci\u00f3n solo requiere 2 minutos. <a href=\"https:\/\/believeindustry.company\/es\/maquina-perfiladora-de-rodillos\/maquina-formadora-de-perfiles\/maquina-formadora-de-perfiles-cz\/\">Ver m\u00e1s<\/a>.<\/p>\n\n\n\n<figure class=\"wp-block-image\"><img fetchpriority=\"high\" decoding=\"async\" width=\"803\" height=\"585\" data-attachment-id=\"3168\" data-permalink=\"https:\/\/believeindustry.company\/es\/?attachment_id=3168\" data-orig-file=\"https:\/\/believeindustry.company\/wp-content\/uploads\/2018\/10\/interchangeable-c-z-purlin-roll-forming-machine.png\" data-orig-size=\"803,585\" data-comments-opened=\"1\" data-image-meta=\"{&quot;aperture&quot;:&quot;0&quot;,&quot;credit&quot;:&quot;&quot;,&quot;camera&quot;:&quot;&quot;,&quot;caption&quot;:&quot;&quot;,&quot;created_timestamp&quot;:&quot;0&quot;,&quot;copyright&quot;:&quot;&quot;,&quot;focal_length&quot;:&quot;0&quot;,&quot;iso&quot;:&quot;0&quot;,&quot;shutter_speed&quot;:&quot;0&quot;,&quot;title&quot;:&quot;&quot;,&quot;orientation&quot;:&quot;0&quot;}\" data-image-title=\"interchangeable c z purlin roll forming machine\" data-image-description=\"\" data-image-caption=\"\" data-large-file=\"https:\/\/believeindustry.company\/wp-content\/uploads\/2018\/10\/interchangeable-c-z-purlin-roll-forming-machine.png\" src=\"https:\/\/believeindustry.company\/wp-content\/uploads\/2018\/10\/interchangeable-c-z-purlin-roll-forming-machine.png\" alt=\"M\u00e1quina formadora de correas C\/Z intercambiables\" class=\"wp-image-3168\" srcset=\"https:\/\/believeindustry.company\/wp-content\/uploads\/2018\/10\/interchangeable-c-z-purlin-roll-forming-machine.png 803w, https:\/\/believeindustry.company\/wp-content\/uploads\/2018\/10\/interchangeable-c-z-purlin-roll-forming-machine-600x437.png 600w, https:\/\/believeindustry.company\/wp-content\/uploads\/2018\/10\/interchangeable-c-z-purlin-roll-forming-machine-300x219.png 300w\" sizes=\"(max-width: 803px) 100vw, 803px\" \/><\/figure>\n\n\n\n<h2 class=\"wp-block-heading\">Disposici\u00f3n del perfilador de correas c\/z<\/h2>\n\n\n\n<figure class=\"wp-block-image\"><img decoding=\"async\" width=\"1500\" height=\"341\" data-attachment-id=\"3170\" data-permalink=\"https:\/\/believeindustry.company\/es\/interchangeable-c-z-purlin-roll-forming-machine-2\/layout-of-c-z-purlin-roll-former\/\" data-orig-file=\"https:\/\/believeindustry.company\/wp-content\/uploads\/2018\/10\/layout-of-c-z-purlin-roll-former.png\" data-orig-size=\"1500,341\" data-comments-opened=\"1\" data-image-meta=\"{&quot;aperture&quot;:&quot;0&quot;,&quot;credit&quot;:&quot;&quot;,&quot;camera&quot;:&quot;&quot;,&quot;caption&quot;:&quot;&quot;,&quot;created_timestamp&quot;:&quot;0&quot;,&quot;copyright&quot;:&quot;&quot;,&quot;focal_length&quot;:&quot;0&quot;,&quot;iso&quot;:&quot;0&quot;,&quot;shutter_speed&quot;:&quot;0&quot;,&quot;title&quot;:&quot;&quot;,&quot;orientation&quot;:&quot;0&quot;}\" data-image-title=\"layout of c z purlin roll former\" data-image-description=\"\" data-image-caption=\"\" data-large-file=\"https:\/\/believeindustry.company\/wp-content\/uploads\/2018\/10\/layout-of-c-z-purlin-roll-former-1024x233.png\" src=\"https:\/\/believeindustry.company\/wp-content\/uploads\/2018\/10\/layout-of-c-z-purlin-roll-former.png\" alt=\"\" class=\"wp-image-3170\" srcset=\"https:\/\/believeindustry.company\/wp-content\/uploads\/2018\/10\/layout-of-c-z-purlin-roll-former.png 1500w, https:\/\/believeindustry.company\/wp-content\/uploads\/2018\/10\/layout-of-c-z-purlin-roll-former-600x136.png 600w, https:\/\/believeindustry.company\/wp-content\/uploads\/2018\/10\/layout-of-c-z-purlin-roll-former-300x68.png 300w, https:\/\/believeindustry.company\/wp-content\/uploads\/2018\/10\/layout-of-c-z-purlin-roll-former-1024x233.png 1024w\" sizes=\"(max-width: 1500px) 100vw, 1500px\" \/><\/figure>\n\n\n\n<h2 class=\"wp-block-heading\">Introducci\u00f3n de la m\u00e1quina perfiladora de correas C\/Z intercambiables<\/h2>\n\n\n\n<h3 class=\"wp-block-heading\"><strong>Desenrollador hidr\u00e1ulico de 5 toneladas<\/strong><\/h3>\n\n\n\n<figure class=\"wp-block-table aligncenter\"><table><tbody><tr><td><strong>Descripci\u00f3n<\/strong><\/td><td><strong>Presupuesto<\/strong><\/td><\/tr><tr><td>Capacidad de carga<\/td><td>5 toneladas<\/td><\/tr><tr><td>Ancho m\u00e1ximo de bobina:<\/td><td>600 mil\u00edmetros<\/td><\/tr><tr><td>Di\u00e1metro interior de la bobina<\/td><td>480-600 mm<\/td><\/tr><tr><td>Di\u00e1metro exterior de la bobina<\/td><td>M\u00e1ximo 1600 mm<\/td><\/tr><tr><td>Potencia del motor de desenrollado<\/td><td>4 kW<\/td><\/tr><tr><td>Potencia del motor de la estaci\u00f3n hidr\u00e1ulica<\/td><td>3 kW<\/td><\/tr><tr><td>Velocidad de desenrollado<\/td><td>12-15 m\/min, coincidir\u00e1 con la velocidad de la m\u00e1quina perfiladora<\/td><\/tr><\/tbody><\/table><\/figure>\n\n\n\n<h3 class=\"wp-block-heading\"><strong>Alimentaci\u00f3n, guiado y nivelaci\u00f3n<\/strong><\/h3>\n\n\n\n<figure class=\"wp-block-table aligncenter\"><table><tbody><tr><td>Descripci\u00f3n<\/td><td><strong>Presupuesto<\/strong><\/td><\/tr><tr><td>Rango de ancho<\/td><td>150-600 mm<\/td><\/tr><tr><td>Material para moldes de corte<\/td><td>CR12, HRC 58-62<\/td><\/tr><tr><td>Potencia del motor hidr\u00e1ulico<\/td><td>Utilice la misma estaci\u00f3n hidr\u00e1ulica que el cortador de postes<\/td><\/tr><tr><td>Material del rodillo de presi\u00f3n<\/td><td>ASTM 1045, superficie cromada<\/td><\/tr><tr><td>Panel lateral y ruedas<\/td><td>Revestimiento negro<\/td><\/tr><tr><td>Rodillos de palanca<\/td><td>Los 3 superiores, los 4 inferiores<\/td><\/tr><tr><td>Material de rodillos niveladores<\/td><td>ASTM 1045, cromado, 90 mm de di\u00e1metro<\/td><\/tr><tr><td>Potencia del motor de nivelaci\u00f3n<\/td><td>5,5 kW<\/td><\/tr><\/tbody><\/table><\/figure>\n\n\n\n<h3 class=\"wp-block-heading\">M\u00e1quina formadora de rollos de correas C\/Z<\/h3>\n\n\n\n<figure class=\"wp-block-table aligncenter\"><table><tbody><tr><td><strong>Descripci\u00f3n<\/strong><\/td><td><strong>Presupuesto<\/strong><\/td><\/tr><tr><td>Espesor<\/td><td>Acero dulce de 1,5-3 mm<\/td><\/tr><tr><td>Estaciones de rodillos<\/td><td>18-20<\/td><\/tr><tr><td>Material del eje<\/td><td>ASTM 1045, 90 mm de di\u00e1metro, HB 220-260<\/td><\/tr><tr><td>Material del rodillo<\/td><td>CR12, templado 58-62, superficie cromada<\/td><\/tr><tr><td>Potencia del motor:<\/td><td>22 kW<\/td><\/tr><tr><td>Ajuste de ancho de potencia:<\/td><td>0,75 KW*2 para ajuste de brida, 1,5 KW para ajuste de banda<\/td><\/tr><tr><td>Velocidad de formaci\u00f3n<\/td><td>12-15 m\/min (no incluye perforaci\u00f3n ni corte)<\/td><\/tr><tr><td>M\u00e9todo impulsado<\/td><td>Cadena y engranaje<\/td><\/tr><\/tbody><\/table><\/figure>\n\n\n\n<h3 class=\"wp-block-heading\">Dispositivo para perforar agujeros<\/h3>\n\n\n\n<figure class=\"wp-block-table aligncenter\"><table class=\"has-fixed-layout\"><tbody><tr><td><strong>Descripci\u00f3n<\/strong><\/td><td><strong>Presupuesto<\/strong><\/td><\/tr><tr><td>Material de molde de punzonado<\/td><td>CR12, HRC 60-62 grados<\/td><\/tr><tr><td>Potencia del motor hidr\u00e1ulico<\/td><td>7,5 kW<\/td><\/tr><tr><td>Presi\u00f3n de trabajo hidr\u00e1ulica<\/td><td>12-16 MPa<\/td><\/tr><tr><td>Medici\u00f3n de longitud<\/td><td>Codificador Omron<\/td><\/tr><\/tbody><\/table><\/figure>\n\n\n\n<h3 class=\"wp-block-heading\">Multifuncional<strong> Dispositivo de corte hidr\u00e1ulico<\/strong><\/h3>\n\n\n\n<figure class=\"wp-block-table aligncenter\"><table><tbody><tr><td><strong>Descripci\u00f3n<\/strong><\/td><td><strong>Presupuesto<\/strong><\/td><\/tr><tr><td>Material para moldes de corte<\/td><td>CR12, HRC 60-62 grados<\/td><\/tr><tr><td>Potencia del motor hidr\u00e1ulico<\/td><td>7,5 kW<\/td><\/tr><tr><td>Presi\u00f3n de trabajo hidr\u00e1ulica<\/td><td>12-16 MPa<\/td><\/tr><tr><td>Medici\u00f3n de longitud<\/td><td>Codificador Omron<\/td><\/tr><\/tbody><\/table><\/figure>\n\n\n\n<h3 class=\"wp-block-heading\">Panel de control<\/h3>\n\n\n\n<figure class=\"wp-block-table aligncenter\"><table><tbody><tr><td><strong>Descripci\u00f3n<\/strong><\/td><td><strong>Presupuesto<\/strong><\/td><\/tr><tr><td>Voltaje y frecuencia<\/td><td>400 V, 50 Hz, trif\u00e1sico ( <strong>Por favor confirme<\/strong>)<\/td><\/tr><tr><td>Pantalla t\u00e1ctil<\/td><td>MCGS<\/td><\/tr><tr><td>SOCIEDAD AN\u00d3NIMA<\/td><td>Panasonic<\/td><\/tr><tr><td>Codificador<\/td><td>Omron<\/td><\/tr><tr><td>Marca del convertidor de frecuencia<\/td><td>Yaskawa<\/td><\/tr><\/tbody><\/table><\/figure>\n\n\n\n<h2 class=\"wp-block-heading\">Galer\u00eda de fotos<\/h2>\n\n\n\n<figure class=\"wp-block-gallery has-nested-images columns-default is-cropped wp-block-gallery-1 is-layout-flex wp-block-gallery-is-layout-flex\">\n<figure class=\"wp-block-image\"><img decoding=\"async\" width=\"719\" height=\"529\" data-attachment-id=\"3178\" data-permalink=\"https:\/\/believeindustry.company\/es\/feeding-and-leveler-of-c-and-z-purlin-roll-forming-machine-2\/\" data-orig-file=\"https:\/\/believeindustry.company\/wp-content\/uploads\/2018\/10\/Feeding-and-Leveler-of-c-and-z-purlin-roll-forming-machine-1.png\" data-orig-size=\"719,529\" data-comments-opened=\"1\" data-image-meta=\"{&quot;aperture&quot;:&quot;0&quot;,&quot;credit&quot;:&quot;&quot;,&quot;camera&quot;:&quot;&quot;,&quot;caption&quot;:&quot;&quot;,&quot;created_timestamp&quot;:&quot;0&quot;,&quot;copyright&quot;:&quot;&quot;,&quot;focal_length&quot;:&quot;0&quot;,&quot;iso&quot;:&quot;0&quot;,&quot;shutter_speed&quot;:&quot;0&quot;,&quot;title&quot;:&quot;&quot;,&quot;orientation&quot;:&quot;0&quot;}\" data-image-title=\"Feeding and Leveler of c and z purlin roll forming machine\" data-image-description=\"\" data-image-caption=\"\" data-large-file=\"https:\/\/believeindustry.company\/wp-content\/uploads\/2018\/10\/Feeding-and-Leveler-of-c-and-z-purlin-roll-forming-machine-1.png\" data-id=\"3178\" src=\"https:\/\/believeindustry.company\/wp-content\/uploads\/2018\/10\/Feeding-and-Leveler-of-c-and-z-purlin-roll-forming-machine-1.png\" alt=\"\" class=\"wp-image-3178\" srcset=\"https:\/\/believeindustry.company\/wp-content\/uploads\/2018\/10\/Feeding-and-Leveler-of-c-and-z-purlin-roll-forming-machine-1.png 719w, https:\/\/believeindustry.company\/wp-content\/uploads\/2018\/10\/Feeding-and-Leveler-of-c-and-z-purlin-roll-forming-machine-1-600x441.png 600w, https:\/\/believeindustry.company\/wp-content\/uploads\/2018\/10\/Feeding-and-Leveler-of-c-and-z-purlin-roll-forming-machine-1-300x221.png 300w\" sizes=\"(max-width: 719px) 100vw, 719px\" \/><\/figure>\n\n\n\n<figure class=\"wp-block-image\"><img loading=\"lazy\" decoding=\"async\" width=\"800\" height=\"600\" data-attachment-id=\"3174\" data-permalink=\"https:\/\/believeindustry.company\/es\/interchangeable-c-z-purlin-roll-forming-machine-2\/roll-forming-parts-of-c-and-z-purlin-roll-forming-mill\/\" data-orig-file=\"https:\/\/believeindustry.company\/wp-content\/uploads\/2018\/10\/roll-forming-parts-of-c-and-z-purlin-roll-forming-mill.png\" data-orig-size=\"800,600\" data-comments-opened=\"1\" data-image-meta=\"{&quot;aperture&quot;:&quot;0&quot;,&quot;credit&quot;:&quot;&quot;,&quot;camera&quot;:&quot;&quot;,&quot;caption&quot;:&quot;&quot;,&quot;created_timestamp&quot;:&quot;0&quot;,&quot;copyright&quot;:&quot;&quot;,&quot;focal_length&quot;:&quot;0&quot;,&quot;iso&quot;:&quot;0&quot;,&quot;shutter_speed&quot;:&quot;0&quot;,&quot;title&quot;:&quot;&quot;,&quot;orientation&quot;:&quot;0&quot;}\" data-image-title=\"roll forming parts of c and z purlin roll forming mill\" data-image-description=\"\" data-image-caption=\"\" data-large-file=\"https:\/\/believeindustry.company\/wp-content\/uploads\/2018\/10\/roll-forming-parts-of-c-and-z-purlin-roll-forming-mill.png\" data-id=\"3174\" src=\"https:\/\/believeindustry.company\/wp-content\/uploads\/2018\/10\/roll-forming-parts-of-c-and-z-purlin-roll-forming-mill.png\" alt=\"Piezas de laminaci\u00f3n de perfiles C y Z de la laminadora\" class=\"wp-image-3174\" srcset=\"https:\/\/believeindustry.company\/wp-content\/uploads\/2018\/10\/roll-forming-parts-of-c-and-z-purlin-roll-forming-mill.png 800w, https:\/\/believeindustry.company\/wp-content\/uploads\/2018\/10\/roll-forming-parts-of-c-and-z-purlin-roll-forming-mill-600x450.png 600w, https:\/\/believeindustry.company\/wp-content\/uploads\/2018\/10\/roll-forming-parts-of-c-and-z-purlin-roll-forming-mill-300x225.png 300w\" sizes=\"(max-width: 800px) 100vw, 800px\" \/><\/figure>\n\n\n\n<figure class=\"wp-block-image\"><img loading=\"lazy\" decoding=\"async\" width=\"741\" height=\"541\" data-attachment-id=\"3175\" data-permalink=\"https:\/\/believeindustry.company\/es\/roll-forming-machine\/purlin-roll-forming-machine\/c-z-purlin-roll-forming-machine\/punch-holes-device-2\/\" data-orig-file=\"https:\/\/believeindustry.company\/wp-content\/uploads\/2018\/10\/punch-holes-device-1.png\" data-orig-size=\"741,541\" data-comments-opened=\"1\" data-image-meta=\"{&quot;aperture&quot;:&quot;0&quot;,&quot;credit&quot;:&quot;&quot;,&quot;camera&quot;:&quot;&quot;,&quot;caption&quot;:&quot;&quot;,&quot;created_timestamp&quot;:&quot;0&quot;,&quot;copyright&quot;:&quot;&quot;,&quot;focal_length&quot;:&quot;0&quot;,&quot;iso&quot;:&quot;0&quot;,&quot;shutter_speed&quot;:&quot;0&quot;,&quot;title&quot;:&quot;&quot;,&quot;orientation&quot;:&quot;0&quot;}\" data-image-title=\"punch holes device\" data-image-description=\"\" data-image-caption=\"\" data-large-file=\"https:\/\/believeindustry.company\/wp-content\/uploads\/2018\/10\/punch-holes-device-1.png\" data-id=\"3175\" src=\"https:\/\/believeindustry.company\/wp-content\/uploads\/2018\/10\/punch-holes-device-1.png\" alt=\"dispositivo perforador\" class=\"wp-image-3175\" srcset=\"https:\/\/believeindustry.company\/wp-content\/uploads\/2018\/10\/punch-holes-device-1.png 741w, https:\/\/believeindustry.company\/wp-content\/uploads\/2018\/10\/punch-holes-device-1-600x438.png 600w, https:\/\/believeindustry.company\/wp-content\/uploads\/2018\/10\/punch-holes-device-1-300x219.png 300w\" sizes=\"(max-width: 741px) 100vw, 741px\" \/><\/figure>\n<\/figure>","protected":false},"excerpt":{"rendered":"<p>Interchangeable c\/z purlin roll forming machine produce cee and zed purlins with various sizes. And the size adjustment is whole automatic A traditional c or z purlin roll forming machine only can produce various sizes of c or z purlins. The web size 80-350mm, flange size 50-100mm and the lip size is 10-20mm. The machine [&hellip;]<\/p>\n","protected":false},"author":2,"featured_media":3172,"parent":0,"menu_order":0,"comment_status":"closed","ping_status":"closed","template":"","meta":{"_angie_page":false,"footnotes":"","big_sky_generated":false},"tags":[607848726,607846397,607848725,607851244],"class_list":["post-3167","page","type-page","status-publish","has-post-thumbnail","hentry","tag-c-z-purlin-cold-roll-forming-machine","tag-c-z-purlin-roll-forming-machine","tag-c-z-purlin-roll-former","tag-construction-and-steel-structure"],"blocksy_meta":[],"jetpack_sharing_enabled":true,"jetpack_shortlink":"https:\/\/wp.me\/P9K5n8-P5","jetpack_likes_enabled":false,"jetpack-related-posts":[{"id":838,"url":"https:\/\/believeindustry.company\/es\/roll-forming-machine\/purlin-roll-forming-machine\/z-purlin-roll-forming-machine\/","url_meta":{"origin":3167,"position":0},"title":"M\u00e1quina formadora de perfiles Z","author":"Believe Industry Group","date":"abril 2, 2018","format":false,"excerpt":"Z \u00a0Purlin Roll Forming Machine is used to produce Z Purlins, which webs width is 80-350mm, flange width is 35-80mm, thickness is 1.5-5mm. Introduction of Z Purlin Roll Forming Machine What's Z Purlin? Z Purlin, \u00a0which point symmetric sections that are shaped similar to the letter \"Z\" are referenced as\u2026","rel":"","context":"En \u00abConstruction and Steel Structure\u00bb","block_context":{"text":"Construction and Steel Structure","link":"https:\/\/believeindustry.company\/es\/tag\/construction-and-steel-structure\/"},"img":{"alt_text":"z purlin roll forming machine","src":"https:\/\/i0.wp.com\/believeindustry.company\/wp-content\/uploads\/2018\/04\/z-purlin-roll-forming-machine-e1522733510258.jpg?resize=350%2C200&ssl=1","width":350,"height":200,"srcset":"https:\/\/i0.wp.com\/believeindustry.company\/wp-content\/uploads\/2018\/04\/z-purlin-roll-forming-machine-e1522733510258.jpg?resize=350%2C200&ssl=1 1x, https:\/\/i0.wp.com\/believeindustry.company\/wp-content\/uploads\/2018\/04\/z-purlin-roll-forming-machine-e1522733510258.jpg?resize=525%2C300&ssl=1 1.5x, https:\/\/i0.wp.com\/believeindustry.company\/wp-content\/uploads\/2018\/04\/z-purlin-roll-forming-machine-e1522733510258.jpg?resize=700%2C400&ssl=1 2x"},"classes":[]},{"id":659,"url":"https:\/\/believeindustry.company\/es\/roll-forming-machine\/purlin-roll-forming-machine\/c-z-purlin-roll-forming-machine\/","url_meta":{"origin":3167,"position":1},"title":"M\u00e1quina perfiladora de correas CZ","author":"Believe Industry Group","date":"marzo 24, 2018","format":false,"excerpt":"C \u00a0Z Purlin Roll Forming Machine is for producing C and Z Purlins with less change over time. \u00a0BELI\u00ae new technology design, exchange time is only 2 minutes. Our latest design c and z purlin machine price is only around 35000$ EXW factory. Contact us for more inforamtion. Believe Industry\u2026","rel":"","context":"En \u00abCompany News\u00bb","block_context":{"text":"Company News","link":"https:\/\/believeindustry.company\/es\/category\/company-news\/"},"img":{"alt_text":"A wide shot displaying the entire integrated C Z Purlin Roll Forming Machine production line, showcasing all components from decoiling to final cut-off in a professional factory setting.","src":"https:\/\/i0.wp.com\/believeindustry.company\/wp-content\/uploads\/2025\/12\/high-speed-c-z-purlin-roll-forming-machine.webp?resize=350%2C200&ssl=1","width":350,"height":200,"srcset":"https:\/\/i0.wp.com\/believeindustry.company\/wp-content\/uploads\/2025\/12\/high-speed-c-z-purlin-roll-forming-machine.webp?resize=350%2C200&ssl=1 1x, https:\/\/i0.wp.com\/believeindustry.company\/wp-content\/uploads\/2025\/12\/high-speed-c-z-purlin-roll-forming-machine.webp?resize=525%2C300&ssl=1 1.5x, https:\/\/i0.wp.com\/believeindustry.company\/wp-content\/uploads\/2025\/12\/high-speed-c-z-purlin-roll-forming-machine.webp?resize=700%2C400&ssl=1 2x"},"classes":[]},{"id":4625,"url":"https:\/\/believeindustry.company\/es\/c-z-purlin-cold-roll-forming-machine-video\/","url_meta":{"origin":3167,"position":2},"title":"V\u00eddeo de la m\u00e1quina formadora de rollos en fr\u00edo de correas CZ","author":"Believe Industry Group","date":"marzo 8, 2019","format":false,"excerpt":"The C Z Purlin Cold Roll Forming Machine Video will show the working process of purlin machine. And you will easy to find out the machine components. The layout of c z purlin cold roll forming machine C Z Purlin Cold Roll Forming Machine Components Single Mandrel Uncoiler Feeder and\u2026","rel":"","context":"Entrada similar","block_context":{"text":"Entrada similar","link":""},"img":{"alt_text":"interchangeable c\/z purlin roll forming machine","src":"https:\/\/i0.wp.com\/believeindustry.company\/wp-content\/uploads\/2018\/10\/interchangeable-c-z-purlin-roll-forming-machine.png?resize=350%2C200&ssl=1","width":350,"height":200,"srcset":"https:\/\/i0.wp.com\/believeindustry.company\/wp-content\/uploads\/2018\/10\/interchangeable-c-z-purlin-roll-forming-machine.png?resize=350%2C200&ssl=1 1x, https:\/\/i0.wp.com\/believeindustry.company\/wp-content\/uploads\/2018\/10\/interchangeable-c-z-purlin-roll-forming-machine.png?resize=525%2C300&ssl=1 1.5x, https:\/\/i0.wp.com\/believeindustry.company\/wp-content\/uploads\/2018\/10\/interchangeable-c-z-purlin-roll-forming-machine.png?resize=700%2C400&ssl=1 2x"},"classes":[]},{"id":3099,"url":"https:\/\/believeindustry.company\/es\/c-purlin-roll-former\/","url_meta":{"origin":3167,"position":3},"title":"Formador de rollo de correa C","author":"Believe Industry Group","date":"octubre 6, 2018","format":false,"excerpt":"C Purlin Roll Former is for produce C Purlins as per requirements. The Purlin web size is from 80-350mm, flange size is from 40-60mm, and thickness is 1.0-3.5mm.\u00a0 C Purlin Roll Former C Purlin Specifications Material: CR, HR, Galvanized Steel Yield Strength: 235-400 Mpa Hole designs can be customized C\u2026","rel":"","context":"En \u00abC Purlin Machine\u00bb","block_context":{"text":"C Purlin Machine","link":"https:\/\/believeindustry.company\/es\/tag\/c-purlin-machine\/"},"img":{"alt_text":"c purlin roll former","src":"https:\/\/i0.wp.com\/believeindustry.company\/wp-content\/uploads\/2018\/10\/c-purlin-roll-former-e1538810763224.jpg?resize=350%2C200&ssl=1","width":350,"height":200,"srcset":"https:\/\/i0.wp.com\/believeindustry.company\/wp-content\/uploads\/2018\/10\/c-purlin-roll-former-e1538810763224.jpg?resize=350%2C200&ssl=1 1x, https:\/\/i0.wp.com\/believeindustry.company\/wp-content\/uploads\/2018\/10\/c-purlin-roll-former-e1538810763224.jpg?resize=525%2C300&ssl=1 1.5x, https:\/\/i0.wp.com\/believeindustry.company\/wp-content\/uploads\/2018\/10\/c-purlin-roll-former-e1538810763224.jpg?resize=700%2C400&ssl=1 2x"},"classes":[]},{"id":1279,"url":"https:\/\/believeindustry.company\/es\/video\/purlin-roll-forming-machine-video\/","url_meta":{"origin":3167,"position":4},"title":"V\u00eddeo de la m\u00e1quina perfiladora de correas","author":"Believe Industry Group","date":"abril 16, 2018","format":false,"excerpt":"Purlin Roll Forming Machine Video will help you to know how the machine working and how to operate the c z purlin roll forming machine. requirements. Believe Industry Company have a full range of purlin roll forming machines for different:\u00a0C Purlin Roll Forming Machine, Z Purlin Roll Forming Machine. C\u2026","rel":"","context":"En \u00abPurlin Roll Forming Machine\u00bb","block_context":{"text":"Purlin Roll Forming Machine","link":"https:\/\/believeindustry.company\/es\/tag\/purlin-roll-forming-machine\/"},"img":{"alt_text":"c z purlin","src":"https:\/\/i0.wp.com\/believeindustry.company\/wp-content\/uploads\/2018\/05\/c-z-purlin.jpg?resize=350%2C200&ssl=1","width":350,"height":200,"srcset":"https:\/\/i0.wp.com\/believeindustry.company\/wp-content\/uploads\/2018\/05\/c-z-purlin.jpg?resize=350%2C200&ssl=1 1x, https:\/\/i0.wp.com\/believeindustry.company\/wp-content\/uploads\/2018\/05\/c-z-purlin.jpg?resize=525%2C300&ssl=1 1.5x, https:\/\/i0.wp.com\/believeindustry.company\/wp-content\/uploads\/2018\/05\/c-z-purlin.jpg?resize=700%2C400&ssl=1 2x, https:\/\/i0.wp.com\/believeindustry.company\/wp-content\/uploads\/2018\/05\/c-z-purlin.jpg?resize=1050%2C600&ssl=1 3x"},"classes":[]},{"id":727,"url":"https:\/\/believeindustry.company\/es\/roll-forming-machine\/purlin-roll-forming-machine\/","url_meta":{"origin":3167,"position":5},"title":"M\u00e1quina formadora de perfiles","author":"Believe Industry Group","date":"marzo 28, 2018","format":false,"excerpt":"Beli RollForming's Roll Forming Machines for Purlins are amazing, heavy-duty systems specifically engineered for the high-volume, continuous production of C, Z, U, and Sigma-shaped purlins and girts. These machines are designed for positive material efficiency, utilizing pre-punched coil or in-line hydraulic punching to create precise holes for quick assembly. Featuring\u2026","rel":"","context":"En \u00abbelieve industry machine\u00bb","block_context":{"text":"believe industry machine","link":"https:\/\/believeindustry.company\/es\/tag\/believe-industry-machine\/"},"img":{"alt_text":"c z purlin","src":"https:\/\/i0.wp.com\/believeindustry.company\/wp-content\/uploads\/2018\/05\/c-z-purlin.jpg?resize=350%2C200&ssl=1","width":350,"height":200,"srcset":"https:\/\/i0.wp.com\/believeindustry.company\/wp-content\/uploads\/2018\/05\/c-z-purlin.jpg?resize=350%2C200&ssl=1 1x, https:\/\/i0.wp.com\/believeindustry.company\/wp-content\/uploads\/2018\/05\/c-z-purlin.jpg?resize=525%2C300&ssl=1 1.5x, https:\/\/i0.wp.com\/believeindustry.company\/wp-content\/uploads\/2018\/05\/c-z-purlin.jpg?resize=700%2C400&ssl=1 2x, https:\/\/i0.wp.com\/believeindustry.company\/wp-content\/uploads\/2018\/05\/c-z-purlin.jpg?resize=1050%2C600&ssl=1 3x"},"classes":[]}],"amp_enabled":true,"_links":{"self":[{"href":"https:\/\/believeindustry.company\/es\/wp-json\/wp\/v2\/pages\/3167","targetHints":{"allow":["GET"]}}],"collection":[{"href":"https:\/\/believeindustry.company\/es\/wp-json\/wp\/v2\/pages"}],"about":[{"href":"https:\/\/believeindustry.company\/es\/wp-json\/wp\/v2\/types\/page"}],"author":[{"embeddable":true,"href":"https:\/\/believeindustry.company\/es\/wp-json\/wp\/v2\/users\/2"}],"replies":[{"embeddable":true,"href":"https:\/\/believeindustry.company\/es\/wp-json\/wp\/v2\/comments?post=3167"}],"version-history":[{"count":3,"href":"https:\/\/believeindustry.company\/es\/wp-json\/wp\/v2\/pages\/3167\/revisions"}],"predecessor-version":[{"id":18527,"href":"https:\/\/believeindustry.company\/es\/wp-json\/wp\/v2\/pages\/3167\/revisions\/18527"}],"wp:featuredmedia":[{"embeddable":true,"href":"https:\/\/believeindustry.company\/es\/wp-json\/wp\/v2\/media\/3172"}],"wp:attachment":[{"href":"https:\/\/believeindustry.company\/es\/wp-json\/wp\/v2\/media?parent=3167"}],"wp:term":[{"taxonomy":"post_tag","embeddable":true,"href":"https:\/\/believeindustry.company\/es\/wp-json\/wp\/v2\/tags?post=3167"}],"curies":[{"name":"wp","href":"https:\/\/api.w.org\/{rel}","templated":true}]}}