{"id":3224,"date":"2018-10-30T16:02:08","date_gmt":"2018-10-30T08:02:08","guid":{"rendered":"https:\/\/believeindustry.company\/?page_id=3224"},"modified":"2026-03-13T15:27:24","modified_gmt":"2026-03-13T07:27:24","slug":"maquina-formadora-de-rollos-para-bajantes","status":"publish","type":"page","link":"https:\/\/believeindustry.company\/es\/roll-forming-machine\/downspoutgutter-roll-forming-machine\/downspout-roll-forming-machine\/","title":{"rendered":"M\u00e1quina formadora de rollos para bajantes"},"content":{"rendered":"<p><strong>M\u00e1quina formadora de rollos para bajantes<\/strong> Se utiliza para producir bajantes rectangulares o redondas, y siempre est\u00e1 equipada con una m\u00e1quina para codos.<!--more--><\/p>\n\n\n\n<h2 class=\"wp-block-heading\"><span style=\"font-size: 18pt;\">M\u00e1quina formadora de rollos para bajantes<\/span><\/h2>\n\n\n\n<h3 class=\"wp-block-heading\"><span style=\"font-size: 14pt;\">\u00bfQu\u00e9 es un bajante?<\/span><\/h3>\n\n\n\n<p>Un bajante, tambi\u00e9n conocido como ca\u00f1o de desag\u00fce, bajante de agua de lluvia o simplemente bajante, es un conducto que transporta el agua de lluvia desde el canal\u00f3n.<\/p>\n\n\n\n<p>Los bajantes suelen ser verticales y llegan hasta el suelo. El agua de lluvia se dirige lejos de los cimientos del edificio para protegerlo de los da\u00f1os causados por el agua.&nbsp;<\/p>\n\n\n\n<p>El material de los bajantes suele ser PPGI, GI, cobre, aluminio, etc.<\/p>\n\n\n\n<h3 class=\"wp-block-heading\"><span style=\"font-size: 12pt;\">Componentes de la m\u00e1quina de bajantes<\/span><\/h3>\n\n\n\n<ol class=\"wp-block-list\">\n<li>desenrollador el\u00e9ctrico de 3 toneladas<\/li>\n\n\n\n<li>M\u00e1quina perfiladora de rodillos<\/li>\n\n\n\n<li>Enderezadora<\/li>\n\n\n\n<li>Unidad de corte<\/li>\n\n\n\n<li>Panel de control<\/li>\n\n\n\n<li>Tabla de colecci\u00f3n<\/li>\n\n\n\n<li>Estaci\u00f3n hidr\u00e1ulica<\/li>\n\n\n\n<li>M\u00e1quina de codo (opcional)<\/li>\n<\/ol>\n\n\n\n<h3 class=\"wp-block-heading\"><span style=\"font-size: 14pt;\">Par\u00e1metros t\u00e9cnicos de la m\u00e1quina perfiladora de bajantes<\/span><\/h3>\n\n\n\n<h4 class=\"wp-block-heading\"><span style=\"font-size: 12pt;\">desbobinador el\u00e9ctrico de 3 toneladas<\/span><\/h4>\n\n\n\n<ol class=\"wp-block-list\">\n<li>Capacidad: M\u00e1ximo 3 toneladas<\/li>\n\n\n\n<li>Potencia del motor: 2,2 kW<\/li>\n\n\n\n<li>Di\u00e1metro interior de la bobina: 450-600 mm<\/li>\n\n\n\n<li>Di\u00e1metro exterior de la bobina: M\u00e1x. 1500 mm<\/li>\n\n\n\n<li>Aflojamiento y tensi\u00f3n manual.\u00a0<\/li>\n<\/ol>\n\n\n\n<h4 class=\"wp-block-heading\"><span style=\"font-size: 12pt;\"><a href=\"https:\/\/believeindustry.company\/es\/linea-de-maquinas-perfiladoras\/\">M\u00e1quina perfiladora de rodillos<\/a><\/span><\/h4>\n\n\n\n<ol class=\"wp-block-list\">\n<li>Base de la m\u00e1quina: acero soldado 350H<\/li>\n\n\n\n<li>Estructura de la m\u00e1quina: Pilar cromado<\/li>\n\n\n\n<li>Material del rodillo: ASTM 1045, cromado de 0,05 mm<\/li>\n\n\n\n<li>Di\u00e1metro del eje: 70 mm<\/li>\n\n\n\n<li>Potencia del motor: 7,5 kW<\/li>\n\n\n\n<li>Velocidad de la m\u00e1quina de bajantes: 8-10 m\/min<\/li>\n\n\n\n<li>Pasos de formaci\u00f3n: 18<\/li>\n<\/ol>\n\n\n\n<h4 class=\"wp-block-heading\"><span style=\"font-size: 12pt;\">Unidad de corte<\/span><\/h4>\n\n\n\n<ol class=\"wp-block-list\">\n<li>Tipo de corte: Corte hidr\u00e1ulico, la pieza de conformado por rodillo se detiene durante el corte.<\/li>\n\n\n\n<li>Potencia del motor hidr\u00e1ulico: 4 kW<\/li>\n\n\n\n<li>Presi\u00f3n de trabajo hidr\u00e1ulica: 12-16 MPa<\/li>\n\n\n\n<li>Material de la cuchilla de corte: Cr12 con tratamiento t\u00e9rmico<\/li>\n\n\n\n<li>Medici\u00f3n de longitud: Medici\u00f3n de longitud con codificador autom\u00e1tico (marca Omron).<\/li>\n\n\n\n<li>Tolerancia de longitud: \u00b11,0 mm<\/li>\n<\/ol>\n\n\n\n<h4 class=\"wp-block-heading\"><span style=\"font-size: 12pt;\">Panel de control<\/span><\/h4>\n\n\n\n<ol class=\"wp-block-list\">\n<li>Voltaje y frecuencia: 415 V, 50 Hz, trif\u00e1sico<\/li>\n\n\n\n<li>Panel de control: Pantalla t\u00e1ctil con interruptor de bot\u00f3n.<\/li>\n\n\n\n<li>Unidad de longitud: Mil\u00edmetro (seleccionable en el panel de control)<\/li>\n\n\n\n<li>Marca del PLC: Panasonic<\/li>\n\n\n\n<li>Marca del convertidor de frecuencia: Yaskawa<\/li>\n\n\n\n<li>Marca del codificador: Omron<\/li>\n\n\n\n<li>Marca de pantalla t\u00e1ctil: Siemens<\/li>\n\n\n\n<li>Adoptamos conectores de aviaci\u00f3n para facilitar la uni\u00f3n de los cables por parte de los clientes.<\/li>\n\n\n\n<li>Puede configurar la longitud y la cantidad de corte en la pantalla t\u00e1ctil. La m\u00e1quina se detendr\u00e1 autom\u00e1ticamente una vez finalizado el programa de corte.<\/li>\n<\/ol>\n\n\n\n<h4 class=\"wp-block-heading\"><span style=\"font-size: 12pt;\">M\u00e1quina de codo (opcional)<\/span><\/h4>\n\n\n\n<ol class=\"wp-block-list\">\n<li>\u00c1ngulo m\u00e1ximo de flexi\u00f3n: 90 grados<\/li>\n\n\n\n<li>Funci\u00f3n: doblar y sujetar al mismo tiempo<\/li>\n\n\n\n<li>Potencia el\u00e9ctrica: 2,2 kW<\/li>\n<\/ol>\n\n\n\n<figure class=\"wp-block-image\"><img fetchpriority=\"high\" decoding=\"async\" width=\"1024\" height=\"768\" data-attachment-id=\"3228\" data-permalink=\"https:\/\/believeindustry.company\/es\/elbow-machine\/\" data-orig-file=\"https:\/\/believeindustry.company\/wp-content\/uploads\/2018\/10\/elbow-machine-e1540886664286.jpg\" data-orig-size=\"720,725\" data-comments-opened=\"1\" data-image-meta=\"{&quot;aperture&quot;:&quot;0&quot;,&quot;credit&quot;:&quot;&quot;,&quot;camera&quot;:&quot;&quot;,&quot;caption&quot;:&quot;&quot;,&quot;created_timestamp&quot;:&quot;0&quot;,&quot;copyright&quot;:&quot;&quot;,&quot;focal_length&quot;:&quot;0&quot;,&quot;iso&quot;:&quot;0&quot;,&quot;shutter_speed&quot;:&quot;0&quot;,&quot;title&quot;:&quot;&quot;,&quot;orientation&quot;:&quot;0&quot;}\" data-image-title=\"elbow machine\" data-image-description=\"\" data-image-caption=\"\" data-large-file=\"https:\/\/believeindustry.company\/wp-content\/uploads\/2018\/10\/elbow-machine-1024x768.jpg\" src=\"https:\/\/believeindustry.company\/wp-content\/uploads\/2018\/10\/elbow-machine-1024x768.jpg\" alt=\"m\u00e1quina de codo\" class=\"wp-image-3228\"\/><\/figure>\n\n\n\n<p><a href=\"http:\/\/www.belirollforming.com\" data-type=\"link\" data-id=\"http:\/\/www.belirollforming.com\" target=\"_blank\" rel=\"noopener\">Compa\u00f1\u00eda de la Industria Believe <\/a>tambi\u00e9n tienen un cuerpo <strong>m\u00e1quina formadora de rollos para bajantes<\/strong> que puede producir tuber\u00edas y codos en una sola m\u00e1quina. <a href=\"https:\/\/believeindustry.company\/es\/contacto\/\">Cont\u00e1ctanos<\/a> Para obtener m\u00e1s informaci\u00f3n.<\/p>","protected":false},"excerpt":{"rendered":"<p>La m\u00e1quina perfiladora de bajantes se utiliza para producir bajantes rectangulares o redondas, y siempre est\u00e1 equipada con una m\u00e1quina para codos.<\/p>","protected":false},"author":2,"featured_media":3231,"parent":1078,"menu_order":3,"comment_status":"closed","ping_status":"closed","template":"","meta":{"_angie_page":false,"footnotes":"","big_sky_generated":false},"tags":[607848792,607849633,607848791,607849061,607848793],"class_list":["post-3224","page","type-page","status-publish","has-post-thumbnail","hentry","tag-downpipe-machine","tag-downspout-lines","tag-downspout-machine","tag-downspout-roll-forming-machine","tag-waterspout-machine"],"blocksy_meta":[],"jetpack_sharing_enabled":true,"jetpack_shortlink":"https:\/\/wp.me\/P9K5n8-Q0","jetpack_likes_enabled":false,"jetpack-related-posts":[],"amp_enabled":true,"_links":{"self":[{"href":"https:\/\/believeindustry.company\/es\/wp-json\/wp\/v2\/pages\/3224","targetHints":{"allow":["GET"]}}],"collection":[{"href":"https:\/\/believeindustry.company\/es\/wp-json\/wp\/v2\/pages"}],"about":[{"href":"https:\/\/believeindustry.company\/es\/wp-json\/wp\/v2\/types\/page"}],"author":[{"embeddable":true,"href":"https:\/\/believeindustry.company\/es\/wp-json\/wp\/v2\/users\/2"}],"replies":[{"embeddable":true,"href":"https:\/\/believeindustry.company\/es\/wp-json\/wp\/v2\/comments?post=3224"}],"version-history":[{"count":2,"href":"https:\/\/believeindustry.company\/es\/wp-json\/wp\/v2\/pages\/3224\/revisions"}],"predecessor-version":[{"id":20910,"href":"https:\/\/believeindustry.company\/es\/wp-json\/wp\/v2\/pages\/3224\/revisions\/20910"}],"up":[{"embeddable":true,"href":"https:\/\/believeindustry.company\/es\/wp-json\/wp\/v2\/pages\/1078"}],"wp:featuredmedia":[{"embeddable":true,"href":"https:\/\/believeindustry.company\/es\/wp-json\/wp\/v2\/media\/3231"}],"wp:attachment":[{"href":"https:\/\/believeindustry.company\/es\/wp-json\/wp\/v2\/media?parent=3224"}],"wp:term":[{"taxonomy":"post_tag","embeddable":true,"href":"https:\/\/believeindustry.company\/es\/wp-json\/wp\/v2\/tags?post=3224"}],"curies":[{"name":"wp","href":"https:\/\/api.w.org\/{rel}","templated":true}]}}