{"id":3307,"date":"2018-11-13T16:47:51","date_gmt":"2018-11-13T08:47:51","guid":{"rendered":"https:\/\/believeindustry.company\/?page_id=3307"},"modified":"2025-10-16T20:41:01","modified_gmt":"2025-10-16T12:41:01","slug":"maquina-formadora-de-rodillos-de-vigas-de-caja-de-nuevo-diseno","status":"publish","type":"page","link":"https:\/\/believeindustry.company\/es\/roll-forming-machine\/pallet-racking-roll-forming-machine\/new-design-box-beam-roll-forming-machine\/","title":{"rendered":"Nueva m\u00e1quina perfiladora de perfiles de secci\u00f3n rectangular integrada de dise\u00f1o nuevo"},"content":{"rendered":"<p><strong>Nueva m\u00e1quina de viga de caja integrada de dise\u00f1o nuevo<\/strong> Est\u00e1 dise\u00f1ada para producir vigas caj\u00f3n y no requiere una m\u00e1quina de uni\u00f3n de vigas caj\u00f3n adicional. Permite ahorrar en costos de material y mano de obra.<\/p>\n\n\n\n<!--more-->\n\n\n\n<hr class=\"wp-block-separator\"\/>\n\n\n\n<h2 class=\"wp-block-heading\"><span style=\"font-size: 18pt;\">\u00bfQu\u00e9 es una viga caj\u00f3n?<\/span><\/h2>\n\n\n\n<p>Como sabemos,&nbsp;<b>vigas de caja<\/b>&nbsp;No tienen escal\u00f3n empotrado, sino cuatro lados planos como una caja. Todas las vigas de carga se montan normalmente sobre una columna vertical mediante remaches o ganchos integrados. Algunos sistemas utilizan un clip o perno adicional para fijar la viga a la columna.<\/p>\n\n\n\n<h3 class=\"wp-block-heading\"><span style=\"font-size: 14pt;\">Vigas de caja tradicionales<\/span><\/h3>\n\n\n\n<p>Como es habitual, las vigas caj\u00f3n se componen de dos perfiles C id\u00e9nticos unidos para formar una caja. La viga caj\u00f3n es la m\u00e1s resistente en comparaci\u00f3n con otros tipos de vigas. Ver m\u00e1s detalles: M\u00e1quina perfiladora de vigas caj\u00f3n<\/p>\n\n\n\n<figure class=\"wp-block-image\"><img fetchpriority=\"high\" decoding=\"async\" width=\"853\" height=\"397\" data-attachment-id=\"2374\" data-permalink=\"https:\/\/believeindustry.company\/es\/roll-forming-machine\/pallet-racking-roll-forming-machine\/racking-system-box-beam-roll-forming-machine\/box-beam-1\/\" data-orig-file=\"https:\/\/believeindustry.company\/wp-content\/uploads\/2018\/06\/box-beam-1.jpg\" data-orig-size=\"853,397\" data-comments-opened=\"1\" data-image-meta=\"{&quot;aperture&quot;:&quot;0&quot;,&quot;credit&quot;:&quot;&quot;,&quot;camera&quot;:&quot;&quot;,&quot;caption&quot;:&quot;&quot;,&quot;created_timestamp&quot;:&quot;0&quot;,&quot;copyright&quot;:&quot;&quot;,&quot;focal_length&quot;:&quot;0&quot;,&quot;iso&quot;:&quot;0&quot;,&quot;shutter_speed&quot;:&quot;0&quot;,&quot;title&quot;:&quot;&quot;,&quot;orientation&quot;:&quot;0&quot;}\" data-image-title=\"Small box beam\" data-image-description=\"\" data-image-caption=\"\" data-large-file=\"https:\/\/believeindustry.company\/wp-content\/uploads\/2018\/06\/box-beam-1.jpg\" src=\"https:\/\/believeindustry.company\/wp-content\/uploads\/2018\/06\/box-beam-1.jpg\" alt=\"viga de caja peque\u00f1a\" class=\"wp-image-2374\" srcset=\"https:\/\/believeindustry.company\/wp-content\/uploads\/2018\/06\/box-beam-1.jpg 853w, https:\/\/believeindustry.company\/wp-content\/uploads\/2018\/06\/box-beam-1-600x279.jpg 600w, https:\/\/believeindustry.company\/wp-content\/uploads\/2018\/06\/box-beam-1-300x140.jpg 300w\" sizes=\"(max-width: 853px) 100vw, 853px\" \/><\/figure>\n\n\n\n<h3 class=\"wp-block-heading\"><span style=\"font-size: 14pt;\">Vigas de caja de dise\u00f1o m\u00e1s reciente<\/span><\/h3>\n\n\n\n<p>Las nuevas vigas caj\u00f3n de dise\u00f1o autoensamblado permiten ahorrar material de 80-90 mm de ancho, as\u00ed como costes de mano de obra. Sin embargo, su capacidad ser\u00e1 de aproximadamente 88-901 TP3T en comparaci\u00f3n con las vigas tradicionales.&nbsp;<\/p>\n\n\n\n<figure class=\"wp-block-image\"><img decoding=\"async\" width=\"708\" height=\"477\" data-attachment-id=\"3304\" data-permalink=\"https:\/\/believeindustry.company\/es\/latest-design-box-beams\/\" data-orig-file=\"https:\/\/believeindustry.company\/wp-content\/uploads\/2018\/11\/latest-design-box-beams.png\" data-orig-size=\"708,477\" data-comments-opened=\"1\" data-image-meta=\"{&quot;aperture&quot;:&quot;0&quot;,&quot;credit&quot;:&quot;&quot;,&quot;camera&quot;:&quot;&quot;,&quot;caption&quot;:&quot;&quot;,&quot;created_timestamp&quot;:&quot;0&quot;,&quot;copyright&quot;:&quot;&quot;,&quot;focal_length&quot;:&quot;0&quot;,&quot;iso&quot;:&quot;0&quot;,&quot;shutter_speed&quot;:&quot;0&quot;,&quot;title&quot;:&quot;&quot;,&quot;orientation&quot;:&quot;0&quot;}\" data-image-title=\"latest design box beams\" data-image-description=\"\" data-image-caption=\"\" data-large-file=\"https:\/\/believeindustry.company\/wp-content\/uploads\/2018\/11\/latest-design-box-beams.png\" src=\"https:\/\/believeindustry.company\/wp-content\/uploads\/2018\/11\/latest-design-box-beams.png\" alt=\"vigas de caja de dise\u00f1o m\u00e1s reciente\" class=\"wp-image-3304\" srcset=\"https:\/\/believeindustry.company\/wp-content\/uploads\/2018\/11\/latest-design-box-beams.png 708w, https:\/\/believeindustry.company\/wp-content\/uploads\/2018\/11\/latest-design-box-beams-600x404.png 600w, https:\/\/believeindustry.company\/wp-content\/uploads\/2018\/11\/latest-design-box-beams-300x202.png 300w, https:\/\/believeindustry.company\/wp-content\/uploads\/2018\/11\/latest-design-box-beams-272x182.png 272w\" sizes=\"(max-width: 708px) 100vw, 708px\" \/><\/figure>\n\n\n\n<h2 class=\"wp-block-heading\"><span style=\"font-size: 18pt;\">Componentes de m\u00e1quina de viga de caja de nuevo dise\u00f1o<\/span><\/h2>\n\n\n\n<ol class=\"wp-block-list\"><li>&nbsp;Desenrollador hidr\u00e1ulico de 5 toneladas<\/li><li>Alimentador y gu\u00eda<\/li><li>Laminadora<\/li><li>Unidad de corte sin parada<\/li><li>Panel de control<\/li><li>Tabla de colecci\u00f3n<\/li><\/ol>\n\n\n\n<h2 class=\"wp-block-heading\"><span style=\"font-size: 18pt;\">Proceso de l\u00ednea de m\u00e1quinas formadoras de perfiles de secci\u00f3n rectangular<\/span><\/h2>\n\n\n\n<figure class=\"wp-block-image\"><img decoding=\"async\" width=\"991\" height=\"282\" data-attachment-id=\"3305\" data-permalink=\"https:\/\/believeindustry.company\/es\/box-beam-machine-layout\/\" data-orig-file=\"https:\/\/believeindustry.company\/wp-content\/uploads\/2018\/11\/box-beam-machine-layout.jpg\" data-orig-size=\"991,282\" data-comments-opened=\"1\" data-image-meta=\"{&quot;aperture&quot;:&quot;0&quot;,&quot;credit&quot;:&quot;&quot;,&quot;camera&quot;:&quot;&quot;,&quot;caption&quot;:&quot;&quot;,&quot;created_timestamp&quot;:&quot;0&quot;,&quot;copyright&quot;:&quot;&quot;,&quot;focal_length&quot;:&quot;0&quot;,&quot;iso&quot;:&quot;0&quot;,&quot;shutter_speed&quot;:&quot;0&quot;,&quot;title&quot;:&quot;&quot;,&quot;orientation&quot;:&quot;0&quot;}\" data-image-title=\"box beam machine layout\" data-image-description=\"\" data-image-caption=\"\" data-large-file=\"https:\/\/believeindustry.company\/wp-content\/uploads\/2018\/11\/box-beam-machine-layout.jpg\" src=\"https:\/\/believeindustry.company\/wp-content\/uploads\/2018\/11\/box-beam-machine-layout.jpg\" alt=\"dise\u00f1o de m\u00e1quina de viga caj\u00f3n\" class=\"wp-image-3305\" srcset=\"https:\/\/believeindustry.company\/wp-content\/uploads\/2018\/11\/box-beam-machine-layout.jpg 991w, https:\/\/believeindustry.company\/wp-content\/uploads\/2018\/11\/box-beam-machine-layout-600x171.jpg 600w, https:\/\/believeindustry.company\/wp-content\/uploads\/2018\/11\/box-beam-machine-layout-300x85.jpg 300w\" sizes=\"(max-width: 991px) 100vw, 991px\" \/><\/figure>\n\n\n\n<h2 class=\"wp-block-heading\"><span style=\"font-size: 18pt;\">Breve introducci\u00f3n a la nueva m\u00e1quina de viga caj\u00f3n de dise\u00f1o<\/span><\/h2>\n\n\n\n<ol class=\"wp-block-list\"><li>Rango de espesor: 1,5-2,0 mm<\/li><li>Tipo: Beli100-200<\/li><li>Potencia del motor: 18,5 kW * 2<\/li><li>Tipo de transmisi\u00f3n: Caja de cambios con junta universal<\/li><li>Velocidad de la l\u00ednea: 15-20 m\/min<\/li><li>Material del rodillo: GCR 15, dureza 58-62\u00b0<\/li><li>Material del eje: 40 CR, di\u00e1metro de 80 mm<\/li><li>Pasos de formaci\u00f3n: 24-28<\/li><li>Estructura: Tipo casete de hierro fundido<\/li><li>Ajuste el espaciador dividido para producir canales en C de diferentes tama\u00f1os.<\/li><li>Todas las partes accionadas estar\u00e1n cubiertas por redes de seguridad.<b><\/b><\/li><li>Equipada con enderezadora para asegurar que el producto quede recto.<\/li><li>Potencia de corte de la sierra: 15 kW<\/li><li>Material desperdiciado: 4 mm<\/li><li>Sistema de control por computadora: PLC Siemens<\/li><li>Codificador: Marca Omron<\/li><li>Convertidor de frecuencia: Yaskawa<\/li><li>Pantalla t\u00e1ctil: MCSG<\/li><li>Alimentaci\u00f3n del sistema controlado: Protecci\u00f3n contra sobrecargas<\/li><li>Tensi\u00f3n y corriente: 380 V, 50 Hz, trif\u00e1sica<\/li><\/ol>\n\n\n\n<p><a href=\"http:\/\/www.belirollform.com\" target=\"_blank\" rel=\"noopener\">Compa\u00f1\u00eda de la Industria Believe<\/a> Disponemos de una gama completa de m\u00e1quinas perfiladoras para sistemas de estanter\u00edas para palets. Por ejemplo:<a href=\"https:\/\/believeindustry.company\/es\/maquina-perfiladora-de-rodillos\/maquina-perfiladora-de-estanterias-para-palets\/maquina-formadora-de-rollos-de-bastidor-vertical\/\"> M\u00e1quina de estanter\u00edas verticales<\/a>, <a href=\"https:\/\/believeindustry.company\/es\/maquina-perfiladora-de-rodillos\/maquina-perfiladora-de-estanterias-para-palets\/maquina-formadora-de-perfiles-de-vigas-de-seccion-rectangular-con-sistema-de-estanterias\/\">conformado de rodillos de vigas de caja<\/a>, M\u00e1quina para paneles de estanter\u00edas, m\u00e1quina para vigas escalonadas, etc. <a href=\"https:\/\/believeindustry.company\/es\/contactanos\/\">Cont\u00e1ctanos<\/a> Para obtener m\u00e1s informaci\u00f3n<\/p>\n\n\n\n<figure class=\"wp-block-image size-large\"><img loading=\"lazy\" decoding=\"async\" width=\"4000\" height=\"3000\" data-attachment-id=\"7490\" data-permalink=\"https:\/\/believeindustry.company\/es\/roll-forming-machine\/pallet-racking-roll-forming-machine\/new-design-box-beam-roll-forming-machine\/new-design-box-beam-machine-1\/\" data-orig-file=\"https:\/\/believeindustry.company\/wp-content\/uploads\/2020\/03\/new-design-box-beam-machine-1.jpg\" data-orig-size=\"4000,3000\" data-comments-opened=\"1\" data-image-meta=\"{&quot;aperture&quot;:&quot;1.8&quot;,&quot;credit&quot;:&quot;&quot;,&quot;camera&quot;:&quot;YAL-AL00&quot;,&quot;caption&quot;:&quot;&quot;,&quot;created_timestamp&quot;:&quot;1575539462&quot;,&quot;copyright&quot;:&quot;&quot;,&quot;focal_length&quot;:&quot;4.75&quot;,&quot;iso&quot;:&quot;64&quot;,&quot;shutter_speed&quot;:&quot;0.01001&quot;,&quot;title&quot;:&quot;&quot;,&quot;orientation&quot;:&quot;0&quot;}\" data-image-title=\"new design box beam machine 1\" data-image-description=\"\" data-image-caption=\"\" data-large-file=\"https:\/\/believeindustry.company\/wp-content\/uploads\/2020\/03\/new-design-box-beam-machine-1-1024x768.jpg\" src=\"https:\/\/i1.wp.com\/believeindustry.company\/wp-content\/uploads\/2020\/03\/new-design-box-beam-machine-1.jpg?fit=640%2C480&amp;ssl=1\" alt=\"Nueva m\u00e1quina de viga caj\u00f3n de dise\u00f1o 1\" class=\"wp-image-7490\" srcset=\"https:\/\/believeindustry.company\/wp-content\/uploads\/2020\/03\/new-design-box-beam-machine-1.jpg 4000w, https:\/\/believeindustry.company\/wp-content\/uploads\/2020\/03\/new-design-box-beam-machine-1-600x450.jpg 600w, https:\/\/believeindustry.company\/wp-content\/uploads\/2020\/03\/new-design-box-beam-machine-1-300x225.jpg 300w, https:\/\/believeindustry.company\/wp-content\/uploads\/2020\/03\/new-design-box-beam-machine-1-1024x768.jpg 1024w, https:\/\/believeindustry.company\/wp-content\/uploads\/2020\/03\/new-design-box-beam-machine-1-768x576.jpg 768w, https:\/\/believeindustry.company\/wp-content\/uploads\/2020\/03\/new-design-box-beam-machine-1-1536x1152.jpg 1536w, https:\/\/believeindustry.company\/wp-content\/uploads\/2020\/03\/new-design-box-beam-machine-1-2048x1536.jpg 2048w, https:\/\/believeindustry.company\/wp-content\/uploads\/2020\/03\/new-design-box-beam-machine-1-320x240.jpg 320w, https:\/\/believeindustry.company\/wp-content\/uploads\/2020\/03\/new-design-box-beam-machine-1-640x480.jpg 640w, https:\/\/believeindustry.company\/wp-content\/uploads\/2020\/03\/new-design-box-beam-machine-1-360x270.jpg 360w, https:\/\/believeindustry.company\/wp-content\/uploads\/2020\/03\/new-design-box-beam-machine-1-720x540.jpg 720w, https:\/\/believeindustry.company\/wp-content\/uploads\/2020\/03\/new-design-box-beam-machine-1-1080x810.jpg 1080w, https:\/\/believeindustry.company\/wp-content\/uploads\/2020\/03\/new-design-box-beam-machine-1-800x600.jpg 800w, https:\/\/believeindustry.company\/wp-content\/uploads\/2020\/03\/new-design-box-beam-machine-1-1280x960.jpg 1280w\" sizes=\"(max-width: 4000px) 100vw, 4000px\" \/><figcaption><\/figcaption><\/figure>\n\n\n\n<figure class=\"wp-block-image size-large\"><img loading=\"lazy\" decoding=\"async\" width=\"4000\" height=\"3000\" data-attachment-id=\"7491\" data-permalink=\"https:\/\/believeindustry.company\/es\/roll-forming-machine\/pallet-racking-roll-forming-machine\/new-design-box-beam-roll-forming-machine\/selflock-box-beam-machine\/\" data-orig-file=\"https:\/\/believeindustry.company\/wp-content\/uploads\/2020\/03\/selflock-box-beam-machine.jpg\" data-orig-size=\"4000,3000\" data-comments-opened=\"1\" data-image-meta=\"{&quot;aperture&quot;:&quot;1.8&quot;,&quot;credit&quot;:&quot;&quot;,&quot;camera&quot;:&quot;YAL-AL00&quot;,&quot;caption&quot;:&quot;&quot;,&quot;created_timestamp&quot;:&quot;1575539491&quot;,&quot;copyright&quot;:&quot;&quot;,&quot;focal_length&quot;:&quot;4.75&quot;,&quot;iso&quot;:&quot;80&quot;,&quot;shutter_speed&quot;:&quot;0.01&quot;,&quot;title&quot;:&quot;&quot;,&quot;orientation&quot;:&quot;0&quot;}\" data-image-title=\"selflock box beam machine\" data-image-description=\"\" data-image-caption=\"\" data-large-file=\"https:\/\/believeindustry.company\/wp-content\/uploads\/2020\/03\/selflock-box-beam-machine-1024x768.jpg\" src=\"https:\/\/i2.wp.com\/believeindustry.company\/wp-content\/uploads\/2020\/03\/selflock-box-beam-machine.jpg?fit=640%2C480&amp;ssl=1\" alt=\"m\u00e1quina de viga de caja autoblocante\" class=\"wp-image-7491\" srcset=\"https:\/\/believeindustry.company\/wp-content\/uploads\/2020\/03\/selflock-box-beam-machine.jpg 4000w, https:\/\/believeindustry.company\/wp-content\/uploads\/2020\/03\/selflock-box-beam-machine-600x450.jpg 600w, https:\/\/believeindustry.company\/wp-content\/uploads\/2020\/03\/selflock-box-beam-machine-300x225.jpg 300w, https:\/\/believeindustry.company\/wp-content\/uploads\/2020\/03\/selflock-box-beam-machine-1024x768.jpg 1024w, https:\/\/believeindustry.company\/wp-content\/uploads\/2020\/03\/selflock-box-beam-machine-768x576.jpg 768w, https:\/\/believeindustry.company\/wp-content\/uploads\/2020\/03\/selflock-box-beam-machine-1536x1152.jpg 1536w, https:\/\/believeindustry.company\/wp-content\/uploads\/2020\/03\/selflock-box-beam-machine-2048x1536.jpg 2048w, https:\/\/believeindustry.company\/wp-content\/uploads\/2020\/03\/selflock-box-beam-machine-320x240.jpg 320w, https:\/\/believeindustry.company\/wp-content\/uploads\/2020\/03\/selflock-box-beam-machine-640x480.jpg 640w, https:\/\/believeindustry.company\/wp-content\/uploads\/2020\/03\/selflock-box-beam-machine-360x270.jpg 360w, https:\/\/believeindustry.company\/wp-content\/uploads\/2020\/03\/selflock-box-beam-machine-720x540.jpg 720w, https:\/\/believeindustry.company\/wp-content\/uploads\/2020\/03\/selflock-box-beam-machine-1080x810.jpg 1080w, https:\/\/believeindustry.company\/wp-content\/uploads\/2020\/03\/selflock-box-beam-machine-800x600.jpg 800w, https:\/\/believeindustry.company\/wp-content\/uploads\/2020\/03\/selflock-box-beam-machine-1280x960.jpg 1280w\" sizes=\"(max-width: 4000px) 100vw, 4000px\" \/><figcaption><\/figcaption><\/figure>","protected":false},"excerpt":{"rendered":"<p>La nueva m\u00e1quina integrada para fabricar vigas caj\u00f3n est\u00e1 dise\u00f1ada para producir vigas caj\u00f3n sin necesidad de una m\u00e1quina de engatillado adicional. Esto permitir\u00e1 ahorrar en costes de material y mano de obra.<\/p>","protected":false},"author":2,"featured_media":7489,"parent":1068,"menu_order":0,"comment_status":"closed","ping_status":"closed","template":"","meta":{"_angie_page":false,"footnotes":"","big_sky_generated":false},"tags":[607848206,607848907,607848908,607848909,607848910,607849631],"class_list":["post-3307","page","type-page","status-publish","has-post-thumbnail","hentry","tag-box-beam-machine","tag-box-beam-roll-former","tag-box-beam-roll-forming-line","tag-step-beam-machine","tag-step-beam-roll-former","tag-storage-lines"],"blocksy_meta":[],"jetpack_sharing_enabled":true,"jetpack_shortlink":"https:\/\/wp.me\/P9K5n8-Rl","jetpack_likes_enabled":false,"jetpack-related-posts":[],"amp_enabled":true,"_links":{"self":[{"href":"https:\/\/believeindustry.company\/es\/wp-json\/wp\/v2\/pages\/3307","targetHints":{"allow":["GET"]}}],"collection":[{"href":"https:\/\/believeindustry.company\/es\/wp-json\/wp\/v2\/pages"}],"about":[{"href":"https:\/\/believeindustry.company\/es\/wp-json\/wp\/v2\/types\/page"}],"author":[{"embeddable":true,"href":"https:\/\/believeindustry.company\/es\/wp-json\/wp\/v2\/users\/2"}],"replies":[{"embeddable":true,"href":"https:\/\/believeindustry.company\/es\/wp-json\/wp\/v2\/comments?post=3307"}],"version-history":[{"count":2,"href":"https:\/\/believeindustry.company\/es\/wp-json\/wp\/v2\/pages\/3307\/revisions"}],"predecessor-version":[{"id":7493,"href":"https:\/\/believeindustry.company\/es\/wp-json\/wp\/v2\/pages\/3307\/revisions\/7493"}],"up":[{"embeddable":true,"href":"https:\/\/believeindustry.company\/es\/wp-json\/wp\/v2\/pages\/1068"}],"wp:featuredmedia":[{"embeddable":true,"href":"https:\/\/believeindustry.company\/es\/wp-json\/wp\/v2\/media\/7489"}],"wp:attachment":[{"href":"https:\/\/believeindustry.company\/es\/wp-json\/wp\/v2\/media?parent=3307"}],"wp:term":[{"taxonomy":"post_tag","embeddable":true,"href":"https:\/\/believeindustry.company\/es\/wp-json\/wp\/v2\/tags?post=3307"}],"curies":[{"name":"wp","href":"https:\/\/api.w.org\/{rel}","templated":true}]}}