{"id":3681,"date":"2019-01-03T12:49:11","date_gmt":"2019-01-03T04:49:11","guid":{"rendered":"https:\/\/believeindustry.company\/?page_id=3681"},"modified":"2019-04-24T13:42:26","modified_gmt":"2019-04-24T05:42:26","slug":"linea-de-maquinas-cortadoras-de-acero","status":"publish","type":"page","link":"https:\/\/believeindustry.company\/es\/steel-slitting-machine-line\/","title":{"rendered":"L\u00ednea de m\u00e1quinas cortadoras de acero"},"content":{"rendered":"<p><a href=\"http:\/\/www.cnc-rollformingmachine.com\" target=\"_blank\" rel=\"noopener\">Compa\u00f1\u00eda de la Industria Believe<\/a> Disponemos de una gama completa de l\u00edneas de m\u00e1quinas cortadoras de acero para diferentes requisitos. <a href=\"https:\/\/believeindustry.company\/es\/contactanos\/\">Cont\u00e1ctanos<\/a> Ahora, para obtener m\u00e1s informaci\u00f3n.<\/p>\n\n\n\n<h2 class=\"wp-block-heading\">L\u00ednea de m\u00e1quinas cortadoras de acero<\/h2>\n\n\n\n<ul class=\"wp-block-gallery columns-2 is-cropped wp-block-gallery-1 is-layout-flex wp-block-gallery-is-layout-flex\"><li class=\"blocks-gallery-item\"><figure><img fetchpriority=\"high\" decoding=\"async\" width=\"856\" height=\"480\" data-attachment-id=\"3688\" data-permalink=\"https:\/\/believeindustry.company\/es\/steel-slitting-machine-line\/coil-slitting-line-machine\/\" data-orig-file=\"https:\/\/believeindustry.company\/wp-content\/uploads\/2019\/01\/coil-slitting-line-machine.jpg\" data-orig-size=\"856,480\" data-comments-opened=\"1\" data-image-meta=\"{&quot;aperture&quot;:&quot;0&quot;,&quot;credit&quot;:&quot;&quot;,&quot;camera&quot;:&quot;&quot;,&quot;caption&quot;:&quot;&quot;,&quot;created_timestamp&quot;:&quot;0&quot;,&quot;copyright&quot;:&quot;&quot;,&quot;focal_length&quot;:&quot;0&quot;,&quot;iso&quot;:&quot;0&quot;,&quot;shutter_speed&quot;:&quot;0&quot;,&quot;title&quot;:&quot;&quot;,&quot;orientation&quot;:&quot;0&quot;}\" data-image-title=\"coil slitting line machine\" data-image-description=\"\" data-image-caption=\"\" data-large-file=\"https:\/\/believeindustry.company\/wp-content\/uploads\/2019\/01\/coil-slitting-line-machine.jpg\" src=\"https:\/\/believeindustry.company\/wp-content\/uploads\/2019\/01\/coil-slitting-line-machine.jpg\" alt=\"\" data-id=\"3688\" data-link=\"https:\/\/believeindustry.company\/?attachment_id=3688\" class=\"wp-image-3688\" srcset=\"https:\/\/believeindustry.company\/wp-content\/uploads\/2019\/01\/coil-slitting-line-machine.jpg 856w, https:\/\/believeindustry.company\/wp-content\/uploads\/2019\/01\/coil-slitting-line-machine-600x336.jpg 600w, https:\/\/believeindustry.company\/wp-content\/uploads\/2019\/01\/coil-slitting-line-machine-300x168.jpg 300w\" sizes=\"(max-width: 856px) 100vw, 856px\" \/><\/figure><\/li><li class=\"blocks-gallery-item\"><figure><img decoding=\"async\" width=\"856\" height=\"480\" data-attachment-id=\"3689\" data-permalink=\"https:\/\/believeindustry.company\/es\/steel-slitting-machine-line\/cr-slitting-line-machine\/\" data-orig-file=\"https:\/\/believeindustry.company\/wp-content\/uploads\/2019\/01\/cr-slitting-line-machine.jpg\" data-orig-size=\"856,480\" data-comments-opened=\"1\" data-image-meta=\"{&quot;aperture&quot;:&quot;0&quot;,&quot;credit&quot;:&quot;&quot;,&quot;camera&quot;:&quot;&quot;,&quot;caption&quot;:&quot;&quot;,&quot;created_timestamp&quot;:&quot;0&quot;,&quot;copyright&quot;:&quot;&quot;,&quot;focal_length&quot;:&quot;0&quot;,&quot;iso&quot;:&quot;0&quot;,&quot;shutter_speed&quot;:&quot;0&quot;,&quot;title&quot;:&quot;&quot;,&quot;orientation&quot;:&quot;0&quot;}\" data-image-title=\"cr slitting line machine\" data-image-description=\"\" data-image-caption=\"\" data-large-file=\"https:\/\/believeindustry.company\/wp-content\/uploads\/2019\/01\/cr-slitting-line-machine.jpg\" src=\"https:\/\/believeindustry.company\/wp-content\/uploads\/2019\/01\/cr-slitting-line-machine.jpg\" alt=\"\" data-id=\"3689\" data-link=\"https:\/\/believeindustry.company\/?attachment_id=3689\" class=\"wp-image-3689\" srcset=\"https:\/\/believeindustry.company\/wp-content\/uploads\/2019\/01\/cr-slitting-line-machine.jpg 856w, https:\/\/believeindustry.company\/wp-content\/uploads\/2019\/01\/cr-slitting-line-machine-600x336.jpg 600w, https:\/\/believeindustry.company\/wp-content\/uploads\/2019\/01\/cr-slitting-line-machine-300x168.jpg 300w\" sizes=\"(max-width: 856px) 100vw, 856px\" \/><\/figure><\/li><li class=\"blocks-gallery-item\"><figure><img decoding=\"async\" width=\"856\" height=\"480\" data-attachment-id=\"3690\" data-permalink=\"https:\/\/believeindustry.company\/es\/steel-slitting-machine-line\/cr-slitting-machine-line\/\" data-orig-file=\"https:\/\/believeindustry.company\/wp-content\/uploads\/2019\/01\/cr-slitting-machine-line.jpg\" data-orig-size=\"856,480\" data-comments-opened=\"1\" data-image-meta=\"{&quot;aperture&quot;:&quot;0&quot;,&quot;credit&quot;:&quot;&quot;,&quot;camera&quot;:&quot;&quot;,&quot;caption&quot;:&quot;&quot;,&quot;created_timestamp&quot;:&quot;0&quot;,&quot;copyright&quot;:&quot;&quot;,&quot;focal_length&quot;:&quot;0&quot;,&quot;iso&quot;:&quot;0&quot;,&quot;shutter_speed&quot;:&quot;0&quot;,&quot;title&quot;:&quot;&quot;,&quot;orientation&quot;:&quot;0&quot;}\" data-image-title=\"cr slitting machine line\" data-image-description=\"\" data-image-caption=\"\" data-large-file=\"https:\/\/believeindustry.company\/wp-content\/uploads\/2019\/01\/cr-slitting-machine-line.jpg\" src=\"https:\/\/believeindustry.company\/wp-content\/uploads\/2019\/01\/cr-slitting-machine-line.jpg\" alt=\"\" data-id=\"3690\" data-link=\"https:\/\/believeindustry.company\/?attachment_id=3690\" class=\"wp-image-3690\" srcset=\"https:\/\/believeindustry.company\/wp-content\/uploads\/2019\/01\/cr-slitting-machine-line.jpg 856w, https:\/\/believeindustry.company\/wp-content\/uploads\/2019\/01\/cr-slitting-machine-line-600x336.jpg 600w, https:\/\/believeindustry.company\/wp-content\/uploads\/2019\/01\/cr-slitting-machine-line-300x168.jpg 300w\" sizes=\"(max-width: 856px) 100vw, 856px\" \/><\/figure><\/li><li class=\"blocks-gallery-item\"><figure><img loading=\"lazy\" decoding=\"async\" width=\"856\" height=\"480\" data-attachment-id=\"3691\" data-permalink=\"https:\/\/believeindustry.company\/es\/steel-slitting-machine-line\/slitting-line-machines\/\" data-orig-file=\"https:\/\/believeindustry.company\/wp-content\/uploads\/2019\/01\/slitting-line-machines.jpg\" data-orig-size=\"856,480\" data-comments-opened=\"1\" data-image-meta=\"{&quot;aperture&quot;:&quot;0&quot;,&quot;credit&quot;:&quot;&quot;,&quot;camera&quot;:&quot;&quot;,&quot;caption&quot;:&quot;&quot;,&quot;created_timestamp&quot;:&quot;0&quot;,&quot;copyright&quot;:&quot;&quot;,&quot;focal_length&quot;:&quot;0&quot;,&quot;iso&quot;:&quot;0&quot;,&quot;shutter_speed&quot;:&quot;0&quot;,&quot;title&quot;:&quot;&quot;,&quot;orientation&quot;:&quot;0&quot;}\" data-image-title=\"slitting line machines\" data-image-description=\"\" data-image-caption=\"\" data-large-file=\"https:\/\/believeindustry.company\/wp-content\/uploads\/2019\/01\/slitting-line-machines.jpg\" src=\"https:\/\/believeindustry.company\/wp-content\/uploads\/2019\/01\/slitting-line-machines.jpg\" alt=\"\" data-id=\"3691\" data-link=\"https:\/\/believeindustry.company\/?attachment_id=3691\" class=\"wp-image-3691\" srcset=\"https:\/\/believeindustry.company\/wp-content\/uploads\/2019\/01\/slitting-line-machines.jpg 856w, https:\/\/believeindustry.company\/wp-content\/uploads\/2019\/01\/slitting-line-machines-600x336.jpg 600w, https:\/\/believeindustry.company\/wp-content\/uploads\/2019\/01\/slitting-line-machines-300x168.jpg 300w\" sizes=\"(max-width: 856px) 100vw, 856px\" \/><\/figure><\/li><\/ul>\n\n\n\n<h3 class=\"wp-block-heading\">\u00bfQu\u00e9 es una l\u00ednea de m\u00e1quinas de corte longitudinal?<\/h3>\n\n\n\n<p>El corte longitudinal consiste en cortar una tira ancha en varias tiras estrechas, pas\u00e1ndola entre cortadores o cuchillas circulares. Las l\u00edneas de corte longitudinal constan de un desenrollador para sujetar la bobina ancha, una o m\u00e1s cortadoras longitudinales y un enrollador para el rebobinado simult\u00e1neo de todas las tiras cortadas.&nbsp;<\/p>\n\n\n\n<h4 class=\"wp-block-heading\">Material de bobina adecuado<\/h4>\n\n\n\n<ol class=\"wp-block-list\"><li>Bobina de acero inoxidable<\/li><li>Bobina galvanizada<\/li><li>Bobina de Galvalume<\/li><li>Acero galvanizado prepintado<\/li><li>Acero Galvanlume prepintado<\/li><li>Bobina de aluminio<\/li><li>Bobina de cobre<\/li><li>Bobina de acero con bajo contenido de carbono<\/li><li>Bobina de acero al silicio&nbsp;<\/li><\/ol>\n\n\n\n<h4 class=\"wp-block-heading\">Datos de la bobina madre<\/h4>\n\n\n\n<ol class=\"wp-block-list\"><li>Rango de espesor: 0,2-2,0 mm<\/li><li>Ancho: 400-1600 mm<\/li><li>Peso de la bobina: M\u00e1x. 20 toneladas<\/li><li>Di\u00e1metro interior de la bobina: 508-610 mm<\/li><li>Di\u00e1metro exterior de la bobina: M\u00e1x. 2000 mm<\/li><\/ol>\n\n\n\n<h4 class=\"wp-block-heading\">Datos de la bobina Son<\/h4>\n\n\n\n<ol class=\"wp-block-list\"><li>Ancho de corte: 20 mm m\u00edn.<\/li><li>Precisi\u00f3n de ancho: 0,05 mm<\/li><li>Fresa de corte: m\u00ednimo 0,05 mm<\/li><li>Holgura de retroceso: menos de 2 mm<\/li><li>N\u00famero de cortes: 25 piezas m\u00e1x.<\/li><\/ol>\n\n\n\n<h3 class=\"wp-block-heading\">Especificaciones de la l\u00ednea de corte longitudinal<\/h3>\n\n\n\n<h4 class=\"wp-block-heading\">Componentes de la m\u00e1quina<\/h4>\n\n\n\n<ol class=\"wp-block-list\"><li>Carro de bobinas de carga<\/li><li>Desenrollador<\/li><li>Dispositivo alisador (opcional)<\/li><li>Cabezal de corte\/Rodillo de presi\u00f3n (opcional)\/Dispositivo de pel\u00edcula (opcional)<\/li><li>Puente\/bucle de foso<\/li><li>Gu\u00eda lateral<\/li><li>Cortadora<\/li><li>Gu\u00eda lateral y bobinadora de chatarra<\/li><li>Puente\/bucle de foso<\/li><li>Estaci\u00f3n separadora y tensora<\/li><li>Rebobinador y brazo de soporte<\/li><li>Descarga del carro de bobinas<\/li><li>Sistema hidr\u00e1ulico<\/li><li>Sistema neum\u00e1tico<\/li><li>15. Controlador electr\u00f3nico (PLC, mesa de control)<\/li><\/ol>\n\n\n\n<h4 class=\"wp-block-heading\">Disposici\u00f3n de la l\u00ednea de corte longitudinal<\/h4>\n\n\n\n<figure class=\"wp-block-image\"><img loading=\"lazy\" decoding=\"async\" width=\"1024\" height=\"701\" data-attachment-id=\"3683\" data-permalink=\"https:\/\/believeindustry.company\/es\/steel-slitting-machine-line\/slitting-line-2\/\" data-orig-file=\"https:\/\/believeindustry.company\/wp-content\/uploads\/2019\/01\/slitting-line.jpg\" data-orig-size=\"2000,1369\" data-comments-opened=\"1\" data-image-meta=\"{&quot;aperture&quot;:&quot;0&quot;,&quot;credit&quot;:&quot;&quot;,&quot;camera&quot;:&quot;&quot;,&quot;caption&quot;:&quot;&quot;,&quot;created_timestamp&quot;:&quot;0&quot;,&quot;copyright&quot;:&quot;&quot;,&quot;focal_length&quot;:&quot;0&quot;,&quot;iso&quot;:&quot;0&quot;,&quot;shutter_speed&quot;:&quot;0&quot;,&quot;title&quot;:&quot;&quot;,&quot;orientation&quot;:&quot;0&quot;}\" data-image-title=\"slitting line\" data-image-description=\"\" data-image-caption=\"\" data-large-file=\"https:\/\/believeindustry.company\/wp-content\/uploads\/2019\/01\/slitting-line-1024x701.jpg\" src=\"https:\/\/believeindustry.company\/wp-content\/uploads\/2019\/01\/slitting-line-1024x701.jpg\" alt=\"l\u00ednea de corte\" class=\"wp-image-3683\" srcset=\"https:\/\/believeindustry.company\/wp-content\/uploads\/2019\/01\/slitting-line-1024x701.jpg 1024w, https:\/\/believeindustry.company\/wp-content\/uploads\/2019\/01\/slitting-line-600x411.jpg 600w, https:\/\/believeindustry.company\/wp-content\/uploads\/2019\/01\/slitting-line-300x205.jpg 300w, https:\/\/believeindustry.company\/wp-content\/uploads\/2019\/01\/slitting-line.jpg 2000w\" sizes=\"(max-width: 1024px) 100vw, 1024px\" \/><\/figure>\n\n\n\n<h3 class=\"wp-block-heading\">Breve introducci\u00f3n de los componentes de la m\u00e1quina cortadora<\/h3>\n\n\n\n<h4 class=\"wp-block-heading\">1: Carro de bobinas<\/h4>\n\n\n\n<p>Carga de bobina en brazo de desbobinador, movimiento sobre rieles, elevaci\u00f3n y descenso mediante potencia desde el cilindro, silla tipo V.<\/p>\n\n\n\n<h4 class=\"wp-block-heading\">2: Desbobinador hidr\u00e1ulico<\/h4>\n\n\n\n<p>&nbsp;Sostenga la bobina y \u00e1brala para pasar al siguiente paso. <\/p>\n\n\n\n<ol class=\"wp-block-list\"><li>Rango de contracci\u00f3n del tambor: 465-30 a 520 mm<\/li><li>El tambor aumenta y el cilindro hidr\u00e1ulico ROBFA \u2013 200 * 100<\/li><li>El husillo est\u00e1 hecho de acero redondo s\u00f3lido de 40 cr mediante torneado desbaste y acondicionamiento.<\/li><\/ol>\n\n\n\n<figure class=\"wp-block-image\"><img loading=\"lazy\" decoding=\"async\" width=\"750\" height=\"500\" data-attachment-id=\"3693\" data-permalink=\"https:\/\/believeindustry.company\/es\/steel-slitting-machine-line\/uncoiler-and-coil-car\/\" data-orig-file=\"https:\/\/believeindustry.company\/wp-content\/uploads\/2019\/01\/Uncoiler-and-coil-car.jpg\" data-orig-size=\"750,500\" data-comments-opened=\"1\" data-image-meta=\"{&quot;aperture&quot;:&quot;0&quot;,&quot;credit&quot;:&quot;&quot;,&quot;camera&quot;:&quot;&quot;,&quot;caption&quot;:&quot;&quot;,&quot;created_timestamp&quot;:&quot;0&quot;,&quot;copyright&quot;:&quot;&quot;,&quot;focal_length&quot;:&quot;0&quot;,&quot;iso&quot;:&quot;0&quot;,&quot;shutter_speed&quot;:&quot;0&quot;,&quot;title&quot;:&quot;&quot;,&quot;orientation&quot;:&quot;0&quot;}\" data-image-title=\"Uncoiler and coil car\" data-image-description=\"\" data-image-caption=\"\" data-large-file=\"https:\/\/believeindustry.company\/wp-content\/uploads\/2019\/01\/Uncoiler-and-coil-car.jpg\" src=\"https:\/\/believeindustry.company\/wp-content\/uploads\/2019\/01\/Uncoiler-and-coil-car.jpg\" alt=\"Desenrollador y carro de bobinas\" class=\"wp-image-3693\" srcset=\"https:\/\/believeindustry.company\/wp-content\/uploads\/2019\/01\/Uncoiler-and-coil-car.jpg 750w, https:\/\/believeindustry.company\/wp-content\/uploads\/2019\/01\/Uncoiler-and-coil-car-600x400.jpg 600w, https:\/\/believeindustry.company\/wp-content\/uploads\/2019\/01\/Uncoiler-and-coil-car-300x200.jpg 300w, https:\/\/believeindustry.company\/wp-content\/uploads\/2019\/01\/Uncoiler-and-coil-car-272x182.jpg 272w\" sizes=\"(max-width: 750px) 100vw, 750px\" \/><\/figure>\n\n\n\n<h4 class=\"wp-block-heading\">3: Rollo de pellizco<\/h4>\n\n\n\n<p>El rodillo de presi\u00f3n sirve para sujetar la cabeza en el puente del bucle.<\/p>\n\n\n\n<h4 class=\"wp-block-heading\">4: Puente circular 1<\/h4>\n\n\n\n<p>Mantenga suficiente bobina en el bucle de boxes para que la l\u00ednea pueda funcionar bien y haga que la velocidad de cada parte tenga una peque\u00f1a diferencia. <\/p>\n\n\n\n<figure class=\"wp-block-image\"><img loading=\"lazy\" decoding=\"async\" width=\"750\" height=\"500\" data-attachment-id=\"3694\" data-permalink=\"https:\/\/believeindustry.company\/es\/steel-slitting-machine-line\/loop-bridge\/\" data-orig-file=\"https:\/\/believeindustry.company\/wp-content\/uploads\/2019\/01\/Loop-Bridge.jpg\" data-orig-size=\"750,500\" data-comments-opened=\"1\" data-image-meta=\"{&quot;aperture&quot;:&quot;0&quot;,&quot;credit&quot;:&quot;&quot;,&quot;camera&quot;:&quot;&quot;,&quot;caption&quot;:&quot;&quot;,&quot;created_timestamp&quot;:&quot;0&quot;,&quot;copyright&quot;:&quot;&quot;,&quot;focal_length&quot;:&quot;0&quot;,&quot;iso&quot;:&quot;0&quot;,&quot;shutter_speed&quot;:&quot;0&quot;,&quot;title&quot;:&quot;&quot;,&quot;orientation&quot;:&quot;0&quot;}\" data-image-title=\"Loop Bridge\" data-image-description=\"\" data-image-caption=\"\" data-large-file=\"https:\/\/believeindustry.company\/wp-content\/uploads\/2019\/01\/Loop-Bridge.jpg\" src=\"https:\/\/believeindustry.company\/wp-content\/uploads\/2019\/01\/Loop-Bridge.jpg\" alt=\"Puente de bucle\" class=\"wp-image-3694\" srcset=\"https:\/\/believeindustry.company\/wp-content\/uploads\/2019\/01\/Loop-Bridge.jpg 750w, https:\/\/believeindustry.company\/wp-content\/uploads\/2019\/01\/Loop-Bridge-600x400.jpg 600w, https:\/\/believeindustry.company\/wp-content\/uploads\/2019\/01\/Loop-Bridge-300x200.jpg 300w, https:\/\/believeindustry.company\/wp-content\/uploads\/2019\/01\/Loop-Bridge-272x182.jpg 272w\" sizes=\"(max-width: 750px) 100vw, 750px\" \/><\/figure>\n\n\n\n<h4 class=\"wp-block-heading\">5: Cortadora principal<\/h4>\n\n\n\n<p>Corta la bobina en tiras. Consta de una base principal de acero, dos soportes, un eje de corte, cuchillas de corte y cilindros hidr\u00e1ulicos. El empuje hidr\u00e1ulico de un soporte facilita y agiliza el reemplazo de las cuchillas de corte.<\/p>\n\n\n\n<figure class=\"wp-block-image\"><img loading=\"lazy\" decoding=\"async\" width=\"750\" height=\"500\" data-attachment-id=\"3696\" data-permalink=\"https:\/\/believeindustry.company\/es\/steel-slitting-machine-line\/slitter-2\/\" data-orig-file=\"https:\/\/believeindustry.company\/wp-content\/uploads\/2019\/01\/Slitter.jpg\" data-orig-size=\"750,500\" data-comments-opened=\"1\" data-image-meta=\"{&quot;aperture&quot;:&quot;0&quot;,&quot;credit&quot;:&quot;&quot;,&quot;camera&quot;:&quot;&quot;,&quot;caption&quot;:&quot;&quot;,&quot;created_timestamp&quot;:&quot;0&quot;,&quot;copyright&quot;:&quot;&quot;,&quot;focal_length&quot;:&quot;0&quot;,&quot;iso&quot;:&quot;0&quot;,&quot;shutter_speed&quot;:&quot;0&quot;,&quot;title&quot;:&quot;&quot;,&quot;orientation&quot;:&quot;0&quot;}\" data-image-title=\"Slitter\" data-image-description=\"\" data-image-caption=\"\" data-large-file=\"https:\/\/believeindustry.company\/wp-content\/uploads\/2019\/01\/Slitter.jpg\" src=\"https:\/\/believeindustry.company\/wp-content\/uploads\/2019\/01\/Slitter.jpg\" alt=\"Cortadora\" class=\"wp-image-3696\" srcset=\"https:\/\/believeindustry.company\/wp-content\/uploads\/2019\/01\/Slitter.jpg 750w, https:\/\/believeindustry.company\/wp-content\/uploads\/2019\/01\/Slitter-600x400.jpg 600w, https:\/\/believeindustry.company\/wp-content\/uploads\/2019\/01\/Slitter-300x200.jpg 300w, https:\/\/believeindustry.company\/wp-content\/uploads\/2019\/01\/Slitter-272x182.jpg 272w\" sizes=\"(max-width: 750px) 100vw, 750px\" \/><\/figure>\n\n\n\n<h4 class=\"wp-block-heading\"> 6: <strong>Bobinadora de chatarra<\/strong><\/h4>\n\n\n\n<p>La bobinadora de chatarra es un dispositivo muy econ\u00f3mico para cortar chatarra. Existen dos tipos de bobinadora: una se instala a los lados de la mesa transportadora y otra a ambos lados de la l\u00ednea. Estaci\u00f3n de separaci\u00f3n y tensi\u00f3n.<\/p>\n\n\n\n<figure class=\"wp-block-image\"><img loading=\"lazy\" decoding=\"async\" width=\"750\" height=\"500\" data-attachment-id=\"3695\" data-permalink=\"https:\/\/believeindustry.company\/es\/steel-slitting-machine-line\/scrap-recoiler\/\" data-orig-file=\"https:\/\/believeindustry.company\/wp-content\/uploads\/2019\/01\/Scrap-Recoiler.jpg\" data-orig-size=\"750,500\" data-comments-opened=\"1\" data-image-meta=\"{&quot;aperture&quot;:&quot;0&quot;,&quot;credit&quot;:&quot;&quot;,&quot;camera&quot;:&quot;&quot;,&quot;caption&quot;:&quot;&quot;,&quot;created_timestamp&quot;:&quot;0&quot;,&quot;copyright&quot;:&quot;&quot;,&quot;focal_length&quot;:&quot;0&quot;,&quot;iso&quot;:&quot;0&quot;,&quot;shutter_speed&quot;:&quot;0&quot;,&quot;title&quot;:&quot;&quot;,&quot;orientation&quot;:&quot;0&quot;}\" data-image-title=\"Scrap Recoiler\" data-image-description=\"\" data-image-caption=\"\" data-large-file=\"https:\/\/believeindustry.company\/wp-content\/uploads\/2019\/01\/Scrap-Recoiler.jpg\" src=\"https:\/\/believeindustry.company\/wp-content\/uploads\/2019\/01\/Scrap-Recoiler.jpg\" alt=\"Rebobinadora de chatarra\" class=\"wp-image-3695\" srcset=\"https:\/\/believeindustry.company\/wp-content\/uploads\/2019\/01\/Scrap-Recoiler.jpg 750w, https:\/\/believeindustry.company\/wp-content\/uploads\/2019\/01\/Scrap-Recoiler-600x400.jpg 600w, https:\/\/believeindustry.company\/wp-content\/uploads\/2019\/01\/Scrap-Recoiler-300x200.jpg 300w, https:\/\/believeindustry.company\/wp-content\/uploads\/2019\/01\/Scrap-Recoiler-272x182.jpg 272w\" sizes=\"(max-width: 750px) 100vw, 750px\" \/><\/figure>\n\n\n\n<h4 class=\"wp-block-heading\">7: Estaci\u00f3n separadora y tensora<\/h4>\n\n\n\n<p>Incluye eje y disco separadores. Garantiza un flujo de trabajo fluido en la estaci\u00f3n de tensi\u00f3n. El rodillo tensor presiona firmemente para un enrollado perfecto. <\/p>\n\n\n\n<figure class=\"wp-block-image\"><img loading=\"lazy\" decoding=\"async\" width=\"750\" height=\"562\" data-attachment-id=\"3697\" data-permalink=\"https:\/\/believeindustry.company\/es\/steel-slitting-machine-line\/tensioner\/\" data-orig-file=\"https:\/\/believeindustry.company\/wp-content\/uploads\/2019\/01\/Tensioner.jpg\" data-orig-size=\"750,562\" data-comments-opened=\"1\" data-image-meta=\"{&quot;aperture&quot;:&quot;0&quot;,&quot;credit&quot;:&quot;&quot;,&quot;camera&quot;:&quot;&quot;,&quot;caption&quot;:&quot;&quot;,&quot;created_timestamp&quot;:&quot;0&quot;,&quot;copyright&quot;:&quot;&quot;,&quot;focal_length&quot;:&quot;0&quot;,&quot;iso&quot;:&quot;0&quot;,&quot;shutter_speed&quot;:&quot;0&quot;,&quot;title&quot;:&quot;&quot;,&quot;orientation&quot;:&quot;0&quot;}\" data-image-title=\"Tensioner\" data-image-description=\"\" data-image-caption=\"\" data-large-file=\"https:\/\/believeindustry.company\/wp-content\/uploads\/2019\/01\/Tensioner.jpg\" src=\"https:\/\/believeindustry.company\/wp-content\/uploads\/2019\/01\/Tensioner.jpg\" alt=\"Tensor\" class=\"wp-image-3697\" srcset=\"https:\/\/believeindustry.company\/wp-content\/uploads\/2019\/01\/Tensioner.jpg 750w, https:\/\/believeindustry.company\/wp-content\/uploads\/2019\/01\/Tensioner-600x450.jpg 600w, https:\/\/believeindustry.company\/wp-content\/uploads\/2019\/01\/Tensioner-300x225.jpg 300w\" sizes=\"(max-width: 750px) 100vw, 750px\" \/><\/figure>\n\n\n\n<h4 class=\"wp-block-heading\">8: Rebobinador y brazo de soporte<\/h4>\n\n\n\n<p>El rebobinador consta de una base de acero, un brazo de soporte, un eje de rebobinado y un brazo de prensado. Este eje del brazo de prensado est\u00e1 equipado con discos separadores que siguen hidr\u00e1ulicamente el material durante el rebobinado para asegurar un rebobinado recto de las tiras. <\/p>\n\n\n\n<figure class=\"wp-block-image\"><img loading=\"lazy\" decoding=\"async\" width=\"750\" height=\"500\" data-attachment-id=\"3698\" data-permalink=\"https:\/\/believeindustry.company\/es\/steel-slitting-machine-line\/recoiler-2\/\" data-orig-file=\"https:\/\/believeindustry.company\/wp-content\/uploads\/2019\/01\/Recoiler.jpg\" data-orig-size=\"750,500\" data-comments-opened=\"1\" data-image-meta=\"{&quot;aperture&quot;:&quot;0&quot;,&quot;credit&quot;:&quot;&quot;,&quot;camera&quot;:&quot;&quot;,&quot;caption&quot;:&quot;&quot;,&quot;created_timestamp&quot;:&quot;0&quot;,&quot;copyright&quot;:&quot;&quot;,&quot;focal_length&quot;:&quot;0&quot;,&quot;iso&quot;:&quot;0&quot;,&quot;shutter_speed&quot;:&quot;0&quot;,&quot;title&quot;:&quot;&quot;,&quot;orientation&quot;:&quot;0&quot;}\" data-image-title=\"Recoiler\" data-image-description=\"\" data-image-caption=\"\" data-large-file=\"https:\/\/believeindustry.company\/wp-content\/uploads\/2019\/01\/Recoiler.jpg\" src=\"https:\/\/believeindustry.company\/wp-content\/uploads\/2019\/01\/Recoiler.jpg\" alt=\"\" class=\"wp-image-3698\" srcset=\"https:\/\/believeindustry.company\/wp-content\/uploads\/2019\/01\/Recoiler.jpg 750w, https:\/\/believeindustry.company\/wp-content\/uploads\/2019\/01\/Recoiler-600x400.jpg 600w, https:\/\/believeindustry.company\/wp-content\/uploads\/2019\/01\/Recoiler-300x200.jpg 300w, https:\/\/believeindustry.company\/wp-content\/uploads\/2019\/01\/Recoiler-272x182.jpg 272w\" sizes=\"(max-width: 750px) 100vw, 750px\" \/><\/figure>\n\n\n\n<p><a href=\"http:\/\/www.cnc-rollformingmachine.com\" target=\"_blank\" rel=\"noopener\">Compa\u00f1\u00eda de la Industria Believe<\/a> tienen una gama completa de <a href=\"https:\/\/believeindustry.company\/es\/equipo-de-procesamiento-de-bobinas\/linea-de-corte\/\">l\u00edneas de corte longitudinal<\/a> Para diferentes necesidades. Cont\u00e1ctenos para m\u00e1s informaci\u00f3n.<\/p>","protected":false},"excerpt":{"rendered":"<p>Believe Industry Company have a full range of steel slitting machine line for a different requirements. Contact us now for more information. Steel Slitting Machine Line What&#8217;s Slitting Machine Line? Slitting is the operation of cutting a wide strip&nbsp;into a number of narrow strips by passing the&nbsp;strip between circular cutters or blades.&nbsp;Slitting lines consist of [&hellip;]<\/p>\n","protected":false},"author":2,"featured_media":3700,"parent":0,"menu_order":0,"comment_status":"closed","ping_status":"closed","template":"","meta":{"_angie_page":false,"footnotes":"","big_sky_generated":false},"tags":[607844987,607846203,607849303,607849304],"class_list":["post-3681","page","type-page","status-publish","has-post-thumbnail","hentry","tag-slitting-line","tag-slitting-line-machine","tag-slitting-machine","tag-slitting-machine-line"],"blocksy_meta":[],"jetpack_sharing_enabled":true,"jetpack_shortlink":"https:\/\/wp.me\/P9K5n8-Xn","jetpack_likes_enabled":false,"jetpack-related-posts":[],"amp_enabled":true,"_links":{"self":[{"href":"https:\/\/believeindustry.company\/es\/wp-json\/wp\/v2\/pages\/3681","targetHints":{"allow":["GET"]}}],"collection":[{"href":"https:\/\/believeindustry.company\/es\/wp-json\/wp\/v2\/pages"}],"about":[{"href":"https:\/\/believeindustry.company\/es\/wp-json\/wp\/v2\/types\/page"}],"author":[{"embeddable":true,"href":"https:\/\/believeindustry.company\/es\/wp-json\/wp\/v2\/users\/2"}],"replies":[{"embeddable":true,"href":"https:\/\/believeindustry.company\/es\/wp-json\/wp\/v2\/comments?post=3681"}],"version-history":[{"count":0,"href":"https:\/\/believeindustry.company\/es\/wp-json\/wp\/v2\/pages\/3681\/revisions"}],"wp:featuredmedia":[{"embeddable":true,"href":"https:\/\/believeindustry.company\/es\/wp-json\/wp\/v2\/media\/3700"}],"wp:attachment":[{"href":"https:\/\/believeindustry.company\/es\/wp-json\/wp\/v2\/media?parent=3681"}],"wp:term":[{"taxonomy":"post_tag","embeddable":true,"href":"https:\/\/believeindustry.company\/es\/wp-json\/wp\/v2\/tags?post=3681"}],"curies":[{"name":"wp","href":"https:\/\/api.w.org\/{rel}","templated":true}]}}