{"id":3923,"date":"2019-01-21T15:41:20","date_gmt":"2019-01-21T07:41:20","guid":{"rendered":"https:\/\/believeindustry.company\/?page_id=3923"},"modified":"2019-01-21T15:41:20","modified_gmt":"2019-01-21T07:41:20","slug":"politica-de-privacidad","status":"publish","type":"page","link":"https:\/\/believeindustry.company\/es\/privacy-policy\/","title":{"rendered":"pol\u00edtica de privacidad"},"content":{"rendered":"<h2 class=\"wp-block-heading\">Quienes somos<\/h2>\r\n\r\n\r\n\r\n<p>La direcci\u00f3n de nuestra web es: <a href=\"https:\/\/believeindustry.company\/es\/\">https:\/\/believeindustry.company<\/a>.<\/p>\r\n\r\n\r\n\r\n<h2 class=\"wp-block-heading\">Qu\u00e9 datos personales recopilamos y por qu\u00e9 los recopilamos<\/h2>\r\n\r\n\r\n\r\n<h3 class=\"wp-block-heading\">Comentarios<\/h3>\r\n\r\n\r\n\r\n<p>Cuando los visitantes dejan comentarios en el sitio, recopilamos los datos que se muestran en el formulario de comentarios, y tambi\u00e9n la direcci\u00f3n IP del visitante y la cadena del agente de usuario del navegador para ayudar a la detecci\u00f3n de spam.<\/p>\r\n\r\n\r\n\r\n<p>Es posible que se proporcione al servicio Gravatar una cadena an\u00f3nima creada a partir de su direcci\u00f3n de correo electr\u00f3nico (tambi\u00e9n llamada hash) para verificar si la est\u00e1 utilizando. La pol\u00edtica de privacidad del servicio Gravatar est\u00e1 disponible aqu\u00ed: <a href=\"https:\/\/automattic.com\/privacy\/\" rel=\"nofollow\">https:\/\/automattic.com\/privacy\/<\/a>. Despu\u00e9s de la aprobaci\u00f3n de tu comentario, tu foto de perfil ser\u00e1 visible para el p\u00fablico en el contexto de tu comentario.<\/p>\r\n\r\n\r\n\r\n<h3 class=\"wp-block-heading\">Medios de comunicaci\u00f3n<\/h3>\r\n\r\n\r\n\r\n<p>Si sube im\u00e1genes al sitio web, evite subir im\u00e1genes con datos de ubicaci\u00f3n (GPS EXIF). Los visitantes del sitio web pueden descargar y extraer cualquier dato de ubicaci\u00f3n de las im\u00e1genes.<\/p>\r\n\r\n\r\n\r\n<h3 class=\"wp-block-heading\">Formularios de contacto<\/h3>\r\n\r\n\r\n\r\n<h3 class=\"wp-block-heading\">Galletas<\/h3>\r\n\r\n\r\n\r\n<p>Si dejas un comentario en nuestro sitio, puedes optar por guardar tu nombre, direcci\u00f3n de correo electr\u00f3nico y sitio web en cookies. Esto es para tu comodidad, para que no tengas que volver a rellenar tus datos cuando dejes otro comentario. Estas cookies tienen una duraci\u00f3n de un a\u00f1o.<\/p>\r\n\r\n\r\n\r\n<p>Si tiene una cuenta e inicia sesi\u00f3n en este sitio, instalaremos una cookie temporal para determinar si su navegador acepta cookies. Esta cookie no contiene datos personales y se elimina al cerrar el navegador.<\/p>\r\n\r\n\r\n\r\n<p>Al iniciar sesi\u00f3n, tambi\u00e9n instalaremos varias cookies para guardar tu informaci\u00f3n de inicio de sesi\u00f3n y tus preferencias de visualizaci\u00f3n de pantalla. Las cookies de inicio de sesi\u00f3n duran dos d\u00edas, y las de opciones de pantalla, un a\u00f1o. Si seleccionas &quot;Recordarme&quot;, tu inicio de sesi\u00f3n se conservar\u00e1 durante dos semanas. Si cierras sesi\u00f3n, las cookies de inicio de sesi\u00f3n se eliminar\u00e1n.<\/p>\r\n\r\n\r\n\r\n<p>Si editas o publicas un art\u00edculo, se guardar\u00e1 una cookie adicional en tu navegador. Esta cookie no incluye datos personales y simplemente indica el ID de la publicaci\u00f3n del art\u00edculo que acabas de editar. Caduca al cabo de un d\u00eda.<\/p>\r\n\r\n\r\n\r\n<h3 class=\"wp-block-heading\">Contenido incrustado de otros sitios web<\/h3>\r\n\r\n\r\n\r\n<p>Los art\u00edculos de este sitio pueden incluir contenido incrustado (por ejemplo, v\u00eddeos, im\u00e1genes, art\u00edculos, etc.). El contenido incrustado de otros sitios web se comporta exactamente igual que si el visitante hubiera visitado el otro sitio web.<\/p>\r\n\r\n\r\n\r\n<p>Estos sitios web pueden recopilar datos sobre usted, utilizar cookies, incrustar seguimiento adicional de terceros y monitorear su interacci\u00f3n con ese contenido incrustado, incluido el seguimiento de su interacci\u00f3n con el contenido incrustado si tiene una cuenta y est\u00e1 conectado a ese sitio web.<\/p>\r\n\r\n\r\n\r\n<h3 class=\"wp-block-heading\">Anal\u00edtica<\/h3>\r\n\r\n\r\n\r\n<h2 class=\"wp-block-heading\">Con qui\u00e9n compartimos tus datos<\/h2>\r\n\r\n\r\n\r\n<h2 class=\"wp-block-heading\">Cu\u00e1nto tiempo conservamos sus datos<\/h2>\r\n\r\n\r\n\r\n<p>Si dejas un comentario, este y sus metadatos se conservan indefinidamente. Esto nos permite reconocer y aprobar autom\u00e1ticamente cualquier comentario posterior, en lugar de mantenerlo en una cola de moderaci\u00f3n.<\/p>\r\n\r\n\r\n\r\n<p>De los usuarios que se registran en nuestro sitio web (si los hay), tambi\u00e9n almacenamos la informaci\u00f3n personal que proporcionan en su perfil. Todos los usuarios pueden ver, editar o eliminar su informaci\u00f3n personal en cualquier momento (excepto que no pueden cambiar su nombre de usuario). Los administradores del sitio web tambi\u00e9n pueden ver y editar dicha informaci\u00f3n.<\/p>\r\n\r\n\r\n\r\n<h2 class=\"wp-block-heading\">Qu\u00e9 derechos tienes sobre tus datos<\/h2>\r\n\r\n\r\n\r\n<p>Si tiene una cuenta en este sitio o ha dejado comentarios, puede solicitar un archivo exportado de los datos personales que tenemos sobre usted, incluyendo cualquier dato que nos haya proporcionado. Tambi\u00e9n puede solicitar que eliminemos cualquier dato personal que tengamos sobre usted. Esto no incluye los datos que estemos obligados a conservar con fines administrativos, legales o de seguridad.<\/p>\r\n\r\n\r\n\r\n<h2 class=\"wp-block-heading\">D\u00f3nde enviamos tus datos<\/h2>\r\n\r\n\r\n\r\n<p>Los comentarios de los visitantes pueden revisarse a trav\u00e9s de un servicio de detecci\u00f3n autom\u00e1tica de spam.<\/p>\r\n\r\n\r\n\r\n<h2 class=\"wp-block-heading\">Tu informaci\u00f3n de contacto<\/h2>\r\n\r\n\r\n\r\n<h2 class=\"wp-block-heading\">Informaci\u00f3n adicional<\/h2>\r\n\r\n\r\n\r\n<h3 class=\"wp-block-heading\">C\u00f3mo protegemos sus datos<\/h3>\r\n\r\n\r\n\r\n<h3 class=\"wp-block-heading\">\u00bfQu\u00e9 procedimientos de violaci\u00f3n de datos tenemos establecidos?<\/h3>\r\n\r\n\r\n\r\n<h3 class=\"wp-block-heading\">De qu\u00e9 terceros recibimos datos<\/h3>\r\n\r\n\r\n\r\n<h3 class=\"wp-block-heading\">Qu\u00e9 toma de decisiones automatizada y\/o elaboraci\u00f3n de perfiles realizamos con los datos del usuario<\/h3>\r\n\r\n\r\n\r\n<h3 class=\"wp-block-heading\">Requisitos de divulgaci\u00f3n regulatoria de la industria<\/h3>","protected":false},"excerpt":{"rendered":"<p>Who we are Our website address is: <a href=\"https:\/\/believeindustry.company\">https:\/\/believeindustry.company<\/a>. What personal data we collect and why we collect it Comments When visitors leave comments on the site we collect the data shown in the comments form, and also the visitor\u2019s IP address and browser user agent string to help spam detection. An anonymized string created from [&hellip;]<\/p>\n","protected":false},"author":2,"featured_media":0,"parent":0,"menu_order":0,"comment_status":"closed","ping_status":"closed","template":"","meta":{"_angie_page":false,"footnotes":"","big_sky_generated":false},"tags":[],"class_list":["post-3923","page","type-page","status-publish","hentry"],"blocksy_meta":[],"jetpack_sharing_enabled":true,"jetpack_shortlink":"https:\/\/wp.me\/P9K5n8-11h","jetpack_likes_enabled":false,"jetpack-related-posts":[{"id":888,"url":"https:\/\/believeindustry.company\/es\/roll-forming-machine\/steel-door-roll-forming-machine\/roller-shutter-door-track-roll-forming-machine\/","url_meta":{"origin":3923,"position":0},"title":"M\u00e1quina formadora de rieles para puertas enrollables","author":"Believe Industry Group","date":"abril 4, 2018","format":false,"excerpt":"Roller Shutter Door Track Roll Forming Machine is for producing rolling shutter track rail for raising and lowering the doors Introduction of Roller Shutter Door Track Roll Forming Machine What's Rolling Shutter Door Track? Curved roller shutter door track for Roller-Up door and garage door The Roller Shutter Track Rail\u2026","rel":"","context":"En \u00abdoor lines\u00bb","block_context":{"text":"door lines","link":"https:\/\/believeindustry.company\/es\/tag\/door-lines\/"},"img":{"alt_text":"door track roll forming machine","src":"https:\/\/i0.wp.com\/believeindustry.company\/wp-content\/uploads\/2018\/04\/door-track-roll-forming-machine-1-e1522828125688.jpg?resize=350%2C200&ssl=1","width":350,"height":200,"srcset":"https:\/\/i0.wp.com\/believeindustry.company\/wp-content\/uploads\/2018\/04\/door-track-roll-forming-machine-1-e1522828125688.jpg?resize=350%2C200&ssl=1 1x, https:\/\/i0.wp.com\/believeindustry.company\/wp-content\/uploads\/2018\/04\/door-track-roll-forming-machine-1-e1522828125688.jpg?resize=525%2C300&ssl=1 1.5x, https:\/\/i0.wp.com\/believeindustry.company\/wp-content\/uploads\/2018\/04\/door-track-roll-forming-machine-1-e1522828125688.jpg?resize=700%2C400&ssl=1 2x"},"classes":[]},{"id":7304,"url":"https:\/\/believeindustry.company\/es\/upright-post-roll-forming-machine\/","url_meta":{"origin":3923,"position":1},"title":"M\u00e1quina formadora de postes verticales","author":"Believe Industry Group","date":"enero 8, 2020","format":false,"excerpt":"Upright Post Roll Forming Machine is for producing upright post as per requirement Upright Post Machine Components UncoilerLevrling MachineServo Feeder and Punch PressQuick replace punch die deviceAdjustable Roll Forming MachineServo Tracking Cutting DeviceCollection TableHydraulic StationController Panel Technical Parameters of Post Machine Line Speed: 10-15m\/minUncoiler Capacity: 5 TonPunch Press Capacity: 110\u2026","rel":"","context":"Entrada similar","block_context":{"text":"Entrada similar","link":""},"img":{"alt_text":"upright post roll forming machine","src":"https:\/\/i0.wp.com\/believeindustry.company\/wp-content\/uploads\/2020\/01\/upright-post-roll-forming-machine.jpg?resize=350%2C200&ssl=1","width":350,"height":200,"srcset":"https:\/\/i0.wp.com\/believeindustry.company\/wp-content\/uploads\/2020\/01\/upright-post-roll-forming-machine.jpg?resize=350%2C200&ssl=1 1x, https:\/\/i0.wp.com\/believeindustry.company\/wp-content\/uploads\/2020\/01\/upright-post-roll-forming-machine.jpg?resize=525%2C300&ssl=1 1.5x, https:\/\/i0.wp.com\/believeindustry.company\/wp-content\/uploads\/2020\/01\/upright-post-roll-forming-machine.jpg?resize=700%2C400&ssl=1 2x, https:\/\/i0.wp.com\/believeindustry.company\/wp-content\/uploads\/2020\/01\/upright-post-roll-forming-machine.jpg?resize=1050%2C600&ssl=1 3x, https:\/\/i0.wp.com\/believeindustry.company\/wp-content\/uploads\/2020\/01\/upright-post-roll-forming-machine.jpg?resize=1400%2C800&ssl=1 4x"},"classes":[]},{"id":6710,"url":"https:\/\/believeindustry.company\/es\/cable-tray-rolling-machine\/","url_meta":{"origin":3923,"position":2},"title":"M\u00e1quina enrolladora de bandejas de cables","author":"Believe Industry Group","date":"mayo 7, 2019","format":false,"excerpt":"Cable Tray Rolling Machine Introduction Cable Tray Rolling Machine is for producing Cable Trays, Cable Tray Ladders, Cable Tray Covers as per desired requirements. Line Layout Working Prcess: Uncoiling-- Leveling-- Servo Feeding and Punching-- Roll Forming Machine-- Cutting-- Collecting Machine Components Hydraulic UncoilerLevelerServo Feeder and Punch PressRoll FormerCutter Collection TableControlled\u2026","rel":"","context":"Entrada similar","block_context":{"text":"Entrada similar","link":""},"img":{"alt_text":"cable tray roll former","src":"https:\/\/i0.wp.com\/believeindustry.company\/wp-content\/uploads\/2019\/04\/cable-tray-roll-former.png?resize=350%2C200&ssl=1","width":350,"height":200,"srcset":"https:\/\/i0.wp.com\/believeindustry.company\/wp-content\/uploads\/2019\/04\/cable-tray-roll-former.png?resize=350%2C200&ssl=1 1x, https:\/\/i0.wp.com\/believeindustry.company\/wp-content\/uploads\/2019\/04\/cable-tray-roll-former.png?resize=525%2C300&ssl=1 1.5x, https:\/\/i0.wp.com\/believeindustry.company\/wp-content\/uploads\/2019\/04\/cable-tray-roll-former.png?resize=700%2C400&ssl=1 2x"},"classes":[]},{"id":285,"url":"https:\/\/believeindustry.company\/es\/contact\/","url_meta":{"origin":3923,"position":3},"title":"Contacto","author":"Believe Industry Group","date":"agosto 17, 2020","format":false,"excerpt":"Wanna Chat? Send Us Your Inquiry, We Love Hearing It! We are ready to assist you with your roll forming machine and auxiliary equipment needs.Whether you require a custom quote, technical support, or want to learn more about our innovative machinery, our team is here to help you achieve operational\u2026","rel":"","context":"Entrada similar","block_context":{"text":"Entrada similar","link":""},"img":{"alt_text":"factory over view","src":"https:\/\/i0.wp.com\/believeindustry.company\/wp-content\/uploads\/2025\/10\/factory-over-view-1024x565.png?resize=350%2C200&ssl=1","width":350,"height":200,"srcset":"https:\/\/i0.wp.com\/believeindustry.company\/wp-content\/uploads\/2025\/10\/factory-over-view-1024x565.png?resize=350%2C200&ssl=1 1x, https:\/\/i0.wp.com\/believeindustry.company\/wp-content\/uploads\/2025\/10\/factory-over-view-1024x565.png?resize=525%2C300&ssl=1 1.5x, https:\/\/i0.wp.com\/believeindustry.company\/wp-content\/uploads\/2025\/10\/factory-over-view-1024x565.png?resize=700%2C400&ssl=1 2x"},"classes":[]},{"id":20891,"url":"https:\/\/believeindustry.company\/es\/contact-us\/","url_meta":{"origin":3923,"position":4},"title":"Cont\u00e1ctanos","author":"Believe Industry Group","date":"marzo 13, 2026","format":false,"excerpt":"Wanna Chat? Send Us Your Inquiry, We Love Hearing It! We are ready to assist you with your roll forming machine and auxiliary equipment needs.Whether you require a custom quote, technical support, or want to learn more about our innovative machinery, our team is here to help you achieve operational\u2026","rel":"","context":"Entrada similar","block_context":{"text":"Entrada similar","link":""},"img":{"alt_text":"factory over view","src":"https:\/\/i0.wp.com\/believeindustry.company\/wp-content\/uploads\/2025\/10\/factory-over-view-1024x565.png?resize=350%2C200&ssl=1","width":350,"height":200,"srcset":"https:\/\/i0.wp.com\/believeindustry.company\/wp-content\/uploads\/2025\/10\/factory-over-view-1024x565.png?resize=350%2C200&ssl=1 1x, https:\/\/i0.wp.com\/believeindustry.company\/wp-content\/uploads\/2025\/10\/factory-over-view-1024x565.png?resize=525%2C300&ssl=1 1.5x, https:\/\/i0.wp.com\/believeindustry.company\/wp-content\/uploads\/2025\/10\/factory-over-view-1024x565.png?resize=700%2C400&ssl=1 2x"},"classes":[]},{"id":20906,"url":"https:\/\/believeindustry.company\/es\/contact-believe-industry\/","url_meta":{"origin":3923,"position":5},"title":"Contacte con Believe Industry","author":"Believe Industry Group","date":"marzo 13, 2026","format":false,"excerpt":"Wanna Chat? Send Us Your Inquiry, We Love Hearing It! We are ready to assist you with your roll forming machine and auxiliary equipment needs.Whether you require a custom quote, technical support, or want to learn more about our innovative machinery, our team is here to help you achieve operational\u2026","rel":"","context":"Entrada similar","block_context":{"text":"Entrada similar","link":""},"img":{"alt_text":"factory over view","src":"https:\/\/i0.wp.com\/believeindustry.company\/wp-content\/uploads\/2025\/10\/factory-over-view-1024x565.png?resize=350%2C200&ssl=1","width":350,"height":200,"srcset":"https:\/\/i0.wp.com\/believeindustry.company\/wp-content\/uploads\/2025\/10\/factory-over-view-1024x565.png?resize=350%2C200&ssl=1 1x, https:\/\/i0.wp.com\/believeindustry.company\/wp-content\/uploads\/2025\/10\/factory-over-view-1024x565.png?resize=525%2C300&ssl=1 1.5x, https:\/\/i0.wp.com\/believeindustry.company\/wp-content\/uploads\/2025\/10\/factory-over-view-1024x565.png?resize=700%2C400&ssl=1 2x"},"classes":[]}],"amp_enabled":true,"_links":{"self":[{"href":"https:\/\/believeindustry.company\/es\/wp-json\/wp\/v2\/pages\/3923","targetHints":{"allow":["GET"]}}],"collection":[{"href":"https:\/\/believeindustry.company\/es\/wp-json\/wp\/v2\/pages"}],"about":[{"href":"https:\/\/believeindustry.company\/es\/wp-json\/wp\/v2\/types\/page"}],"author":[{"embeddable":true,"href":"https:\/\/believeindustry.company\/es\/wp-json\/wp\/v2\/users\/2"}],"replies":[{"embeddable":true,"href":"https:\/\/believeindustry.company\/es\/wp-json\/wp\/v2\/comments?post=3923"}],"version-history":[{"count":0,"href":"https:\/\/believeindustry.company\/es\/wp-json\/wp\/v2\/pages\/3923\/revisions"}],"wp:attachment":[{"href":"https:\/\/believeindustry.company\/es\/wp-json\/wp\/v2\/media?parent=3923"}],"wp:term":[{"taxonomy":"post_tag","embeddable":true,"href":"https:\/\/believeindustry.company\/es\/wp-json\/wp\/v2\/tags?post=3923"}],"curies":[{"name":"wp","href":"https:\/\/api.w.org\/{rel}","templated":true}]}}