{"id":403,"date":"2018-03-16T14:09:25","date_gmt":"2018-03-16T06:09:25","guid":{"rendered":"https:\/\/believeindustry.company\/?page_id=403"},"modified":"2025-12-05T15:12:26","modified_gmt":"2025-12-05T07:12:26","slug":"linea-de-corte","status":"publish","type":"page","link":"https:\/\/believeindustry.company\/es\/coil-process-equipment\/slitting-line\/","title":{"rendered":"L\u00ednea de corte"},"content":{"rendered":"<p><strong>BELI \u00ae <a title=\"L\u00ednea de corte\" href=\"https:\/\/believeindustry.company\/es\/linea-de-corte\/\" rel=\"\">L\u00ednea de corte<\/a><\/strong> se utiliza<strong>\u00a0<\/strong>cortar los rollos\/bobinas grandes y anchos en rollos estrechos y empaquetarlos autom\u00e1ticamente.<!--more--><\/p>\n<h1><span style=\"font-size: 12pt;\">Informaci\u00f3n de la l\u00ednea de corte<\/span><\/h1>\n<p>Bobina\u00a0<strong>M\u00e1quina de l\u00ednea de corte\u00a0<\/strong>Los productos de BELI\u00ae son una reconocida gama completa:<\/p>\n<ul>\n<li><a href=\"https:\/\/believeindustry.company\/es\/equipo-de-procesamiento-de-bobinas\/linea-de-corte\/linea-de-corte-de-calibre-ligero\/\">M\u00e1quina de l\u00ednea de corte de bobinas de calibre ligero<\/a> :(0,2-4 mm)*2000 mm, Peso de 20 toneladas.<\/li>\n<li><a href=\"https:\/\/believeindustry.company\/es\/equipo-de-procesamiento-de-bobinas\/linea-de-corte\/linea-de-corte-de-calibre-medio\/\">L\u00ednea de corte de calibre medio<\/a> : (2-8 mm)*2000 mm, 20 toneladas de peso<\/li>\n<li><a href=\"https:\/\/believeindustry.company\/es\/equipo-de-procesamiento-de-bobinas\/linea-de-corte\/linea-de-corte-de-gran-calibre\/\">M\u00e1quina de l\u00ednea de corte de gran espesor<\/a>: (8-20 mm)*2600 mm, peso de 35 toneladas<\/li>\n<\/ul>\n<p><strong><b>Tambi\u00e9n ofrecemos l\u00edneas de corte personalizadas para todo tipo de fleje met\u00e1lico y en todas las dimensiones requeridas.<\/b><\/strong><\/p>\n<p>Las l\u00edneas de corte, como su nombre indica, cortan rollos grandes de material en rollos estrechos, y la l\u00ednea completa suele incluir un dispositivo de rebobinado. Los materiales de los rollos pueden ser: laminado en caliente (HR), laminado en fr\u00edo (CR), acero galvanizado, acero prepintado, acero inoxidable, cobre, etc.<\/p>\n<p>Una f\u00e1brica de acero necesita adquirir varias l\u00edneas para diferentes requerimientos o para una gran capacidad. Las bobinas\/rodillos estrechos se utilizan ampliamente en f\u00e1bricas de tubos de acero, f\u00e1bricas de estructuras de acero y f\u00e1bricas de sistemas de almacenamiento, en combinaci\u00f3n con m\u00e1quinas perfiladoras, punzonadoras y laminadoras de tubos.<\/p>\n<p><strong>PUEDE ENCONTRAR LA L\u00cdNEA DE CORTE ADECUADA ENTRE LOS SIGUIENTES PRODUCTOS<\/strong><\/p>\n<p>&nbsp;<\/p>","protected":false},"excerpt":{"rendered":"<p>BELI \u00ae Slitting Line is used\u00a0to slit the big wide rolls\/coils into narrow rolls, and packaging it automatically.<\/p>","protected":false},"author":2,"featured_media":926,"parent":170,"menu_order":1,"comment_status":"closed","ping_status":"closed","template":"","meta":{"_angie_page":false,"footnotes":"","big_sky_generated":false},"tags":[],"class_list":["post-403","page","type-page","status-publish","has-post-thumbnail","hentry"],"blocksy_meta":[],"jetpack_sharing_enabled":false,"jetpack_shortlink":"https:\/\/wp.me\/P9K5n8-6v","jetpack_likes_enabled":false,"jetpack-related-posts":[{"id":472,"url":"https:\/\/believeindustry.company\/es\/coil-process-equipment\/slitting-line\/light-gauge-slitting-line\/","url_meta":{"origin":403,"position":0},"title":"L\u00ednea de corte de calibre ligero","author":"Believe Industry Group","date":"marzo 16, 2018","format":false,"excerpt":"Light Gauge Slitting Line, which is used to slitting the coils\/rolls(Thickness is 0.2-4mm, width: 500-2000mm, weight is 55-25 Ton) \u00a0into desired narrow coils\/rolls, Light Gauge Slitting Line Usually, light gauge slitting line is high precision and speed is up to 120m\/min or more. this line widely used in steel roofing\u2026","rel":"","context":"En \u00abCoil Slitting Line\u00bb","block_context":{"text":"Coil Slitting Line","link":"https:\/\/believeindustry.company\/es\/tag\/coil-slitting-line\/"},"img":{"alt_text":"Light Gauge Slitting Line","src":"https:\/\/i0.wp.com\/believeindustry.company\/wp-content\/uploads\/2018\/03\/Light-Gauge-Slitting-Line.jpg?resize=350%2C200&ssl=1","width":350,"height":200,"srcset":"https:\/\/i0.wp.com\/believeindustry.company\/wp-content\/uploads\/2018\/03\/Light-Gauge-Slitting-Line.jpg?resize=350%2C200&ssl=1 1x, https:\/\/i0.wp.com\/believeindustry.company\/wp-content\/uploads\/2018\/03\/Light-Gauge-Slitting-Line.jpg?resize=525%2C300&ssl=1 1.5x, https:\/\/i0.wp.com\/believeindustry.company\/wp-content\/uploads\/2018\/03\/Light-Gauge-Slitting-Line.jpg?resize=700%2C400&ssl=1 2x, https:\/\/i0.wp.com\/believeindustry.company\/wp-content\/uploads\/2018\/03\/Light-Gauge-Slitting-Line.jpg?resize=1050%2C600&ssl=1 3x"},"classes":[]},{"id":1289,"url":"https:\/\/believeindustry.company\/es\/coil-process-equipment\/slitting-line\/heavy-gauge-slitting-line\/","url_meta":{"origin":403,"position":1},"title":"L\u00ednea de corte de gran calibre","author":"Believe Industry Group","date":"abril 16, 2018","format":false,"excerpt":"Heavy Gauge Slitting Line, which is used to slitting the coils\/rolls(Thickness is 8-20 mm, width: 600-2600mm, weight is 15-35Ton) \u00a0into desired narrow coils\/rolls, Heavy Gauge Slitting Line Details BELI\u00ae is engage in designing and manufacturing full range of Slitting Lines as per demands. We have a professional team with years'\u2026","rel":"","context":"En \u00abCoil Slitting Line\u00bb","block_context":{"text":"Coil Slitting Line","link":"https:\/\/believeindustry.company\/es\/tag\/coil-slitting-line\/"},"img":{"alt_text":"Heavy Gauge Slitting Line","src":"https:\/\/i0.wp.com\/believeindustry.company\/wp-content\/uploads\/2018\/03\/Heavy-Gauge-Slitting-Line-1.jpg?resize=350%2C200&ssl=1","width":350,"height":200,"srcset":"https:\/\/i0.wp.com\/believeindustry.company\/wp-content\/uploads\/2018\/03\/Heavy-Gauge-Slitting-Line-1.jpg?resize=350%2C200&ssl=1 1x, https:\/\/i0.wp.com\/believeindustry.company\/wp-content\/uploads\/2018\/03\/Heavy-Gauge-Slitting-Line-1.jpg?resize=525%2C300&ssl=1 1.5x, https:\/\/i0.wp.com\/believeindustry.company\/wp-content\/uploads\/2018\/03\/Heavy-Gauge-Slitting-Line-1.jpg?resize=700%2C400&ssl=1 2x, https:\/\/i0.wp.com\/believeindustry.company\/wp-content\/uploads\/2018\/03\/Heavy-Gauge-Slitting-Line-1.jpg?resize=1050%2C600&ssl=1 3x"},"classes":[]},{"id":475,"url":"https:\/\/believeindustry.company\/es\/coil-process-equipment\/slitting-line\/medium-gauge-slitting-line\/","url_meta":{"origin":403,"position":2},"title":"L\u00ednea de corte de calibre medio","author":"Believe Industry Group","date":"marzo 16, 2018","format":false,"excerpt":"Medium Gauge Slitting Line, which is used to slitting the coils\/rolls(Thickness is 2-8mm, width: 500-2600mm, weight is 15-25 Ton) \u00a0into desired narrow coils\/rolls, Medium Gauge Slitting Line BELI\u00ae\u00a0is one of slitting line manufacturers in Wuxi, China, we have full range of Light Gauge Slitting Lines for different demands. please refer\u2026","rel":"","context":"En \u00abCoil Slitting Line\u00bb","block_context":{"text":"Coil Slitting Line","link":"https:\/\/believeindustry.company\/es\/tag\/coil-slitting-line\/"},"img":{"alt_text":"Medium Gauge Slitting Line","src":"https:\/\/i0.wp.com\/believeindustry.company\/wp-content\/uploads\/2018\/03\/Medium-Gauge-Slitting-Line-1.jpg?resize=350%2C200&ssl=1","width":350,"height":200,"srcset":"https:\/\/i0.wp.com\/believeindustry.company\/wp-content\/uploads\/2018\/03\/Medium-Gauge-Slitting-Line-1.jpg?resize=350%2C200&ssl=1 1x, https:\/\/i0.wp.com\/believeindustry.company\/wp-content\/uploads\/2018\/03\/Medium-Gauge-Slitting-Line-1.jpg?resize=525%2C300&ssl=1 1.5x, https:\/\/i0.wp.com\/believeindustry.company\/wp-content\/uploads\/2018\/03\/Medium-Gauge-Slitting-Line-1.jpg?resize=700%2C400&ssl=1 2x, https:\/\/i0.wp.com\/believeindustry.company\/wp-content\/uploads\/2018\/03\/Medium-Gauge-Slitting-Line-1.jpg?resize=1050%2C600&ssl=1 3x"},"classes":[]},{"id":3681,"url":"https:\/\/believeindustry.company\/es\/steel-slitting-machine-line\/","url_meta":{"origin":403,"position":3},"title":"L\u00ednea de m\u00e1quinas cortadoras de acero","author":"Believe Industry Group","date":"enero 3, 2019","format":false,"excerpt":"Believe Industry Company have a full range of steel slitting machine line for a different requirements. Contact us now for more information. Steel Slitting Machine Line What's Slitting Machine Line? Slitting is the operation of cutting a wide strip\u00a0into a number of narrow strips by passing the\u00a0strip between circular cutters\u2026","rel":"","context":"En \u00abSlitting Line\u00bb","block_context":{"text":"Slitting Line","link":"https:\/\/believeindustry.company\/es\/tag\/slitting-line\/"},"img":{"alt_text":"slitting machine line supplier","src":"https:\/\/i0.wp.com\/believeindustry.company\/wp-content\/uploads\/2019\/01\/slitting-machine-line-supplier.png?resize=350%2C200&ssl=1","width":350,"height":200,"srcset":"https:\/\/i0.wp.com\/believeindustry.company\/wp-content\/uploads\/2019\/01\/slitting-machine-line-supplier.png?resize=350%2C200&ssl=1 1x, https:\/\/i0.wp.com\/believeindustry.company\/wp-content\/uploads\/2019\/01\/slitting-machine-line-supplier.png?resize=525%2C300&ssl=1 1.5x, https:\/\/i0.wp.com\/believeindustry.company\/wp-content\/uploads\/2019\/01\/slitting-machine-line-supplier.png?resize=700%2C400&ssl=1 2x, https:\/\/i0.wp.com\/believeindustry.company\/wp-content\/uploads\/2019\/01\/slitting-machine-line-supplier.png?resize=1050%2C600&ssl=1 3x"},"classes":[]},{"id":6801,"url":"https:\/\/believeindustry.company\/es\/coil-process-equipment\/slitting-line\/silicon-steel-slitting-line\/","url_meta":{"origin":403,"position":4},"title":"L\u00ednea de corte de acero al silicio","author":"Believe Industry Group","date":"junio 17, 2019","format":false,"excerpt":"The Silicon Steel slitting line is used to longitudinal cutting the wide CRGO coil into required width of strips and wind into rolled coil. It is necessary for transformer industry. Silicon Steel Slitting Line Parameters Input Coil Parameters MaterialSilicon, CR, HRThickness0.2-0.8 mmWidth800-1500 mmMechanical CharacterMax 550 MpaCoil I.D508 mmCoil O.DMax 2000\u2026","rel":"","context":"Entrada similar","block_context":{"text":"Entrada similar","link":""},"img":{"alt_text":"Silicon Slitting Line Machine","src":"https:\/\/i0.wp.com\/believeindustry.company\/wp-content\/uploads\/2019\/06\/Silicon-Slitting-Line-Machine.jpg?resize=350%2C200&ssl=1","width":350,"height":200,"srcset":"https:\/\/i0.wp.com\/believeindustry.company\/wp-content\/uploads\/2019\/06\/Silicon-Slitting-Line-Machine.jpg?resize=350%2C200&ssl=1 1x, https:\/\/i0.wp.com\/believeindustry.company\/wp-content\/uploads\/2019\/06\/Silicon-Slitting-Line-Machine.jpg?resize=525%2C300&ssl=1 1.5x, https:\/\/i0.wp.com\/believeindustry.company\/wp-content\/uploads\/2019\/06\/Silicon-Slitting-Line-Machine.jpg?resize=700%2C400&ssl=1 2x, https:\/\/i0.wp.com\/believeindustry.company\/wp-content\/uploads\/2019\/06\/Silicon-Slitting-Line-Machine.jpg?resize=1050%2C600&ssl=1 3x, https:\/\/i0.wp.com\/believeindustry.company\/wp-content\/uploads\/2019\/06\/Silicon-Slitting-Line-Machine.jpg?resize=1400%2C800&ssl=1 4x"},"classes":[]},{"id":2277,"url":"https:\/\/believeindustry.company\/es\/coil-process-equipment\/slitting-line\/simple-slitting-line-price\/","url_meta":{"origin":403,"position":5},"title":"L\u00ednea de corte simple","author":"Believe Industry Group","date":"junio 19, 2018","format":false,"excerpt":"Want to know more information of simple slitting line price. Which line speed is around 20m\/min. And which is a good choice for a small business. Simple Slitting Line Price Layout of Simple Slitting Line Brief information of Simple Slitting Line Coil Width: Max 1250mm Thickness: 0.5-1.5 mm Line Speed:\u2026","rel":"","context":"En \u00abmini slitting line\u00bb","block_context":{"text":"mini slitting line","link":"https:\/\/believeindustry.company\/es\/tag\/mini-slitting-line\/"},"img":{"alt_text":"simple slitting line price","src":"https:\/\/i0.wp.com\/believeindustry.company\/wp-content\/uploads\/2018\/06\/simple-slitting-line.jpg?resize=350%2C200&ssl=1","width":350,"height":200,"srcset":"https:\/\/i0.wp.com\/believeindustry.company\/wp-content\/uploads\/2018\/06\/simple-slitting-line.jpg?resize=350%2C200&ssl=1 1x, https:\/\/i0.wp.com\/believeindustry.company\/wp-content\/uploads\/2018\/06\/simple-slitting-line.jpg?resize=525%2C300&ssl=1 1.5x, https:\/\/i0.wp.com\/believeindustry.company\/wp-content\/uploads\/2018\/06\/simple-slitting-line.jpg?resize=700%2C400&ssl=1 2x, https:\/\/i0.wp.com\/believeindustry.company\/wp-content\/uploads\/2018\/06\/simple-slitting-line.jpg?resize=1050%2C600&ssl=1 3x"},"classes":[]}],"amp_enabled":true,"_links":{"self":[{"href":"https:\/\/believeindustry.company\/es\/wp-json\/wp\/v2\/pages\/403","targetHints":{"allow":["GET"]}}],"collection":[{"href":"https:\/\/believeindustry.company\/es\/wp-json\/wp\/v2\/pages"}],"about":[{"href":"https:\/\/believeindustry.company\/es\/wp-json\/wp\/v2\/types\/page"}],"author":[{"embeddable":true,"href":"https:\/\/believeindustry.company\/es\/wp-json\/wp\/v2\/users\/2"}],"replies":[{"embeddable":true,"href":"https:\/\/believeindustry.company\/es\/wp-json\/wp\/v2\/comments?post=403"}],"version-history":[{"count":1,"href":"https:\/\/believeindustry.company\/es\/wp-json\/wp\/v2\/pages\/403\/revisions"}],"predecessor-version":[{"id":19696,"href":"https:\/\/believeindustry.company\/es\/wp-json\/wp\/v2\/pages\/403\/revisions\/19696"}],"up":[{"embeddable":true,"href":"https:\/\/believeindustry.company\/es\/wp-json\/wp\/v2\/pages\/170"}],"wp:featuredmedia":[{"embeddable":true,"href":"https:\/\/believeindustry.company\/es\/wp-json\/wp\/v2\/media\/926"}],"wp:attachment":[{"href":"https:\/\/believeindustry.company\/es\/wp-json\/wp\/v2\/media?parent=403"}],"wp:term":[{"taxonomy":"post_tag","embeddable":true,"href":"https:\/\/believeindustry.company\/es\/wp-json\/wp\/v2\/tags?post=403"}],"curies":[{"name":"wp","href":"https:\/\/api.w.org\/{rel}","templated":true}]}}