{"id":407,"date":"2018-03-16T14:34:25","date_gmt":"2018-03-16T06:34:25","guid":{"rendered":"https:\/\/believeindustry.company\/?page_id=407"},"modified":"2025-12-05T15:14:21","modified_gmt":"2025-12-05T07:14:21","slug":"lineas-de-corte-a-medida","status":"publish","type":"page","link":"https:\/\/believeindustry.company\/es\/coil-process-equipment\/cut-to-length-lines\/","title":{"rendered":"L\u00ednea de corte a medida"},"content":{"rendered":"<p>L\u00edneas de corte longitudinal BELI\u00ae (una de <a title=\"Haga clic para conocer m\u00e1s detalles del equipo de procesamiento de bobinas.\" href=\"https:\/\/believeindustry.company\/es\/equipo-de-procesamiento-de-bobinas\/\" rel=\"\">equipo de procesamiento de bobinas<\/a>) se utiliza para cortar la tira de metal enderezado en una l\u00e1mina de metal y apilarla autom\u00e1ticamente,<!--more--><\/p>\n<h1><span style=\"font-size: 14pt;\">L\u00edneas de corte a medida<\/span><\/h1>\n<p>Dependiendo de los requerimientos, contamos con 3 tipos o gamas de l\u00edneas de corte a medida:<\/p>\n<ul>\n<li>L\u00edneas cortadas a medida de calibre ligero: (0,3-4 mm) x 2000 mm<\/li>\n<li>Calibre medio <a title=\"Conozca m\u00e1s informaci\u00f3n de la l\u00ednea de corte transversal\" href=\"https:\/\/believeindustry.company\/es\/linea-de-corte-a-medida\/\" rel=\"\">L\u00ednea de corte a medida<\/a>:(2-12 mm)*2200 mm<\/li>\n<li><a title=\"Conozca m\u00e1s detalles de las l\u00edneas de corte a medida\" href=\"https:\/\/believeindustry.company\/es\/equipo-de-procesamiento-de-bobinas\/lineas-de-corte-a-medida\/\" rel=\"\">L\u00ednea de corte longitudinal de calibre grueso<\/a>:(6-20 mm)*2600<\/li>\n<\/ul>\n<p>Tambi\u00e9n ofrecemos l\u00edneas de corte personalizadas para todo tipo de tiras met\u00e1licas y en todas las dimensiones requeridas.<\/p>\n<p>Dependiendo de la calidad necesaria, el nivel de planitud y el acabado superficial de la chapa met\u00e1lica, la l\u00ednea de corte a medida se puede completar con nuestra m\u00e1quina niveladora de precisi\u00f3n, cizalla recortadora de cantos o dispositivo laminador de l\u00e1minas.<\/p>\n<p>Dependiendo de la necesidad y la productividad nuestras l\u00edneas de corte transversal est\u00e1n equipadas con cizallas de corte transversal con tope y seguimiento o cizallas volantes y el sistema de apilado adecuado.<\/p>\n<div class=\"mceTemp\"><\/div>\n<p>&nbsp;<\/p>","protected":false},"excerpt":{"rendered":"<p>Las l\u00edneas de corte a medida BELI\u00ae (uno de los equipos de procesamiento de bobinas) se utilizan para cortar la tira de metal enderezada en l\u00e1minas de metal y apilarlas autom\u00e1ticamente.,<\/p>","protected":false},"author":2,"featured_media":504,"parent":170,"menu_order":2,"comment_status":"closed","ping_status":"closed","template":"","meta":{"_angie_page":false,"footnotes":"","big_sky_generated":false},"tags":[607847308,607847306,607844988,607847307],"class_list":["post-407","page","type-page","status-publish","has-post-thumbnail","hentry","tag-cr-ctl-line","tag-ctl-line","tag-cut-to-length-line","tag-hr-ctl-line"],"blocksy_meta":[],"jetpack_sharing_enabled":false,"jetpack_shortlink":"https:\/\/wp.me\/P9K5n8-6z","jetpack_likes_enabled":false,"jetpack-related-posts":[{"id":2477,"url":"https:\/\/believeindustry.company\/es\/coil-process-equipment\/cut-to-length-lines\/heavy-gauge-ctl-line\/","url_meta":{"origin":407,"position":0},"title":"L\u00ednea Ctl de calibre pesado","author":"Believe Industry Group","date":"julio 19, 2018","format":false,"excerpt":"Heavy Gauge CTL Line is for cut 3.2mm -15mm thickness carbon steel coils into sheets. which coil weight is up to 25 Ton. Heavy Gauge CTL Line Work Flow and Layout of Cut-To-Length Line Heavy Gauge CTL Line \u00a0Parameters ITEM PARAMETER Specifications Material carbon steel plate Thickness 3.2mm\u201415mm Width 600mm\u20141600mm\u2026","rel":"","context":"En \u00abCR CTL Line\u00bb","block_context":{"text":"CR CTL Line","link":"https:\/\/believeindustry.company\/es\/tag\/cr-ctl-line\/"},"img":{"alt_text":"heavy gauge ctl line","src":"https:\/\/i0.wp.com\/believeindustry.company\/wp-content\/uploads\/2018\/07\/heavy-gauge-ctl-line.jpg?resize=350%2C200&ssl=1","width":350,"height":200,"srcset":"https:\/\/i0.wp.com\/believeindustry.company\/wp-content\/uploads\/2018\/07\/heavy-gauge-ctl-line.jpg?resize=350%2C200&ssl=1 1x, https:\/\/i0.wp.com\/believeindustry.company\/wp-content\/uploads\/2018\/07\/heavy-gauge-ctl-line.jpg?resize=525%2C300&ssl=1 1.5x, https:\/\/i0.wp.com\/believeindustry.company\/wp-content\/uploads\/2018\/07\/heavy-gauge-ctl-line.jpg?resize=700%2C400&ssl=1 2x, https:\/\/i0.wp.com\/believeindustry.company\/wp-content\/uploads\/2018\/07\/heavy-gauge-ctl-line.jpg?resize=1050%2C600&ssl=1 3x"},"classes":[]},{"id":742,"url":"https:\/\/believeindustry.company\/es\/coil-process-equipment\/cut-to-length-lines\/light-gauge-cut-to-length-line\/","url_meta":{"origin":407,"position":1},"title":"L\u00ednea de corte a medida de calibre ligero","author":"Believe Industry Group","date":"marzo 28, 2018","format":false,"excerpt":"BELI\u00ae have full range of Coil Process Equipment: Slitting Lines, Cut To Length Lines, Blank Lines. And the Cut To Length Line is classified\u00a0into 3 classes: \u00a0Heavy Gauge, \u00a0Medium Gauge and \u00a0Light Gauge Cut To Length Line. All our lines are customized for different demands Light Gauge Cut To Length\u2026","rel":"","context":"Entrada similar","block_context":{"text":"Entrada similar","link":""},"img":{"alt_text":"light gauge cut to length line","src":"https:\/\/i0.wp.com\/believeindustry.company\/wp-content\/uploads\/2018\/03\/DSC_3370-e1522227763287.jpg?resize=350%2C200&ssl=1","width":350,"height":200,"srcset":"https:\/\/i0.wp.com\/believeindustry.company\/wp-content\/uploads\/2018\/03\/DSC_3370-e1522227763287.jpg?resize=350%2C200&ssl=1 1x, https:\/\/i0.wp.com\/believeindustry.company\/wp-content\/uploads\/2018\/03\/DSC_3370-e1522227763287.jpg?resize=525%2C300&ssl=1 1.5x, https:\/\/i0.wp.com\/believeindustry.company\/wp-content\/uploads\/2018\/03\/DSC_3370-e1522227763287.jpg?resize=700%2C400&ssl=1 2x"},"classes":[]},{"id":214,"url":"https:\/\/believeindustry.company\/es\/why-choose-us\/","url_meta":{"origin":407,"position":2},"title":"\u00bfPor qu\u00e9 elegirnos?","author":"Believe Industry Group","date":"marzo 15, 2018","format":false,"excerpt":"Believe Industry is\u00a0dedicated to producing high-quality, productivity-enhancing metal processing equipment for customers around the world. we have all the types of slitting lines and cut to length lines for different requirements. We should cosider the thickness of the material, the type of material, the weight of the coils to be\u2026","rel":"","context":"En \u00abBelieve Industry\u00bb","block_context":{"text":"Believe Industry","link":"https:\/\/believeindustry.company\/es\/tag\/believe-industry\/"},"img":{"alt_text":"pexels-photo-886465","src":"https:\/\/i0.wp.com\/believeindustry.company\/wp-content\/uploads\/2018\/03\/pexels-photo-886465.jpeg?resize=350%2C200&ssl=1","width":350,"height":200,"srcset":"https:\/\/i0.wp.com\/believeindustry.company\/wp-content\/uploads\/2018\/03\/pexels-photo-886465.jpeg?resize=350%2C200&ssl=1 1x, https:\/\/i0.wp.com\/believeindustry.company\/wp-content\/uploads\/2018\/03\/pexels-photo-886465.jpeg?resize=525%2C300&ssl=1 1.5x, https:\/\/i0.wp.com\/believeindustry.company\/wp-content\/uploads\/2018\/03\/pexels-photo-886465.jpeg?resize=700%2C400&ssl=1 2x"},"classes":[]},{"id":2407,"url":"https:\/\/believeindustry.company\/es\/roll-forming-machine\/metal-sheet-roll-forming-machine\/box-profile-roofing-sheets-roll-forming-machine\/","url_meta":{"origin":407,"position":3},"title":"M\u00e1quina formadora de l\u00e1minas para techos con perfil de caja","author":"Believe Industry Group","date":"julio 4, 2018","format":false,"excerpt":"La m\u00e1quina perfiladora de l\u00e1minas para techos de perfil caj\u00f3n se utiliza para producir l\u00e1minas para techos de perfil caj\u00f3n, ampliamente empleadas en la construcci\u00f3n con techos de hormig\u00f3n armado. Believe Industry ofrece una gama completa de m\u00e1quinas perfiladoras para perfiles caj\u00f3n, con componentes personalizados para cada m\u00e1quina.","rel":"","context":"En \u00abCold Roll Forming Machine\u00bb","block_context":{"text":"Cold Roll Forming Machine","link":"https:\/\/believeindustry.company\/es\/tag\/cold-roll-forming-machine\/"},"img":{"alt_text":"box profile roofing sheets roll forming machine","src":"https:\/\/i0.wp.com\/believeindustry.company\/wp-content\/uploads\/2018\/07\/box-profile-roofing-sheets-roll-forming-machine.jpg?resize=350%2C200&ssl=1","width":350,"height":200,"srcset":"https:\/\/i0.wp.com\/believeindustry.company\/wp-content\/uploads\/2018\/07\/box-profile-roofing-sheets-roll-forming-machine.jpg?resize=350%2C200&ssl=1 1x, https:\/\/i0.wp.com\/believeindustry.company\/wp-content\/uploads\/2018\/07\/box-profile-roofing-sheets-roll-forming-machine.jpg?resize=525%2C300&ssl=1 1.5x, https:\/\/i0.wp.com\/believeindustry.company\/wp-content\/uploads\/2018\/07\/box-profile-roofing-sheets-roll-forming-machine.jpg?resize=700%2C400&ssl=1 2x"},"classes":[]},{"id":2386,"url":"https:\/\/believeindustry.company\/es\/roll-forming-machine\/pallet-racking-roll-forming-machine\/supermarket-shelving-panel-roll-forming-machine\/","url_meta":{"origin":407,"position":4},"title":"M\u00e1quina perfiladora de paneles para estanter\u00edas de supermercado","author":"Believe Industry Group","date":"junio 26, 2018","format":false,"excerpt":"A supermarket shelving panel roll forming machine automates the production of metal panels for shelves. It uses a series of rollers to shape coils into precise profiles. This process is efficient and reduces manual labor. At Beli RollForming, our machines are built with high-quality materials to ensure long-term performance. They\u2026","rel":"","context":"En \u00abCompany News\u00bb","block_context":{"text":"Company News","link":"https:\/\/believeindustry.company\/es\/category\/company-news\/"},"img":{"alt_text":"Full view of the complete shelf post roll forming machine line, showing all 6 integrated components in sequence","src":"https:\/\/i0.wp.com\/believeindustry.company\/wp-content\/uploads\/2025\/12\/Supermarket-Shelving-Panel-Roll-Forming-Machine.webp?resize=350%2C200&ssl=1","width":350,"height":200,"srcset":"https:\/\/i0.wp.com\/believeindustry.company\/wp-content\/uploads\/2025\/12\/Supermarket-Shelving-Panel-Roll-Forming-Machine.webp?resize=350%2C200&ssl=1 1x, https:\/\/i0.wp.com\/believeindustry.company\/wp-content\/uploads\/2025\/12\/Supermarket-Shelving-Panel-Roll-Forming-Machine.webp?resize=525%2C300&ssl=1 1.5x, https:\/\/i0.wp.com\/believeindustry.company\/wp-content\/uploads\/2025\/12\/Supermarket-Shelving-Panel-Roll-Forming-Machine.webp?resize=700%2C400&ssl=1 2x"},"classes":[]},{"id":2853,"url":"https:\/\/believeindustry.company\/es\/roll-forming-machine\/customized-profile-roll-forming-machine\/metal-stud-and-track-roll-forming-machine\/","url_meta":{"origin":407,"position":5},"title":"M\u00e1quina formadora de pernos y rieles","author":"Believe Industry Group","date":"octubre 2, 2018","format":false,"excerpt":"Metal Stud and Track Roll Forming Machine is for produce studs and tracks with various types. Which is widely used in light steel construction industry. Metal Stud and Track Roll Forming Machine What's Stud and Track? The stud and track are very easy to install with the minimum of knowledge\u2026","rel":"","context":"En \u00abCompany News\u00bb","block_context":{"text":"Company News","link":"https:\/\/believeindustry.company\/es\/category\/company-news\/"},"img":{"alt_text":"metal stud and track roll forming machine","src":"https:\/\/i0.wp.com\/believeindustry.company\/wp-content\/uploads\/2018\/10\/stud-and-track-roll-forming-machines-1.jpg?resize=350%2C200&ssl=1","width":350,"height":200,"srcset":"https:\/\/i0.wp.com\/believeindustry.company\/wp-content\/uploads\/2018\/10\/stud-and-track-roll-forming-machines-1.jpg?resize=350%2C200&ssl=1 1x, https:\/\/i0.wp.com\/believeindustry.company\/wp-content\/uploads\/2018\/10\/stud-and-track-roll-forming-machines-1.jpg?resize=525%2C300&ssl=1 1.5x, https:\/\/i0.wp.com\/believeindustry.company\/wp-content\/uploads\/2018\/10\/stud-and-track-roll-forming-machines-1.jpg?resize=700%2C400&ssl=1 2x, https:\/\/i0.wp.com\/believeindustry.company\/wp-content\/uploads\/2018\/10\/stud-and-track-roll-forming-machines-1.jpg?resize=1050%2C600&ssl=1 3x"},"classes":[]}],"amp_enabled":true,"_links":{"self":[{"href":"https:\/\/believeindustry.company\/es\/wp-json\/wp\/v2\/pages\/407","targetHints":{"allow":["GET"]}}],"collection":[{"href":"https:\/\/believeindustry.company\/es\/wp-json\/wp\/v2\/pages"}],"about":[{"href":"https:\/\/believeindustry.company\/es\/wp-json\/wp\/v2\/types\/page"}],"author":[{"embeddable":true,"href":"https:\/\/believeindustry.company\/es\/wp-json\/wp\/v2\/users\/2"}],"replies":[{"embeddable":true,"href":"https:\/\/believeindustry.company\/es\/wp-json\/wp\/v2\/comments?post=407"}],"version-history":[{"count":1,"href":"https:\/\/believeindustry.company\/es\/wp-json\/wp\/v2\/pages\/407\/revisions"}],"predecessor-version":[{"id":19701,"href":"https:\/\/believeindustry.company\/es\/wp-json\/wp\/v2\/pages\/407\/revisions\/19701"}],"up":[{"embeddable":true,"href":"https:\/\/believeindustry.company\/es\/wp-json\/wp\/v2\/pages\/170"}],"wp:featuredmedia":[{"embeddable":true,"href":"https:\/\/believeindustry.company\/es\/wp-json\/wp\/v2\/media\/504"}],"wp:attachment":[{"href":"https:\/\/believeindustry.company\/es\/wp-json\/wp\/v2\/media?parent=407"}],"wp:term":[{"taxonomy":"post_tag","embeddable":true,"href":"https:\/\/believeindustry.company\/es\/wp-json\/wp\/v2\/tags?post=407"}],"curies":[{"name":"wp","href":"https:\/\/api.w.org\/{rel}","templated":true}]}}