{"id":4553,"date":"2019-03-04T08:58:16","date_gmt":"2019-03-04T00:58:16","guid":{"rendered":"https:\/\/believeindustry.company\/?page_id=4553"},"modified":"2019-03-04T09:02:47","modified_gmt":"2019-03-04T01:02:47","slug":"video-de-la-maquina-perfiladora-de-paneles-de-andamio","status":"publish","type":"page","link":"https:\/\/believeindustry.company\/es\/scaffold-panel-roll-forming-machine-video\/","title":{"rendered":"V\u00eddeo de la m\u00e1quina perfiladora de paneles para andamios"},"content":{"rendered":"<p>El video de la m\u00e1quina formadora de paneles de andamios le mostrar\u00e1 c\u00f3mo funciona toda la m\u00e1quina.<a href=\"https:\/\/believeindustry.company\/es\/contacto\/\"> Cont\u00e1ctanos<\/a> Para obtener m\u00e1s detalles.<\/p>\n<p>La m\u00e1quina consta de desenrollador, nivelador, alimentador servo y dispositivo de perforaci\u00f3n, m\u00e1quina formadora de rollos, dispositivo de corte, panel controlado, estaciones hidr\u00e1ulicas, etc.<\/p>\n<p>&nbsp;<\/p>\n<p><iframe style=\"border: none; overflow: hidden;\" src=\"https:\/\/www.facebook.com\/plugins\/video.php?href=https%3A%2F%2Fwww.facebook.com%2Fshbelieveindustry%2Fvideos%2F2090658881192521%2F&amp;show_text=0&amp;width=846\" width=\"846\" height=\"1000\" frameborder=\"0\" scrolling=\"no\" allowfullscreen=\"allowfullscreen\"><\/iframe><\/p>\n<p>&nbsp;<\/p>\n<p><a href=\"http:\/\/www.belirollform.com\" target=\"_blank\" rel=\"noopener\">Cree en la industria<\/a> Disponemos de una gama completa de m\u00e1quinas perfiladoras para diferentes aplicaciones. <a href=\"https:\/\/believeindustry.company\/es\/solicitar-presupuesto\/\">Solicitar presupuesto<\/a>.<\/p>","protected":false},"excerpt":{"rendered":"<p>The Scaffold Panel Roll Forming Machine Video will show you how the whole machine working. Contact us for more details. The machine is consist of Uncoiler, Leveler, Servo feeder and Punch device, Roll Forming Machine, Cutoff Device, Controlled Panel, Hydraulic Stations, etc. &nbsp; &nbsp; Believe Industry have a full range of roll forming machines for [&hellip;]<\/p>\n","protected":false},"author":2,"featured_media":4554,"parent":0,"menu_order":0,"comment_status":"closed","ping_status":"closed","template":"","meta":{"_angie_page":false,"jetpack_post_was_ever_published":false,"footnotes":"","big_sky_generated":false},"tags":[607849724],"class_list":["post-4553","page","type-page","status-publish","has-post-thumbnail","hentry","tag-scaffold-panel-roll-forming-machine"],"blocksy_meta":[],"jetpack_sharing_enabled":true,"jetpack_shortlink":"https:\/\/wp.me\/P9K5n8-1br","jetpack_likes_enabled":false,"jetpack-related-posts":[{"id":2723,"url":"https:\/\/believeindustry.company\/es\/roll-forming-machine\/customized-profile-roll-forming-machine\/walk-board-scaffold-plank-roll-forming-machine\/","url_meta":{"origin":4553,"position":0},"title":"M\u00e1quina formadora de rollos de tablones para andamios de andamios","author":"Believe Industry Group","date":"enero 25, 2019","format":false,"excerpt":"","rel":"","context":"En \u00abcustom designs\u00bb","block_context":{"text":"custom designs","link":"https:\/\/believeindustry.company\/es\/tag\/custom-designs\/"},"img":{"alt_text":"","src":"","width":0,"height":0},"classes":[]},{"id":3538,"url":"https:\/\/believeindustry.company\/es\/roof-panel-roll-forming-machine-video-2\/","url_meta":{"origin":4553,"position":1},"title":"V\u00eddeo de la m\u00e1quina perfiladora de paneles de techo","author":"Believe Industry Group","date":"diciembre 19, 2018","format":false,"excerpt":"The Roof Panel Roll Forming Machine Video will show you how the machine work. The Machine is consist of:\u00a0 Simple UncoilerFeeder and GuiderPull Pre-Cutting DeviceRoll Forming MachineCut-off UnitControlled BoxHydraulic StationCollection Table Believe Industry Company have a full range of roll forming machine for Roof Panel. Check more details of Roof\u2026","rel":"","context":"En \u00abroof panel machine video\u00bb","block_context":{"text":"roof panel machine video","link":"https:\/\/believeindustry.company\/es\/tag\/roof-panel-machine-video\/"},"img":{"alt_text":"roof panel roll forming machine video","src":"https:\/\/i0.wp.com\/believeindustry.company\/wp-content\/uploads\/2018\/12\/roof-panel-roll-forming-machine-video.jpg?resize=350%2C200&ssl=1","width":350,"height":200,"srcset":"https:\/\/i0.wp.com\/believeindustry.company\/wp-content\/uploads\/2018\/12\/roof-panel-roll-forming-machine-video.jpg?resize=350%2C200&ssl=1 1x, https:\/\/i0.wp.com\/believeindustry.company\/wp-content\/uploads\/2018\/12\/roof-panel-roll-forming-machine-video.jpg?resize=525%2C300&ssl=1 1.5x, https:\/\/i0.wp.com\/believeindustry.company\/wp-content\/uploads\/2018\/12\/roof-panel-roll-forming-machine-video.jpg?resize=700%2C400&ssl=1 2x"},"classes":[]},{"id":6869,"url":"https:\/\/believeindustry.company\/es\/roll-forming-machine\/customized-profile-roll-forming-machine\/greenhouse-profile-roll-forming-machine\/","url_meta":{"origin":4553,"position":2},"title":"M\u00e1quina perfiladora de perfiles para invernaderos","author":"Believe Industry Group","date":"julio 2, 2019","format":false,"excerpt":"Greenhouse Profile Roll Forming Machine is for producing greenhouse profiles. Such as steel angle, channel, conduit, or a hat-shaped fastener. Believe Industry Company help you roll your profiles with precision. Making a greenhouse frame that is sturdy is essential. Keeping your or your customers' greenhouse sturdy stands through all weather,\u2026","rel":"","context":"En \u00abcustom designs\u00bb","block_context":{"text":"custom designs","link":"https:\/\/believeindustry.company\/es\/tag\/custom-designs\/"},"img":{"alt_text":"cropped greenhouse profile roll forming machine","src":"https:\/\/i0.wp.com\/believeindustry.company\/wp-content\/uploads\/2019\/07\/cropped-greenhouse-profile-roll-forming-machine.jpg?resize=350%2C200&ssl=1","width":350,"height":200,"srcset":"https:\/\/i0.wp.com\/believeindustry.company\/wp-content\/uploads\/2019\/07\/cropped-greenhouse-profile-roll-forming-machine.jpg?resize=350%2C200&ssl=1 1x, https:\/\/i0.wp.com\/believeindustry.company\/wp-content\/uploads\/2019\/07\/cropped-greenhouse-profile-roll-forming-machine.jpg?resize=525%2C300&ssl=1 1.5x, https:\/\/i0.wp.com\/believeindustry.company\/wp-content\/uploads\/2019\/07\/cropped-greenhouse-profile-roll-forming-machine.jpg?resize=700%2C400&ssl=1 2x"},"classes":[]},{"id":577,"url":"https:\/\/believeindustry.company\/es\/roll-forming-machine\/","url_meta":{"origin":4553,"position":3},"title":"M\u00e1quina perfiladora de rodillos","author":"Believe Industry Group","date":"marzo 22, 2018","format":false,"excerpt":"As a premier manufacturer and exporter of machinery from Wuxi, China, Beli RollForming specializes in designing and building a vast range of high-performance roll forming machines for various global industries.Beli RollForming's Roll Forming Machines are advanced, continuous production systems that transform flat metal coils (steel, aluminum, etc.) into precise, long-length\u2026","rel":"","context":"En \u00abCoil Roll Forming Machine\u00bb","block_context":{"text":"Coil Roll Forming Machine","link":"https:\/\/believeindustry.company\/es\/tag\/coil-roll-forming-machine\/"},"img":{"alt_text":"roll forming mills","src":"https:\/\/i0.wp.com\/believeindustry.company\/wp-content\/uploads\/2018\/03\/roll-forming-mills-e1522722506357.jpg?resize=350%2C200&ssl=1","width":350,"height":200,"srcset":"https:\/\/i0.wp.com\/believeindustry.company\/wp-content\/uploads\/2018\/03\/roll-forming-mills-e1522722506357.jpg?resize=350%2C200&ssl=1 1x, https:\/\/i0.wp.com\/believeindustry.company\/wp-content\/uploads\/2018\/03\/roll-forming-mills-e1522722506357.jpg?resize=525%2C300&ssl=1 1.5x, https:\/\/i0.wp.com\/believeindustry.company\/wp-content\/uploads\/2018\/03\/roll-forming-mills-e1522722506357.jpg?resize=700%2C400&ssl=1 2x, https:\/\/i0.wp.com\/believeindustry.company\/wp-content\/uploads\/2018\/03\/roll-forming-mills-e1522722506357.jpg?resize=1050%2C600&ssl=1 3x"},"classes":[]},{"id":4601,"url":"https:\/\/believeindustry.company\/es\/step-roofing-roll-forming-machine-video\/","url_meta":{"origin":4553,"position":4},"title":"V\u00eddeo de la m\u00e1quina perfiladora de techos escalonados","author":"Believe Industry Group","date":"marzo 7, 2019","format":false,"excerpt":"The Step Roofing Roll Forming Machine video will show you how machine look, and the working process. \u00a0 Step Roofing Roll Forming Machine Components: Hydraulic Uncoiler Feeding and Guiding Device Film Coating Device Roll Forming Machine Punch and Cutting Device Collection Table Controlled Panel Hydraulic Station View more>> about Step\u2026","rel":"","context":"Entrada similar","block_context":{"text":"Entrada similar","link":""},"img":{"alt_text":"step roofing roll forming machine","src":"https:\/\/i0.wp.com\/believeindustry.company\/wp-content\/uploads\/2019\/03\/step-roofing-roll-forming-machine.jpg?resize=350%2C200&ssl=1","width":350,"height":200,"srcset":"https:\/\/i0.wp.com\/believeindustry.company\/wp-content\/uploads\/2019\/03\/step-roofing-roll-forming-machine.jpg?resize=350%2C200&ssl=1 1x, https:\/\/i0.wp.com\/believeindustry.company\/wp-content\/uploads\/2019\/03\/step-roofing-roll-forming-machine.jpg?resize=525%2C300&ssl=1 1.5x, https:\/\/i0.wp.com\/believeindustry.company\/wp-content\/uploads\/2019\/03\/step-roofing-roll-forming-machine.jpg?resize=700%2C400&ssl=1 2x, https:\/\/i0.wp.com\/believeindustry.company\/wp-content\/uploads\/2019\/03\/step-roofing-roll-forming-machine.jpg?resize=1050%2C600&ssl=1 3x, https:\/\/i0.wp.com\/believeindustry.company\/wp-content\/uploads\/2019\/03\/step-roofing-roll-forming-machine.jpg?resize=1400%2C800&ssl=1 4x"},"classes":[]},{"id":4560,"url":"https:\/\/believeindustry.company\/es\/corrugated-panel-cold-roll-forming-machine-video\/","url_meta":{"origin":4553,"position":5},"title":"V\u00eddeo de la m\u00e1quina formadora de rollos en fr\u00edo para paneles corrugados","author":"Believe Industry Group","date":"marzo 5, 2019","format":false,"excerpt":"The corrugated panel cold roll forming machine video will help you to know how the machine working. And also the machine quality. \ufeff You also can visit: Corrugated Sheet Roll Forming Machine for more information. Believe Industry Company have a full range of roll forming machines for construction and building.\u2026","rel":"","context":"En \u00abCorrugated Panel Cold roll forming machine\u00bb","block_context":{"text":"Corrugated Panel Cold roll forming machine","link":"https:\/\/believeindustry.company\/es\/tag\/corrugated-panel-cold-roll-forming-machine\/"},"img":{"alt_text":"corrugated roof sheet roll forming machine","src":"https:\/\/i0.wp.com\/believeindustry.company\/wp-content\/uploads\/2018\/05\/corrugated-roof-sheet-roll-forming-machine.jpg?resize=350%2C200&ssl=1","width":350,"height":200,"srcset":"https:\/\/i0.wp.com\/believeindustry.company\/wp-content\/uploads\/2018\/05\/corrugated-roof-sheet-roll-forming-machine.jpg?resize=350%2C200&ssl=1 1x, https:\/\/i0.wp.com\/believeindustry.company\/wp-content\/uploads\/2018\/05\/corrugated-roof-sheet-roll-forming-machine.jpg?resize=525%2C300&ssl=1 1.5x, https:\/\/i0.wp.com\/believeindustry.company\/wp-content\/uploads\/2018\/05\/corrugated-roof-sheet-roll-forming-machine.jpg?resize=700%2C400&ssl=1 2x"},"classes":[]}],"amp_enabled":true,"_links":{"self":[{"href":"https:\/\/believeindustry.company\/es\/wp-json\/wp\/v2\/pages\/4553","targetHints":{"allow":["GET"]}}],"collection":[{"href":"https:\/\/believeindustry.company\/es\/wp-json\/wp\/v2\/pages"}],"about":[{"href":"https:\/\/believeindustry.company\/es\/wp-json\/wp\/v2\/types\/page"}],"author":[{"embeddable":true,"href":"https:\/\/believeindustry.company\/es\/wp-json\/wp\/v2\/users\/2"}],"replies":[{"embeddable":true,"href":"https:\/\/believeindustry.company\/es\/wp-json\/wp\/v2\/comments?post=4553"}],"version-history":[{"count":0,"href":"https:\/\/believeindustry.company\/es\/wp-json\/wp\/v2\/pages\/4553\/revisions"}],"wp:featuredmedia":[{"embeddable":true,"href":"https:\/\/believeindustry.company\/es\/wp-json\/wp\/v2\/media\/4554"}],"wp:attachment":[{"href":"https:\/\/believeindustry.company\/es\/wp-json\/wp\/v2\/media?parent=4553"}],"wp:term":[{"taxonomy":"post_tag","embeddable":true,"href":"https:\/\/believeindustry.company\/es\/wp-json\/wp\/v2\/tags?post=4553"}],"curies":[{"name":"wp","href":"https:\/\/api.w.org\/{rel}","templated":true}]}}