{"id":462,"date":"2018-03-16T17:20:42","date_gmt":"2018-03-16T09:20:42","guid":{"rendered":"https:\/\/believeindustry.company\/?page_id=462"},"modified":"2025-12-05T15:17:30","modified_gmt":"2025-12-05T07:17:30","slug":"producto","status":"publish","type":"page","link":"https:\/\/believeindustry.company\/es\/product\/","title":{"rendered":"Producto"},"content":{"rendered":"","protected":false},"excerpt":{"rendered":"","protected":false},"author":2,"featured_media":1826,"parent":0,"menu_order":0,"comment_status":"closed","ping_status":"closed","template":"","meta":{"_angie_page":false,"footnotes":"","big_sky_generated":false},"tags":[607846190,607847854,607846023,607846388,607848147,607845740,607846624,607846639,607848227],"class_list":["post-462","page","type-page","status-publish","has-post-thumbnail","hentry","tag-roll-former","tag-roll-former-machine","tag-roll-forming","tag-roll-forming-line","tag-roll-forming-line-machine","tag-roll-forming-machine","tag-roll-forming-machine-line","tag-roll-forming-product","tag-rollforming-machine"],"blocksy_meta":[],"jetpack_sharing_enabled":true,"jetpack_shortlink":"https:\/\/wp.me\/P9K5n8-7s","jetpack_likes_enabled":false,"jetpack-related-posts":[{"id":829,"url":"https:\/\/believeindustry.company\/es\/roll-forming-machines\/","url_meta":{"origin":462,"position":0},"title":"C\u00f3mo funciona la m\u00e1quina perfiladora","author":"Believe Industry Group","date":"abril 1, 2018","format":false,"excerpt":"A roll forming machine roll forming the metals at room temperature using a number of roll stands where fixed rollers both guide the metal and make the necessary roll forming. As the strip of metal goes through the roll forming machines, each set of rollers roll forming the metal a\u2026","rel":"","context":"En \u00abhow roll forming machine work\u00bb","block_context":{"text":"how roll forming machine work","link":"https:\/\/believeindustry.company\/es\/tag\/how-roll-forming-machine-work\/"},"img":{"alt_text":"roll forming machines","src":"https:\/\/i0.wp.com\/believeindustry.company\/wp-content\/uploads\/2018\/04\/roll-forming-machines-2.jpg?resize=350%2C200&ssl=1","width":350,"height":200,"srcset":"https:\/\/i0.wp.com\/believeindustry.company\/wp-content\/uploads\/2018\/04\/roll-forming-machines-2.jpg?resize=350%2C200&ssl=1 1x, https:\/\/i0.wp.com\/believeindustry.company\/wp-content\/uploads\/2018\/04\/roll-forming-machines-2.jpg?resize=525%2C300&ssl=1 1.5x, https:\/\/i0.wp.com\/believeindustry.company\/wp-content\/uploads\/2018\/04\/roll-forming-machines-2.jpg?resize=700%2C400&ssl=1 2x, https:\/\/i0.wp.com\/believeindustry.company\/wp-content\/uploads\/2018\/04\/roll-forming-machines-2.jpg?resize=1050%2C600&ssl=1 3x"},"classes":[]},{"id":21922,"url":"https:\/\/believeindustry.company\/es\/construction-and-steel-structure\/","url_meta":{"origin":462,"position":1},"title":"Construcci\u00f3n y estructura de acero","author":"Believe Industry Group","date":"abril 12, 2026","format":false,"excerpt":"A roll forming machine for construction and steel structure is heavy-duty manufacturing equipment essential for fabricating the custom components used in pre-engineered buildings and structural frameworks.Functioning as an automated, high-speed production line, it continuously converts large, flat coils of raw steel into ready-to-install building materials\u2014such as C and Z purlins,\u2026","rel":"","context":"Entrada similar","block_context":{"text":"Entrada similar","link":""},"img":{"alt_text":"","src":"https:\/\/i0.wp.com\/believeindustry.company\/wp-content\/uploads\/2026\/04\/steel-structure-building-1-1.jpg?resize=350%2C200&ssl=1","width":350,"height":200,"srcset":"https:\/\/i0.wp.com\/believeindustry.company\/wp-content\/uploads\/2026\/04\/steel-structure-building-1-1.jpg?resize=350%2C200&ssl=1 1x, https:\/\/i0.wp.com\/believeindustry.company\/wp-content\/uploads\/2026\/04\/steel-structure-building-1-1.jpg?resize=525%2C300&ssl=1 1.5x, https:\/\/i0.wp.com\/believeindustry.company\/wp-content\/uploads\/2026\/04\/steel-structure-building-1-1.jpg?resize=700%2C400&ssl=1 2x"},"classes":[]},{"id":22047,"url":"https:\/\/believeindustry.company\/es\/customized-profiles\/","url_meta":{"origin":462,"position":2},"title":"Perfiles personalizados","author":"Believe Industry Group","date":"abril 12, 2026","format":false,"excerpt":"A roll forming machine for customized profiles is highly specialized manufacturing equipment engineered to produce unique, non-standard metal cross-sections tailored to specific proprietary designs or niche applications.Unlike standard machines built for common shapes like roofing or studs, these systems are custom-designed from the ground up. They utilize uniquely engineered roller\u2026","rel":"","context":"Entrada similar","block_context":{"text":"Entrada similar","link":""},"img":{"alt_text":"custom roll forming machine","src":"https:\/\/i0.wp.com\/believeindustry.company\/wp-content\/uploads\/2018\/05\/custom-roll-forming-machine.jpg?resize=350%2C200&ssl=1","width":350,"height":200,"srcset":"https:\/\/i0.wp.com\/believeindustry.company\/wp-content\/uploads\/2018\/05\/custom-roll-forming-machine.jpg?resize=350%2C200&ssl=1 1x, https:\/\/i0.wp.com\/believeindustry.company\/wp-content\/uploads\/2018\/05\/custom-roll-forming-machine.jpg?resize=525%2C300&ssl=1 1.5x, https:\/\/i0.wp.com\/believeindustry.company\/wp-content\/uploads\/2018\/05\/custom-roll-forming-machine.jpg?resize=700%2C400&ssl=1 2x, https:\/\/i0.wp.com\/believeindustry.company\/wp-content\/uploads\/2018\/05\/custom-roll-forming-machine.jpg?resize=1050%2C600&ssl=1 3x"},"classes":[]},{"id":593,"url":"https:\/\/believeindustry.company\/es\/roll-forming-machine\/metal-sheet-roll-forming-machine\/roofing-sheet-roll-forming-machine\/","url_meta":{"origin":462,"position":3},"title":"M\u00e1quina formadora de rollos de l\u00e1minas para techos","author":"Believe Industry Group","date":"marzo 22, 2018","format":false,"excerpt":"La m\u00e1quina perfiladora de l\u00e1minas para techos est\u00e1 dise\u00f1ada para producir diversos tipos de l\u00e1minas para techos y revestimientos de paredes seg\u00fan el plano de dise\u00f1o y con la longitud deseada. El espesor suele oscilar entre 0,2 y 0,8 mm, y la resistencia entre 235 MPa y 550 MPa. Introducci\u00f3n a la m\u00e1quina perfiladora de l\u00e1minas para techos. \u00bfD\u00f3nde encontrarla?","rel":"","context":"En \u00abConstruction and Steel Structure\u00bb","block_context":{"text":"Construction and Steel Structure","link":"https:\/\/believeindustry.company\/es\/tag\/construction-and-steel-structure\/"},"img":{"alt_text":"roof sheet roll forming machine","src":"https:\/\/i0.wp.com\/believeindustry.company\/wp-content\/uploads\/2018\/06\/roof-sheet-roll-forming-machine_%E5%89%AF%E6%9C%AC.jpg?resize=350%2C200&ssl=1","width":350,"height":200,"srcset":"https:\/\/i0.wp.com\/believeindustry.company\/wp-content\/uploads\/2018\/06\/roof-sheet-roll-forming-machine_%E5%89%AF%E6%9C%AC.jpg?resize=350%2C200&ssl=1 1x, https:\/\/i0.wp.com\/believeindustry.company\/wp-content\/uploads\/2018\/06\/roof-sheet-roll-forming-machine_%E5%89%AF%E6%9C%AC.jpg?resize=525%2C300&ssl=1 1.5x, https:\/\/i0.wp.com\/believeindustry.company\/wp-content\/uploads\/2018\/06\/roof-sheet-roll-forming-machine_%E5%89%AF%E6%9C%AC.jpg?resize=700%2C400&ssl=1 2x, https:\/\/i0.wp.com\/believeindustry.company\/wp-content\/uploads\/2018\/06\/roof-sheet-roll-forming-machine_%E5%89%AF%E6%9C%AC.jpg?resize=1050%2C600&ssl=1 3x"},"classes":[]},{"id":4532,"url":"https:\/\/believeindustry.company\/es\/roll-forming-machine\/purlin-roll-forming-machine\/multibeam-roll-forming-machine\/","url_meta":{"origin":462,"position":4},"title":"M\u00e1quina perfiladora de rodillos multihaz","author":"Believe Industry Group","date":"marzo 1, 2019","format":false,"excerpt":"Multibeam Roll Forming MachineWhat's Multibeam?OverviewProfile drawings and Dimensions of MultibeamsMaterial DetailsSpecifications of Multibeam Roll Forming MachineMultibeam Machine ComponentsLayout of the Multibeam Beam Roll Forming MachineBrief Introduction of Multibeam Roll Forming Line Multibeam Roll Forming Machine is for producing series sizes of multi beams as per requirements. Multibeam Roll Forming Machine\u2026","rel":"","context":"En \u00abConstruction and Steel Structure\u00bb","block_context":{"text":"Construction and Steel Structure","link":"https:\/\/believeindustry.company\/es\/tag\/construction-and-steel-structure\/"},"img":{"alt_text":"multibeam roll forming machine","src":"https:\/\/i0.wp.com\/believeindustry.company\/wp-content\/uploads\/2019\/03\/multibeam-roll-forming-machine.png?resize=350%2C200&ssl=1","width":350,"height":200,"srcset":"https:\/\/i0.wp.com\/believeindustry.company\/wp-content\/uploads\/2019\/03\/multibeam-roll-forming-machine.png?resize=350%2C200&ssl=1 1x, https:\/\/i0.wp.com\/believeindustry.company\/wp-content\/uploads\/2019\/03\/multibeam-roll-forming-machine.png?resize=525%2C300&ssl=1 1.5x, https:\/\/i0.wp.com\/believeindustry.company\/wp-content\/uploads\/2019\/03\/multibeam-roll-forming-machine.png?resize=700%2C400&ssl=1 2x"},"classes":[]},{"id":19437,"url":"https:\/\/believeindustry.company\/es\/product-2\/","url_meta":{"origin":462,"position":5},"title":"Producto","author":"Believe Industry Group","date":"noviembre 12, 2025","format":false,"excerpt":"Energy and Electric Construction and Steel Structure Rack and Shelving Sale Rated 0 out of 5 Energy and Electric 41x41mm 41x82mm Solar Strut Channel Roll Forming Machine $85,000.00 Original price was: $85,000.00.$80,000.00Current price is: $80,000.00. View Product Sale Rated 0 out of 5 Metal Panel Trapezoidal Ribbed Spandeck Roof and\u2026","rel":"","context":"Entrada similar","block_context":{"text":"Entrada similar","link":""},"img":{"alt_text":"41x41mm 41x82mm Solar Strut Channel Roll Forming Machine","src":"https:\/\/i0.wp.com\/believeindustry.company\/wp-content\/uploads\/2025\/10\/41x41-41X82-Solar-Strut-Channel-Roll-Forming-Machine-300x214.webp?resize=350%2C200&ssl=1","width":350,"height":200},"classes":[]}],"amp_enabled":true,"_links":{"self":[{"href":"https:\/\/believeindustry.company\/es\/wp-json\/wp\/v2\/pages\/462","targetHints":{"allow":["GET"]}}],"collection":[{"href":"https:\/\/believeindustry.company\/es\/wp-json\/wp\/v2\/pages"}],"about":[{"href":"https:\/\/believeindustry.company\/es\/wp-json\/wp\/v2\/types\/page"}],"author":[{"embeddable":true,"href":"https:\/\/believeindustry.company\/es\/wp-json\/wp\/v2\/users\/2"}],"replies":[{"embeddable":true,"href":"https:\/\/believeindustry.company\/es\/wp-json\/wp\/v2\/comments?post=462"}],"version-history":[{"count":1,"href":"https:\/\/believeindustry.company\/es\/wp-json\/wp\/v2\/pages\/462\/revisions"}],"predecessor-version":[{"id":19707,"href":"https:\/\/believeindustry.company\/es\/wp-json\/wp\/v2\/pages\/462\/revisions\/19707"}],"wp:featuredmedia":[{"embeddable":true,"href":"https:\/\/believeindustry.company\/es\/wp-json\/wp\/v2\/media\/1826"}],"wp:attachment":[{"href":"https:\/\/believeindustry.company\/es\/wp-json\/wp\/v2\/media?parent=462"}],"wp:term":[{"taxonomy":"post_tag","embeddable":true,"href":"https:\/\/believeindustry.company\/es\/wp-json\/wp\/v2\/tags?post=462"}],"curies":[{"name":"wp","href":"https:\/\/api.w.org\/{rel}","templated":true}]}}