{"id":593,"date":"2018-03-22T11:12:33","date_gmt":"2018-03-22T03:12:33","guid":{"rendered":"https:\/\/believeindustry.company\/?page_id=593"},"modified":"2026-04-11T21:58:58","modified_gmt":"2026-04-11T13:58:58","slug":"maquina-formadora-de-rollos-de-laminas-para-techos","status":"publish","type":"page","link":"https:\/\/believeindustry.company\/es\/roll-forming-machine\/metal-sheet-roll-forming-machine\/roofing-sheet-roll-forming-machine\/","title":{"rendered":"M\u00e1quina formadora de rollos de l\u00e1minas para techos"},"content":{"rendered":"<p><strong>M\u00e1quina formadora de rollos de l\u00e1minas para techos<\/strong> Est\u00e1 dise\u00f1ada para producir diversos tipos de l\u00e1minas para techos y revestimientos de paredes seg\u00fan el plano de dise\u00f1o y con la longitud deseada. El espesor suele oscilar entre 0,2 y 0,8 mm, y la resistencia entre 235 MPa y 550 MPa. <\/p>\n\n\n\n<h2 class=\"wp-block-heading\"><strong><span style=\"font-size: 18pt;\">Introducci\u00f3n de la m\u00e1quina perfiladora de l\u00e1minas para techos<\/span><\/strong><\/h2>\n\n\n\n<h3 class=\"wp-block-heading\"><strong><span style=\"font-size: 14pt;\">\u00bfD\u00f3nde utilizar la m\u00e1quina perfiladora de paneles de techo?<\/span><\/strong><\/h3>\n\n\n\n<p>Se utilizan m\u00e1quinas para fabricar l\u00e1minas de techo, como la perfiladora de l\u00e1minas trapezoidales, para producir l\u00e1minas met\u00e1licas para revestimiento de techos industriales, comerciales y residenciales. Aunque existen numerosos perfiles de l\u00e1minas para techos, el proceso de conformado es el mismo. Las bobinas (de acero galvanizado, acero prepintado galvanizado, acero galvanizado en caliente, acero prepintado galvanizado en caliente, etc.) se desenrollan, se perfilan, se cortan y, finalmente, se obtienen los productos para techos deseados.<\/p>\n\n\n\n<h3 class=\"wp-block-heading\"><span style=\"font-size: 14pt;\">Componentes de la m\u00e1quina&nbsp;<\/span><\/h3>\n\n\n\n<ol class=\"wp-block-list\"><li>Desenrollador de 5 toneladas: desenrolla las bobinas hasta convertirlas en l\u00e1minas planas.<\/li><li>Alimentaci\u00f3n y guiado: gu\u00ede el material para evitar su desviaci\u00f3n.<\/li><li>Conformado por rodillos: dar forma a la chapa seg\u00fan el perfil deseado<\/li><li>Perforaci\u00f3n: para que la l\u00e1mina de perfil de azulejo forme la forma de los azulejos<\/li><li>Corte: corte el perfil formado a la longitud deseada.<\/li><li>Mesa de producto: soporte para evitar que el producto se caiga<\/li><li>Sistema de control el\u00e9ctrico: suministro de energ\u00eda el\u00e9ctrica<\/li><li>Sistema hidr\u00e1ulico: suministro de energ\u00eda hidr\u00e1ulica<\/li><\/ol>\n\n\n\n<h3 class=\"wp-block-heading\"><strong><span style=\"font-size: 14pt;\">&nbsp;Accesorios opcionales de la m\u00e1quina perfiladora de l\u00e1minas para techos<\/span><\/strong><\/h3>\n\n\n\n<figure class=\"wp-block-table\"><table><tbody><tr><td><strong><b>Art\u00edculo<\/b><\/strong><\/td><td><strong><b>Com\u00fan que usamos<\/b><\/strong><\/td><td><strong><b>Opcional<\/b><\/strong><\/td><\/tr><tr><td>1. Desenrollador<\/td><td>Desenrollador manual de 5 toneladas<\/td><td>Desenrollador hidr\u00e1ulico de 5 toneladas<\/td><\/tr><tr><td>2. Estructura lateral<\/td><td>Tipo de panel de pared<\/td><td>Tipo de pilar gu\u00eda<\/td><\/tr><tr><td>3. Material del rodillo<\/td><td>Acero 45#<\/td><td>Acero para rodamientos GCr15<\/td><\/tr><tr><td>4. Tabla de productos<\/td><td>Mesa sin alimentaci\u00f3n<\/td><td>Apilador autom\u00e1tico<\/td><\/tr><tr><td>5. Rodamiento<\/td><td>HRB<\/td><td>SKF, FAG, NSK<\/td><\/tr><tr><td>6. Componentes el\u00e9ctricos<\/td><td>Marca nacional<\/td><td>Siemens, Panasonic, Mitsubishi<\/td><\/tr><\/tbody><\/table><\/figure>\n\n\n\n<h3 class=\"wp-block-heading\"><strong><span style=\"font-size: 14pt;\">Comparaci\u00f3n entre tipos de estructura lateral de m\u00e1quinas para l\u00e1minas de techo<\/span><\/strong><\/h3>\n\n\n\n<div class=\"wp-block-image\"><figure class=\"alignright\"><img fetchpriority=\"high\" decoding=\"async\" width=\"391\" height=\"560\" data-attachment-id=\"1914\" data-permalink=\"https:\/\/believeindustry.company\/es\/roll-forming-machine\/metal-sheet-roll-forming-machine\/roofing-sheet-roll-forming-machine\/metal-roofing-sheets-roll-forming-machine\/\" data-orig-file=\"https:\/\/believeindustry.company\/wp-content\/uploads\/2018\/05\/metal-roofing-sheets-roll-forming-machine.jpg\" data-orig-size=\"391,560\" data-comments-opened=\"1\" data-image-meta=\"{&quot;aperture&quot;:&quot;0&quot;,&quot;credit&quot;:&quot;&quot;,&quot;camera&quot;:&quot;&quot;,&quot;caption&quot;:&quot;&quot;,&quot;created_timestamp&quot;:&quot;0&quot;,&quot;copyright&quot;:&quot;&quot;,&quot;focal_length&quot;:&quot;0&quot;,&quot;iso&quot;:&quot;0&quot;,&quot;shutter_speed&quot;:&quot;0&quot;,&quot;title&quot;:&quot;&quot;,&quot;orientation&quot;:&quot;0&quot;}\" data-image-title=\"metal roofing sheets roll forming machine\" data-image-description=\"\" data-image-caption=\"\" data-large-file=\"https:\/\/believeindustry.company\/wp-content\/uploads\/2018\/05\/metal-roofing-sheets-roll-forming-machine.jpg\" src=\"https:\/\/believeindustry.company\/wp-content\/uploads\/2018\/05\/metal-roofing-sheets-roll-forming-machine.jpg\" alt=\"m\u00e1quina formadora de rollos de l\u00e1minas para techos\" class=\"wp-image-1914\" srcset=\"https:\/\/believeindustry.company\/wp-content\/uploads\/2018\/05\/metal-roofing-sheets-roll-forming-machine.jpg 391w, https:\/\/believeindustry.company\/wp-content\/uploads\/2018\/05\/metal-roofing-sheets-roll-forming-machine-209x300.jpg 209w\" sizes=\"(max-width: 391px) 100vw, 391px\" \/><\/figure><\/div>\n\n\n\n<p>Los distintos fabricantes pueden tener diferentes dise\u00f1os para la estructura del soporte de rodillos de la m\u00e1quina. En las m\u00e1quinas perfiladoras de l\u00e1minas met\u00e1licas para techos, existen dos dise\u00f1os de estructura lateral: tipo panel y tipo pilar gu\u00eda. Ambos cumplen la misma funci\u00f3n: fijar los bloques deslizantes instalados en los extremos del eje. Algunos prefieren el tipo panel, ya que consideran que esta estructura aporta mayor robustez a la m\u00e1quina. Otros, en cambio, prefieren la estructura de pilar gu\u00eda, pues la consideran m\u00e1s eficiente. Independientemente de la estructura, ambas cumplen su funci\u00f3n a la perfecci\u00f3n. En China, muchas f\u00e1bricas optan por la estructura de chapa de acero para reducir el coste total de la m\u00e1quina, ya que se considera que es m\u00e1s resistente que la de pilar.<\/p>\n\n\n\n<h3 class=\"wp-block-heading\"><strong><span style=\"font-size: 14pt;\">Par\u00e1metros t\u00e9cnicos de la m\u00e1quina perfiladora de l\u00e1minas met\u00e1licas para techos<\/span><\/strong><\/h3>\n\n\n\n<ol class=\"wp-block-list\"><li>Capacidad del desenrollador: 5 toneladas<\/li><li>Ancho de desenrollado: 600-1250 mm<\/li><li>Espesor del material: 0,2-0,8 mm<\/li><li>Potencia del motor principal: 7,5 kW<\/li><li>Formaci\u00f3n de gradas: 16-26<\/li><li>Material de los rodillos: ASTM 1045, cromados, 0,05 mm de espesor<\/li><li>Material del eje: ASTM 1045, 76 mm de di\u00e1metro exterior<\/li><li>Potencia hidr\u00e1ulica: 4 kW<\/li><li>Marca del PLC: Panasonic<\/li><\/ol>\n\n\n\n<p><b><a title=\"Industria de la creencia china\" href=\"http:\/\/www.belirollform.com\" rel=\"noopener\" target=\"_blank\">BELI \u00ae<\/a> &nbsp;\u2018&#039;s <a href=\"https:\/\/believeindustry.company\/es\/linea-de-maquinas-perfiladoras\/\">m\u00e1quina perfiladora de rodillos<\/a> Son personalizadas. Utilizamos el software Copra para dise\u00f1ar la m\u00e1quina perfiladora seg\u00fan los perfiles personalizados. Tambi\u00e9n puede consultar nuestro cat\u00e1logo. <a href=\"https:\/\/believeindustry.company\/es\/brochure\/folleto-de-la-maquina-perfiladora-de-laminas-metalicas\/\">folleto de la m\u00e1quina para fabricar l\u00e1minas para techos<\/a> Para obtener m\u00e1s informaci\u00f3n.<\/b><\/p>","protected":false},"excerpt":{"rendered":"<p>Roofing Sheet Roll Forming Machine is designed to produce various kinds of roofing sheets, wall cladding as per design drawing with desired length. The thickness is normal from 0.2 to 0.8mm and the strength is from 235 Mpa to 550 Mpa. Introduction of Roofing Sheet Roll Forming Machine Where to use the roofing panel roll [&hellip;]<\/p>\n","protected":false},"author":2,"featured_media":2261,"parent":724,"menu_order":1,"comment_status":"closed","ping_status":"closed","template":"","meta":{"_angie_page":false,"footnotes":"","big_sky_generated":false},"tags":[607851244,607845980,607849628,607845740,607848238,607848239,607848240,607848237,607848166,607848167,607848165,607846198],"class_list":["post-593","page","type-page","status-publish","has-post-thumbnail","hentry","tag-construction-and-steel-structure","tag-metal-sheet-roll-forming-machine","tag-panel-lines","tag-roll-forming-machine","tag-roof-deck-machine","tag-roof-deck-roll-former","tag-roof-deck-roll-former-machine","tag-roof-deck-roll-forming-machine","tag-roof-panel-machine","tag-roof-panel-roll-former","tag-roof-panel-roll-forming-machine","tag-roofing-sheet-roll-forming-machine"],"blocksy_meta":[],"jetpack_sharing_enabled":true,"jetpack_shortlink":"https:\/\/wp.me\/P9K5n8-9z","jetpack_likes_enabled":false,"jetpack-related-posts":[{"id":724,"url":"https:\/\/believeindustry.company\/es\/roll-forming-machine\/metal-sheet-roll-forming-machine\/","url_meta":{"origin":593,"position":0},"title":"M\u00e1quina perfiladora de chapa met\u00e1lica","author":"Believe Industry Group","date":"marzo 28, 2018","format":false,"excerpt":"Metal Sheet Roll Forming Machines, also named Steel Sheet Roll Forming Machines are widely used in Steel Structure Systems Manufacturers or Builders.Believe Industry Company have full range of Metal Sheet Roll Forming Machine to produce Roof Panels, Wall Cladding Sheets, Step Tiles with different types. Such as: Standing seamming Panel.\u2026","rel":"","context":"En \u00abbelieve industry machine\u00bb","block_context":{"text":"believe industry machine","link":"https:\/\/believeindustry.company\/es\/tag\/believe-industry-machine\/"},"img":{"alt_text":"sheet roll forming machine","src":"https:\/\/i0.wp.com\/believeindustry.company\/wp-content\/uploads\/2018\/03\/metal-sheet-roll-forming-machine.jpg?resize=350%2C200&ssl=1","width":350,"height":200,"srcset":"https:\/\/i0.wp.com\/believeindustry.company\/wp-content\/uploads\/2018\/03\/metal-sheet-roll-forming-machine.jpg?resize=350%2C200&ssl=1 1x, https:\/\/i0.wp.com\/believeindustry.company\/wp-content\/uploads\/2018\/03\/metal-sheet-roll-forming-machine.jpg?resize=525%2C300&ssl=1 1.5x, https:\/\/i0.wp.com\/believeindustry.company\/wp-content\/uploads\/2018\/03\/metal-sheet-roll-forming-machine.jpg?resize=700%2C400&ssl=1 2x"},"classes":[]},{"id":19437,"url":"https:\/\/believeindustry.company\/es\/product-2\/","url_meta":{"origin":593,"position":1},"title":"Producto","author":"Believe Industry Group","date":"noviembre 12, 2025","format":false,"excerpt":"Energy and Electric Construction and Steel Structure Rack and Shelving Sale Rated 0 out of 5 Energy and Electric 41x41mm 41x82mm Solar Strut Channel Roll Forming Machine $85,000.00 Original price was: $85,000.00.$80,000.00Current price is: $80,000.00. View Product Sale Rated 0 out of 5 Metal Panel Trapezoidal Ribbed Spandeck Roof and\u2026","rel":"","context":"Entrada similar","block_context":{"text":"Entrada similar","link":""},"img":{"alt_text":"41x41mm 41x82mm Solar Strut Channel Roll Forming Machine","src":"https:\/\/i0.wp.com\/believeindustry.company\/wp-content\/uploads\/2025\/10\/41x41-41X82-Solar-Strut-Channel-Roll-Forming-Machine-300x214.webp?resize=350%2C200&ssl=1","width":350,"height":200},"classes":[]},{"id":6858,"url":"https:\/\/believeindustry.company\/es\/roll-forming-machine\/metal-sheet-roll-forming-machine\/klip-lok-roof-sheet-roll-forming-machine\/","url_meta":{"origin":593,"position":2},"title":"M\u00e1quina formadora de l\u00e1minas para techos Klip-Lok","author":"Believe Industry Group","date":"julio 1, 2019","format":false,"excerpt":"Klip-Lok Roof Sheet Roll Forming Machine also named Clip Lock Roof Sheet Roll Forming Machine, which is for producing klip-lok 700 or klip-lok 406 roof sheets as desired length. Klip-Lok Roof Sheet Roll Forming Machine What's Klip-Lok Roof Sheet? Klip-lok roof sheet is a wide-cover concealed fixed cladding with no\u2026","rel":"","context":"En \u00abConstruction and Steel Structure\u00bb","block_context":{"text":"Construction and Steel Structure","link":"https:\/\/believeindustry.company\/es\/tag\/construction-and-steel-structure\/"},"img":{"alt_text":"cropped klip lok roof sheet roll forming machine","src":"https:\/\/i0.wp.com\/believeindustry.company\/wp-content\/uploads\/2019\/07\/cropped-klip-lok-roof-sheet-roll-forming-machine.jpg?resize=350%2C200&ssl=1","width":350,"height":200,"srcset":"https:\/\/i0.wp.com\/believeindustry.company\/wp-content\/uploads\/2019\/07\/cropped-klip-lok-roof-sheet-roll-forming-machine.jpg?resize=350%2C200&ssl=1 1x, https:\/\/i0.wp.com\/believeindustry.company\/wp-content\/uploads\/2019\/07\/cropped-klip-lok-roof-sheet-roll-forming-machine.jpg?resize=525%2C300&ssl=1 1.5x"},"classes":[]},{"id":2407,"url":"https:\/\/believeindustry.company\/es\/roll-forming-machine\/metal-sheet-roll-forming-machine\/box-profile-roofing-sheets-roll-forming-machine\/","url_meta":{"origin":593,"position":3},"title":"M\u00e1quina formadora de l\u00e1minas para techos con perfil de caja","author":"Believe Industry Group","date":"julio 4, 2018","format":false,"excerpt":"La m\u00e1quina perfiladora de l\u00e1minas para techos de perfil caj\u00f3n se utiliza para producir l\u00e1minas para techos de perfil caj\u00f3n, ampliamente empleadas en la construcci\u00f3n con techos de hormig\u00f3n armado. Believe Industry ofrece una gama completa de m\u00e1quinas perfiladoras para perfiles caj\u00f3n, con componentes personalizados para cada m\u00e1quina.","rel":"","context":"En \u00abCold Roll Forming Machine\u00bb","block_context":{"text":"Cold Roll Forming Machine","link":"https:\/\/believeindustry.company\/es\/tag\/cold-roll-forming-machine\/"},"img":{"alt_text":"box profile roofing sheets roll forming machine","src":"https:\/\/i0.wp.com\/believeindustry.company\/wp-content\/uploads\/2018\/07\/box-profile-roofing-sheets-roll-forming-machine.jpg?resize=350%2C200&ssl=1","width":350,"height":200,"srcset":"https:\/\/i0.wp.com\/believeindustry.company\/wp-content\/uploads\/2018\/07\/box-profile-roofing-sheets-roll-forming-machine.jpg?resize=350%2C200&ssl=1 1x, https:\/\/i0.wp.com\/believeindustry.company\/wp-content\/uploads\/2018\/07\/box-profile-roofing-sheets-roll-forming-machine.jpg?resize=525%2C300&ssl=1 1.5x, https:\/\/i0.wp.com\/believeindustry.company\/wp-content\/uploads\/2018\/07\/box-profile-roofing-sheets-roll-forming-machine.jpg?resize=700%2C400&ssl=1 2x"},"classes":[]},{"id":21922,"url":"https:\/\/believeindustry.company\/es\/construction-and-steel-structure\/","url_meta":{"origin":593,"position":4},"title":"Construcci\u00f3n y estructura de acero","author":"Believe Industry Group","date":"abril 12, 2026","format":false,"excerpt":"A roll forming machine for construction and steel structure is heavy-duty manufacturing equipment essential for fabricating the custom components used in pre-engineered buildings and structural frameworks.Functioning as an automated, high-speed production line, it continuously converts large, flat coils of raw steel into ready-to-install building materials\u2014such as C and Z purlins,\u2026","rel":"","context":"Entrada similar","block_context":{"text":"Entrada similar","link":""},"img":{"alt_text":"","src":"https:\/\/i0.wp.com\/believeindustry.company\/wp-content\/uploads\/2026\/04\/steel-structure-building-1-1.jpg?resize=350%2C200&ssl=1","width":350,"height":200,"srcset":"https:\/\/i0.wp.com\/believeindustry.company\/wp-content\/uploads\/2026\/04\/steel-structure-building-1-1.jpg?resize=350%2C200&ssl=1 1x, https:\/\/i0.wp.com\/believeindustry.company\/wp-content\/uploads\/2026\/04\/steel-structure-building-1-1.jpg?resize=525%2C300&ssl=1 1.5x, https:\/\/i0.wp.com\/believeindustry.company\/wp-content\/uploads\/2026\/04\/steel-structure-building-1-1.jpg?resize=700%2C400&ssl=1 2x"},"classes":[]},{"id":777,"url":"https:\/\/believeindustry.company\/es\/roll-forming-machine\/metal-sheet-roll-forming-machine\/metal-roof-tile-roll-forming-machine\/","url_meta":{"origin":593,"position":5},"title":"M\u00e1quina perfiladora de tejas met\u00e1licas","author":"Believe Industry Group","date":"marzo 29, 2018","format":false,"excerpt":"Metal Roof Tile Roll Forming Machine\u00a0is for producing the metal tiles which is similar to traditional tiles. While the quality and life is better. Introduction of Metal Roof Tile Roll Forming Machine Roof Tiles\u00a0are to keep out rain. And traditional made from locally available materials such as slate and terracotta.\u2026","rel":"","context":"En \u00abConstruction and Steel Structure\u00bb","block_context":{"text":"Construction and Steel Structure","link":"https:\/\/believeindustry.company\/es\/tag\/construction-and-steel-structure\/"},"img":{"alt_text":"roof tile roll forming machine","src":"https:\/\/i0.wp.com\/believeindustry.company\/wp-content\/uploads\/2018\/04\/roof-tile-roll-forming-machine-e1522726193554.jpg?resize=350%2C200&ssl=1","width":350,"height":200,"srcset":"https:\/\/i0.wp.com\/believeindustry.company\/wp-content\/uploads\/2018\/04\/roof-tile-roll-forming-machine-e1522726193554.jpg?resize=350%2C200&ssl=1 1x, https:\/\/i0.wp.com\/believeindustry.company\/wp-content\/uploads\/2018\/04\/roof-tile-roll-forming-machine-e1522726193554.jpg?resize=525%2C300&ssl=1 1.5x, https:\/\/i0.wp.com\/believeindustry.company\/wp-content\/uploads\/2018\/04\/roof-tile-roll-forming-machine-e1522726193554.jpg?resize=700%2C400&ssl=1 2x, https:\/\/i0.wp.com\/believeindustry.company\/wp-content\/uploads\/2018\/04\/roof-tile-roll-forming-machine-e1522726193554.jpg?resize=1050%2C600&ssl=1 3x"},"classes":[]}],"amp_enabled":true,"_links":{"self":[{"href":"https:\/\/believeindustry.company\/es\/wp-json\/wp\/v2\/pages\/593","targetHints":{"allow":["GET"]}}],"collection":[{"href":"https:\/\/believeindustry.company\/es\/wp-json\/wp\/v2\/pages"}],"about":[{"href":"https:\/\/believeindustry.company\/es\/wp-json\/wp\/v2\/types\/page"}],"author":[{"embeddable":true,"href":"https:\/\/believeindustry.company\/es\/wp-json\/wp\/v2\/users\/2"}],"replies":[{"embeddable":true,"href":"https:\/\/believeindustry.company\/es\/wp-json\/wp\/v2\/comments?post=593"}],"version-history":[{"count":2,"href":"https:\/\/believeindustry.company\/es\/wp-json\/wp\/v2\/pages\/593\/revisions"}],"predecessor-version":[{"id":19711,"href":"https:\/\/believeindustry.company\/es\/wp-json\/wp\/v2\/pages\/593\/revisions\/19711"}],"up":[{"embeddable":true,"href":"https:\/\/believeindustry.company\/es\/wp-json\/wp\/v2\/pages\/724"}],"wp:featuredmedia":[{"embeddable":true,"href":"https:\/\/believeindustry.company\/es\/wp-json\/wp\/v2\/media\/2261"}],"wp:attachment":[{"href":"https:\/\/believeindustry.company\/es\/wp-json\/wp\/v2\/media?parent=593"}],"wp:term":[{"taxonomy":"post_tag","embeddable":true,"href":"https:\/\/believeindustry.company\/es\/wp-json\/wp\/v2\/tags?post=593"}],"curies":[{"name":"wp","href":"https:\/\/api.w.org\/{rel}","templated":true}]}}