{"id":6781,"date":"2019-06-06T11:38:09","date_gmt":"2019-06-06T03:38:09","guid":{"rendered":"https:\/\/believeindustry.company\/?page_id=6781"},"modified":"2026-04-12T13:33:10","modified_gmt":"2026-04-12T05:33:10","slug":"maquina-formadora-de-rollos-para-barreras-de-seguridad-con-vigas-en-w","status":"publish","type":"page","link":"https:\/\/believeindustry.company\/es\/roll-forming-machine\/customized-profile-roll-forming-machine\/w-beam-crash-barrier-roll-forming-machine\/","title":{"rendered":"M\u00e1quina perfiladora de barreras de seguridad con vigas en W"},"content":{"rendered":"<p><strong>M\u00e1quina perfiladora de barreras de seguridad con vigas en W<\/strong> e es para producir barandillas\/barreras de seguridad con vigas en W que se perforar\u00e1n.<\/p>\n\n\n\n<h2 class=\"wp-block-heading\">M\u00e1quina perfiladora de barreras de seguridad<\/h2>\n\n\n\n<h3 class=\"wp-block-heading\">Caracter\u00edstica de la m\u00e1quina<\/h3>\n\n\n\n<ol class=\"wp-block-list\"><li>Adopte pilares de hierro fundido como soportes de perfilado que son mucho m\u00e1s resistentes<\/li><li>Adopte la transmisi\u00f3n de caja de cambios que es mucho m\u00e1s estable para material grueso.<\/li><li>Molde de punz\u00f3n de dise\u00f1o moderno. N\u00facleo de tracci\u00f3n neum\u00e1tica.<\/li><\/ol>\n\n\n\n<h3 class=\"wp-block-heading\">Componentes y dise\u00f1o de la m\u00e1quina<\/h3>\n\n\n\n<h4 class=\"wp-block-heading\">Componentes de la m\u00e1quina<\/h4>\n\n\n\n<ol class=\"wp-block-list\"><li>Desenrollador hidr\u00e1ulico<\/li><li>Alimentador y gu\u00eda<\/li><li>Nivelador<\/li><li>Pegador<\/li><li>Roll Ex<\/li><li>Cortador<\/li><li>Controlador<\/li><li>Seguidor<\/li><\/ol>\n\n\n\n<h4 class=\"wp-block-heading\">Disposici\u00f3n de la m\u00e1quina de barrera de choque<\/h4>\n\n\n\n<figure class=\"wp-block-image\"><img fetchpriority=\"high\" decoding=\"async\" width=\"1178\" height=\"344\" data-attachment-id=\"6782\" data-permalink=\"https:\/\/believeindustry.company\/es\/roll-forming-machine\/customized-profile-roll-forming-machine\/w-beam-crash-barrier-roll-forming-machine\/crash-barrier-roll-forming-machine-layout\/\" data-orig-file=\"https:\/\/believeindustry.company\/wp-content\/uploads\/2019\/06\/crash-barrier-roll-forming-machine-layout.jpg\" data-orig-size=\"1178,344\" data-comments-opened=\"1\" data-image-meta=\"{&quot;aperture&quot;:&quot;0&quot;,&quot;credit&quot;:&quot;&quot;,&quot;camera&quot;:&quot;&quot;,&quot;caption&quot;:&quot;&quot;,&quot;created_timestamp&quot;:&quot;0&quot;,&quot;copyright&quot;:&quot;&quot;,&quot;focal_length&quot;:&quot;0&quot;,&quot;iso&quot;:&quot;0&quot;,&quot;shutter_speed&quot;:&quot;0&quot;,&quot;title&quot;:&quot;&quot;,&quot;orientation&quot;:&quot;0&quot;}\" data-image-title=\"crash barrier roll forming machine layout\" data-image-description=\"\" data-image-caption=\"\" data-large-file=\"https:\/\/believeindustry.company\/wp-content\/uploads\/2019\/06\/crash-barrier-roll-forming-machine-layout-1024x299.jpg\" src=\"https:\/\/i2.wp.com\/believeindustry.company\/wp-content\/uploads\/2019\/06\/crash-barrier-roll-forming-machine-layout.jpg?fit=1024%2C299&amp;ssl=1\" alt=\"Disposici\u00f3n de la m\u00e1quina formadora de rollos para barreras de seguridad\" class=\"wp-image-6782\" srcset=\"https:\/\/believeindustry.company\/wp-content\/uploads\/2019\/06\/crash-barrier-roll-forming-machine-layout.jpg 1178w, https:\/\/believeindustry.company\/wp-content\/uploads\/2019\/06\/crash-barrier-roll-forming-machine-layout-600x175.jpg 600w, https:\/\/believeindustry.company\/wp-content\/uploads\/2019\/06\/crash-barrier-roll-forming-machine-layout-300x88.jpg 300w, https:\/\/believeindustry.company\/wp-content\/uploads\/2019\/06\/crash-barrier-roll-forming-machine-layout-768x224.jpg 768w, https:\/\/believeindustry.company\/wp-content\/uploads\/2019\/06\/crash-barrier-roll-forming-machine-layout-1024x299.jpg 1024w, https:\/\/believeindustry.company\/wp-content\/uploads\/2019\/06\/crash-barrier-roll-forming-machine-layout-320x93.jpg 320w, https:\/\/believeindustry.company\/wp-content\/uploads\/2019\/06\/crash-barrier-roll-forming-machine-layout-640x187.jpg 640w, https:\/\/believeindustry.company\/wp-content\/uploads\/2019\/06\/crash-barrier-roll-forming-machine-layout-360x105.jpg 360w, https:\/\/believeindustry.company\/wp-content\/uploads\/2019\/06\/crash-barrier-roll-forming-machine-layout-720x210.jpg 720w, https:\/\/believeindustry.company\/wp-content\/uploads\/2019\/06\/crash-barrier-roll-forming-machine-layout-1080x315.jpg 1080w, https:\/\/believeindustry.company\/wp-content\/uploads\/2019\/06\/crash-barrier-roll-forming-machine-layout-800x234.jpg 800w\" sizes=\"(max-width: 1178px) 100vw, 1178px\" \/><\/figure>\n\n\n\n<h3 class=\"wp-block-heading\">Especificaciones de la m\u00e1quina perfiladora de barreras de seguridad<\/h3>\n\n\n\n<h4 class=\"wp-block-heading\">Desenrollador hidr\u00e1ulico<\/h4>\n\n\n<ol>\n<li>Tipo: Aflojamiento y tensi\u00f3n hidr\u00e1ulicos. Desenrollado el\u00e9ctrico.<\/li>\n<li>Capacidad de carga 5 toneladas<\/li>\n<li>Ancho m\u00e1ximo de bobina: 600 mm<\/li>\n<li>Di\u00e1metro interior de la bobina 480-600 mm<\/li>\n<li>Di\u00e1metro exterior de la bobina m\u00e1x. 1600 mm<\/li>\n<li>Potencia del motor hidr\u00e1ulico 3 KW<\/li>\n<li>Potencia del motor de desenrollado 4 KW<\/li>\n<\/ol>\n\n\n<h4 class=\"wp-block-heading\"><strong>Alimentaci\u00f3n, guiado y nivelaci\u00f3n<\/strong><\/h4>\n\n\n\n<ol class=\"wp-block-list\"><li> Adopte un dise\u00f1o de calidad del dispositivo de alimentaci\u00f3n y gu\u00eda, los trabajadores pueden ajustar el ancho de alimentaci\u00f3n girando las ruedas laterales.<\/li><li> Rango de ancho 300-500 mm<\/li><li> Material del rodillo de presi\u00f3n ASTM 1045, la superficie est\u00e1 cromada<\/li><li> Panel de pared lateral y ruedas con revestimiento negro<\/li><li> Rodillos de palanca superiores 3, inferiores 4<\/li><li> Rodillos niveladores Material ASTM 1045, Cromado, 76 mm de di\u00e1metro<\/li><li> Caja de transmisi\u00f3n de rodillos de alimentaci\u00f3n conectada a la m\u00e1quina principal<\/li><\/ol>\n\n\n\n<h4 class=\"wp-block-heading\"><strong>Dispositivo para perforar agujeros<\/strong><\/h4>\n\n\n\n<ol class=\"wp-block-list\"><li> Los punzones estar\u00e1n conectados a una \u00fanica unidad hidr\u00e1ulica con dep\u00f3sito, motor, bomba, v\u00e1lvulas de control de presi\u00f3n, man\u00f3metros, electrov\u00e1lvulas, mangueras hidr\u00e1ulicas, todo ello dise\u00f1ado para funcionar de forma segura a la presi\u00f3n de funcionamiento requerida.<\/li><li> Material de molde de punzonado CR12, HRC 60-62 grados<\/li><li> Potencia del motor hidr\u00e1ulico 15 KW<\/li><li> Presi\u00f3n de trabajo hidr\u00e1ulica 12-16 Mpa<\/li><li> Codificador Omron de medici\u00f3n de longitud <\/li><li> La estaci\u00f3n hidr\u00e1ulica estar\u00e1 equipada con ventilador de enfriamiento para trabajar en la Zona Tropical.<\/li><\/ol>\n\n\n\n<h4 class=\"wp-block-heading\">Dispositivo de m\u00e1quina formadora de rollos<\/h4>\n\n\n\n<ol class=\"wp-block-list\"><li> Estructura de la m\u00e1quina: Adopte un marco soldado de acero con viga H como base de la m\u00e1quina, soportes de acero fundido como estructura principal, transmisi\u00f3n de caja de engranajes.<\/li><li> Espesor 3,2 mm<\/li><li> Estaciones de rodillos 13<\/li><li> Material del eje ASTM 1045, 100 mm de di\u00e1metro, HB 220-260<\/li><li> Material del rodillo GCR15, templado 58-62, superficie cromada<\/li><li> Potencia del motor: 30 KW<\/li><li> Velocidad de formaci\u00f3n 5-10 m\/min (incluye punzonado y corte)<\/li><li> Caja de engranajes con m\u00e9todo impulsado <\/li><li> El \u00e1rea de trabajo de la m\u00e1quina estar\u00e1 cubierta con una pantalla protectora de seguridad.<\/li><\/ol>\n\n\n\n<h4 class=\"wp-block-heading\"><strong>Dispositivo de corte hidr\u00e1ulico<\/strong><\/h4>\n\n\n\n<ol class=\"wp-block-list\"><li>Dise\u00f1o de 4 postes, parada de corte. Dise\u00f1o de cuchilla de corte de 3 piezas.<\/li><li> Material de molde de corte CR12, HRC 60-62 grados<\/li><li> Potencia del motor hidr\u00e1ulico 15 KW<\/li><li> Presi\u00f3n de trabajo hidr\u00e1ulica 12-16 Mpa<\/li><li> Codificador Omron de medici\u00f3n de longitud <\/li><li> La estaci\u00f3n hidr\u00e1ulica estar\u00e1 equipada con ventilador de enfriamiento para trabajar en la Zona Tropical.<\/li><\/ol>\n\n\n\n<p><strong>Caja controlada<\/strong><\/p>\n\n\n\n<ol class=\"wp-block-list\"><li>Los usuarios introducen la longitud y la cantidad del producto mediante la pantalla t\u00e1ctil, que muestra el estado de funcionamiento de la m\u00e1quina. Esta se detiene autom\u00e1ticamente al finalizar el programa de corte.<\/li><li> Voltaje y frecuencia 380 V, 50 Hz, trif\u00e1sico (confirme).<\/li><li> Pantalla t\u00e1ctil MCGS<\/li><li> PLC Panasonic<\/li><li> Codificador Omron<\/li><li> Convertidor de frecuencia marca Yaskawa<\/li><li> Adopte el enchufe de aviaci\u00f3n para conectar f\u00e1cilmente el cableado.<\/li><\/ol>\n\n\n\n<p><a href=\"http:\/\/www.belirollform.com\" target=\"_blank\" rel=\"noopener\">Compa\u00f1\u00eda de la Industria Believe<\/a> Disponemos de una gama completa de m\u00e1quinas perfiladoras para sistemas de barandillas. <a href=\"https:\/\/believeindustry.company\/es\/contacto\/\">Cont\u00e1ctanos<\/a> Para obtener m\u00e1s informaci\u00f3n<\/p>","protected":false},"excerpt":{"rendered":"<p>W Beam Crash Barrier Roll Forming Machine e is for producing W beam guardrails\/carsh barrier will hole punched. Crash Barrier Roll Forming Machine Machine Feature Adopt Iron Cast Pillar as roll forming stands which is much stronger Adopt Gear Box transmission which is much stable for thick material Adopt latest design of punch mould. Pneumatic [&hellip;]<\/p>\n","protected":false},"author":2,"featured_media":2050,"parent":1257,"menu_order":0,"comment_status":"closed","ping_status":"closed","template":"","meta":{"_angie_page":false,"footnotes":"","big_sky_generated":false},"tags":[607849634],"class_list":["post-6781","page","type-page","status-publish","has-post-thumbnail","hentry","tag-custom-designs"],"blocksy_meta":[],"jetpack_sharing_enabled":true,"jetpack_shortlink":"https:\/\/wp.me\/P9K5n8-1Ln","jetpack_likes_enabled":false,"jetpack-related-posts":[{"id":1515,"url":"https:\/\/believeindustry.company\/es\/roll-forming-machine\/customized-profile-roll-forming-machine\/highway-guardrail-roll-forming-machine\/","url_meta":{"origin":6781,"position":0},"title":"M\u00e1quina perfiladora de barandillas de seguridad para carreteras","author":"Believe Industry Group","date":"abril 26, 2018","format":false,"excerpt":"Highway Guardrail Roll Forming Machine is for producing Guardrails with holes punched online. Believe Industry have several types of guardrails machines. We have different solutions for both W guardrails, Thrim Guardrails, etc. Feeder and Guider Puncher Auto stacker Guardrfail Production Line Hydraiulic puncher Uncoiler Guardrail Roll Forming Machine Highway Guardrail\u2026","rel":"","context":"En \u00abCrash Barrier Roll Forming Machine\u00bb","block_context":{"text":"Crash Barrier Roll Forming Machine","link":"https:\/\/believeindustry.company\/es\/tag\/crash-barrier-roll-forming-machine\/"},"img":{"alt_text":"","src":"https:\/\/i0.wp.com\/believeindustry.company\/wp-content\/uploads\/2022\/03\/guardrail-roll-forming-machine08.jpg?resize=350%2C200&ssl=1","width":350,"height":200,"srcset":"https:\/\/i0.wp.com\/believeindustry.company\/wp-content\/uploads\/2022\/03\/guardrail-roll-forming-machine08.jpg?resize=350%2C200&ssl=1 1x, https:\/\/i0.wp.com\/believeindustry.company\/wp-content\/uploads\/2022\/03\/guardrail-roll-forming-machine08.jpg?resize=525%2C300&ssl=1 1.5x, https:\/\/i0.wp.com\/believeindustry.company\/wp-content\/uploads\/2022\/03\/guardrail-roll-forming-machine08.jpg?resize=700%2C400&ssl=1 2x"},"classes":[]},{"id":7304,"url":"https:\/\/believeindustry.company\/es\/upright-post-roll-forming-machine\/","url_meta":{"origin":6781,"position":1},"title":"M\u00e1quina formadora de postes verticales","author":"Believe Industry Group","date":"enero 8, 2020","format":false,"excerpt":"Upright Post Roll Forming Machine is for producing upright post as per requirement Upright Post Machine Components UncoilerLevrling MachineServo Feeder and Punch PressQuick replace punch die deviceAdjustable Roll Forming MachineServo Tracking Cutting DeviceCollection TableHydraulic StationController Panel Technical Parameters of Post Machine Line Speed: 10-15m\/minUncoiler Capacity: 5 TonPunch Press Capacity: 110\u2026","rel":"","context":"Entrada similar","block_context":{"text":"Entrada similar","link":""},"img":{"alt_text":"upright post roll forming machine","src":"https:\/\/i0.wp.com\/believeindustry.company\/wp-content\/uploads\/2020\/01\/upright-post-roll-forming-machine.jpg?resize=350%2C200&ssl=1","width":350,"height":200,"srcset":"https:\/\/i0.wp.com\/believeindustry.company\/wp-content\/uploads\/2020\/01\/upright-post-roll-forming-machine.jpg?resize=350%2C200&ssl=1 1x, https:\/\/i0.wp.com\/believeindustry.company\/wp-content\/uploads\/2020\/01\/upright-post-roll-forming-machine.jpg?resize=525%2C300&ssl=1 1.5x, https:\/\/i0.wp.com\/believeindustry.company\/wp-content\/uploads\/2020\/01\/upright-post-roll-forming-machine.jpg?resize=700%2C400&ssl=1 2x, https:\/\/i0.wp.com\/believeindustry.company\/wp-content\/uploads\/2020\/01\/upright-post-roll-forming-machine.jpg?resize=1050%2C600&ssl=1 3x, https:\/\/i0.wp.com\/believeindustry.company\/wp-content\/uploads\/2020\/01\/upright-post-roll-forming-machine.jpg?resize=1400%2C800&ssl=1 4x"},"classes":[]},{"id":10025,"url":"https:\/\/believeindustry.company\/es\/roll-forming-machine\/pallet-racking-roll-forming-machine\/step-beam-roll-forming-machine\/","url_meta":{"origin":6781,"position":2},"title":"M\u00e1quina formadora de rodillos de viga escalonada","author":"Believe Industry Group","date":"febrero 22, 2024","format":false,"excerpt":"Describtion Step Beam Roll Forming Machine is to producing Steps Beams with various dimensions. Believe Industry Company have different solutions of machines for step beams: Transmission\uff1a Chain or Gear Box Welding Way: Spot welded or Laser contunuous Welded Speed: 1-2m\/min or 6-8m\/min Step Beam Roll Forming Machine Layout Step Beam\u2026","rel":"","context":"En \u00abRoll Forming Machine\u00bb","block_context":{"text":"Roll Forming Machine","link":"https:\/\/believeindustry.company\/es\/tag\/roll-forming-machine\/"},"img":{"alt_text":"Step Beam Machine: 7 Powerful Strategies for Top Yield","src":"https:\/\/i0.wp.com\/believeindustry.company\/wp-content\/uploads\/2026\/03\/step-beam-roll-forming-machine.webp?resize=350%2C200&ssl=1","width":350,"height":200,"srcset":"https:\/\/i0.wp.com\/believeindustry.company\/wp-content\/uploads\/2026\/03\/step-beam-roll-forming-machine.webp?resize=350%2C200&ssl=1 1x, https:\/\/i0.wp.com\/believeindustry.company\/wp-content\/uploads\/2026\/03\/step-beam-roll-forming-machine.webp?resize=525%2C300&ssl=1 1.5x, https:\/\/i0.wp.com\/believeindustry.company\/wp-content\/uploads\/2026\/03\/step-beam-roll-forming-machine.webp?resize=700%2C400&ssl=1 2x, https:\/\/i0.wp.com\/believeindustry.company\/wp-content\/uploads\/2026\/03\/step-beam-roll-forming-machine.webp?resize=1050%2C600&ssl=1 3x, https:\/\/i0.wp.com\/believeindustry.company\/wp-content\/uploads\/2026\/03\/step-beam-roll-forming-machine.webp?resize=1400%2C800&ssl=1 4x"},"classes":[]},{"id":21970,"url":"https:\/\/believeindustry.company\/es\/material-storage\/","url_meta":{"origin":6781,"position":3},"title":"Almacenamiento de materiales","author":"Believe Industry Group","date":"abril 12, 2026","format":false,"excerpt":"A roll forming machine for material storage systems is a heavy-duty, automated production line engineered to fabricate the structural components of industrial warehouse racking.By continuously processing raw steel coils through progressive roller dies, the machine precisely shapes the core framework of the storage system. This includes the heavy-gauge vertical column\u2026","rel":"","context":"Entrada similar","block_context":{"text":"Entrada similar","link":""},"img":{"alt_text":"Automated Warehouse Racking Machinery","src":"https:\/\/i0.wp.com\/believeindustry.company\/wp-content\/uploads\/2026\/03\/pallet-Racking-System.jpg?resize=350%2C200&ssl=1","width":350,"height":200,"srcset":"https:\/\/i0.wp.com\/believeindustry.company\/wp-content\/uploads\/2026\/03\/pallet-Racking-System.jpg?resize=350%2C200&ssl=1 1x, https:\/\/i0.wp.com\/believeindustry.company\/wp-content\/uploads\/2026\/03\/pallet-Racking-System.jpg?resize=525%2C300&ssl=1 1.5x, https:\/\/i0.wp.com\/believeindustry.company\/wp-content\/uploads\/2026\/03\/pallet-Racking-System.jpg?resize=700%2C400&ssl=1 2x, https:\/\/i0.wp.com\/believeindustry.company\/wp-content\/uploads\/2026\/03\/pallet-Racking-System.jpg?resize=1050%2C600&ssl=1 3x, https:\/\/i0.wp.com\/believeindustry.company\/wp-content\/uploads\/2026\/03\/pallet-Racking-System.jpg?resize=1400%2C800&ssl=1 4x"},"classes":[]},{"id":4532,"url":"https:\/\/believeindustry.company\/es\/roll-forming-machine\/purlin-roll-forming-machine\/multibeam-roll-forming-machine\/","url_meta":{"origin":6781,"position":4},"title":"M\u00e1quina perfiladora de rodillos multihaz","author":"Believe Industry Group","date":"marzo 1, 2019","format":false,"excerpt":"Multibeam Roll Forming MachineWhat's Multibeam?OverviewProfile drawings and Dimensions of MultibeamsMaterial DetailsSpecifications of Multibeam Roll Forming MachineMultibeam Machine ComponentsLayout of the Multibeam Beam Roll Forming MachineBrief Introduction of Multibeam Roll Forming Line Multibeam Roll Forming Machine is for producing series sizes of multi beams as per requirements. Multibeam Roll Forming Machine\u2026","rel":"","context":"En \u00abConstruction and Steel Structure\u00bb","block_context":{"text":"Construction and Steel Structure","link":"https:\/\/believeindustry.company\/es\/tag\/construction-and-steel-structure\/"},"img":{"alt_text":"multibeam roll forming machine","src":"https:\/\/i0.wp.com\/believeindustry.company\/wp-content\/uploads\/2019\/03\/multibeam-roll-forming-machine.png?resize=350%2C200&ssl=1","width":350,"height":200,"srcset":"https:\/\/i0.wp.com\/believeindustry.company\/wp-content\/uploads\/2019\/03\/multibeam-roll-forming-machine.png?resize=350%2C200&ssl=1 1x, https:\/\/i0.wp.com\/believeindustry.company\/wp-content\/uploads\/2019\/03\/multibeam-roll-forming-machine.png?resize=525%2C300&ssl=1 1.5x, https:\/\/i0.wp.com\/believeindustry.company\/wp-content\/uploads\/2019\/03\/multibeam-roll-forming-machine.png?resize=700%2C400&ssl=1 2x"},"classes":[]},{"id":3307,"url":"https:\/\/believeindustry.company\/es\/roll-forming-machine\/pallet-racking-roll-forming-machine\/new-design-box-beam-roll-forming-machine\/","url_meta":{"origin":6781,"position":5},"title":"Nueva m\u00e1quina perfiladora de perfiles de secci\u00f3n rectangular integrada de dise\u00f1o nuevo","author":"Believe Industry Group","date":"noviembre 13, 2018","format":false,"excerpt":"New design integrated box beam machine is designed to produce box beams and no need an extra box beam seaming machine. It wills save material and labor cost. What's Box Beam? As we know,\u00a0Box beams\u00a0have no inset step, instead have four flat sides like a box. All load beams typically\u2026","rel":"","context":"En \u00abBox Beam Machine\u00bb","block_context":{"text":"Box Beam Machine","link":"https:\/\/believeindustry.company\/es\/tag\/box-beam-machine\/"},"img":{"alt_text":"new design box beam machine","src":"https:\/\/i0.wp.com\/believeindustry.company\/wp-content\/uploads\/2020\/03\/new-design-box-beam-machine.jpg?resize=350%2C200&ssl=1","width":350,"height":200,"srcset":"https:\/\/i0.wp.com\/believeindustry.company\/wp-content\/uploads\/2020\/03\/new-design-box-beam-machine.jpg?resize=350%2C200&ssl=1 1x, https:\/\/i0.wp.com\/believeindustry.company\/wp-content\/uploads\/2020\/03\/new-design-box-beam-machine.jpg?resize=525%2C300&ssl=1 1.5x, https:\/\/i0.wp.com\/believeindustry.company\/wp-content\/uploads\/2020\/03\/new-design-box-beam-machine.jpg?resize=700%2C400&ssl=1 2x, https:\/\/i0.wp.com\/believeindustry.company\/wp-content\/uploads\/2020\/03\/new-design-box-beam-machine.jpg?resize=1050%2C600&ssl=1 3x, https:\/\/i0.wp.com\/believeindustry.company\/wp-content\/uploads\/2020\/03\/new-design-box-beam-machine.jpg?resize=1400%2C800&ssl=1 4x"},"classes":[]}],"amp_enabled":true,"_links":{"self":[{"href":"https:\/\/believeindustry.company\/es\/wp-json\/wp\/v2\/pages\/6781","targetHints":{"allow":["GET"]}}],"collection":[{"href":"https:\/\/believeindustry.company\/es\/wp-json\/wp\/v2\/pages"}],"about":[{"href":"https:\/\/believeindustry.company\/es\/wp-json\/wp\/v2\/types\/page"}],"author":[{"embeddable":true,"href":"https:\/\/believeindustry.company\/es\/wp-json\/wp\/v2\/users\/2"}],"replies":[{"embeddable":true,"href":"https:\/\/believeindustry.company\/es\/wp-json\/wp\/v2\/comments?post=6781"}],"version-history":[{"count":1,"href":"https:\/\/believeindustry.company\/es\/wp-json\/wp\/v2\/pages\/6781\/revisions"}],"predecessor-version":[{"id":22053,"href":"https:\/\/believeindustry.company\/es\/wp-json\/wp\/v2\/pages\/6781\/revisions\/22053"}],"up":[{"embeddable":true,"href":"https:\/\/believeindustry.company\/es\/wp-json\/wp\/v2\/pages\/1257"}],"wp:featuredmedia":[{"embeddable":true,"href":"https:\/\/believeindustry.company\/es\/wp-json\/wp\/v2\/media\/2050"}],"wp:attachment":[{"href":"https:\/\/believeindustry.company\/es\/wp-json\/wp\/v2\/media?parent=6781"}],"wp:term":[{"taxonomy":"post_tag","embeddable":true,"href":"https:\/\/believeindustry.company\/es\/wp-json\/wp\/v2\/tags?post=6781"}],"curies":[{"name":"wp","href":"https:\/\/api.w.org\/{rel}","templated":true}]}}