{"id":6810,"date":"2019-06-19T16:09:03","date_gmt":"2019-06-19T08:09:03","guid":{"rendered":"https:\/\/believeindustry.company\/?page_id=6810"},"modified":"2019-06-19T16:09:51","modified_gmt":"2019-06-19T08:09:51","slug":"bajante-y-formador-de-rodillos-de-codo","status":"publish","type":"page","link":"https:\/\/believeindustry.company\/es\/roll-forming-machine\/downspoutgutter-roll-forming-machine\/downspout-and-elbow-roll-former\/","title":{"rendered":"Perfiladora de bajantes y codos"},"content":{"rendered":"<figure class=\"wp-block-image is-resized\"><img fetchpriority=\"high\" decoding=\"async\" data-attachment-id=\"6815\" data-permalink=\"https:\/\/believeindustry.company\/es\/roll-forming-machine\/downspoutgutter-roll-forming-machine\/downspout-and-elbow-roll-former\/downspout-and-elbow-machine\/\" data-orig-file=\"https:\/\/believeindustry.company\/wp-content\/uploads\/2019\/06\/downspout-and-elbow-machine.png\" data-orig-size=\"358,344\" data-comments-opened=\"1\" data-image-meta=\"{&quot;aperture&quot;:&quot;0&quot;,&quot;credit&quot;:&quot;&quot;,&quot;camera&quot;:&quot;&quot;,&quot;caption&quot;:&quot;&quot;,&quot;created_timestamp&quot;:&quot;0&quot;,&quot;copyright&quot;:&quot;&quot;,&quot;focal_length&quot;:&quot;0&quot;,&quot;iso&quot;:&quot;0&quot;,&quot;shutter_speed&quot;:&quot;0&quot;,&quot;title&quot;:&quot;&quot;,&quot;orientation&quot;:&quot;0&quot;}\" data-image-title=\"downspout and elbow machine\" data-image-description=\"\" data-image-caption=\"\" data-large-file=\"https:\/\/believeindustry.company\/wp-content\/uploads\/2019\/06\/downspout-and-elbow-machine.png\" src=\"https:\/\/believeindustry.company\/wp-content\/uploads\/2019\/06\/downspout-and-elbow-machine.png\" alt=\"bajante y m\u00e1quina de codo\" class=\"wp-image-6815\" width=\"444\" height=\"427\" srcset=\"https:\/\/believeindustry.company\/wp-content\/uploads\/2019\/06\/downspout-and-elbow-machine.png 358w, https:\/\/believeindustry.company\/wp-content\/uploads\/2019\/06\/downspout-and-elbow-machine-300x288.png 300w, https:\/\/believeindustry.company\/wp-content\/uploads\/2019\/06\/downspout-and-elbow-machine-320x307.png 320w\" sizes=\"(max-width: 444px) 100vw, 444px\" \/><figcaption><\/figcaption><\/figure>\n\n\n\n<p>La laminadora de bajantes y codos Believe Industry, de nuevo dise\u00f1o, ofrece un paquete completo para la producci\u00f3n de bajantes y codos. Adem\u00e1s, permite doblar codos, lo que permite la producci\u00f3n de diversas formas personalizadas en piezas sin costuras. <\/p>\n\n\n\n<h2 class=\"wp-block-heading\">Perfiladora de bajantes y codos<\/h2>\n\n\n\n<h3 class=\"wp-block-heading\">Bajante y codo <\/h3>\n\n\n\n<p>El nuevo dise\u00f1o del bajante y del rodillo formador de codos puede producir los siguientes tipos de bajantes:<\/p>\n\n\n\n<ol class=\"wp-block-list\"><li>2\u00d73\u2033 (50,8 x 76,2 mm) \u2013 Corrugado y liso<\/li><li>3\u00d73\u2033 (76,2 x 76,2 mm) \u2013 Corrugado<\/li><li> 3\u00d74\u201d (76,2 x 101,6 mm) \u2013 Corrugado<\/li><li>4\u00d75\u201d (101,6 X 127 mm) \u2013 Corrugado<\/li><li>M\u00e9trico 74,5 x 100 mm<\/li><li>3\u201d (76,2 mm) redondo<\/li><li>4\u201d (101,6 mm) redondo<\/li><li>2 x 3\u2033 liso<\/li><li>3 x 4\u2033 liso<\/li><\/ol>\n\n\n\n<figure class=\"wp-block-image\"><img decoding=\"async\" width=\"539\" height=\"403\" data-attachment-id=\"6813\" data-permalink=\"https:\/\/believeindustry.company\/es\/roll-forming-machine\/downspoutgutter-roll-forming-machine\/downspout-and-elbow-roll-former\/downspout-and-elbow-roll-former-profile-drawing\/\" data-orig-file=\"https:\/\/believeindustry.company\/wp-content\/uploads\/2019\/06\/downspout-and-elbow-roll-former-profile-drawing.jpg\" data-orig-size=\"539,403\" data-comments-opened=\"1\" data-image-meta=\"{&quot;aperture&quot;:&quot;0&quot;,&quot;credit&quot;:&quot;&quot;,&quot;camera&quot;:&quot;&quot;,&quot;caption&quot;:&quot;&quot;,&quot;created_timestamp&quot;:&quot;0&quot;,&quot;copyright&quot;:&quot;&quot;,&quot;focal_length&quot;:&quot;0&quot;,&quot;iso&quot;:&quot;0&quot;,&quot;shutter_speed&quot;:&quot;0&quot;,&quot;title&quot;:&quot;&quot;,&quot;orientation&quot;:&quot;0&quot;}\" data-image-title=\"downspout and elbow roll former profile drawing\" data-image-description=\"\" data-image-caption=\"\" data-large-file=\"https:\/\/believeindustry.company\/wp-content\/uploads\/2019\/06\/downspout-and-elbow-roll-former-profile-drawing.jpg\" src=\"https:\/\/believeindustry.company\/wp-content\/uploads\/2019\/06\/downspout-and-elbow-roll-former-profile-drawing.jpg\" alt=\"Dibujo del perfil del bajante y del rodillo de codo\" class=\"wp-image-6813\" srcset=\"https:\/\/believeindustry.company\/wp-content\/uploads\/2019\/06\/downspout-and-elbow-roll-former-profile-drawing.jpg 539w, https:\/\/believeindustry.company\/wp-content\/uploads\/2019\/06\/downspout-and-elbow-roll-former-profile-drawing-300x224.jpg 300w, https:\/\/believeindustry.company\/wp-content\/uploads\/2019\/06\/downspout-and-elbow-roll-former-profile-drawing-320x239.jpg 320w, https:\/\/believeindustry.company\/wp-content\/uploads\/2019\/06\/downspout-and-elbow-roll-former-profile-drawing-360x269.jpg 360w\" sizes=\"(max-width: 539px) 100vw, 539px\" \/><\/figure>\n\n\n\n<h3 class=\"wp-block-heading\">Disposici\u00f3n de la m\u00e1quina bajante y Elblow<\/h3>\n\n\n\n<figure class=\"wp-block-image\"><img decoding=\"async\" width=\"589\" height=\"247\" data-attachment-id=\"6814\" data-permalink=\"https:\/\/believeindustry.company\/es\/roll-forming-machine\/downspoutgutter-roll-forming-machine\/downspout-and-elbow-roll-former\/layout-of-downspout-and-elbow-machine\/\" data-orig-file=\"https:\/\/believeindustry.company\/wp-content\/uploads\/2019\/06\/layout-of-downspout-and-elbow-machine.jpg\" data-orig-size=\"589,247\" data-comments-opened=\"1\" data-image-meta=\"{&quot;aperture&quot;:&quot;0&quot;,&quot;credit&quot;:&quot;&quot;,&quot;camera&quot;:&quot;&quot;,&quot;caption&quot;:&quot;&quot;,&quot;created_timestamp&quot;:&quot;0&quot;,&quot;copyright&quot;:&quot;&quot;,&quot;focal_length&quot;:&quot;0&quot;,&quot;iso&quot;:&quot;0&quot;,&quot;shutter_speed&quot;:&quot;0&quot;,&quot;title&quot;:&quot;&quot;,&quot;orientation&quot;:&quot;0&quot;}\" data-image-title=\"layout of downspout and elbow machine\" data-image-description=\"\" data-image-caption=\"\" data-large-file=\"https:\/\/believeindustry.company\/wp-content\/uploads\/2019\/06\/layout-of-downspout-and-elbow-machine.jpg\" src=\"https:\/\/believeindustry.company\/wp-content\/uploads\/2019\/06\/layout-of-downspout-and-elbow-machine.jpg\" alt=\"Disposici\u00f3n de la m\u00e1quina de bajante y codo\" class=\"wp-image-6814\" srcset=\"https:\/\/believeindustry.company\/wp-content\/uploads\/2019\/06\/layout-of-downspout-and-elbow-machine.jpg 589w, https:\/\/believeindustry.company\/wp-content\/uploads\/2019\/06\/layout-of-downspout-and-elbow-machine-300x126.jpg 300w, https:\/\/believeindustry.company\/wp-content\/uploads\/2019\/06\/layout-of-downspout-and-elbow-machine-320x134.jpg 320w, https:\/\/believeindustry.company\/wp-content\/uploads\/2019\/06\/layout-of-downspout-and-elbow-machine-360x151.jpg 360w\" sizes=\"(max-width: 589px) 100vw, 589px\" \/><\/figure>\n\n\n\n<h3 class=\"wp-block-heading\">Especificaciones de la m\u00e1quina perfiladora de bajantes y codos<\/h3>\n\n\n\n<ol class=\"wp-block-list\"><li>Capacidad del desenrollador: 3 toneladas<\/li><li>Materia prima: 0,5-0,6 mm PPGI, 0,8-1,2 mm Aluminio. 1,0 mm Cobre<\/li><li>Pasos de formaci\u00f3n: 21<\/li><li>Material del rodillo: ASTM 1045. Cromado duro (0,05 mm de espesor).<\/li><li>Di\u00e1metro del eje: 70 mm<\/li><li>Velocidad de formaci\u00f3n: 15-20 m\/min<\/li><li>Potencia del servomotor: 7,5 KW<\/li><li>Modo de accionamiento: cadena y engranaje<\/li><li>Potencia del motor hidr\u00e1ulico: 11 KW<\/li><li>Molde para corte, doblado y estrangulaci\u00f3n Material: CR12 Mov<\/li><\/ol>\n\n\n\n<h3 class=\"wp-block-heading\">Caracter\u00edsticas<\/h3>\n\n\n\n<ul class=\"wp-block-list\"><li>El perfilador de bajantes y codos de Believe Industry, de \u00faltimo dise\u00f1o, incorpora un sistema controlado por PLC. El operador puede configurar la longitud, la cantidad y el radio del codo en la pantalla t\u00e1ctil. Tambi\u00e9n puede encoger manualmente los extremos.<\/li><li> El servoaccionamiento el\u00e9ctrico, en comparaci\u00f3n con el accionamiento hidr\u00e1ulico (arranque y parada bruscos), permite un arranque y una parada suaves, lo que reduce el desgaste y prolonga la vida \u00fatil de la m\u00e1quina. <\/li><li>Rodillos y ejes cromados duros<\/li><li>Rodillos impulsores de uretano de dise\u00f1o innovador dise\u00f1ados para una larga vida \u00fatil y un f\u00e1cil reemplazo.<\/li><li>Enclavamientos de seguridad en todas las cubiertas deslizantes y botones de parada de emergencia en ambos extremos de la m\u00e1quina. Cada m\u00e1quina viene equipada con cubiertas deslizantes de seguridad que la desactivan al abrirse. Adem\u00e1s, hay interruptores de parada de emergencia en cada extremo. <\/li><li> Garant\u00eda limitada de 24 meses <\/li><\/ul>\n\n\n\n<h3 class=\"wp-block-heading\">Opciones<\/h3>\n\n\n\n<ul class=\"wp-block-list\"><li>Desenrollador de potencia de doble carrete<\/li><li>Se agotan los stands<\/li><li>Instalaci\u00f3n y puesta en servicio en el extranjero<\/li><\/ul>\n\n\n\n<p><a href=\"http:\/\/www.belirollform.com\" target=\"_blank\" rel=\"noopener\">Compa\u00f1\u00eda de la Industria Believe<\/a> Disponemos de una gama completa de m\u00e1quinas perfiladoras para sistemas de bajantes y canaletas. <a href=\"https:\/\/believeindustry.company\/es\/contacto\/\">Cont\u00e1ctanos<\/a> Ahora, para obtener m\u00e1s informaci\u00f3n.<\/p>","protected":false},"excerpt":{"rendered":"<p>Believe Industry new design downspout and elbow roll former(downpipe machine) offers a complete package for producing downspout and elbow products. Which also have the ability to bend elbow offsets which allows the production of many custom shapes in seamless pieces. Downspout and Elbow Roll Former Downspout and Elbow The new design of downspout and elbow [&hellip;]<\/p>\n","protected":false},"author":2,"featured_media":6815,"parent":1078,"menu_order":0,"comment_status":"closed","ping_status":"closed","template":"","meta":{"_angie_page":false,"jetpack_post_was_ever_published":false,"footnotes":"","big_sky_generated":false},"tags":[],"class_list":["post-6810","page","type-page","status-publish","has-post-thumbnail","hentry"],"blocksy_meta":[],"jetpack_sharing_enabled":true,"jetpack_shortlink":"https:\/\/wp.me\/P9K5n8-1LQ","jetpack_likes_enabled":false,"jetpack-related-posts":[{"id":3224,"url":"https:\/\/believeindustry.company\/es\/roll-forming-machine\/downspoutgutter-roll-forming-machine\/downspout-roll-forming-machine\/","url_meta":{"origin":6810,"position":0},"title":"M\u00e1quina formadora de rollos para bajantes","author":"Believe Industry Group","date":"octubre 30, 2018","format":false,"excerpt":"Downspout Roll Forming Machine is for producing rectangular or round downpipes, which is always equipped with a elbow machine. Downspout Roll Forming Machine What's downspout? A downspout is also named as waterspout, downpipe, drain spout, roof drain pipe, or sone. Which is a pipe for carrying rainwater from the gutter.\u2026","rel":"","context":"En \u00abdownpipe machine\u00bb","block_context":{"text":"downpipe machine","link":"https:\/\/believeindustry.company\/es\/tag\/downpipe-machine\/"},"img":{"alt_text":"downpipe roll forming machine","src":"https:\/\/i0.wp.com\/believeindustry.company\/wp-content\/uploads\/2018\/10\/downpipe-roll-forming-machine.jpg?resize=350%2C200&ssl=1","width":350,"height":200,"srcset":"https:\/\/i0.wp.com\/believeindustry.company\/wp-content\/uploads\/2018\/10\/downpipe-roll-forming-machine.jpg?resize=350%2C200&ssl=1 1x, https:\/\/i0.wp.com\/believeindustry.company\/wp-content\/uploads\/2018\/10\/downpipe-roll-forming-machine.jpg?resize=525%2C300&ssl=1 1.5x, https:\/\/i0.wp.com\/believeindustry.company\/wp-content\/uploads\/2018\/10\/downpipe-roll-forming-machine.jpg?resize=700%2C400&ssl=1 2x, https:\/\/i0.wp.com\/believeindustry.company\/wp-content\/uploads\/2018\/10\/downpipe-roll-forming-machine.jpg?resize=1050%2C600&ssl=1 3x"},"classes":[]},{"id":1078,"url":"https:\/\/believeindustry.company\/es\/roll-forming-machine\/downspoutgutter-roll-forming-machine\/","url_meta":{"origin":6810,"position":1},"title":"M\u00e1quina formadora de rollos para bajantes y canalones","author":"Believe Industry Group","date":"abril 10, 2018","format":false,"excerpt":"","rel":"","context":"En \u00abbelieve industry machine\u00bb","block_context":{"text":"believe industry machine","link":"https:\/\/believeindustry.company\/es\/tag\/believe-industry-machine\/"},"img":{"alt_text":"DownspoutGutter Roll Forming Machines","src":"https:\/\/i0.wp.com\/believeindustry.company\/wp-content\/uploads\/2018\/04\/copper-gutter-outlet-elbows-scupper-and-downspout.jpg?resize=350%2C200&ssl=1","width":350,"height":200,"srcset":"https:\/\/i0.wp.com\/believeindustry.company\/wp-content\/uploads\/2018\/04\/copper-gutter-outlet-elbows-scupper-and-downspout.jpg?resize=350%2C200&ssl=1 1x, https:\/\/i0.wp.com\/believeindustry.company\/wp-content\/uploads\/2018\/04\/copper-gutter-outlet-elbows-scupper-and-downspout.jpg?resize=525%2C300&ssl=1 1.5x, https:\/\/i0.wp.com\/believeindustry.company\/wp-content\/uploads\/2018\/04\/copper-gutter-outlet-elbows-scupper-and-downspout.jpg?resize=700%2C400&ssl=1 2x"},"classes":[]},{"id":577,"url":"https:\/\/believeindustry.company\/es\/roll-forming-machine\/","url_meta":{"origin":6810,"position":2},"title":"M\u00e1quina perfiladora de rodillos","author":"Believe Industry Group","date":"marzo 22, 2018","format":false,"excerpt":"As a premier manufacturer and exporter of machinery from Wuxi, China, Beli RollForming specializes in designing and building a vast range of high-performance roll forming machines for various global industries.Beli RollForming's Roll Forming Machines are advanced, continuous production systems that transform flat metal coils (steel, aluminum, etc.) into precise, long-length\u2026","rel":"","context":"En \u00abCoil Roll Forming Machine\u00bb","block_context":{"text":"Coil Roll Forming Machine","link":"https:\/\/believeindustry.company\/es\/tag\/coil-roll-forming-machine\/"},"img":{"alt_text":"roll forming mills","src":"https:\/\/i0.wp.com\/believeindustry.company\/wp-content\/uploads\/2018\/03\/roll-forming-mills-e1522722506357.jpg?resize=350%2C200&ssl=1","width":350,"height":200,"srcset":"https:\/\/i0.wp.com\/believeindustry.company\/wp-content\/uploads\/2018\/03\/roll-forming-mills-e1522722506357.jpg?resize=350%2C200&ssl=1 1x, https:\/\/i0.wp.com\/believeindustry.company\/wp-content\/uploads\/2018\/03\/roll-forming-mills-e1522722506357.jpg?resize=525%2C300&ssl=1 1.5x, https:\/\/i0.wp.com\/believeindustry.company\/wp-content\/uploads\/2018\/03\/roll-forming-mills-e1522722506357.jpg?resize=700%2C400&ssl=1 2x, https:\/\/i0.wp.com\/believeindustry.company\/wp-content\/uploads\/2018\/03\/roll-forming-mills-e1522722506357.jpg?resize=1050%2C600&ssl=1 3x"},"classes":[]},{"id":2264,"url":"https:\/\/believeindustry.company\/es\/roll-forming-machine\/downspoutgutter-roll-forming-machine\/portable-gutter-machine-for-sale\/","url_meta":{"origin":6810,"position":3},"title":"M\u00e1quina de canalones port\u00e1til","author":"Believe Industry Group","date":"junio 19, 2018","format":false,"excerpt":"Believe Industry Company have a full range of portable gutter machine for sale. 5\" and 6\" K style, 6\" half round gutter and 7\" industrial gutter machines. Portable Gutter Machine For Sale What's A Gutter? A rain gutter is a components of water discharge system for a building. Water from\u2026","rel":"","context":"En \u00abdownspout lines\u00bb","block_context":{"text":"downspout lines","link":"https:\/\/believeindustry.company\/es\/tag\/downspout-lines\/"},"img":{"alt_text":"portable gutter machine for sale (2)","src":"https:\/\/i0.wp.com\/believeindustry.company\/wp-content\/uploads\/2018\/06\/portable-gutter-machine-for-sale-2.jpg?resize=350%2C200&ssl=1","width":350,"height":200,"srcset":"https:\/\/i0.wp.com\/believeindustry.company\/wp-content\/uploads\/2018\/06\/portable-gutter-machine-for-sale-2.jpg?resize=350%2C200&ssl=1 1x, https:\/\/i0.wp.com\/believeindustry.company\/wp-content\/uploads\/2018\/06\/portable-gutter-machine-for-sale-2.jpg?resize=525%2C300&ssl=1 1.5x, https:\/\/i0.wp.com\/believeindustry.company\/wp-content\/uploads\/2018\/06\/portable-gutter-machine-for-sale-2.jpg?resize=700%2C400&ssl=1 2x, https:\/\/i0.wp.com\/believeindustry.company\/wp-content\/uploads\/2018\/06\/portable-gutter-machine-for-sale-2.jpg?resize=1050%2C600&ssl=1 3x"},"classes":[]},{"id":1003,"url":"https:\/\/believeindustry.company\/es\/roll-forming-machine\/metal-sheet-roll-forming-machine\/bemo-sheet-roll-forming-machine\/","url_meta":{"origin":6810,"position":4},"title":"M\u00e1quina formadora de rollos de chapa Bemo","author":"Believe Industry Group","date":"abril 9, 2018","format":false,"excerpt":"Bemo Sheet Roll Forming Machine is for produce Bemo Sheets with various width and multiple shapes. Which is also named as Standing Seaming Roll Forming Machine. Bemo Sheet Roll Forming Machine What's BEMO Sheet? BEMO Sheet, one kind of Standing Seam Sheets, was developed by BEMO company. And the material\u2026","rel":"","context":"En \u00abBemo Sheet Machine\u00bb","block_context":{"text":"Bemo Sheet Machine","link":"https:\/\/believeindustry.company\/es\/tag\/bemo-sheet-machine\/"},"img":{"alt_text":"bemo sheet roll forming machine","src":"https:\/\/i0.wp.com\/believeindustry.company\/wp-content\/uploads\/2018\/04\/bemo-sheet-roll-forming-machine.jpg?resize=350%2C200&ssl=1","width":350,"height":200,"srcset":"https:\/\/i0.wp.com\/believeindustry.company\/wp-content\/uploads\/2018\/04\/bemo-sheet-roll-forming-machine.jpg?resize=350%2C200&ssl=1 1x, https:\/\/i0.wp.com\/believeindustry.company\/wp-content\/uploads\/2018\/04\/bemo-sheet-roll-forming-machine.jpg?resize=525%2C300&ssl=1 1.5x, https:\/\/i0.wp.com\/believeindustry.company\/wp-content\/uploads\/2018\/04\/bemo-sheet-roll-forming-machine.jpg?resize=700%2C400&ssl=1 2x"},"classes":[]},{"id":680,"url":"https:\/\/believeindustry.company\/es\/roll-forming-machine\/metal-sheet-roll-forming-machine\/corrugated-sheet-roll-forming-machine\/","url_meta":{"origin":6810,"position":5},"title":"M\u00e1quina formadora de rollos de l\u00e1mina ondulada","author":"Believe Industry Group","date":"marzo 27, 2018","format":false,"excerpt":"Corrugated Sheet Roll Forming Machine is a special which can produce various width of sheets without any mould change, only adjusting the feeding guiding. What's Corrugated Sheet? Corrugated sheet is a very important cladding element for commercial, residential and industrial roofing and walling. The traditional shape of corrugated material is\u2026","rel":"","context":"En \u00abCold Roll Forming\u00bb","block_context":{"text":"Cold Roll Forming","link":"https:\/\/believeindustry.company\/es\/tag\/cold-roll-forming\/"},"img":{"alt_text":"Automatic Collection Table and Outfeed Rack for Beli RollForming Production Line","src":"https:\/\/i0.wp.com\/believeindustry.company\/wp-content\/uploads\/2018\/05\/corrugated-roofing-sheet-roll-former.webp?resize=350%2C200&ssl=1","width":350,"height":200,"srcset":"https:\/\/i0.wp.com\/believeindustry.company\/wp-content\/uploads\/2018\/05\/corrugated-roofing-sheet-roll-former.webp?resize=350%2C200&ssl=1 1x, https:\/\/i0.wp.com\/believeindustry.company\/wp-content\/uploads\/2018\/05\/corrugated-roofing-sheet-roll-former.webp?resize=525%2C300&ssl=1 1.5x, https:\/\/i0.wp.com\/believeindustry.company\/wp-content\/uploads\/2018\/05\/corrugated-roofing-sheet-roll-former.webp?resize=700%2C400&ssl=1 2x, https:\/\/i0.wp.com\/believeindustry.company\/wp-content\/uploads\/2018\/05\/corrugated-roofing-sheet-roll-former.webp?resize=1050%2C600&ssl=1 3x, https:\/\/i0.wp.com\/believeindustry.company\/wp-content\/uploads\/2018\/05\/corrugated-roofing-sheet-roll-former.webp?resize=1400%2C800&ssl=1 4x"},"classes":[]}],"amp_enabled":true,"_links":{"self":[{"href":"https:\/\/believeindustry.company\/es\/wp-json\/wp\/v2\/pages\/6810","targetHints":{"allow":["GET"]}}],"collection":[{"href":"https:\/\/believeindustry.company\/es\/wp-json\/wp\/v2\/pages"}],"about":[{"href":"https:\/\/believeindustry.company\/es\/wp-json\/wp\/v2\/types\/page"}],"author":[{"embeddable":true,"href":"https:\/\/believeindustry.company\/es\/wp-json\/wp\/v2\/users\/2"}],"replies":[{"embeddable":true,"href":"https:\/\/believeindustry.company\/es\/wp-json\/wp\/v2\/comments?post=6810"}],"version-history":[{"count":0,"href":"https:\/\/believeindustry.company\/es\/wp-json\/wp\/v2\/pages\/6810\/revisions"}],"up":[{"embeddable":true,"href":"https:\/\/believeindustry.company\/es\/wp-json\/wp\/v2\/pages\/1078"}],"wp:featuredmedia":[{"embeddable":true,"href":"https:\/\/believeindustry.company\/es\/wp-json\/wp\/v2\/media\/6815"}],"wp:attachment":[{"href":"https:\/\/believeindustry.company\/es\/wp-json\/wp\/v2\/media?parent=6810"}],"wp:term":[{"taxonomy":"post_tag","embeddable":true,"href":"https:\/\/believeindustry.company\/es\/wp-json\/wp\/v2\/tags?post=6810"}],"curies":[{"name":"wp","href":"https:\/\/api.w.org\/{rel}","templated":true}]}}