{"id":6842,"date":"2019-06-25T15:22:22","date_gmt":"2019-06-25T07:22:22","guid":{"rendered":"https:\/\/believeindustry.company\/?page_id=6842"},"modified":"2025-10-16T20:41:07","modified_gmt":"2025-10-16T12:41:07","slug":"maquina-perfiladora-de-correas-multihaz","status":"publish","type":"page","link":"https:\/\/believeindustry.company\/es\/roll-forming-machine\/purlin-roll-forming-machine\/multibeam-purlin-roll-forming-machine\/","title":{"rendered":"M\u00e1quina perfiladora de correas multihaz"},"content":{"rendered":"<h2 class=\"wp-block-heading\">M\u00e1quina perfiladora de correas multihaz<\/h2>\n\n\n\n<p><strong>M\u00e1quina perfiladora de correas multihaz<\/strong> Est\u00e1 dise\u00f1ada para producir correas Omega con un di\u00e1metro de alma de 100 a 450 mm y un ala de 60 a 100 mm. Con un simple ajuste, la m\u00e1quina tambi\u00e9n puede producir correas tipo C. <\/p>\n\n\n\n<h3 class=\"wp-block-heading\">Disposici\u00f3n de la m\u00e1quina multihaz<\/h3>\n\n\n\n<figure class=\"wp-block-image\"><img fetchpriority=\"high\" decoding=\"async\" width=\"549\" height=\"241\" data-attachment-id=\"6845\" data-permalink=\"https:\/\/believeindustry.company\/es\/roll-forming-machine\/purlin-roll-forming-machine\/multibeam-purlin-roll-forming-machine\/multibeam-machine-layout\/\" data-orig-file=\"https:\/\/believeindustry.company\/wp-content\/uploads\/2019\/06\/multibeam-machine-layout.png\" data-orig-size=\"549,241\" data-comments-opened=\"1\" data-image-meta=\"{&quot;aperture&quot;:&quot;0&quot;,&quot;credit&quot;:&quot;&quot;,&quot;camera&quot;:&quot;&quot;,&quot;caption&quot;:&quot;&quot;,&quot;created_timestamp&quot;:&quot;0&quot;,&quot;copyright&quot;:&quot;&quot;,&quot;focal_length&quot;:&quot;0&quot;,&quot;iso&quot;:&quot;0&quot;,&quot;shutter_speed&quot;:&quot;0&quot;,&quot;title&quot;:&quot;&quot;,&quot;orientation&quot;:&quot;0&quot;}\" data-image-title=\"multibeam machine layout\" data-image-description=\"\" data-image-caption=\"\" data-medium-file=\"https:\/\/believeindustry.company\/wp-content\/uploads\/2019\/06\/multibeam-machine-layout-300x132.png\" data-large-file=\"https:\/\/believeindustry.company\/wp-content\/uploads\/2019\/06\/multibeam-machine-layout.png\" src=\"https:\/\/believeindustry.company\/wp-content\/uploads\/2019\/06\/multibeam-machine-layout.png\" alt=\"dise\u00f1o de m\u00e1quina multihaz\" class=\"wp-image-6845\" srcset=\"https:\/\/believeindustry.company\/wp-content\/uploads\/2019\/06\/multibeam-machine-layout.png 549w, https:\/\/believeindustry.company\/wp-content\/uploads\/2019\/06\/multibeam-machine-layout-300x132.png 300w, https:\/\/believeindustry.company\/wp-content\/uploads\/2019\/06\/multibeam-machine-layout-320x140.png 320w, https:\/\/believeindustry.company\/wp-content\/uploads\/2019\/06\/multibeam-machine-layout-360x158.png 360w\" sizes=\"(max-width: 549px) 100vw, 549px\" \/><figcaption class=\"wp-element-caption\">Desenrollado \u2192 alimentaci\u00f3n y guiado \u2192 nivelaci\u00f3n \u2192 punzonado \u2192 corte \u2192 laminado<\/figcaption><\/figure>\n\n\n\n<h3 class=\"wp-block-heading\">Componentes de la m\u00e1quina<\/h3>\n\n\n\n<ol class=\"wp-block-list\">\n<li>Desenrollador<\/li>\n\n\n\n<li>Alimentador y gu\u00eda<\/li>\n\n\n\n<li>Nivelador<\/li>\n\n\n\n<li>Dispositivo perforador<\/li>\n\n\n\n<li>Dispositivo de corte<\/li>\n\n\n\n<li>Conformado de rodillos <\/li>\n\n\n\n<li>Enderezamiento<\/li>\n<\/ol>\n\n\n\n<h3 class=\"wp-block-heading\">Video<\/h3>\n\n\n\n<figure class=\"wp-block-video\"><div class=\"wp-block-embed__wrapper\">\n<iframe title=\"Reproductor de v\u00eddeo VideoPress\" aria-label='Reproductor de v\u00eddeo VideoPress' width='1290' height='726' src='https:\/\/videopress.com\/embed\/UY3fx2hb?cover=1&amp;controls=0&amp;preloadContent=metadata&amp;hd=0' frameborder='0' allowfullscreen data-resize-to-parent=\"true\" allow='clipboard-write'><\/iframe><script src='https:\/\/v0.wordpress.com\/js\/next\/videopress-iframe.js?m=1739540970'><\/script>\n<\/div><\/figure>\n\n\n\n<p><a href=\"http:\/\/www.belirollform.com\" target=\"_blank\" rel=\"noopener\">Compa\u00f1\u00eda de la Industria Believe<\/a> tienen una gama completa de <a href=\"https:\/\/believeindustry.company\/es\/maquina-perfiladora-de-rodillos\/maquina-formadora-de-perfiles\/\">m\u00e1quinas perfiladoras<\/a> Para vigas y correas. <a href=\"mailto:darren@believeindustry.com\">Correo electr\u00f3nico<\/a> o <a href=\"https:\/\/wa.me\/8617351680080\" target=\"_blank\" rel=\"noopener\">WhatsApp<\/a> Cont\u00e1ctame para obtener m\u00e1s informaci\u00f3n.<\/p>","protected":false},"excerpt":{"rendered":"<p>Multibeam Purlin Roll Forming Machine Multibeam Purlin Roll Forming Machine is for producing Omega Purlin with web size from 100-450 mm, flange from 60-100 mm. And with simple adjustment, the machine also can produce c purlins. Multibeam Machine Layout Machine Components Video Believe Industry Company have a full range of roll forming machines for Beams [&hellip;]<\/p>\n","protected":false},"author":2,"featured_media":6849,"parent":727,"menu_order":5,"comment_status":"closed","ping_status":"closed","template":"","meta":{"_angie_page":false,"jetpack_post_was_ever_published":false,"footnotes":"","big_sky_generated":false},"tags":[607849629],"class_list":["post-6842","page","type-page","status-publish","has-post-thumbnail","hentry","tag-purlin-lines"],"blocksy_meta":[],"jetpack_sharing_enabled":true,"jetpack_shortlink":"https:\/\/wp.me\/P9K5n8-1Mm","jetpack_likes_enabled":false,"jetpack-related-posts":[{"id":4532,"url":"https:\/\/believeindustry.company\/es\/roll-forming-machine\/purlin-roll-forming-machine\/multibeam-roll-forming-machine\/","url_meta":{"origin":6842,"position":0},"title":"M\u00e1quina perfiladora de rodillos multihaz","author":"Believe Industry Group","date":"marzo 1, 2019","format":false,"excerpt":"Multibeam Roll Forming MachineWhat's Multibeam?OverviewProfile drawings and Dimensions of MultibeamsMaterial DetailsSpecifications of Multibeam Roll Forming MachineMultibeam Machine ComponentsLayout of the Multibeam Beam Roll Forming MachineBrief Introduction of Multibeam Roll Forming Line Multibeam Roll Forming Machine is for producing series sizes of multi beams as per requirements. Multibeam Roll Forming Machine\u2026","rel":"","context":"En \u00abmultibeam purlin machine\u00bb","block_context":{"text":"multibeam purlin machine","link":"https:\/\/believeindustry.company\/es\/tag\/multibeam-purlin-machine\/"},"img":{"alt_text":"multibeam roll forming machine","src":"https:\/\/i0.wp.com\/believeindustry.company\/wp-content\/uploads\/2019\/03\/multibeam-roll-forming-machine.png?resize=350%2C200&ssl=1","width":350,"height":200,"srcset":"https:\/\/i0.wp.com\/believeindustry.company\/wp-content\/uploads\/2019\/03\/multibeam-roll-forming-machine.png?resize=350%2C200&ssl=1 1x, https:\/\/i0.wp.com\/believeindustry.company\/wp-content\/uploads\/2019\/03\/multibeam-roll-forming-machine.png?resize=525%2C300&ssl=1 1.5x, https:\/\/i0.wp.com\/believeindustry.company\/wp-content\/uploads\/2019\/03\/multibeam-roll-forming-machine.png?resize=700%2C400&ssl=1 2x"},"classes":[]},{"id":838,"url":"https:\/\/believeindustry.company\/es\/roll-forming-machine\/purlin-roll-forming-machine\/z-purlin-roll-forming-machine\/","url_meta":{"origin":6842,"position":1},"title":"M\u00e1quina formadora de perfiles Z","author":"Believe Industry Group","date":"abril 2, 2018","format":false,"excerpt":"Z \u00a0Purlin Roll Forming Machine is used to produce Z Purlins, which webs width is 80-350mm, flange width is 35-80mm, thickness is 1.5-5mm. Introduction of Z Purlin Roll Forming Machine What's Z Purlin? Z Purlin, \u00a0which point symmetric sections that are shaped similar to the letter \"Z\" are referenced as\u2026","rel":"","context":"En \u00abpurlin lines\u00bb","block_context":{"text":"purlin lines","link":"https:\/\/believeindustry.company\/es\/tag\/purlin-lines\/"},"img":{"alt_text":"z purlin roll forming machine","src":"https:\/\/i0.wp.com\/believeindustry.company\/wp-content\/uploads\/2018\/04\/z-purlin-roll-forming-machine-e1522733510258.jpg?resize=350%2C200&ssl=1","width":350,"height":200,"srcset":"https:\/\/i0.wp.com\/believeindustry.company\/wp-content\/uploads\/2018\/04\/z-purlin-roll-forming-machine-e1522733510258.jpg?resize=350%2C200&ssl=1 1x, https:\/\/i0.wp.com\/believeindustry.company\/wp-content\/uploads\/2018\/04\/z-purlin-roll-forming-machine-e1522733510258.jpg?resize=525%2C300&ssl=1 1.5x, https:\/\/i0.wp.com\/believeindustry.company\/wp-content\/uploads\/2018\/04\/z-purlin-roll-forming-machine-e1522733510258.jpg?resize=700%2C400&ssl=1 2x"},"classes":[]},{"id":659,"url":"https:\/\/believeindustry.company\/es\/roll-forming-machine\/purlin-roll-forming-machine\/c-z-purlin-roll-forming-machine\/","url_meta":{"origin":6842,"position":2},"title":"M\u00e1quina perfiladora de correas CZ","author":"Believe Industry Group","date":"marzo 24, 2018","format":false,"excerpt":"C \u00a0Z Purlin Roll Forming Machine is for producing C and Z Purlins with less change over time. \u00a0BELI\u00ae new technology design, exchange time is only 2 minutes. Our latest design c and z purlin machine price is only around 35000$ EXW factory. Contact us for more inforamtion. Believe Industry\u2026","rel":"","context":"En \u00abCompany News\u00bb","block_context":{"text":"Company News","link":"https:\/\/believeindustry.company\/es\/category\/company-news\/"},"img":{"alt_text":"A wide shot displaying the entire integrated C Z Purlin Roll Forming Machine production line, showcasing all components from decoiling to final cut-off in a professional factory setting.","src":"https:\/\/i0.wp.com\/believeindustry.company\/wp-content\/uploads\/2025\/12\/high-speed-c-z-purlin-roll-forming-machine.webp?resize=350%2C200&ssl=1","width":350,"height":200,"srcset":"https:\/\/i0.wp.com\/believeindustry.company\/wp-content\/uploads\/2025\/12\/high-speed-c-z-purlin-roll-forming-machine.webp?resize=350%2C200&ssl=1 1x, https:\/\/i0.wp.com\/believeindustry.company\/wp-content\/uploads\/2025\/12\/high-speed-c-z-purlin-roll-forming-machine.webp?resize=525%2C300&ssl=1 1.5x, https:\/\/i0.wp.com\/believeindustry.company\/wp-content\/uploads\/2025\/12\/high-speed-c-z-purlin-roll-forming-machine.webp?resize=700%2C400&ssl=1 2x"},"classes":[]},{"id":1279,"url":"https:\/\/believeindustry.company\/es\/video\/purlin-roll-forming-machine-video\/","url_meta":{"origin":6842,"position":3},"title":"V\u00eddeo de la m\u00e1quina perfiladora de correas","author":"Believe Industry Group","date":"abril 16, 2018","format":false,"excerpt":"Purlin Roll Forming Machine Video will help you to know how the machine working and how to operate the c z purlin roll forming machine. requirements. Believe Industry Company have a full range of purlin roll forming machines for different:\u00a0C Purlin Roll Forming Machine, Z Purlin Roll Forming Machine. C\u2026","rel":"","context":"En \u00abPurlin Roll Forming Machine\u00bb","block_context":{"text":"Purlin Roll Forming Machine","link":"https:\/\/believeindustry.company\/es\/tag\/purlin-roll-forming-machine\/"},"img":{"alt_text":"c z purlin","src":"https:\/\/i0.wp.com\/believeindustry.company\/wp-content\/uploads\/2018\/05\/c-z-purlin.jpg?resize=350%2C200&ssl=1","width":350,"height":200,"srcset":"https:\/\/i0.wp.com\/believeindustry.company\/wp-content\/uploads\/2018\/05\/c-z-purlin.jpg?resize=350%2C200&ssl=1 1x, https:\/\/i0.wp.com\/believeindustry.company\/wp-content\/uploads\/2018\/05\/c-z-purlin.jpg?resize=525%2C300&ssl=1 1.5x, https:\/\/i0.wp.com\/believeindustry.company\/wp-content\/uploads\/2018\/05\/c-z-purlin.jpg?resize=700%2C400&ssl=1 2x, https:\/\/i0.wp.com\/believeindustry.company\/wp-content\/uploads\/2018\/05\/c-z-purlin.jpg?resize=1050%2C600&ssl=1 3x"},"classes":[]},{"id":3099,"url":"https:\/\/believeindustry.company\/es\/c-purlin-roll-former\/","url_meta":{"origin":6842,"position":4},"title":"Formador de rollo de correa C","author":"Believe Industry Group","date":"octubre 6, 2018","format":false,"excerpt":"C Purlin Roll Former is for produce C Purlins as per requirements. The Purlin web size is from 80-350mm, flange size is from 40-60mm, and thickness is 1.0-3.5mm.\u00a0 C Purlin Roll Former C Purlin Specifications Material: CR, HR, Galvanized Steel Yield Strength: 235-400 Mpa Hole designs can be customized C\u2026","rel":"","context":"En \u00abC Purlin Machine\u00bb","block_context":{"text":"C Purlin Machine","link":"https:\/\/believeindustry.company\/es\/tag\/c-purlin-machine\/"},"img":{"alt_text":"c purlin roll former","src":"https:\/\/i0.wp.com\/believeindustry.company\/wp-content\/uploads\/2018\/10\/c-purlin-roll-former-e1538810763224.jpg?resize=350%2C200&ssl=1","width":350,"height":200,"srcset":"https:\/\/i0.wp.com\/believeindustry.company\/wp-content\/uploads\/2018\/10\/c-purlin-roll-former-e1538810763224.jpg?resize=350%2C200&ssl=1 1x, https:\/\/i0.wp.com\/believeindustry.company\/wp-content\/uploads\/2018\/10\/c-purlin-roll-former-e1538810763224.jpg?resize=525%2C300&ssl=1 1.5x, https:\/\/i0.wp.com\/believeindustry.company\/wp-content\/uploads\/2018\/10\/c-purlin-roll-former-e1538810763224.jpg?resize=700%2C400&ssl=1 2x"},"classes":[]},{"id":3167,"url":"https:\/\/believeindustry.company\/es\/interchangeable-c-z-purlin-roll-forming-machine-2\/","url_meta":{"origin":6842,"position":5},"title":"M\u00e1quina formadora de correas C\/Z intercambiables","author":"Believe Industry Group","date":"octubre 17, 2018","format":false,"excerpt":"Interchangeable c\/z purlin roll forming machine produce cee and zed purlins with various sizes. And the size adjustment is whole automatic A traditional c or z purlin roll forming machine only can produce various sizes of c or z purlins. The web size 80-350mm, flange size 50-100mm and the lip\u2026","rel":"","context":"En \u00abc z purlin cold roll forming machine\u00bb","block_context":{"text":"c z purlin cold roll forming machine","link":"https:\/\/believeindustry.company\/es\/tag\/c-z-purlin-cold-roll-forming-machine\/"},"img":{"alt_text":"","src":"https:\/\/i0.wp.com\/believeindustry.company\/wp-content\/uploads\/2018\/10\/cutoff-device-of-c-and-z-purlin-machine.png?resize=350%2C200&ssl=1","width":350,"height":200},"classes":[]}],"amp_enabled":true,"_links":{"self":[{"href":"https:\/\/believeindustry.company\/es\/wp-json\/wp\/v2\/pages\/6842","targetHints":{"allow":["GET"]}}],"collection":[{"href":"https:\/\/believeindustry.company\/es\/wp-json\/wp\/v2\/pages"}],"about":[{"href":"https:\/\/believeindustry.company\/es\/wp-json\/wp\/v2\/types\/page"}],"author":[{"embeddable":true,"href":"https:\/\/believeindustry.company\/es\/wp-json\/wp\/v2\/users\/2"}],"replies":[{"embeddable":true,"href":"https:\/\/believeindustry.company\/es\/wp-json\/wp\/v2\/comments?post=6842"}],"version-history":[{"count":1,"href":"https:\/\/believeindustry.company\/es\/wp-json\/wp\/v2\/pages\/6842\/revisions"}],"predecessor-version":[{"id":18836,"href":"https:\/\/believeindustry.company\/es\/wp-json\/wp\/v2\/pages\/6842\/revisions\/18836"}],"up":[{"embeddable":true,"href":"https:\/\/believeindustry.company\/es\/wp-json\/wp\/v2\/pages\/727"}],"wp:featuredmedia":[{"embeddable":true,"href":"https:\/\/believeindustry.company\/es\/wp-json\/wp\/v2\/media\/6849"}],"wp:attachment":[{"href":"https:\/\/believeindustry.company\/es\/wp-json\/wp\/v2\/media?parent=6842"}],"wp:term":[{"taxonomy":"post_tag","embeddable":true,"href":"https:\/\/believeindustry.company\/es\/wp-json\/wp\/v2\/tags?post=6842"}],"curies":[{"name":"wp","href":"https:\/\/api.w.org\/{rel}","templated":true}]}}