{"id":6858,"date":"2019-07-01T13:41:36","date_gmt":"2019-07-01T05:41:36","guid":{"rendered":"https:\/\/believeindustry.company\/?page_id=6858"},"modified":"2026-04-11T21:58:50","modified_gmt":"2026-04-11T13:58:50","slug":"maquina-formadora-de-laminas-para-techos-klip-lok","status":"publish","type":"page","link":"https:\/\/believeindustry.company\/es\/roll-forming-machine\/metal-sheet-roll-forming-machine\/klip-lok-roof-sheet-roll-forming-machine\/","title":{"rendered":"M\u00e1quina formadora de l\u00e1minas para techos Klip-Lok"},"content":{"rendered":"<p><amp-fit-text layout=\"fixed-height\" min-font-size=\"6\" max-font-size=\"72\" height=\"80\"><strong>M\u00e1quina formadora de l\u00e1minas para techos Klip-Lok<\/strong> Tambi\u00e9n llamada m\u00e1quina formadora de l\u00e1minas para techos con clip Lock, que se utiliza para producir l\u00e1minas para techos klip-lok 700 o klip-lok 406 seg\u00fan la longitud deseada.<\/amp-fit-text><\/p>\n\n\n\n<h2 class=\"wp-block-heading\">M\u00e1quina formadora de l\u00e1minas para techos Klip-Lok<\/h2>\n\n\n\n<h3 class=\"wp-block-heading\">\u00bfQu\u00e9 es la l\u00e1mina para techo Klip-Lok?<\/h3>\n\n\n\n<p>La l\u00e1mina de techo Klip-lok es un revestimiento fijo oculto de amplia cobertura, sin fijaciones visibles, para techos herm\u00e9ticos. Visualmente, una nervadura acentuada que se eleva desde las placas planas crea un efecto impactante. Se logra la expansi\u00f3n t\u00e9rmica en tramos largos y rectos, y sin fijaciones visibles, las l\u00edneas rectas y largas se mantienen limpias y suaves. <\/p>\n\n\n\n<h4 class=\"wp-block-heading\">Tipos de l\u00e1minas de techo Klip-lok<\/h4>\n\n\n\n<figure class=\"wp-block-gallery has-nested-images columns-default is-cropped wp-block-gallery-1 is-layout-flex wp-block-gallery-is-layout-flex\">\n<figure class=\"wp-block-image size-large\"><img fetchpriority=\"high\" decoding=\"async\" width=\"670\" height=\"400\" data-attachment-id=\"6860\" data-permalink=\"https:\/\/believeindustry.company\/es\/roll-forming-machine\/metal-sheet-roll-forming-machine\/klip-lok-roof-sheet-roll-forming-machine\/klip-lok-700\/\" data-orig-file=\"https:\/\/believeindustry.company\/wp-content\/uploads\/2019\/07\/klip-lok-700.jpg\" data-orig-size=\"670,400\" data-comments-opened=\"1\" data-image-meta=\"{&quot;aperture&quot;:&quot;0&quot;,&quot;credit&quot;:&quot;&quot;,&quot;camera&quot;:&quot;&quot;,&quot;caption&quot;:&quot;&quot;,&quot;created_timestamp&quot;:&quot;0&quot;,&quot;copyright&quot;:&quot;&quot;,&quot;focal_length&quot;:&quot;0&quot;,&quot;iso&quot;:&quot;0&quot;,&quot;shutter_speed&quot;:&quot;0&quot;,&quot;title&quot;:&quot;&quot;,&quot;orientation&quot;:&quot;0&quot;}\" data-image-title=\"klip lok 700\" data-image-description=\"\" data-image-caption=\"\" data-large-file=\"https:\/\/believeindustry.company\/wp-content\/uploads\/2019\/07\/klip-lok-700.jpg\" data-id=\"6860\" src=\"https:\/\/believeindustry.company\/wp-content\/uploads\/2019\/07\/klip-lok-700.jpg\" alt=\"Klip Lok 700\" class=\"wp-image-6860\" srcset=\"https:\/\/believeindustry.company\/wp-content\/uploads\/2019\/07\/klip-lok-700.jpg 670w, https:\/\/believeindustry.company\/wp-content\/uploads\/2019\/07\/klip-lok-700-600x358.jpg 600w, https:\/\/believeindustry.company\/wp-content\/uploads\/2019\/07\/klip-lok-700-300x179.jpg 300w, https:\/\/believeindustry.company\/wp-content\/uploads\/2019\/07\/klip-lok-700-320x191.jpg 320w, https:\/\/believeindustry.company\/wp-content\/uploads\/2019\/07\/klip-lok-700-640x382.jpg 640w, https:\/\/believeindustry.company\/wp-content\/uploads\/2019\/07\/klip-lok-700-360x215.jpg 360w, https:\/\/believeindustry.company\/wp-content\/uploads\/2019\/07\/klip-lok-700-370x220.jpg 370w\" sizes=\"(max-width: 670px) 100vw, 670px\" \/><figcaption><\/figcaption><\/figure>\n\n\n\n<figure class=\"wp-block-image size-large\"><img decoding=\"async\" width=\"670\" height=\"400\" data-attachment-id=\"6861\" data-permalink=\"https:\/\/believeindustry.company\/es\/roll-forming-machine\/metal-sheet-roll-forming-machine\/klip-lok-roof-sheet-roll-forming-machine\/klip-lok-406\/\" data-orig-file=\"https:\/\/believeindustry.company\/wp-content\/uploads\/2019\/07\/klip-lok-406.jpg\" data-orig-size=\"670,400\" data-comments-opened=\"1\" data-image-meta=\"{&quot;aperture&quot;:&quot;0&quot;,&quot;credit&quot;:&quot;&quot;,&quot;camera&quot;:&quot;&quot;,&quot;caption&quot;:&quot;&quot;,&quot;created_timestamp&quot;:&quot;0&quot;,&quot;copyright&quot;:&quot;&quot;,&quot;focal_length&quot;:&quot;0&quot;,&quot;iso&quot;:&quot;0&quot;,&quot;shutter_speed&quot;:&quot;0&quot;,&quot;title&quot;:&quot;&quot;,&quot;orientation&quot;:&quot;0&quot;}\" data-image-title=\"klip lok 406\" data-image-description=\"\" data-image-caption=\"\" data-large-file=\"https:\/\/believeindustry.company\/wp-content\/uploads\/2019\/07\/klip-lok-406.jpg\" data-id=\"6861\" src=\"https:\/\/believeindustry.company\/wp-content\/uploads\/2019\/07\/klip-lok-406.jpg\" alt=\"clip lok 406\" class=\"wp-image-6861\" srcset=\"https:\/\/believeindustry.company\/wp-content\/uploads\/2019\/07\/klip-lok-406.jpg 670w, https:\/\/believeindustry.company\/wp-content\/uploads\/2019\/07\/klip-lok-406-600x358.jpg 600w, https:\/\/believeindustry.company\/wp-content\/uploads\/2019\/07\/klip-lok-406-300x179.jpg 300w, https:\/\/believeindustry.company\/wp-content\/uploads\/2019\/07\/klip-lok-406-320x191.jpg 320w, https:\/\/believeindustry.company\/wp-content\/uploads\/2019\/07\/klip-lok-406-640x382.jpg 640w, https:\/\/believeindustry.company\/wp-content\/uploads\/2019\/07\/klip-lok-406-360x215.jpg 360w, https:\/\/believeindustry.company\/wp-content\/uploads\/2019\/07\/klip-lok-406-370x220.jpg 370w\" sizes=\"(max-width: 670px) 100vw, 670px\" \/><figcaption><\/figcaption><\/figure>\n\n\n\n<figure class=\"wp-block-image size-large\"><img decoding=\"async\" width=\"670\" height=\"400\" data-attachment-id=\"6862\" data-permalink=\"https:\/\/believeindustry.company\/es\/roll-forming-machine\/metal-sheet-roll-forming-machine\/klip-lok-roof-sheet-roll-forming-machine\/klip-tite\/\" data-orig-file=\"https:\/\/believeindustry.company\/wp-content\/uploads\/2019\/07\/Klip-tite.jpg\" data-orig-size=\"670,400\" data-comments-opened=\"1\" data-image-meta=\"{&quot;aperture&quot;:&quot;0&quot;,&quot;credit&quot;:&quot;&quot;,&quot;camera&quot;:&quot;&quot;,&quot;caption&quot;:&quot;&quot;,&quot;created_timestamp&quot;:&quot;0&quot;,&quot;copyright&quot;:&quot;&quot;,&quot;focal_length&quot;:&quot;0&quot;,&quot;iso&quot;:&quot;0&quot;,&quot;shutter_speed&quot;:&quot;0&quot;,&quot;title&quot;:&quot;&quot;,&quot;orientation&quot;:&quot;0&quot;}\" data-image-title=\"Klip tite\" data-image-description=\"\" data-image-caption=\"\" data-large-file=\"https:\/\/believeindustry.company\/wp-content\/uploads\/2019\/07\/Klip-tite.jpg\" data-id=\"6862\" src=\"https:\/\/believeindustry.company\/wp-content\/uploads\/2019\/07\/Klip-tite.jpg\" alt=\"Clip tite\" class=\"wp-image-6862\" srcset=\"https:\/\/believeindustry.company\/wp-content\/uploads\/2019\/07\/Klip-tite.jpg 670w, https:\/\/believeindustry.company\/wp-content\/uploads\/2019\/07\/Klip-tite-600x358.jpg 600w, https:\/\/believeindustry.company\/wp-content\/uploads\/2019\/07\/Klip-tite-300x179.jpg 300w, https:\/\/believeindustry.company\/wp-content\/uploads\/2019\/07\/Klip-tite-320x191.jpg 320w, https:\/\/believeindustry.company\/wp-content\/uploads\/2019\/07\/Klip-tite-640x382.jpg 640w, https:\/\/believeindustry.company\/wp-content\/uploads\/2019\/07\/Klip-tite-360x215.jpg 360w, https:\/\/believeindustry.company\/wp-content\/uploads\/2019\/07\/Klip-tite-370x220.jpg 370w\" sizes=\"(max-width: 670px) 100vw, 670px\" \/><figcaption><\/figcaption><\/figure>\n<\/figure>\n\n\n\n<div style=\"height:20px\" aria-hidden=\"true\" class=\"wp-block-spacer\"><\/div>\n\n\n\n<p>El perfil tendr\u00e1 3 o 4 nervaduras trapezoidales con una separaci\u00f3n de 233 mm entre centros, lo que proporciona una cobertura neta de 406 o 700 mm. La nervadura macho tendr\u00e1 espolones para asegurar un doble enclavamiento positivo en los solapes laterales. Cada bandeja incorporar\u00e1 dos nervaduras de refuerzo. <\/p>\n\n\n\n<p class=\"has-text-align-left\">La l\u00e1mina del techo ser\u00e1 un perfil Klip-Lok de fijaci\u00f3n oculta con doble enclavamiento, formado en rollos de longitudes continuas y cortado a medida mediante un proceso de corte neum\u00e1tico de acero galvanizado de 0,4-0,6 mm.<\/p>\n\n\n\n<h3 class=\"wp-block-heading\">Componentes de la m\u00e1quina Klip-Lok<\/h3>\n\n\n\n<ol class=\"wp-block-list\">\n<li>Desenrollador, manual o autom\u00e1tico<\/li>\n\n\n\n<li>Alimentador y gu\u00eda<\/li>\n\n\n\n<li>Molino formador de rollos, rodillos, ejes<\/li>\n\n\n\n<li>Unidad de corte<\/li>\n\n\n\n<li>Estaci\u00f3n hidr\u00e1ulica<\/li>\n\n\n\n<li>Panel de control<\/li>\n\n\n\n<li>Tabla de colecci\u00f3n<\/li>\n<\/ol>\n\n\n\n<h3 class=\"wp-block-heading\">Breve introducci\u00f3n de la perfiladora Klip-lok<\/h3>\n\n\n\n<ol class=\"wp-block-list\">\n<li>Capacidad del desenrollador: 5 toneladas<\/li>\n\n\n\n<li>Di\u00e1metro interior de la bobina: 500-650 mm<\/li>\n\n\n\n<li>Di\u00e1metro exterior de la bobina: M\u00e1x. 1500 mm<\/li>\n\n\n\n<li>Espesor de la bobina: 0,4-0,6 mm<\/li>\n\n\n\n<li>Ancho de la bobina: 940 mm o 610 mm<\/li>\n\n\n\n<li>Pasos de formaci\u00f3n: 32 <\/li>\n\n\n\n<li>Potencia del motor principal: 15 KW<\/li>\n\n\n\n<li>Material del rodillo: ASTM 1045, templado y cromado, espesor 0,05 mm.<\/li>\n\n\n\n<li>Material del eje: S\u00f3lido, 75 mm, ASTM 1045. <\/li>\n\n\n\n<li>M\u00e9todo de accionamiento: por cadena y engranaje<\/li>\n\n\n\n<li> El sistema de control con PLC inteligente y pantalla t\u00e1ctil HMI ayuda a operar la m\u00e1quina de manera sencilla y a crear l\u00e1minas de techo Klip-Lok id\u00e9nticas que presentan sus especificaciones exactas. <\/li>\n<\/ol>\n\n\n\n<figure class=\"wp-block-image aligncenter size-large is-resized\"><img loading=\"lazy\" decoding=\"async\" width=\"800\" height=\"533\" data-attachment-id=\"6865\" data-permalink=\"https:\/\/believeindustry.company\/es\/roll-forming-machine\/metal-sheet-roll-forming-machine\/klip-lok-roof-sheet-roll-forming-machine\/klip-lok-roof-sheet-machine-cutter\/\" data-orig-file=\"https:\/\/believeindustry.company\/wp-content\/uploads\/2019\/07\/klip-lok-roof-sheet-machine-cutter.jpg\" data-orig-size=\"800,533\" data-comments-opened=\"1\" data-image-meta=\"{&quot;aperture&quot;:&quot;0&quot;,&quot;credit&quot;:&quot;&quot;,&quot;camera&quot;:&quot;&quot;,&quot;caption&quot;:&quot;&quot;,&quot;created_timestamp&quot;:&quot;0&quot;,&quot;copyright&quot;:&quot;&quot;,&quot;focal_length&quot;:&quot;0&quot;,&quot;iso&quot;:&quot;0&quot;,&quot;shutter_speed&quot;:&quot;0&quot;,&quot;title&quot;:&quot;&quot;,&quot;orientation&quot;:&quot;1&quot;}\" data-image-title=\"klip lok roof sheet machine cutter\" data-image-description=\"\" data-image-caption=\"&lt;p&gt;Klip-Lok Roof Sheet Roll Forming Machine Cutting Device&lt;\/p&gt;\" data-large-file=\"https:\/\/believeindustry.company\/wp-content\/uploads\/2019\/07\/klip-lok-roof-sheet-machine-cutter.jpg\" src=\"https:\/\/believeindustry.company\/wp-content\/uploads\/2019\/07\/klip-lok-roof-sheet-machine-cutter.jpg\" alt=\"Cortadora de l\u00e1minas para techos Klip Lok\" class=\"wp-image-6865\" style=\"width:533px;height:355px\" srcset=\"https:\/\/believeindustry.company\/wp-content\/uploads\/2019\/07\/klip-lok-roof-sheet-machine-cutter.jpg 800w, https:\/\/believeindustry.company\/wp-content\/uploads\/2019\/07\/klip-lok-roof-sheet-machine-cutter-600x400.jpg 600w, https:\/\/believeindustry.company\/wp-content\/uploads\/2019\/07\/klip-lok-roof-sheet-machine-cutter-300x200.jpg 300w, https:\/\/believeindustry.company\/wp-content\/uploads\/2019\/07\/klip-lok-roof-sheet-machine-cutter-768x512.jpg 768w, https:\/\/believeindustry.company\/wp-content\/uploads\/2019\/07\/klip-lok-roof-sheet-machine-cutter-320x213.jpg 320w, https:\/\/believeindustry.company\/wp-content\/uploads\/2019\/07\/klip-lok-roof-sheet-machine-cutter-640x426.jpg 640w, https:\/\/believeindustry.company\/wp-content\/uploads\/2019\/07\/klip-lok-roof-sheet-machine-cutter-360x240.jpg 360w, https:\/\/believeindustry.company\/wp-content\/uploads\/2019\/07\/klip-lok-roof-sheet-machine-cutter-720x480.jpg 720w, https:\/\/believeindustry.company\/wp-content\/uploads\/2019\/07\/klip-lok-roof-sheet-machine-cutter-272x182.jpg 272w\" sizes=\"(max-width: 800px) 100vw, 800px\" \/><figcaption><\/figcaption><\/figure>\n\n\n\n<p>Believe Industry Company ofrece una gama completa de m\u00e1quinas perfiladoras para materiales de construcci\u00f3n, como:;<\/p>\n\n\n\n<ol class=\"wp-block-list\">\n<li><a href=\"https:\/\/believeindustry.company\/es\/maquina-perfiladora-de-rodillos\/maquina-formadora-de-perfiles\/\">M\u00e1quina formadora de perfiles<\/a><\/li>\n\n\n\n<li><a href=\"https:\/\/believeindustry.company\/es\/maquina-perfiladora-de-rodillos\/maquina-perfiladora-de-perfiles-personalizada\/maquina-perfiladora-de-losas-de-acero\/\">M\u00e1quina perfiladora de cubiertas de piso<\/a><\/li>\n\n\n\n<li>M\u00e1quina para hacer azulejos<\/li>\n\n\n\n<li><a href=\"https:\/\/believeindustry.company\/es\/maquina-perfiladora-de-rodillos\/maquina-formadora-de-rollos-para-bajantes-y-canalones\/\">M\u00e1quinas para bajantes y canalones<\/a><\/li>\n<\/ol>\n\n\n\n<p><a href=\"mailto:darren@believeindustry.com\">Correo electr\u00f3nico <\/a>o <a href=\"https:\/\/wa.me\/8617351680080\" target=\"_blank\" rel=\"noopener\">WhatsApp<\/a> Cont\u00e1ctenos para obtener m\u00e1s informaci\u00f3n.<\/p>","protected":false},"excerpt":{"rendered":"<p>Klip-Lok Roof Sheet Roll Forming Machine also named Clip Lock Roof Sheet Roll Forming Machine, which is for producing klip-lok 700 or klip-lok 406 roof sheets as desired length. Klip-Lok Roof Sheet Roll Forming Machine What&#8217;s Klip-Lok Roof Sheet? Klip-lok roof sheet is a wide-cover concealed fixed cladding with no exposed fasteners for weathertight roofs. [&hellip;]<\/p>\n","protected":false},"author":2,"featured_media":6864,"parent":724,"menu_order":0,"comment_status":"closed","ping_status":"closed","template":"","meta":{"_angie_page":false,"footnotes":"","big_sky_generated":false},"tags":[607851244],"class_list":["post-6858","page","type-page","status-publish","has-post-thumbnail","hentry","tag-construction-and-steel-structure"],"blocksy_meta":[],"jetpack_sharing_enabled":true,"jetpack_shortlink":"https:\/\/wp.me\/P9K5n8-1MC","jetpack_likes_enabled":false,"jetpack-related-posts":[{"id":21922,"url":"https:\/\/believeindustry.company\/es\/construction-and-steel-structure\/","url_meta":{"origin":6858,"position":0},"title":"Construcci\u00f3n y estructura de acero","author":"Believe Industry Group","date":"abril 12, 2026","format":false,"excerpt":"A roll forming machine for construction and steel structure is heavy-duty manufacturing equipment essential for fabricating the custom components used in pre-engineered buildings and structural frameworks.Functioning as an automated, high-speed production line, it continuously converts large, flat coils of raw steel into ready-to-install building materials\u2014such as C and Z purlins,\u2026","rel":"","context":"Entrada similar","block_context":{"text":"Entrada similar","link":""},"img":{"alt_text":"","src":"https:\/\/i0.wp.com\/believeindustry.company\/wp-content\/uploads\/2026\/04\/steel-structure-building-1-1.jpg?resize=350%2C200&ssl=1","width":350,"height":200,"srcset":"https:\/\/i0.wp.com\/believeindustry.company\/wp-content\/uploads\/2026\/04\/steel-structure-building-1-1.jpg?resize=350%2C200&ssl=1 1x, https:\/\/i0.wp.com\/believeindustry.company\/wp-content\/uploads\/2026\/04\/steel-structure-building-1-1.jpg?resize=525%2C300&ssl=1 1.5x, https:\/\/i0.wp.com\/believeindustry.company\/wp-content\/uploads\/2026\/04\/steel-structure-building-1-1.jpg?resize=700%2C400&ssl=1 2x"},"classes":[]},{"id":2251,"url":"https:\/\/believeindustry.company\/es\/roll-forming-machine\/metal-sheet-roll-forming-machine\/widespan-roof-sheeting-roll-forming-machine\/","url_meta":{"origin":6858,"position":1},"title":"M\u00e1quina formadora de l\u00e1minas para techos de gran envergadura","author":"Believe Industry Group","date":"junio 15, 2018","format":false,"excerpt":"A Widespan Roof Sheeting Roll Forming Machine is an industrial manufacturing system built to continuously shape flat metal coils into durable roofing sheets. Furthermore, this heavy-duty equipment uses a series of perfectly calibrated rollers to bend steel accurately at room temperature. Consequently, it provides a highly efficient and reliable solution\u2026","rel":"","context":"En \u00abConstruction and Steel Structure\u00bb","block_context":{"text":"Construction and Steel Structure","link":"https:\/\/believeindustry.company\/es\/tag\/construction-and-steel-structure\/"},"img":{"alt_text":"A full-length view of a complete, industrial widespan roofing sheet roll forming production line, including the uncoiler, the main roll former, and a shearing or cutting unit at the exit end.","src":"https:\/\/i0.wp.com\/believeindustry.company\/wp-content\/uploads\/2025\/12\/widespan-roofing-sheet-roll-former.webp?resize=350%2C200&ssl=1","width":350,"height":200,"srcset":"https:\/\/i0.wp.com\/believeindustry.company\/wp-content\/uploads\/2025\/12\/widespan-roofing-sheet-roll-former.webp?resize=350%2C200&ssl=1 1x, https:\/\/i0.wp.com\/believeindustry.company\/wp-content\/uploads\/2025\/12\/widespan-roofing-sheet-roll-former.webp?resize=525%2C300&ssl=1 1.5x, https:\/\/i0.wp.com\/believeindustry.company\/wp-content\/uploads\/2025\/12\/widespan-roofing-sheet-roll-former.webp?resize=700%2C400&ssl=1 2x, https:\/\/i0.wp.com\/believeindustry.company\/wp-content\/uploads\/2025\/12\/widespan-roofing-sheet-roll-former.webp?resize=1050%2C600&ssl=1 3x, https:\/\/i0.wp.com\/believeindustry.company\/wp-content\/uploads\/2025\/12\/widespan-roofing-sheet-roll-former.webp?resize=1400%2C800&ssl=1 4x"},"classes":[]},{"id":593,"url":"https:\/\/believeindustry.company\/es\/roll-forming-machine\/metal-sheet-roll-forming-machine\/roofing-sheet-roll-forming-machine\/","url_meta":{"origin":6858,"position":2},"title":"M\u00e1quina formadora de rollos de l\u00e1minas para techos","author":"Believe Industry Group","date":"marzo 22, 2018","format":false,"excerpt":"La m\u00e1quina perfiladora de l\u00e1minas para techos est\u00e1 dise\u00f1ada para producir diversos tipos de l\u00e1minas para techos y revestimientos de paredes seg\u00fan el plano de dise\u00f1o y con la longitud deseada. El espesor suele oscilar entre 0,2 y 0,8 mm, y la resistencia entre 235 MPa y 550 MPa. Introducci\u00f3n a la m\u00e1quina perfiladora de l\u00e1minas para techos. \u00bfD\u00f3nde encontrarla?","rel":"","context":"En \u00abConstruction and Steel Structure\u00bb","block_context":{"text":"Construction and Steel Structure","link":"https:\/\/believeindustry.company\/es\/tag\/construction-and-steel-structure\/"},"img":{"alt_text":"roof sheet roll forming machine","src":"https:\/\/i0.wp.com\/believeindustry.company\/wp-content\/uploads\/2018\/06\/roof-sheet-roll-forming-machine_%E5%89%AF%E6%9C%AC.jpg?resize=350%2C200&ssl=1","width":350,"height":200,"srcset":"https:\/\/i0.wp.com\/believeindustry.company\/wp-content\/uploads\/2018\/06\/roof-sheet-roll-forming-machine_%E5%89%AF%E6%9C%AC.jpg?resize=350%2C200&ssl=1 1x, https:\/\/i0.wp.com\/believeindustry.company\/wp-content\/uploads\/2018\/06\/roof-sheet-roll-forming-machine_%E5%89%AF%E6%9C%AC.jpg?resize=525%2C300&ssl=1 1.5x, https:\/\/i0.wp.com\/believeindustry.company\/wp-content\/uploads\/2018\/06\/roof-sheet-roll-forming-machine_%E5%89%AF%E6%9C%AC.jpg?resize=700%2C400&ssl=1 2x, https:\/\/i0.wp.com\/believeindustry.company\/wp-content\/uploads\/2018\/06\/roof-sheet-roll-forming-machine_%E5%89%AF%E6%9C%AC.jpg?resize=1050%2C600&ssl=1 3x"},"classes":[]},{"id":6830,"url":"https:\/\/believeindustry.company\/es\/economic-design-roofing-sheet-roll-forming-machine\/","url_meta":{"origin":6858,"position":3},"title":"M\u00e1quina perfiladora de l\u00e1minas para techos de dise\u00f1o econ\u00f3mico","author":"Believe Industry Group","date":"junio 25, 2019","format":false,"excerpt":"Economic Design Roofing Sheet Roll Forming Machine, not mean that the machine quality is bad. just adopt old design, H beam welded as the bottom base and steel wall plate as the roll forming stands. Which is cheapper than Chromed pillar and Iron case design. Short Description Forming Steps: 16-25\u2026","rel":"","context":"Entrada similar","block_context":{"text":"Entrada similar","link":""},"img":{"alt_text":"cropped Economic Design Roofing Sheet Roll Forming Machine","src":"https:\/\/i0.wp.com\/believeindustry.company\/wp-content\/uploads\/2019\/06\/cropped-Economic-Design-Roofing-Sheet-Roll-Forming-Machine.jpg?resize=350%2C200&ssl=1","width":350,"height":200,"srcset":"https:\/\/i0.wp.com\/believeindustry.company\/wp-content\/uploads\/2019\/06\/cropped-Economic-Design-Roofing-Sheet-Roll-Forming-Machine.jpg?resize=350%2C200&ssl=1 1x, https:\/\/i0.wp.com\/believeindustry.company\/wp-content\/uploads\/2019\/06\/cropped-Economic-Design-Roofing-Sheet-Roll-Forming-Machine.jpg?resize=525%2C300&ssl=1 1.5x, https:\/\/i0.wp.com\/believeindustry.company\/wp-content\/uploads\/2019\/06\/cropped-Economic-Design-Roofing-Sheet-Roll-Forming-Machine.jpg?resize=700%2C400&ssl=1 2x"},"classes":[]},{"id":1608,"url":"https:\/\/believeindustry.company\/es\/brochure-of-metal-sheets-roll-forming-machine\/","url_meta":{"origin":6858,"position":4},"title":"Folleto de la m\u00e1quina perfiladora de l\u00e1minas met\u00e1licas","author":"Believe Industry Group","date":"mayo 5, 2018","format":false,"excerpt":"Believe Industry Company have the full range of roll forming machines for metal roofing sheets, such as: IBR sheet roll forming machine Corrugated sheets roll forming machine Bemo sheet roll forming machine Metal roof tile roll forming machine [3d-flip-book mode=\"fullscreen\" urlparam=\"fb3d-page\" id=\"1588\" title=\"true\" template=\"short-white-book-view\"]","rel":"","context":"En \u00abRoll Forming Machine\u00bb","block_context":{"text":"Roll Forming Machine","link":"https:\/\/believeindustry.company\/es\/tag\/roll-forming-machine\/"},"img":{"alt_text":"roofing sheets","src":"https:\/\/i0.wp.com\/believeindustry.company\/wp-content\/uploads\/2018\/05\/roofing-sheets.jpg?resize=350%2C200&ssl=1","width":350,"height":200,"srcset":"https:\/\/i0.wp.com\/believeindustry.company\/wp-content\/uploads\/2018\/05\/roofing-sheets.jpg?resize=350%2C200&ssl=1 1x, https:\/\/i0.wp.com\/believeindustry.company\/wp-content\/uploads\/2018\/05\/roofing-sheets.jpg?resize=525%2C300&ssl=1 1.5x, https:\/\/i0.wp.com\/believeindustry.company\/wp-content\/uploads\/2018\/05\/roofing-sheets.jpg?resize=700%2C400&ssl=1 2x, https:\/\/i0.wp.com\/believeindustry.company\/wp-content\/uploads\/2018\/05\/roofing-sheets.jpg?resize=1050%2C600&ssl=1 3x"},"classes":[]},{"id":2407,"url":"https:\/\/believeindustry.company\/es\/roll-forming-machine\/metal-sheet-roll-forming-machine\/box-profile-roofing-sheets-roll-forming-machine\/","url_meta":{"origin":6858,"position":5},"title":"M\u00e1quina formadora de l\u00e1minas para techos con perfil de caja","author":"Believe Industry Group","date":"julio 4, 2018","format":false,"excerpt":"La m\u00e1quina perfiladora de l\u00e1minas para techos de perfil caj\u00f3n se utiliza para producir l\u00e1minas para techos de perfil caj\u00f3n, ampliamente empleadas en la construcci\u00f3n con techos de hormig\u00f3n armado. Believe Industry ofrece una gama completa de m\u00e1quinas perfiladoras para perfiles caj\u00f3n, con componentes personalizados para cada m\u00e1quina.","rel":"","context":"En \u00abCold Roll Forming Machine\u00bb","block_context":{"text":"Cold Roll Forming Machine","link":"https:\/\/believeindustry.company\/es\/tag\/cold-roll-forming-machine\/"},"img":{"alt_text":"box profile roofing sheets roll forming machine","src":"https:\/\/i0.wp.com\/believeindustry.company\/wp-content\/uploads\/2018\/07\/box-profile-roofing-sheets-roll-forming-machine.jpg?resize=350%2C200&ssl=1","width":350,"height":200,"srcset":"https:\/\/i0.wp.com\/believeindustry.company\/wp-content\/uploads\/2018\/07\/box-profile-roofing-sheets-roll-forming-machine.jpg?resize=350%2C200&ssl=1 1x, https:\/\/i0.wp.com\/believeindustry.company\/wp-content\/uploads\/2018\/07\/box-profile-roofing-sheets-roll-forming-machine.jpg?resize=525%2C300&ssl=1 1.5x, https:\/\/i0.wp.com\/believeindustry.company\/wp-content\/uploads\/2018\/07\/box-profile-roofing-sheets-roll-forming-machine.jpg?resize=700%2C400&ssl=1 2x"},"classes":[]}],"amp_enabled":true,"_links":{"self":[{"href":"https:\/\/believeindustry.company\/es\/wp-json\/wp\/v2\/pages\/6858","targetHints":{"allow":["GET"]}}],"collection":[{"href":"https:\/\/believeindustry.company\/es\/wp-json\/wp\/v2\/pages"}],"about":[{"href":"https:\/\/believeindustry.company\/es\/wp-json\/wp\/v2\/types\/page"}],"author":[{"embeddable":true,"href":"https:\/\/believeindustry.company\/es\/wp-json\/wp\/v2\/users\/2"}],"replies":[{"embeddable":true,"href":"https:\/\/believeindustry.company\/es\/wp-json\/wp\/v2\/comments?post=6858"}],"version-history":[{"count":4,"href":"https:\/\/believeindustry.company\/es\/wp-json\/wp\/v2\/pages\/6858\/revisions"}],"predecessor-version":[{"id":19710,"href":"https:\/\/believeindustry.company\/es\/wp-json\/wp\/v2\/pages\/6858\/revisions\/19710"}],"up":[{"embeddable":true,"href":"https:\/\/believeindustry.company\/es\/wp-json\/wp\/v2\/pages\/724"}],"wp:featuredmedia":[{"embeddable":true,"href":"https:\/\/believeindustry.company\/es\/wp-json\/wp\/v2\/media\/6864"}],"wp:attachment":[{"href":"https:\/\/believeindustry.company\/es\/wp-json\/wp\/v2\/media?parent=6858"}],"wp:term":[{"taxonomy":"post_tag","embeddable":true,"href":"https:\/\/believeindustry.company\/es\/wp-json\/wp\/v2\/tags?post=6858"}],"curies":[{"name":"wp","href":"https:\/\/api.w.org\/{rel}","templated":true}]}}