{"id":6869,"date":"2019-07-02T13:16:05","date_gmt":"2019-07-02T05:16:05","guid":{"rendered":"https:\/\/believeindustry.company\/?page_id=6869"},"modified":"2021-12-20T10:49:13","modified_gmt":"2021-12-20T02:49:13","slug":"maquina-perfiladora-de-perfiles-de-invernadero","status":"publish","type":"page","link":"https:\/\/believeindustry.company\/es\/roll-forming-machine\/customized-profile-roll-forming-machine\/greenhouse-profile-roll-forming-machine\/","title":{"rendered":"M\u00e1quina perfiladora de perfiles para invernaderos"},"content":{"rendered":"<p><strong>M\u00e1quina perfiladora de perfiles para invernaderos<\/strong> Se utiliza para producir perfiles para invernaderos, como \u00e1ngulos de acero, canales, conductos o sujetadores en forma de sombrero. <\/p>\n\n\n\n<!--more-->\n\n\n\n<p>Believe Industry Company le ayuda a fabricar sus perfiles con precisi\u00f3n. Construir una estructura de invernadero robusta es fundamental. Un invernadero robusto, ya sea el suyo o el de sus clientes, resiste cualquier clima y protege las valiosas plantas en su interior.  <\/p>\n\n\n\n<h2 class=\"wp-block-heading\">M\u00e1quina perfiladora de perfiles para invernaderos<\/h2>\n\n\n\n<h3 class=\"wp-block-heading\">Perfiles de invernaderos<\/h3>\n\n\n\n<figure class=\"wp-block-image size-large is-resized\"><img fetchpriority=\"high\" decoding=\"async\" data-attachment-id=\"6870\" data-permalink=\"https:\/\/believeindustry.company\/es\/roll-forming-machine\/customized-profile-roll-forming-machine\/greenhouse-profile-roll-forming-machine\/greenhouse\/\" data-orig-file=\"https:\/\/believeindustry.company\/wp-content\/uploads\/2019\/07\/greenhouse.jpg\" data-orig-size=\"414,122\" data-comments-opened=\"1\" data-image-meta=\"{&quot;aperture&quot;:&quot;0&quot;,&quot;credit&quot;:&quot;&quot;,&quot;camera&quot;:&quot;&quot;,&quot;caption&quot;:&quot;&quot;,&quot;created_timestamp&quot;:&quot;0&quot;,&quot;copyright&quot;:&quot;&quot;,&quot;focal_length&quot;:&quot;0&quot;,&quot;iso&quot;:&quot;0&quot;,&quot;shutter_speed&quot;:&quot;0&quot;,&quot;title&quot;:&quot;&quot;,&quot;orientation&quot;:&quot;0&quot;}\" data-image-title=\"greenhouse\" data-image-description=\"\" data-image-caption=\"\" data-large-file=\"https:\/\/believeindustry.company\/wp-content\/uploads\/2019\/07\/greenhouse.jpg\" src=\"https:\/\/believeindustry.company\/wp-content\/uploads\/2019\/07\/greenhouse.jpg\" alt=\"invernadero\" class=\"wp-image-6870\" width=\"587\" height=\"173\" srcset=\"https:\/\/believeindustry.company\/wp-content\/uploads\/2019\/07\/greenhouse.jpg 414w, https:\/\/believeindustry.company\/wp-content\/uploads\/2019\/07\/greenhouse-300x88.jpg 300w, https:\/\/believeindustry.company\/wp-content\/uploads\/2019\/07\/greenhouse-320x94.jpg 320w, https:\/\/believeindustry.company\/wp-content\/uploads\/2019\/07\/greenhouse-360x106.jpg 360w\" sizes=\"(max-width: 587px) 100vw, 587px\" \/><figcaption><\/figcaption><\/figure>\n\n\n\n<p><em>El&nbsp;<\/em><strong>estructura<\/strong><em>&nbsp;es el marco del&nbsp;<\/em><strong>invernadero<\/strong><em>, compuesto por columnas, vigas, correas, etc. que soportan el techo, el viento, la lluvia, la nieve, los dispositivos que se instalan y la sobrecarga de las plantas en espaldera, etc.<\/em><\/p>\n\n\n\n<figure class=\"wp-block-image size-large\"><img decoding=\"async\" width=\"932\" height=\"790\" data-attachment-id=\"6872\" data-permalink=\"https:\/\/believeindustry.company\/es\/roll-forming-machine\/customized-profile-roll-forming-machine\/greenhouse-profile-roll-forming-machine\/greenhouse-steel-profiles-1\/\" data-orig-file=\"https:\/\/believeindustry.company\/wp-content\/uploads\/2019\/07\/greenhouse-steel-profiles-1.jpg\" data-orig-size=\"932,790\" data-comments-opened=\"1\" data-image-meta=\"{&quot;aperture&quot;:&quot;0&quot;,&quot;credit&quot;:&quot;&quot;,&quot;camera&quot;:&quot;&quot;,&quot;caption&quot;:&quot;&quot;,&quot;created_timestamp&quot;:&quot;0&quot;,&quot;copyright&quot;:&quot;&quot;,&quot;focal_length&quot;:&quot;0&quot;,&quot;iso&quot;:&quot;0&quot;,&quot;shutter_speed&quot;:&quot;0&quot;,&quot;title&quot;:&quot;&quot;,&quot;orientation&quot;:&quot;0&quot;}\" data-image-title=\"greenhouse steel profiles 1\" data-image-description=\"\" data-image-caption=\"\" data-large-file=\"https:\/\/believeindustry.company\/wp-content\/uploads\/2019\/07\/greenhouse-steel-profiles-1.jpg\" src=\"https:\/\/believeindustry.company\/wp-content\/uploads\/2019\/07\/greenhouse-steel-profiles-1.jpg\" alt=\"perfiles de acero para invernaderos 1\" class=\"wp-image-6872\" srcset=\"https:\/\/believeindustry.company\/wp-content\/uploads\/2019\/07\/greenhouse-steel-profiles-1.jpg 932w, https:\/\/believeindustry.company\/wp-content\/uploads\/2019\/07\/greenhouse-steel-profiles-1-600x509.jpg 600w, https:\/\/believeindustry.company\/wp-content\/uploads\/2019\/07\/greenhouse-steel-profiles-1-300x254.jpg 300w, https:\/\/believeindustry.company\/wp-content\/uploads\/2019\/07\/greenhouse-steel-profiles-1-768x651.jpg 768w, https:\/\/believeindustry.company\/wp-content\/uploads\/2019\/07\/greenhouse-steel-profiles-1-320x271.jpg 320w, https:\/\/believeindustry.company\/wp-content\/uploads\/2019\/07\/greenhouse-steel-profiles-1-640x542.jpg 640w, https:\/\/believeindustry.company\/wp-content\/uploads\/2019\/07\/greenhouse-steel-profiles-1-360x305.jpg 360w, https:\/\/believeindustry.company\/wp-content\/uploads\/2019\/07\/greenhouse-steel-profiles-1-720x610.jpg 720w, https:\/\/believeindustry.company\/wp-content\/uploads\/2019\/07\/greenhouse-steel-profiles-1-800x678.jpg 800w, https:\/\/believeindustry.company\/wp-content\/uploads\/2019\/07\/greenhouse-steel-profiles-1-119x100.jpg 119w\" sizes=\"(max-width: 932px) 100vw, 932px\" \/><figcaption><\/figcaption><\/figure>\n\n\n\n<h3 class=\"wp-block-heading\">Componentes de la m\u00e1quina de perfilado de invernadero<\/h3>\n\n\n\n<ol class=\"wp-block-list\"><li>Desenrollador de un solo brazo<\/li><li>Nivelador<\/li><li>M\u00e1quina de alimentaci\u00f3n y punzonado servo<\/li><li>Alimentador y gu\u00eda<\/li><li>M\u00e1quina perfiladora de rodillos<\/li><li>Dispositivo de corte<\/li><li>Panel de control<\/li><li>Estaci\u00f3n hidr\u00e1ulica<\/li><li>Tabla de colecci\u00f3n<\/li><li>Piezas de repuesto<\/li><\/ol>\n\n\n\n<h3 class=\"wp-block-heading\">Disposici\u00f3n de la m\u00e1quina perfiladora de perfiles<\/h3>\n\n\n\n<figure class=\"wp-block-image size-large\"><img decoding=\"async\" width=\"1024\" height=\"257\" data-attachment-id=\"2726\" data-permalink=\"https:\/\/believeindustry.company\/es\/roll-forming-machine\/customized-profile-roll-forming-machine\/walk-board-scaffold-plank-roll-forming-machine\/layout-of-scaffold-plank-roll-forming-machine\/\" data-orig-file=\"https:\/\/believeindustry.company\/wp-content\/uploads\/2018\/08\/layout-of-scaffold-plank-roll-forming-machine.png\" data-orig-size=\"1460,366\" data-comments-opened=\"1\" data-image-meta=\"{&quot;aperture&quot;:&quot;0&quot;,&quot;credit&quot;:&quot;&quot;,&quot;camera&quot;:&quot;&quot;,&quot;caption&quot;:&quot;&quot;,&quot;created_timestamp&quot;:&quot;0&quot;,&quot;copyright&quot;:&quot;&quot;,&quot;focal_length&quot;:&quot;0&quot;,&quot;iso&quot;:&quot;0&quot;,&quot;shutter_speed&quot;:&quot;0&quot;,&quot;title&quot;:&quot;&quot;,&quot;orientation&quot;:&quot;0&quot;}\" data-image-title=\"layout of scaffold plank roll forming machine\" data-image-description=\"\" data-image-caption=\"\" data-large-file=\"https:\/\/believeindustry.company\/wp-content\/uploads\/2018\/08\/layout-of-scaffold-plank-roll-forming-machine-1024x257.png\" src=\"https:\/\/believeindustry.company\/wp-content\/uploads\/2018\/08\/layout-of-scaffold-plank-roll-forming-machine-1024x257.png\" alt=\"Esquema de la m\u00e1quina perfiladora de tablones de andamio\" class=\"wp-image-2726\" srcset=\"https:\/\/believeindustry.company\/wp-content\/uploads\/2018\/08\/layout-of-scaffold-plank-roll-forming-machine-1024x257.png 1024w, https:\/\/believeindustry.company\/wp-content\/uploads\/2018\/08\/layout-of-scaffold-plank-roll-forming-machine-600x150.png 600w, https:\/\/believeindustry.company\/wp-content\/uploads\/2018\/08\/layout-of-scaffold-plank-roll-forming-machine-300x75.png 300w, https:\/\/believeindustry.company\/wp-content\/uploads\/2018\/08\/layout-of-scaffold-plank-roll-forming-machine.png 1460w\" sizes=\"(max-width: 1024px) 100vw, 1024px\" \/><figcaption>Desenrollado \u2013 Nivelaci\u00f3n \u2013 Alimentaci\u00f3n y punzonado servoaccionados \u2013 Guiado \u2013 Conformado de rodillos \u2013 Corte<\/figcaption><\/figure>\n\n\n\n<h3 class=\"wp-block-heading\">Breve especificaci\u00f3n t\u00e9cnica<\/h3>\n\n\n\n<ul class=\"wp-block-list\"><li>Tipo de desenrollador: Desenrollador el\u00e9ctrico de un solo brazo<\/li><li>Capacidad del desenrollador: 3 toneladas<\/li><li>Potencia del motor nivelador: 3 kW<\/li><li>Potencia del servomotor alimentador: 2,2 kW<\/li><li>Capacidad de la prensa punzonadora: 60 toneladas<\/li><li>Material del molde de punzonado: SKD 11, HRD 58-62<\/li><li>Potencia del motor de perfilado: 7,5 kW - 15 kW<\/li><li>Material del rodillo: GCR 15, templado y revenido<\/li><li>Formaci\u00f3n de gradas: 16-30<\/li><li>M\u00e9todo de transmisi\u00f3n: Cadena y engranajes o caja de cambios<\/li><li>Velocidad de la l\u00ednea: 15-20 m\/min<\/li><li>Panel de control: PLC e HMI<\/li><\/ul>\n\n\n\n<p>Adem\u00e1s de los perfiles mencionados, Believe Industry Company tambi\u00e9n acepta perfiles personalizados para invernaderos. Nos dedicamos al dise\u00f1o y la fabricaci\u00f3n de m\u00e1quinas perfiladoras desde hace m\u00e1s de 10 a\u00f1os. Tambi\u00e9n disponemos de m\u00e1quinas para las siguientes aplicaciones:<\/p>\n\n\n\n<ol class=\"wp-block-list\"><li>Materiales de construcci\u00f3n<\/li><li>Sistemas de almacenamiento y estanter\u00edas<\/li><li>Sistema de bajantes y canalones<\/li><li>Industria solar<\/li><li>Marcos de puertas<\/li><\/ol>\n\n\n\n<p><a href=\"https:\/\/believeindustry.company\/es\/contacto\/\">Cont\u00e1ctanos<\/a> Para obtener m\u00e1s informaci\u00f3n o <a href=\"https:\/\/wa.me\/8617351680080\" target=\"_blank\" rel=\"noopener\">Escr\u00edbenos por WhatsApp<\/a> directamente.<\/p>","protected":false},"excerpt":{"rendered":"<p>La m\u00e1quina perfiladora de perfiles para invernaderos se utiliza para producir perfiles para invernaderos, como \u00e1ngulos de acero, canales, conductos o sujetadores en forma de sombrero.<\/p>","protected":false},"author":2,"featured_media":6874,"parent":1257,"menu_order":0,"comment_status":"closed","ping_status":"closed","template":"","meta":{"_angie_page":false,"footnotes":"","big_sky_generated":false},"tags":[607849634],"class_list":["post-6869","page","type-page","status-publish","has-post-thumbnail","hentry","tag-custom-designs"],"blocksy_meta":[],"jetpack_sharing_enabled":true,"jetpack_shortlink":"https:\/\/wp.me\/P9K5n8-1MN","jetpack_likes_enabled":false,"jetpack-related-posts":[{"id":7463,"url":"https:\/\/believeindustry.company\/es\/hydroponic-hanging-gutter-roll-former\/","url_meta":{"origin":6869,"position":0},"title":"Perfiladora de canaletas colgantes hidrop\u00f3nicas","author":"Believe Industry Group","date":"marzo 18, 2020","format":false,"excerpt":"Hydroponic Hanging Gutter Roll Former is designed to manufacture suspended gutters for hydroponic growing with recirculation in the farm and customizable to the measure of each farm in length.\u00a0And makes it easier to install and transport to the greenhouse and reduces storage and logistics problems. Our new design hanging gutter\u2026","rel":"","context":"En \u00abdownspout lines\u00bb","block_context":{"text":"downspout lines","link":"https:\/\/believeindustry.company\/es\/tag\/downspout-lines\/"},"img":{"alt_text":"Beli RollForming mobile Cultivation Gutter Roll Former for greenhouse installation","src":"https:\/\/i0.wp.com\/believeindustry.company\/wp-content\/uploads\/2020\/03\/Hydroponic-Hanging-Gutter-Roll-Former.jpg?resize=350%2C200&ssl=1","width":350,"height":200,"srcset":"https:\/\/i0.wp.com\/believeindustry.company\/wp-content\/uploads\/2020\/03\/Hydroponic-Hanging-Gutter-Roll-Former.jpg?resize=350%2C200&ssl=1 1x, https:\/\/i0.wp.com\/believeindustry.company\/wp-content\/uploads\/2020\/03\/Hydroponic-Hanging-Gutter-Roll-Former.jpg?resize=525%2C300&ssl=1 1.5x, https:\/\/i0.wp.com\/believeindustry.company\/wp-content\/uploads\/2020\/03\/Hydroponic-Hanging-Gutter-Roll-Former.jpg?resize=700%2C400&ssl=1 2x, https:\/\/i0.wp.com\/believeindustry.company\/wp-content\/uploads\/2020\/03\/Hydroponic-Hanging-Gutter-Roll-Former.jpg?resize=1050%2C600&ssl=1 3x, https:\/\/i0.wp.com\/believeindustry.company\/wp-content\/uploads\/2020\/03\/Hydroponic-Hanging-Gutter-Roll-Former.jpg?resize=1400%2C800&ssl=1 4x"},"classes":[]},{"id":22021,"url":"https:\/\/believeindustry.company\/es\/elementor-page-22021\/","url_meta":{"origin":6869,"position":1},"title":"Bajante y canal\u00f3n","author":"Believe Industry Group","date":"abril 12, 2026","format":false,"excerpt":"A roll forming machine for rain downspout and gutter is specialized manufacturing equipment designed to produce the vital components of residential and commercial roof drainage systems.These machines continuously profile flat coils of aluminum, galvanized steel, or copper into functional, weather-resistant water management products. The equipment generally falls into two categories:\u2026","rel":"","context":"Entrada similar","block_context":{"text":"Entrada similar","link":""},"img":{"alt_text":"downspout and gutter","src":"https:\/\/i0.wp.com\/believeindustry.company\/wp-content\/uploads\/2026\/04\/downspout-and-gutter.webp?resize=350%2C200&ssl=1","width":350,"height":200,"srcset":"https:\/\/i0.wp.com\/believeindustry.company\/wp-content\/uploads\/2026\/04\/downspout-and-gutter.webp?resize=350%2C200&ssl=1 1x, https:\/\/i0.wp.com\/believeindustry.company\/wp-content\/uploads\/2026\/04\/downspout-and-gutter.webp?resize=525%2C300&ssl=1 1.5x, https:\/\/i0.wp.com\/believeindustry.company\/wp-content\/uploads\/2026\/04\/downspout-and-gutter.webp?resize=700%2C400&ssl=1 2x, https:\/\/i0.wp.com\/believeindustry.company\/wp-content\/uploads\/2026\/04\/downspout-and-gutter.webp?resize=1050%2C600&ssl=1 3x, https:\/\/i0.wp.com\/believeindustry.company\/wp-content\/uploads\/2026\/04\/downspout-and-gutter.webp?resize=1400%2C800&ssl=1 4x"},"classes":[]},{"id":8080,"url":"https:\/\/believeindustry.company\/es\/cultivation-gutter-system-and-machine\/","url_meta":{"origin":6869,"position":2},"title":"Sistema y m\u00e1quina de canaletas de cultivo","author":"Believe Industry Group","date":"julio 8, 2024","format":false,"excerpt":"Greenhouse Cultivation Gutter System Believe Industry has been developing and implementing crop-specific gutter systems and machines. Over the years we have developed various cultivation gutter models. Believe Industry therefore supplies a complete range of gutters for every crop. In close consultation we can supply the right gutter, components and also\u2026","rel":"","context":"Entrada similar","block_context":{"text":"Entrada similar","link":""},"img":{"alt_text":"Beli-205-Gutter","src":"https:\/\/i0.wp.com\/believeindustry.company\/wp-content\/uploads\/2021\/09\/Beli-205-Gutter-150x150.jpg?resize=350%2C200&ssl=1","width":350,"height":200,"srcset":"https:\/\/i0.wp.com\/believeindustry.company\/wp-content\/uploads\/2021\/09\/Beli-205-Gutter-150x150.jpg?resize=350%2C200&ssl=1 1x, https:\/\/i0.wp.com\/believeindustry.company\/wp-content\/uploads\/2021\/09\/Beli-205-Gutter-150x150.jpg?resize=525%2C300&ssl=1 1.5x"},"classes":[]},{"id":577,"url":"https:\/\/believeindustry.company\/es\/roll-forming-machine\/","url_meta":{"origin":6869,"position":3},"title":"M\u00e1quina perfiladora de rodillos","author":"Believe Industry Group","date":"marzo 22, 2018","format":false,"excerpt":"As a premier manufacturer and exporter of machinery from Wuxi, China, Beli RollForming specializes in designing and building a vast range of high-performance roll forming machines for various global industries.Beli RollForming's Roll Forming Machines are advanced, continuous production systems that transform flat metal coils (steel, aluminum, etc.) into precise, long-length\u2026","rel":"","context":"En \u00abCoil Roll Forming Machine\u00bb","block_context":{"text":"Coil Roll Forming Machine","link":"https:\/\/believeindustry.company\/es\/tag\/coil-roll-forming-machine\/"},"img":{"alt_text":"roll forming mills","src":"https:\/\/i0.wp.com\/believeindustry.company\/wp-content\/uploads\/2018\/03\/roll-forming-mills-e1522722506357.jpg?resize=350%2C200&ssl=1","width":350,"height":200,"srcset":"https:\/\/i0.wp.com\/believeindustry.company\/wp-content\/uploads\/2018\/03\/roll-forming-mills-e1522722506357.jpg?resize=350%2C200&ssl=1 1x, https:\/\/i0.wp.com\/believeindustry.company\/wp-content\/uploads\/2018\/03\/roll-forming-mills-e1522722506357.jpg?resize=525%2C300&ssl=1 1.5x, https:\/\/i0.wp.com\/believeindustry.company\/wp-content\/uploads\/2018\/03\/roll-forming-mills-e1522722506357.jpg?resize=700%2C400&ssl=1 2x, https:\/\/i0.wp.com\/believeindustry.company\/wp-content\/uploads\/2018\/03\/roll-forming-mills-e1522722506357.jpg?resize=1050%2C600&ssl=1 3x"},"classes":[]},{"id":2692,"url":"https:\/\/believeindustry.company\/es\/roll-forming-machine\/customized-profile-roll-forming-machine\/steel-silo-roll-forming-machine\/","url_meta":{"origin":6869,"position":4},"title":"M\u00e1quina formadora de rollos de silos de acero para contenedores de granos","author":"Believe Industry Group","date":"agosto 13, 2018","format":false,"excerpt":"","rel":"","context":"En \u00abcustom designs\u00bb","block_context":{"text":"custom designs","link":"https:\/\/believeindustry.company\/es\/tag\/custom-designs\/"},"img":{"alt_text":"Steel Silo Roll Forming Machine","src":"https:\/\/i0.wp.com\/believeindustry.company\/wp-content\/uploads\/2018\/08\/Steel-Silo-Roll-Forming-Machine.jpg?resize=350%2C200&ssl=1","width":350,"height":200,"srcset":"https:\/\/i0.wp.com\/believeindustry.company\/wp-content\/uploads\/2018\/08\/Steel-Silo-Roll-Forming-Machine.jpg?resize=350%2C200&ssl=1 1x, https:\/\/i0.wp.com\/believeindustry.company\/wp-content\/uploads\/2018\/08\/Steel-Silo-Roll-Forming-Machine.jpg?resize=525%2C300&ssl=1 1.5x, https:\/\/i0.wp.com\/believeindustry.company\/wp-content\/uploads\/2018\/08\/Steel-Silo-Roll-Forming-Machine.jpg?resize=700%2C400&ssl=1 2x, https:\/\/i0.wp.com\/believeindustry.company\/wp-content\/uploads\/2018\/08\/Steel-Silo-Roll-Forming-Machine.jpg?resize=1050%2C600&ssl=1 3x"},"classes":[]},{"id":2723,"url":"https:\/\/believeindustry.company\/es\/roll-forming-machine\/customized-profile-roll-forming-machine\/walk-board-scaffold-plank-roll-forming-machine\/","url_meta":{"origin":6869,"position":5},"title":"M\u00e1quina formadora de rollos de tablones para andamios de andamios","author":"Believe Industry Group","date":"enero 25, 2019","format":false,"excerpt":"","rel":"","context":"En \u00abcustom designs\u00bb","block_context":{"text":"custom designs","link":"https:\/\/believeindustry.company\/es\/tag\/custom-designs\/"},"img":{"alt_text":"","src":"","width":0,"height":0},"classes":[]}],"amp_enabled":true,"_links":{"self":[{"href":"https:\/\/believeindustry.company\/es\/wp-json\/wp\/v2\/pages\/6869","targetHints":{"allow":["GET"]}}],"collection":[{"href":"https:\/\/believeindustry.company\/es\/wp-json\/wp\/v2\/pages"}],"about":[{"href":"https:\/\/believeindustry.company\/es\/wp-json\/wp\/v2\/types\/page"}],"author":[{"embeddable":true,"href":"https:\/\/believeindustry.company\/es\/wp-json\/wp\/v2\/users\/2"}],"replies":[{"embeddable":true,"href":"https:\/\/believeindustry.company\/es\/wp-json\/wp\/v2\/comments?post=6869"}],"version-history":[{"count":1,"href":"https:\/\/believeindustry.company\/es\/wp-json\/wp\/v2\/pages\/6869\/revisions"}],"predecessor-version":[{"id":8243,"href":"https:\/\/believeindustry.company\/es\/wp-json\/wp\/v2\/pages\/6869\/revisions\/8243"}],"up":[{"embeddable":true,"href":"https:\/\/believeindustry.company\/es\/wp-json\/wp\/v2\/pages\/1257"}],"wp:featuredmedia":[{"embeddable":true,"href":"https:\/\/believeindustry.company\/es\/wp-json\/wp\/v2\/media\/6874"}],"wp:attachment":[{"href":"https:\/\/believeindustry.company\/es\/wp-json\/wp\/v2\/media?parent=6869"}],"wp:term":[{"taxonomy":"post_tag","embeddable":true,"href":"https:\/\/believeindustry.company\/es\/wp-json\/wp\/v2\/tags?post=6869"}],"curies":[{"name":"wp","href":"https:\/\/api.w.org\/{rel}","templated":true}]}}