{"id":6962,"date":"2019-08-21T11:16:51","date_gmt":"2019-08-21T03:16:51","guid":{"rendered":"https:\/\/believeindustry.company\/?page_id=6962"},"modified":"2025-10-16T20:40:10","modified_gmt":"2025-10-16T12:40:10","slug":"maquina-de-soldadura-automatica-con-vigas-de-bastidor-vertical","status":"publish","type":"page","link":"https:\/\/believeindustry.company\/es\/roll-forming-machine\/pallet-racking-roll-forming-machine\/upright-rack-beam-automatic-welding-machine\/","title":{"rendered":"M\u00e1quina de soldadura autom\u00e1tica con vigas de bastidor verticales"},"content":{"rendered":"<figure class=\"wp-block-image size-large\"><img fetchpriority=\"high\" decoding=\"async\" width=\"600\" height=\"490\" data-attachment-id=\"6966\" data-permalink=\"https:\/\/believeindustry.company\/es\/roll-forming-machine\/pallet-racking-roll-forming-machine\/upright-rack-beam-automatic-welding-machine\/upright-rack-beam-automatic-welding-machine-1\/\" data-orig-file=\"https:\/\/believeindustry.company\/wp-content\/uploads\/2019\/08\/Upright-Rack-Beam-Automatic-Welding-Machine-1.jpg\" data-orig-size=\"600,490\" data-comments-opened=\"1\" data-image-meta=\"{&quot;aperture&quot;:&quot;0&quot;,&quot;credit&quot;:&quot;&quot;,&quot;camera&quot;:&quot;&quot;,&quot;caption&quot;:&quot;&quot;,&quot;created_timestamp&quot;:&quot;0&quot;,&quot;copyright&quot;:&quot;&quot;,&quot;focal_length&quot;:&quot;0&quot;,&quot;iso&quot;:&quot;0&quot;,&quot;shutter_speed&quot;:&quot;0&quot;,&quot;title&quot;:&quot;&quot;,&quot;orientation&quot;:&quot;0&quot;}\" data-image-title=\"Upright Rack Beam Automatic Welding Machine 1\" data-image-description=\"\" data-image-caption=\"\" data-large-file=\"https:\/\/believeindustry.company\/wp-content\/uploads\/2019\/08\/Upright-Rack-Beam-Automatic-Welding-Machine-1.jpg\" src=\"https:\/\/believeindustry.company\/wp-content\/uploads\/2019\/08\/Upright-Rack-Beam-Automatic-Welding-Machine-1.jpg\" alt=\"M\u00e1quina de soldadura autom\u00e1tica de vigas de bastidor vertical 1\" class=\"wp-image-6966\" srcset=\"https:\/\/believeindustry.company\/wp-content\/uploads\/2019\/08\/Upright-Rack-Beam-Automatic-Welding-Machine-1.jpg 600w, https:\/\/believeindustry.company\/wp-content\/uploads\/2019\/08\/Upright-Rack-Beam-Automatic-Welding-Machine-1-300x245.jpg 300w, https:\/\/believeindustry.company\/wp-content\/uploads\/2019\/08\/Upright-Rack-Beam-Automatic-Welding-Machine-1-320x261.jpg 320w, https:\/\/believeindustry.company\/wp-content\/uploads\/2019\/08\/Upright-Rack-Beam-Automatic-Welding-Machine-1-360x294.jpg 360w\" sizes=\"(max-width: 600px) 100vw, 600px\" \/><figcaption><\/figcaption><\/figure>\n\n\n\n<p>La m\u00e1quina de soldadura autom\u00e1tica con viga vertical en bastidor est\u00e1 compuesta por bastidor, 6 juegos de m\u00e1quinas de soldar pf NBC300 y PLC y pantalla t\u00e1ctil de la marca delta, motor paso a paso, husillo de bolas y riel gu\u00eda lineal. <\/p>\n\n\n\n<p>La m\u00e1quina puede soldar vigas P y vigas caj\u00f3n con un ancho de 50 a 220 mm y una altura de 40 a 70 mm.<\/p>\n\n\n\n<h2 class=\"wp-block-heading\">Par\u00e1metros t\u00e9cnicos principales<\/h2>\n\n\n\n<ol class=\"wp-block-list\"><li>Longitud m\u00e1xima: 3,5 metros y se puede personalizar.<\/li><li>Es adecuado para un espacio libre de costura de soldadura de entre 0,5 y 1,8 mm, un espesor del material del haz de soldadura de entre 0,8 y 5 mm y un di\u00e1metro del alambre de soldadura de entre 0,8 y 1,0 mm. <\/li><li>El sistema de trazado y copiado se adopta en tres lados de la viga, lo que hace que el plano de perfil irregular y el paralelogramo producido puedan copiar y trazar la soldadura. <\/li><li>Seis puntos de soldadura trabajan al mismo tiempo controlados por PLC y pantalla t\u00e1ctil con salida digital inteligente completa.<\/li><li>Equipado con sistema de circulaci\u00f3n de enfriamiento. <\/li><li>Cada \u00e1ngulo de pistola de soldadura se puede microajustar, ,<\/li><li>Velocidad de soldadura hasta 15 mm por segundo. <\/li><\/ol>\n\n\n\n<p>Believe Industry Company tiene una gama completa de <a href=\"https:\/\/believeindustry.company\/es\/maquina-perfiladora-de-rodillos\/\">m\u00e1quinas perfiladoras<\/a> Para sistemas de estanter\u00edas verticales. Adem\u00e1s de m\u00e1quinas perfiladoras, tambi\u00e9n contamos con equipos auxiliares para esta industria. <a href=\"mailto:darren@believeindustry.com\">Env\u00edanos un correo electr\u00f3nico<\/a> o <a href=\"https:\/\/wa.me\/8617351680080\" target=\"_blank\" rel=\"noopener\">WhatsApp<\/a> Para obtener m\u00e1s informaci\u00f3n<\/p>","protected":false},"excerpt":{"rendered":"<p>Upright Rack beam automatic welding machine is composed of rack, 6 sets pf NBC300 welding machines and delta brand PLC and touch screen, stepper motor, ball screw and linear guide rail. The machine can weld P beams and Box Beams with the width from 50-220 mm and height 40-70 mm. Main Technical Parameters Max Length: [&hellip;]<\/p>\n","protected":false},"author":2,"featured_media":6965,"parent":1068,"menu_order":0,"comment_status":"closed","ping_status":"closed","template":"","meta":{"_angie_page":false,"footnotes":"","big_sky_generated":false},"tags":[],"class_list":["post-6962","page","type-page","status-publish","has-post-thumbnail","hentry"],"blocksy_meta":[],"jetpack_sharing_enabled":true,"jetpack_shortlink":"https:\/\/wp.me\/P9K5n8-1Oi","jetpack_likes_enabled":false,"jetpack-related-posts":[{"id":6977,"url":"https:\/\/believeindustry.company\/es\/roll-forming-machine\/pallet-racking-roll-forming-machine\/box-beam-welding-machine\/","url_meta":{"origin":6962,"position":0},"title":"M\u00e1quina de soldadura de vigas de secci\u00f3n rectangular","author":"Believe Industry Group","date":"septiembre 3, 2019","format":false,"excerpt":"Box Beam Welder Machine The Box Beam Welding machine is used to weld upright beam and connector together.It uses the NBC-300 CO2 gas welding transformer, the new PLC touch screen, digital output, operation is very easy. The 4 welding units are working at the same time, to weld the both\u2026","rel":"","context":"En \u00abstorage lines\u00bb","block_context":{"text":"storage lines","link":"https:\/\/believeindustry.company\/es\/tag\/storage-lines\/"},"img":{"alt_text":"box beam welding machine","src":"https:\/\/i0.wp.com\/believeindustry.company\/wp-content\/uploads\/2019\/09\/box-beam-welding-machine.png?resize=350%2C200&ssl=1","width":350,"height":200,"srcset":"https:\/\/i0.wp.com\/believeindustry.company\/wp-content\/uploads\/2019\/09\/box-beam-welding-machine.png?resize=350%2C200&ssl=1 1x, https:\/\/i0.wp.com\/believeindustry.company\/wp-content\/uploads\/2019\/09\/box-beam-welding-machine.png?resize=525%2C300&ssl=1 1.5x"},"classes":[]},{"id":21970,"url":"https:\/\/believeindustry.company\/es\/material-storage\/","url_meta":{"origin":6962,"position":1},"title":"Almacenamiento de materiales","author":"Believe Industry Group","date":"abril 12, 2026","format":false,"excerpt":"A roll forming machine for material storage systems is a heavy-duty, automated production line engineered to fabricate the structural components of industrial warehouse racking.By continuously processing raw steel coils through progressive roller dies, the machine precisely shapes the core framework of the storage system. This includes the heavy-gauge vertical column\u2026","rel":"","context":"Entrada similar","block_context":{"text":"Entrada similar","link":""},"img":{"alt_text":"Automated Warehouse Racking Machinery","src":"https:\/\/i0.wp.com\/believeindustry.company\/wp-content\/uploads\/2026\/03\/pallet-Racking-System.jpg?resize=350%2C200&ssl=1","width":350,"height":200,"srcset":"https:\/\/i0.wp.com\/believeindustry.company\/wp-content\/uploads\/2026\/03\/pallet-Racking-System.jpg?resize=350%2C200&ssl=1 1x, https:\/\/i0.wp.com\/believeindustry.company\/wp-content\/uploads\/2026\/03\/pallet-Racking-System.jpg?resize=525%2C300&ssl=1 1.5x, https:\/\/i0.wp.com\/believeindustry.company\/wp-content\/uploads\/2026\/03\/pallet-Racking-System.jpg?resize=700%2C400&ssl=1 2x, https:\/\/i0.wp.com\/believeindustry.company\/wp-content\/uploads\/2026\/03\/pallet-Racking-System.jpg?resize=1050%2C600&ssl=1 3x, https:\/\/i0.wp.com\/believeindustry.company\/wp-content\/uploads\/2026\/03\/pallet-Racking-System.jpg?resize=1400%2C800&ssl=1 4x"},"classes":[]},{"id":10025,"url":"https:\/\/believeindustry.company\/es\/roll-forming-machine\/pallet-racking-roll-forming-machine\/step-beam-roll-forming-machine\/","url_meta":{"origin":6962,"position":2},"title":"M\u00e1quina formadora de rodillos de viga escalonada","author":"Believe Industry Group","date":"febrero 22, 2024","format":false,"excerpt":"Describtion Step Beam Roll Forming Machine is to producing Steps Beams with various dimensions. Believe Industry Company have different solutions of machines for step beams: Transmission\uff1a Chain or Gear Box Welding Way: Spot welded or Laser contunuous Welded Speed: 1-2m\/min or 6-8m\/min Step Beam Roll Forming Machine Layout Step Beam\u2026","rel":"","context":"En \u00abRoll Forming Machine\u00bb","block_context":{"text":"Roll Forming Machine","link":"https:\/\/believeindustry.company\/es\/tag\/roll-forming-machine\/"},"img":{"alt_text":"Step Beam Machine: 7 Powerful Strategies for Top Yield","src":"https:\/\/i0.wp.com\/believeindustry.company\/wp-content\/uploads\/2026\/03\/step-beam-roll-forming-machine.webp?resize=350%2C200&ssl=1","width":350,"height":200,"srcset":"https:\/\/i0.wp.com\/believeindustry.company\/wp-content\/uploads\/2026\/03\/step-beam-roll-forming-machine.webp?resize=350%2C200&ssl=1 1x, https:\/\/i0.wp.com\/believeindustry.company\/wp-content\/uploads\/2026\/03\/step-beam-roll-forming-machine.webp?resize=525%2C300&ssl=1 1.5x, https:\/\/i0.wp.com\/believeindustry.company\/wp-content\/uploads\/2026\/03\/step-beam-roll-forming-machine.webp?resize=700%2C400&ssl=1 2x, https:\/\/i0.wp.com\/believeindustry.company\/wp-content\/uploads\/2026\/03\/step-beam-roll-forming-machine.webp?resize=1050%2C600&ssl=1 3x, https:\/\/i0.wp.com\/believeindustry.company\/wp-content\/uploads\/2026\/03\/step-beam-roll-forming-machine.webp?resize=1400%2C800&ssl=1 4x"},"classes":[]},{"id":2371,"url":"https:\/\/believeindustry.company\/es\/roll-forming-machine\/pallet-racking-roll-forming-machine\/racking-system-box-beam-roll-forming-machine\/","url_meta":{"origin":6962,"position":3},"title":"M\u00e1quina formadora de perfiles de vigas caj\u00f3n con sistema de estanter\u00edas","author":"Believe Industry Group","date":"junio 26, 2018","format":false,"excerpt":"Racking System Box Beam Roll Forming Machine\u00a0is designed to produce various sizes of box beams as buyer\u2019s requirements. The Thickness is 0.8-2.0mm. What\u2019s Box Beam? Box beams\u00a0have no inset step, instead have four flat sides like a box. All load beams typically mount onto an upright frame column with integral\u2026","rel":"","context":"En \u00abBox Beam Machine\u00bb","block_context":{"text":"Box Beam Machine","link":"https:\/\/believeindustry.company\/es\/tag\/box-beam-machine\/"},"img":{"alt_text":"box beam roll forming machine","src":"https:\/\/i0.wp.com\/believeindustry.company\/wp-content\/uploads\/2023\/05\/box-beam-roll-forming-machine-seaming-machine.jpg?resize=350%2C200&ssl=1","width":350,"height":200,"srcset":"https:\/\/i0.wp.com\/believeindustry.company\/wp-content\/uploads\/2023\/05\/box-beam-roll-forming-machine-seaming-machine.jpg?resize=350%2C200&ssl=1 1x, https:\/\/i0.wp.com\/believeindustry.company\/wp-content\/uploads\/2023\/05\/box-beam-roll-forming-machine-seaming-machine.jpg?resize=525%2C300&ssl=1 1.5x, https:\/\/i0.wp.com\/believeindustry.company\/wp-content\/uploads\/2023\/05\/box-beam-roll-forming-machine-seaming-machine.jpg?resize=700%2C400&ssl=1 2x, https:\/\/i0.wp.com\/believeindustry.company\/wp-content\/uploads\/2023\/05\/box-beam-roll-forming-machine-seaming-machine.jpg?resize=1050%2C600&ssl=1 3x"},"classes":[]},{"id":7304,"url":"https:\/\/believeindustry.company\/es\/upright-post-roll-forming-machine\/","url_meta":{"origin":6962,"position":4},"title":"M\u00e1quina formadora de postes verticales","author":"Believe Industry Group","date":"enero 8, 2020","format":false,"excerpt":"Upright Post Roll Forming Machine is for producing upright post as per requirement Upright Post Machine Components UncoilerLevrling MachineServo Feeder and Punch PressQuick replace punch die deviceAdjustable Roll Forming MachineServo Tracking Cutting DeviceCollection TableHydraulic StationController Panel Technical Parameters of Post Machine Line Speed: 10-15m\/minUncoiler Capacity: 5 TonPunch Press Capacity: 110\u2026","rel":"","context":"Entrada similar","block_context":{"text":"Entrada similar","link":""},"img":{"alt_text":"upright post roll forming machine","src":"https:\/\/i0.wp.com\/believeindustry.company\/wp-content\/uploads\/2020\/01\/upright-post-roll-forming-machine.jpg?resize=350%2C200&ssl=1","width":350,"height":200,"srcset":"https:\/\/i0.wp.com\/believeindustry.company\/wp-content\/uploads\/2020\/01\/upright-post-roll-forming-machine.jpg?resize=350%2C200&ssl=1 1x, https:\/\/i0.wp.com\/believeindustry.company\/wp-content\/uploads\/2020\/01\/upright-post-roll-forming-machine.jpg?resize=525%2C300&ssl=1 1.5x, https:\/\/i0.wp.com\/believeindustry.company\/wp-content\/uploads\/2020\/01\/upright-post-roll-forming-machine.jpg?resize=700%2C400&ssl=1 2x, https:\/\/i0.wp.com\/believeindustry.company\/wp-content\/uploads\/2020\/01\/upright-post-roll-forming-machine.jpg?resize=1050%2C600&ssl=1 3x, https:\/\/i0.wp.com\/believeindustry.company\/wp-content\/uploads\/2020\/01\/upright-post-roll-forming-machine.jpg?resize=1400%2C800&ssl=1 4x"},"classes":[]},{"id":8190,"url":"https:\/\/believeindustry.company\/es\/roll-forming-machine\/pallet-racking-roll-forming-machine\/pallet-racking-p-beam-roll-forming-machine\/","url_meta":{"origin":6962,"position":5},"title":"M\u00e1quina formadora de vigas P para estanter\u00edas de paletas","author":"Believe Industry Group","date":"diciembre 7, 2021","format":false,"excerpt":"A P beam roll forming machine is a large factory tool that directly bends flat metal strips into strong horizontal beams for warehouse storage racks. First, it automatically feeds the metal through a long series of specialized rollers. Next, the machine shapes the metal without using any heat whatsoever. As\u2026","rel":"","context":"En \u00abstorage lines\u00bb","block_context":{"text":"storage lines","link":"https:\/\/believeindustry.company\/es\/tag\/storage-lines\/"},"img":{"alt_text":"p beam roll fomring machine","src":"https:\/\/i0.wp.com\/believeindustry.company\/wp-content\/uploads\/2026\/04\/p-beam-roll-fomring-machine.webp?resize=350%2C200&ssl=1","width":350,"height":200,"srcset":"https:\/\/i0.wp.com\/believeindustry.company\/wp-content\/uploads\/2026\/04\/p-beam-roll-fomring-machine.webp?resize=350%2C200&ssl=1 1x, https:\/\/i0.wp.com\/believeindustry.company\/wp-content\/uploads\/2026\/04\/p-beam-roll-fomring-machine.webp?resize=525%2C300&ssl=1 1.5x, https:\/\/i0.wp.com\/believeindustry.company\/wp-content\/uploads\/2026\/04\/p-beam-roll-fomring-machine.webp?resize=700%2C400&ssl=1 2x, https:\/\/i0.wp.com\/believeindustry.company\/wp-content\/uploads\/2026\/04\/p-beam-roll-fomring-machine.webp?resize=1050%2C600&ssl=1 3x, https:\/\/i0.wp.com\/believeindustry.company\/wp-content\/uploads\/2026\/04\/p-beam-roll-fomring-machine.webp?resize=1400%2C800&ssl=1 4x"},"classes":[]}],"amp_enabled":true,"_links":{"self":[{"href":"https:\/\/believeindustry.company\/es\/wp-json\/wp\/v2\/pages\/6962","targetHints":{"allow":["GET"]}}],"collection":[{"href":"https:\/\/believeindustry.company\/es\/wp-json\/wp\/v2\/pages"}],"about":[{"href":"https:\/\/believeindustry.company\/es\/wp-json\/wp\/v2\/types\/page"}],"author":[{"embeddable":true,"href":"https:\/\/believeindustry.company\/es\/wp-json\/wp\/v2\/users\/2"}],"replies":[{"embeddable":true,"href":"https:\/\/believeindustry.company\/es\/wp-json\/wp\/v2\/comments?post=6962"}],"version-history":[{"count":2,"href":"https:\/\/believeindustry.company\/es\/wp-json\/wp\/v2\/pages\/6962\/revisions"}],"predecessor-version":[{"id":18832,"href":"https:\/\/believeindustry.company\/es\/wp-json\/wp\/v2\/pages\/6962\/revisions\/18832"}],"up":[{"embeddable":true,"href":"https:\/\/believeindustry.company\/es\/wp-json\/wp\/v2\/pages\/1068"}],"wp:featuredmedia":[{"embeddable":true,"href":"https:\/\/believeindustry.company\/es\/wp-json\/wp\/v2\/media\/6965"}],"wp:attachment":[{"href":"https:\/\/believeindustry.company\/es\/wp-json\/wp\/v2\/media?parent=6962"}],"wp:term":[{"taxonomy":"post_tag","embeddable":true,"href":"https:\/\/believeindustry.company\/es\/wp-json\/wp\/v2\/tags?post=6962"}],"curies":[{"name":"wp","href":"https:\/\/api.w.org\/{rel}","templated":true}]}}