{"id":6977,"date":"2019-09-03T17:19:04","date_gmt":"2019-09-03T09:19:04","guid":{"rendered":"https:\/\/believeindustry.company\/?page_id=6977"},"modified":"2025-12-22T08:05:48","modified_gmt":"2025-12-22T00:05:48","slug":"maquina-de-soldadura-de-vigas-de-seccion-rectangular","status":"publish","type":"page","link":"https:\/\/believeindustry.company\/es\/roll-forming-machine\/pallet-racking-roll-forming-machine\/box-beam-welding-machine\/","title":{"rendered":"M\u00e1quina de soldadura de vigas de secci\u00f3n rectangular"},"content":{"rendered":"<h2 class=\"wp-block-heading\" id=\"h-box-beam-welder-machine\">M\u00e1quina soldadora de vigas de secci\u00f3n rectangular<\/h2>\n\n\n\n<p>La m\u00e1quina de soldadura de vigas caj\u00f3n se utiliza para soldar vigas verticales y conectores. Utiliza el transformador de soldadura de gas CO2 NBC-300, la nueva pantalla t\u00e1ctil PLC, salida digital, su funcionamiento es muy sencillo. <\/p>\n\n\n\n<p>Las cuatro unidades de soldadura trabajan simult\u00e1neamente para soldar ambos extremos a la vez. Primero sueldan dos lados, luego dan la vuelta y sueldan los otros dos. La velocidad de soldadura es de 15 a 25 segundos por pieza, dependiendo del tama\u00f1o del haz.<\/p>\n\n\n\n<h3 class=\"wp-block-heading\" id=\"h-box-beam-welding-machine-components\">M\u00e1quina de soldadura de vigas de secci\u00f3n rectangular <strong>Componentes<\/strong><\/h3>\n\n\n\n<ol class=\"wp-block-list\">\n<li>Sistema de control PLC<\/li>\n\n\n\n<li>Unidades de soldadura,<\/li>\n\n\n\n<li>Pistola de soldar,<\/li>\n\n\n\n<li>Plataforma de trabajo<\/li>\n<\/ol>\n\n\n\n<h3 class=\"wp-block-heading\" id=\"h-brand-list\">Lista de marcas<\/h3>\n\n\n\n<figure class=\"wp-block-table\"><table><tbody><tr><td>1<\/td><td>SOCIEDAD AN\u00d3NIMA<\/td><td>Delta<\/td><\/tr><tr><td>2<\/td><td>Pantalla t\u00e1ctil<\/td><td>Delta<\/td><\/tr><tr><td>3<\/td><td>Cilindro neum\u00e1tico<\/td><td>AirTac<\/td><\/tr><tr><td>4<\/td><td>Rel\u00e9 e interruptor<\/td><td>Schneider<\/td><\/tr><tr><td>5<\/td><td>Marca de soldador<\/td><td>Panasonic<\/td><\/tr><\/tbody><\/table><\/figure>\n\n\n\n<h3 class=\"wp-block-heading\" id=\"h-technical-parameters-and-specification\">Par\u00e1metros t\u00e9cnicos y especificaciones<\/h3>\n\n\n\n<figure class=\"wp-block-table\"><table><tbody><tr><td>1<\/td><td>Longitud del haz<\/td><td>de 0,8 m a 3,8 m<\/td><\/tr><tr><td>2<\/td><td>Bordes de soldadura<\/td><td>4 lados de cada extremo de la viga vertical<\/td><\/tr><tr><td>3<\/td><td>Velocidad de soldadura<\/td><td>15s\/pieza a 25s\/pieza.<\/td><\/tr><tr><td>4<\/td><td>Tasa de calificaci\u00f3n<\/td><td>\u226596%<\/td><\/tr><tr><td>5<\/td><td>Costura de soldadura<\/td><td>\u22642 mm<\/td><\/tr><tr><td>6<\/td><td>Recomendaci\u00f3n de gas<\/td><td>CO2 o mezcla de gases (mejor si se utiliza CO2 20% y arg\u00f3n 80%).<\/td><\/tr><tr><td>7<\/td><td>El Poder General<\/td><td>15-18 kW<\/td><\/tr><tr><td>8<\/td><td>Voltaje<\/td><td>380 V 50 Hz trif\u00e1sico<\/td><\/tr><tr><td>9<\/td><td>Tama\u00f1o de la m\u00e1quina<\/td><td>5,6 m * 1,2 m * 1,85 m<\/td><\/tr><tr><td>10<\/td><td>Longitud de soldadura<\/td><td>M\u00e1ximo 4,5 metros<\/td><\/tr><tr><td>11<\/td><td>Peso de la m\u00e1quina<\/td><td>Aproximadamente 1200 kg<\/td><\/tr><\/tbody><\/table><\/figure>\n\n\n\n<h3 class=\"wp-block-heading\" id=\"h-video\">Video<\/h3>\n\n\n\n<p>V\u00eddeo de la m\u00e1quina de soldadura de vigas caj\u00f3n<\/p>\n\n\n\n<figure class=\"wp-block-video wp-block-embed is-type-video is-provider-videopress\"><div class=\"wp-block-embed__wrapper\">\n<iframe title=\"Reproductor de v\u00eddeo VideoPress\" aria-label='Reproductor de v\u00eddeo VideoPress' width='1290' height='726' src='https:\/\/videopress.com\/embed\/wPVb0LVM?cover=1&amp;preloadContent=metadata&amp;hd=0' frameborder='0' allowfullscreen data-resize-to-parent=\"true\" allow='clipboard-write'><\/iframe><script src='https:\/\/v0.wordpress.com\/js\/next\/videopress-iframe.js?m=1739540970'><\/script>\n<\/div><\/figure>\n\n\n\n<p>Believe Industry Company tiene una gama completa de <a href=\"https:\/\/believeindustry.company\/es\/maquina-perfiladora-de-rodillos\/maquina-perfiladora-de-estanterias-para-palets\/\">m\u00e1quinas perfiladoras<\/a> para la industria de estanter\u00edas para palets. <a href=\"https:\/\/wa.me\/8617351680080\" target=\"_blank\" rel=\"noopener\">WhatsApp<\/a> nosotros o <a href=\"mailto:darren@believeindustry.com\">Env\u00edanos un correo electr\u00f3nico<\/a> Para obtener m\u00e1s informaci\u00f3n.<\/p>","protected":false},"excerpt":{"rendered":"<p>Box Beam Welder Machine The Box Beam Welding machine is used to weld upright beam and connector together.It uses the NBC-300 CO2 gas welding transformer, the new PLC touch screen, digital output, operation is very easy. The 4 welding units are working at the same time, to weld the both ends at one time. And [&hellip;]<\/p>\n","protected":false},"author":2,"featured_media":6984,"parent":1068,"menu_order":0,"comment_status":"closed","ping_status":"closed","template":"","meta":{"_angie_page":false,"jetpack_post_was_ever_published":false,"footnotes":"","big_sky_generated":false},"tags":[607849631],"class_list":["post-6977","page","type-page","status-publish","has-post-thumbnail","hentry","tag-storage-lines"],"blocksy_meta":[],"jetpack_sharing_enabled":true,"jetpack_shortlink":"https:\/\/wp.me\/P9K5n8-1Ox","jetpack_likes_enabled":false,"jetpack-related-posts":[{"id":6962,"url":"https:\/\/believeindustry.company\/es\/roll-forming-machine\/pallet-racking-roll-forming-machine\/upright-rack-beam-automatic-welding-machine\/","url_meta":{"origin":6977,"position":0},"title":"M\u00e1quina de soldadura autom\u00e1tica con vigas de bastidor verticales","author":"Believe Industry Group","date":"agosto 21, 2019","format":false,"excerpt":"Upright Rack beam automatic welding machine is composed of rack, 6 sets pf NBC300 welding machines and delta brand PLC and touch screen, stepper motor, ball screw and linear guide rail. The machine can weld P beams and Box Beams with the width from 50-220 mm and height 40-70 mm.\u2026","rel":"","context":"Entrada similar","block_context":{"text":"Entrada similar","link":""},"img":{"alt_text":"cropped Upright Rack Beam Automatic Welding Machine","src":"https:\/\/i0.wp.com\/believeindustry.company\/wp-content\/uploads\/2019\/08\/cropped-Upright-Rack-Beam-Automatic-Welding-Machine.jpg?resize=350%2C200&ssl=1","width":350,"height":200,"srcset":"https:\/\/i0.wp.com\/believeindustry.company\/wp-content\/uploads\/2019\/08\/cropped-Upright-Rack-Beam-Automatic-Welding-Machine.jpg?resize=350%2C200&ssl=1 1x, https:\/\/i0.wp.com\/believeindustry.company\/wp-content\/uploads\/2019\/08\/cropped-Upright-Rack-Beam-Automatic-Welding-Machine.jpg?resize=525%2C300&ssl=1 1.5x"},"classes":[]},{"id":10025,"url":"https:\/\/believeindustry.company\/es\/roll-forming-machine\/pallet-racking-roll-forming-machine\/step-beam-roll-forming-machine\/","url_meta":{"origin":6977,"position":1},"title":"M\u00e1quina formadora de rodillos de viga escalonada","author":"Believe Industry Group","date":"febrero 22, 2024","format":false,"excerpt":"Describtion Step Beam Roll Forming Machine is to producing Steps Beams with various dimensions. Believe Industry Company have different solutions of machines for step beams: Transmission\uff1a Chain or Gear Box Welding Way: Spot welded or Laser contunuous Welded Speed: 1-2m\/min or 6-8m\/min Step Beam Roll Forming Machine Layout Step Beam\u2026","rel":"","context":"En \u00abRoll Forming Machine\u00bb","block_context":{"text":"Roll Forming Machine","link":"https:\/\/believeindustry.company\/es\/tag\/roll-forming-machine\/"},"img":{"alt_text":"step beam roll forming machine","src":"https:\/\/i0.wp.com\/believeindustry.company\/wp-content\/uploads\/2024\/02\/step-beam-roll-forming-machine.jpg?resize=350%2C200&ssl=1","width":350,"height":200,"srcset":"https:\/\/i0.wp.com\/believeindustry.company\/wp-content\/uploads\/2024\/02\/step-beam-roll-forming-machine.jpg?resize=350%2C200&ssl=1 1x, https:\/\/i0.wp.com\/believeindustry.company\/wp-content\/uploads\/2024\/02\/step-beam-roll-forming-machine.jpg?resize=525%2C300&ssl=1 1.5x, https:\/\/i0.wp.com\/believeindustry.company\/wp-content\/uploads\/2024\/02\/step-beam-roll-forming-machine.jpg?resize=700%2C400&ssl=1 2x, https:\/\/i0.wp.com\/believeindustry.company\/wp-content\/uploads\/2024\/02\/step-beam-roll-forming-machine.jpg?resize=1050%2C600&ssl=1 3x"},"classes":[]},{"id":8190,"url":"https:\/\/believeindustry.company\/es\/roll-forming-machine\/pallet-racking-roll-forming-machine\/pallet-racking-p-beam-roll-forming-machine\/","url_meta":{"origin":6977,"position":2},"title":"M\u00e1quina formadora de vigas P para estanter\u00edas de paletas","author":"Believe Industry Group","date":"diciembre 7, 2021","format":false,"excerpt":"Pallet Racking P Beam Roll Forming Machine is for producing various dimensions of P beams for Heavy Storaging System. Believe Industry Company Machine is able to produce 2.5\" to 6\" P beams with automatically adjustment. P Beam Roll Forming Machine Specifications Machine Photo pallet racking p beam roll forming machine\u2026","rel":"","context":"En \u00abstorage lines\u00bb","block_context":{"text":"storage lines","link":"https:\/\/believeindustry.company\/es\/tag\/storage-lines\/"},"img":{"alt_text":"pallet racking p beam roll forming machine","src":"https:\/\/i0.wp.com\/believeindustry.company\/wp-content\/uploads\/2021\/12\/Pallet-Racking-P-Beam-Roll-Forming-Machine.jpg?resize=350%2C200&ssl=1","width":350,"height":200,"srcset":"https:\/\/i0.wp.com\/believeindustry.company\/wp-content\/uploads\/2021\/12\/Pallet-Racking-P-Beam-Roll-Forming-Machine.jpg?resize=350%2C200&ssl=1 1x, https:\/\/i0.wp.com\/believeindustry.company\/wp-content\/uploads\/2021\/12\/Pallet-Racking-P-Beam-Roll-Forming-Machine.jpg?resize=525%2C300&ssl=1 1.5x, https:\/\/i0.wp.com\/believeindustry.company\/wp-content\/uploads\/2021\/12\/Pallet-Racking-P-Beam-Roll-Forming-Machine.jpg?resize=700%2C400&ssl=1 2x, https:\/\/i0.wp.com\/believeindustry.company\/wp-content\/uploads\/2021\/12\/Pallet-Racking-P-Beam-Roll-Forming-Machine.jpg?resize=1050%2C600&ssl=1 3x"},"classes":[]},{"id":979,"url":"https:\/\/believeindustry.company\/es\/roll-forming-machine\/steel-door-roll-forming-machine\/steel-door-frame-roll-forming-machine\/","url_meta":{"origin":6977,"position":3},"title":"M\u00e1quina perfiladora de marcos de puertas de acero","author":"Believe Industry Group","date":"mayo 23, 2018","format":false,"excerpt":"Una m\u00e1quina perfiladora de marcos de puertas de acero sirve para producir marcos de puertas en las dimensiones deseadas. Cuenta con perforaciones y muescas multifuncionales para el plegado del marco. Los marcos de puertas de acero son ligeros, robustos y est\u00e1n fabricados en acero galvanizado con un espesor de\u2026","rel":"","context":"En \u00abCompany News\u00bb","block_context":{"text":"Company News","link":"https:\/\/believeindustry.company\/es\/category\/company-news\/"},"img":{"alt_text":"door frame roll forming machine","src":"https:\/\/i0.wp.com\/believeindustry.company\/wp-content\/uploads\/2018\/06\/door-frame-roll-forming-machine.jpg?resize=350%2C200&ssl=1","width":350,"height":200,"srcset":"https:\/\/i0.wp.com\/believeindustry.company\/wp-content\/uploads\/2018\/06\/door-frame-roll-forming-machine.jpg?resize=350%2C200&ssl=1 1x, https:\/\/i0.wp.com\/believeindustry.company\/wp-content\/uploads\/2018\/06\/door-frame-roll-forming-machine.jpg?resize=525%2C300&ssl=1 1.5x, https:\/\/i0.wp.com\/believeindustry.company\/wp-content\/uploads\/2018\/06\/door-frame-roll-forming-machine.jpg?resize=700%2C400&ssl=1 2x, https:\/\/i0.wp.com\/believeindustry.company\/wp-content\/uploads\/2018\/06\/door-frame-roll-forming-machine.jpg?resize=1050%2C600&ssl=1 3x, https:\/\/i0.wp.com\/believeindustry.company\/wp-content\/uploads\/2018\/06\/door-frame-roll-forming-machine.jpg?resize=1400%2C800&ssl=1 4x"},"classes":[]},{"id":2853,"url":"https:\/\/believeindustry.company\/es\/roll-forming-machine\/customized-profile-roll-forming-machine\/metal-stud-and-track-roll-forming-machine\/","url_meta":{"origin":6977,"position":4},"title":"M\u00e1quina formadora de pernos y rieles","author":"Believe Industry Group","date":"octubre 2, 2018","format":false,"excerpt":"Metal Stud and Track Roll Forming Machine is for produce studs and tracks with various types. Which is widely used in light steel construction industry. Metal Stud and Track Roll Forming Machine What's Stud and Track? The stud and track are very easy to install with the minimum of knowledge\u2026","rel":"","context":"En \u00abCompany News\u00bb","block_context":{"text":"Company News","link":"https:\/\/believeindustry.company\/es\/category\/company-news\/"},"img":{"alt_text":"metal stud and track roll forming machine","src":"https:\/\/i0.wp.com\/believeindustry.company\/wp-content\/uploads\/2018\/10\/stud-and-track-roll-forming-machines-1.jpg?resize=350%2C200&ssl=1","width":350,"height":200,"srcset":"https:\/\/i0.wp.com\/believeindustry.company\/wp-content\/uploads\/2018\/10\/stud-and-track-roll-forming-machines-1.jpg?resize=350%2C200&ssl=1 1x, https:\/\/i0.wp.com\/believeindustry.company\/wp-content\/uploads\/2018\/10\/stud-and-track-roll-forming-machines-1.jpg?resize=525%2C300&ssl=1 1.5x, https:\/\/i0.wp.com\/believeindustry.company\/wp-content\/uploads\/2018\/10\/stud-and-track-roll-forming-machines-1.jpg?resize=700%2C400&ssl=1 2x, https:\/\/i0.wp.com\/believeindustry.company\/wp-content\/uploads\/2018\/10\/stud-and-track-roll-forming-machines-1.jpg?resize=1050%2C600&ssl=1 3x"},"classes":[]},{"id":7304,"url":"https:\/\/believeindustry.company\/es\/upright-post-roll-forming-machine\/","url_meta":{"origin":6977,"position":5},"title":"M\u00e1quina formadora de postes verticales","author":"Believe Industry Group","date":"enero 8, 2020","format":false,"excerpt":"Upright Post Roll Forming Machine is for producing upright post as per requirement Upright Post Machine Components UncoilerLevrling MachineServo Feeder and Punch PressQuick replace punch die deviceAdjustable Roll Forming MachineServo Tracking Cutting DeviceCollection TableHydraulic StationController Panel Technical Parameters of Post Machine Line Speed: 10-15m\/minUncoiler Capacity: 5 TonPunch Press Capacity: 110\u2026","rel":"","context":"Entrada similar","block_context":{"text":"Entrada similar","link":""},"img":{"alt_text":"upright post roll forming machine","src":"https:\/\/i0.wp.com\/believeindustry.company\/wp-content\/uploads\/2020\/01\/upright-post-roll-forming-machine.jpg?resize=350%2C200&ssl=1","width":350,"height":200,"srcset":"https:\/\/i0.wp.com\/believeindustry.company\/wp-content\/uploads\/2020\/01\/upright-post-roll-forming-machine.jpg?resize=350%2C200&ssl=1 1x, https:\/\/i0.wp.com\/believeindustry.company\/wp-content\/uploads\/2020\/01\/upright-post-roll-forming-machine.jpg?resize=525%2C300&ssl=1 1.5x, https:\/\/i0.wp.com\/believeindustry.company\/wp-content\/uploads\/2020\/01\/upright-post-roll-forming-machine.jpg?resize=700%2C400&ssl=1 2x, https:\/\/i0.wp.com\/believeindustry.company\/wp-content\/uploads\/2020\/01\/upright-post-roll-forming-machine.jpg?resize=1050%2C600&ssl=1 3x, https:\/\/i0.wp.com\/believeindustry.company\/wp-content\/uploads\/2020\/01\/upright-post-roll-forming-machine.jpg?resize=1400%2C800&ssl=1 4x"},"classes":[]}],"amp_enabled":true,"_links":{"self":[{"href":"https:\/\/believeindustry.company\/es\/wp-json\/wp\/v2\/pages\/6977","targetHints":{"allow":["GET"]}}],"collection":[{"href":"https:\/\/believeindustry.company\/es\/wp-json\/wp\/v2\/pages"}],"about":[{"href":"https:\/\/believeindustry.company\/es\/wp-json\/wp\/v2\/types\/page"}],"author":[{"embeddable":true,"href":"https:\/\/believeindustry.company\/es\/wp-json\/wp\/v2\/users\/2"}],"replies":[{"embeddable":true,"href":"https:\/\/believeindustry.company\/es\/wp-json\/wp\/v2\/comments?post=6977"}],"version-history":[{"count":3,"href":"https:\/\/believeindustry.company\/es\/wp-json\/wp\/v2\/pages\/6977\/revisions"}],"predecessor-version":[{"id":20135,"href":"https:\/\/believeindustry.company\/es\/wp-json\/wp\/v2\/pages\/6977\/revisions\/20135"}],"up":[{"embeddable":true,"href":"https:\/\/believeindustry.company\/es\/wp-json\/wp\/v2\/pages\/1068"}],"wp:featuredmedia":[{"embeddable":true,"href":"https:\/\/believeindustry.company\/es\/wp-json\/wp\/v2\/media\/6984"}],"wp:attachment":[{"href":"https:\/\/believeindustry.company\/es\/wp-json\/wp\/v2\/media?parent=6977"}],"wp:term":[{"taxonomy":"post_tag","embeddable":true,"href":"https:\/\/believeindustry.company\/es\/wp-json\/wp\/v2\/tags?post=6977"}],"curies":[{"name":"wp","href":"https:\/\/api.w.org\/{rel}","templated":true}]}}