{"id":7271,"date":"2019-12-16T11:24:32","date_gmt":"2019-12-16T03:24:32","guid":{"rendered":"https:\/\/believeindustry.company\/?page_id=7271"},"modified":"2021-12-20T10:45:54","modified_gmt":"2021-12-20T02:45:54","slug":"video-de-la-maquina-formadora-de-rollos-de-bandejas-para-cables-con-extremos-encogidos","status":"publish","type":"page","link":"https:\/\/believeindustry.company\/es\/shrinked-ends-cable-tray-roll-forming-machine-video\/","title":{"rendered":"V\u00eddeo de la m\u00e1quina formadora de bandejas para cables con extremos retr\u00e1ctiles"},"content":{"rendered":"<p>V\u00eddeo de la m\u00e1quina formadora de bandejas para cables de 50-100 mm de ancho<\/p>\n\n\n\n<figure class=\"wp-block-video wp-block-embed is-type-video is-provider-videopress\"><div class=\"wp-block-embed__wrapper\">\n<iframe title=\"Reproductor de v\u00eddeo VideoPress\" aria-label='Reproductor de v\u00eddeo VideoPress' width='1290' height='742' src='https:\/\/videopress.com\/embed\/FKtQIRzR?cover=1&amp;preloadContent=metadata&amp;hd=0' frameborder='0' allowfullscreen data-resize-to-parent=\"true\" allow='clipboard-write'><\/iframe><script src='https:\/\/v0.wordpress.com\/js\/next\/videopress-iframe.js?m=1739540970'><\/script>\n<\/div><\/figure>\n\n\n\n\n\n<figure class=\"wp-block-video wp-block-embed is-type-video is-provider-videopress\"><div class=\"wp-block-embed__wrapper\">\n<iframe title=\"Reproductor de v\u00eddeo VideoPress\" aria-label='Reproductor de v\u00eddeo VideoPress' width='1290' height='731' src='https:\/\/videopress.com\/embed\/Xpl6o7D1?cover=1&amp;preloadContent=metadata&amp;hd=0' frameborder='0' allowfullscreen data-resize-to-parent=\"true\" allow='clipboard-write'><\/iframe><script src='https:\/\/v0.wordpress.com\/js\/next\/videopress-iframe.js?m=1739540970'><\/script>\n<\/div><\/figure>","protected":false},"excerpt":{"rendered":"V\u00eddeo de la m\u00e1quina formadora de bandejas para cables de 50-100 mm de ancho <a href=\"https:\/\/videopress.com\/v\/FKtQIRzR?resizeToParent=true&#038;cover=true&#038;preloadContent=metadata\" rel=\"nofollow\">https:\/\/videopress.com\/v\/FKtQIRzR?resizeToParent=true&#038;cover=true&#038;preloadContent=metadata<\/a> <a href=\"https:\/\/videopress.com\/v\/Xpl6o7D1?resizeToParent=true&#038;cover=true&#038;preloadContent=metadata\" rel=\"nofollow\">https:\/\/videopress.com\/v\/Xpl6o7D1?resizeToParent=true&#038;cover=true&#038;preloadContent=metadata<\/a>","protected":false},"author":2,"featured_media":0,"parent":0,"menu_order":0,"comment_status":"closed","ping_status":"closed","template":"","meta":{"_angie_page":false,"jetpack_post_was_ever_published":false,"footnotes":"","big_sky_generated":false},"tags":[],"class_list":["post-7271","page","type-page","status-publish","hentry"],"blocksy_meta":[],"jetpack_sharing_enabled":true,"jetpack_shortlink":"https:\/\/wp.me\/P9K5n8-1Th","jetpack_likes_enabled":false,"jetpack-related-posts":[{"id":2465,"url":"https:\/\/believeindustry.company\/es\/video\/cable-tray-roll-forming-machine-video\/","url_meta":{"origin":7271,"position":0},"title":"V\u00eddeo de la m\u00e1quina formadora de rollos para bandejas portacables","author":"Believe Industry Group","date":"julio 12, 2018","format":false,"excerpt":"Cable Tray Roll Forming Machine Video will show you what cable tray machines we made before.\u00a0 Believe Industry Company have a full range roll forming machines for Cable Tray, Cable Tray Ladder, Cable Tray Cover, Cable Tray Channel. And all the machines can be customized.","rel":"","context":"En \u00abCable Tray Roll Former\u00bb","block_context":{"text":"Cable Tray Roll Former","link":"https:\/\/believeindustry.company\/es\/tag\/cable-tray-roll-former\/"},"img":{"alt_text":"cable tray roll forming machine video 1","src":"https:\/\/i0.wp.com\/believeindustry.company\/wp-content\/uploads\/2018\/07\/cable-tray-roll-forming-machine-video-1.jpg?resize=350%2C200&ssl=1","width":350,"height":200,"srcset":"https:\/\/i0.wp.com\/believeindustry.company\/wp-content\/uploads\/2018\/07\/cable-tray-roll-forming-machine-video-1.jpg?resize=350%2C200&ssl=1 1x, https:\/\/i0.wp.com\/believeindustry.company\/wp-content\/uploads\/2018\/07\/cable-tray-roll-forming-machine-video-1.jpg?resize=525%2C300&ssl=1 1.5x, https:\/\/i0.wp.com\/believeindustry.company\/wp-content\/uploads\/2018\/07\/cable-tray-roll-forming-machine-video-1.jpg?resize=700%2C400&ssl=1 2x, https:\/\/i0.wp.com\/believeindustry.company\/wp-content\/uploads\/2018\/07\/cable-tray-roll-forming-machine-video-1.jpg?resize=1050%2C600&ssl=1 3x"},"classes":[]},{"id":6710,"url":"https:\/\/believeindustry.company\/es\/cable-tray-rolling-machine\/","url_meta":{"origin":7271,"position":1},"title":"M\u00e1quina enrolladora de bandejas de cables","author":"Believe Industry Group","date":"mayo 7, 2019","format":false,"excerpt":"Cable Tray Rolling Machine Introduction Cable Tray Rolling Machine is for producing Cable Trays, Cable Tray Ladders, Cable Tray Covers as per desired requirements. Line Layout Working Prcess: Uncoiling-- Leveling-- Servo Feeding and Punching-- Roll Forming Machine-- Cutting-- Collecting Machine Components Hydraulic UncoilerLevelerServo Feeder and Punch PressRoll FormerCutter Collection TableControlled\u2026","rel":"","context":"Entrada similar","block_context":{"text":"Entrada similar","link":""},"img":{"alt_text":"cable tray roll former","src":"https:\/\/i0.wp.com\/believeindustry.company\/wp-content\/uploads\/2019\/04\/cable-tray-roll-former.png?resize=350%2C200&ssl=1","width":350,"height":200,"srcset":"https:\/\/i0.wp.com\/believeindustry.company\/wp-content\/uploads\/2019\/04\/cable-tray-roll-former.png?resize=350%2C200&ssl=1 1x, https:\/\/i0.wp.com\/believeindustry.company\/wp-content\/uploads\/2019\/04\/cable-tray-roll-former.png?resize=525%2C300&ssl=1 1.5x, https:\/\/i0.wp.com\/believeindustry.company\/wp-content\/uploads\/2019\/04\/cable-tray-roll-former.png?resize=700%2C400&ssl=1 2x"},"classes":[]},{"id":5158,"url":"https:\/\/believeindustry.company\/es\/cable-tray-roll-forming-machine-working-video\/","url_meta":{"origin":7271,"position":2},"title":"V\u00eddeo de funcionamiento de la m\u00e1quina perfiladora de bandejas para cables","author":"Believe Industry Group","date":"marzo 22, 2019","format":false,"excerpt":"","rel":"","context":"Entrada similar","block_context":{"text":"Entrada similar","link":""},"img":{"alt_text":"","src":"https:\/\/videos.files.wordpress.com\/OO6cYdKc\/cable-tray-roll-forming-machine_hd.original.jpg?w=350&h=200&crop=1","width":350,"height":200},"classes":[]},{"id":5368,"url":"https:\/\/believeindustry.company\/es\/cable-tray-roll-forming-machine-width-adjust-video\/","url_meta":{"origin":7271,"position":3},"title":"V\u00eddeo sobre el ajuste del ancho de la m\u00e1quina perfiladora de bandejas para cables","author":"Believe Industry Group","date":"abril 4, 2019","format":false,"excerpt":"","rel":"","context":"Entrada similar","block_context":{"text":"Entrada similar","link":""},"img":{"alt_text":"","src":"https:\/\/videos.files.wordpress.com\/zyLgukq6\/cable-tray-roll-forming-machine-width-adjust_hd.original.jpg?w=350&h=200&crop=1","width":350,"height":200},"classes":[]},{"id":22002,"url":"https:\/\/believeindustry.company\/es\/energy-and-electric\/","url_meta":{"origin":7271,"position":4},"title":"Energ\u00eda y electricidad","author":"Believe Industry Group","date":"abril 12, 2026","format":false,"excerpt":"A roll forming machine for energy and electrical applications is a specialized, automated manufacturing system designed to produce the critical metal infrastructure used in power generation, solar farms, and electrical distribution.In these sectors, precision and high-volume production are paramount. These roll forming lines continuously shape flat steel or aluminum coils\u2026","rel":"","context":"Entrada similar","block_context":{"text":"Entrada similar","link":""},"img":{"alt_text":"engery and electric","src":"https:\/\/i0.wp.com\/believeindustry.company\/wp-content\/uploads\/2026\/04\/engery-and-electric.webp?resize=350%2C200&ssl=1","width":350,"height":200,"srcset":"https:\/\/i0.wp.com\/believeindustry.company\/wp-content\/uploads\/2026\/04\/engery-and-electric.webp?resize=350%2C200&ssl=1 1x, https:\/\/i0.wp.com\/believeindustry.company\/wp-content\/uploads\/2026\/04\/engery-and-electric.webp?resize=525%2C300&ssl=1 1.5x, https:\/\/i0.wp.com\/believeindustry.company\/wp-content\/uploads\/2026\/04\/engery-and-electric.webp?resize=700%2C400&ssl=1 2x, https:\/\/i0.wp.com\/believeindustry.company\/wp-content\/uploads\/2026\/04\/engery-and-electric.webp?resize=1050%2C600&ssl=1 3x, https:\/\/i0.wp.com\/believeindustry.company\/wp-content\/uploads\/2026\/04\/engery-and-electric.webp?resize=1400%2C800&ssl=1 4x"},"classes":[]},{"id":1546,"url":"https:\/\/believeindustry.company\/es\/roll-forming-machine\/customized-profile-roll-forming-machine\/cable-tray-roll-forming-machine\/","url_meta":{"origin":7271,"position":5},"title":"M\u00e1quina formadora de rollos para bandejas portacables","author":"Believe Industry Group","date":"julio 11, 2018","format":false,"excerpt":"A cable tray roll forming machine is a fully automated, continuous industrial production line designed for mass manufacturing cable management components. \u00a0 It processes raw metal coils \u2014 mainly galvanized steel, stainless steel, or aluminum coils \u2014 at room temperature using a continuous cold-forming process. \u00a0 By passing the metal\u2026","rel":"","context":"En \u00abCable Ladder Roll Forming Machine\u00bb","block_context":{"text":"Cable Ladder Roll Forming Machine","link":"https:\/\/believeindustry.company\/es\/tag\/cable-ladder-roll-forming-machine\/"},"img":{"alt_text":"Cable Tray Roll Forming Machine","src":"https:\/\/i0.wp.com\/believeindustry.company\/wp-content\/uploads\/2022\/03\/cable-tray-roll-forming-machine15-1.jpg?resize=350%2C200&ssl=1","width":350,"height":200,"srcset":"https:\/\/i0.wp.com\/believeindustry.company\/wp-content\/uploads\/2022\/03\/cable-tray-roll-forming-machine15-1.jpg?resize=350%2C200&ssl=1 1x, https:\/\/i0.wp.com\/believeindustry.company\/wp-content\/uploads\/2022\/03\/cable-tray-roll-forming-machine15-1.jpg?resize=525%2C300&ssl=1 1.5x, https:\/\/i0.wp.com\/believeindustry.company\/wp-content\/uploads\/2022\/03\/cable-tray-roll-forming-machine15-1.jpg?resize=700%2C400&ssl=1 2x"},"classes":[]}],"amp_enabled":true,"_links":{"self":[{"href":"https:\/\/believeindustry.company\/es\/wp-json\/wp\/v2\/pages\/7271","targetHints":{"allow":["GET"]}}],"collection":[{"href":"https:\/\/believeindustry.company\/es\/wp-json\/wp\/v2\/pages"}],"about":[{"href":"https:\/\/believeindustry.company\/es\/wp-json\/wp\/v2\/types\/page"}],"author":[{"embeddable":true,"href":"https:\/\/believeindustry.company\/es\/wp-json\/wp\/v2\/users\/2"}],"replies":[{"embeddable":true,"href":"https:\/\/believeindustry.company\/es\/wp-json\/wp\/v2\/comments?post=7271"}],"version-history":[{"count":3,"href":"https:\/\/believeindustry.company\/es\/wp-json\/wp\/v2\/pages\/7271\/revisions"}],"predecessor-version":[{"id":8241,"href":"https:\/\/believeindustry.company\/es\/wp-json\/wp\/v2\/pages\/7271\/revisions\/8241"}],"wp:attachment":[{"href":"https:\/\/believeindustry.company\/es\/wp-json\/wp\/v2\/media?parent=7271"}],"wp:term":[{"taxonomy":"post_tag","embeddable":true,"href":"https:\/\/believeindustry.company\/es\/wp-json\/wp\/v2\/tags?post=7271"}],"curies":[{"name":"wp","href":"https:\/\/api.w.org\/{rel}","templated":true}]}}