{"id":7304,"date":"2020-01-08T15:26:34","date_gmt":"2020-01-08T07:26:34","guid":{"rendered":"https:\/\/believeindustry.company\/?page_id=7304"},"modified":"2021-12-20T10:45:34","modified_gmt":"2021-12-20T02:45:34","slug":"maquina-formadora-de-postes-verticales","status":"publish","type":"page","link":"https:\/\/believeindustry.company\/es\/upright-post-roll-forming-machine\/","title":{"rendered":"M\u00e1quina formadora de postes verticales"},"content":{"rendered":"<p><strong>M\u00e1quina formadora de postes verticales<\/strong> Es para producir postes verticales seg\u00fan los requisitos.<\/p>\n\n\n\n<figure class=\"wp-block-image size-large\"><img fetchpriority=\"high\" decoding=\"async\" width=\"1024\" height=\"768\" data-attachment-id=\"7306\" data-permalink=\"https:\/\/believeindustry.company\/es\/upright-post-roll-forming-machine\/upright-post-roll-forming-machine\/\" data-orig-file=\"https:\/\/believeindustry.company\/wp-content\/uploads\/2020\/01\/upright-post-roll-forming-machine.jpg\" data-orig-size=\"4000,3000\" data-comments-opened=\"1\" data-image-meta=\"{&quot;aperture&quot;:&quot;1.8&quot;,&quot;credit&quot;:&quot;&quot;,&quot;camera&quot;:&quot;YAL-AL00&quot;,&quot;caption&quot;:&quot;&quot;,&quot;created_timestamp&quot;:&quot;1572960616&quot;,&quot;copyright&quot;:&quot;&quot;,&quot;focal_length&quot;:&quot;4.75&quot;,&quot;iso&quot;:&quot;200&quot;,&quot;shutter_speed&quot;:&quot;0.01&quot;,&quot;title&quot;:&quot;&quot;,&quot;orientation&quot;:&quot;0&quot;}\" data-image-title=\"upright post roll forming machine\" data-image-description=\"\" data-image-caption=\"\" data-medium-file=\"https:\/\/believeindustry.company\/wp-content\/uploads\/2020\/01\/upright-post-roll-forming-machine-300x225.jpg\" data-large-file=\"https:\/\/believeindustry.company\/wp-content\/uploads\/2020\/01\/upright-post-roll-forming-machine-1024x768.jpg\" src=\"https:\/\/believeindustry.company\/wp-content\/uploads\/2020\/01\/upright-post-roll-forming-machine-1024x768.jpg\" alt=\"m\u00e1quina formadora de postes verticales\" class=\"wp-image-7306\" srcset=\"https:\/\/believeindustry.company\/wp-content\/uploads\/2020\/01\/upright-post-roll-forming-machine-1024x768.jpg 1024w, https:\/\/believeindustry.company\/wp-content\/uploads\/2020\/01\/upright-post-roll-forming-machine-600x450.jpg 600w, https:\/\/believeindustry.company\/wp-content\/uploads\/2020\/01\/upright-post-roll-forming-machine-300x225.jpg 300w, https:\/\/believeindustry.company\/wp-content\/uploads\/2020\/01\/upright-post-roll-forming-machine-768x576.jpg 768w, https:\/\/believeindustry.company\/wp-content\/uploads\/2020\/01\/upright-post-roll-forming-machine-1536x1152.jpg 1536w, https:\/\/believeindustry.company\/wp-content\/uploads\/2020\/01\/upright-post-roll-forming-machine-2048x1536.jpg 2048w, https:\/\/believeindustry.company\/wp-content\/uploads\/2020\/01\/upright-post-roll-forming-machine-320x240.jpg 320w, https:\/\/believeindustry.company\/wp-content\/uploads\/2020\/01\/upright-post-roll-forming-machine-640x480.jpg 640w, https:\/\/believeindustry.company\/wp-content\/uploads\/2020\/01\/upright-post-roll-forming-machine-360x270.jpg 360w, https:\/\/believeindustry.company\/wp-content\/uploads\/2020\/01\/upright-post-roll-forming-machine-720x540.jpg 720w, https:\/\/believeindustry.company\/wp-content\/uploads\/2020\/01\/upright-post-roll-forming-machine-1080x810.jpg 1080w, https:\/\/believeindustry.company\/wp-content\/uploads\/2020\/01\/upright-post-roll-forming-machine-800x600.jpg 800w, https:\/\/believeindustry.company\/wp-content\/uploads\/2020\/01\/upright-post-roll-forming-machine-1280x960.jpg 1280w\" sizes=\"(max-width: 1024px) 100vw, 1024px\" \/><figcaption><\/figcaption><\/figure>\n\n\n\n<h2 class=\"wp-block-heading\">Componentes de la m\u00e1quina de postes verticales<\/h2>\n\n\n\n<ol class=\"wp-block-list\"><li>Desenrollador<\/li><li>M\u00e1quina niveladora<\/li><li>Alimentador servo y prensa punzonadora<\/li><li>Dispositivo de troquel de punz\u00f3n de reemplazo r\u00e1pido<\/li><li>M\u00e1quina formadora de rodillos ajustable<\/li><li>Dispositivo de corte con seguimiento servo<\/li><li>Tabla de colecci\u00f3n<\/li><li>Estaci\u00f3n hidr\u00e1ulica<\/li><li>Panel de control<\/li><\/ol>\n\n\n\n<h2 class=\"wp-block-heading\">Par\u00e1metros t\u00e9cnicos de la m\u00e1quina de correos<\/h2>\n\n\n\n<ol class=\"wp-block-list\"><li>Velocidad de l\u00ednea: 10-15 m\/min<\/li><li>Capacidad del desenrollador: 5 toneladas<\/li><li>Capacidad de la prensa punzonadora: 110 toneladas<\/li><li>Puestos de perfilado: 18-22<\/li><li>Potencia del motor: 18,5 kW x 2<\/li><li>Material del rodillo: CR12 MOV, HRD 58-62 grados<\/li><li>Eje: 75 mm de di\u00e1metro, 40CR<\/li><li>Potencia del motor hidr\u00e1ulico: 5,5 KW<\/li><li>Potencia del motor de oruga servo: 3 KW<\/li><\/ol>\n\n\n\n<h2 class=\"wp-block-heading\">Disposici\u00f3n de la m\u00e1quina perfiladora de columnas verticales<\/h2>\n\n\n\n<figure class=\"wp-block-image size-large\"><img decoding=\"async\" width=\"1657\" height=\"378\" data-attachment-id=\"7310\" data-permalink=\"https:\/\/believeindustry.company\/es\/upright-post-roll-forming-machine\/upright-rack-roll-forming-machine-layout\/\" data-orig-file=\"https:\/\/believeindustry.company\/wp-content\/uploads\/2020\/01\/upright-rack-roll-forming-machine-layout.jpg\" data-orig-size=\"1657,378\" data-comments-opened=\"1\" data-image-meta=\"{&quot;aperture&quot;:&quot;0&quot;,&quot;credit&quot;:&quot;&quot;,&quot;camera&quot;:&quot;&quot;,&quot;caption&quot;:&quot;&quot;,&quot;created_timestamp&quot;:&quot;0&quot;,&quot;copyright&quot;:&quot;&quot;,&quot;focal_length&quot;:&quot;0&quot;,&quot;iso&quot;:&quot;0&quot;,&quot;shutter_speed&quot;:&quot;0&quot;,&quot;title&quot;:&quot;&quot;,&quot;orientation&quot;:&quot;0&quot;}\" data-image-title=\"upright rack roll forming machine layout\" data-image-description=\"\" data-image-caption=\"\" data-medium-file=\"https:\/\/believeindustry.company\/wp-content\/uploads\/2020\/01\/upright-rack-roll-forming-machine-layout-300x68.jpg\" data-large-file=\"https:\/\/believeindustry.company\/wp-content\/uploads\/2020\/01\/upright-rack-roll-forming-machine-layout-1024x234.jpg\" src=\"https:\/\/i1.wp.com\/believeindustry.company\/wp-content\/uploads\/2020\/01\/upright-rack-roll-forming-machine-layout.jpg?fit=640%2C146&amp;ssl=1\" alt=\"Esquema de la m\u00e1quina formadora de rodillos de bastidor vertical\" class=\"wp-image-7310\" srcset=\"https:\/\/believeindustry.company\/wp-content\/uploads\/2020\/01\/upright-rack-roll-forming-machine-layout.jpg 1657w, https:\/\/believeindustry.company\/wp-content\/uploads\/2020\/01\/upright-rack-roll-forming-machine-layout-600x137.jpg 600w, https:\/\/believeindustry.company\/wp-content\/uploads\/2020\/01\/upright-rack-roll-forming-machine-layout-300x68.jpg 300w, https:\/\/believeindustry.company\/wp-content\/uploads\/2020\/01\/upright-rack-roll-forming-machine-layout-1024x234.jpg 1024w, https:\/\/believeindustry.company\/wp-content\/uploads\/2020\/01\/upright-rack-roll-forming-machine-layout-768x175.jpg 768w, https:\/\/believeindustry.company\/wp-content\/uploads\/2020\/01\/upright-rack-roll-forming-machine-layout-1536x350.jpg 1536w, https:\/\/believeindustry.company\/wp-content\/uploads\/2020\/01\/upright-rack-roll-forming-machine-layout-320x73.jpg 320w, https:\/\/believeindustry.company\/wp-content\/uploads\/2020\/01\/upright-rack-roll-forming-machine-layout-640x146.jpg 640w, https:\/\/believeindustry.company\/wp-content\/uploads\/2020\/01\/upright-rack-roll-forming-machine-layout-360x82.jpg 360w, https:\/\/believeindustry.company\/wp-content\/uploads\/2020\/01\/upright-rack-roll-forming-machine-layout-720x164.jpg 720w, https:\/\/believeindustry.company\/wp-content\/uploads\/2020\/01\/upright-rack-roll-forming-machine-layout-1080x246.jpg 1080w, https:\/\/believeindustry.company\/wp-content\/uploads\/2020\/01\/upright-rack-roll-forming-machine-layout-800x182.jpg 800w, https:\/\/believeindustry.company\/wp-content\/uploads\/2020\/01\/upright-rack-roll-forming-machine-layout-1280x292.jpg 1280w\" sizes=\"(max-width: 1657px) 100vw, 1657px\" \/><figcaption><\/figcaption><\/figure>\n\n\n\n<p>Believe Industry Company ofrece un servicio integral para m\u00e1quinas para&nbsp;<strong>sistema de estanter\u00edas para paletas<\/strong>:<\/p>\n\n\n\n<ol class=\"wp-block-list\"><li>M\u00e1quina perfiladora de rodillos para estanter\u00edas de palets<\/li><li>M\u00e1quina perfiladora para vigas caj\u00f3n, vigas escalonadas, etc.<\/li><li>M\u00e1quina perfiladora de rodillos para paneles de estanter\u00edas<\/li><li>M\u00e1quina perfiladora de rodillos para refuerzo<\/li><li>M\u00e1quina de soldadura de vigas y conectores<\/li><li>M\u00e1quina perforadora de conectores<\/li><\/ol>\n\n\n\n<p><a href=\"https:\/\/believeindustry.company\/es\/contact-us-4\/\">Cont\u00e1ctanos<\/a> Para obtener m\u00e1s informaci\u00f3n o <a href=\"https:\/\/wa.me\/8617351680080\" target=\"_blank\" rel=\"noopener\">WhatsApp<\/a> a m\u00ed directamente.<\/p>","protected":false},"excerpt":{"rendered":"<p>Upright Post Roll Forming Machine is for producing upright post as per requirement Upright Post Machine Components Uncoiler Levrling Machine Servo Feeder and Punch Press Quick replace punch die device Adjustable Roll Forming Machine Servo Tracking Cutting Device Collection Table Hydraulic Station Controller Panel Technical Parameters of Post Machine Line Speed: 10-15m\/min Uncoiler Capacity: 5 [&hellip;]<\/p>\n","protected":false},"author":2,"featured_media":7306,"parent":0,"menu_order":0,"comment_status":"closed","ping_status":"closed","template":"","meta":{"_angie_page":false,"jetpack_post_was_ever_published":false,"footnotes":"","big_sky_generated":false},"tags":[],"class_list":["post-7304","page","type-page","status-publish","has-post-thumbnail","hentry"],"blocksy_meta":[],"jetpack_sharing_enabled":true,"jetpack_shortlink":"https:\/\/wp.me\/P9K5n8-1TO","jetpack_likes_enabled":false,"jetpack-related-posts":[{"id":1298,"url":"https:\/\/believeindustry.company\/es\/roll-forming-machine\/pallet-racking-roll-forming-machine\/upright-rack-roll-forming-machine\/","url_meta":{"origin":7304,"position":0},"title":"M\u00e1quina formadora de rodillos de estanter\u00eda vertical","author":"Believe Industry Group","date":"abril 17, 2018","format":false,"excerpt":"Upright rack roll forming machine technology is the backbone of modern warehouse logistics. At Beli RollForming, we specialize in manufacturing high-precision machinery designed to produce durable upright racks for warehouse pallet rack systems. Our machines are engineered to handle various sizes and thicknesses, ensuring your production line is both adjustable\u2026","rel":"","context":"En \u00abRack Roll Forming\u00bb","block_context":{"text":"Rack Roll Forming","link":"https:\/\/believeindustry.company\/es\/tag\/rack-roll-forming\/"},"img":{"alt_text":"upright rack roll forming machine","src":"https:\/\/i0.wp.com\/believeindustry.company\/wp-content\/uploads\/2024\/02\/upright-rack-roll-forming-machine.jpg?resize=350%2C200&ssl=1","width":350,"height":200,"srcset":"https:\/\/i0.wp.com\/believeindustry.company\/wp-content\/uploads\/2024\/02\/upright-rack-roll-forming-machine.jpg?resize=350%2C200&ssl=1 1x, https:\/\/i0.wp.com\/believeindustry.company\/wp-content\/uploads\/2024\/02\/upright-rack-roll-forming-machine.jpg?resize=525%2C300&ssl=1 1.5x, https:\/\/i0.wp.com\/believeindustry.company\/wp-content\/uploads\/2024\/02\/upright-rack-roll-forming-machine.jpg?resize=700%2C400&ssl=1 2x, https:\/\/i0.wp.com\/believeindustry.company\/wp-content\/uploads\/2024\/02\/upright-rack-roll-forming-machine.jpg?resize=1050%2C600&ssl=1 3x"},"classes":[]},{"id":6962,"url":"https:\/\/believeindustry.company\/es\/roll-forming-machine\/pallet-racking-roll-forming-machine\/upright-rack-beam-automatic-welding-machine\/","url_meta":{"origin":7304,"position":1},"title":"M\u00e1quina de soldadura autom\u00e1tica con vigas de bastidor verticales","author":"Believe Industry Group","date":"agosto 21, 2019","format":false,"excerpt":"Upright Rack beam automatic welding machine is composed of rack, 6 sets pf NBC300 welding machines and delta brand PLC and touch screen, stepper motor, ball screw and linear guide rail. The machine can weld P beams and Box Beams with the width from 50-220 mm and height 40-70 mm.\u2026","rel":"","context":"Entrada similar","block_context":{"text":"Entrada similar","link":""},"img":{"alt_text":"cropped Upright Rack Beam Automatic Welding Machine","src":"https:\/\/i0.wp.com\/believeindustry.company\/wp-content\/uploads\/2019\/08\/cropped-Upright-Rack-Beam-Automatic-Welding-Machine.jpg?resize=350%2C200&ssl=1","width":350,"height":200,"srcset":"https:\/\/i0.wp.com\/believeindustry.company\/wp-content\/uploads\/2019\/08\/cropped-Upright-Rack-Beam-Automatic-Welding-Machine.jpg?resize=350%2C200&ssl=1 1x, https:\/\/i0.wp.com\/believeindustry.company\/wp-content\/uploads\/2019\/08\/cropped-Upright-Rack-Beam-Automatic-Welding-Machine.jpg?resize=525%2C300&ssl=1 1.5x"},"classes":[]},{"id":3307,"url":"https:\/\/believeindustry.company\/es\/roll-forming-machine\/pallet-racking-roll-forming-machine\/new-design-box-beam-roll-forming-machine\/","url_meta":{"origin":7304,"position":2},"title":"Nueva m\u00e1quina perfiladora de perfiles de secci\u00f3n rectangular integrada de dise\u00f1o nuevo","author":"Believe Industry Group","date":"noviembre 13, 2018","format":false,"excerpt":"New design integrated box beam machine is designed to produce box beams and no need an extra box beam seaming machine. It wills save material and labor cost. What's Box Beam? As we know,\u00a0Box beams\u00a0have no inset step, instead have four flat sides like a box. All load beams typically\u2026","rel":"","context":"En \u00abBox Beam Machine\u00bb","block_context":{"text":"Box Beam Machine","link":"https:\/\/believeindustry.company\/es\/tag\/box-beam-machine\/"},"img":{"alt_text":"new design box beam machine","src":"https:\/\/i0.wp.com\/believeindustry.company\/wp-content\/uploads\/2020\/03\/new-design-box-beam-machine.jpg?resize=350%2C200&ssl=1","width":350,"height":200,"srcset":"https:\/\/i0.wp.com\/believeindustry.company\/wp-content\/uploads\/2020\/03\/new-design-box-beam-machine.jpg?resize=350%2C200&ssl=1 1x, https:\/\/i0.wp.com\/believeindustry.company\/wp-content\/uploads\/2020\/03\/new-design-box-beam-machine.jpg?resize=525%2C300&ssl=1 1.5x, https:\/\/i0.wp.com\/believeindustry.company\/wp-content\/uploads\/2020\/03\/new-design-box-beam-machine.jpg?resize=700%2C400&ssl=1 2x, https:\/\/i0.wp.com\/believeindustry.company\/wp-content\/uploads\/2020\/03\/new-design-box-beam-machine.jpg?resize=1050%2C600&ssl=1 3x, https:\/\/i0.wp.com\/believeindustry.company\/wp-content\/uploads\/2020\/03\/new-design-box-beam-machine.jpg?resize=1400%2C800&ssl=1 4x"},"classes":[]},{"id":2386,"url":"https:\/\/believeindustry.company\/es\/roll-forming-machine\/pallet-racking-roll-forming-machine\/supermarket-shelving-panel-roll-forming-machine\/","url_meta":{"origin":7304,"position":3},"title":"M\u00e1quina perfiladora de paneles para estanter\u00edas de supermercado","author":"Believe Industry Group","date":"junio 26, 2018","format":false,"excerpt":"A supermarket shelving panel roll forming machine automates the production of metal panels for shelves. It uses a series of rollers to shape coils into precise profiles. This process is efficient and reduces manual labor. At Beli RollForming, our machines are built with high-quality materials to ensure long-term performance. They\u2026","rel":"","context":"En \u00abCompany News\u00bb","block_context":{"text":"Company News","link":"https:\/\/believeindustry.company\/es\/category\/company-news\/"},"img":{"alt_text":"Full view of the complete shelf post roll forming machine line, showing all 6 integrated components in sequence","src":"https:\/\/i0.wp.com\/believeindustry.company\/wp-content\/uploads\/2025\/12\/Supermarket-Shelving-Panel-Roll-Forming-Machine.webp?resize=350%2C200&ssl=1","width":350,"height":200,"srcset":"https:\/\/i0.wp.com\/believeindustry.company\/wp-content\/uploads\/2025\/12\/Supermarket-Shelving-Panel-Roll-Forming-Machine.webp?resize=350%2C200&ssl=1 1x, https:\/\/i0.wp.com\/believeindustry.company\/wp-content\/uploads\/2025\/12\/Supermarket-Shelving-Panel-Roll-Forming-Machine.webp?resize=525%2C300&ssl=1 1.5x, https:\/\/i0.wp.com\/believeindustry.company\/wp-content\/uploads\/2025\/12\/Supermarket-Shelving-Panel-Roll-Forming-Machine.webp?resize=700%2C400&ssl=1 2x"},"classes":[]},{"id":1068,"url":"https:\/\/believeindustry.company\/es\/roll-forming-machine\/pallet-racking-roll-forming-machine\/","url_meta":{"origin":7304,"position":4},"title":"M\u00e1quina formadora de rodillos para estanter\u00edas de palets","author":"Believe Industry Group","date":"abril 10, 2018","format":false,"excerpt":"Pallet Racking Roll Forming Machine (s) is developed to produce Upright Racks, Box Beams, Shelf Panels. Which are components of Pallet Racking SystemsPallet Racking is a handling storage system designed to store materials\/goods on pallets. Although there are many kinds of pallet racking, all types allow for the storage of\u2026","rel":"","context":"En \u00abbelieve industry machine\u00bb","block_context":{"text":"believe industry machine","link":"https:\/\/believeindustry.company\/es\/tag\/believe-industry-machine\/"},"img":{"alt_text":"Pallet racking","src":"https:\/\/i0.wp.com\/believeindustry.company\/wp-content\/uploads\/2018\/04\/Pallet-racking-e1523353703177.jpg?resize=350%2C200&ssl=1","width":350,"height":200,"srcset":"https:\/\/i0.wp.com\/believeindustry.company\/wp-content\/uploads\/2018\/04\/Pallet-racking-e1523353703177.jpg?resize=350%2C200&ssl=1 1x, https:\/\/i0.wp.com\/believeindustry.company\/wp-content\/uploads\/2018\/04\/Pallet-racking-e1523353703177.jpg?resize=525%2C300&ssl=1 1.5x, https:\/\/i0.wp.com\/believeindustry.company\/wp-content\/uploads\/2018\/04\/Pallet-racking-e1523353703177.jpg?resize=700%2C400&ssl=1 2x"},"classes":[]},{"id":6977,"url":"https:\/\/believeindustry.company\/es\/roll-forming-machine\/pallet-racking-roll-forming-machine\/box-beam-welding-machine\/","url_meta":{"origin":7304,"position":5},"title":"M\u00e1quina de soldadura de vigas de secci\u00f3n rectangular","author":"Believe Industry Group","date":"septiembre 3, 2019","format":false,"excerpt":"Box Beam Welder Machine The Box Beam Welding machine is used to weld upright beam and connector together.It uses the NBC-300 CO2 gas welding transformer, the new PLC touch screen, digital output, operation is very easy. The 4 welding units are working at the same time, to weld the both\u2026","rel":"","context":"En \u00abstorage lines\u00bb","block_context":{"text":"storage lines","link":"https:\/\/believeindustry.company\/es\/tag\/storage-lines\/"},"img":{"alt_text":"box beam welding machine","src":"https:\/\/i0.wp.com\/believeindustry.company\/wp-content\/uploads\/2019\/09\/box-beam-welding-machine.png?resize=350%2C200&ssl=1","width":350,"height":200,"srcset":"https:\/\/i0.wp.com\/believeindustry.company\/wp-content\/uploads\/2019\/09\/box-beam-welding-machine.png?resize=350%2C200&ssl=1 1x, https:\/\/i0.wp.com\/believeindustry.company\/wp-content\/uploads\/2019\/09\/box-beam-welding-machine.png?resize=525%2C300&ssl=1 1.5x"},"classes":[]}],"amp_enabled":true,"_links":{"self":[{"href":"https:\/\/believeindustry.company\/es\/wp-json\/wp\/v2\/pages\/7304","targetHints":{"allow":["GET"]}}],"collection":[{"href":"https:\/\/believeindustry.company\/es\/wp-json\/wp\/v2\/pages"}],"about":[{"href":"https:\/\/believeindustry.company\/es\/wp-json\/wp\/v2\/types\/page"}],"author":[{"embeddable":true,"href":"https:\/\/believeindustry.company\/es\/wp-json\/wp\/v2\/users\/2"}],"replies":[{"embeddable":true,"href":"https:\/\/believeindustry.company\/es\/wp-json\/wp\/v2\/comments?post=7304"}],"version-history":[{"count":9,"href":"https:\/\/believeindustry.company\/es\/wp-json\/wp\/v2\/pages\/7304\/revisions"}],"predecessor-version":[{"id":10066,"href":"https:\/\/believeindustry.company\/es\/wp-json\/wp\/v2\/pages\/7304\/revisions\/10066"}],"wp:featuredmedia":[{"embeddable":true,"href":"https:\/\/believeindustry.company\/es\/wp-json\/wp\/v2\/media\/7306"}],"wp:attachment":[{"href":"https:\/\/believeindustry.company\/es\/wp-json\/wp\/v2\/media?parent=7304"}],"wp:term":[{"taxonomy":"post_tag","embeddable":true,"href":"https:\/\/believeindustry.company\/es\/wp-json\/wp\/v2\/tags?post=7304"}],"curies":[{"name":"wp","href":"https:\/\/api.w.org\/{rel}","templated":true}]}}