{"id":7324,"date":"2020-01-13T14:05:28","date_gmt":"2020-01-13T06:05:28","guid":{"rendered":"https:\/\/believeindustry.company\/?page_id=7324"},"modified":"2020-01-13T14:05:31","modified_gmt":"2020-01-13T06:05:31","slug":"diferentes-transmisiones-de-la-maquina-formadora-de-paneles-metalicos","status":"publish","type":"page","link":"https:\/\/believeindustry.company\/es\/different-transmission-of-metal-panels-roll-forming-machine\/","title":{"rendered":"Diferentes transmisiones de la m\u00e1quina formadora de paneles met\u00e1licos"},"content":{"rendered":"<figure class=\"wp-block-video wp-block-embed is-type-video is-provider-videopress\"><div class=\"wp-block-embed__wrapper\">\n<iframe title=\"Reproductor de v\u00eddeo VideoPress\" aria-label='Reproductor de v\u00eddeo VideoPress' width='1222' height='1000' src='https:\/\/videopress.com\/embed\/qC4mAoSe?preloadContent=metadata&amp;hd=0&amp;cover=1' frameborder='0' allowfullscreen allow='clipboard-write'><\/iframe><script src='https:\/\/v0.wordpress.com\/js\/next\/videopress-iframe.js?m=1739540970'><\/script>\n<\/div><figcaption>Transmisi\u00f3n de caja de cambios con soportes de fundici\u00f3n de hierro<\/figcaption><\/figure>\n\n\n\n<figure class=\"wp-block-video wp-block-embed is-type-video is-provider-videopress\"><div class=\"wp-block-embed__wrapper\">\n<iframe title=\"Reproductor de v\u00eddeo VideoPress\" aria-label='Reproductor de v\u00eddeo VideoPress' width='1290' height='726' src='https:\/\/videopress.com\/embed\/dCxJvlTl?preloadContent=metadata&amp;hd=0&amp;cover=1' frameborder='0' allowfullscreen allow='clipboard-write'><\/iframe><script src='https:\/\/v0.wordpress.com\/js\/next\/videopress-iframe.js?m=1739540970'><\/script>\n<\/div><figcaption>Transmisi\u00f3n por cadena y pi\u00f1\u00f3n y soportes de columna cromados<\/figcaption><\/figure>","protected":false},"excerpt":{"rendered":"<a href=\"https:\/\/videopress.com\/v\/qC4mAoSe?preloadContent=metadata\" rel=\"nofollow\">https:\/\/videopress.com\/v\/qC4mAoSe?preloadContent=metadata<\/a> Transmisi\u00f3n de caja de cambios con soportes de fundici\u00f3n de hierro <a href=\"https:\/\/videopress.com\/v\/dCxJvlTl?preloadContent=metadata\" rel=\"nofollow\">https:\/\/videopress.com\/v\/dCxJvlTl?preloadContent=metadata<\/a> Transmisi\u00f3n por cadena y pi\u00f1\u00f3n y soportes de columna cromados","protected":false},"author":2,"featured_media":0,"parent":0,"menu_order":0,"comment_status":"closed","ping_status":"closed","template":"","meta":{"_angie_page":false,"jetpack_post_was_ever_published":false,"footnotes":"","big_sky_generated":false},"tags":[],"class_list":["post-7324","page","type-page","status-publish","hentry"],"blocksy_meta":[],"jetpack_sharing_enabled":true,"jetpack_shortlink":"https:\/\/wp.me\/P9K5n8-1U8","jetpack_likes_enabled":false,"jetpack-related-posts":[{"id":7420,"url":"https:\/\/believeindustry.company\/es\/chain-transmission-strut-channel-roll-forming-machine\/","url_meta":{"origin":7324,"position":0},"title":"M\u00e1quina perfiladora de canales de puntal de transmisi\u00f3n por cadena","author":"Believe Industry Group","date":"febrero 25, 2020","format":false,"excerpt":"https:\/\/videopress.com\/v\/Ot6y6qAy?resizeToParent=true&cover=true&preloadContent=metadata Feature of the machine: Economical Save Space Brief Introduction of Chain Transmission Strut Channel Roll Forming Machine: Thikness: 1.0-2.0 mm Speed: 2-3 m\/min Length of the line: Max 15 meters Total Power: 15 KW Contact us for more information","rel":"","context":"Entrada similar","block_context":{"text":"Entrada similar","link":""},"img":{"alt_text":"Chain Transmission Strut Channel Roll Forming Machine","src":"https:\/\/i0.wp.com\/believeindustry.company\/wp-content\/uploads\/2020\/02\/IMG_20191208_130200.jpg?resize=350%2C200&ssl=1","width":350,"height":200,"srcset":"https:\/\/i0.wp.com\/believeindustry.company\/wp-content\/uploads\/2020\/02\/IMG_20191208_130200.jpg?resize=350%2C200&ssl=1 1x, https:\/\/i0.wp.com\/believeindustry.company\/wp-content\/uploads\/2020\/02\/IMG_20191208_130200.jpg?resize=525%2C300&ssl=1 1.5x, https:\/\/i0.wp.com\/believeindustry.company\/wp-content\/uploads\/2020\/02\/IMG_20191208_130200.jpg?resize=700%2C400&ssl=1 2x, https:\/\/i0.wp.com\/believeindustry.company\/wp-content\/uploads\/2020\/02\/IMG_20191208_130200.jpg?resize=1050%2C600&ssl=1 3x, https:\/\/i0.wp.com\/believeindustry.company\/wp-content\/uploads\/2020\/02\/IMG_20191208_130200.jpg?resize=1400%2C800&ssl=1 4x"},"classes":[]},{"id":7271,"url":"https:\/\/believeindustry.company\/es\/shrinked-ends-cable-tray-roll-forming-machine-video\/","url_meta":{"origin":7324,"position":1},"title":"V\u00eddeo de la m\u00e1quina formadora de bandejas para cables con extremos retr\u00e1ctiles","author":"Believe Industry Group","date":"diciembre 16, 2019","format":false,"excerpt":"50-100mm Width Cable Tray Roll Forming Machine Video https:\/\/videopress.com\/v\/FKtQIRzR?resizeToParent=true&cover=true&preloadContent=metadata https:\/\/videopress.com\/v\/Xpl6o7D1?resizeToParent=true&cover=true&preloadContent=metadata","rel":"","context":"Entrada similar","block_context":{"text":"Entrada similar","link":""},"img":{"alt_text":"","src":"","width":0,"height":0},"classes":[]},{"id":6842,"url":"https:\/\/believeindustry.company\/es\/roll-forming-machine\/purlin-roll-forming-machine\/multibeam-purlin-roll-forming-machine\/","url_meta":{"origin":7324,"position":2},"title":"M\u00e1quina perfiladora de correas multihaz","author":"Believe Industry Group","date":"junio 25, 2019","format":false,"excerpt":"Multibeam Purlin Roll Forming Machine Multibeam Purlin Roll Forming Machine is for producing Omega Purlin with web size from 100-450 mm, flange from 60-100 mm. And with simple adjustment, the machine also can produce c purlins. Multibeam Machine Layout Decoiling--->feeding and guiding--->levelling--->punching--->cutting--->roll forming Machine Components Uncoiler Feeder&Guider Leveler Punching Device\u2026","rel":"","context":"En \u00abpurlin lines\u00bb","block_context":{"text":"purlin lines","link":"https:\/\/believeindustry.company\/es\/tag\/purlin-lines\/"},"img":{"alt_text":"cropped multibeam roll forming machine","src":"https:\/\/i0.wp.com\/believeindustry.company\/wp-content\/uploads\/2019\/06\/cropped-multibeam-roll-forming-machine.jpg?resize=350%2C200&ssl=1","width":350,"height":200,"srcset":"https:\/\/i0.wp.com\/believeindustry.company\/wp-content\/uploads\/2019\/06\/cropped-multibeam-roll-forming-machine.jpg?resize=350%2C200&ssl=1 1x, https:\/\/i0.wp.com\/believeindustry.company\/wp-content\/uploads\/2019\/06\/cropped-multibeam-roll-forming-machine.jpg?resize=525%2C300&ssl=1 1.5x, https:\/\/i0.wp.com\/believeindustry.company\/wp-content\/uploads\/2019\/06\/cropped-multibeam-roll-forming-machine.jpg?resize=700%2C400&ssl=1 2x"},"classes":[]},{"id":6977,"url":"https:\/\/believeindustry.company\/es\/roll-forming-machine\/pallet-racking-roll-forming-machine\/box-beam-welding-machine\/","url_meta":{"origin":7324,"position":3},"title":"M\u00e1quina de soldadura de vigas de secci\u00f3n rectangular","author":"Believe Industry Group","date":"septiembre 3, 2019","format":false,"excerpt":"Box Beam Welder Machine The Box Beam Welding machine is used to weld upright beam and connector together.It uses the NBC-300 CO2 gas welding transformer, the new PLC touch screen, digital output, operation is very easy. The 4 welding units are working at the same time, to weld the both\u2026","rel":"","context":"En \u00abstorage lines\u00bb","block_context":{"text":"storage lines","link":"https:\/\/believeindustry.company\/es\/tag\/storage-lines\/"},"img":{"alt_text":"box beam welding machine","src":"https:\/\/i0.wp.com\/believeindustry.company\/wp-content\/uploads\/2019\/09\/box-beam-welding-machine.png?resize=350%2C200&ssl=1","width":350,"height":200,"srcset":"https:\/\/i0.wp.com\/believeindustry.company\/wp-content\/uploads\/2019\/09\/box-beam-welding-machine.png?resize=350%2C200&ssl=1 1x, https:\/\/i0.wp.com\/believeindustry.company\/wp-content\/uploads\/2019\/09\/box-beam-welding-machine.png?resize=525%2C300&ssl=1 1.5x"},"classes":[]},{"id":8689,"url":"https:\/\/believeindustry.company\/es\/roll-forming-machine\/customized-profile-roll-forming-machine\/din-rail-roll-forming-machine\/","url_meta":{"origin":7324,"position":4},"title":"M\u00e1quina formadora de rollos de riel DIN","author":"Believe Industry Group","date":"octubre 19, 2022","format":false,"excerpt":"DIN rail roll forming machine for producing top hat rails, C sections rails and G-type rails. The DIN rails are widely used for mounting circuit breakers and other electrical equipment. Main applicable material are cold rolled carben steel coils, galvanized steel coils, stainless coils with 1.0-1.5mm thickness. Main Components of\u2026","rel":"","context":"Entrada similar","block_context":{"text":"Entrada similar","link":""},"img":{"alt_text":"din rail roll former machine","src":"https:\/\/i0.wp.com\/believeindustry.company\/wp-content\/uploads\/2023\/05\/din-rail-roll-former-machine-e1684227430309.jpg?resize=350%2C200&ssl=1","width":350,"height":200,"srcset":"https:\/\/i0.wp.com\/believeindustry.company\/wp-content\/uploads\/2023\/05\/din-rail-roll-former-machine-e1684227430309.jpg?resize=350%2C200&ssl=1 1x, https:\/\/i0.wp.com\/believeindustry.company\/wp-content\/uploads\/2023\/05\/din-rail-roll-former-machine-e1684227430309.jpg?resize=525%2C300&ssl=1 1.5x, https:\/\/i0.wp.com\/believeindustry.company\/wp-content\/uploads\/2023\/05\/din-rail-roll-former-machine-e1684227430309.jpg?resize=700%2C400&ssl=1 2x, https:\/\/i0.wp.com\/believeindustry.company\/wp-content\/uploads\/2023\/05\/din-rail-roll-former-machine-e1684227430309.jpg?resize=1050%2C600&ssl=1 3x"},"classes":[]},{"id":10025,"url":"https:\/\/believeindustry.company\/es\/roll-forming-machine\/pallet-racking-roll-forming-machine\/step-beam-roll-forming-machine\/","url_meta":{"origin":7324,"position":5},"title":"M\u00e1quina formadora de rodillos de viga escalonada","author":"Believe Industry Group","date":"febrero 22, 2024","format":false,"excerpt":"Describtion Step Beam Roll Forming Machine is to producing Steps Beams with various dimensions. Believe Industry Company have different solutions of machines for step beams: Transmission\uff1a Chain or Gear Box Welding Way: Spot welded or Laser contunuous Welded Speed: 1-2m\/min or 6-8m\/min Step Beam Roll Forming Machine Layout Step Beam\u2026","rel":"","context":"En \u00abRoll Forming Machine\u00bb","block_context":{"text":"Roll Forming Machine","link":"https:\/\/believeindustry.company\/es\/tag\/roll-forming-machine\/"},"img":{"alt_text":"step beam roll forming machine","src":"https:\/\/i0.wp.com\/believeindustry.company\/wp-content\/uploads\/2024\/02\/step-beam-roll-forming-machine.jpg?resize=350%2C200&ssl=1","width":350,"height":200,"srcset":"https:\/\/i0.wp.com\/believeindustry.company\/wp-content\/uploads\/2024\/02\/step-beam-roll-forming-machine.jpg?resize=350%2C200&ssl=1 1x, https:\/\/i0.wp.com\/believeindustry.company\/wp-content\/uploads\/2024\/02\/step-beam-roll-forming-machine.jpg?resize=525%2C300&ssl=1 1.5x, https:\/\/i0.wp.com\/believeindustry.company\/wp-content\/uploads\/2024\/02\/step-beam-roll-forming-machine.jpg?resize=700%2C400&ssl=1 2x, https:\/\/i0.wp.com\/believeindustry.company\/wp-content\/uploads\/2024\/02\/step-beam-roll-forming-machine.jpg?resize=1050%2C600&ssl=1 3x"},"classes":[]}],"amp_enabled":true,"_links":{"self":[{"href":"https:\/\/believeindustry.company\/es\/wp-json\/wp\/v2\/pages\/7324","targetHints":{"allow":["GET"]}}],"collection":[{"href":"https:\/\/believeindustry.company\/es\/wp-json\/wp\/v2\/pages"}],"about":[{"href":"https:\/\/believeindustry.company\/es\/wp-json\/wp\/v2\/types\/page"}],"author":[{"embeddable":true,"href":"https:\/\/believeindustry.company\/es\/wp-json\/wp\/v2\/users\/2"}],"replies":[{"embeddable":true,"href":"https:\/\/believeindustry.company\/es\/wp-json\/wp\/v2\/comments?post=7324"}],"version-history":[{"count":2,"href":"https:\/\/believeindustry.company\/es\/wp-json\/wp\/v2\/pages\/7324\/revisions"}],"predecessor-version":[{"id":9220,"href":"https:\/\/believeindustry.company\/es\/wp-json\/wp\/v2\/pages\/7324\/revisions\/9220"}],"wp:attachment":[{"href":"https:\/\/believeindustry.company\/es\/wp-json\/wp\/v2\/media?parent=7324"}],"wp:term":[{"taxonomy":"post_tag","embeddable":true,"href":"https:\/\/believeindustry.company\/es\/wp-json\/wp\/v2\/tags?post=7324"}],"curies":[{"name":"wp","href":"https:\/\/api.w.org\/{rel}","templated":true}]}}