{"id":742,"date":"2018-03-28T16:18:39","date_gmt":"2018-03-28T08:18:39","guid":{"rendered":"https:\/\/believeindustry.company\/?page_id=742"},"modified":"2025-12-05T15:14:43","modified_gmt":"2025-12-05T07:14:43","slug":"linea-de-corte-a-medida-de-calibre-ligero","status":"publish","type":"page","link":"https:\/\/believeindustry.company\/es\/coil-process-equipment\/cut-to-length-lines\/light-gauge-cut-to-length-line\/","title":{"rendered":"L\u00ednea de corte a medida de calibre ligero"},"content":{"rendered":"<p>BELI\u00ae cuenta con una gama completa de equipos para el procesamiento de bobinas: l\u00edneas de corte longitudinal, l\u00edneas de corte transversal y l\u00edneas de corte en blanco. Estas l\u00edneas se clasifican en tres categor\u00edas: l\u00edneas de corte transversal de calibre grueso, calibre medio y calibre ligero. Todas nuestras l\u00edneas se personalizan para satisfacer diferentes necesidades.<\/p>\r\n\r\n\r\n\r\n<p><!--more--><\/p>\r\n\r\n\r\n\r\n<h1 class=\"wp-block-heading\"><span style=\"font-size: 18pt;\">L\u00ednea de corte a medida de calibre ligero<\/span><\/h1>\r\n\r\n\r\n\r\n<h6 class=\"wp-block-heading\"><strong><b>Material de bobina adecuado para l\u00ednea de corte de calibre ligero<\/b><\/strong><\/h6>\r\n\r\n\r\n\r\n<ol class=\"wp-block-list\">\r\n<li>Material de la bobina: bobinas laminadas en fr\u00edo, bobinas galvanizadas, bobinas de acero inoxidable<\/li>\r\n<li>Resistencia: \u03b4s\u2264350MPa, \u03b4b\u2264600MPa<\/li>\r\n<li>Espesor de la bobina: 0,8 mm-3 mm<\/li>\r\n<li>Ancho de la bobina madre: M\u00e1x. 1600 mm<\/li>\r\n<li>Di\u00e1metro interior de la bobina: 508 mm<\/li>\r\n<li>Di\u00e1metro exterior de la bobina: m\u00e1x. 1800 mm<\/li>\r\n<li>Peso de la bobina: 25000 kg<\/li>\r\n<\/ol>\r\n\r\n\r\n\r\n<h6 class=\"wp-block-heading\"><strong><b>Par\u00e1metros t\u00e9cnicos principales de la l\u00ednea de corte transversal<\/b><\/strong><\/h6>\r\n\r\n\r\n\r\n<ol class=\"wp-block-list\">\r\n<li>Velocidad de l\u00ednea: 0-60 m\/min<\/li>\r\n<li>Longitud de corte: 500-4000 mm<\/li>\r\n<li>Velocidad de corte: 15 piezas\/min (cuando la longitud de corte es de 2000 mm)<\/li>\r\n<li>Tolerancia de longitud: \u00b10,5 mm (cuando la longitud de corte es de 1000 mm)<\/li>\r\n<li>Tolerancia diagonal: \u00b10,5 mm (cuando la longitud de corte es de 1000 mm)<\/li>\r\n<li>Tolerancia de enderezamiento: \u00b11 mm\/m<sup>2<\/sup><\/li>\r\n<li>Potencia total: unos 80 KW<\/li>\r\n<li>Peso total: aproximadamente 50 T<\/li>\r\n<li>Espacio requerido: Aproximadamente 20 m \u00d7 8 m \u00d7 3 m (largo \u00d7 ancho \u00d7 alto)<\/li>\r\n<\/ol>\r\n\r\n\r\n\r\n<h6 class=\"wp-block-heading\"><strong><b>Componentes principales de la l\u00ednea:<\/b><\/strong><\/h6>\r\n\r\n\r\n\r\n<ol class=\"wp-block-list\">\r\n<li>Mesa de preparaci\u00f3n de bobinas tipo V<\/li>\r\n<li>Carro de carga de bobinas<\/li>\r\n<li>desenrollador hidr\u00e1ulico de un solo brazo<\/li>\r\n<li>Dispositivo de entrada de bobinas, paleado y enderezamiento<\/li>\r\n<li>Dispositivo de alimentaci\u00f3n de rodillos de presi\u00f3n y dispositivo de enderezamiento de 17 rodillos<\/li>\r\n<li>mesa de puente de foso en bucle<\/li>\r\n<li>Dispositivo gu\u00eda<\/li>\r\n<li>Dispositivo de enderezamiento de acabado de 9 rodillos<\/li>\r\n<li>dispositivo de corte hidr\u00e1ulico<\/li>\r\n<li>Dispositivo de transporte y descarga de placas<\/li>\r\n<li>Dispositivo neum\u00e1tico de nivelaci\u00f3n y paralelizaci\u00f3n<\/li>\r\n<li>Mesa de almacenamiento hidr\u00e1ulica<\/li>\r\n<li>Descargando el coche<\/li>\r\n<li>Sistema hidr\u00e1ulico<\/li>\r\n<li>Sistema neum\u00e1tico<\/li>\r\n<li>Sistema el\u00e9ctrico<\/li>\r\n<\/ol>\r\n\r\n\r\n\r\n<figure class=\"wp-block-image\"><img fetchpriority=\"high\" decoding=\"async\" width=\"750\" height=\"499\" data-attachment-id=\"48\" data-permalink=\"https:\/\/believeindustry.company\/es\/?attachment_id=48\" data-orig-file=\"https:\/\/believeindustry.company\/wp-content\/uploads\/2018\/03\/Layout-of-slitting-line.jpg\" data-orig-size=\"750,499\" data-comments-opened=\"1\" data-image-meta=\"{&quot;aperture&quot;:&quot;0&quot;,&quot;credit&quot;:&quot;&quot;,&quot;camera&quot;:&quot;&quot;,&quot;caption&quot;:&quot;&quot;,&quot;created_timestamp&quot;:&quot;0&quot;,&quot;copyright&quot;:&quot;&quot;,&quot;focal_length&quot;:&quot;0&quot;,&quot;iso&quot;:&quot;0&quot;,&quot;shutter_speed&quot;:&quot;0&quot;,&quot;title&quot;:&quot;&quot;,&quot;orientation&quot;:&quot;0&quot;}\" data-image-title=\"2\" data-image-description=\"\" data-image-caption=\"\" data-medium-file=\"https:\/\/believeindustry.company\/wp-content\/uploads\/2018\/03\/Layout-of-slitting-line.jpg\" data-large-file=\"https:\/\/believeindustry.company\/wp-content\/uploads\/2018\/03\/Layout-of-slitting-line.jpg\" class=\"wp-image-48\" src=\"https:\/\/believeindustry.company\/wp-content\/uploads\/2018\/03\/Layout-of-slitting-line.jpg\" alt=\"\" srcset=\"https:\/\/believeindustry.company\/wp-content\/uploads\/2018\/03\/Layout-of-slitting-line.jpg 750w, https:\/\/believeindustry.company\/wp-content\/uploads\/2018\/03\/Layout-of-slitting-line-600x399.jpg 600w\" sizes=\"(max-width: 750px) 100vw, 750px\" \/><\/figure>\r\n\r\n\r\n\r\n<h6 class=\"wp-block-heading\">Preguntas frecuentes<\/h6>\r\n\r\n\r\n\r\n<ul class=\"wp-block-list\">\r\n<li><strong>P: \u00bfQu\u00e9 informaci\u00f3n debe saber antes de cotizarnos?<\/strong><br \/>A: Detalles del material: grosor, ancho, resistencia. y tambi\u00e9n el largo m\u00e1ximo de la chapa que quieres cortar.<\/li>\r\n<li><strong>P: \u00bfEs posible cortar chapas con un espesor que va desde 0,2 a 5 mm?<\/strong><br \/>A: Es mejor elegir 2 dispositivos de enderezamiento para ese rango de espesor, uno es para 0,2-2 mm, otro es para 2-5 mm. El corte est\u00e1 bien, pero el grado de planitud tambi\u00e9n es importante.<\/li>\r\n<\/ul>\r\n\r\n\r\n\r\n<p>BELI\u00ae tambi\u00e9n tiene m\u00e1quinas perfiladoras de series diferentes: <a title=\"Informaci\u00f3n de la m\u00e1quina perfiladora de l\u00e1minas para techos\" href=\"https:\/\/believeindustry.company\/es\/maquina-perfiladora-de-rodillos\/maquina-formadora-de-rollos-de-chapa-metalica\/maquina-formadora-de-rollos-de-laminas-para-techos\/\" rel=\"\">M\u00e1quina formadora de rollos de l\u00e1minas para techos<\/a>, M\u00e1quina formadora de rollos para revestimiento de paredes, <a title=\"Informaci\u00f3n de la m\u00e1quina perfiladora de puertas de acero\" href=\"https:\/\/believeindustry.company\/es\/maquina-perfiladora-de-rodillos\/maquina-formadora-de-rollos-para-puertas-de-acero\/\" rel=\"\">M\u00e1quina perfiladora de puertas de acero<\/a>, <a title=\"M\u00e1s informaci\u00f3n sobre la m\u00e1quina formadora de rollos de correas\" href=\"https:\/\/believeindustry.company\/es\/maquina-perfiladora-de-rodillos\/maquina-formadora-de-perfiles\/maquina-formadora-de-perfiles-cz\/\" rel=\"\">M\u00e1quinas formadoras de rollos de correas<\/a>, M\u00e1quina formadora de pernos y rieles. Y tambi\u00e9n aceptamos perfiles personalizados para la m\u00e1quina formadora de pernos del fabricante.<\/p>","protected":false},"excerpt":{"rendered":"<p>BELI\u00ae cuenta con una gama completa de equipos para el procesamiento de bobinas: l\u00edneas de corte longitudinal, l\u00edneas de corte transversal y l\u00edneas de corte en blanco. Estas l\u00edneas se clasifican en tres categor\u00edas: l\u00edneas de corte transversal de calibre grueso, calibre medio y calibre ligero. Todas nuestras l\u00edneas se personalizan para satisfacer diferentes necesidades.<\/p>","protected":false},"author":2,"featured_media":745,"parent":407,"menu_order":0,"comment_status":"closed","ping_status":"closed","template":"","meta":{"_angie_page":false,"jetpack_post_was_ever_published":false,"footnotes":"","big_sky_generated":false},"tags":[],"class_list":["post-742","page","type-page","status-publish","has-post-thumbnail","hentry"],"blocksy_meta":[],"jetpack_sharing_enabled":true,"jetpack_shortlink":"https:\/\/wp.me\/P9K5n8-bY","jetpack_likes_enabled":false,"jetpack-related-posts":[{"id":407,"url":"https:\/\/believeindustry.company\/es\/coil-process-equipment\/cut-to-length-lines\/","url_meta":{"origin":742,"position":0},"title":"L\u00ednea de corte a medida","author":"Believe Industry Group","date":"marzo 16, 2018","format":false,"excerpt":"BELI\u00ae Cut To Length Lines(One of coil process equipment) is \u00a0used to cut the straightening metal strip into metal sheet and stack it automatically, Cut To Length Lines Depending on the requirements, we have 3 kinds or range cut to length line: Light Gauge Cut To Length Lines: (0.3-4mm)*2000mm Medium\u2026","rel":"","context":"En \u00abCR CTL Line\u00bb","block_context":{"text":"CR CTL Line","link":"https:\/\/believeindustry.company\/es\/tag\/cr-ctl-line\/"},"img":{"alt_text":"cut to length line","src":"https:\/\/i0.wp.com\/believeindustry.company\/wp-content\/uploads\/2018\/03\/26231297_150092292446410_1585691537264983272_n-e1522734138474.jpg?resize=350%2C200&ssl=1","width":350,"height":200,"srcset":"https:\/\/i0.wp.com\/believeindustry.company\/wp-content\/uploads\/2018\/03\/26231297_150092292446410_1585691537264983272_n-e1522734138474.jpg?resize=350%2C200&ssl=1 1x, https:\/\/i0.wp.com\/believeindustry.company\/wp-content\/uploads\/2018\/03\/26231297_150092292446410_1585691537264983272_n-e1522734138474.jpg?resize=525%2C300&ssl=1 1.5x, https:\/\/i0.wp.com\/believeindustry.company\/wp-content\/uploads\/2018\/03\/26231297_150092292446410_1585691537264983272_n-e1522734138474.jpg?resize=700%2C400&ssl=1 2x"},"classes":[]},{"id":2477,"url":"https:\/\/believeindustry.company\/es\/coil-process-equipment\/cut-to-length-lines\/heavy-gauge-ctl-line\/","url_meta":{"origin":742,"position":1},"title":"L\u00ednea Ctl de calibre pesado","author":"Believe Industry Group","date":"julio 19, 2018","format":false,"excerpt":"Heavy Gauge CTL Line is for cut 3.2mm -15mm thickness carbon steel coils into sheets. which coil weight is up to 25 Ton. Heavy Gauge CTL Line Work Flow and Layout of Cut-To-Length Line Heavy Gauge CTL Line \u00a0Parameters ITEM PARAMETER Specifications Material carbon steel plate Thickness 3.2mm\u201415mm Width 600mm\u20141600mm\u2026","rel":"","context":"En \u00abCR CTL Line\u00bb","block_context":{"text":"CR CTL Line","link":"https:\/\/believeindustry.company\/es\/tag\/cr-ctl-line\/"},"img":{"alt_text":"heavy gauge ctl line","src":"https:\/\/i0.wp.com\/believeindustry.company\/wp-content\/uploads\/2018\/07\/heavy-gauge-ctl-line.jpg?resize=350%2C200&ssl=1","width":350,"height":200,"srcset":"https:\/\/i0.wp.com\/believeindustry.company\/wp-content\/uploads\/2018\/07\/heavy-gauge-ctl-line.jpg?resize=350%2C200&ssl=1 1x, https:\/\/i0.wp.com\/believeindustry.company\/wp-content\/uploads\/2018\/07\/heavy-gauge-ctl-line.jpg?resize=525%2C300&ssl=1 1.5x, https:\/\/i0.wp.com\/believeindustry.company\/wp-content\/uploads\/2018\/07\/heavy-gauge-ctl-line.jpg?resize=700%2C400&ssl=1 2x, https:\/\/i0.wp.com\/believeindustry.company\/wp-content\/uploads\/2018\/07\/heavy-gauge-ctl-line.jpg?resize=1050%2C600&ssl=1 3x"},"classes":[]},{"id":475,"url":"https:\/\/believeindustry.company\/es\/coil-process-equipment\/slitting-line\/medium-gauge-slitting-line\/","url_meta":{"origin":742,"position":2},"title":"L\u00ednea de corte de calibre medio","author":"Believe Industry Group","date":"marzo 16, 2018","format":false,"excerpt":"Medium Gauge Slitting Line, which is used to slitting the coils\/rolls(Thickness is 2-8mm, width: 500-2600mm, weight is 15-25 Ton) \u00a0into desired narrow coils\/rolls, Medium Gauge Slitting Line BELI\u00ae\u00a0is one of slitting line manufacturers in Wuxi, China, we have full range of Light Gauge Slitting Lines for different demands. please refer\u2026","rel":"","context":"En \u00abCoil Slitting Line\u00bb","block_context":{"text":"Coil Slitting Line","link":"https:\/\/believeindustry.company\/es\/tag\/coil-slitting-line\/"},"img":{"alt_text":"Medium Gauge Slitting Line","src":"https:\/\/i0.wp.com\/believeindustry.company\/wp-content\/uploads\/2018\/03\/Medium-Gauge-Slitting-Line-1.jpg?resize=350%2C200&ssl=1","width":350,"height":200,"srcset":"https:\/\/i0.wp.com\/believeindustry.company\/wp-content\/uploads\/2018\/03\/Medium-Gauge-Slitting-Line-1.jpg?resize=350%2C200&ssl=1 1x, https:\/\/i0.wp.com\/believeindustry.company\/wp-content\/uploads\/2018\/03\/Medium-Gauge-Slitting-Line-1.jpg?resize=525%2C300&ssl=1 1.5x, https:\/\/i0.wp.com\/believeindustry.company\/wp-content\/uploads\/2018\/03\/Medium-Gauge-Slitting-Line-1.jpg?resize=700%2C400&ssl=1 2x, https:\/\/i0.wp.com\/believeindustry.company\/wp-content\/uploads\/2018\/03\/Medium-Gauge-Slitting-Line-1.jpg?resize=1050%2C600&ssl=1 3x"},"classes":[]},{"id":1289,"url":"https:\/\/believeindustry.company\/es\/coil-process-equipment\/slitting-line\/heavy-gauge-slitting-line\/","url_meta":{"origin":742,"position":3},"title":"L\u00ednea de corte de gran calibre","author":"Believe Industry Group","date":"abril 16, 2018","format":false,"excerpt":"Heavy Gauge Slitting Line, which is used to slitting the coils\/rolls(Thickness is 8-20 mm, width: 600-2600mm, weight is 15-35Ton) \u00a0into desired narrow coils\/rolls, Heavy Gauge Slitting Line Details BELI\u00ae is engage in designing and manufacturing full range of Slitting Lines as per demands. We have a professional team with years'\u2026","rel":"","context":"En \u00abCoil Slitting Line\u00bb","block_context":{"text":"Coil Slitting Line","link":"https:\/\/believeindustry.company\/es\/tag\/coil-slitting-line\/"},"img":{"alt_text":"Heavy Gauge Slitting Line","src":"https:\/\/i0.wp.com\/believeindustry.company\/wp-content\/uploads\/2018\/03\/Heavy-Gauge-Slitting-Line-1.jpg?resize=350%2C200&ssl=1","width":350,"height":200,"srcset":"https:\/\/i0.wp.com\/believeindustry.company\/wp-content\/uploads\/2018\/03\/Heavy-Gauge-Slitting-Line-1.jpg?resize=350%2C200&ssl=1 1x, https:\/\/i0.wp.com\/believeindustry.company\/wp-content\/uploads\/2018\/03\/Heavy-Gauge-Slitting-Line-1.jpg?resize=525%2C300&ssl=1 1.5x, https:\/\/i0.wp.com\/believeindustry.company\/wp-content\/uploads\/2018\/03\/Heavy-Gauge-Slitting-Line-1.jpg?resize=700%2C400&ssl=1 2x, https:\/\/i0.wp.com\/believeindustry.company\/wp-content\/uploads\/2018\/03\/Heavy-Gauge-Slitting-Line-1.jpg?resize=1050%2C600&ssl=1 3x"},"classes":[]},{"id":472,"url":"https:\/\/believeindustry.company\/es\/coil-process-equipment\/slitting-line\/light-gauge-slitting-line\/","url_meta":{"origin":742,"position":4},"title":"L\u00ednea de corte de calibre ligero","author":"Believe Industry Group","date":"marzo 16, 2018","format":false,"excerpt":"Light Gauge Slitting Line, which is used to slitting the coils\/rolls(Thickness is 0.2-4mm, width: 500-2000mm, weight is 55-25 Ton) \u00a0into desired narrow coils\/rolls, Light Gauge Slitting Line Usually, light gauge slitting line is high precision and speed is up to 120m\/min or more. this line widely used in steel roofing\u2026","rel":"","context":"En \u00abCoil Slitting Line\u00bb","block_context":{"text":"Coil Slitting Line","link":"https:\/\/believeindustry.company\/es\/tag\/coil-slitting-line\/"},"img":{"alt_text":"Light Gauge Slitting Line","src":"https:\/\/i0.wp.com\/believeindustry.company\/wp-content\/uploads\/2018\/03\/Light-Gauge-Slitting-Line.jpg?resize=350%2C200&ssl=1","width":350,"height":200,"srcset":"https:\/\/i0.wp.com\/believeindustry.company\/wp-content\/uploads\/2018\/03\/Light-Gauge-Slitting-Line.jpg?resize=350%2C200&ssl=1 1x, https:\/\/i0.wp.com\/believeindustry.company\/wp-content\/uploads\/2018\/03\/Light-Gauge-Slitting-Line.jpg?resize=525%2C300&ssl=1 1.5x, https:\/\/i0.wp.com\/believeindustry.company\/wp-content\/uploads\/2018\/03\/Light-Gauge-Slitting-Line.jpg?resize=700%2C400&ssl=1 2x, https:\/\/i0.wp.com\/believeindustry.company\/wp-content\/uploads\/2018\/03\/Light-Gauge-Slitting-Line.jpg?resize=1050%2C600&ssl=1 3x"},"classes":[]},{"id":214,"url":"https:\/\/believeindustry.company\/es\/why-choose-us\/","url_meta":{"origin":742,"position":5},"title":"\u00bfPor qu\u00e9 elegirnos?","author":"Believe Industry Group","date":"marzo 15, 2018","format":false,"excerpt":"Believe Industry is\u00a0dedicated to producing high-quality, productivity-enhancing metal processing equipment for customers around the world. we have all the types of slitting lines and cut to length lines for different requirements. We should cosider the thickness of the material, the type of material, the weight of the coils to be\u2026","rel":"","context":"En \u00abBelieve Industry\u00bb","block_context":{"text":"Believe Industry","link":"https:\/\/believeindustry.company\/es\/tag\/believe-industry\/"},"img":{"alt_text":"pexels-photo-886465","src":"https:\/\/i0.wp.com\/believeindustry.company\/wp-content\/uploads\/2018\/03\/pexels-photo-886465.jpeg?resize=350%2C200&ssl=1","width":350,"height":200,"srcset":"https:\/\/i0.wp.com\/believeindustry.company\/wp-content\/uploads\/2018\/03\/pexels-photo-886465.jpeg?resize=350%2C200&ssl=1 1x, https:\/\/i0.wp.com\/believeindustry.company\/wp-content\/uploads\/2018\/03\/pexels-photo-886465.jpeg?resize=525%2C300&ssl=1 1.5x, https:\/\/i0.wp.com\/believeindustry.company\/wp-content\/uploads\/2018\/03\/pexels-photo-886465.jpeg?resize=700%2C400&ssl=1 2x"},"classes":[]}],"amp_enabled":true,"_links":{"self":[{"href":"https:\/\/believeindustry.company\/es\/wp-json\/wp\/v2\/pages\/742","targetHints":{"allow":["GET"]}}],"collection":[{"href":"https:\/\/believeindustry.company\/es\/wp-json\/wp\/v2\/pages"}],"about":[{"href":"https:\/\/believeindustry.company\/es\/wp-json\/wp\/v2\/types\/page"}],"author":[{"embeddable":true,"href":"https:\/\/believeindustry.company\/es\/wp-json\/wp\/v2\/users\/2"}],"replies":[{"embeddable":true,"href":"https:\/\/believeindustry.company\/es\/wp-json\/wp\/v2\/comments?post=742"}],"version-history":[{"count":1,"href":"https:\/\/believeindustry.company\/es\/wp-json\/wp\/v2\/pages\/742\/revisions"}],"predecessor-version":[{"id":19702,"href":"https:\/\/believeindustry.company\/es\/wp-json\/wp\/v2\/pages\/742\/revisions\/19702"}],"up":[{"embeddable":true,"href":"https:\/\/believeindustry.company\/es\/wp-json\/wp\/v2\/pages\/407"}],"wp:featuredmedia":[{"embeddable":true,"href":"https:\/\/believeindustry.company\/es\/wp-json\/wp\/v2\/media\/745"}],"wp:attachment":[{"href":"https:\/\/believeindustry.company\/es\/wp-json\/wp\/v2\/media?parent=742"}],"wp:term":[{"taxonomy":"post_tag","embeddable":true,"href":"https:\/\/believeindustry.company\/es\/wp-json\/wp\/v2\/tags?post=742"}],"curies":[{"name":"wp","href":"https:\/\/api.w.org\/{rel}","templated":true}]}}