{"id":777,"date":"2018-03-29T15:15:38","date_gmt":"2018-03-29T07:15:38","guid":{"rendered":"https:\/\/believeindustry.company\/?page_id=777"},"modified":"2026-04-11T21:59:05","modified_gmt":"2026-04-11T13:59:05","slug":"maquina-formadora-de-rollos-de-tejas-metalicas","status":"publish","type":"page","link":"https:\/\/believeindustry.company\/es\/roll-forming-machine\/metal-sheet-roll-forming-machine\/metal-roof-tile-roll-forming-machine\/","title":{"rendered":"M\u00e1quina perfiladora de tejas met\u00e1licas"},"content":{"rendered":"<p><strong>M\u00e1quina perfiladora de tejas met\u00e1licas<\/strong>&nbsp;Se utiliza para producir baldosas met\u00e1licas similares a las tradicionales, pero con mejor calidad y durabilidad. <\/p>\n\n\n\n<!--nextpage-->\n\n\n\n<h2 class=\"wp-block-heading\">Introducci\u00f3n de la m\u00e1quina formadora de tejas met\u00e1licas <\/h2>\n\n\n\n<p><strong>Tejas<\/strong>&nbsp;Est\u00e1n dise\u00f1adas para protegerse de la lluvia. Las tejas met\u00e1licas tradicionales se fabrican con materiales locales como pizarra y terracota, y tambi\u00e9n con materiales modernos como hormig\u00f3n, pl\u00e1stico y metales. Son muy especiales y est\u00e1n compuestas por un alto porcentaje de material reciclado, siendo reciclables seg\u00fan la norma 100%. Adem\u00e1s, son ligeras y se pueden instalar sobre techos existentes. Son muy \u00fatiles para estructuras grandes y antiguas (como las de madera). Al estar entrelazadas, ofrecen mayor resistencia al viento en comparaci\u00f3n con otros materiales para techos. BELI\u00ae ha desarrollado casi 50 tipos de m\u00e1quinas perfiladoras de tejas met\u00e1licas para diferentes necesidades.<\/p>\n\n\n\n<p>La m\u00e1quina formadora de tejas met\u00e1licas para techos tambi\u00e9n se llama teja escalonada.&nbsp;<a href=\"https:\/\/believeindustry.company\/es\/maquina-perfiladora-de-rodillos\/maquina-formadora-de-rollos-de-chapa-metalica\/maquina-formadora-de-rollos-de-laminas-para-techos\/\">m\u00e1quina perfiladora de techos<\/a>, teja esmaltada&nbsp;<a href=\"https:\/\/believeindustry.company\/es\/maquina-perfiladora-de-rodillos\/maquina-formadora-de-rollos-de-chapa-metalica\/\">m\u00e1quina perfiladora de rodillos<\/a>, M\u00e1quina formadora de tejas 3D, etc. Believe Industry (BELI\u00ae) tiene una m\u00e1quina completamente autom\u00e1tica para tejas met\u00e1licas y tambi\u00e9n acepta dise\u00f1os de perfiles personalizados.<\/p>\n\n\n\n<h3 class=\"wp-block-heading\">Componentes de la m\u00e1quina para fabricar tejas met\u00e1licas<\/h3>\n\n\n\n<ol class=\"wp-block-list\"><li>Desenrollador hidr\u00e1ulico<\/li><li>Dispositivo de alimentaci\u00f3n y gu\u00eda<\/li><li>Trenes de laminaci\u00f3n<\/li><li>Sistema Punch Step<\/li><li>Unidad de corte<\/li><li>Tabla de colecci\u00f3n<\/li><li>Panel de control<\/li><li>Estaciones hidr\u00e1ulicas<\/li><\/ol>\n\n\n\n<h3 class=\"wp-block-heading\">Par\u00e1metros t\u00e9cnicos<\/h3>\n\n\n\n<h4 class=\"wp-block-heading\">Desenrollador hidr\u00e1ulico<\/h4>\n\n\n\n<div class=\"wp-block-media-text alignwide has-media-on-the-right\" style=\"grid-template-columns:auto 32%\"><figure class=\"wp-block-media-text__media\"><img fetchpriority=\"high\" decoding=\"async\" width=\"509\" height=\"358\" data-attachment-id=\"779\" data-permalink=\"https:\/\/believeindustry.company\/es\/roll-forming-machine\/metal-sheet-roll-forming-machine\/metal-roof-tile-roll-forming-machine\/hydraulic-uncoiler\/\" data-orig-file=\"https:\/\/believeindustry.company\/wp-content\/uploads\/2018\/03\/hydraulic-uncoiler.jpg\" data-orig-size=\"509,358\" data-comments-opened=\"1\" data-image-meta=\"{&quot;aperture&quot;:&quot;0&quot;,&quot;credit&quot;:&quot;&quot;,&quot;camera&quot;:&quot;&quot;,&quot;caption&quot;:&quot;&quot;,&quot;created_timestamp&quot;:&quot;0&quot;,&quot;copyright&quot;:&quot;&quot;,&quot;focal_length&quot;:&quot;0&quot;,&quot;iso&quot;:&quot;0&quot;,&quot;shutter_speed&quot;:&quot;0&quot;,&quot;title&quot;:&quot;&quot;,&quot;orientation&quot;:&quot;0&quot;}\" data-image-title=\"hydraulic uncoiler\" data-image-description=\"&lt;p&gt;The hydraulic uncoiler is an option and widely used in roll forming line.&lt;\/p&gt;\" data-image-caption=\"&lt;p&gt;Hydraulic expansion and electric uncoiling&lt;\/p&gt;\" data-large-file=\"https:\/\/believeindustry.company\/wp-content\/uploads\/2018\/03\/hydraulic-uncoiler.jpg\" src=\"https:\/\/believeindustry.company\/wp-content\/uploads\/2018\/03\/hydraulic-uncoiler.jpg\" alt=\"desenrollador hidr\u00e1ulico\" class=\"wp-image-779\" srcset=\"https:\/\/believeindustry.company\/wp-content\/uploads\/2018\/03\/hydraulic-uncoiler.jpg 509w, https:\/\/believeindustry.company\/wp-content\/uploads\/2018\/03\/hydraulic-uncoiler-300x211.jpg 300w\" sizes=\"(max-width: 509px) 100vw, 509px\" \/><\/figure><div class=\"wp-block-media-text__content\">\n<ol class=\"wp-block-list\"><li>Expansi\u00f3n hidr\u00e1ulica, desenrollado el\u00e9ctrico<\/li><li>Di\u00e1metro interior de la bobina: 480-560 mm<\/li><li>Di\u00e1metro exterior de la bobina: 1200 mm<\/li><li>Potencia del motor de desenrollado: 5,5 kW<\/li><li>Potencia del motor hidr\u00e1ulico: 3 KW<\/li><li>Capacidad de carga: 5 toneladas (10 toneladas como opci\u00f3n)<\/li><li>Velocidad de desenrollado: 20 m\/min, pero sincronizada con la m\u00e1quina perfiladora principal<\/li><\/ol>\n<\/div><\/div>\n\n\n\n<h4 class=\"wp-block-heading\">M\u00e1quina perfiladora de rodillos<\/h4>\n\n\n\n<ol class=\"wp-block-list\"><li>Espesor del material: 0,3-0,8 mm<\/li><li>Pasos de formaci\u00f3n: 18<\/li><li>Potencia del motor accionado: 7,5 kW<\/li><li>Velocidad de l\u00ednea; 4-6 m\/min<\/li><li>Material de los rodillos: ASTM 1045, tratamiento de dureza y cromado.<\/li><li>Material del eje: ASTM 1045, 76 mm de di\u00e1metro exterior<\/li><\/ol>\n\n\n\n<figure class=\"wp-block-image\"><img decoding=\"async\" width=\"1024\" height=\"576\" data-attachment-id=\"2815\" data-permalink=\"https:\/\/believeindustry.company\/es\/?attachment_id=2815\" data-orig-file=\"https:\/\/believeindustry.company\/wp-content\/uploads\/2018\/09\/metal-glazed-tile-machine.jpg\" data-orig-size=\"5312,2988\" data-comments-opened=\"1\" data-image-meta=\"{&quot;aperture&quot;:&quot;1.9&quot;,&quot;credit&quot;:&quot;&quot;,&quot;camera&quot;:&quot;SM-G9280&quot;,&quot;caption&quot;:&quot;NID:SIZE:3.76M&quot;,&quot;created_timestamp&quot;:&quot;1460110512&quot;,&quot;copyright&quot;:&quot;&quot;,&quot;focal_length&quot;:&quot;4.3&quot;,&quot;iso&quot;:&quot;64&quot;,&quot;shutter_speed&quot;:&quot;0.01&quot;,&quot;title&quot;:&quot;NID:SIZE:3.76M&quot;,&quot;orientation&quot;:&quot;0&quot;}\" data-image-title=\"metal glazed tile machine\" data-image-description=\"\" data-image-caption=\"\" data-large-file=\"https:\/\/believeindustry.company\/wp-content\/uploads\/2018\/09\/metal-glazed-tile-machine-1024x576.jpg\" src=\"https:\/\/believeindustry.company\/wp-content\/uploads\/2018\/09\/metal-glazed-tile-machine-1024x576.jpg\" alt=\"m\u00e1quina para fabricar azulejos esmaltados de metal\" class=\"wp-image-2815\" srcset=\"https:\/\/believeindustry.company\/wp-content\/uploads\/2018\/09\/metal-glazed-tile-machine-1024x576.jpg 1024w, https:\/\/believeindustry.company\/wp-content\/uploads\/2018\/09\/metal-glazed-tile-machine-600x338.jpg 600w, https:\/\/believeindustry.company\/wp-content\/uploads\/2018\/09\/metal-glazed-tile-machine-300x169.jpg 300w\" sizes=\"(max-width: 1024px) 100vw, 1024px\" \/><\/figure>\n\n\n\n<h4 class=\"wp-block-heading\">Pasos de punzonado y sistema de corte<\/h4>\n\n\n\n<div class=\"wp-block-media-text alignwide is-vertically-aligned-center\" style=\"grid-template-columns:36% auto\"><figure class=\"wp-block-media-text__media\"><img decoding=\"async\" width=\"422\" height=\"419\" data-attachment-id=\"6601\" data-permalink=\"https:\/\/believeindustry.company\/es\/roll-forming-machine\/metal-sheet-roll-forming-machine\/metal-roof-tile-roll-forming-machine\/punch-and-cutting-system\/\" data-orig-file=\"https:\/\/believeindustry.company\/wp-content\/uploads\/2019\/04\/punch-and-cutting-system.jpg\" data-orig-size=\"422,419\" data-comments-opened=\"1\" data-image-meta=\"{&quot;aperture&quot;:&quot;0&quot;,&quot;credit&quot;:&quot;&quot;,&quot;camera&quot;:&quot;&quot;,&quot;caption&quot;:&quot;&quot;,&quot;created_timestamp&quot;:&quot;0&quot;,&quot;copyright&quot;:&quot;&quot;,&quot;focal_length&quot;:&quot;0&quot;,&quot;iso&quot;:&quot;0&quot;,&quot;shutter_speed&quot;:&quot;0&quot;,&quot;title&quot;:&quot;&quot;,&quot;orientation&quot;:&quot;0&quot;}\" data-image-title=\"punch and cutting system\" data-image-description=\"\" data-image-caption=\"\" data-large-file=\"https:\/\/believeindustry.company\/wp-content\/uploads\/2019\/04\/punch-and-cutting-system.jpg\" src=\"https:\/\/believeindustry.company\/wp-content\/uploads\/2019\/04\/punch-and-cutting-system.jpg\" alt=\"sistema de punzonado y corte\" class=\"wp-image-6601\" srcset=\"https:\/\/believeindustry.company\/wp-content\/uploads\/2019\/04\/punch-and-cutting-system.jpg 422w, https:\/\/believeindustry.company\/wp-content\/uploads\/2019\/04\/punch-and-cutting-system-100x100.jpg 100w, https:\/\/believeindustry.company\/wp-content\/uploads\/2019\/04\/punch-and-cutting-system-150x150.jpg 150w, https:\/\/believeindustry.company\/wp-content\/uploads\/2019\/04\/punch-and-cutting-system-300x298.jpg 300w, https:\/\/believeindustry.company\/wp-content\/uploads\/2019\/04\/punch-and-cutting-system-320x318.jpg 320w, https:\/\/believeindustry.company\/wp-content\/uploads\/2019\/04\/punch-and-cutting-system-360x357.jpg 360w, https:\/\/believeindustry.company\/wp-content\/uploads\/2019\/04\/punch-and-cutting-system-75x75.jpg 75w, https:\/\/believeindustry.company\/wp-content\/uploads\/2019\/04\/punch-and-cutting-system-50x50.jpg 50w\" sizes=\"(max-width: 422px) 100vw, 422px\" \/><\/figure><div class=\"wp-block-media-text__content\">\n<ol class=\"wp-block-list\"><li>El sistema de corte y paso de perforaci\u00f3n es independiente, tambi\u00e9n tenemos un dise\u00f1o de cama com\u00fan.<\/li><li>Material del molde de punz\u00f3n y cuchilla de corte: Calidad CR12<\/li><li>Potencia del motor hidr\u00e1ulico: 11KW con tanque de almacenamiento<\/li><li>Los trabajadores pueden configurar la longitud de los pasos, los mosaicos y la cantidad en la pantalla t\u00e1ctil<\/li><\/ol>\n<\/div><\/div>\n\n\n\n<p><a href=\"http:\/\/www.belirollform.com\/\" target=\"_blank\" rel=\"noopener\">Compa\u00f1\u00eda de la Industria Believe<\/a>&nbsp;se dedica al dise\u00f1o y la fabricaci\u00f3n&nbsp;<a href=\"https:\/\/believeindustry.company\/es\/linea-de-maquinas-perfiladoras\/\">M\u00e1quinas perfiladoras<\/a>&nbsp;Seg\u00fan los requisitos. Tambi\u00e9n tenemos&nbsp;<a href=\"https:\/\/believeindustry.company\/es\/equipo-de-procesamiento-de-bobinas\/\">equipos de procesamiento de bobinas<\/a>&nbsp;Para f\u00e1bricas de acero. Por ejemplo:&nbsp;<a href=\"https:\/\/believeindustry.company\/es\/equipo-de-procesamiento-de-bobinas\/linea-de-corte\/\">L\u00ednea de corte de bobinas<\/a>, L\u00ednea de corte longitudinal, etc.&nbsp;<a href=\"https:\/\/believeindustry.company\/es\/contactanos\/\">Cont\u00e1ctanos<\/a>&nbsp;Para obtener m\u00e1s informaci\u00f3n.\n\n<\/p>","protected":false},"excerpt":{"rendered":"<p>La m\u00e1quina perfiladora de tejas met\u00e1licas produce tejas met\u00e1licas similares a las tradicionales, con mejor calidad y durabilidad.<\/p>","protected":false},"author":2,"featured_media":908,"parent":724,"menu_order":2,"comment_status":"closed","ping_status":"closed","template":"","meta":{"_angie_page":false,"footnotes":"","big_sky_generated":false},"tags":[607851244,607846325,607845980,607846711,607849628,607846218],"class_list":["post-777","page","type-page","status-publish","has-post-thumbnail","hentry","tag-construction-and-steel-structure","tag-metal-roof-tile-roll-forming-machine","tag-metal-sheet-roll-forming-machine","tag-metal-tile-roll-forming-machine","tag-panel-lines","tag-roof-tile-roll-forming-machine"],"blocksy_meta":[],"jetpack_sharing_enabled":true,"jetpack_shortlink":"https:\/\/wp.me\/P9K5n8-cx","jetpack_likes_enabled":false,"jetpack-related-posts":[{"id":991,"url":"https:\/\/believeindustry.company\/es\/roll-forming-machine\/metal-sheet-roll-forming-machine\/roof-ridge-cap-roll-forming-machine\/","url_meta":{"origin":777,"position":0},"title":"M\u00e1quina perfiladora de cumbreras","author":"Believe Industry Group","date":"abril 9, 2018","format":false,"excerpt":"The Ridge Cap Roll Forming Machine is an essential piece of equipment for producing high-quality roof ridge caps used in modern steel building systems. At Beli RollForming, we specialize in manufacturing durable and efficient machines that cater to the global construction market. As a leading manufacturer and exporter in China,\u2026","rel":"","context":"En \u00abConstruction and Steel Structure\u00bb","block_context":{"text":"Construction and Steel Structure","link":"https:\/\/believeindustry.company\/es\/tag\/construction-and-steel-structure\/"},"img":{"alt_text":"Industrial roof tile ridge cap roll forming machine for manufacturing roof ridge caps, featuring control panel and steel roll forming components","src":"https:\/\/i0.wp.com\/believeindustry.company\/wp-content\/uploads\/2025\/12\/ridge-cap-roll-forming-machine.webp?resize=350%2C200&ssl=1","width":350,"height":200,"srcset":"https:\/\/i0.wp.com\/believeindustry.company\/wp-content\/uploads\/2025\/12\/ridge-cap-roll-forming-machine.webp?resize=350%2C200&ssl=1 1x, https:\/\/i0.wp.com\/believeindustry.company\/wp-content\/uploads\/2025\/12\/ridge-cap-roll-forming-machine.webp?resize=525%2C300&ssl=1 1.5x, https:\/\/i0.wp.com\/believeindustry.company\/wp-content\/uploads\/2025\/12\/ridge-cap-roll-forming-machine.webp?resize=700%2C400&ssl=1 2x, https:\/\/i0.wp.com\/believeindustry.company\/wp-content\/uploads\/2025\/12\/ridge-cap-roll-forming-machine.webp?resize=1050%2C600&ssl=1 3x, https:\/\/i0.wp.com\/believeindustry.company\/wp-content\/uploads\/2025\/12\/ridge-cap-roll-forming-machine.webp?resize=1400%2C800&ssl=1 4x"},"classes":[]},{"id":1277,"url":"https:\/\/believeindustry.company\/es\/video\/metal-tile-roll-forming-machine-video\/","url_meta":{"origin":777,"position":1},"title":"V\u00eddeo de la m\u00e1quina formadora de rodillos para tejas met\u00e1licas","author":"Believe Industry Group","date":"abril 16, 2018","format":false,"excerpt":"The Metal Tile Roll Forming Machine Video will let you easy to know how the machine working and how to operate the machine. Contact us for more details of Metal Tile Roll Forming Machine","rel":"","context":"En \u00abMetal Tile Roll Forming Machine\u00bb","block_context":{"text":"Metal Tile Roll Forming Machine","link":"https:\/\/believeindustry.company\/es\/tag\/metal-tile-roll-forming-machine\/"},"img":{"alt_text":"roll forming machine for metal roof tile","src":"https:\/\/i0.wp.com\/believeindustry.company\/wp-content\/uploads\/2018\/05\/roll-forming-machine-for-metal-roof-tile.jpg?resize=350%2C200&ssl=1","width":350,"height":200,"srcset":"https:\/\/i0.wp.com\/believeindustry.company\/wp-content\/uploads\/2018\/05\/roll-forming-machine-for-metal-roof-tile.jpg?resize=350%2C200&ssl=1 1x, https:\/\/i0.wp.com\/believeindustry.company\/wp-content\/uploads\/2018\/05\/roll-forming-machine-for-metal-roof-tile.jpg?resize=525%2C300&ssl=1 1.5x, https:\/\/i0.wp.com\/believeindustry.company\/wp-content\/uploads\/2018\/05\/roll-forming-machine-for-metal-roof-tile.jpg?resize=700%2C400&ssl=1 2x, https:\/\/i0.wp.com\/believeindustry.company\/wp-content\/uploads\/2018\/05\/roll-forming-machine-for-metal-roof-tile.jpg?resize=1050%2C600&ssl=1 3x"},"classes":[]},{"id":724,"url":"https:\/\/believeindustry.company\/es\/roll-forming-machine\/metal-sheet-roll-forming-machine\/","url_meta":{"origin":777,"position":2},"title":"M\u00e1quina perfiladora de chapa met\u00e1lica","author":"Believe Industry Group","date":"marzo 28, 2018","format":false,"excerpt":"Metal Sheet Roll Forming Machines, also named Steel Sheet Roll Forming Machines are widely used in Steel Structure Systems Manufacturers or Builders.Believe Industry Company have full range of Metal Sheet Roll Forming Machine to produce Roof Panels, Wall Cladding Sheets, Step Tiles with different types. Such as: Standing seamming Panel.\u2026","rel":"","context":"En \u00abbelieve industry machine\u00bb","block_context":{"text":"believe industry machine","link":"https:\/\/believeindustry.company\/es\/tag\/believe-industry-machine\/"},"img":{"alt_text":"sheet roll forming machine","src":"https:\/\/i0.wp.com\/believeindustry.company\/wp-content\/uploads\/2018\/03\/metal-sheet-roll-forming-machine.jpg?resize=350%2C200&ssl=1","width":350,"height":200,"srcset":"https:\/\/i0.wp.com\/believeindustry.company\/wp-content\/uploads\/2018\/03\/metal-sheet-roll-forming-machine.jpg?resize=350%2C200&ssl=1 1x, https:\/\/i0.wp.com\/believeindustry.company\/wp-content\/uploads\/2018\/03\/metal-sheet-roll-forming-machine.jpg?resize=525%2C300&ssl=1 1.5x, https:\/\/i0.wp.com\/believeindustry.company\/wp-content\/uploads\/2018\/03\/metal-sheet-roll-forming-machine.jpg?resize=700%2C400&ssl=1 2x"},"classes":[]},{"id":3148,"url":"https:\/\/believeindustry.company\/es\/roll-forming-machine\/metal-sheet-roll-forming-machine\/glazed-tile-roll-forming-machine\/","url_meta":{"origin":777,"position":3},"title":"M\u00e1quina formadora de rollos de azulejos esmaltados","author":"Believe Industry Group","date":"octubre 15, 2018","format":false,"excerpt":"Glazed Tile Roll Forming Machine is for produce metal glazed tiles as desired drawings. Believe Industry Company new design tile machine speed can be up to 6m per minute. Glazed Tile Roll Forming Machine Machine Components Hydraulic Uncoiler Guider and Feeder Pre-cutter Roll Forming Mill One-body Hydraulic Punching and\u00a0Cutting Device\u2026","rel":"","context":"En \u00abConstruction and Steel Structure\u00bb","block_context":{"text":"Construction and Steel Structure","link":"https:\/\/believeindustry.company\/es\/tag\/construction-and-steel-structure\/"},"img":{"alt_text":"glazed tile roll forming machine","src":"https:\/\/i0.wp.com\/believeindustry.company\/wp-content\/uploads\/2018\/10\/glazed-tile-roll-forming-machine-line-.jpg?resize=350%2C200&ssl=1","width":350,"height":200,"srcset":"https:\/\/i0.wp.com\/believeindustry.company\/wp-content\/uploads\/2018\/10\/glazed-tile-roll-forming-machine-line-.jpg?resize=350%2C200&ssl=1 1x, https:\/\/i0.wp.com\/believeindustry.company\/wp-content\/uploads\/2018\/10\/glazed-tile-roll-forming-machine-line-.jpg?resize=525%2C300&ssl=1 1.5x, https:\/\/i0.wp.com\/believeindustry.company\/wp-content\/uploads\/2018\/10\/glazed-tile-roll-forming-machine-line-.jpg?resize=700%2C400&ssl=1 2x, https:\/\/i0.wp.com\/believeindustry.company\/wp-content\/uploads\/2018\/10\/glazed-tile-roll-forming-machine-line-.jpg?resize=1050%2C600&ssl=1 3x"},"classes":[]},{"id":2555,"url":"https:\/\/believeindustry.company\/es\/roll-forming-machine\/metal-sheet-roll-forming-machine\/steel-tile-profile-roll-forming-machine\/","url_meta":{"origin":777,"position":4},"title":"M\u00e1quina formadora de perfiles de tejas de acero","author":"Believe Industry Group","date":"agosto 1, 2018","format":false,"excerpt":"La m\u00e1quina perfiladora de perfiles para tejas de acero se utiliza para producir perfiles de tejas de acero seg\u00fan el dise\u00f1o deseado. La profundidad de dise\u00f1o m\u00e1s reciente alcanza los 30 mm. Believe Industry Company se dedica al dise\u00f1o y la fabricaci\u00f3n de m\u00e1quinas perfiladoras de perfiles para tejas de acero desde hace m\u00e1s de 10 a\u00f1os. Contamos con\u2026","rel":"","context":"En \u00abConstruction and Steel Structure\u00bb","block_context":{"text":"Construction and Steel Structure","link":"https:\/\/believeindustry.company\/es\/tag\/construction-and-steel-structure\/"},"img":{"alt_text":"Tile Profile Roll Forming Machine","src":"https:\/\/i0.wp.com\/believeindustry.company\/wp-content\/uploads\/2018\/08\/Tile-Profile-Roll-Forming-Machine.jpg?resize=350%2C200&ssl=1","width":350,"height":200,"srcset":"https:\/\/i0.wp.com\/believeindustry.company\/wp-content\/uploads\/2018\/08\/Tile-Profile-Roll-Forming-Machine.jpg?resize=350%2C200&ssl=1 1x, https:\/\/i0.wp.com\/believeindustry.company\/wp-content\/uploads\/2018\/08\/Tile-Profile-Roll-Forming-Machine.jpg?resize=525%2C300&ssl=1 1.5x, https:\/\/i0.wp.com\/believeindustry.company\/wp-content\/uploads\/2018\/08\/Tile-Profile-Roll-Forming-Machine.jpg?resize=700%2C400&ssl=1 2x, https:\/\/i0.wp.com\/believeindustry.company\/wp-content\/uploads\/2018\/08\/Tile-Profile-Roll-Forming-Machine.jpg?resize=1050%2C600&ssl=1 3x"},"classes":[]},{"id":2353,"url":"https:\/\/believeindustry.company\/es\/roll-forming-machine\/metal-sheet-roll-forming-machine\/monterey-v1100-tile-roll-forming-machine-for-sale\/","url_meta":{"origin":777,"position":5},"title":"M\u00e1quina formadora de rodillos para azulejos Monterey V1100","author":"Believe Industry Group","date":"junio 25, 2018","format":false,"excerpt":"Believe Industry have different design of \u00a0Monterey V1100 Tile Roll Forming Machine for sale \u00a0and all the machines are fully customized. Monterey V1100 Tile Roll Forming Machine For Sale What's Monterey V1100? Monterey V1100 is a very famous tile profile which is widely used in Russian. As usual, the tiles\u2026","rel":"","context":"En \u00abConstruction and Steel Structure\u00bb","block_context":{"text":"Construction and Steel Structure","link":"https:\/\/believeindustry.company\/es\/tag\/construction-and-steel-structure\/"},"img":{"alt_text":"Monterey V1100 Tile Roll Forming Machine","src":"https:\/\/i0.wp.com\/believeindustry.company\/wp-content\/uploads\/2018\/06\/The-Monterey-V1100-Tile-Roll-Forming-Machine.jpg?resize=350%2C200&ssl=1","width":350,"height":200,"srcset":"https:\/\/i0.wp.com\/believeindustry.company\/wp-content\/uploads\/2018\/06\/The-Monterey-V1100-Tile-Roll-Forming-Machine.jpg?resize=350%2C200&ssl=1 1x, https:\/\/i0.wp.com\/believeindustry.company\/wp-content\/uploads\/2018\/06\/The-Monterey-V1100-Tile-Roll-Forming-Machine.jpg?resize=525%2C300&ssl=1 1.5x, https:\/\/i0.wp.com\/believeindustry.company\/wp-content\/uploads\/2018\/06\/The-Monterey-V1100-Tile-Roll-Forming-Machine.jpg?resize=700%2C400&ssl=1 2x, https:\/\/i0.wp.com\/believeindustry.company\/wp-content\/uploads\/2018\/06\/The-Monterey-V1100-Tile-Roll-Forming-Machine.jpg?resize=1050%2C600&ssl=1 3x"},"classes":[]}],"amp_enabled":true,"_links":{"self":[{"href":"https:\/\/believeindustry.company\/es\/wp-json\/wp\/v2\/pages\/777","targetHints":{"allow":["GET"]}}],"collection":[{"href":"https:\/\/believeindustry.company\/es\/wp-json\/wp\/v2\/pages"}],"about":[{"href":"https:\/\/believeindustry.company\/es\/wp-json\/wp\/v2\/types\/page"}],"author":[{"embeddable":true,"href":"https:\/\/believeindustry.company\/es\/wp-json\/wp\/v2\/users\/2"}],"replies":[{"embeddable":true,"href":"https:\/\/believeindustry.company\/es\/wp-json\/wp\/v2\/comments?post=777"}],"version-history":[{"count":1,"href":"https:\/\/believeindustry.company\/es\/wp-json\/wp\/v2\/pages\/777\/revisions"}],"predecessor-version":[{"id":19712,"href":"https:\/\/believeindustry.company\/es\/wp-json\/wp\/v2\/pages\/777\/revisions\/19712"}],"up":[{"embeddable":true,"href":"https:\/\/believeindustry.company\/es\/wp-json\/wp\/v2\/pages\/724"}],"wp:featuredmedia":[{"embeddable":true,"href":"https:\/\/believeindustry.company\/es\/wp-json\/wp\/v2\/media\/908"}],"wp:attachment":[{"href":"https:\/\/believeindustry.company\/es\/wp-json\/wp\/v2\/media?parent=777"}],"wp:term":[{"taxonomy":"post_tag","embeddable":true,"href":"https:\/\/believeindustry.company\/es\/wp-json\/wp\/v2\/tags?post=777"}],"curies":[{"name":"wp","href":"https:\/\/api.w.org\/{rel}","templated":true}]}}