{"id":8060,"date":"2021-08-09T11:52:09","date_gmt":"2021-08-09T03:52:09","guid":{"rendered":"https:\/\/believeindustry.company\/?page_id=8060"},"modified":"2026-04-12T13:32:13","modified_gmt":"2026-04-12T05:32:13","slug":"maquina-formadora-de-rodillos-de-cubierta-b","status":"publish","type":"page","link":"https:\/\/believeindustry.company\/es\/roll-forming-machine\/customized-profile-roll-forming-machine\/b-deck-roll-forming-machine\/","title":{"rendered":"M\u00e1quina formadora de rodillos de cubierta B"},"content":{"rendered":"<div class=\"wp-block-columns is-layout-flex wp-container-core-columns-is-layout-28f84493 wp-block-columns-is-layout-flex\">\n<div class=\"wp-block-column is-layout-flow wp-block-column-is-layout-flow\" style=\"flex-basis:100%\">\n<p><strong>M\u00e1quina formadora de rodillos de cubierta B<\/strong>(tambi\u00e9n llamado como&nbsp;<strong>Formador de rollo de cubierta B<\/strong>) se utiliza para producir la cubierta B, que es la cubierta met\u00e1lica estructural m\u00e1s com\u00fan en la industria en el mercado estadounidense.<\/p>\n\n\n\n<h2 class=\"wp-block-heading\" id=\"h-what-s-b-deck\">\u00bfQu\u00e9 es la cubierta B?<\/h2>\n\n\n\n<p>La plataforma B es un sustrato estructural ideal para luces cortas y medias, con distancias que van desde 90 cm hasta 3 m.<strong>&nbsp;Es ligero, resistente, econ\u00f3mico y f\u00e1cil de instalar.&nbsp;<\/strong>El panel de la imagen inferior tiene 1,5 pulgadas de profundidad y 36 pulgadas de ancho. Adem\u00e1s, cuenta con 6 nervios (de 6 pulgadas de ancho) con una pieza macho y otra hembra para crear un solape lateral entrelazado.<\/p>\n\n\n\n<p>La cubierta tipo B se fabrica en cubierta de techo tipo B y cubierta de piso tipo B.<\/p>\n\n\n\n<p>Ambos tipos tienen dimensiones id\u00e9nticas y se fabrican con diferentes uniones de solape lateral. La \u00fanica diferencia entre ellos es la&nbsp;<strong>Formlock<\/strong>&nbsp;Patr\u00f3n en relieve en la losa del suelo, al que se adhiere el hormig\u00f3n.<\/p>\n\n\n\n<figure class=\"wp-block-image\"><img fetchpriority=\"high\" decoding=\"async\" width=\"600\" height=\"314\" data-attachment-id=\"8066\" data-permalink=\"https:\/\/believeindustry.company\/es\/roll-forming-machine\/customized-profile-roll-forming-machine\/b-deck-roll-forming-machine\/b-deck-1\/\" data-orig-file=\"https:\/\/believeindustry.company\/wp-content\/uploads\/2021\/08\/B-Deck-1.jpg\" data-orig-size=\"600,314\" data-comments-opened=\"1\" data-image-meta=\"{&quot;aperture&quot;:&quot;0&quot;,&quot;credit&quot;:&quot;&quot;,&quot;camera&quot;:&quot;&quot;,&quot;caption&quot;:&quot;&quot;,&quot;created_timestamp&quot;:&quot;0&quot;,&quot;copyright&quot;:&quot;&quot;,&quot;focal_length&quot;:&quot;0&quot;,&quot;iso&quot;:&quot;0&quot;,&quot;shutter_speed&quot;:&quot;0&quot;,&quot;title&quot;:&quot;&quot;,&quot;orientation&quot;:&quot;0&quot;}\" data-image-title=\"B-Deck-1\" data-image-description=\"\" data-image-caption=\"\" data-large-file=\"https:\/\/believeindustry.company\/wp-content\/uploads\/2021\/08\/B-Deck-1.jpg\" src=\"https:\/\/believeindustry.company\/wp-content\/uploads\/2021\/08\/B-Deck-1.jpg\" alt=\"\" class=\"wp-image-8066\" srcset=\"https:\/\/believeindustry.company\/wp-content\/uploads\/2021\/08\/B-Deck-1.jpg 600w, https:\/\/believeindustry.company\/wp-content\/uploads\/2021\/08\/B-Deck-1-300x157.jpg 300w\" sizes=\"(max-width: 600px) 100vw, 600px\" \/><figcaption class=\"wp-element-caption\">Dibujo del perfil de la cubierta B<\/figcaption><\/figure>\n\n\n\n<h2 class=\"wp-block-heading\">Componentes de la m\u00e1quina perfiladora de rodillos de cubierta B<\/h2>\n\n\n\n<ul class=\"wp-block-list\">\n<li>Desenrollador hidr\u00e1ulico de 10 toneladas con carro portabobinas<\/li>\n\n\n\n<li>Parte principal de la m\u00e1quina perfiladora de rodillos (incluye alimentador y gu\u00eda, perfiladora de rodillos y cortadora).<\/li>\n\n\n\n<li>Caja controlada<\/li>\n\n\n\n<li>Estaci\u00f3n hidr\u00e1ulica<\/li>\n\n\n\n<li>Tabla de colecci\u00f3n<\/li>\n<\/ul>\n\n\n\n<h2 class=\"wp-block-heading\">Par\u00e1metros t\u00e9cnicos de la m\u00e1quina de cubierta B<\/h2>\n\n\n\n<ol class=\"wp-block-list\">\n<li>Material: PPGI, GI, PPGL, GL.<\/li>\n\n\n\n<li>Espesor: 0,3-0,8 mm para la cubierta de techo B, 0,8-1,5 mm para la cubierta de piso B.<\/li>\n\n\n\n<li>Etapas de formaci\u00f3n: 24-28 etapas<\/li>\n\n\n\n<li>Eje: 40 CR, 90 mm de di\u00e1metro<\/li>\n\n\n\n<li>Rodillos: GCR 15, con tratamiento t\u00e9rmico y cromado superficial.<\/li>\n\n\n\n<li>Potencia del motor: 22 kW x 2<\/li>\n<\/ol>\n\n\n\n<p><a href=\"http:\/\/rollformingmachine.company\/\" target=\"_blank\" rel=\"noopener\">Compa\u00f1\u00eda de la Industria Believe<\/a>&nbsp;Disponemos de una gama completa de m\u00e1quinas perfiladoras para la serie B Deck. Ofrecemos diferentes soluciones para diferentes necesidades. Tambi\u00e9n ofrecemos&nbsp;<a href=\"https:\/\/believeindustry.company\/es\/maquina-perfiladora-de-paneles-agricolas\/\">M\u00e1quina perfiladora de paneles AG<\/a>,&nbsp;<a href=\"https:\/\/believeindustry.company\/es\/llego-a-malasia-la-maquina-formadora-de-rollos-de-laminas-onduladas\/\">M\u00e1quina formadora de perfiles ondulados<\/a>,&nbsp;<a href=\"https:\/\/believeindustry.company\/es\/video-de-una-maquina-formadora-de-rodillos-de-columnas-soldadas\/\">M\u00e1quina formadora de rodillos de columna de soldadura<\/a>&nbsp;y&nbsp;<a href=\"https:\/\/believeindustry.company\/es\/maquina-formadora-de-rodillos-de-recorte\/\">Formadora de rollos de m\u00faltiples recortes<\/a>&nbsp;Para el mercado estadounidense. Cont\u00e1ctenos ahora para obtener m\u00e1s informaci\u00f3n.<\/p>\n\n\n\n<figure class=\"wp-block-image\"><img decoding=\"async\" width=\"1024\" height=\"683\" data-attachment-id=\"9208\" data-permalink=\"https:\/\/believeindustry.company\/es\/roll-forming-machine\/customized-profile-roll-forming-machine\/b-deck-roll-forming-machine\/b-deck-machine-cutter-1\/\" data-orig-file=\"https:\/\/believeindustry.company\/wp-content\/uploads\/2023\/05\/B-Deck-Machine-Cutter-1.jpg\" data-orig-size=\"1200,800\" data-comments-opened=\"1\" data-image-meta=\"{&quot;aperture&quot;:&quot;0&quot;,&quot;credit&quot;:&quot;&quot;,&quot;camera&quot;:&quot;&quot;,&quot;caption&quot;:&quot;&quot;,&quot;created_timestamp&quot;:&quot;0&quot;,&quot;copyright&quot;:&quot;&quot;,&quot;focal_length&quot;:&quot;0&quot;,&quot;iso&quot;:&quot;0&quot;,&quot;shutter_speed&quot;:&quot;0&quot;,&quot;title&quot;:&quot;&quot;,&quot;orientation&quot;:&quot;0&quot;}\" data-image-title=\"B-Deck-Machine-Cutter-1\" data-image-description=\"\" data-image-caption=\"\" data-large-file=\"https:\/\/believeindustry.company\/wp-content\/uploads\/2023\/05\/B-Deck-Machine-Cutter-1-1024x683.jpg\" src=\"https:\/\/believeindustry.company\/wp-content\/uploads\/2023\/05\/B-Deck-Machine-Cutter-1-1024x683.jpg\" alt=\"Cortadora de plataforma\" class=\"wp-image-9208\" srcset=\"https:\/\/believeindustry.company\/wp-content\/uploads\/2023\/05\/B-Deck-Machine-Cutter-1-1024x683.jpg 1024w, https:\/\/believeindustry.company\/wp-content\/uploads\/2023\/05\/B-Deck-Machine-Cutter-1-600x400.jpg?crop=1 600w, https:\/\/believeindustry.company\/wp-content\/uploads\/2023\/05\/B-Deck-Machine-Cutter-1-300x200.jpg 300w, https:\/\/believeindustry.company\/wp-content\/uploads\/2023\/05\/B-Deck-Machine-Cutter-1-768x512.jpg 768w, https:\/\/believeindustry.company\/wp-content\/uploads\/2023\/05\/B-Deck-Machine-Cutter-1-930x620.jpg 930w, https:\/\/believeindustry.company\/wp-content\/uploads\/2023\/05\/B-Deck-Machine-Cutter-1-272x182.jpg 272w, https:\/\/believeindustry.company\/wp-content\/uploads\/2023\/05\/B-Deck-Machine-Cutter-1.jpg 1200w\" sizes=\"(max-width: 1024px) 100vw, 1024px\" \/><\/figure>\n<\/div>\n<\/div>","protected":false},"excerpt":{"rendered":"<p>B Deck Roll Forming Machine( also named as&nbsp;B deck roll former) is for producing B Deck. Which is the most common structural metal decking in the industry in US market.. What&#8217;s B Deck? B Deck is an ideal structural substrate on short to medium span conditions that range from three feet to ten feet in [&hellip;]<\/p>\n","protected":false},"author":2,"featured_media":8067,"parent":1257,"menu_order":0,"comment_status":"closed","ping_status":"closed","template":"","meta":{"_angie_page":false,"footnotes":"","big_sky_generated":false},"tags":[607851244],"class_list":["post-8060","page","type-page","status-publish","has-post-thumbnail","hentry","tag-construction-and-steel-structure"],"blocksy_meta":[],"jetpack_sharing_enabled":true,"jetpack_shortlink":"https:\/\/wp.me\/P9K5n8-260","jetpack_likes_enabled":false,"jetpack-related-posts":[{"id":22047,"url":"https:\/\/believeindustry.company\/es\/customized-profiles\/","url_meta":{"origin":8060,"position":0},"title":"Perfiles personalizados","author":"Believe Industry Group","date":"abril 12, 2026","format":false,"excerpt":"A roll forming machine for customized profiles is highly specialized manufacturing equipment engineered to produce unique, non-standard metal cross-sections tailored to specific proprietary designs or niche applications.Unlike standard machines built for common shapes like roofing or studs, these systems are custom-designed from the ground up. They utilize uniquely engineered roller\u2026","rel":"","context":"Entrada similar","block_context":{"text":"Entrada similar","link":""},"img":{"alt_text":"custom roll forming machine","src":"https:\/\/i0.wp.com\/believeindustry.company\/wp-content\/uploads\/2018\/05\/custom-roll-forming-machine.jpg?resize=350%2C200&ssl=1","width":350,"height":200,"srcset":"https:\/\/i0.wp.com\/believeindustry.company\/wp-content\/uploads\/2018\/05\/custom-roll-forming-machine.jpg?resize=350%2C200&ssl=1 1x, https:\/\/i0.wp.com\/believeindustry.company\/wp-content\/uploads\/2018\/05\/custom-roll-forming-machine.jpg?resize=525%2C300&ssl=1 1.5x, https:\/\/i0.wp.com\/believeindustry.company\/wp-content\/uploads\/2018\/05\/custom-roll-forming-machine.jpg?resize=700%2C400&ssl=1 2x, https:\/\/i0.wp.com\/believeindustry.company\/wp-content\/uploads\/2018\/05\/custom-roll-forming-machine.jpg?resize=1050%2C600&ssl=1 3x"},"classes":[]},{"id":1437,"url":"https:\/\/believeindustry.company\/es\/roll-forming-machine\/customized-profile-roll-forming-machine\/steel-floor-deck-roll-forming-machine\/","url_meta":{"origin":8060,"position":1},"title":"M\u00e1quina perfiladora de perfiles de acero para pisos","author":"Believe Industry Group","date":"abril 23, 2018","format":false,"excerpt":"Steel Floor Deck Roll Forming Machine is for producing Metal Floor Decks with the thickness up to 2.0mm, yield strength 550 MPA Steel Floor Deck Roll Forming Machine Specifications What's Steel Floor Deck? A composite steel deck combines the high tensile strength of steel with the compressive strength of concrete\u2026","rel":"","context":"En \u00abComposite Floor Deck Roll Forming Machine\u00bb","block_context":{"text":"Composite Floor Deck Roll Forming Machine","link":"https:\/\/believeindustry.company\/es\/tag\/composite-floor-deck-roll-forming-machine\/"},"img":{"alt_text":"composite floor deck roll forming machine","src":"https:\/\/i0.wp.com\/believeindustry.company\/wp-content\/uploads\/2018\/06\/composite-floor-deck-roll-forming-machine-2.jpg?resize=350%2C200&ssl=1","width":350,"height":200,"srcset":"https:\/\/i0.wp.com\/believeindustry.company\/wp-content\/uploads\/2018\/06\/composite-floor-deck-roll-forming-machine-2.jpg?resize=350%2C200&ssl=1 1x, https:\/\/i0.wp.com\/believeindustry.company\/wp-content\/uploads\/2018\/06\/composite-floor-deck-roll-forming-machine-2.jpg?resize=525%2C300&ssl=1 1.5x, https:\/\/i0.wp.com\/believeindustry.company\/wp-content\/uploads\/2018\/06\/composite-floor-deck-roll-forming-machine-2.jpg?resize=700%2C400&ssl=1 2x, https:\/\/i0.wp.com\/believeindustry.company\/wp-content\/uploads\/2018\/06\/composite-floor-deck-roll-forming-machine-2.jpg?resize=1050%2C600&ssl=1 3x"},"classes":[]},{"id":1712,"url":"https:\/\/believeindustry.company\/es\/video\/floor-deck-roll-forming-machine-video\/","url_meta":{"origin":8060,"position":2},"title":"V\u00eddeo de la m\u00e1quina perfiladora de cubiertas de suelo","author":"Believe Industry Group","date":"mayo 10, 2018","format":false,"excerpt":"El v\u00eddeo sobre la m\u00e1quina perfiladora de losas de piso tiene como objetivo mostrar a los compradores su funcionamiento. Believe Industry Company se dedica al dise\u00f1o y fabricaci\u00f3n de m\u00e1quinas perfiladoras de losas de piso de acero seg\u00fan las necesidades del cliente. Cont\u00e1ctenos para obtener m\u00e1s informaci\u00f3n.","rel":"","context":"En \u00abFloor Deck Roll Forming Machine\u00bb","block_context":{"text":"Floor Deck Roll Forming Machine","link":"https:\/\/believeindustry.company\/es\/tag\/floor-deck-roll-forming-machine\/"},"img":{"alt_text":"metal floor deck","src":"https:\/\/i0.wp.com\/believeindustry.company\/wp-content\/uploads\/2018\/05\/metal-floor-deck.jpg?resize=350%2C200&ssl=1","width":350,"height":200,"srcset":"https:\/\/i0.wp.com\/believeindustry.company\/wp-content\/uploads\/2018\/05\/metal-floor-deck.jpg?resize=350%2C200&ssl=1 1x, https:\/\/i0.wp.com\/believeindustry.company\/wp-content\/uploads\/2018\/05\/metal-floor-deck.jpg?resize=525%2C300&ssl=1 1.5x, https:\/\/i0.wp.com\/believeindustry.company\/wp-content\/uploads\/2018\/05\/metal-floor-deck.jpg?resize=700%2C400&ssl=1 2x, https:\/\/i0.wp.com\/believeindustry.company\/wp-content\/uploads\/2018\/05\/metal-floor-deck.jpg?resize=1050%2C600&ssl=1 3x"},"classes":[]},{"id":593,"url":"https:\/\/believeindustry.company\/es\/roll-forming-machine\/metal-sheet-roll-forming-machine\/roofing-sheet-roll-forming-machine\/","url_meta":{"origin":8060,"position":3},"title":"M\u00e1quina formadora de rollos de l\u00e1minas para techos","author":"Believe Industry Group","date":"marzo 22, 2018","format":false,"excerpt":"La m\u00e1quina perfiladora de l\u00e1minas para techos est\u00e1 dise\u00f1ada para producir diversos tipos de l\u00e1minas para techos y revestimientos de paredes seg\u00fan el plano de dise\u00f1o y con la longitud deseada. El espesor suele oscilar entre 0,2 y 0,8 mm, y la resistencia entre 235 MPa y 550 MPa. Introducci\u00f3n a la m\u00e1quina perfiladora de l\u00e1minas para techos. \u00bfD\u00f3nde encontrarla?","rel":"","context":"En \u00abConstruction and Steel Structure\u00bb","block_context":{"text":"Construction and Steel Structure","link":"https:\/\/believeindustry.company\/es\/tag\/construction-and-steel-structure\/"},"img":{"alt_text":"roof sheet roll forming machine","src":"https:\/\/i0.wp.com\/believeindustry.company\/wp-content\/uploads\/2018\/06\/roof-sheet-roll-forming-machine_%E5%89%AF%E6%9C%AC.jpg?resize=350%2C200&ssl=1","width":350,"height":200,"srcset":"https:\/\/i0.wp.com\/believeindustry.company\/wp-content\/uploads\/2018\/06\/roof-sheet-roll-forming-machine_%E5%89%AF%E6%9C%AC.jpg?resize=350%2C200&ssl=1 1x, https:\/\/i0.wp.com\/believeindustry.company\/wp-content\/uploads\/2018\/06\/roof-sheet-roll-forming-machine_%E5%89%AF%E6%9C%AC.jpg?resize=525%2C300&ssl=1 1.5x, https:\/\/i0.wp.com\/believeindustry.company\/wp-content\/uploads\/2018\/06\/roof-sheet-roll-forming-machine_%E5%89%AF%E6%9C%AC.jpg?resize=700%2C400&ssl=1 2x, https:\/\/i0.wp.com\/believeindustry.company\/wp-content\/uploads\/2018\/06\/roof-sheet-roll-forming-machine_%E5%89%AF%E6%9C%AC.jpg?resize=1050%2C600&ssl=1 3x"},"classes":[]},{"id":577,"url":"https:\/\/believeindustry.company\/es\/roll-forming-machine\/","url_meta":{"origin":8060,"position":4},"title":"M\u00e1quina perfiladora de rodillos","author":"Believe Industry Group","date":"marzo 22, 2018","format":false,"excerpt":"As a premier manufacturer and exporter of machinery from Wuxi, China, Beli RollForming specializes in designing and building a vast range of high-performance roll forming machines for various global industries.Beli RollForming's Roll Forming Machines are advanced, continuous production systems that transform flat metal coils (steel, aluminum, etc.) into precise, long-length\u2026","rel":"","context":"En \u00abCoil Roll Forming Machine\u00bb","block_context":{"text":"Coil Roll Forming Machine","link":"https:\/\/believeindustry.company\/es\/tag\/coil-roll-forming-machine\/"},"img":{"alt_text":"roll forming mills","src":"https:\/\/i0.wp.com\/believeindustry.company\/wp-content\/uploads\/2018\/03\/roll-forming-mills-e1522722506357.jpg?resize=350%2C200&ssl=1","width":350,"height":200,"srcset":"https:\/\/i0.wp.com\/believeindustry.company\/wp-content\/uploads\/2018\/03\/roll-forming-mills-e1522722506357.jpg?resize=350%2C200&ssl=1 1x, https:\/\/i0.wp.com\/believeindustry.company\/wp-content\/uploads\/2018\/03\/roll-forming-mills-e1522722506357.jpg?resize=525%2C300&ssl=1 1.5x, https:\/\/i0.wp.com\/believeindustry.company\/wp-content\/uploads\/2018\/03\/roll-forming-mills-e1522722506357.jpg?resize=700%2C400&ssl=1 2x, https:\/\/i0.wp.com\/believeindustry.company\/wp-content\/uploads\/2018\/03\/roll-forming-mills-e1522722506357.jpg?resize=1050%2C600&ssl=1 3x"},"classes":[]},{"id":19437,"url":"https:\/\/believeindustry.company\/es\/product-2\/","url_meta":{"origin":8060,"position":5},"title":"Producto","author":"Believe Industry Group","date":"noviembre 12, 2025","format":false,"excerpt":"Energy and Electric Construction and Steel Structure Rack and Shelving Sale Rated 0 out of 5 Energy and Electric 41x41mm 41x82mm Solar Strut Channel Roll Forming Machine $85,000.00 Original price was: $85,000.00.$80,000.00Current price is: $80,000.00. View Product Sale Rated 0 out of 5 Metal Panel Trapezoidal Ribbed Spandeck Roof and\u2026","rel":"","context":"Entrada similar","block_context":{"text":"Entrada similar","link":""},"img":{"alt_text":"41x41mm 41x82mm Solar Strut Channel Roll Forming Machine","src":"https:\/\/i0.wp.com\/believeindustry.company\/wp-content\/uploads\/2025\/10\/41x41-41X82-Solar-Strut-Channel-Roll-Forming-Machine-300x214.webp?resize=350%2C200&ssl=1","width":350,"height":200},"classes":[]}],"amp_enabled":true,"_links":{"self":[{"href":"https:\/\/believeindustry.company\/es\/wp-json\/wp\/v2\/pages\/8060","targetHints":{"allow":["GET"]}}],"collection":[{"href":"https:\/\/believeindustry.company\/es\/wp-json\/wp\/v2\/pages"}],"about":[{"href":"https:\/\/believeindustry.company\/es\/wp-json\/wp\/v2\/types\/page"}],"author":[{"embeddable":true,"href":"https:\/\/believeindustry.company\/es\/wp-json\/wp\/v2\/users\/2"}],"replies":[{"embeddable":true,"href":"https:\/\/believeindustry.company\/es\/wp-json\/wp\/v2\/comments?post=8060"}],"version-history":[{"count":16,"href":"https:\/\/believeindustry.company\/es\/wp-json\/wp\/v2\/pages\/8060\/revisions"}],"predecessor-version":[{"id":19751,"href":"https:\/\/believeindustry.company\/es\/wp-json\/wp\/v2\/pages\/8060\/revisions\/19751"}],"up":[{"embeddable":true,"href":"https:\/\/believeindustry.company\/es\/wp-json\/wp\/v2\/pages\/1257"}],"wp:featuredmedia":[{"embeddable":true,"href":"https:\/\/believeindustry.company\/es\/wp-json\/wp\/v2\/media\/8067"}],"wp:attachment":[{"href":"https:\/\/believeindustry.company\/es\/wp-json\/wp\/v2\/media?parent=8060"}],"wp:term":[{"taxonomy":"post_tag","embeddable":true,"href":"https:\/\/believeindustry.company\/es\/wp-json\/wp\/v2\/tags?post=8060"}],"curies":[{"name":"wp","href":"https:\/\/api.w.org\/{rel}","templated":true}]}}