{"id":814,"date":"2018-04-01T11:16:44","date_gmt":"2018-04-01T03:16:44","guid":{"rendered":"https:\/\/believeindustry.company\/?page_id=814"},"modified":"2025-12-05T15:37:48","modified_gmt":"2025-12-05T07:37:48","slug":"maquina-perfiladora-de-lamas-de-persianas-enrollables-de-acero","status":"publish","type":"page","link":"https:\/\/believeindustry.company\/es\/roll-forming-machine\/steel-door-roll-forming-machine\/steel-rolling-shutter-slat-roll-forming-machine\/","title":{"rendered":"M\u00e1quina formadora de l\u00e1minas de persianas enrollables de acero"},"content":{"rendered":"<p><strong>M\u00e1quina formadora de l\u00e1minas de persianas enrollables de acero<\/strong> Se utiliza para producir l\u00e1minas para persianas enrollables para sistemas de puertas enrollables.&nbsp;<\/p>\n\n\n\n<!--more-->\n\n\n\n<h2 class=\"wp-block-heading\">Introducci\u00f3n de la m\u00e1quina formadora de l\u00e1minas de persianas enrollables de acero<\/h2>\n\n\n\n<h3 class=\"wp-block-heading\">\u00bfQu\u00e9 son las lamas y puertas enrollables?<\/h3>\n\n\n\n<p>Una persiana enrollable es un tipo de puerta o ventana que consta de varias lamas horizontales (o paneles) articuladas. La puerta se eleva para abrirse y se baja para cerrarse. La puerta se puede abrir manualmente o con motor. Las persianas enrollables tienen muchas aplicaciones, incluyendo puertas para furgonetas, cocinas, almacenes y f\u00e1bricas. En algunas zonas del mundo, las persianas enrollables se utilizan como m\u00e9todo de aislamiento (persiana enrollable de PU), protegen puertas o ventanas del granizo y resisten vientos fuertes. BELI\u00ae ofrece una gama completa de... <strong>M\u00c1QUINA FORJADORA DE LAMAS PARA PERSIANAS ENROLLABLES DE ACERO<\/strong> para diferentes requisitos.<\/p>\n\n\n\n<h3 class=\"wp-block-heading\">M\u00e9todos de apertura de puertas enrollables<\/h3>\n\n\n\n<div class=\"wp-block-columns has-2-columns is-layout-flex wp-container-core-columns-is-layout-28f84493 wp-block-columns-is-layout-flex\">\n<div class=\"wp-block-column is-layout-flow wp-block-column-is-layout-flow\">\n<figure class=\"wp-block-image is-resized\"><img fetchpriority=\"high\" decoding=\"async\" data-attachment-id=\"818\" data-permalink=\"https:\/\/believeindustry.company\/es\/roll-forming-machine\/steel-door-roll-forming-machine\/steel-rolling-shutter-slat-roll-forming-machine\/manual\/\" data-orig-file=\"https:\/\/believeindustry.company\/wp-content\/uploads\/2018\/04\/Manual-adjust-roller-shutter-door.jpg\" data-orig-size=\"558,482\" data-comments-opened=\"1\" data-image-meta=\"{&quot;aperture&quot;:&quot;0&quot;,&quot;credit&quot;:&quot;&quot;,&quot;camera&quot;:&quot;&quot;,&quot;caption&quot;:&quot;&quot;,&quot;created_timestamp&quot;:&quot;0&quot;,&quot;copyright&quot;:&quot;&quot;,&quot;focal_length&quot;:&quot;0&quot;,&quot;iso&quot;:&quot;0&quot;,&quot;shutter_speed&quot;:&quot;0&quot;,&quot;title&quot;:&quot;&quot;,&quot;orientation&quot;:&quot;0&quot;}\" data-image-title=\"Manual up and down roller shutter door\" data-image-description=\"&lt;p&gt;Manual up and down roller shutter door&lt;\/p&gt;\" data-image-caption=\"&lt;p&gt;Manual up and down roller shutter door&lt;\/p&gt;\" data-medium-file=\"https:\/\/believeindustry.company\/wp-content\/uploads\/2018\/04\/Manual-adjust-roller-shutter-door-300x259.jpg\" data-large-file=\"https:\/\/believeindustry.company\/wp-content\/uploads\/2018\/04\/Manual-adjust-roller-shutter-door.jpg\" src=\"https:\/\/believeindustry.company\/wp-content\/uploads\/2018\/04\/Manual-adjust-roller-shutter-door.jpg\" alt=\"Puerta enrollable manual de subida y bajada\" class=\"wp-image-818\" width=\"479\" height=\"413\" srcset=\"https:\/\/believeindustry.company\/wp-content\/uploads\/2018\/04\/Manual-adjust-roller-shutter-door.jpg 558w, https:\/\/believeindustry.company\/wp-content\/uploads\/2018\/04\/Manual-adjust-roller-shutter-door-300x259.jpg 300w\" sizes=\"(max-width: 479px) 100vw, 479px\" \/><figcaption>Puerta enrollable manual de subida y bajada<\/figcaption><\/figure>\n<\/div>\n\n\n\n<div class=\"wp-block-column is-layout-flow wp-block-column-is-layout-flow\">\n<ol class=\"wp-block-list\"><li>Marco lateral<\/li><li>Cojinete de bolas<\/li><li>Tapa del extremo<\/li><li>Tapa de caja de acero<\/li><li>Tubo octogonal<\/li><li>Resorte de seguridad<\/li><li>Cabezal de cojinete de accionamiento<\/li><li>Polea de correa<\/li><li>Gu\u00eda de entrada<\/li><li>Gu\u00eda de correas<\/li><li>Enrollador de correa<\/li><li>Lamas de persiana enrollable<\/li><li>List\u00f3n final<\/li><li>Fondo de caja de acero<\/li><li>Tap\u00f3n<\/li><li>Clip de diapositiva<\/li><li>Carril gu\u00eda<\/li><li>Tapa del riel gu\u00eda<\/li><\/ol>\n<\/div>\n<\/div>\n\n\n\n<hr class=\"wp-block-separator\"\/>\n\n\n\n<div class=\"wp-block-columns has-2-columns is-layout-flex wp-container-core-columns-is-layout-28f84493 wp-block-columns-is-layout-flex\">\n<div class=\"wp-block-column is-layout-flow wp-block-column-is-layout-flow\">\n<figure class=\"wp-block-image is-resized\"><img decoding=\"async\" data-attachment-id=\"819\" data-permalink=\"https:\/\/believeindustry.company\/es\/roll-forming-machine\/steel-door-roll-forming-machine\/steel-rolling-shutter-slat-roll-forming-machine\/automatic\/\" data-orig-file=\"https:\/\/believeindustry.company\/wp-content\/uploads\/2018\/04\/automatic-roller-up-door.jpg\" data-orig-size=\"538,500\" data-comments-opened=\"1\" data-image-meta=\"{&quot;aperture&quot;:&quot;0&quot;,&quot;credit&quot;:&quot;&quot;,&quot;camera&quot;:&quot;&quot;,&quot;caption&quot;:&quot;&quot;,&quot;created_timestamp&quot;:&quot;0&quot;,&quot;copyright&quot;:&quot;&quot;,&quot;focal_length&quot;:&quot;0&quot;,&quot;iso&quot;:&quot;0&quot;,&quot;shutter_speed&quot;:&quot;0&quot;,&quot;title&quot;:&quot;&quot;,&quot;orientation&quot;:&quot;0&quot;}\" data-image-title=\"automatic roller up door\" data-image-description=\"\" data-image-caption=\"&lt;p&gt;Automatic roller up door can up and down the door automatically.&lt;\/p&gt;\" data-medium-file=\"https:\/\/believeindustry.company\/wp-content\/uploads\/2018\/04\/automatic-roller-up-door-300x279.jpg\" data-large-file=\"https:\/\/believeindustry.company\/wp-content\/uploads\/2018\/04\/automatic-roller-up-door.jpg\" src=\"https:\/\/believeindustry.company\/wp-content\/uploads\/2018\/04\/automatic-roller-up-door.jpg\" alt=\"puerta enrollable autom\u00e1tica\" class=\"wp-image-819\" width=\"476\" height=\"441\" srcset=\"https:\/\/believeindustry.company\/wp-content\/uploads\/2018\/04\/automatic-roller-up-door.jpg 538w, https:\/\/believeindustry.company\/wp-content\/uploads\/2018\/04\/automatic-roller-up-door-300x279.jpg 300w\" sizes=\"(max-width: 476px) 100vw, 476px\" \/><figcaption>La puerta enrollable autom\u00e1tica puede subir y bajar la puerta autom\u00e1ticamente.<\/figcaption><\/figure>\n<\/div>\n\n\n\n<div class=\"wp-block-column is-layout-flow wp-block-column-is-layout-flow\">\n<ol class=\"wp-block-list\"><li>Marco lateral<\/li><li>Cojinete de bolas<\/li><li>Tapa del extremo<\/li><li>Tapa de caja de acero<\/li><li>Tubo octogonal<\/li><li>Adaptar la primavera<\/li><li>Dispositivo anti-empuje<\/li><li>Motor<\/li><li>Gu\u00eda de entrada<\/li><li>Soportes de motor<\/li><li>Tapas del riel gu\u00eda<\/li><li>Cambiar<\/li><li>Lamas de persiana enrollable<\/li><li>List\u00f3n final<\/li><li>Fondo de caja de acero<\/li><li>Tap\u00f3n<\/li><li>Clip de diapositiva<\/li><li>Carril gu\u00eda<\/li><\/ol>\n<\/div>\n<\/div>\n\n\n\n<h6 class=\"wp-block-heading\">BELI\u00ae dispone de una gama completa de m\u00e1quinas para el sistema de puertas:<\/h6>\n\n\n\n<ul class=\"wp-block-list\"><li>M\u00e1quina formadora de tapas de cajas<\/li><li>L\u00e1mina de persiana enrollable <a href=\"https:\/\/believeindustry.company\/es\/maquina-perfiladora-de-rodillos\/\">M\u00e1quina perfiladora de rodillos<\/a><\/li><li>M\u00e1quina formadora de tubos octogonales<\/li><li>M\u00e1quina formadora de rollos de rieles gu\u00eda<\/li><li>M\u00e1quina formadora de rollos de listones de extremo<\/li><\/ul>\n\n\n\n<h3 class=\"wp-block-heading\">M\/C y breve introducci\u00f3n de la m\u00e1quina formadora de l\u00e1minas de persianas enrollables de acero<\/h3>\n\n\n\n<ol class=\"wp-block-list\"><li>Desenrollador, capacidad de 3 toneladas, manual o el\u00e9ctrico<\/li><li>M\u00e1quina formadora de rollos, 16-18 pasos de formaci\u00f3n, motor de sistemas de 5,5 kW, laminadora de paredes de revestimiento o laminadora de soportes cromados<\/li><li>Dispositivo de corte, hidr\u00e1ulico o de sierra.<\/li><li>Dispositivo para perforar agujeros (opcional)<\/li><li>Sistema controlado: PLC Siemens o Panasonic, inversor Yaskawa, codificador Omron, pantalla t\u00e1ctil Siemens o MCGS<\/li><li>Estaci\u00f3n hidr\u00e1ulica. 4KW<\/li><li>Mesa de recolecci\u00f3n, apiladora simple o autom\u00e1tica<\/li><\/ol>\n\n\n\n<blockquote class=\"wp-block-quote is-layout-flow wp-block-quote-is-layout-flow\"><p><a href=\"http:\/\/www.belirollform.com\" target=\"_blank\" rel=\"noopener\">BELI\u00ae<\/a> TENEMOS VARIOS DISE\u00d1OS DE M\u00c1QUINAS FORMADORAS DE L\u00c1MINAS PARA PERSIANAS ENROLLABLES, Y TAMBI\u00c9N HACEMOS M\u00c1QUINAS DE PERFILES PERSONALIZADOS. <strong>LL\u00c1MENOS O ENV\u00cdENOS UN CORREO ELECTR\u00d3NICO AHORA<\/strong>!<\/p><\/blockquote>","protected":false},"excerpt":{"rendered":"<p>La m\u00e1quina perfiladora de lamas para persianas enrollables de acero se utiliza para producir lamas para sistemas de puertas enrollables.&nbsp;<\/p>","protected":false},"author":2,"featured_media":821,"parent":809,"menu_order":1,"comment_status":"closed","ping_status":"closed","template":"","meta":{"_angie_page":false,"jetpack_post_was_ever_published":false,"footnotes":"","big_sky_generated":false},"tags":[607849630,607846023,607845740,607846478,607846479,607846480,607846228],"class_list":["post-814","page","type-page","status-publish","has-post-thumbnail","hentry","tag-door-lines","tag-roll-forming","tag-roll-forming-machine","tag-rolling-shutter-door-machine","tag-roller-up-door-machine","tag-rolling-shutter-door-slats-roll-forming-machine","tag-rolling-shutter-slat-roll-forming-machine"],"blocksy_meta":[],"jetpack_sharing_enabled":true,"jetpack_shortlink":"https:\/\/wp.me\/P9K5n8-d8","jetpack_likes_enabled":false,"jetpack-related-posts":[{"id":5762,"url":"https:\/\/believeindustry.company\/es\/roll-forming-machine\/steel-door-roll-forming-machine\/pu-foamed-roller-shutter-door-roll-forming-machine\/","url_meta":{"origin":814,"position":0},"title":"M\u00e1quina formadora de rollos para puertas enrollables de espuma de PU","author":"Believe Industry Group","date":"abril 19, 2019","format":false,"excerpt":"Pu Foamed Roller Shutter Door Roll Forming Machine is a whole production line for producing PU rolling shutter slats, window slats for Europe market. The Rolling Shutter Door is a kind of door which opened and closed by lifting and descending along guide rail with or with out motor. \u00a0In\u2026","rel":"","context":"En \u00abRoller Up Door Machine\u00bb","block_context":{"text":"Roller Up Door Machine","link":"https:\/\/believeindustry.company\/es\/tag\/roller-up-door-machine\/"},"img":{"alt_text":"PU Roller Shutter Door Roll Forming Machine","src":"https:\/\/i0.wp.com\/believeindustry.company\/wp-content\/uploads\/2019\/04\/PU-Roller-Shutter-Door-Roll-Forming-Machine.jpg?resize=350%2C200&ssl=1","width":350,"height":200,"srcset":"https:\/\/i0.wp.com\/believeindustry.company\/wp-content\/uploads\/2019\/04\/PU-Roller-Shutter-Door-Roll-Forming-Machine.jpg?resize=350%2C200&ssl=1 1x, https:\/\/i0.wp.com\/believeindustry.company\/wp-content\/uploads\/2019\/04\/PU-Roller-Shutter-Door-Roll-Forming-Machine.jpg?resize=525%2C300&ssl=1 1.5x, https:\/\/i0.wp.com\/believeindustry.company\/wp-content\/uploads\/2019\/04\/PU-Roller-Shutter-Door-Roll-Forming-Machine.jpg?resize=700%2C400&ssl=1 2x, https:\/\/i0.wp.com\/believeindustry.company\/wp-content\/uploads\/2019\/04\/PU-Roller-Shutter-Door-Roll-Forming-Machine.jpg?resize=1050%2C600&ssl=1 3x"},"classes":[]},{"id":888,"url":"https:\/\/believeindustry.company\/es\/roll-forming-machine\/steel-door-roll-forming-machine\/roller-shutter-door-track-roll-forming-machine\/","url_meta":{"origin":814,"position":1},"title":"M\u00e1quina formadora de rieles para puertas enrollables","author":"Believe Industry Group","date":"abril 4, 2018","format":false,"excerpt":"Roller Shutter Door Track Roll Forming Machine is for producing rolling shutter track rail for raising and lowering the doors Introduction of Roller Shutter Door Track Roll Forming Machine What's Rolling Shutter Door Track? Curved roller shutter door track for Roller-Up door and garage door The Roller Shutter Track Rail\u2026","rel":"","context":"En \u00abdoor lines\u00bb","block_context":{"text":"door lines","link":"https:\/\/believeindustry.company\/es\/tag\/door-lines\/"},"img":{"alt_text":"door track roll forming machine","src":"https:\/\/i0.wp.com\/believeindustry.company\/wp-content\/uploads\/2018\/04\/door-track-roll-forming-machine-1-e1522828125688.jpg?resize=350%2C200&ssl=1","width":350,"height":200,"srcset":"https:\/\/i0.wp.com\/believeindustry.company\/wp-content\/uploads\/2018\/04\/door-track-roll-forming-machine-1-e1522828125688.jpg?resize=350%2C200&ssl=1 1x, https:\/\/i0.wp.com\/believeindustry.company\/wp-content\/uploads\/2018\/04\/door-track-roll-forming-machine-1-e1522828125688.jpg?resize=525%2C300&ssl=1 1.5x, https:\/\/i0.wp.com\/believeindustry.company\/wp-content\/uploads\/2018\/04\/door-track-roll-forming-machine-1-e1522828125688.jpg?resize=700%2C400&ssl=1 2x"},"classes":[]},{"id":1715,"url":"https:\/\/believeindustry.company\/es\/video\/steel-door-roll-forming-machine-video\/","url_meta":{"origin":814,"position":2},"title":"V\u00eddeo de la m\u00e1quina perfiladora de puertas de acero","author":"Believe Industry Group","date":"mayo 10, 2018","format":false,"excerpt":"Steel Door Roll Forming Machine Video will help you to know how the roll forming machine working, and how to operate the steel door machines. Believe Industry Company have a full range of roll forming machines for door components: rolling shutter door slats, door tracks, door frames, garage door panels,\u2026","rel":"","context":"En \u00abRoll Forming Machine Video\u00bb","block_context":{"text":"Roll Forming Machine Video","link":"https:\/\/believeindustry.company\/es\/tag\/roll-forming-machine-video\/"},"img":{"alt_text":"steel door roll forming machine video","src":"https:\/\/i0.wp.com\/believeindustry.company\/wp-content\/uploads\/2018\/05\/Industrial-Roller-Shutter.jpg?resize=350%2C200&ssl=1","width":350,"height":200,"srcset":"https:\/\/i0.wp.com\/believeindustry.company\/wp-content\/uploads\/2018\/05\/Industrial-Roller-Shutter.jpg?resize=350%2C200&ssl=1 1x, https:\/\/i0.wp.com\/believeindustry.company\/wp-content\/uploads\/2018\/05\/Industrial-Roller-Shutter.jpg?resize=525%2C300&ssl=1 1.5x, https:\/\/i0.wp.com\/believeindustry.company\/wp-content\/uploads\/2018\/05\/Industrial-Roller-Shutter.jpg?resize=700%2C400&ssl=1 2x, https:\/\/i0.wp.com\/believeindustry.company\/wp-content\/uploads\/2018\/05\/Industrial-Roller-Shutter.jpg?resize=1050%2C600&ssl=1 3x"},"classes":[]},{"id":809,"url":"https:\/\/believeindustry.company\/es\/roll-forming-machine\/steel-door-roll-forming-machine\/","url_meta":{"origin":814,"position":3},"title":"M\u00e1quina perfiladora de puertas de acero","author":"Believe Industry Group","date":"abril 1, 2018","format":false,"excerpt":"Nowadays, Steel Doors are widely used in \u00a0architecture. \u00a0BELI have the full range of roll forming machines for Security Door System, Garage Door System, Roller Shutter System. \u00a0We also have a professional\u00a0team to design and manufacturer customized profiles for steel doors.","rel":"","context":"En \u00abbelieve industry machine\u00bb","block_context":{"text":"believe industry machine","link":"https:\/\/believeindustry.company\/es\/tag\/believe-industry-machine\/"},"img":{"alt_text":"Industrial-Roller-Shutter door","src":"https:\/\/i0.wp.com\/believeindustry.company\/wp-content\/uploads\/2018\/04\/Industrial-Roller-Shutter.jpg?resize=350%2C200&ssl=1","width":350,"height":200,"srcset":"https:\/\/i0.wp.com\/believeindustry.company\/wp-content\/uploads\/2018\/04\/Industrial-Roller-Shutter.jpg?resize=350%2C200&ssl=1 1x, https:\/\/i0.wp.com\/believeindustry.company\/wp-content\/uploads\/2018\/04\/Industrial-Roller-Shutter.jpg?resize=525%2C300&ssl=1 1.5x, https:\/\/i0.wp.com\/believeindustry.company\/wp-content\/uploads\/2018\/04\/Industrial-Roller-Shutter.jpg?resize=700%2C400&ssl=1 2x, https:\/\/i0.wp.com\/believeindustry.company\/wp-content\/uploads\/2018\/04\/Industrial-Roller-Shutter.jpg?resize=1050%2C600&ssl=1 3x"},"classes":[]},{"id":577,"url":"https:\/\/believeindustry.company\/es\/roll-forming-machine\/","url_meta":{"origin":814,"position":4},"title":"M\u00e1quina perfiladora de rodillos","author":"Believe Industry Group","date":"marzo 22, 2018","format":false,"excerpt":"As a premier manufacturer and exporter of machinery from Wuxi, China, Beli RollForming specializes in designing and building a vast range of high-performance roll forming machines for various global industries.Beli RollForming's Roll Forming Machines are advanced, continuous production systems that transform flat metal coils (steel, aluminum, etc.) into precise, long-length\u2026","rel":"","context":"En \u00abCoil Roll Forming Machine\u00bb","block_context":{"text":"Coil Roll Forming Machine","link":"https:\/\/believeindustry.company\/es\/tag\/coil-roll-forming-machine\/"},"img":{"alt_text":"roll forming mills","src":"https:\/\/i0.wp.com\/believeindustry.company\/wp-content\/uploads\/2018\/03\/roll-forming-mills-e1522722506357.jpg?resize=350%2C200&ssl=1","width":350,"height":200,"srcset":"https:\/\/i0.wp.com\/believeindustry.company\/wp-content\/uploads\/2018\/03\/roll-forming-mills-e1522722506357.jpg?resize=350%2C200&ssl=1 1x, https:\/\/i0.wp.com\/believeindustry.company\/wp-content\/uploads\/2018\/03\/roll-forming-mills-e1522722506357.jpg?resize=525%2C300&ssl=1 1.5x, https:\/\/i0.wp.com\/believeindustry.company\/wp-content\/uploads\/2018\/03\/roll-forming-mills-e1522722506357.jpg?resize=700%2C400&ssl=1 2x, https:\/\/i0.wp.com\/believeindustry.company\/wp-content\/uploads\/2018\/03\/roll-forming-mills-e1522722506357.jpg?resize=1050%2C600&ssl=1 3x"},"classes":[]},{"id":979,"url":"https:\/\/believeindustry.company\/es\/roll-forming-machine\/steel-door-roll-forming-machine\/steel-door-frame-roll-forming-machine\/","url_meta":{"origin":814,"position":5},"title":"M\u00e1quina perfiladora de marcos de puertas de acero","author":"Believe Industry Group","date":"mayo 23, 2018","format":false,"excerpt":"Una m\u00e1quina perfiladora de marcos de puertas de acero sirve para producir marcos de puertas en las dimensiones deseadas. Cuenta con perforaciones y muescas multifuncionales para el plegado del marco. Los marcos de puertas de acero son ligeros, robustos y est\u00e1n fabricados en acero galvanizado con un espesor de\u2026","rel":"","context":"En \u00abCompany News\u00bb","block_context":{"text":"Company News","link":"https:\/\/believeindustry.company\/es\/category\/company-news\/"},"img":{"alt_text":"door frame roll forming machine","src":"https:\/\/i0.wp.com\/believeindustry.company\/wp-content\/uploads\/2018\/06\/door-frame-roll-forming-machine.jpg?resize=350%2C200&ssl=1","width":350,"height":200,"srcset":"https:\/\/i0.wp.com\/believeindustry.company\/wp-content\/uploads\/2018\/06\/door-frame-roll-forming-machine.jpg?resize=350%2C200&ssl=1 1x, https:\/\/i0.wp.com\/believeindustry.company\/wp-content\/uploads\/2018\/06\/door-frame-roll-forming-machine.jpg?resize=525%2C300&ssl=1 1.5x, https:\/\/i0.wp.com\/believeindustry.company\/wp-content\/uploads\/2018\/06\/door-frame-roll-forming-machine.jpg?resize=700%2C400&ssl=1 2x, https:\/\/i0.wp.com\/believeindustry.company\/wp-content\/uploads\/2018\/06\/door-frame-roll-forming-machine.jpg?resize=1050%2C600&ssl=1 3x, https:\/\/i0.wp.com\/believeindustry.company\/wp-content\/uploads\/2018\/06\/door-frame-roll-forming-machine.jpg?resize=1400%2C800&ssl=1 4x"},"classes":[]}],"amp_enabled":true,"_links":{"self":[{"href":"https:\/\/believeindustry.company\/es\/wp-json\/wp\/v2\/pages\/814","targetHints":{"allow":["GET"]}}],"collection":[{"href":"https:\/\/believeindustry.company\/es\/wp-json\/wp\/v2\/pages"}],"about":[{"href":"https:\/\/believeindustry.company\/es\/wp-json\/wp\/v2\/types\/page"}],"author":[{"embeddable":true,"href":"https:\/\/believeindustry.company\/es\/wp-json\/wp\/v2\/users\/2"}],"replies":[{"embeddable":true,"href":"https:\/\/believeindustry.company\/es\/wp-json\/wp\/v2\/comments?post=814"}],"version-history":[{"count":1,"href":"https:\/\/believeindustry.company\/es\/wp-json\/wp\/v2\/pages\/814\/revisions"}],"predecessor-version":[{"id":19735,"href":"https:\/\/believeindustry.company\/es\/wp-json\/wp\/v2\/pages\/814\/revisions\/19735"}],"up":[{"embeddable":true,"href":"https:\/\/believeindustry.company\/es\/wp-json\/wp\/v2\/pages\/809"}],"wp:featuredmedia":[{"embeddable":true,"href":"https:\/\/believeindustry.company\/es\/wp-json\/wp\/v2\/media\/821"}],"wp:attachment":[{"href":"https:\/\/believeindustry.company\/es\/wp-json\/wp\/v2\/media?parent=814"}],"wp:term":[{"taxonomy":"post_tag","embeddable":true,"href":"https:\/\/believeindustry.company\/es\/wp-json\/wp\/v2\/tags?post=814"}],"curies":[{"name":"wp","href":"https:\/\/api.w.org\/{rel}","templated":true}]}}