{"id":8190,"date":"2021-12-07T10:32:50","date_gmt":"2021-12-07T02:32:50","guid":{"rendered":"https:\/\/believeindustry.company\/?page_id=8190"},"modified":"2025-12-05T15:39:31","modified_gmt":"2025-12-05T07:39:31","slug":"maquina-perfiladora-de-vigas-p-para-estanterias-de-palets","status":"publish","type":"page","link":"https:\/\/believeindustry.company\/es\/roll-forming-machine\/pallet-racking-roll-forming-machine\/pallet-racking-p-beam-roll-forming-machine\/","title":{"rendered":"M\u00e1quina formadora de vigas P para estanter\u00edas de paletas"},"content":{"rendered":"<div id=\"wp-block-themeisle-blocks-advanced-columns-5e44edcf\" class=\"wp-block-themeisle-blocks-advanced-columns has-1-columns has-desktop-equal-layout has-tablet-equal-layout has-mobile-equal-layout has-vertical-unset has-default-gap\"><div class=\"wp-block-themeisle-blocks-advanced-columns-overlay\"><\/div><div class=\"innerblocks-wrap\">\n<div id=\"wp-block-themeisle-blocks-advanced-column-f3a0b2d0\" class=\"wp-block-themeisle-blocks-advanced-column\">\n<p>La perfiladora de vigas P para estanter\u00edas de palets produce vigas P de diversas dimensiones para sistemas de almacenamiento pesado. Believe Industry Company puede producir vigas P de 2,5\u2033 a 6\u2033 con ajuste autom\u00e1tico.<\/p>\n\n\n\n<h2 class=\"wp-block-heading\" id=\"h-p-beam-roll-forming-machine-specifications\">Especificaciones de la m\u00e1quina perfiladora de vigas P<\/h2>\n\n\n\n<h3 class=\"wp-block-heading\" id=\"h-machine-photo\">Foto de la m\u00e1quina<\/h3>\n\n\n\n<figure class=\"wp-block-image size-large\"><img fetchpriority=\"high\" decoding=\"async\" width=\"1024\" height=\"768\" data-attachment-id=\"8193\" data-permalink=\"https:\/\/believeindustry.company\/es\/roll-forming-machine\/pallet-racking-roll-forming-machine\/pallet-racking-p-beam-roll-forming-machine\/pallet-racking-p-beam-roll-forming-machine\/\" data-orig-file=\"https:\/\/believeindustry.company\/wp-content\/uploads\/2021\/12\/Pallet-Racking-P-Beam-Roll-Forming-Machine.jpg\" data-orig-size=\"1149,862\" data-comments-opened=\"1\" data-image-meta=\"{&quot;aperture&quot;:&quot;0&quot;,&quot;credit&quot;:&quot;&quot;,&quot;camera&quot;:&quot;&quot;,&quot;caption&quot;:&quot;&quot;,&quot;created_timestamp&quot;:&quot;0&quot;,&quot;copyright&quot;:&quot;&quot;,&quot;focal_length&quot;:&quot;0&quot;,&quot;iso&quot;:&quot;0&quot;,&quot;shutter_speed&quot;:&quot;0&quot;,&quot;title&quot;:&quot;&quot;,&quot;orientation&quot;:&quot;0&quot;}\" data-image-title=\"Pallet-Racking-P-Beam-Roll-Forming-Machine\" data-image-description=\"&lt;p&gt;pallet racking p beam roll forming machine&lt;\/p&gt;\" data-image-caption=\"&lt;p&gt;pallet racking p beam roll forming machine&lt;\/p&gt;\" data-medium-file=\"https:\/\/believeindustry.company\/wp-content\/uploads\/2021\/12\/Pallet-Racking-P-Beam-Roll-Forming-Machine-300x225.jpg\" data-large-file=\"https:\/\/believeindustry.company\/wp-content\/uploads\/2021\/12\/Pallet-Racking-P-Beam-Roll-Forming-Machine-1024x768.jpg\" src=\"https:\/\/believeindustry.company\/wp-content\/uploads\/2021\/12\/Pallet-Racking-P-Beam-Roll-Forming-Machine-1024x768.jpg\" alt=\"M\u00e1quina perfiladora de vigas P para estanter\u00edas de palets\" class=\"wp-image-8193\" srcset=\"https:\/\/believeindustry.company\/wp-content\/uploads\/2021\/12\/Pallet-Racking-P-Beam-Roll-Forming-Machine-1024x768.jpg 1024w, https:\/\/believeindustry.company\/wp-content\/uploads\/2021\/12\/Pallet-Racking-P-Beam-Roll-Forming-Machine-600x450.jpg?crop=1 600w, https:\/\/believeindustry.company\/wp-content\/uploads\/2021\/12\/Pallet-Racking-P-Beam-Roll-Forming-Machine-300x225.jpg 300w, https:\/\/believeindustry.company\/wp-content\/uploads\/2021\/12\/Pallet-Racking-P-Beam-Roll-Forming-Machine-768x576.jpg 768w, https:\/\/believeindustry.company\/wp-content\/uploads\/2021\/12\/Pallet-Racking-P-Beam-Roll-Forming-Machine.jpg 1149w\" sizes=\"(max-width: 1024px) 100vw, 1024px\" \/><figcaption class=\"wp-element-caption\">M\u00e1quina perfiladora de vigas P para estanter\u00edas de palets<\/figcaption><\/figure>\n\n\n\n<h3 class=\"wp-block-heading\" id=\"h-p-beam-drawings-and-dimensions\">Dibujos y dimensiones de vigas P<\/h3>\n\n\n\n<figure class=\"wp-block-image size-full is-resized\"><img decoding=\"async\" data-attachment-id=\"8198\" data-permalink=\"https:\/\/believeindustry.company\/es\/roll-forming-machine\/pallet-racking-roll-forming-machine\/pallet-racking-p-beam-roll-forming-machine\/p-beam-drawings-and-dimensions\/\" data-orig-file=\"https:\/\/believeindustry.company\/wp-content\/uploads\/2021\/12\/P-Beam-Drawings-and-Dimensions.jpg\" data-orig-size=\"616,765\" data-comments-opened=\"1\" data-image-meta=\"{&quot;aperture&quot;:&quot;0&quot;,&quot;credit&quot;:&quot;&quot;,&quot;camera&quot;:&quot;&quot;,&quot;caption&quot;:&quot;&quot;,&quot;created_timestamp&quot;:&quot;0&quot;,&quot;copyright&quot;:&quot;&quot;,&quot;focal_length&quot;:&quot;0&quot;,&quot;iso&quot;:&quot;0&quot;,&quot;shutter_speed&quot;:&quot;0&quot;,&quot;title&quot;:&quot;&quot;,&quot;orientation&quot;:&quot;0&quot;}\" data-image-title=\"P-Beam-Drawings-and-Dimensions\" data-image-description=\"\" data-image-caption=\"\" data-medium-file=\"https:\/\/believeindustry.company\/wp-content\/uploads\/2021\/12\/P-Beam-Drawings-and-Dimensions-242x300.jpg\" data-large-file=\"https:\/\/believeindustry.company\/wp-content\/uploads\/2021\/12\/P-Beam-Drawings-and-Dimensions.jpg\" src=\"https:\/\/believeindustry.company\/wp-content\/uploads\/2021\/12\/P-Beam-Drawings-and-Dimensions.jpg\" alt=\"Dibujos y dimensiones de vigas P\" class=\"wp-image-8198\" width=\"680\" height=\"845\" srcset=\"https:\/\/believeindustry.company\/wp-content\/uploads\/2021\/12\/P-Beam-Drawings-and-Dimensions.jpg 616w, https:\/\/believeindustry.company\/wp-content\/uploads\/2021\/12\/P-Beam-Drawings-and-Dimensions-600x745.jpg 600w, https:\/\/believeindustry.company\/wp-content\/uploads\/2021\/12\/P-Beam-Drawings-and-Dimensions-242x300.jpg 242w\" sizes=\"(max-width: 680px) 100vw, 680px\" \/><figcaption><\/figcaption><\/figure>\n\n\n\n<h3 class=\"wp-block-heading\" id=\"h-machine-layout\">Disposici\u00f3n de la m\u00e1quina<\/h3>\n\n\n\n<figure class=\"wp-block-image size-large is-style-default\"><img decoding=\"async\" width=\"1024\" height=\"321\" data-attachment-id=\"8196\" data-permalink=\"https:\/\/believeindustry.company\/es\/roll-forming-machine\/pallet-racking-roll-forming-machine\/pallet-racking-p-beam-roll-forming-machine\/p-beam-machine-layout\/\" data-orig-file=\"https:\/\/believeindustry.company\/wp-content\/uploads\/2021\/12\/P-Beam-Machine-Layout.jpg\" data-orig-size=\"1467,460\" data-comments-opened=\"1\" data-image-meta=\"{&quot;aperture&quot;:&quot;0&quot;,&quot;credit&quot;:&quot;&quot;,&quot;camera&quot;:&quot;&quot;,&quot;caption&quot;:&quot;&quot;,&quot;created_timestamp&quot;:&quot;0&quot;,&quot;copyright&quot;:&quot;&quot;,&quot;focal_length&quot;:&quot;0&quot;,&quot;iso&quot;:&quot;0&quot;,&quot;shutter_speed&quot;:&quot;0&quot;,&quot;title&quot;:&quot;&quot;,&quot;orientation&quot;:&quot;0&quot;}\" data-image-title=\"P-Beam-Machine-Layout\" data-image-description=\"\" data-image-caption=\"\" data-medium-file=\"https:\/\/believeindustry.company\/wp-content\/uploads\/2021\/12\/P-Beam-Machine-Layout-300x94.jpg\" data-large-file=\"https:\/\/believeindustry.company\/wp-content\/uploads\/2021\/12\/P-Beam-Machine-Layout-1024x321.jpg\" src=\"https:\/\/believeindustry.company\/wp-content\/uploads\/2021\/12\/P-Beam-Machine-Layout-1024x321.jpg\" alt=\"M\u00e1quina perfiladora de vigas P para estanter\u00edas de palets\" class=\"wp-image-8196\" srcset=\"https:\/\/believeindustry.company\/wp-content\/uploads\/2021\/12\/P-Beam-Machine-Layout-1024x321.jpg 1024w, https:\/\/believeindustry.company\/wp-content\/uploads\/2021\/12\/P-Beam-Machine-Layout-600x188.jpg 600w, https:\/\/believeindustry.company\/wp-content\/uploads\/2021\/12\/P-Beam-Machine-Layout-300x94.jpg 300w, https:\/\/believeindustry.company\/wp-content\/uploads\/2021\/12\/P-Beam-Machine-Layout-768x241.jpg 768w, https:\/\/believeindustry.company\/wp-content\/uploads\/2021\/12\/P-Beam-Machine-Layout.jpg 1467w\" sizes=\"(max-width: 1024px) 100vw, 1024px\" \/><figcaption class=\"wp-element-caption\">Desenrollado-Alimentaci\u00f3n y guiado- Nivelaci\u00f3n- Perfilado- Soldadura-Enderezamiento- Corte- Recogida<\/figcaption><\/figure>\n\n\n\n<h3 class=\"wp-block-heading\" id=\"h-machine-components\">Componentes de la m\u00e1quina<\/h3>\n\n\n\n<ol class=\"wp-block-list\">\n<li>Desenrollador hidr\u00e1ulico de 5 toneladas<\/li>\n\n\n\n<li>Conformado de rodillos\n<ol class=\"wp-block-list\">\n<li>Alimentador y gu\u00eda<\/li>\n\n\n\n<li>Roll Ex<\/li>\n\n\n\n<li>Soldador con seguimiento servo<\/li>\n\n\n\n<li>Dispositivo de corte con sierra<\/li>\n<\/ol>\n<\/li>\n\n\n\n<li>Controlador<\/li>\n\n\n\n<li>Estaciones hidr\u00e1ulicas<\/li>\n\n\n\n<li>Tabla de colecci\u00f3n<\/li>\n<\/ol>\n\n\n\n<h3 class=\"wp-block-heading\" id=\"h-brief-technical-pamaters-of-p-beam-machine\">Breves caracter\u00edsticas t\u00e9cnicas de la m\u00e1quina de vigas P<\/h3>\n\n\n\n<ul class=\"wp-block-list\">\n<li>Desenrollador hidr\u00e1ulico de 5 toneladas\n<ol class=\"wp-block-list\">\n<li>Expansi\u00f3n hidr\u00e1ulica, desenrollado el\u00e9ctrico<\/li>\n\n\n\n<li>Montado con brazo de prensa para evitar que la bobina se desenrolle demasiado.<\/li>\n\n\n\n<li>Ancho de bobina de carga: M\u00e1x. 600 mm<\/li>\n\n\n\n<li>Peso de la bobina de carga: M\u00e1x. 5000 kg<\/li>\n\n\n\n<li>Potencia de desenrollado: 4 KW<\/li>\n\n\n\n<li>Potencia hidr\u00e1ulica: 1,5 KW<\/li>\n<\/ol>\n<\/li>\n\n\n\n<li>M\u00e1quina perfiladora de rodillos\n<ol class=\"wp-block-list\">\n<li>Soportes de fundici\u00f3n de hierro, transmisi\u00f3n de caja de cambios<\/li>\n\n\n\n<li>Ajuste autom\u00e1tico<\/li>\n\n\n\n<li>Rodamiento NSk<\/li>\n\n\n\n<li>2 juegos de soldador y dise\u00f1o de seguimiento para aumentar la velocidad de la l\u00ednea<\/li>\n\n\n\n<li>24 etapas de conformado con rodillos laterales<\/li>\n\n\n\n<li>Potencia del motor de 30 KW<\/li>\n\n\n\n<li>2 juegos de servomotores para seguimiento de soldadura y corte<\/li>\n\n\n\n<li>Velocidad de l\u00ednea: 8-10 m\/min<\/li>\n\n\n\n<li>Montado con dispositivo de enderezamiento para garantizar la calidad del producto.<\/li>\n<\/ol>\n<\/li>\n\n\n\n<li>Controlador\n<ol class=\"wp-block-list\">\n<li>Los usuarios ingresan la longitud, la cantidad y la ubicaci\u00f3n de los agujeros a trav\u00e9s de la pantalla t\u00e1ctil, la pantalla t\u00e1ctil mostrar\u00e1 el estado de funcionamiento de la m\u00e1quina. <\/li>\n\n\n\n<li>Y la m\u00e1quina comenzar\u00e1 a funcionar autom\u00e1ticamente y se detendr\u00e1 despu\u00e9s de completar el programa.<\/li>\n\n\n\n<li>Todas las conexiones adoptan enchufes de aviaci\u00f3n.<\/li>\n\n\n\n<li>PLC Siemens y pantalla t\u00e1ctil<\/li>\n\n\n\n<li>Codificador Koyo<\/li>\n\n\n\n<li>Inversor Yaskawa<\/li>\n<\/ol>\n<\/li>\n\n\n\n<li>Estaci\u00f3n hidr\u00e1ulica\n<ol class=\"wp-block-list\">\n<li>Suministro de energ\u00eda para el movimiento del desenrollador y del corte de la sierra.<\/li>\n\n\n\n<li>Potencia: 1,5 Kw para desenrollador y 2,2 KW para corte con sierra<\/li>\n\n\n\n<li>Presi\u00f3n: 10 Mpa<\/li>\n\n\n\n<li>Aceite hidr\u00e1ulico: 46 #<\/li>\n<\/ol>\n<\/li>\n<\/ul>\n\n\n\n<p>Believe Industry Company dispone de una gama completa de m\u00e1quinas perfiladoras para sistemas de estanter\u00edas para palets. Por ejemplo: <a href=\"https:\/\/believeindustry.company\/es\/maquina-perfiladora-de-rodillos\/maquina-perfiladora-de-estanterias-para-palets\/maquina-formadora-de-rollos-de-bastidor-vertical\/\">M\u00e1quina de estanter\u00eda vertical<\/a>, <a href=\"https:\/\/believeindustry.company\/es\/maquina-perfiladora-de-rodillos\/maquina-perfiladora-de-estanterias-para-palets\/maquina-formadora-de-perfiles-de-vigas-de-seccion-rectangular-con-sistema-de-estanterias\/\">M\u00e1quina de viga de caja<\/a>, <a href=\"https:\/\/believeindustry.company\/es\/maquina-perfiladora-de-rodillos\/maquina-perfiladora-de-estanterias-para-palets\/maquina-formadora-de-rollos-para-paneles-de-estanterias-de-supermercado\/\">M\u00e1quina para paneles de estanter\u00edas<\/a>, etc. <a href=\"mailto:darren@believeindustry.com\">Env\u00edanos un correo electr\u00f3nico<\/a> o <a href=\"https:\/\/wa.me\/message\/CSFMTO4TIOICN1\" target=\"_blank\" rel=\"noopener\">Cont\u00e1ctanos por WhatsApp <\/a>Ahora, para obtener m\u00e1s informaci\u00f3n.<\/p>\n<\/div>\n<\/div><\/div>","protected":false},"excerpt":{"rendered":"Pallet Racking P Beam Roll Forming Machine is for producing various dimensions of P beams for Heavy Storaging System. Believe Industry Company Machine is able to produce 2.5\" to 6\" P beams with automatically adjustment. P Beam Roll Forming Machine Specifications Machine Photo pallet racking p beam roll forming machine P Beam Drawings and Dimensions [...]","protected":false},"author":2,"featured_media":8193,"parent":1068,"menu_order":0,"comment_status":"closed","ping_status":"closed","template":"","meta":{"_angie_page":false,"jetpack_post_was_ever_published":false,"footnotes":"","big_sky_generated":false},"tags":[607849631],"class_list":["post-8190","page","type-page","status-publish","has-post-thumbnail","hentry","tag-storage-lines"],"blocksy_meta":[],"jetpack_sharing_enabled":true,"jetpack_shortlink":"https:\/\/wp.me\/P9K5n8-286","jetpack_likes_enabled":false,"jetpack-related-posts":[{"id":1068,"url":"https:\/\/believeindustry.company\/es\/roll-forming-machine\/pallet-racking-roll-forming-machine\/","url_meta":{"origin":8190,"position":0},"title":"M\u00e1quina formadora de rodillos para estanter\u00edas de palets","author":"Believe Industry Group","date":"abril 10, 2018","format":false,"excerpt":"Pallet Racking Roll Forming Machine (s) is developed to produce Upright Racks, Box Beams, Shelf Panels. Which are components of Pallet Racking SystemsPallet Racking is a handling storage system designed to store materials\/goods on pallets. Although there are many kinds of pallet racking, all types allow for the storage of\u2026","rel":"","context":"En \u00abbelieve industry machine\u00bb","block_context":{"text":"believe industry machine","link":"https:\/\/believeindustry.company\/es\/tag\/believe-industry-machine\/"},"img":{"alt_text":"Pallet racking","src":"https:\/\/i0.wp.com\/believeindustry.company\/wp-content\/uploads\/2018\/04\/Pallet-racking-e1523353703177.jpg?resize=350%2C200&ssl=1","width":350,"height":200,"srcset":"https:\/\/i0.wp.com\/believeindustry.company\/wp-content\/uploads\/2018\/04\/Pallet-racking-e1523353703177.jpg?resize=350%2C200&ssl=1 1x, https:\/\/i0.wp.com\/believeindustry.company\/wp-content\/uploads\/2018\/04\/Pallet-racking-e1523353703177.jpg?resize=525%2C300&ssl=1 1.5x, https:\/\/i0.wp.com\/believeindustry.company\/wp-content\/uploads\/2018\/04\/Pallet-racking-e1523353703177.jpg?resize=700%2C400&ssl=1 2x"},"classes":[]},{"id":3307,"url":"https:\/\/believeindustry.company\/es\/roll-forming-machine\/pallet-racking-roll-forming-machine\/new-design-box-beam-roll-forming-machine\/","url_meta":{"origin":8190,"position":1},"title":"Nueva m\u00e1quina perfiladora de perfiles de secci\u00f3n rectangular integrada de dise\u00f1o nuevo","author":"Believe Industry Group","date":"noviembre 13, 2018","format":false,"excerpt":"New design integrated box beam machine is designed to produce box beams and no need an extra box beam seaming machine. It wills save material and labor cost. What's Box Beam? As we know,\u00a0Box beams\u00a0have no inset step, instead have four flat sides like a box. All load beams typically\u2026","rel":"","context":"En \u00abBox Beam Machine\u00bb","block_context":{"text":"Box Beam Machine","link":"https:\/\/believeindustry.company\/es\/tag\/box-beam-machine\/"},"img":{"alt_text":"new design box beam machine","src":"https:\/\/i0.wp.com\/believeindustry.company\/wp-content\/uploads\/2020\/03\/new-design-box-beam-machine.jpg?resize=350%2C200&ssl=1","width":350,"height":200,"srcset":"https:\/\/i0.wp.com\/believeindustry.company\/wp-content\/uploads\/2020\/03\/new-design-box-beam-machine.jpg?resize=350%2C200&ssl=1 1x, https:\/\/i0.wp.com\/believeindustry.company\/wp-content\/uploads\/2020\/03\/new-design-box-beam-machine.jpg?resize=525%2C300&ssl=1 1.5x, https:\/\/i0.wp.com\/believeindustry.company\/wp-content\/uploads\/2020\/03\/new-design-box-beam-machine.jpg?resize=700%2C400&ssl=1 2x, https:\/\/i0.wp.com\/believeindustry.company\/wp-content\/uploads\/2020\/03\/new-design-box-beam-machine.jpg?resize=1050%2C600&ssl=1 3x, https:\/\/i0.wp.com\/believeindustry.company\/wp-content\/uploads\/2020\/03\/new-design-box-beam-machine.jpg?resize=1400%2C800&ssl=1 4x"},"classes":[]},{"id":10025,"url":"https:\/\/believeindustry.company\/es\/roll-forming-machine\/pallet-racking-roll-forming-machine\/step-beam-roll-forming-machine\/","url_meta":{"origin":8190,"position":2},"title":"M\u00e1quina formadora de rodillos de viga escalonada","author":"Believe Industry Group","date":"febrero 22, 2024","format":false,"excerpt":"Describtion Step Beam Roll Forming Machine is to producing Steps Beams with various dimensions. Believe Industry Company have different solutions of machines for step beams: Transmission\uff1a Chain or Gear Box Welding Way: Spot welded or Laser contunuous Welded Speed: 1-2m\/min or 6-8m\/min Step Beam Roll Forming Machine Layout Step Beam\u2026","rel":"","context":"En \u00abRoll Forming Machine\u00bb","block_context":{"text":"Roll Forming Machine","link":"https:\/\/believeindustry.company\/es\/tag\/roll-forming-machine\/"},"img":{"alt_text":"step beam roll forming machine","src":"https:\/\/i0.wp.com\/believeindustry.company\/wp-content\/uploads\/2024\/02\/step-beam-roll-forming-machine.jpg?resize=350%2C200&ssl=1","width":350,"height":200,"srcset":"https:\/\/i0.wp.com\/believeindustry.company\/wp-content\/uploads\/2024\/02\/step-beam-roll-forming-machine.jpg?resize=350%2C200&ssl=1 1x, https:\/\/i0.wp.com\/believeindustry.company\/wp-content\/uploads\/2024\/02\/step-beam-roll-forming-machine.jpg?resize=525%2C300&ssl=1 1.5x, https:\/\/i0.wp.com\/believeindustry.company\/wp-content\/uploads\/2024\/02\/step-beam-roll-forming-machine.jpg?resize=700%2C400&ssl=1 2x, https:\/\/i0.wp.com\/believeindustry.company\/wp-content\/uploads\/2024\/02\/step-beam-roll-forming-machine.jpg?resize=1050%2C600&ssl=1 3x"},"classes":[]},{"id":2371,"url":"https:\/\/believeindustry.company\/es\/roll-forming-machine\/pallet-racking-roll-forming-machine\/racking-system-box-beam-roll-forming-machine\/","url_meta":{"origin":8190,"position":3},"title":"M\u00e1quina formadora de perfiles de vigas caj\u00f3n con sistema de estanter\u00edas","author":"Believe Industry Group","date":"junio 26, 2018","format":false,"excerpt":"Racking System Box Beam Roll Forming Machine\u00a0is designed to produce various sizes of box beams as buyer\u2019s requirements. The Thickness is 0.8-2.0mm. What\u2019s Box Beam? Box beams\u00a0have no inset step, instead have four flat sides like a box. All load beams typically mount onto an upright frame column with integral\u2026","rel":"","context":"En \u00abBox Beam Machine\u00bb","block_context":{"text":"Box Beam Machine","link":"https:\/\/believeindustry.company\/es\/tag\/box-beam-machine\/"},"img":{"alt_text":"box beam roll forming machine","src":"https:\/\/i0.wp.com\/believeindustry.company\/wp-content\/uploads\/2023\/05\/box-beam-roll-forming-machine-seaming-machine.jpg?resize=350%2C200&ssl=1","width":350,"height":200,"srcset":"https:\/\/i0.wp.com\/believeindustry.company\/wp-content\/uploads\/2023\/05\/box-beam-roll-forming-machine-seaming-machine.jpg?resize=350%2C200&ssl=1 1x, https:\/\/i0.wp.com\/believeindustry.company\/wp-content\/uploads\/2023\/05\/box-beam-roll-forming-machine-seaming-machine.jpg?resize=525%2C300&ssl=1 1.5x, https:\/\/i0.wp.com\/believeindustry.company\/wp-content\/uploads\/2023\/05\/box-beam-roll-forming-machine-seaming-machine.jpg?resize=700%2C400&ssl=1 2x, https:\/\/i0.wp.com\/believeindustry.company\/wp-content\/uploads\/2023\/05\/box-beam-roll-forming-machine-seaming-machine.jpg?resize=1050%2C600&ssl=1 3x"},"classes":[]},{"id":6962,"url":"https:\/\/believeindustry.company\/es\/roll-forming-machine\/pallet-racking-roll-forming-machine\/upright-rack-beam-automatic-welding-machine\/","url_meta":{"origin":8190,"position":4},"title":"M\u00e1quina de soldadura autom\u00e1tica con vigas de bastidor verticales","author":"Believe Industry Group","date":"agosto 21, 2019","format":false,"excerpt":"Upright Rack beam automatic welding machine is composed of rack, 6 sets pf NBC300 welding machines and delta brand PLC and touch screen, stepper motor, ball screw and linear guide rail. The machine can weld P beams and Box Beams with the width from 50-220 mm and height 40-70 mm.\u2026","rel":"","context":"Entrada similar","block_context":{"text":"Entrada similar","link":""},"img":{"alt_text":"cropped Upright Rack Beam Automatic Welding Machine","src":"https:\/\/i0.wp.com\/believeindustry.company\/wp-content\/uploads\/2019\/08\/cropped-Upright-Rack-Beam-Automatic-Welding-Machine.jpg?resize=350%2C200&ssl=1","width":350,"height":200,"srcset":"https:\/\/i0.wp.com\/believeindustry.company\/wp-content\/uploads\/2019\/08\/cropped-Upright-Rack-Beam-Automatic-Welding-Machine.jpg?resize=350%2C200&ssl=1 1x, https:\/\/i0.wp.com\/believeindustry.company\/wp-content\/uploads\/2019\/08\/cropped-Upright-Rack-Beam-Automatic-Welding-Machine.jpg?resize=525%2C300&ssl=1 1.5x"},"classes":[]},{"id":6977,"url":"https:\/\/believeindustry.company\/es\/roll-forming-machine\/pallet-racking-roll-forming-machine\/box-beam-welding-machine\/","url_meta":{"origin":8190,"position":5},"title":"M\u00e1quina de soldadura de vigas de secci\u00f3n rectangular","author":"Believe Industry Group","date":"septiembre 3, 2019","format":false,"excerpt":"Box Beam Welder Machine The Box Beam Welding machine is used to weld upright beam and connector together.It uses the NBC-300 CO2 gas welding transformer, the new PLC touch screen, digital output, operation is very easy. The 4 welding units are working at the same time, to weld the both\u2026","rel":"","context":"En \u00abstorage lines\u00bb","block_context":{"text":"storage lines","link":"https:\/\/believeindustry.company\/es\/tag\/storage-lines\/"},"img":{"alt_text":"box beam welding machine","src":"https:\/\/i0.wp.com\/believeindustry.company\/wp-content\/uploads\/2019\/09\/box-beam-welding-machine.png?resize=350%2C200&ssl=1","width":350,"height":200,"srcset":"https:\/\/i0.wp.com\/believeindustry.company\/wp-content\/uploads\/2019\/09\/box-beam-welding-machine.png?resize=350%2C200&ssl=1 1x, https:\/\/i0.wp.com\/believeindustry.company\/wp-content\/uploads\/2019\/09\/box-beam-welding-machine.png?resize=525%2C300&ssl=1 1.5x"},"classes":[]}],"amp_enabled":true,"_links":{"self":[{"href":"https:\/\/believeindustry.company\/es\/wp-json\/wp\/v2\/pages\/8190","targetHints":{"allow":["GET"]}}],"collection":[{"href":"https:\/\/believeindustry.company\/es\/wp-json\/wp\/v2\/pages"}],"about":[{"href":"https:\/\/believeindustry.company\/es\/wp-json\/wp\/v2\/types\/page"}],"author":[{"embeddable":true,"href":"https:\/\/believeindustry.company\/es\/wp-json\/wp\/v2\/users\/2"}],"replies":[{"embeddable":true,"href":"https:\/\/believeindustry.company\/es\/wp-json\/wp\/v2\/comments?post=8190"}],"version-history":[{"count":13,"href":"https:\/\/believeindustry.company\/es\/wp-json\/wp\/v2\/pages\/8190\/revisions"}],"predecessor-version":[{"id":19740,"href":"https:\/\/believeindustry.company\/es\/wp-json\/wp\/v2\/pages\/8190\/revisions\/19740"}],"up":[{"embeddable":true,"href":"https:\/\/believeindustry.company\/es\/wp-json\/wp\/v2\/pages\/1068"}],"wp:featuredmedia":[{"embeddable":true,"href":"https:\/\/believeindustry.company\/es\/wp-json\/wp\/v2\/media\/8193"}],"wp:attachment":[{"href":"https:\/\/believeindustry.company\/es\/wp-json\/wp\/v2\/media?parent=8190"}],"wp:term":[{"taxonomy":"post_tag","embeddable":true,"href":"https:\/\/believeindustry.company\/es\/wp-json\/wp\/v2\/tags?post=8190"}],"curies":[{"name":"wp","href":"https:\/\/api.w.org\/{rel}","templated":true}]}}