{"id":829,"date":"2018-04-01T14:23:19","date_gmt":"2018-04-01T06:23:19","guid":{"rendered":"https:\/\/believeindustry.company\/?page_id=829"},"modified":"2018-08-29T09:33:32","modified_gmt":"2018-08-29T01:33:32","slug":"maquinas-perfiladoras","status":"publish","type":"page","link":"https:\/\/believeindustry.company\/es\/roll-forming-machines\/","title":{"rendered":"C\u00f3mo funciona la m\u00e1quina perfiladora"},"content":{"rendered":"<div>Una m\u00e1quina perfiladora perfila los metales a temperatura ambiente mediante varias cajas de laminaci\u00f3n, donde rodillos fijos gu\u00edan el metal y realizan el perfilado necesario. A medida que la tira de metal pasa por las m\u00e1quinas perfiladoras, cada juego de rodillos perfila el metal un poco m\u00e1s que la estaci\u00f3n anterior.<\/div>\n<p><!--more--><\/p>\n<div><\/div>\n<div>Este m\u00e9todo progresivo de perfilado de metal garantiza la correcta obtenci\u00f3n del perfil transversal, manteniendo el \u00e1rea de la secci\u00f3n transversal de la pieza. Normalmente, con velocidades de entre 12 y 40 por minuto, las m\u00e1quinas perfiladoras son una excelente opci\u00f3n para fabricar grandes cantidades de piezas o piezas muy largas.<\/div>\n<div><\/div>\n<h6>Componentes de m\u00e1quinas perfiladoras<\/h6>\n<p>El \u00a0<a title=\"M\u00e1quina perfiladora de rodillos\" href=\"https:\/\/believeindustry.company\/es\/maquina-perfiladora-de-rodillos\/\" rel=\"\">m\u00e1quina perfiladora de rodillos<\/a> Es una l\u00ednea que consta de cuatro partes principales. La primera es la secci\u00f3n de carga (desenrollador), donde se carga el material en bobina, con una capacidad de carga de 1 a 15 toneladas. La siguiente parte, el laminador, es donde se realiza el laminado, donde se ubican las estaciones y donde el metal se moldea a medida que avanza en el proceso. El laminador de las m\u00e1quinas perfiladoras no solo moldea el metal, sino que tambi\u00e9n es la principal fuerza motriz de la m\u00e1quina. La siguiente parte de las m\u00e1quinas perfiladoras es el dispositivo de corte, donde el metal se corta a una longitud predeterminada. La \u00faltima parte es la mesa de recolecci\u00f3n, donde el producto sale de la m\u00e1quina hacia un transportador de rodillos o mesa, y se retira manualmente.<\/p>\n<h6><strong>Tolerancias de las m\u00e1quinas perfiladoras<\/strong><\/h6>\n<p>La variaci\u00f3n dimensional de una pieza creada mediante perfilado depende del tipo de materiales utilizados, los laminadores y la aplicaci\u00f3n real. Las tolerancias pueden verse afectadas por la variaci\u00f3n del espesor o ancho del metal, la recuperaci\u00f3n el\u00e1stica del material durante la producci\u00f3n, la calidad y el desgaste de las herramientas de perfilado, el estado real de la m\u00e1quina y la experiencia de los operarios.<br \/>\n<b><\/b><\/p>\n<p>Believe Industry \u00ae suministra una serie de m\u00e1quinas perfiladoras seg\u00fan perfiles personalizados.<\/p>","protected":false},"excerpt":{"rendered":"<p>A roll forming machine roll forming the metals at room temperature using a number of roll stands where fixed rollers both guide the metal and make the necessary roll forming. As the strip of metal goes through the roll forming machines, each set of rollers roll forming the metal a little more than the previous [&hellip;]<\/p>\n","protected":false},"author":2,"featured_media":836,"parent":0,"menu_order":0,"comment_status":"closed","ping_status":"closed","template":"","meta":{"_angie_page":false,"jetpack_post_was_ever_published":false,"footnotes":"","big_sky_generated":false},"tags":[607846622,607846023,607846180,607846388,607845740,607846390],"class_list":["post-829","page","type-page","status-publish","has-post-thumbnail","hentry","tag-how-roll-forming-machine-work","tag-roll-forming","tag-roll-forming-equipment","tag-roll-forming-line","tag-roll-forming-machine","tag-roll-forming-mill"],"blocksy_meta":[],"jetpack_sharing_enabled":true,"jetpack_shortlink":"https:\/\/wp.me\/P9K5n8-dn","jetpack_likes_enabled":false,"jetpack-related-posts":[{"id":2193,"url":"https:\/\/believeindustry.company\/es\/roll-forming-machine\/metal-sheet-roll-forming-machine\/metal-wall-panel-roll-forming-machine\/","url_meta":{"origin":829,"position":0},"title":"M\u00e1quina perfiladora de paneles met\u00e1licos para paredes","author":"Believe Industry Group","date":"junio 7, 2018","format":false,"excerpt":"Metal Wall Panel Roll Forming Machine is for producing wall panels automatically. The Machine can cutoff the wall panel profiles into desire length. Metal Wall Panel Roll Forming Machine Metal Wall Panel As we know, traditional wall panels is made by brick, which is\u00a0 composed of clay-bearing soil, sand, and\u2026","rel":"","context":"En \u00abCold Roll Forming Machine\u00bb","block_context":{"text":"Cold Roll Forming Machine","link":"https:\/\/believeindustry.company\/es\/tag\/cold-roll-forming-machine\/"},"img":{"alt_text":"metal wall panel roll forming machine","src":"https:\/\/i0.wp.com\/believeindustry.company\/wp-content\/uploads\/2018\/06\/metal-wall-panel-roll-forming-machine-e1529031517454.jpg?resize=350%2C200&ssl=1","width":350,"height":200,"srcset":"https:\/\/i0.wp.com\/believeindustry.company\/wp-content\/uploads\/2018\/06\/metal-wall-panel-roll-forming-machine-e1529031517454.jpg?resize=350%2C200&ssl=1 1x, https:\/\/i0.wp.com\/believeindustry.company\/wp-content\/uploads\/2018\/06\/metal-wall-panel-roll-forming-machine-e1529031517454.jpg?resize=525%2C300&ssl=1 1.5x, https:\/\/i0.wp.com\/believeindustry.company\/wp-content\/uploads\/2018\/06\/metal-wall-panel-roll-forming-machine-e1529031517454.jpg?resize=700%2C400&ssl=1 2x, https:\/\/i0.wp.com\/believeindustry.company\/wp-content\/uploads\/2018\/06\/metal-wall-panel-roll-forming-machine-e1529031517454.jpg?resize=1050%2C600&ssl=1 3x"},"classes":[]},{"id":1277,"url":"https:\/\/believeindustry.company\/es\/video\/metal-tile-roll-forming-machine-video\/","url_meta":{"origin":829,"position":1},"title":"V\u00eddeo de la m\u00e1quina formadora de rodillos para tejas met\u00e1licas","author":"Believe Industry Group","date":"abril 16, 2018","format":false,"excerpt":"The Metal Tile Roll Forming Machine Video will let you easy to know how the machine working and how to operate the machine. Contact us for more details of Metal Tile Roll Forming Machine","rel":"","context":"En \u00abMetal Tile Roll Forming Machine\u00bb","block_context":{"text":"Metal Tile Roll Forming Machine","link":"https:\/\/believeindustry.company\/es\/tag\/metal-tile-roll-forming-machine\/"},"img":{"alt_text":"roll forming machine for metal roof tile","src":"https:\/\/i0.wp.com\/believeindustry.company\/wp-content\/uploads\/2018\/05\/roll-forming-machine-for-metal-roof-tile.jpg?resize=350%2C200&ssl=1","width":350,"height":200,"srcset":"https:\/\/i0.wp.com\/believeindustry.company\/wp-content\/uploads\/2018\/05\/roll-forming-machine-for-metal-roof-tile.jpg?resize=350%2C200&ssl=1 1x, https:\/\/i0.wp.com\/believeindustry.company\/wp-content\/uploads\/2018\/05\/roll-forming-machine-for-metal-roof-tile.jpg?resize=525%2C300&ssl=1 1.5x, https:\/\/i0.wp.com\/believeindustry.company\/wp-content\/uploads\/2018\/05\/roll-forming-machine-for-metal-roof-tile.jpg?resize=700%2C400&ssl=1 2x, https:\/\/i0.wp.com\/believeindustry.company\/wp-content\/uploads\/2018\/05\/roll-forming-machine-for-metal-roof-tile.jpg?resize=1050%2C600&ssl=1 3x"},"classes":[]},{"id":2440,"url":"https:\/\/believeindustry.company\/es\/roll-forming-machine\/customized-profile-roll-forming-machine\/metal-embossing-machine-line\/","url_meta":{"origin":829,"position":2},"title":"L\u00cdNEA DE M\u00c1QUINAS DE ESTAMPADO DE METAL","author":"Believe Industry Group","date":"julio 9, 2018","format":false,"excerpt":"A Metal Embossing Machine Line \u00a0is a metal forming process unit that emboss a series of straight or parallel ridges onto a metal sheet or strip. Metal Embossing Machine Line A Metal coil embossing\u00a0line is\u00a0a stamping process to produce various designed patterns in metal sheet by passing the sheet in\u2026","rel":"","context":"En \u00abcustom designs\u00bb","block_context":{"text":"custom designs","link":"https:\/\/believeindustry.company\/es\/tag\/custom-designs\/"},"img":{"alt_text":"metal embossing machine line","src":"https:\/\/i0.wp.com\/believeindustry.company\/wp-content\/uploads\/2018\/07\/metal-embossing-machine-line.jpg?resize=350%2C200&ssl=1","width":350,"height":200,"srcset":"https:\/\/i0.wp.com\/believeindustry.company\/wp-content\/uploads\/2018\/07\/metal-embossing-machine-line.jpg?resize=350%2C200&ssl=1 1x, https:\/\/i0.wp.com\/believeindustry.company\/wp-content\/uploads\/2018\/07\/metal-embossing-machine-line.jpg?resize=525%2C300&ssl=1 1.5x, https:\/\/i0.wp.com\/believeindustry.company\/wp-content\/uploads\/2018\/07\/metal-embossing-machine-line.jpg?resize=700%2C400&ssl=1 2x, https:\/\/i0.wp.com\/believeindustry.company\/wp-content\/uploads\/2018\/07\/metal-embossing-machine-line.jpg?resize=1050%2C600&ssl=1 3x"},"classes":[]},{"id":593,"url":"https:\/\/believeindustry.company\/es\/roll-forming-machine\/metal-sheet-roll-forming-machine\/roofing-sheet-roll-forming-machine\/","url_meta":{"origin":829,"position":3},"title":"M\u00e1quina formadora de rollos de l\u00e1minas para techos","author":"Believe Industry Group","date":"marzo 22, 2018","format":false,"excerpt":"La m\u00e1quina perfiladora de l\u00e1minas para techos est\u00e1 dise\u00f1ada para producir diversos tipos de l\u00e1minas para techos y revestimientos de paredes seg\u00fan el plano de dise\u00f1o y con la longitud deseada. El espesor suele oscilar entre 0,2 y 0,8 mm, y la resistencia entre 235 MPa y 550 MPa. Introducci\u00f3n a la m\u00e1quina perfiladora de l\u00e1minas para techos. \u00bfD\u00f3nde encontrarla?","rel":"","context":"En \u00abMetal Sheet Roll Forming Machine\u00bb","block_context":{"text":"Metal Sheet Roll Forming Machine","link":"https:\/\/believeindustry.company\/es\/tag\/metal-sheet-roll-forming-machine\/"},"img":{"alt_text":"roof sheet roll forming machine","src":"https:\/\/i0.wp.com\/believeindustry.company\/wp-content\/uploads\/2018\/06\/roof-sheet-roll-forming-machine_%E5%89%AF%E6%9C%AC.jpg?resize=350%2C200&ssl=1","width":350,"height":200,"srcset":"https:\/\/i0.wp.com\/believeindustry.company\/wp-content\/uploads\/2018\/06\/roof-sheet-roll-forming-machine_%E5%89%AF%E6%9C%AC.jpg?resize=350%2C200&ssl=1 1x, https:\/\/i0.wp.com\/believeindustry.company\/wp-content\/uploads\/2018\/06\/roof-sheet-roll-forming-machine_%E5%89%AF%E6%9C%AC.jpg?resize=525%2C300&ssl=1 1.5x, https:\/\/i0.wp.com\/believeindustry.company\/wp-content\/uploads\/2018\/06\/roof-sheet-roll-forming-machine_%E5%89%AF%E6%9C%AC.jpg?resize=700%2C400&ssl=1 2x, https:\/\/i0.wp.com\/believeindustry.company\/wp-content\/uploads\/2018\/06\/roof-sheet-roll-forming-machine_%E5%89%AF%E6%9C%AC.jpg?resize=1050%2C600&ssl=1 3x"},"classes":[]},{"id":1281,"url":"https:\/\/believeindustry.company\/es\/video\/metal-sheet-roll-forming-machine-video\/","url_meta":{"origin":829,"position":4},"title":"V\u00eddeo de la m\u00e1quina perfiladora de chapa met\u00e1lica","author":"Believe Industry Group","date":"abril 16, 2018","format":false,"excerpt":"From the Metal Sheet Roll Forming Machine Video, you will be easy to know how the machines work, and also the different designs of metal roofing sheet machine. Contact us for more details about Believe Industry Company\u00a0 machines.","rel":"","context":"En \u00abMetal Sheet Roll Forming Machine\u00bb","block_context":{"text":"Metal Sheet Roll Forming Machine","link":"https:\/\/believeindustry.company\/es\/tag\/metal-sheet-roll-forming-machine\/"},"img":{"alt_text":"metal sheet roll forming machine video","src":"https:\/\/i0.wp.com\/believeindustry.company\/wp-content\/uploads\/2018\/05\/metal-roofing-sheets.jpg?resize=350%2C200&ssl=1","width":350,"height":200,"srcset":"https:\/\/i0.wp.com\/believeindustry.company\/wp-content\/uploads\/2018\/05\/metal-roofing-sheets.jpg?resize=350%2C200&ssl=1 1x, https:\/\/i0.wp.com\/believeindustry.company\/wp-content\/uploads\/2018\/05\/metal-roofing-sheets.jpg?resize=525%2C300&ssl=1 1.5x, https:\/\/i0.wp.com\/believeindustry.company\/wp-content\/uploads\/2018\/05\/metal-roofing-sheets.jpg?resize=700%2C400&ssl=1 2x, https:\/\/i0.wp.com\/believeindustry.company\/wp-content\/uploads\/2018\/05\/metal-roofing-sheets.jpg?resize=1050%2C600&ssl=1 3x"},"classes":[]},{"id":3148,"url":"https:\/\/believeindustry.company\/es\/roll-forming-machine\/metal-sheet-roll-forming-machine\/glazed-tile-roll-forming-machine\/","url_meta":{"origin":829,"position":5},"title":"M\u00e1quina formadora de rollos de azulejos esmaltados","author":"Believe Industry Group","date":"octubre 15, 2018","format":false,"excerpt":"Glazed Tile Roll Forming Machine is for produce metal glazed tiles as desired drawings. Believe Industry Company new design tile machine speed can be up to 6m per minute. Glazed Tile Roll Forming Machine Machine Components Hydraulic Uncoiler Guider and Feeder Pre-cutter Roll Forming Mill One-body Hydraulic Punching and\u00a0Cutting Device\u2026","rel":"","context":"En \u00abglazed tile machine\u00bb","block_context":{"text":"glazed tile machine","link":"https:\/\/believeindustry.company\/es\/tag\/glazed-tile-machine\/"},"img":{"alt_text":"glazed tile roll forming machine","src":"https:\/\/i0.wp.com\/believeindustry.company\/wp-content\/uploads\/2018\/10\/glazed-tile-roll-forming-machine-line-.jpg?resize=350%2C200&ssl=1","width":350,"height":200,"srcset":"https:\/\/i0.wp.com\/believeindustry.company\/wp-content\/uploads\/2018\/10\/glazed-tile-roll-forming-machine-line-.jpg?resize=350%2C200&ssl=1 1x, https:\/\/i0.wp.com\/believeindustry.company\/wp-content\/uploads\/2018\/10\/glazed-tile-roll-forming-machine-line-.jpg?resize=525%2C300&ssl=1 1.5x, https:\/\/i0.wp.com\/believeindustry.company\/wp-content\/uploads\/2018\/10\/glazed-tile-roll-forming-machine-line-.jpg?resize=700%2C400&ssl=1 2x, https:\/\/i0.wp.com\/believeindustry.company\/wp-content\/uploads\/2018\/10\/glazed-tile-roll-forming-machine-line-.jpg?resize=1050%2C600&ssl=1 3x"},"classes":[]}],"amp_enabled":true,"_links":{"self":[{"href":"https:\/\/believeindustry.company\/es\/wp-json\/wp\/v2\/pages\/829","targetHints":{"allow":["GET"]}}],"collection":[{"href":"https:\/\/believeindustry.company\/es\/wp-json\/wp\/v2\/pages"}],"about":[{"href":"https:\/\/believeindustry.company\/es\/wp-json\/wp\/v2\/types\/page"}],"author":[{"embeddable":true,"href":"https:\/\/believeindustry.company\/es\/wp-json\/wp\/v2\/users\/2"}],"replies":[{"embeddable":true,"href":"https:\/\/believeindustry.company\/es\/wp-json\/wp\/v2\/comments?post=829"}],"version-history":[{"count":0,"href":"https:\/\/believeindustry.company\/es\/wp-json\/wp\/v2\/pages\/829\/revisions"}],"wp:featuredmedia":[{"embeddable":true,"href":"https:\/\/believeindustry.company\/es\/wp-json\/wp\/v2\/media\/836"}],"wp:attachment":[{"href":"https:\/\/believeindustry.company\/es\/wp-json\/wp\/v2\/media?parent=829"}],"wp:term":[{"taxonomy":"post_tag","embeddable":true,"href":"https:\/\/believeindustry.company\/es\/wp-json\/wp\/v2\/tags?post=829"}],"curies":[{"name":"wp","href":"https:\/\/api.w.org\/{rel}","templated":true}]}}