{"id":838,"date":"2018-04-02T11:35:50","date_gmt":"2018-04-02T03:35:50","guid":{"rendered":"https:\/\/believeindustry.company\/?page_id=838"},"modified":"2026-04-11T22:01:23","modified_gmt":"2026-04-11T14:01:23","slug":"maquina-formadora-de-perfiles-z","status":"publish","type":"page","link":"https:\/\/believeindustry.company\/es\/roll-forming-machine\/purlin-roll-forming-machine\/z-purlin-roll-forming-machine\/","title":{"rendered":"M\u00e1quina formadora de perfiles Z"},"content":{"rendered":"<p>La m\u00e1quina perfiladora de correas Z se utiliza para producir correas Z, cuyo ancho de alma es de 80 a 350 mm, el ancho de la brida es de 35 a 80 mm y el espesor es de 1,5 a 5 mm.<\/p>\n\n\n\n<!--more-->\n\n\n\n<h1 class=\"wp-block-heading\"><strong><span style=\"font-size: 18pt;\">Introducci\u00f3n de la m\u00e1quina perfiladora de correas Z<\/span><\/strong><\/h1>\n\n\n\n<h2 class=\"wp-block-heading\"><strong><span style=\"font-size: 14pt;\">\u00bfQu\u00e9 es una correa Z?<\/span><\/strong><\/h2>\n\n\n\n<p>Las correas en Z, cuyos perfiles sim\u00e9tricos tienen forma de &quot;Z&quot;, se denominan perfiles en Z. Este tipo de perfil tambi\u00e9n se utiliza ampliamente en sistemas de construcci\u00f3n met\u00e1lica. <a title=\"Compa\u00f1\u00eda de la Industria Believe\" href=\"http:\/\/www.belirollform.com\" rel=\"noopener\" target=\"_blank\">Industria de la Creencia (BELI\u00ae)<\/a> Disponemos de una amplia gama de m\u00e1quinas perfiladoras de perfiles Z para satisfacer todas las necesidades.<\/p>\n\n\n\n<h2 class=\"wp-block-heading\"><strong><span style=\"font-size: 14pt;\">M\u00e1quina formadora de perfiles Z<\/span><\/strong><\/h2>\n\n\n\n<p>Similar a <a title=\"M\u00e1quina formadora de perfiles C\" href=\"https:\/\/believeindustry.company\/es\/maquina-perfiladora-de-rodillos\/maquina-formadora-de-perfiles\/maquina-formadora-de-perfiles-c\/\" rel=\"\">M\u00e1quina formadora de perfiles C<\/a>. La l\u00ednea completa de m\u00e1quinas formadoras de perfiles Z se utiliza para producir perfiles Z con las medidas y longitudes deseadas. El modelo de m\u00e1quina se muestra a continuaci\u00f3n:<\/p>\n\n\n\n<ol class=\"wp-block-list\"><li><a href=\"https:\/\/believeindustry.company\/es\/desenrollador\/\">Desenrollador<\/a>, cargue las tiras de bobina<\/li><li>Dispositivo perforador o ranurador.<\/li><li>Laminadora de perfiles Z, que puede producir perfiles Z en diferentes tama\u00f1os de alma (80-350 mm) y tama\u00f1os de brida (40-80 mm).<\/li><li>Dispositivo de corte, corte la correa Z a la longitud deseada<\/li><li>Sistema controlado. Todas las operaciones se realizan mediante la pantalla t\u00e1ctil y los botones.<\/li><li>Estaci\u00f3n hidr\u00e1ulica, fuente de alimentaci\u00f3n para punzonado y corte<\/li><li>Tabla de colecci\u00f3n<\/li><\/ol>\n\n\n\n<h2 class=\"wp-block-heading\"><span style=\"font-size: 14pt;\">Diferentes dise\u00f1os de varios <strong>M\u00e1quina formadora de perfiles Z<\/strong><\/span><\/h2>\n\n\n\n<p>Dise\u00f1o tradicional: Ajuste manual de los espaciadores y sustituci\u00f3n de la cuchilla de corte. El tiempo de cambio es de aproximadamente 3 horas. <\/p>\n\n\n\n<figure class=\"wp-block-image alignnone wp-image-844 size-appetite-standard-image\"><img fetchpriority=\"high\" decoding=\"async\" width=\"800\" height=\"224\" data-attachment-id=\"844\" data-permalink=\"https:\/\/believeindustry.company\/es\/roll-forming-machine\/purlin-roll-forming-machine\/z-purlin-roll-forming-machine\/layout-z-purlin-roll-forming-machine\/\" data-orig-file=\"https:\/\/believeindustry.company\/wp-content\/uploads\/2018\/04\/layout-z-purlin-roll-forming-machine.jpg\" data-orig-size=\"800,224\" data-comments-opened=\"1\" data-image-meta=\"{&quot;aperture&quot;:&quot;0&quot;,&quot;credit&quot;:&quot;&quot;,&quot;camera&quot;:&quot;&quot;,&quot;caption&quot;:&quot;&quot;,&quot;created_timestamp&quot;:&quot;0&quot;,&quot;copyright&quot;:&quot;&quot;,&quot;focal_length&quot;:&quot;0&quot;,&quot;iso&quot;:&quot;0&quot;,&quot;shutter_speed&quot;:&quot;0&quot;,&quot;title&quot;:&quot;&quot;,&quot;orientation&quot;:&quot;0&quot;}\" data-image-title=\"layout-z-purlin-roll-forming-machine\" data-image-description=\"\" data-image-caption=\"\" data-large-file=\"https:\/\/believeindustry.company\/wp-content\/uploads\/2018\/04\/layout-z-purlin-roll-forming-machine.jpg\" src=\"https:\/\/believeindustry.company\/wp-content\/uploads\/2018\/04\/layout-z-purlin-roll-forming-machine-800x224.jpg\" alt=\"M\u00e1quina formadora de perfiles Z\" class=\"wp-image-844\" srcset=\"https:\/\/believeindustry.company\/wp-content\/uploads\/2018\/04\/layout-z-purlin-roll-forming-machine.jpg 800w, https:\/\/believeindustry.company\/wp-content\/uploads\/2018\/04\/layout-z-purlin-roll-forming-machine-600x168.jpg 600w, https:\/\/believeindustry.company\/wp-content\/uploads\/2018\/04\/layout-z-purlin-roll-forming-machine-300x84.jpg 300w\" sizes=\"(max-width: 800px) 100vw, 800px\" \/><figcaption>M\u00e1quina perfiladora de perfiles Z de dise\u00f1o est\u00e1ndar, con ajuste y cambio manual de la cuchilla de corte.<\/figcaption><\/figure>\n\n\n\n<p>Dise\u00f1o con precorte: Ajuste manual de los espaciadores. No es necesario cambiar la cuchilla de corte. El tiempo de cambio es de aproximadamente 2,5 horas. Sin embargo, los extremos de la correa Z pueden deformarse ligeramente. <\/p>\n\n\n\n<div class=\"wp-block-image wp-image-843\"><figure class=\"aligncenter is-resized\"><img decoding=\"async\" data-attachment-id=\"843\" data-permalink=\"https:\/\/believeindustry.company\/es\/roll-forming-machine\/purlin-roll-forming-machine\/z-purlin-roll-forming-machine\/layout-of-z-purlin-rollformer\/\" data-orig-file=\"https:\/\/believeindustry.company\/wp-content\/uploads\/2018\/04\/Layout-of-Z-purlin-rollformer.jpg\" data-orig-size=\"632,203\" data-comments-opened=\"1\" data-image-meta=\"{&quot;aperture&quot;:&quot;0&quot;,&quot;credit&quot;:&quot;&quot;,&quot;camera&quot;:&quot;&quot;,&quot;caption&quot;:&quot;&quot;,&quot;created_timestamp&quot;:&quot;0&quot;,&quot;copyright&quot;:&quot;&quot;,&quot;focal_length&quot;:&quot;0&quot;,&quot;iso&quot;:&quot;0&quot;,&quot;shutter_speed&quot;:&quot;0&quot;,&quot;title&quot;:&quot;&quot;,&quot;orientation&quot;:&quot;0&quot;}\" data-image-title=\"Layout-of-Z-purlin-rollformer\" data-image-description=\"\" data-image-caption=\"&lt;p&gt;Normal design z purlin roll forming machine layout&lt;\/p&gt;\" data-large-file=\"https:\/\/believeindustry.company\/wp-content\/uploads\/2018\/04\/Layout-of-Z-purlin-rollformer.jpg\" src=\"https:\/\/believeindustry.company\/wp-content\/uploads\/2018\/04\/Layout-of-Z-purlin-rollformer.jpg\" alt=\"perfiladora de correas en Z\" class=\"wp-image-843\" width=\"580\" height=\"186\" srcset=\"https:\/\/believeindustry.company\/wp-content\/uploads\/2018\/04\/Layout-of-Z-purlin-rollformer.jpg 632w, https:\/\/believeindustry.company\/wp-content\/uploads\/2018\/04\/Layout-of-Z-purlin-rollformer-600x193.jpg 600w, https:\/\/believeindustry.company\/wp-content\/uploads\/2018\/04\/Layout-of-Z-purlin-rollformer-300x96.jpg 300w\" sizes=\"(max-width: 580px) 100vw, 580px\" \/><figcaption>Dise\u00f1o de la m\u00e1quina formadora de perfiles Z con precorte<\/figcaption><\/figure><\/div>\n\n\n\n<p>Dise\u00f1o de intercambio r\u00e1pido: Ajuste autom\u00e1tico del tama\u00f1o de la banda y de la pesta\u00f1a mediante la introducci\u00f3n de los datos deseados en la pantalla t\u00e1ctil. La m\u00e1quina se ajustar\u00e1 autom\u00e1ticamente e incorporar\u00e1 el sistema de corte multifuncional. El tiempo de cambio es de tan solo 2 minutos.<\/p>\n\n\n\n<div class=\"wp-block-image wp-image-847\"><figure class=\"aligncenter\"><img decoding=\"async\" width=\"800\" height=\"341\" data-attachment-id=\"847\" data-permalink=\"https:\/\/believeindustry.company\/es\/roll-forming-machine\/purlin-roll-forming-machine\/z-purlin-roll-forming-machine\/layout-of-c-and-z-purlin-machine\/\" data-orig-file=\"https:\/\/believeindustry.company\/wp-content\/uploads\/2018\/04\/layout-of-c-and-z-purlin-machine.jpg\" data-orig-size=\"1100,250\" data-comments-opened=\"1\" data-image-meta=\"{&quot;aperture&quot;:&quot;0&quot;,&quot;credit&quot;:&quot;&quot;,&quot;camera&quot;:&quot;&quot;,&quot;caption&quot;:&quot;&quot;,&quot;created_timestamp&quot;:&quot;0&quot;,&quot;copyright&quot;:&quot;&quot;,&quot;focal_length&quot;:&quot;0&quot;,&quot;iso&quot;:&quot;0&quot;,&quot;shutter_speed&quot;:&quot;0&quot;,&quot;title&quot;:&quot;&quot;,&quot;orientation&quot;:&quot;0&quot;}\" data-image-title=\"layout of c and z purlin machine\" data-image-description=\"\" data-image-caption=\"&lt;p&gt;Qucik interchangeable Z Purlin Roll forming machine&lt;\/p&gt;\" data-large-file=\"https:\/\/believeindustry.company\/wp-content\/uploads\/2018\/04\/layout-of-c-and-z-purlin-machine-1024x233.jpg\" src=\"https:\/\/believeindustry.company\/wp-content\/uploads\/2018\/04\/layout-of-c-and-z-purlin-machine-800x341.jpg\" alt=\"Esquema de la m\u00e1quina formadora de perfiles Z\" class=\"wp-image-847\"\/><figcaption>M\u00e1quina perfiladora de correas Z de intercambio r\u00e1pido, tecnolog\u00eda de vanguardia.<\/figcaption><\/figure><\/div>\n\n\n\n<h2 class=\"wp-block-heading\"><strong><span style=\"font-size: 14pt;\">Breve introducci\u00f3n a la m\u00e1quina perfiladora de perfiles Z<\/span><\/strong><\/h2>\n\n\n\n<ol class=\"wp-block-list\"><li>Medidas tradicionales de la correa Z: alma de 100-350 mm, ala de 40-80 mm, pesta\u00f1a de 10-15 mm, espesor de 1,5-3,5 mm.<\/li><li>m\u00e1quina niveladora de 9 rodillos<\/li><li>Material de los rodillos: Acero GCR 15, templado y revenido, cromado de 0,05 mm de espesor.<\/li><li>Soportes de rodillos: 16-22<\/li><li>Potencia del motor principal: 22 kW<\/li><li>Potencia hidr\u00e1ulica: 15 kW<\/li><li>Material de la cuchilla de corte y del molde de punzonado: CR12<\/li><li>PLC Siemens, inversor Yaskawa, encoder Omron, pantalla t\u00e1ctil Siemens.<\/li><\/ol>\n\n\n\n<p><a href=\"https:\/\/believeindustry.company\/es\/contactanos\/\">Cont\u00e1ctanos<\/a> Ahora, para obtener m\u00e1s informaci\u00f3n sobre <strong>M\u00e1quinas perfiladoras de correas en Z,<a href=\"https:\/\/believeindustry.company\/es\/maquina-perfiladora-de-rodillos\/maquina-formadora-de-perfiles\/maquina-formadora-de-perfiles-c\/\"> M\u00e1quina formadora de perfiles C<\/a> y <a href=\"https:\/\/believeindustry.company\/es\/maquina-perfiladora-de-rodillos\/maquina-formadora-de-perfiles\/maquina-formadora-de-perfiles-cz\/\">M\u00e1quina perfiladora de correas cz.&nbsp;<\/a><\/strong><\/p>","protected":false},"excerpt":{"rendered":"<p>La m\u00e1quina perfiladora de correas Z se utiliza para producir correas Z, cuyo ancho de alma es de 80 a 350 mm, el ancho de la brida es de 35 a 80 mm y el espesor es de 1,5 a 5 mm.<\/p>","protected":false},"author":2,"featured_media":841,"parent":727,"menu_order":2,"comment_status":"closed","ping_status":"closed","template":"","meta":{"_angie_page":false,"footnotes":"","big_sky_generated":false},"tags":[607851244,607849629,607846025,607845740,607846319],"class_list":["post-838","page","type-page","status-publish","has-post-thumbnail","hentry","tag-construction-and-steel-structure","tag-purlin-lines","tag-purlin-roll-forming-machine","tag-roll-forming-machine","tag-z-purlin-roll-forming-machine"],"blocksy_meta":[],"jetpack_sharing_enabled":true,"jetpack_shortlink":"https:\/\/wp.me\/P9K5n8-dw","jetpack_likes_enabled":false,"jetpack-related-posts":[{"id":4625,"url":"https:\/\/believeindustry.company\/es\/c-z-purlin-cold-roll-forming-machine-video\/","url_meta":{"origin":838,"position":0},"title":"V\u00eddeo de la m\u00e1quina formadora de rollos en fr\u00edo de correas CZ","author":"Believe Industry Group","date":"marzo 8, 2019","format":false,"excerpt":"The C Z Purlin Cold Roll Forming Machine Video will show the working process of purlin machine. And you will easy to find out the machine components. The layout of c z purlin cold roll forming machine C Z Purlin Cold Roll Forming Machine Components Single Mandrel Uncoiler Feeder and\u2026","rel":"","context":"Entrada similar","block_context":{"text":"Entrada similar","link":""},"img":{"alt_text":"interchangeable c\/z purlin roll forming machine","src":"https:\/\/i0.wp.com\/believeindustry.company\/wp-content\/uploads\/2018\/10\/interchangeable-c-z-purlin-roll-forming-machine.png?resize=350%2C200&ssl=1","width":350,"height":200,"srcset":"https:\/\/i0.wp.com\/believeindustry.company\/wp-content\/uploads\/2018\/10\/interchangeable-c-z-purlin-roll-forming-machine.png?resize=350%2C200&ssl=1 1x, https:\/\/i0.wp.com\/believeindustry.company\/wp-content\/uploads\/2018\/10\/interchangeable-c-z-purlin-roll-forming-machine.png?resize=525%2C300&ssl=1 1.5x, https:\/\/i0.wp.com\/believeindustry.company\/wp-content\/uploads\/2018\/10\/interchangeable-c-z-purlin-roll-forming-machine.png?resize=700%2C400&ssl=1 2x"},"classes":[]},{"id":1279,"url":"https:\/\/believeindustry.company\/es\/video\/purlin-roll-forming-machine-video\/","url_meta":{"origin":838,"position":1},"title":"V\u00eddeo de la m\u00e1quina perfiladora de correas","author":"Believe Industry Group","date":"abril 16, 2018","format":false,"excerpt":"Purlin Roll Forming Machine Video will help you to know how the machine working and how to operate the c z purlin roll forming machine. requirements. Believe Industry Company have a full range of purlin roll forming machines for different:\u00a0C Purlin Roll Forming Machine, Z Purlin Roll Forming Machine. C\u2026","rel":"","context":"En \u00abPurlin Roll Forming Machine\u00bb","block_context":{"text":"Purlin Roll Forming Machine","link":"https:\/\/believeindustry.company\/es\/tag\/purlin-roll-forming-machine\/"},"img":{"alt_text":"c z purlin","src":"https:\/\/i0.wp.com\/believeindustry.company\/wp-content\/uploads\/2018\/05\/c-z-purlin.jpg?resize=350%2C200&ssl=1","width":350,"height":200,"srcset":"https:\/\/i0.wp.com\/believeindustry.company\/wp-content\/uploads\/2018\/05\/c-z-purlin.jpg?resize=350%2C200&ssl=1 1x, https:\/\/i0.wp.com\/believeindustry.company\/wp-content\/uploads\/2018\/05\/c-z-purlin.jpg?resize=525%2C300&ssl=1 1.5x, https:\/\/i0.wp.com\/believeindustry.company\/wp-content\/uploads\/2018\/05\/c-z-purlin.jpg?resize=700%2C400&ssl=1 2x, https:\/\/i0.wp.com\/believeindustry.company\/wp-content\/uploads\/2018\/05\/c-z-purlin.jpg?resize=1050%2C600&ssl=1 3x"},"classes":[]},{"id":659,"url":"https:\/\/believeindustry.company\/es\/roll-forming-machine\/purlin-roll-forming-machine\/c-z-purlin-roll-forming-machine\/","url_meta":{"origin":838,"position":2},"title":"M\u00e1quina perfiladora de correas CZ","author":"Believe Industry Group","date":"marzo 24, 2018","format":false,"excerpt":"C \u00a0Z Purlin Roll Forming Machine is for producing C and Z Purlins with less change over time. \u00a0BELI\u00ae new technology design, exchange time is only 2 minutes. Our latest design c and z purlin machine price is only around 35000$ EXW factory. Contact us for more inforamtion. Believe Industry\u2026","rel":"","context":"En \u00abCompany News\u00bb","block_context":{"text":"Company News","link":"https:\/\/believeindustry.company\/es\/category\/company-news\/"},"img":{"alt_text":"A wide shot displaying the entire integrated C Z Purlin Roll Forming Machine production line, showcasing all components from decoiling to final cut-off in a professional factory setting.","src":"https:\/\/i0.wp.com\/believeindustry.company\/wp-content\/uploads\/2025\/12\/high-speed-c-z-purlin-roll-forming-machine.webp?resize=350%2C200&ssl=1","width":350,"height":200,"srcset":"https:\/\/i0.wp.com\/believeindustry.company\/wp-content\/uploads\/2025\/12\/high-speed-c-z-purlin-roll-forming-machine.webp?resize=350%2C200&ssl=1 1x, https:\/\/i0.wp.com\/believeindustry.company\/wp-content\/uploads\/2025\/12\/high-speed-c-z-purlin-roll-forming-machine.webp?resize=525%2C300&ssl=1 1.5x, https:\/\/i0.wp.com\/believeindustry.company\/wp-content\/uploads\/2025\/12\/high-speed-c-z-purlin-roll-forming-machine.webp?resize=700%2C400&ssl=1 2x"},"classes":[]},{"id":727,"url":"https:\/\/believeindustry.company\/es\/roll-forming-machine\/purlin-roll-forming-machine\/","url_meta":{"origin":838,"position":3},"title":"M\u00e1quina formadora de perfiles","author":"Believe Industry Group","date":"marzo 28, 2018","format":false,"excerpt":"Beli RollForming's Roll Forming Machines for Purlins are amazing, heavy-duty systems specifically engineered for the high-volume, continuous production of C, Z, U, and Sigma-shaped purlins and girts. These machines are designed for positive material efficiency, utilizing pre-punched coil or in-line hydraulic punching to create precise holes for quick assembly. Featuring\u2026","rel":"","context":"En \u00abbelieve industry machine\u00bb","block_context":{"text":"believe industry machine","link":"https:\/\/believeindustry.company\/es\/tag\/believe-industry-machine\/"},"img":{"alt_text":"c z purlin","src":"https:\/\/i0.wp.com\/believeindustry.company\/wp-content\/uploads\/2018\/05\/c-z-purlin.jpg?resize=350%2C200&ssl=1","width":350,"height":200,"srcset":"https:\/\/i0.wp.com\/believeindustry.company\/wp-content\/uploads\/2018\/05\/c-z-purlin.jpg?resize=350%2C200&ssl=1 1x, https:\/\/i0.wp.com\/believeindustry.company\/wp-content\/uploads\/2018\/05\/c-z-purlin.jpg?resize=525%2C300&ssl=1 1.5x, https:\/\/i0.wp.com\/believeindustry.company\/wp-content\/uploads\/2018\/05\/c-z-purlin.jpg?resize=700%2C400&ssl=1 2x, https:\/\/i0.wp.com\/believeindustry.company\/wp-content\/uploads\/2018\/05\/c-z-purlin.jpg?resize=1050%2C600&ssl=1 3x"},"classes":[]},{"id":3167,"url":"https:\/\/believeindustry.company\/es\/interchangeable-c-z-purlin-roll-forming-machine-2\/","url_meta":{"origin":838,"position":4},"title":"M\u00e1quina formadora de correas C\/Z intercambiables","author":"Believe Industry Group","date":"octubre 17, 2018","format":false,"excerpt":"Interchangeable c\/z purlin roll forming machine produce cee and zed purlins with various sizes. And the size adjustment is whole automatic A traditional c or z purlin roll forming machine only can produce various sizes of c or z purlins. The web size 80-350mm, flange size 50-100mm and the lip\u2026","rel":"","context":"En \u00abc z purlin cold roll forming machine\u00bb","block_context":{"text":"c z purlin cold roll forming machine","link":"https:\/\/believeindustry.company\/es\/tag\/c-z-purlin-cold-roll-forming-machine\/"},"img":{"alt_text":"","src":"https:\/\/i0.wp.com\/believeindustry.company\/wp-content\/uploads\/2018\/10\/cutoff-device-of-c-and-z-purlin-machine.png?resize=350%2C200&ssl=1","width":350,"height":200},"classes":[]},{"id":3099,"url":"https:\/\/believeindustry.company\/es\/c-purlin-roll-former\/","url_meta":{"origin":838,"position":5},"title":"Formador de rollo de correa C","author":"Believe Industry Group","date":"octubre 6, 2018","format":false,"excerpt":"C Purlin Roll Former is for produce C Purlins as per requirements. The Purlin web size is from 80-350mm, flange size is from 40-60mm, and thickness is 1.0-3.5mm.\u00a0 C Purlin Roll Former C Purlin Specifications Material: CR, HR, Galvanized Steel Yield Strength: 235-400 Mpa Hole designs can be customized C\u2026","rel":"","context":"En \u00abC Purlin Machine\u00bb","block_context":{"text":"C Purlin Machine","link":"https:\/\/believeindustry.company\/es\/tag\/c-purlin-machine\/"},"img":{"alt_text":"c purlin roll former","src":"https:\/\/i0.wp.com\/believeindustry.company\/wp-content\/uploads\/2018\/10\/c-purlin-roll-former-e1538810763224.jpg?resize=350%2C200&ssl=1","width":350,"height":200,"srcset":"https:\/\/i0.wp.com\/believeindustry.company\/wp-content\/uploads\/2018\/10\/c-purlin-roll-former-e1538810763224.jpg?resize=350%2C200&ssl=1 1x, https:\/\/i0.wp.com\/believeindustry.company\/wp-content\/uploads\/2018\/10\/c-purlin-roll-former-e1538810763224.jpg?resize=525%2C300&ssl=1 1.5x, https:\/\/i0.wp.com\/believeindustry.company\/wp-content\/uploads\/2018\/10\/c-purlin-roll-former-e1538810763224.jpg?resize=700%2C400&ssl=1 2x"},"classes":[]}],"amp_enabled":true,"_links":{"self":[{"href":"https:\/\/believeindustry.company\/es\/wp-json\/wp\/v2\/pages\/838","targetHints":{"allow":["GET"]}}],"collection":[{"href":"https:\/\/believeindustry.company\/es\/wp-json\/wp\/v2\/pages"}],"about":[{"href":"https:\/\/believeindustry.company\/es\/wp-json\/wp\/v2\/types\/page"}],"author":[{"embeddable":true,"href":"https:\/\/believeindustry.company\/es\/wp-json\/wp\/v2\/users\/2"}],"replies":[{"embeddable":true,"href":"https:\/\/believeindustry.company\/es\/wp-json\/wp\/v2\/comments?post=838"}],"version-history":[{"count":4,"href":"https:\/\/believeindustry.company\/es\/wp-json\/wp\/v2\/pages\/838\/revisions"}],"predecessor-version":[{"id":21928,"href":"https:\/\/believeindustry.company\/es\/wp-json\/wp\/v2\/pages\/838\/revisions\/21928"}],"up":[{"embeddable":true,"href":"https:\/\/believeindustry.company\/es\/wp-json\/wp\/v2\/pages\/727"}],"wp:featuredmedia":[{"embeddable":true,"href":"https:\/\/believeindustry.company\/es\/wp-json\/wp\/v2\/media\/841"}],"wp:attachment":[{"href":"https:\/\/believeindustry.company\/es\/wp-json\/wp\/v2\/media?parent=838"}],"wp:term":[{"taxonomy":"post_tag","embeddable":true,"href":"https:\/\/believeindustry.company\/es\/wp-json\/wp\/v2\/tags?post=838"}],"curies":[{"name":"wp","href":"https:\/\/api.w.org\/{rel}","templated":true}]}}