{"id":888,"date":"2018-04-04T14:11:42","date_gmt":"2018-04-04T06:11:42","guid":{"rendered":"https:\/\/believeindustry.company\/?page_id=888"},"modified":"2025-12-05T15:38:10","modified_gmt":"2025-12-05T07:38:10","slug":"maquina-perfiladora-de-rieles-para-puertas-de-persianas-enrollables","status":"publish","type":"page","link":"https:\/\/believeindustry.company\/es\/roll-forming-machine\/steel-door-roll-forming-machine\/roller-shutter-door-track-roll-forming-machine\/","title":{"rendered":"M\u00e1quina formadora de rieles para puertas enrollables"},"content":{"rendered":"<p><strong>M\u00e1quina formadora de rieles para puertas enrollables<\/strong> Sirve para producir rieles para persianas enrollables para subir y bajar las puertas.<\/p>\n\n\n\n<!--more-->\n\n\n\n<h2 class=\"wp-block-heading\"><strong><span style=\"font-size: 18pt;\">Introducci\u00f3n de la m\u00e1quina perfiladora de rieles para puertas enrollables<\/span><\/strong><\/h2>\n\n\n\n<h3 class=\"wp-block-heading\"><strong><span style=\"font-size: 14pt;\">\u00bfQu\u00e9 es el riel para puerta enrollable?<\/span><\/strong><\/h3>\n\n\n\n<div class=\"wp-block-image wp-image-950\"><figure class=\"alignright\"><img decoding=\"async\" width=\"300\" height=\"151\" data-attachment-id=\"950\" data-permalink=\"https:\/\/believeindustry.company\/es\/roll-forming-machine\/steel-door-roll-forming-machine\/roller-shutter-door-track-roll-forming-machine\/cof\/\" data-orig-file=\"https:\/\/believeindustry.company\/wp-content\/uploads\/2018\/04\/roller-shutter-door-track-e1522824712927.jpg\" data-orig-size=\"586,294\" data-comments-opened=\"1\" data-image-meta=\"{&quot;aperture&quot;:&quot;0&quot;,&quot;credit&quot;:&quot;&quot;,&quot;camera&quot;:&quot;&quot;,&quot;caption&quot;:&quot;&quot;,&quot;created_timestamp&quot;:&quot;0&quot;,&quot;copyright&quot;:&quot;&quot;,&quot;focal_length&quot;:&quot;0&quot;,&quot;iso&quot;:&quot;0&quot;,&quot;shutter_speed&quot;:&quot;0&quot;,&quot;title&quot;:&quot;&quot;,&quot;orientation&quot;:&quot;0&quot;}\" data-image-title=\"Roller shutter door track\" data-image-description=\"\" data-image-caption=\"&lt;p&gt;Curved roller shutter door track for Roller-Up door and garage roof.&lt;\/p&gt;\" data-medium-file=\"https:\/\/believeindustry.company\/wp-content\/uploads\/2018\/04\/roller-shutter-door-track-e1522824712927-300x151.jpg\" data-large-file=\"https:\/\/believeindustry.company\/wp-content\/uploads\/2018\/04\/roller-shutter-door-track-e1522824712927.jpg\" src=\"https:\/\/believeindustry.company\/wp-content\/uploads\/2018\/04\/roller-shutter-door-track-e1522824712927-300x151.jpg\" alt=\"M\u00e1quina perfiladora de rieles para puertas de persianas enrollables\" class=\"wp-image-950\" srcset=\"https:\/\/believeindustry.company\/wp-content\/uploads\/2018\/04\/roller-shutter-door-track-e1522824712927-300x151.jpg 300w, https:\/\/believeindustry.company\/wp-content\/uploads\/2018\/04\/roller-shutter-door-track-e1522824712927.jpg 586w\" sizes=\"(max-width: 300px) 100vw, 300px\" \/><figcaption>Riel curvo para puerta enrollable y puerta de garaje<\/figcaption><\/figure><\/div>\n\n\n\n<p>El riel para persianas enrollables es un dispositivo para dirigir las puertas enrollables o <a title=\"Puerta de garaje Wikipedia\" href=\"https:\/\/en.wikipedia.org\/wiki\/Garage_door\" rel=\"noopener\" target=\"_blank\">Puertas de garaje<\/a> Arriba y abajo. Los rieles de las puertas est\u00e1n fabricados con acero galvanizado o laminado en fr\u00edo de 0,8-1,5 mm de espesor. Adem\u00e1s, cuentan con orificios preperforados para facilitar el montaje. Adem\u00e1s, la demanda de rieles curvos para puertas est\u00e1 en aumento, lo que permite su uso en paredes y puertas curvas.<\/p>\n\n\n\n<h3 class=\"wp-block-heading\"><strong><span style=\"font-size: 14pt;\">Componentes de la m\u00e1quina<\/span><\/strong><\/h3>\n\n\n\n<ul class=\"wp-block-list\"><li>Desenrollador de bobinas, carga las tiras de coli. Capacidad m\u00e1xima: 1,5 toneladas. Disponible en versi\u00f3n manual o autom\u00e1tica.<\/li><li><a title=\"L\u00ednea de perfilado de rodillos\" rel=\"\" href=\"https:\/\/believeindustry.company\/es\/linea-de-laminacion\/\">Laminadora<\/a>, Las partes principales de la l\u00ednea. El dise\u00f1o de la cama y la estructura es personalizado.<\/li><li>Dispositivo de preperforaci\u00f3n, perfora los agujeros para facilitar el montaje. (Opcional)<\/li><li>Cabeza de pavo, enderezar las v\u00edas en buen estado<\/li><li>Dispositivo de corte, corta los rieles en la longitud deseada para que se ajusten a la altura de la puerta.<\/li><li>Sistema controlado, el trabajador puede configurar todos los datos (longitud, cantidad, posici\u00f3n de los agujeros) en la pantalla t\u00e1ctil<\/li><li>Recoger la mesa, sujetar el producto despu\u00e9s de cortarlo y moverlo manualmente<\/li><\/ul>\n\n\n\n<h3 class=\"wp-block-heading\"><strong><span style=\"font-size: 14pt;\">Disposici\u00f3n de trabajo<\/span><\/strong><\/h3>\n\n\n\n<figure class=\"wp-block-image alignnone wp-image-951 size-full\"><img fetchpriority=\"high\" decoding=\"async\" width=\"1100\" height=\"285\" data-attachment-id=\"951\" data-permalink=\"https:\/\/believeindustry.company\/es\/roll-forming-machine\/steel-door-roll-forming-machine\/roller-shutter-door-track-roll-forming-machine\/layout\/\" data-orig-file=\"https:\/\/believeindustry.company\/wp-content\/uploads\/2018\/04\/layout-of-door-track-roll-forming-machine.jpg\" data-orig-size=\"1100,285\" data-comments-opened=\"1\" data-image-meta=\"{&quot;aperture&quot;:&quot;0&quot;,&quot;credit&quot;:&quot;&quot;,&quot;camera&quot;:&quot;&quot;,&quot;caption&quot;:&quot;&quot;,&quot;created_timestamp&quot;:&quot;0&quot;,&quot;copyright&quot;:&quot;&quot;,&quot;focal_length&quot;:&quot;0&quot;,&quot;iso&quot;:&quot;0&quot;,&quot;shutter_speed&quot;:&quot;0&quot;,&quot;title&quot;:&quot;&quot;,&quot;orientation&quot;:&quot;0&quot;}\" data-image-title=\"layout of the door track roll forming machine\" data-image-description=\"\" data-image-caption=\"&lt;p&gt;Working Flow:&lt;\/p&gt;\" data-medium-file=\"https:\/\/believeindustry.company\/wp-content\/uploads\/2018\/04\/layout-of-door-track-roll-forming-machine-300x78.jpg\" data-large-file=\"https:\/\/believeindustry.company\/wp-content\/uploads\/2018\/04\/layout-of-door-track-roll-forming-machine-1024x265.jpg\" src=\"https:\/\/believeindustry.company\/wp-content\/uploads\/2018\/04\/layout-of-door-track-roll-forming-machine.jpg\" alt=\"Disposici\u00f3n de la m\u00e1quina perfiladora de rieles de puerta\" class=\"wp-image-951\" srcset=\"https:\/\/believeindustry.company\/wp-content\/uploads\/2018\/04\/layout-of-door-track-roll-forming-machine.jpg 1100w, https:\/\/believeindustry.company\/wp-content\/uploads\/2018\/04\/layout-of-door-track-roll-forming-machine-600x155.jpg 600w, https:\/\/believeindustry.company\/wp-content\/uploads\/2018\/04\/layout-of-door-track-roll-forming-machine-300x78.jpg 300w, https:\/\/believeindustry.company\/wp-content\/uploads\/2018\/04\/layout-of-door-track-roll-forming-machine-1024x265.jpg 1024w\" sizes=\"(max-width: 1100px) 100vw, 1100px\" \/><figcaption>Flujo de trabajo: desbobinado, alimentaci\u00f3n y guiado, conformado de rollos, enderezamiento, corte y recolecci\u00f3n.<\/figcaption><\/figure>\n\n\n\n<h3 class=\"wp-block-heading\"><strong><span style=\"font-size: 14pt;\">Especificaciones t\u00e9cnicas de la m\u00e1quina gu\u00eda de rieles de puerta<\/span><\/strong><\/h3>\n\n\n\n<ol class=\"wp-block-list\"><li>Capacidad del desenrollador: 1,5 toneladas, di\u00e1metro interior 480-560<\/li><li>Velocidad de l\u00ednea: 8-15 m\/min, excluyendo el tiempo de corte y punzonado<\/li><li>Voltaje de la m\u00e1quina: 380 V, 50 HZ (personalizado)<\/li><li>Material de los rodillos: GCR 15, tratamiento de dureza, cromado 0,05 mm<\/li><li>Puestos de formaci\u00f3n: 16<\/li><li>Potencia del motor: 5,5 KW, marca famosa de China (Siemens es opcional)<\/li><li>Potencia de corte hidr\u00e1ulica: 4 KW<\/li><li>Material del molde de punz\u00f3n y cuchilla de corte: CR12, tratamiento t\u00e9rmico<\/li><li>PLC Panasonic, inversor Yaskawa, codificador Omron, interruptor de l\u00edmite Omron.<\/li><\/ol>\n\n\n\n<h3 class=\"wp-block-heading\"><strong><span style=\"font-size: 14pt;\">Instalaci\u00f3n y puesta en marcha<\/span><\/strong><\/h3>\n\n\n\n<p>Enviaremos un ingeniero para instalar la m\u00e1quina al cliente de forma gratuita. Sin embargo, los gastos, incluyendo el billete de avi\u00f3n de ida y vuelta, el seguro, el alojamiento local y el traductor, correr\u00e1n a cargo del comprador. La instalaci\u00f3n y puesta en marcha tardar\u00e1n de 3 a 5 d\u00edas. &nbsp;<strong>M\u00e1quina formadora de rieles para puertas enrollables<\/strong>.<\/p>\n\n\n\n<p>Believe Industry (BELI\u00ae) tiene una gama completa de m\u00e1quinas perfiladoras para sistemas de puertas de acero. <a href=\"https:\/\/believeindustry.company\/es\/contactanos\/\">Cont\u00e1ctanos<\/a> \u00a1ahora!<\/p>","protected":false},"excerpt":{"rendered":"<p>La m\u00e1quina perfiladora de rieles para puertas enrollables se utiliza para producir rieles para puertas enrollables que permiten subir y bajar las puertas.<\/p>","protected":false},"author":2,"featured_media":955,"parent":809,"menu_order":2,"comment_status":"closed","ping_status":"closed","template":"","meta":{"_angie_page":false,"jetpack_post_was_ever_published":false,"footnotes":"","big_sky_generated":false},"tags":[607849630,607845740,607846751,607846747],"class_list":["post-888","page","type-page","status-publish","has-post-thumbnail","hentry","tag-door-lines","tag-roll-forming-machine","tag-rolling-shutter-door-roll-forming-machine","tag-steel-door-roll-forming-machine"],"blocksy_meta":[],"jetpack_sharing_enabled":true,"jetpack_shortlink":"https:\/\/wp.me\/P9K5n8-ek","jetpack_likes_enabled":false,"jetpack-related-posts":[],"amp_enabled":true,"_links":{"self":[{"href":"https:\/\/believeindustry.company\/es\/wp-json\/wp\/v2\/pages\/888","targetHints":{"allow":["GET"]}}],"collection":[{"href":"https:\/\/believeindustry.company\/es\/wp-json\/wp\/v2\/pages"}],"about":[{"href":"https:\/\/believeindustry.company\/es\/wp-json\/wp\/v2\/types\/page"}],"author":[{"embeddable":true,"href":"https:\/\/believeindustry.company\/es\/wp-json\/wp\/v2\/users\/2"}],"replies":[{"embeddable":true,"href":"https:\/\/believeindustry.company\/es\/wp-json\/wp\/v2\/comments?post=888"}],"version-history":[{"count":1,"href":"https:\/\/believeindustry.company\/es\/wp-json\/wp\/v2\/pages\/888\/revisions"}],"predecessor-version":[{"id":19736,"href":"https:\/\/believeindustry.company\/es\/wp-json\/wp\/v2\/pages\/888\/revisions\/19736"}],"up":[{"embeddable":true,"href":"https:\/\/believeindustry.company\/es\/wp-json\/wp\/v2\/pages\/809"}],"wp:featuredmedia":[{"embeddable":true,"href":"https:\/\/believeindustry.company\/es\/wp-json\/wp\/v2\/media\/955"}],"wp:attachment":[{"href":"https:\/\/believeindustry.company\/es\/wp-json\/wp\/v2\/media?parent=888"}],"wp:term":[{"taxonomy":"post_tag","embeddable":true,"href":"https:\/\/believeindustry.company\/es\/wp-json\/wp\/v2\/tags?post=888"}],"curies":[{"name":"wp","href":"https:\/\/api.w.org\/{rel}","templated":true}]}}