{"id":9483,"date":"2023-09-19T14:51:29","date_gmt":"2023-09-19T06:51:29","guid":{"rendered":"https:\/\/believeindustry.company\/?page_id=9483"},"modified":"2026-04-12T13:32:06","modified_gmt":"2026-04-12T05:32:06","slug":"apilador-automatico","status":"publish","type":"page","link":"https:\/\/believeindustry.company\/es\/roll-forming-machine\/customized-profile-roll-forming-machine\/auto-stacker\/","title":{"rendered":"Apilador autom\u00e1tico"},"content":{"rendered":"<p><strong>Apilador autom\u00e1tico<\/strong> Sirve para apilar autom\u00e1ticamente perfiles C, perfiles U, canales de estructura, etc., perfiles laminados. <\/p>\n\n\n\n<h2 class=\"wp-block-heading\">Componentes del apilador autom\u00e1tico<\/h2>\n\n\n\n<p>Believe Industry Company ha desarrollado un apilador autom\u00e1tico de nuevo dise\u00f1o para la industria de perfiles laminados, que consta de transportador, bastidor de vuelco, apilador, carro de extracci\u00f3n y controlador HMI.<\/p>\n\n\n\n<figure class=\"wp-block-image size-full\"><img fetchpriority=\"high\" decoding=\"async\" width=\"702\" height=\"275\" data-attachment-id=\"9490\" data-permalink=\"https:\/\/believeindustry.company\/es\/roll-forming-machine\/customized-profile-roll-forming-machine\/auto-stacker\/auto-stacker-layout\/\" data-orig-file=\"https:\/\/believeindustry.company\/wp-content\/uploads\/2023\/09\/auto-stacker-layout.png\" data-orig-size=\"702,275\" data-comments-opened=\"1\" data-image-meta=\"{&quot;aperture&quot;:&quot;0&quot;,&quot;credit&quot;:&quot;&quot;,&quot;camera&quot;:&quot;&quot;,&quot;caption&quot;:&quot;&quot;,&quot;created_timestamp&quot;:&quot;0&quot;,&quot;copyright&quot;:&quot;&quot;,&quot;focal_length&quot;:&quot;0&quot;,&quot;iso&quot;:&quot;0&quot;,&quot;shutter_speed&quot;:&quot;0&quot;,&quot;title&quot;:&quot;&quot;,&quot;orientation&quot;:&quot;0&quot;}\" data-image-title=\"auto-stacker-layout\" data-image-description=\"\" data-image-caption=\"\" data-large-file=\"https:\/\/believeindustry.company\/wp-content\/uploads\/2023\/09\/auto-stacker-layout.png\" src=\"https:\/\/believeindustry.company\/wp-content\/uploads\/2023\/09\/auto-stacker-layout.png\" alt=\"\" class=\"wp-image-9490\" srcset=\"https:\/\/believeindustry.company\/wp-content\/uploads\/2023\/09\/auto-stacker-layout.png 702w, https:\/\/believeindustry.company\/wp-content\/uploads\/2023\/09\/auto-stacker-layout-600x235.png 600w, https:\/\/believeindustry.company\/wp-content\/uploads\/2023\/09\/auto-stacker-layout-300x118.png 300w\" sizes=\"(max-width: 702px) 100vw, 702px\" \/><figcaption><\/figcaption><\/figure>\n\n\n\n<h3 class=\"wp-block-heading\">Transmidor<\/h3>\n\n\n\n<p>El transportador, accionado por motor, transporta los perfiles laminados desde la laminadora despu\u00e9s del corte. La longitud y el ancho totales se pueden personalizar. El extremo del transportador est\u00e1 equipado con un bloque de posicionamiento y un sensor para asegurar la alineaci\u00f3n del apilado.<\/p>\n\n\n\n<h3 class=\"wp-block-heading\">Bastidor de vuelco<\/h3>\n\n\n\n<p>Controlado por PLC para volcar el canal del puntal o no secuencialmente, montado con bloques consulte el perfil para asegurarse de que el proceso de volteo sea estable.<\/p>\n\n\n\n<h3 class=\"wp-block-heading\">Apilador<\/h3>\n\n\n\n<p>El apilador, componente principal de la m\u00e1quina, apila los perfiles de la perfiladora seg\u00fan el programa. Est\u00e1 accionado por un servomotor para una mayor precisi\u00f3n de posicionamiento y velocidad.<\/p>\n\n\n\n<h3 class=\"wp-block-heading\">Coche de mudanza<\/h3>\n\n\n\n<p>Mueva los canales de puntal apilados al \u00e1rea de empaque, que est\u00e1 equipada con 2 carros para una producci\u00f3n r\u00e1pida, por ejemplo, mueva el primer carro al \u00e1rea de empaque, el apilador colocar\u00e1 el canal de puntal en el segundo carro, una vez que finalice el apilado del segundo carro, el primer carro regresar\u00e1 al \u00e1rea de apilado.<\/p>\n\n\n\n<h3 class=\"wp-block-heading\"><strong>Controlador HIM<\/strong><\/h3>\n\n\n\n<p>Sistema PLC, operaci\u00f3n con pantalla t\u00e1ctil. Permite seleccionar en pantalla t\u00e1ctil al cambiar las especificaciones de producci\u00f3n. Ajuste la forma de la pila a voluntad mediante la evaluaci\u00f3n t\u00e1ctil y regulaci\u00f3n de velocidad.<\/p>\n\n\n\n<h2 class=\"wp-block-heading\">Presupuesto<\/h2>\n\n\n\n<figure class=\"wp-block-table\"><table><tbody><tr><td>1<\/td><td>Voltaje<\/td><td>CA 480 V, 60 Hz, trif\u00e1sica<\/td><\/tr><tr><td>2<\/td><td>Poder total<\/td><td>11,6 kW (CA)<\/td><\/tr><tr><td>3<\/td><td>Servomotor<\/td><td>Yaskawa<\/td><\/tr><tr><td>4<\/td><td>Reductor<\/td><td>Taiw\u00e1n Faston<\/td><\/tr><tr><td>5<\/td><td>SOCIEDAD AN\u00d3NIMA<\/td><td>Siemens<\/td><\/tr><tr><td>6<\/td><td>Componentes el\u00e9ctricos<\/td><td>Schneider&nbsp;<\/td><\/tr><tr><td>7<\/td><td>Sensor<\/td><td>Schneider&nbsp;<\/td><\/tr><tr><td>8<\/td><td>Pantalla t\u00e1ctil<\/td><td>Vista de Wein<\/td><\/tr><tr><td>9<\/td><td>Velocidad de apilamiento<\/td><td>240 piezas por hora<\/td><\/tr><tr><td>10<\/td><td>Ancho m\u00e1ximo de apilamiento<\/td><td>1000 mm<\/td><\/tr><tr><td>11<\/td><td>Altura m\u00e1xima de estacado<\/td><td>900 mm<\/td><\/tr><tr><td>12<\/td><td>Motor de movimiento del apilador<\/td><td>3 kW<\/td><\/tr><tr><td>13<\/td><td>Motor de subida y bajada del apilador<\/td><td>2 kW<\/td><\/tr><tr><td>14<\/td><td>Potencia del motor del transportador<\/td><td>1,5 kW<\/td><\/tr><tr><td>15<\/td><td>Mudanza del coche el\u00e9ctrico<\/td><td>1,5 kW<\/td><\/tr><tr><td>16<\/td><td>Se requiere proveedor de aire<\/td><td>0,55-0,8 Mpa<\/td><\/tr><tr><td>17<\/td><td>Dimensi\u00f3n<\/td><td>13500 mm x 4000 mm x 3800 mm<\/td><\/tr><tr><td>18<\/td><td>Dimensiones del bastidor transportador<\/td><td>3500 mm x 700 mm x 700 mm<\/td><\/tr><\/tbody><\/table><\/figure>\n\n\n\n<p><a href=\"http:\/\/rollformingmachine.company\" target=\"_blank\" rel=\"noopener\">Compa\u00f1\u00eda de la Industria Believe<\/a> Disponemos de una gama completa de m\u00e1quinas perfiladoras y apiladoras autom\u00e1ticas para diferentes requisitos., <a href=\"https:\/\/believeindustry.company\/es\/contacto-creer-industria\/\">Cont\u00e1ctanos <\/a>Ahora para m\u00e1s informaci\u00f3n.<\/p>","protected":false},"excerpt":{"rendered":"<p>Auto Stacker is for stacking c profile, u profiles, struct channels, etc roll formed profiles automatically. Auto Stacker Components Believe Industry Company have developed a new design auto stacker for roll formed profile industry, which consist of conveyer, overturn rack, stacker, move-out car and HMI controller. Conveyer Convey is for move the roll formed profiles [&hellip;]<\/p>\n","protected":false},"author":2,"featured_media":9491,"parent":1257,"menu_order":0,"comment_status":"closed","ping_status":"closed","template":"","meta":{"_angie_page":false,"footnotes":"","big_sky_generated":false},"tags":[607850595,607849634,607845740],"class_list":["post-9483","page","type-page","status-publish","has-post-thumbnail","hentry","tag-auto-stacker","tag-custom-designs","tag-roll-forming-machine"],"blocksy_meta":[],"jetpack_sharing_enabled":true,"jetpack_shortlink":"https:\/\/wp.me\/P9K5n8-2sX","jetpack_likes_enabled":false,"jetpack-related-posts":[{"id":8689,"url":"https:\/\/believeindustry.company\/es\/roll-forming-machine\/customized-profile-roll-forming-machine\/din-rail-roll-forming-machine\/","url_meta":{"origin":9483,"position":0},"title":"M\u00e1quina formadora de rollos de riel DIN","author":"Believe Industry Group","date":"octubre 19, 2022","format":false,"excerpt":"DIN rail roll forming machine for producing top hat rails, C sections rails and G-type rails. The DIN rails are widely used for mounting circuit breakers and other electrical equipment. Main applicable material are cold rolled carben steel coils, galvanized steel coils, stainless coils with 1.0-1.5mm thickness. Main Components of\u2026","rel":"","context":"En \u00abenergy and electric\u00bb","block_context":{"text":"energy and electric","link":"https:\/\/believeindustry.company\/es\/tag\/energy-and-electric\/"},"img":{"alt_text":"din rail roll former machine","src":"https:\/\/i0.wp.com\/believeindustry.company\/wp-content\/uploads\/2023\/05\/din-rail-roll-former-machine-e1684227430309.jpg?resize=350%2C200&ssl=1","width":350,"height":200,"srcset":"https:\/\/i0.wp.com\/believeindustry.company\/wp-content\/uploads\/2023\/05\/din-rail-roll-former-machine-e1684227430309.jpg?resize=350%2C200&ssl=1 1x, https:\/\/i0.wp.com\/believeindustry.company\/wp-content\/uploads\/2023\/05\/din-rail-roll-former-machine-e1684227430309.jpg?resize=525%2C300&ssl=1 1.5x, https:\/\/i0.wp.com\/believeindustry.company\/wp-content\/uploads\/2023\/05\/din-rail-roll-former-machine-e1684227430309.jpg?resize=700%2C400&ssl=1 2x, https:\/\/i0.wp.com\/believeindustry.company\/wp-content\/uploads\/2023\/05\/din-rail-roll-former-machine-e1684227430309.jpg?resize=1050%2C600&ssl=1 3x"},"classes":[]},{"id":605,"url":"https:\/\/believeindustry.company\/es\/roll-forming-machine\/metal-sheet-roll-forming-machine\/ibr-sheet-roll-forming-machine\/","url_meta":{"origin":9483,"position":1},"title":"M\u00e1quina formadora de rollos de chapa IBR","author":"Believe Industry Group","date":"marzo 22, 2018","format":false,"excerpt":"IBR Sheet Roll Forming Machine is for producing IBR sheets for South African Market.\u00a0 IBR Sheet Roll Forming Machine What's IBR \u00a0Sheets? Since it was first introduced to South Africa in 1958, IBR has enjoyed great popularity for use as side cladding or roofing material in commercial, industrial and residential\u2026","rel":"","context":"En \u00abConstruction and Steel Structure\u00bb","block_context":{"text":"Construction and Steel Structure","link":"https:\/\/believeindustry.company\/es\/tag\/construction-and-steel-structure\/"},"img":{"alt_text":"ibr roofing sheet making machine line","src":"https:\/\/i0.wp.com\/believeindustry.company\/wp-content\/uploads\/2018\/06\/ibr-roof-sheet-making-machine-line.jpg?resize=350%2C200&ssl=1","width":350,"height":200,"srcset":"https:\/\/i0.wp.com\/believeindustry.company\/wp-content\/uploads\/2018\/06\/ibr-roof-sheet-making-machine-line.jpg?resize=350%2C200&ssl=1 1x, https:\/\/i0.wp.com\/believeindustry.company\/wp-content\/uploads\/2018\/06\/ibr-roof-sheet-making-machine-line.jpg?resize=525%2C300&ssl=1 1.5x, https:\/\/i0.wp.com\/believeindustry.company\/wp-content\/uploads\/2018\/06\/ibr-roof-sheet-making-machine-line.jpg?resize=700%2C400&ssl=1 2x"},"classes":[]},{"id":763,"url":"https:\/\/believeindustry.company\/es\/roll-forming-machine\/metal-sheet-roll-forming-machine\/double-layer-roll-forming-machine\/","url_meta":{"origin":9483,"position":2},"title":"M\u00e1quina formadora de rodillos de doble capa","author":"Believe Industry Group","date":"marzo 29, 2018","format":false,"excerpt":"A Double Layer Roll Forming Machine is an advanced industrial manufacturing system designed to produce two distinct metal profiles on a single machine base. Consequently, this innovative equipment integrates an upper and a lower forming level to maximize factory floor space. Furthermore, it allows operators to switch between different profiles,\u2026","rel":"","context":"En \u00abConstruction and Steel Structure\u00bb","block_context":{"text":"Construction and Steel Structure","link":"https:\/\/believeindustry.company\/es\/tag\/construction-and-steel-structure\/"},"img":{"alt_text":"Beli Rollforming precision roll forming rollers and dies, core components of double layer roll forming machine for shaping metal profiles","src":"https:\/\/i0.wp.com\/believeindustry.company\/wp-content\/uploads\/2025\/12\/Double-Layer-Machine-.webp?resize=350%2C200&ssl=1","width":350,"height":200,"srcset":"https:\/\/i0.wp.com\/believeindustry.company\/wp-content\/uploads\/2025\/12\/Double-Layer-Machine-.webp?resize=350%2C200&ssl=1 1x, https:\/\/i0.wp.com\/believeindustry.company\/wp-content\/uploads\/2025\/12\/Double-Layer-Machine-.webp?resize=525%2C300&ssl=1 1.5x, https:\/\/i0.wp.com\/believeindustry.company\/wp-content\/uploads\/2025\/12\/Double-Layer-Machine-.webp?resize=700%2C400&ssl=1 2x, https:\/\/i0.wp.com\/believeindustry.company\/wp-content\/uploads\/2025\/12\/Double-Layer-Machine-.webp?resize=1050%2C600&ssl=1 3x, https:\/\/i0.wp.com\/believeindustry.company\/wp-content\/uploads\/2025\/12\/Double-Layer-Machine-.webp?resize=1400%2C800&ssl=1 4x"},"classes":[]},{"id":593,"url":"https:\/\/believeindustry.company\/es\/roll-forming-machine\/metal-sheet-roll-forming-machine\/roofing-sheet-roll-forming-machine\/","url_meta":{"origin":9483,"position":3},"title":"M\u00e1quina formadora de rollos de l\u00e1minas para techos","author":"Believe Industry Group","date":"marzo 22, 2018","format":false,"excerpt":"La m\u00e1quina perfiladora de l\u00e1minas para techos est\u00e1 dise\u00f1ada para producir diversos tipos de l\u00e1minas para techos y revestimientos de paredes seg\u00fan el plano de dise\u00f1o y con la longitud deseada. El espesor suele oscilar entre 0,2 y 0,8 mm, y la resistencia entre 235 MPa y 550 MPa. Introducci\u00f3n a la m\u00e1quina perfiladora de l\u00e1minas para techos. \u00bfD\u00f3nde encontrarla?","rel":"","context":"En \u00abConstruction and Steel Structure\u00bb","block_context":{"text":"Construction and Steel Structure","link":"https:\/\/believeindustry.company\/es\/tag\/construction-and-steel-structure\/"},"img":{"alt_text":"roof sheet roll forming machine","src":"https:\/\/i0.wp.com\/believeindustry.company\/wp-content\/uploads\/2018\/06\/roof-sheet-roll-forming-machine_%E5%89%AF%E6%9C%AC.jpg?resize=350%2C200&ssl=1","width":350,"height":200,"srcset":"https:\/\/i0.wp.com\/believeindustry.company\/wp-content\/uploads\/2018\/06\/roof-sheet-roll-forming-machine_%E5%89%AF%E6%9C%AC.jpg?resize=350%2C200&ssl=1 1x, https:\/\/i0.wp.com\/believeindustry.company\/wp-content\/uploads\/2018\/06\/roof-sheet-roll-forming-machine_%E5%89%AF%E6%9C%AC.jpg?resize=525%2C300&ssl=1 1.5x, https:\/\/i0.wp.com\/believeindustry.company\/wp-content\/uploads\/2018\/06\/roof-sheet-roll-forming-machine_%E5%89%AF%E6%9C%AC.jpg?resize=700%2C400&ssl=1 2x, https:\/\/i0.wp.com\/believeindustry.company\/wp-content\/uploads\/2018\/06\/roof-sheet-roll-forming-machine_%E5%89%AF%E6%9C%AC.jpg?resize=1050%2C600&ssl=1 3x"},"classes":[]},{"id":6731,"url":"https:\/\/believeindustry.company\/es\/roll-forming-machine\/metal-sheet-roll-forming-machine\/ag-panel-roll-forming-machine\/","url_meta":{"origin":9483,"position":4},"title":"M\u00e1quina perfiladora de paneles AG","author":"Believe Industry Group","date":"mayo 9, 2019","format":false,"excerpt":"An AG Panel Roll Forming Machine is an industrial machine that continuously shapes flat metal coils (typically steel or aluminum) into the finished, ribbed profile known as the AG (Agricultural) Panel. What\u2019s AG Panel? AG Panel Metal Roof, a low depth profile, economical panel solution for residential, commercial and agricultural\u2026","rel":"","context":"En \u00abConstruction and Steel Structure\u00bb","block_context":{"text":"Construction and Steel Structure","link":"https:\/\/believeindustry.company\/es\/tag\/construction-and-steel-structure\/"},"img":{"alt_text":"AG Panel Roll Forming Machine","src":"https:\/\/i0.wp.com\/believeindustry.company\/wp-content\/uploads\/2023\/06\/AG-Panel-Roll-Forming-Machine.jpg?resize=350%2C200&ssl=1","width":350,"height":200,"srcset":"https:\/\/i0.wp.com\/believeindustry.company\/wp-content\/uploads\/2023\/06\/AG-Panel-Roll-Forming-Machine.jpg?resize=350%2C200&ssl=1 1x, https:\/\/i0.wp.com\/believeindustry.company\/wp-content\/uploads\/2023\/06\/AG-Panel-Roll-Forming-Machine.jpg?resize=525%2C300&ssl=1 1.5x, https:\/\/i0.wp.com\/believeindustry.company\/wp-content\/uploads\/2023\/06\/AG-Panel-Roll-Forming-Machine.jpg?resize=700%2C400&ssl=1 2x, https:\/\/i0.wp.com\/believeindustry.company\/wp-content\/uploads\/2023\/06\/AG-Panel-Roll-Forming-Machine.jpg?resize=1050%2C600&ssl=1 3x"},"classes":[]},{"id":10025,"url":"https:\/\/believeindustry.company\/es\/roll-forming-machine\/pallet-racking-roll-forming-machine\/step-beam-roll-forming-machine\/","url_meta":{"origin":9483,"position":5},"title":"M\u00e1quina formadora de rodillos de viga escalonada","author":"Believe Industry Group","date":"febrero 22, 2024","format":false,"excerpt":"Describtion Step Beam Roll Forming Machine is to producing Steps Beams with various dimensions. Believe Industry Company have different solutions of machines for step beams: Transmission\uff1a Chain or Gear Box Welding Way: Spot welded or Laser contunuous Welded Speed: 1-2m\/min or 6-8m\/min Step Beam Roll Forming Machine Layout Step Beam\u2026","rel":"","context":"En \u00abRoll Forming Machine\u00bb","block_context":{"text":"Roll Forming Machine","link":"https:\/\/believeindustry.company\/es\/tag\/roll-forming-machine\/"},"img":{"alt_text":"Step Beam Machine: 7 Powerful Strategies for Top Yield","src":"https:\/\/i0.wp.com\/believeindustry.company\/wp-content\/uploads\/2026\/03\/step-beam-roll-forming-machine.webp?resize=350%2C200&ssl=1","width":350,"height":200,"srcset":"https:\/\/i0.wp.com\/believeindustry.company\/wp-content\/uploads\/2026\/03\/step-beam-roll-forming-machine.webp?resize=350%2C200&ssl=1 1x, https:\/\/i0.wp.com\/believeindustry.company\/wp-content\/uploads\/2026\/03\/step-beam-roll-forming-machine.webp?resize=525%2C300&ssl=1 1.5x, https:\/\/i0.wp.com\/believeindustry.company\/wp-content\/uploads\/2026\/03\/step-beam-roll-forming-machine.webp?resize=700%2C400&ssl=1 2x, https:\/\/i0.wp.com\/believeindustry.company\/wp-content\/uploads\/2026\/03\/step-beam-roll-forming-machine.webp?resize=1050%2C600&ssl=1 3x, https:\/\/i0.wp.com\/believeindustry.company\/wp-content\/uploads\/2026\/03\/step-beam-roll-forming-machine.webp?resize=1400%2C800&ssl=1 4x"},"classes":[]}],"amp_enabled":true,"_links":{"self":[{"href":"https:\/\/believeindustry.company\/es\/wp-json\/wp\/v2\/pages\/9483","targetHints":{"allow":["GET"]}}],"collection":[{"href":"https:\/\/believeindustry.company\/es\/wp-json\/wp\/v2\/pages"}],"about":[{"href":"https:\/\/believeindustry.company\/es\/wp-json\/wp\/v2\/types\/page"}],"author":[{"embeddable":true,"href":"https:\/\/believeindustry.company\/es\/wp-json\/wp\/v2\/users\/2"}],"replies":[{"embeddable":true,"href":"https:\/\/believeindustry.company\/es\/wp-json\/wp\/v2\/comments?post=9483"}],"version-history":[{"count":10,"href":"https:\/\/believeindustry.company\/es\/wp-json\/wp\/v2\/pages\/9483\/revisions"}],"predecessor-version":[{"id":22052,"href":"https:\/\/believeindustry.company\/es\/wp-json\/wp\/v2\/pages\/9483\/revisions\/22052"}],"up":[{"embeddable":true,"href":"https:\/\/believeindustry.company\/es\/wp-json\/wp\/v2\/pages\/1257"}],"wp:featuredmedia":[{"embeddable":true,"href":"https:\/\/believeindustry.company\/es\/wp-json\/wp\/v2\/media\/9491"}],"wp:attachment":[{"href":"https:\/\/believeindustry.company\/es\/wp-json\/wp\/v2\/media?parent=9483"}],"wp:term":[{"taxonomy":"post_tag","embeddable":true,"href":"https:\/\/believeindustry.company\/es\/wp-json\/wp\/v2\/tags?post=9483"}],"curies":[{"name":"wp","href":"https:\/\/api.w.org\/{rel}","templated":true}]}}