{"id":1660,"date":"2018-05-08T15:43:24","date_gmt":"2018-05-08T07:43:24","guid":{"rendered":"https:\/\/believeindustry.company\/?post_type=product&#038;p=1660"},"modified":"2025-11-11T10:12:40","modified_gmt":"2025-11-11T02:12:40","slug":"maquina-de-correas-c","status":"publish","type":"product","link":"https:\/\/believeindustry.company\/es\/product\/c-purlin-machine\/","title":{"rendered":"M\u00e1quina de correas C"},"content":{"rendered":"<h1><span style=\"font-size: 18pt;\">M\u00e1quina de correas C<\/span><\/h1>\n<p>La m\u00e1quina para perfiles C es una l\u00ednea continua para producir perfiles C de diversos tama\u00f1os seg\u00fan los requisitos deseados.<\/p>\n<h2><span style=\"font-size: 14pt;\">M\u00e1quina de correas<\/span><\/h2>\n<h2><span style=\"font-size: 12pt;\"><em><i>Desenrollador manual de 3 toneladas<\/i><\/em><\/span><\/h2>\n<ol>\n<li>Ancho de la bobina: 200-580 mm<\/li>\n<li>Di\u00e1metro interior de la bobina: de 480 mm a 560 mm<\/li>\n<li>Capacidad m\u00e1xima: 3 toneladas<\/li>\n<li>Estructura: Placa de acero y viga soldada<\/li>\n<li>Funci\u00f3n: Sostener y desenrollar las tiras de acero<\/li>\n<\/ol>\n<h3><span style=\"font-size: 12pt;\"><em><i>Alimentaci\u00f3n\u00a0<\/i><\/em><em><i>Y nivelaci\u00f3n<\/i><\/em><\/span><\/h3>\n<ol>\n<li>Tipo de alimentaci\u00f3n: Ajustable<\/li>\n<li>Rango de ancho: 200-400 mm<\/li>\n<li>Di\u00e1metro del rodillo de alimentaci\u00f3n y gu\u00eda: 65 mm<\/li>\n<li>Material del rodillo: Acero 45 # con tratamiento de temple HRC 48-52, cromado superficial.<\/li>\n<li>Rodillo nivelador: 3 superiores, 4 inferiores (total 7 rodillos)<\/li>\n<li>Rodillo nivelador: Acero 45 # con tratamiento de temple HRC 48-52, cromado<\/li>\n<li>Di\u00e1metro del eje de nivelaci\u00f3n: 76 mm<\/li>\n<li>Material del eje de nivelaci\u00f3n: acero 45# templado y revenido<\/li>\n<\/ol>\n<h3><span style=\"font-size: 12pt;\">M\u00e1quina perfiladora de rodillos<\/span><\/h3>\n<ol>\n<li>Espesor del material: 0,8-2,5 mm<\/li>\n<li>Potencia del motor principal: 11 kW<\/li>\n<li>Velocidad de formaci\u00f3n: 8-12 m\/min (sin incluir el tiempo de corte)<\/li>\n<li>Cantidad de puestos: 14 estaciones<\/li>\n<li>Material y di\u00e1metro del eje: \u00d870 mm, acero 45#<\/li>\n<li>Material de los rodillos de conformado: GCR 15<\/li>\n<li>Tolerancia: +\/-5 mm<\/li>\n<li>Tipo de transmisi\u00f3n: cadena simple de 1,5 pulgadas<\/li>\n<li>Peso total: Aproximadamente 10 toneladas<\/li>\n<li>El ancho del perfil debe ajustarse manualmente.<\/li>\n<\/ol>\n<h3><span style=\"font-size: 12pt;\">Dispositivo de corte hidr\u00e1ulico<\/span><\/h3>\n<ol>\n<li>Tipo de corte: Corte hidr\u00e1ulico<\/li>\n<li>Potencia de corte: 5,5 kW<\/li>\n<li>Presi\u00f3n de trabajo: 12-16 MPa<\/li>\n<li>Movimiento de corte: La pieza de conformado por rodillos no se detiene durante el corte.<\/li>\n<li>Material del molde de corte: Acero Cr12 con tratamiento de temple HRC 60-62, 3 grupos<\/li>\n<li>Longitud y cantidad de corte: Los clientes configuran la longitud y la cantidad en la pantalla t\u00e1ctil del PLC.<\/li>\n<li>Tolerancia de longitud: +\/-5 mm<\/li>\n<\/ol>\n<h3><span style=\"font-size: 12pt;\">Estaci\u00f3n hidr\u00e1ulica<\/span><\/h3>\n<ol>\n<li>Potencia hidr\u00e1ulica: 5 kW<\/li>\n<li>Presi\u00f3n de trabajo: 12-16 MPa<\/li>\n<li>Aceite hidr\u00e1ulico: aceite hidr\u00e1ulico 46#<\/li>\n<li>Color: azul (o seg\u00fan los requisitos)<b><i><\/i><\/b><\/li>\n<\/ol>\n<h3><span style=\"font-size: 12pt;\">Sistema controlado<\/span><\/h3>\n<ol>\n<li>El operario introduce la longitud y la cantidad del producto a trav\u00e9s de la pantalla t\u00e1ctil, hasta un total de 20 grupos; la pantalla t\u00e1ctil mostrar\u00e1 el estado de funcionamiento de la m\u00e1quina.<\/li>\n<li>Adopta un conector de aviaci\u00f3n para una f\u00e1cil conexi\u00f3n.<\/li>\n<li>Sistema de control por computadora: PLC Panasonic<\/li>\n<li>Codificador: Marca Omron<\/li>\n<li>Convertidor de frecuencia: Yaskawa<\/li>\n<li>Pantalla t\u00e1ctil: MCSG<\/li>\n<li>Alimentaci\u00f3n del sistema controlado: Protecci\u00f3n contra sobrecargas<\/li>\n<li>Presi\u00f3n de la estaci\u00f3n hidr\u00e1ulica: \u226512 MPa<\/li>\n<li>Corriente: 380 V corriente continua, 50 Hz, trif\u00e1sica<\/li>\n<\/ol>\n<p><a href=\"http:\/\/www.belirollform.com\" target=\"_blank\" rel=\"noopener\">Compa\u00f1\u00eda de la Industria Believe<\/a> Disponemos de varios tipos de m\u00e1quinas para correas C que se adaptan a diferentes necesidades. Para obtener m\u00e1s informaci\u00f3n, por favor... <a href=\"https:\/\/believeindustry.company\/es\/maquina-perfiladora-de-rodillos\/maquina-formadora-de-perfiles\/maquina-formadora-de-perfiles-c\/\">Consulta m\u00e1s informaci\u00f3n<\/a>!<\/p>","protected":false},"excerpt":{"rendered":"<p>C Purlin Machine C Purlin Machine is a continuous line to produce various sizes of C Purlins as per desired requirements M\/C of C Purlin Machine 3 Ton Manual Uncoiler Coil width: 200-580 mm Coil I.D: 480 mm to 560 mm Max.capacity: 3 Ton Structure: Steel plate and Beam Welded Function: Supporting and uncoiling the [&hellip;]<\/p>\n","protected":false},"featured_media":1663,"comment_status":"closed","ping_status":"closed","template":"","meta":{"_angie_page":false,"jetpack_publicize_message":"","jetpack_publicize_feature_enabled":true,"jetpack_social_post_already_shared":true,"jetpack_social_options":{"image_generator_settings":{"template":"highway","default_image_id":0,"font":"","enabled":false},"version":2},"_wpas_customize_per_network":false},"product_brand":[607850681],"product_cat":[607850688,607850687],"product_tag":[607846086,607846087,607846085,607846084,607846083],"class_list":{"0":"post-1660","1":"product","2":"type-product","3":"status-publish","4":"has-post-thumbnail","6":"product_brand-believe-industry-company","7":"product_cat-steel-structure","8":"product_cat-steel-structure-and-construction","9":"product_tag-c-purlin-machine","10":"product_tag-c-purlin-roll-forming","11":"product_tag-c-purlin-roll-forming-machine","12":"product_tag-roll-forming","13":"product_tag-roll-forming-machine","15":"first","16":"instock","17":"downloadable","18":"shipping-taxable","19":"purchasable","20":"product-type-simple"},"jetpack_publicize_connections":[],"jetpack_sharing_enabled":true,"jetpack_likes_enabled":true,"jetpack-related-posts":[],"amp_enabled":true,"_links":{"self":[{"href":"https:\/\/believeindustry.company\/es\/wp-json\/wp\/v2\/product\/1660","targetHints":{"allow":["GET"]}}],"collection":[{"href":"https:\/\/believeindustry.company\/es\/wp-json\/wp\/v2\/product"}],"about":[{"href":"https:\/\/believeindustry.company\/es\/wp-json\/wp\/v2\/types\/product"}],"replies":[{"embeddable":true,"href":"https:\/\/believeindustry.company\/es\/wp-json\/wp\/v2\/comments?post=1660"}],"version-history":[{"count":1,"href":"https:\/\/believeindustry.company\/es\/wp-json\/wp\/v2\/product\/1660\/revisions"}],"predecessor-version":[{"id":19345,"href":"https:\/\/believeindustry.company\/es\/wp-json\/wp\/v2\/product\/1660\/revisions\/19345"}],"wp:featuredmedia":[{"embeddable":true,"href":"https:\/\/believeindustry.company\/es\/wp-json\/wp\/v2\/media\/1663"}],"wp:attachment":[{"href":"https:\/\/believeindustry.company\/es\/wp-json\/wp\/v2\/media?parent=1660"}],"wp:term":[{"taxonomy":"product_brand","embeddable":true,"href":"https:\/\/believeindustry.company\/es\/wp-json\/wp\/v2\/product_brand?post=1660"},{"taxonomy":"product_cat","embeddable":true,"href":"https:\/\/believeindustry.company\/es\/wp-json\/wp\/v2\/product_cat?post=1660"},{"taxonomy":"product_tag","embeddable":true,"href":"https:\/\/believeindustry.company\/es\/wp-json\/wp\/v2\/product_tag?post=1660"}],"curies":[{"name":"wp","href":"https:\/\/api.w.org\/{rel}","templated":true}]}}