{"id":1760,"date":"2018-05-14T16:15:53","date_gmt":"2018-05-14T08:15:53","guid":{"rendered":"https:\/\/believeindustry.company\/?post_type=product&#038;p=1760"},"modified":"2025-11-11T10:11:10","modified_gmt":"2025-11-11T02:11:10","slug":"maquina-formadora-de-rollos-de-chapa-686-ibr","status":"publish","type":"product","link":"https:\/\/believeindustry.company\/es\/product\/686-ibr-sheet-roll-forming-machine\/","title":{"rendered":"M\u00e1quina formadora de rollos de chapa 686 IBR"},"content":{"rendered":"<h1><span style=\"font-size: 18pt;\">M\u00e1quina formadora de rollos de chapa 686 IBR<\/span><\/h1>\n<p>La m\u00e1quina formadora de rollos de l\u00e1minas 686 IBR es una l\u00ednea completa para producir l\u00e1minas IBR de la longitud deseada.<\/p>\n<h2><span style=\"font-size: 14pt;\">Dibujo de hoja IBR<\/span><\/h2>\n<figure id=\"attachment_1761\" aria-describedby=\"caption-attachment-1761\" style=\"width: 681px\" class=\"wp-caption alignnone\"><img fetchpriority=\"high\" decoding=\"async\" data-attachment-id=\"1761\" data-permalink=\"https:\/\/believeindustry.company\/es\/?attachment_id=1761\" data-orig-file=\"https:\/\/believeindustry.company\/wp-content\/uploads\/2018\/05\/686IBR-sheet.png\" data-orig-size=\"681,197\" data-comments-opened=\"1\" data-image-meta=\"{&quot;aperture&quot;:&quot;0&quot;,&quot;credit&quot;:&quot;&quot;,&quot;camera&quot;:&quot;&quot;,&quot;caption&quot;:&quot;&quot;,&quot;created_timestamp&quot;:&quot;0&quot;,&quot;copyright&quot;:&quot;&quot;,&quot;focal_length&quot;:&quot;0&quot;,&quot;iso&quot;:&quot;0&quot;,&quot;shutter_speed&quot;:&quot;0&quot;,&quot;title&quot;:&quot;&quot;,&quot;orientation&quot;:&quot;0&quot;}\" data-image-title=\"686IBR sheet\" data-image-description=\"\" data-image-caption=\"\" data-medium-file=\"https:\/\/believeindustry.company\/wp-content\/uploads\/2018\/05\/686IBR-sheet-300x87.png\" data-large-file=\"https:\/\/believeindustry.company\/wp-content\/uploads\/2018\/05\/686IBR-sheet.png\" class=\"size-full wp-image-1761\" src=\"https:\/\/believeindustry.company\/wp-content\/uploads\/2018\/05\/686IBR-sheet.png\" alt=\"Hoja IBR\" width=\"681\" height=\"197\" srcset=\"https:\/\/believeindustry.company\/wp-content\/uploads\/2018\/05\/686IBR-sheet.png 681w, https:\/\/believeindustry.company\/wp-content\/uploads\/2018\/05\/686IBR-sheet-600x174.png 600w, https:\/\/believeindustry.company\/wp-content\/uploads\/2018\/05\/686IBR-sheet-300x87.png 300w\" sizes=\"(max-width: 681px) 100vw, 681px\" \/><figcaption id=\"caption-attachment-1761\" class=\"wp-caption-text\">La l\u00e1mina tipo 686 IBR se utiliza en Sud\u00e1frica.<\/figcaption><\/figure>\n<h2><span style=\"font-size: 14pt;\">Especificaciones t\u00e9cnicas de la m\u00e1quina formadora de rollos de chapa 686 IBR<\/span><\/h2>\n<h3><span style=\"font-size: 12pt;\">Esquema de la m\u00e1quina formadora de rollos de chapa IBR<\/span><\/h3>\n<figure id=\"attachment_1763\" aria-describedby=\"caption-attachment-1763\" style=\"width: 629px\" class=\"wp-caption alignnone\"><img decoding=\"async\" data-attachment-id=\"1763\" data-permalink=\"https:\/\/believeindustry.company\/es\/?attachment_id=1763\" data-orig-file=\"https:\/\/believeindustry.company\/wp-content\/uploads\/2018\/05\/ibr-sheet-roll-forming-machine-layout.jpg\" data-orig-size=\"629,153\" data-comments-opened=\"1\" data-image-meta=\"{&quot;aperture&quot;:&quot;0&quot;,&quot;credit&quot;:&quot;&quot;,&quot;camera&quot;:&quot;&quot;,&quot;caption&quot;:&quot;&quot;,&quot;created_timestamp&quot;:&quot;0&quot;,&quot;copyright&quot;:&quot;&quot;,&quot;focal_length&quot;:&quot;0&quot;,&quot;iso&quot;:&quot;0&quot;,&quot;shutter_speed&quot;:&quot;0&quot;,&quot;title&quot;:&quot;&quot;,&quot;orientation&quot;:&quot;0&quot;}\" data-image-title=\"ibr sheet roll forming machine layout\" data-image-description=\"\" data-image-caption=\"&lt;p&gt;Uncoiling&amp;#8211;Feeding and Guiding&amp;#8211;Roll Forming&amp;#8211;Cutting&amp;#8211;Collecting&lt;\/p&gt;\" data-medium-file=\"https:\/\/believeindustry.company\/wp-content\/uploads\/2018\/05\/ibr-sheet-roll-forming-machine-layout-300x73.jpg\" data-large-file=\"https:\/\/believeindustry.company\/wp-content\/uploads\/2018\/05\/ibr-sheet-roll-forming-machine-layout.jpg\" class=\"size-full wp-image-1763\" src=\"https:\/\/believeindustry.company\/wp-content\/uploads\/2018\/05\/ibr-sheet-roll-forming-machine-layout.jpg\" alt=\"Esquema de la m\u00e1quina formadora de rollos de chapa IBR\" width=\"629\" height=\"153\" srcset=\"https:\/\/believeindustry.company\/wp-content\/uploads\/2018\/05\/ibr-sheet-roll-forming-machine-layout.jpg 629w, https:\/\/believeindustry.company\/wp-content\/uploads\/2018\/05\/ibr-sheet-roll-forming-machine-layout-600x146.jpg 600w, https:\/\/believeindustry.company\/wp-content\/uploads\/2018\/05\/ibr-sheet-roll-forming-machine-layout-300x73.jpg 300w\" sizes=\"(max-width: 629px) 100vw, 629px\" \/><figcaption id=\"caption-attachment-1763\" class=\"wp-caption-text\">Desenrollado\u2013Alimentaci\u00f3n y guiado\u2013Conformado de rodillos\u2013Corte\u2013Recogida<\/figcaption><\/figure>\n<h3><span style=\"font-size: 12pt;\">M\u00e1quina formadora de rollos de chapa M\/C de 686 IBR<\/span><\/h3>\n<ol>\n<li>Desenrollador hidr\u00e1ulico<\/li>\n<li>M\u00e1quina perfiladora de rodillos<\/li>\n<li>Unidad de corte<\/li>\n<li>Tabla de colecci\u00f3n<\/li>\n<li>Estaci\u00f3n hidr\u00e1ulica<\/li>\n<li>Caja controlada<\/li>\n<li>M\u00e1quina de coser autom\u00e1tica<\/li>\n<\/ol>\n<p>Especificaciones de la m\u00e1quina formadora de rollos de chapa 686 IBR<\/p>\n<h4><span style=\"font-size: 12pt;\">Desenrollador hidr\u00e1ulico de 5 toneladas <\/span><\/h4>\n<ol>\n<li>La unidad de alimentaci\u00f3n est\u00e1 separada mec\u00e1nicamente del resto de la l\u00ednea de producci\u00f3n.<\/li>\n<li>Portabobinas: Mecanismo hidr\u00e1ulico para asegurar el acero enrollado en el dispositivo, adecuado para el peso de bobina requerido;<\/li>\n<li>Ancho de la bobina de acero: 914 mm<\/li>\n<li>Di\u00e1metro interior de la bobina: Variable, de 480 mm a 560 mm<\/li>\n<li>Di\u00e1metro exterior m\u00e1ximo: 1200 mm<\/li>\n<li>Peso m\u00e1ximo de la bobina: 5000 kg;<\/li>\n<li>Velocidad de trabajo: ajustable de 0 a 15 m\/min<\/li>\n<li>Potencia del motor principal: motor de CA de 5,5 kW<\/li>\n<\/ol>\n<h4><a href=\"https:\/\/believeindustry.company\/es\/equipos-de-laminacion\/\">M\u00e1quina perfiladora de rodillos<\/a><\/h4>\n<ol>\n<li>El bastidor base de la m\u00e1quina adopta una viga en H y una placa de acero de 20 mm soldada.<\/li>\n<li>Estaci\u00f3n de rollo: 18<\/li>\n<li>Material del rodillo: acero 45# (ASTM 1045) con superficie cromada y dureza de 58-62 grados, mecanizado CNC.,<\/li>\n<li>Di\u00e1metro del eje: 80 mm, acero 45# (ASTM1045)<\/li>\n<li>Todas las superficies de los espaciadores est\u00e1n cromadas.<\/li>\n<li>Potencia del motor principal: 7,5 kW<\/li>\n<li>Transmisi\u00f3n: cadena de 1 pulgada<\/li>\n<li>Para evitar accidentes, todas las partes de transmisi\u00f3n cuentan con una cubierta protectora.<\/li>\n<li>Velocidad de l\u00ednea: M\u00e1x. 15 m\/min, sin incluir el corte.<\/li>\n<li>Para evitar accidentes, todas las partes de transmisi\u00f3n cuentan con una cubierta protectora.<\/li>\n<\/ol>\n<h4>Dispositivo de corte<\/h4>\n<ol>\n<li>Tipo de corte: Hidr\u00e1ulico, conectar con la unidad hidr\u00e1ulica de punzonado<\/li>\n<li>Material de la hoja: Cr12 con tratamiento t\u00e9rmico 58-62<\/li>\n<li>Medici\u00f3n de longitud: Medici\u00f3n autom\u00e1tica de longitud mediante codificador, marca: Omron<\/li>\n<li>Tolerancia de longitud: +\/- 1,5 mm por pieza del producto final<\/li>\n<\/ol>\n<h4>Estaci\u00f3n hidr\u00e1ulica con ventilador de refrigeraci\u00f3n<\/h4>\n<ol>\n<li>Potencia hidr\u00e1ulica: 4 kW<\/li>\n<li>Presi\u00f3n de trabajo: ajustable de 12 a 16 MPa<\/li>\n<li>Aceite hidr\u00e1ulico: aceite hidr\u00e1ulico 46#<\/li>\n<li>V\u00e1lvula solenoide: 2 grupos<\/li>\n<\/ol>\n<h4>Tabla de salida<\/h4>\n<ol>\n<li>Mesa para la recepci\u00f3n de los perfiles cortados: Con transportador de rodillos que permite descargar libremente el perfil cortado.<\/li>\n<li>Descarga de los productos terminados de la mesa de perfiles cortados: Manual<\/li>\n<li>Estructura: Soldadura por tubo<\/li>\n<li>Tama\u00f1o: Aproximadamente 2,0 m de largo * 0,6 m de ancho * 0,9 m de alto<\/li>\n<li>Una mesa auxiliar con pocos rodillos de apoyo (seg\u00fan el dise\u00f1o final).<\/li>\n<li>Rodillo de apoyo: ASTM 1045 con cromo<\/li>\n<li>Di\u00e1metro de los rodillos: 55 mm<\/li>\n<li>Color: Azul o seg\u00fan la solicitud del cliente.<\/li>\n<\/ol>\n<h4>Sistema de control<\/h4>\n<ol>\n<li>Parada autom\u00e1tica del equipo tras la finalizaci\u00f3n del programa de corte<\/li>\n<li>Idioma del sistema operativo: ingl\u00e9s y chino.<\/li>\n<li>Tensi\u00f3n, frecuencia, fase: 415 V, 50 Hz, trif\u00e1sica<\/li>\n<li>Las imprecisiones en la longitud se pueden corregir f\u00e1cilmente.<\/li>\n<li>Panel de control: Interruptor de tipo bot\u00f3n y pantalla t\u00e1ctil (MCGS)<\/li>\n<li>Unidad de longitud: Mil\u00edmetro (seleccionable en el panel de control)<\/li>\n<li>Marca del PLC: Panasonic<\/li>\n<li>Marca del convertidor de frecuencia: Yaskawa<\/li>\n<li>Codificador Omron<\/li>\n<li>Componentes el\u00e9ctricos principales: Schneider<\/li>\n<li>Adopte conectores de aviaci\u00f3n para facilitar la conexi\u00f3n de los cables.<\/li>\n<\/ol>\n<p><a href=\"http:\/\/www.belirollform.com\" target=\"_blank\" rel=\"noopener\">Compa\u00f1\u00eda de la Industria Believe<\/a>tienen diferentes dise\u00f1os de <a href=\"https:\/\/believeindustry.company\/es\/maquina-perfiladora-de-rodillos\/maquina-formadora-de-rollos-de-chapa-metalica\/maquina-formadora-de-rollos-de-chapa-ibr\/\">M\u00e1quina formadora de rollos de chapa IBR<\/a>, y tambi\u00e9n tienen series de tipos de <a href=\"https:\/\/believeindustry.company\/es\/maquina-perfiladora-de-rodillos-personalizada\/\">m\u00e1quina perfiladora de rodillos personalizada<\/a>. Cont\u00e1ctanos ahora.<\/p>\n<p>&nbsp;<\/p>\n<p>&nbsp;<\/p>\n<p>&nbsp;<\/p>\n<p>&nbsp;<\/p>","protected":false},"excerpt":{"rendered":"<p>686 IBR Sheet Roll Forming Machine 686 IBR Sheet Roll Forming Machine is a whole line to produce IBR sheets as desired length. IBR sheet drawing Technical Specifications of 686 IBR Sheet Roll Forming Machine Layout of IBR Sheet Roll Forming Machine M\/C of 686 IBR Sheet Roll Forming Machine Hydraulic Uncoiler Roll Forming Machine [&hellip;]<\/p>\n","protected":false},"featured_media":1764,"comment_status":"closed","ping_status":"closed","template":"","meta":{"_angie_page":false,"jetpack_post_was_ever_published":false,"jetpack_publicize_message":"","jetpack_publicize_feature_enabled":true,"jetpack_social_post_already_shared":true,"jetpack_social_options":{"image_generator_settings":{"template":"highway","default_image_id":0,"font":"","enabled":false},"version":2},"_wpas_customize_per_network":false},"product_brand":[607850681],"product_cat":[607850689],"product_tag":[607846441,607846440,607846439,607846084,607846083],"class_list":{"0":"post-1760","1":"product","2":"type-product","3":"status-publish","4":"has-post-thumbnail","6":"product_brand-believe-industry-company","7":"product_cat-metal-panel","8":"product_tag-686-ibr-sheet-roll-forming-machine","9":"product_tag-ibr-roll-forming-machine","10":"product_tag-ibr-sheet-roll-forming-machine","11":"product_tag-roll-forming","12":"product_tag-roll-forming-machine","14":"first","15":"instock","16":"sale","17":"shipping-taxable","18":"purchasable","19":"product-type-simple"},"jetpack_publicize_connections":[],"jetpack_sharing_enabled":true,"jetpack_likes_enabled":false,"jetpack-related-posts":[{"id":2209,"url":"https:\/\/believeindustry.company\/es\/product\/ibr-roofing-sheet-making-machine\/","url_meta":{"origin":1760,"position":0},"title":"M\u00e1quina para fabricar l\u00e1minas para techos IBR","author":"Believe Industry Group","date":"junio 8, 2018","format":false,"excerpt":"IBR Roofing Sheet Making Machine IBR Roofing Sheet Making Machine is a whole line to produce \u00a0IBR Roof Sheeting as desired length. Believe Industry Have 2 types of roll forming machines for 686 and 890 IBR sheeting IBR sheet drawing Technical Specifications of IBR Roofing Sheet Making Machine Layout of\u2026","rel":"","context":"Entrada similar","block_context":{"text":"Entrada similar","link":""},"img":{"alt_text":"ibr roofing sheet making machine line","src":"https:\/\/i0.wp.com\/believeindustry.company\/wp-content\/uploads\/2018\/06\/ibr-roof-sheet-making-machine-line.jpg?resize=350%2C200&ssl=1","width":350,"height":200,"srcset":"https:\/\/i0.wp.com\/believeindustry.company\/wp-content\/uploads\/2018\/06\/ibr-roof-sheet-making-machine-line.jpg?resize=350%2C200&ssl=1 1x, https:\/\/i0.wp.com\/believeindustry.company\/wp-content\/uploads\/2018\/06\/ibr-roof-sheet-making-machine-line.jpg?resize=525%2C300&ssl=1 1.5x, https:\/\/i0.wp.com\/believeindustry.company\/wp-content\/uploads\/2018\/06\/ibr-roof-sheet-making-machine-line.jpg?resize=700%2C400&ssl=1 2x"},"classes":[]},{"id":1777,"url":"https:\/\/believeindustry.company\/es\/product\/ibr-roof-sheeting-roll-forming-machine\/","url_meta":{"origin":1760,"position":1},"title":"M\u00e1quina perfiladora de l\u00e1minas para techos IBR","author":"Believe Industry Group","date":"mayo 15, 2018","format":false,"excerpt":"IBR Roof Sheeting Roll Forming Machine IBR Roof Sheeting Roll Forming Machine is a whole line to produce IBR Roof Sheeting as desired length. IBR sheet drawing Technical Specifications of IBR Roof Sheeting Roll Forming Machine Layout of IBR Sheet Roll Forming Machine M\/C of IBR Roof Sheeting Roll Forming\u2026","rel":"","context":"Entrada similar","block_context":{"text":"Entrada similar","link":""},"img":{"alt_text":"ibr roof sheeting roll forming machine","src":"https:\/\/i0.wp.com\/believeindustry.company\/wp-content\/uploads\/2018\/05\/ibr-roof-sheeting-roll-forming-machine.jpg?resize=350%2C200&ssl=1","width":350,"height":200,"srcset":"https:\/\/i0.wp.com\/believeindustry.company\/wp-content\/uploads\/2018\/05\/ibr-roof-sheeting-roll-forming-machine.jpg?resize=350%2C200&ssl=1 1x, https:\/\/i0.wp.com\/believeindustry.company\/wp-content\/uploads\/2018\/05\/ibr-roof-sheeting-roll-forming-machine.jpg?resize=525%2C300&ssl=1 1.5x, https:\/\/i0.wp.com\/believeindustry.company\/wp-content\/uploads\/2018\/05\/ibr-roof-sheeting-roll-forming-machine.jpg?resize=700%2C400&ssl=1 2x"},"classes":[]},{"id":1765,"url":"https:\/\/believeindustry.company\/es\/product\/890-ibr-sheet-roll-forming-machine\/","url_meta":{"origin":1760,"position":2},"title":"M\u00e1quina formadora de rollos de chapa 890 IBR","author":"Believe Industry Group","date":"mayo 14, 2018","format":false,"excerpt":"890 IBR Sheet Roll Forming Machine 890 IBR Sheet Roll Forming Machine is a whole line to produce IBR sheets as desired length. IBR sheet drawing Technical Specifications of 890 IBR Sheet Roll Forming Machine Layout of IBR Sheet Roll Forming Machine M\/C of 890 IBR Sheet Roll Forming Machine\u2026","rel":"","context":"Entrada similar","block_context":{"text":"Entrada similar","link":""},"img":{"alt_text":"890 ibr sheet roll forming machine","src":"https:\/\/i0.wp.com\/believeindustry.company\/wp-content\/uploads\/2018\/05\/890-ibr-sheet-roll-forming-machine.jpg?resize=350%2C200&ssl=1","width":350,"height":200,"srcset":"https:\/\/i0.wp.com\/believeindustry.company\/wp-content\/uploads\/2018\/05\/890-ibr-sheet-roll-forming-machine.jpg?resize=350%2C200&ssl=1 1x, https:\/\/i0.wp.com\/believeindustry.company\/wp-content\/uploads\/2018\/05\/890-ibr-sheet-roll-forming-machine.jpg?resize=525%2C300&ssl=1 1.5x, https:\/\/i0.wp.com\/believeindustry.company\/wp-content\/uploads\/2018\/05\/890-ibr-sheet-roll-forming-machine.jpg?resize=700%2C400&ssl=1 2x"},"classes":[]},{"id":5105,"url":"https:\/\/believeindustry.company\/es\/product\/metal-roof-deck-roll-forming-machine\/","url_meta":{"origin":1760,"position":3},"title":"M\u00e1quina perfiladora de cubiertas met\u00e1licas","author":"Believe Industry Group","date":"marzo 18, 2019","format":false,"excerpt":"Metal roof deck roll forming machine is for producing metal\/steel\/aluminum roof decks as per requirements. \u00a0 Metal Roof Deck Roll Forming Machine What's Metal Roof Deck? Metal deck is a cold formed corrugated steel sheet supported by steel joists\u00a0or beams. It is used to support concrete or insulating membrane of\u2026","rel":"","context":"Entrada similar","block_context":{"text":"Entrada similar","link":""},"img":{"alt_text":"Complete automated metal roof deck roll forming machine production line by Beli.","src":"https:\/\/i0.wp.com\/believeindustry.company\/wp-content\/uploads\/2019\/03\/metal-roof-deck-roll-forming-machine-1.webp?resize=350%2C200&ssl=1","width":350,"height":200,"srcset":"https:\/\/i0.wp.com\/believeindustry.company\/wp-content\/uploads\/2019\/03\/metal-roof-deck-roll-forming-machine-1.webp?resize=350%2C200&ssl=1 1x, https:\/\/i0.wp.com\/believeindustry.company\/wp-content\/uploads\/2019\/03\/metal-roof-deck-roll-forming-machine-1.webp?resize=525%2C300&ssl=1 1.5x, https:\/\/i0.wp.com\/believeindustry.company\/wp-content\/uploads\/2019\/03\/metal-roof-deck-roll-forming-machine-1.webp?resize=700%2C400&ssl=1 2x, https:\/\/i0.wp.com\/believeindustry.company\/wp-content\/uploads\/2019\/03\/metal-roof-deck-roll-forming-machine-1.webp?resize=1050%2C600&ssl=1 3x, https:\/\/i0.wp.com\/believeindustry.company\/wp-content\/uploads\/2019\/03\/metal-roof-deck-roll-forming-machine-1.webp?resize=1400%2C800&ssl=1 4x"},"classes":[]},{"id":1819,"url":"https:\/\/believeindustry.company\/es\/product\/corrugated-roof-sheet-roll-forming-machine\/","url_meta":{"origin":1760,"position":4},"title":"M\u00e1quina formadora de rollos de l\u00e1minas onduladas para techos","author":"Believe Industry Group","date":"mayo 17, 2018","format":false,"excerpt":"Corrugated Roof Sheet Roll Forming Machine is for producing various width of Corrugated Roof Sheets as desired length and width without any adjustment. Profile Drawings of Corrugated Roof Sheet Corrugated Roof Sheet Roll Forming Machine Layout The layout of corrugated roof sheet roll forming machine is : Uncoiling--Roll Forming--Cutting--Colllecting Machine\u2026","rel":"","context":"Entrada similar","block_context":{"text":"Entrada similar","link":""},"img":{"alt_text":"Fully Automatic Corrugated Roof Sheet Roll Forming Machine Production Line by Beli RollForming","src":"https:\/\/i0.wp.com\/believeindustry.company\/wp-content\/uploads\/2018\/05\/corrugated-roof-sheet-roll-forming-machine.webp?resize=350%2C200&ssl=1","width":350,"height":200,"srcset":"https:\/\/i0.wp.com\/believeindustry.company\/wp-content\/uploads\/2018\/05\/corrugated-roof-sheet-roll-forming-machine.webp?resize=350%2C200&ssl=1 1x, https:\/\/i0.wp.com\/believeindustry.company\/wp-content\/uploads\/2018\/05\/corrugated-roof-sheet-roll-forming-machine.webp?resize=525%2C300&ssl=1 1.5x, https:\/\/i0.wp.com\/believeindustry.company\/wp-content\/uploads\/2018\/05\/corrugated-roof-sheet-roll-forming-machine.webp?resize=700%2C400&ssl=1 2x, https:\/\/i0.wp.com\/believeindustry.company\/wp-content\/uploads\/2018\/05\/corrugated-roof-sheet-roll-forming-machine.webp?resize=1050%2C600&ssl=1 3x, https:\/\/i0.wp.com\/believeindustry.company\/wp-content\/uploads\/2018\/05\/corrugated-roof-sheet-roll-forming-machine.webp?resize=1400%2C800&ssl=1 4x"},"classes":[]},{"id":5079,"url":"https:\/\/believeindustry.company\/es\/product\/high-speed-corrugated-roof-sheet-roll-forming-machine\/","url_meta":{"origin":1760,"position":5},"title":"M\u00e1quina formadora de rollos de l\u00e1minas onduladas para techos de alta velocidad","author":"Believe Industry Group","date":"octubre 30, 2025","format":false,"excerpt":"High Speed Corrugated Roof Sheet Roll Forming Machine is for producing corrugated sheets as per desired drawings.","rel":"","context":"Entrada similar","block_context":{"text":"Entrada similar","link":""},"img":{"alt_text":"high speed corrugated roof sheet roll forming machine","src":"https:\/\/i0.wp.com\/believeindustry.company\/wp-content\/uploads\/2025\/10\/High-Speed-Corrugated-Roof-Sheet-Roll-Forming-Machine.webp?resize=350%2C200&ssl=1","width":350,"height":200,"srcset":"https:\/\/i0.wp.com\/believeindustry.company\/wp-content\/uploads\/2025\/10\/High-Speed-Corrugated-Roof-Sheet-Roll-Forming-Machine.webp?resize=350%2C200&ssl=1 1x, https:\/\/i0.wp.com\/believeindustry.company\/wp-content\/uploads\/2025\/10\/High-Speed-Corrugated-Roof-Sheet-Roll-Forming-Machine.webp?resize=525%2C300&ssl=1 1.5x, https:\/\/i0.wp.com\/believeindustry.company\/wp-content\/uploads\/2025\/10\/High-Speed-Corrugated-Roof-Sheet-Roll-Forming-Machine.webp?resize=700%2C400&ssl=1 2x, https:\/\/i0.wp.com\/believeindustry.company\/wp-content\/uploads\/2025\/10\/High-Speed-Corrugated-Roof-Sheet-Roll-Forming-Machine.webp?resize=1050%2C600&ssl=1 3x, https:\/\/i0.wp.com\/believeindustry.company\/wp-content\/uploads\/2025\/10\/High-Speed-Corrugated-Roof-Sheet-Roll-Forming-Machine.webp?resize=1400%2C800&ssl=1 4x"},"classes":[]}],"amp_enabled":true,"_links":{"self":[{"href":"https:\/\/believeindustry.company\/es\/wp-json\/wp\/v2\/product\/1760","targetHints":{"allow":["GET"]}}],"collection":[{"href":"https:\/\/believeindustry.company\/es\/wp-json\/wp\/v2\/product"}],"about":[{"href":"https:\/\/believeindustry.company\/es\/wp-json\/wp\/v2\/types\/product"}],"replies":[{"embeddable":true,"href":"https:\/\/believeindustry.company\/es\/wp-json\/wp\/v2\/comments?post=1760"}],"version-history":[{"count":1,"href":"https:\/\/believeindustry.company\/es\/wp-json\/wp\/v2\/product\/1760\/revisions"}],"predecessor-version":[{"id":19338,"href":"https:\/\/believeindustry.company\/es\/wp-json\/wp\/v2\/product\/1760\/revisions\/19338"}],"wp:featuredmedia":[{"embeddable":true,"href":"https:\/\/believeindustry.company\/es\/wp-json\/wp\/v2\/media\/1764"}],"wp:attachment":[{"href":"https:\/\/believeindustry.company\/es\/wp-json\/wp\/v2\/media?parent=1760"}],"wp:term":[{"taxonomy":"product_brand","embeddable":true,"href":"https:\/\/believeindustry.company\/es\/wp-json\/wp\/v2\/product_brand?post=1760"},{"taxonomy":"product_cat","embeddable":true,"href":"https:\/\/believeindustry.company\/es\/wp-json\/wp\/v2\/product_cat?post=1760"},{"taxonomy":"product_tag","embeddable":true,"href":"https:\/\/believeindustry.company\/es\/wp-json\/wp\/v2\/product_tag?post=1760"}],"curies":[{"name":"wp","href":"https:\/\/api.w.org\/{rel}","templated":true}]}}