{"id":19055,"date":"2025-10-29T14:33:02","date_gmt":"2025-10-29T06:33:02","guid":{"rendered":"https:\/\/believeindustry.company\/?post_type=product&#038;p=19055"},"modified":"2025-11-11T10:54:11","modified_gmt":"2025-11-11T02:54:11","slug":"maquina-formadora-de-paneles-para-estantes","status":"publish","type":"product","link":"https:\/\/believeindustry.company\/es\/product\/shelf-panel-roll-forming-machine\/","title":{"rendered":"M\u00e1quina formadora de paneles de estanter\u00edas"},"content":{"rendered":"<div data-elementor-type=\"product-post\" data-elementor-id=\"19055\" class=\"elementor elementor-19055\" data-elementor-post-type=\"product\">\n\t\t\t\t<div data-particle_enable=\"false\" data-particle-mobile-disabled=\"false\" class=\"elementor-element elementor-element-0358db3 e-flex e-con-boxed e-con e-parent\" data-id=\"0358db3\" data-element_type=\"container\" data-e-type=\"container\">\n\t\t\t\t\t<div class=\"e-con-inner\">\n\t\t\t\t<div class=\"elementor-element elementor-element-6453c98 elementor-widget elementor-widget-heading\" data-id=\"6453c98\" data-element_type=\"widget\" data-e-type=\"widget\" data-widget_type=\"heading.default\">\n\t\t\t\t<div class=\"elementor-widget-container\">\n\t\t\t\t\t<h2 class=\"elementor-heading-title elementor-size-default\">Descripci\u00f3n de la m\u00e1quina perfiladora de paneles para estantes<\/h2>\t\t\t\t<\/div>\n\t\t\t\t<\/div>\n\t\t\t\t\t<\/div>\n\t\t\t\t<\/div>\n\t\t<div data-particle_enable=\"false\" data-particle-mobile-disabled=\"false\" class=\"elementor-element elementor-element-eb77ca2 e-flex e-con-boxed e-con e-parent\" data-id=\"eb77ca2\" data-element_type=\"container\" data-e-type=\"container\">\n\t\t\t\t\t<div class=\"e-con-inner\">\n\t\t\t\t<div class=\"elementor-element elementor-element-09ed203 elementor-widget elementor-widget-text-editor\" data-id=\"09ed203\" data-element_type=\"widget\" data-e-type=\"widget\" data-widget_type=\"text-editor.default\">\n\t\t\t\t<div class=\"elementor-widget-container\">\n\t\t\t\t\t\t\t\t\t<p>Nuestro <strong>M\u00e1quina formadora de paneles para estantes<\/strong> Es una l\u00ednea de producci\u00f3n totalmente automatizada, dise\u00f1ada para la fabricaci\u00f3n continua de grandes vol\u00famenes. El proceso se inicia con una desbobinadora que alimenta el sistema con una bobina grande de acero, prepintada o galvanizada. El material se nivela con precisi\u00f3n antes de ser transportado progresivamente a trav\u00e9s de una serie de estaciones de conformado.<\/p><p>Cada estaci\u00f3n incorpora rodillos de precisi\u00f3n que moldean gradualmente la tira de acero hasta obtener el perfil transversal deseado de un panel de estante. La secuencia de producci\u00f3n concluye con un mecanismo de corte continuo, que recorta el perfil formado continuamente a longitudes predeterminadas sin interrumpir la operaci\u00f3n, garantizando as\u00ed una eficiencia \u00f3ptima y una calidad constante del producto.<\/p>\t\t\t\t\t\t\t\t<\/div>\n\t\t\t\t<\/div>\n\t\t\t\t<div class=\"elementor-element elementor-element-dde9066 elementor-widget elementor-widget-heading\" data-id=\"dde9066\" data-element_type=\"widget\" data-e-type=\"widget\" data-widget_type=\"heading.default\">\n\t\t\t\t<div class=\"elementor-widget-container\">\n\t\t\t\t\t<h2 class=\"elementor-heading-title elementor-size-default\">Componentes clave de la m\u00e1quina y dise\u00f1o de la m\u00e1quina<\/h2>\t\t\t\t<\/div>\n\t\t\t\t<\/div>\n\t\t\t\t<div class=\"elementor-element elementor-element-ca8eefd elementor-widget elementor-widget-text-editor\" data-id=\"ca8eefd\" data-element_type=\"widget\" data-e-type=\"widget\" data-widget_type=\"text-editor.default\">\n\t\t\t\t<div class=\"elementor-widget-container\">\n\t\t\t\t\t\t\t\t\t<p>Componentes de la m\u00e1quina: desbobinador \u2014 unidad de nivelaci\u00f3n \u2014 alimentador servo \u2014 unidad de punzonado \u2014 unidad de alimentaci\u00f3n y guiado \u2014 unidad de perfilado \u2014 unidad de corte y plegado \u2014 mesas de recogida<\/p>\t\t\t\t\t\t\t\t<\/div>\n\t\t\t\t<\/div>\n\t\t\t\t<div class=\"elementor-element elementor-element-5bdb1b5 elementor-widget elementor-widget-image\" data-id=\"5bdb1b5\" data-element_type=\"widget\" data-e-type=\"widget\" data-widget_type=\"image.default\">\n\t\t\t\t<div class=\"elementor-widget-container\">\n\t\t\t\t\t\t\t\t\t\t\t\t\t\t\t<img fetchpriority=\"high\" decoding=\"async\" data-attachment-id=\"19072\" data-permalink=\"https:\/\/believeindustry.company\/es\/?attachment_id=19072\" data-orig-file=\"https:\/\/believeindustry.company\/wp-content\/uploads\/2025\/10\/Shelf-Panel-Roll-Forming-Machine-Layout.webp\" data-orig-size=\"1284,199\" data-comments-opened=\"1\" data-image-meta=\"{&quot;aperture&quot;:&quot;0&quot;,&quot;credit&quot;:&quot;&quot;,&quot;camera&quot;:&quot;&quot;,&quot;caption&quot;:&quot;&quot;,&quot;created_timestamp&quot;:&quot;0&quot;,&quot;copyright&quot;:&quot;&quot;,&quot;focal_length&quot;:&quot;0&quot;,&quot;iso&quot;:&quot;0&quot;,&quot;shutter_speed&quot;:&quot;0&quot;,&quot;title&quot;:&quot;&quot;,&quot;orientation&quot;:&quot;0&quot;}\" data-image-title=\"Shelf Panel Roll Forming Machine Layout\" data-image-description=\"\" data-image-caption=\"\" data-large-file=\"https:\/\/believeindustry.company\/wp-content\/uploads\/2025\/10\/Shelf-Panel-Roll-Forming-Machine-Layout-1024x159.webp\" width=\"1024\" height=\"159\" src=\"https:\/\/believeindustry.company\/wp-content\/uploads\/2025\/10\/Shelf-Panel-Roll-Forming-Machine-Layout-1024x159.webp\" class=\"attachment-large size-large wp-image-19072\" alt=\"Disposici\u00f3n de la m\u00e1quina perfiladora de paneles para estantes\" srcset=\"https:\/\/believeindustry.company\/wp-content\/uploads\/2025\/10\/Shelf-Panel-Roll-Forming-Machine-Layout-1024x159.webp 1024w, https:\/\/believeindustry.company\/wp-content\/uploads\/2025\/10\/Shelf-Panel-Roll-Forming-Machine-Layout-300x46.webp 300w, https:\/\/believeindustry.company\/wp-content\/uploads\/2025\/10\/Shelf-Panel-Roll-Forming-Machine-Layout-768x119.webp 768w, https:\/\/believeindustry.company\/wp-content\/uploads\/2025\/10\/Shelf-Panel-Roll-Forming-Machine-Layout-600x93.webp 600w, https:\/\/believeindustry.company\/wp-content\/uploads\/2025\/10\/Shelf-Panel-Roll-Forming-Machine-Layout.webp 1284w\" sizes=\"(max-width: 1024px) 100vw, 1024px\" \/>\t\t\t\t\t\t\t\t\t\t\t\t\t\t\t<\/div>\n\t\t\t\t<\/div>\n\t\t\t\t\t<\/div>\n\t\t\t\t<\/div>\n\t\t<div data-particle_enable=\"false\" data-particle-mobile-disabled=\"false\" class=\"elementor-element elementor-element-6bf5672 e-flex e-con-boxed e-con e-parent\" data-id=\"6bf5672\" data-element_type=\"container\" data-e-type=\"container\">\n\t\t\t\t\t<div class=\"e-con-inner\">\n\t\t\t\t<div class=\"elementor-element elementor-element-1311255 elementor-widget elementor-widget-heading\" data-id=\"1311255\" data-element_type=\"widget\" data-e-type=\"widget\" data-widget_type=\"heading.default\">\n\t\t\t\t<div class=\"elementor-widget-container\">\n\t\t\t\t\t<h2 class=\"elementor-heading-title elementor-size-default\">Breve especificaci\u00f3n de par\u00e1metros<\/h2>\t\t\t\t<\/div>\n\t\t\t\t<\/div>\n\t\t\t\t<div class=\"elementor-element elementor-element-50bafcb elementor-widget elementor-widget-text-editor\" data-id=\"50bafcb\" data-element_type=\"widget\" data-e-type=\"widget\" data-widget_type=\"text-editor.default\">\n\t\t\t\t<div class=\"elementor-widget-container\">\n\t\t\t\t\t\t\t\t\t<table><tbody><tr><td width=\"55\"><p>1.<\/p><\/td><td width=\"235\"><p>Material aplicable<\/p><\/td><td width=\"419\"><p>bobinas de acero laminado en fr\u00edo, bobinas de acero galvanizado<\/p><\/td><\/tr><tr><td width=\"55\"><p>2.<\/p><\/td><td width=\"235\"><p>Espesor del material<\/p><\/td><td width=\"419\"><p>0,6-1,2 mm<\/p><\/td><\/tr><tr><td width=\"55\"><p>3.<\/p><\/td><td width=\"235\"><p>Desenrollador<\/p><\/td><td width=\"419\"><p>Desbobinador hidr\u00e1ulico de 5 toneladas<\/p><\/td><\/tr><tr><td width=\"55\"><p>4.<\/p><\/td><td width=\"235\"><p>Unidad de nivelaci\u00f3n<\/p><\/td><td width=\"419\"><p>Nivelador de 7 rodillos, 3 rodillos superiores y 4 rodillos inferiores<\/p><\/td><\/tr><tr><td width=\"55\"><p>5.<\/p><\/td><td width=\"235\"><p>Material de los rodillos niveladores<\/p><\/td><td width=\"419\"><p>40Cr, cromado<\/p><\/td><\/tr><tr><td width=\"55\"><p>6.<\/p><\/td><td width=\"235\"><p>Poder de nivelaci\u00f3n<\/p><\/td><td width=\"419\"><p>5,5 kW<\/p><\/td><\/tr><tr><td width=\"55\"><p>7.<\/p><\/td><td width=\"235\"><p>Poder de golpe<\/p><\/td><td width=\"419\"><p>11 kW<\/p><\/td><\/tr><tr><td width=\"55\"><p>8.<\/p><\/td><td width=\"235\"><p>Material de los moldes de punzonado<\/p><\/td><td width=\"419\"><p>Cr12, HRC58-62<\/p><\/td><\/tr><tr><td width=\"55\"><p>9.<\/p><\/td><td width=\"235\"><p>Alimentaci\u00f3n para servoalimentador<\/p><\/td><td width=\"419\"><p>3 kW<\/p><\/td><\/tr><tr><td width=\"55\"><p>10.<\/p><\/td><td width=\"235\"><p>Pasos de conformado de rollos<\/p><\/td><td width=\"419\"><p>14 pasos<\/p><\/td><\/tr><tr><td width=\"55\"><p>11.<\/p><\/td><td width=\"235\"><p>Material de los rodillos<\/p><\/td><td width=\"419\"><p>GCr15, HRC58-62, cromado<\/p><\/td><\/tr><tr><td width=\"55\"><p>12.<\/p><\/td><td width=\"235\"><p>Material de los ejes<\/p><\/td><td width=\"419\"><p>Ejes macizos de 40Cr, 70 mm de di\u00e1metro, cromados.<\/p><\/td><\/tr><tr><td width=\"55\"><p>13.<\/p><\/td><td width=\"235\"><p>Potencia para perfilado<\/p><\/td><td width=\"419\"><p>11 kW<\/p><\/td><\/tr><tr><td width=\"55\"><p>14.<\/p><\/td><td width=\"235\"><p>Transmisi\u00f3n<\/p><\/td><td width=\"419\"><p>transmisi\u00f3n el\u00e9ctrica por cadena<\/p><\/td><\/tr><tr><td width=\"55\"><p>15.<\/p><\/td><td width=\"235\"><p>Velocidad de la m\u00e1quina<\/p><\/td><td width=\"419\"><p>0-10 m\/min<\/p><\/td><\/tr><tr><td width=\"55\"><p>16.<\/p><\/td><td width=\"235\"><p>Corte y doblado<\/p><\/td><td width=\"419\"><p>Corte hidr\u00e1ulico y luego doblado de extremos<\/p><\/td><\/tr><tr><td width=\"55\"><p>17.<\/p><\/td><td width=\"235\"><p>Potencia para cortar y doblar<\/p><\/td><td width=\"419\"><p>11 kW<\/p><\/td><\/tr><tr><td width=\"55\"><p>18.<\/p><\/td><td width=\"235\"><p>Tolerancia de longitud de corte<\/p><\/td><td width=\"419\"><p>+\/-0,5 mm<\/p><\/td><\/tr><\/tbody><\/table>\t\t\t\t\t\t\t\t<\/div>\n\t\t\t\t<\/div>\n\t\t\t\t<div class=\"elementor-element elementor-element-deee203 elementor-widget elementor-widget-heading\" data-id=\"deee203\" data-element_type=\"widget\" data-e-type=\"widget\" data-widget_type=\"heading.default\">\n\t\t\t\t<div class=\"elementor-widget-container\">\n\t\t\t\t\t<h2 class=\"elementor-heading-title elementor-size-default\">Aplicaci\u00f3n del producto terminado<\/h2>\t\t\t\t<\/div>\n\t\t\t\t<\/div>\n\t\t\t\t<div class=\"elementor-element elementor-element-e392583 elementor-widget elementor-widget-text-editor\" data-id=\"e392583\" data-element_type=\"widget\" data-e-type=\"widget\" data-widget_type=\"text-editor.default\">\n\t\t\t\t<div class=\"elementor-widget-container\">\n\t\t\t\t\t\t\t\t\t<p>El producto principal de esta m\u00e1quina es el<strong>panel de estante<\/strong>, Un componente vital para diversos sistemas de almacenamiento. Estos paneles se caracterizan por sus perfiles espec\u00edficos, que suelen incluir nervaduras reforzadas para mayor resistencia y bordes con reborde para mayor seguridad e integraci\u00f3n con las vigas de los estantes.<\/p><ul class=\"ybc-ul-component\"><li class=\"ybc-li-component ybc-li-component_ul\"><p>\u200b<strong>Estanter\u00edas industriales para palets:<\/strong>\u200b Tarimas duraderas para almacenar pallets pesados \u200b\u200ben almacenes.<\/p><\/li><li class=\"ybc-li-component ybc-li-component_ul\"><p>\u200b<strong>Estanter\u00edas comerciales:<\/strong>Estanter\u00edas para tiendas minoristas, archivos y almacenes.<\/p><\/li><li class=\"ybc-li-component ybc-li-component_ul\"><p>\u200b<strong>Estanter\u00edas de \u00e1ngulo ranurado:<\/strong>\u200bLa superficie horizontal principal para sistemas de estanter\u00edas vers\u00e1tiles y sin tornillos.<\/p><\/li><\/ul>\t\t\t\t\t\t\t\t<\/div>\n\t\t\t\t<\/div>\n\t\t\t\t<div class=\"elementor-element elementor-element-6bd1bf7 elementor-widget elementor-widget-image\" data-id=\"6bd1bf7\" data-element_type=\"widget\" data-e-type=\"widget\" data-widget_type=\"image.default\">\n\t\t\t\t<div class=\"elementor-widget-container\">\n\t\t\t\t\t\t\t\t\t\t\t\t\t\t\t<img decoding=\"async\" data-attachment-id=\"19075\" data-permalink=\"https:\/\/believeindustry.company\/es\/?attachment_id=19075\" data-orig-file=\"https:\/\/believeindustry.company\/wp-content\/uploads\/2025\/10\/Shelf-Panel-Completed-Products.webp\" data-orig-size=\"1602,602\" data-comments-opened=\"1\" data-image-meta=\"{&quot;aperture&quot;:&quot;0&quot;,&quot;credit&quot;:&quot;&quot;,&quot;camera&quot;:&quot;&quot;,&quot;caption&quot;:&quot;&quot;,&quot;created_timestamp&quot;:&quot;0&quot;,&quot;copyright&quot;:&quot;&quot;,&quot;focal_length&quot;:&quot;0&quot;,&quot;iso&quot;:&quot;0&quot;,&quot;shutter_speed&quot;:&quot;0&quot;,&quot;title&quot;:&quot;&quot;,&quot;orientation&quot;:&quot;0&quot;}\" data-image-title=\"Shelf Panel Completed Products\" data-image-description=\"\" data-image-caption=\"\" data-large-file=\"https:\/\/believeindustry.company\/wp-content\/uploads\/2025\/10\/Shelf-Panel-Completed-Products-1024x385.webp\" width=\"1024\" height=\"385\" src=\"https:\/\/believeindustry.company\/wp-content\/uploads\/2025\/10\/Shelf-Panel-Completed-Products-1024x385.webp\" class=\"attachment-large size-large wp-image-19075\" alt=\"productos terminados de paneles de estante\" srcset=\"https:\/\/believeindustry.company\/wp-content\/uploads\/2025\/10\/Shelf-Panel-Completed-Products-1024x385.webp 1024w, https:\/\/believeindustry.company\/wp-content\/uploads\/2025\/10\/Shelf-Panel-Completed-Products-300x113.webp 300w, https:\/\/believeindustry.company\/wp-content\/uploads\/2025\/10\/Shelf-Panel-Completed-Products-768x289.webp 768w, https:\/\/believeindustry.company\/wp-content\/uploads\/2025\/10\/Shelf-Panel-Completed-Products-1536x577.webp 1536w, https:\/\/believeindustry.company\/wp-content\/uploads\/2025\/10\/Shelf-Panel-Completed-Products-600x225.webp 600w, https:\/\/believeindustry.company\/wp-content\/uploads\/2025\/10\/Shelf-Panel-Completed-Products.webp 1602w\" sizes=\"(max-width: 1024px) 100vw, 1024px\" \/>\t\t\t\t\t\t\t\t\t\t\t\t\t\t\t<\/div>\n\t\t\t\t<\/div>\n\t\t\t\t\t<\/div>\n\t\t\t\t<\/div>\n\t\t\t\t<\/div>","protected":false},"excerpt":{"rendered":"<p>Believe Industry Company ofrece una amplia gama de perfiladoras de metal dise\u00f1adas para sistemas de almacenamiento en almacenes y supermercados. Esta perfiladora de paneles para estanter\u00edas est\u00e1 dise\u00f1ada y fabricada espec\u00edficamente para producir paneles con anchos de entre 100 mm y 600 mm.<\/p>","protected":false},"featured_media":19067,"comment_status":"closed","ping_status":"closed","template":"","meta":{"_angie_page":false,"jetpack_publicize_message":"","jetpack_publicize_feature_enabled":true,"jetpack_social_post_already_shared":true,"jetpack_social_options":{"image_generator_settings":{"template":"highway","default_image_id":0,"font":"","enabled":false},"version":2},"_wpas_customize_per_network":false},"product_brand":[607850681],"product_cat":[607850697],"product_tag":[],"class_list":{"0":"post-19055","1":"product","2":"type-product","3":"status-publish","4":"has-post-thumbnail","6":"product_brand-believe-industry-company","7":"product_cat-supermarket-display-solution","9":"first","10":"instock","11":"sale","12":"shipping-taxable","13":"purchasable","14":"product-type-simple"},"jetpack_publicize_connections":[],"jetpack_sharing_enabled":true,"jetpack_likes_enabled":false,"jetpack-related-posts":[{"id":19473,"url":"https:\/\/believeindustry.company\/es\/product\/metal-tile-roof-panel-roll-forming-machine\/","url_meta":{"origin":19055,"position":0},"title":"M\u00e1quina perfiladora de paneles de tejas met\u00e1licas","author":"Believe Industry Group","date":"noviembre 13, 2025","format":false,"excerpt":"Las m\u00e1quinas perfiladoras de paneles de tejas met\u00e1licas para techos son la piedra angular de la fabricaci\u00f3n moderna y eficiente de materiales de construcci\u00f3n. En Beli RollForming, dise\u00f1amos estos sistemas avanzados para convertir bobinas de acero en bruto en paneles de tejas met\u00e1licas de alta precisi\u00f3n y est\u00e9ticamente atractivos, con una consistencia y velocidad excepcionales.","rel":"","context":"Entrada similar","block_context":{"text":"Entrada similar","link":""},"img":{"alt_text":"metal tile roof panel roll forming machine","src":"https:\/\/i0.wp.com\/believeindustry.company\/wp-content\/uploads\/2025\/11\/Metal-Tile-Roof-Panel-Roll-Forming-Machine.webp?resize=350%2C200&ssl=1","width":350,"height":200,"srcset":"https:\/\/i0.wp.com\/believeindustry.company\/wp-content\/uploads\/2025\/11\/Metal-Tile-Roof-Panel-Roll-Forming-Machine.webp?resize=350%2C200&ssl=1 1x, https:\/\/i0.wp.com\/believeindustry.company\/wp-content\/uploads\/2025\/11\/Metal-Tile-Roof-Panel-Roll-Forming-Machine.webp?resize=525%2C300&ssl=1 1.5x, https:\/\/i0.wp.com\/believeindustry.company\/wp-content\/uploads\/2025\/11\/Metal-Tile-Roof-Panel-Roll-Forming-Machine.webp?resize=700%2C400&ssl=1 2x"},"classes":[]},{"id":1672,"url":"https:\/\/believeindustry.company\/es\/product\/c-channel-roll-forming-machine\/","url_meta":{"origin":19055,"position":1},"title":"M\u00e1quina perfiladora de perfiles de canal C","author":"Believe Industry Group","date":"mayo 8, 2018","format":false,"excerpt":"The C Channel Roll Forming Machine automatically converts steel coil into precise, high-strength C-shaped purlins and profiles essential for structural building frames. Featuring an uncoiler, multiple forming stations, and a hydraulic cutter, this PLC-controlled line ensures efficient, continuous, and dimensionally accurate production of essential construction components.","rel":"","context":"Entrada similar","block_context":{"text":"Entrada similar","link":""},"img":{"alt_text":"Complete High-Efficiency C Channel Roll Forming Machine Line - Automated production line for C\/Z purlin or metal roof panels from Beli RollForming.","src":"https:\/\/i0.wp.com\/believeindustry.company\/wp-content\/uploads\/2018\/05\/C-Channel-Roll-Forming-Machine.webp?resize=350%2C200&ssl=1","width":350,"height":200,"srcset":"https:\/\/i0.wp.com\/believeindustry.company\/wp-content\/uploads\/2018\/05\/C-Channel-Roll-Forming-Machine.webp?resize=350%2C200&ssl=1 1x, https:\/\/i0.wp.com\/believeindustry.company\/wp-content\/uploads\/2018\/05\/C-Channel-Roll-Forming-Machine.webp?resize=525%2C300&ssl=1 1.5x, https:\/\/i0.wp.com\/believeindustry.company\/wp-content\/uploads\/2018\/05\/C-Channel-Roll-Forming-Machine.webp?resize=700%2C400&ssl=1 2x, https:\/\/i0.wp.com\/believeindustry.company\/wp-content\/uploads\/2018\/05\/C-Channel-Roll-Forming-Machine.webp?resize=1050%2C600&ssl=1 3x, https:\/\/i0.wp.com\/believeindustry.company\/wp-content\/uploads\/2018\/05\/C-Channel-Roll-Forming-Machine.webp?resize=1400%2C800&ssl=1 4x"},"classes":[]},{"id":18712,"url":"https:\/\/believeindustry.company\/es\/product\/double-layer-roofing-sheet-roll-forming-machine\/","url_meta":{"origin":19055,"position":2},"title":"M\u00e1quina perfiladora de l\u00e1minas para techos de doble capa","author":"Believe Industry Group","date":"octubre 16, 2025","format":false,"excerpt":"La m\u00e1quina perfiladora de l\u00e1minas para techos de doble capa, como su nombre indica, incorpora dos capas de perfilado independientes, cada una capaz de producir un perfil de techo distinto.","rel":"","context":"Entrada similar","block_context":{"text":"Entrada similar","link":""},"img":{"alt_text":"Double Layer Roofing Roll Forming Machine","src":"https:\/\/i0.wp.com\/believeindustry.company\/wp-content\/uploads\/2025\/10\/Double-Layer-Roofing-Roll-Forming-Machine.webp?resize=350%2C200&ssl=1","width":350,"height":200,"srcset":"https:\/\/i0.wp.com\/believeindustry.company\/wp-content\/uploads\/2025\/10\/Double-Layer-Roofing-Roll-Forming-Machine.webp?resize=350%2C200&ssl=1 1x, https:\/\/i0.wp.com\/believeindustry.company\/wp-content\/uploads\/2025\/10\/Double-Layer-Roofing-Roll-Forming-Machine.webp?resize=525%2C300&ssl=1 1.5x, https:\/\/i0.wp.com\/believeindustry.company\/wp-content\/uploads\/2025\/10\/Double-Layer-Roofing-Roll-Forming-Machine.webp?resize=700%2C400&ssl=1 2x, https:\/\/i0.wp.com\/believeindustry.company\/wp-content\/uploads\/2025\/10\/Double-Layer-Roofing-Roll-Forming-Machine.webp?resize=1050%2C600&ssl=1 3x, https:\/\/i0.wp.com\/believeindustry.company\/wp-content\/uploads\/2025\/10\/Double-Layer-Roofing-Roll-Forming-Machine.webp?resize=1400%2C800&ssl=1 4x"},"classes":[]},{"id":19368,"url":"https:\/\/believeindustry.company\/es\/product\/trapezoidal-ribbed-spandeck-roof-and-wall-cladding-roll-forming-machine\/","url_meta":{"origin":19055,"position":3},"title":"M\u00e1quina perfiladora de revestimientos de techos y paredes Spandeck con nervaduras trapezoidales","author":"Believe Industry Group","date":"noviembre 12, 2025","format":false,"excerpt":"Trapezoidal Ribbed Spandeck Roof and Wall Cladding Roll Forming Machine\u200b from Beli RollForming is the ultimate industrial solution for manufacturers seeking to produce high-quality, durable building panels with unmatched precision and speed. This advanced machine is engineered to transform raw metal coils into robust spandeck profiles, a cornerstone of modern\u2026","rel":"","context":"Entrada similar","block_context":{"text":"Entrada similar","link":""},"img":{"alt_text":"Trapezoidal Ribbed Spandeck Roof and Wall Cladding Roll Forming Machine","src":"https:\/\/i0.wp.com\/believeindustry.company\/wp-content\/uploads\/2025\/11\/Trapezoidal-Ribbed-Spandeck-Roof-and-Wall-Cladding-Roll-Forming-Machine.webp?resize=350%2C200&ssl=1","width":350,"height":200,"srcset":"https:\/\/i0.wp.com\/believeindustry.company\/wp-content\/uploads\/2025\/11\/Trapezoidal-Ribbed-Spandeck-Roof-and-Wall-Cladding-Roll-Forming-Machine.webp?resize=350%2C200&ssl=1 1x, https:\/\/i0.wp.com\/believeindustry.company\/wp-content\/uploads\/2025\/11\/Trapezoidal-Ribbed-Spandeck-Roof-and-Wall-Cladding-Roll-Forming-Machine.webp?resize=525%2C300&ssl=1 1.5x, https:\/\/i0.wp.com\/believeindustry.company\/wp-content\/uploads\/2025\/11\/Trapezoidal-Ribbed-Spandeck-Roof-and-Wall-Cladding-Roll-Forming-Machine.webp?resize=700%2C400&ssl=1 2x"},"classes":[]},{"id":19273,"url":"https:\/\/believeindustry.company\/es\/product\/75mm-deep-galvanized-steel-floor-decking-sheet-roll-forming-machine\/","url_meta":{"origin":19055,"position":4},"title":"M\u00e1quina perfiladora de l\u00e1minas de acero galvanizado para entarimado de 75 mm de profundidad","author":"Believe Industry Group","date":"noviembre 11, 2025","format":false,"excerpt":"The \u200b75mm Deep Galvanized Steel Floor Decking Sheet Roll Forming Machine\u200b is a precision-engineered solution for manufacturing one of the most robust profiles in modern construction. At Beli RollForming, we design this machine to deliver unmatched reliability, speed, and consistency, enabling producers to meet the stringent demands of large-scale commercial\u2026","rel":"","context":"Entrada similar","block_context":{"text":"Entrada similar","link":""},"img":{"alt_text":"75mm Deep Galvanized Steel Floor Decking Sheet Roll Forming Machine","src":"https:\/\/i0.wp.com\/believeindustry.company\/wp-content\/uploads\/2025\/11\/75mm-Deep-Galvanized-Steel-Floor-Decking-Sheet-Roll-Forming-Machine.webp?resize=350%2C200&ssl=1","width":350,"height":200,"srcset":"https:\/\/i0.wp.com\/believeindustry.company\/wp-content\/uploads\/2025\/11\/75mm-Deep-Galvanized-Steel-Floor-Decking-Sheet-Roll-Forming-Machine.webp?resize=350%2C200&ssl=1 1x, https:\/\/i0.wp.com\/believeindustry.company\/wp-content\/uploads\/2025\/11\/75mm-Deep-Galvanized-Steel-Floor-Decking-Sheet-Roll-Forming-Machine.webp?resize=525%2C300&ssl=1 1.5x, https:\/\/i0.wp.com\/believeindustry.company\/wp-content\/uploads\/2025\/11\/75mm-Deep-Galvanized-Steel-Floor-Decking-Sheet-Roll-Forming-Machine.webp?resize=700%2C400&ssl=1 2x"},"classes":[]},{"id":1819,"url":"https:\/\/believeindustry.company\/es\/product\/corrugated-roof-sheet-roll-forming-machine\/","url_meta":{"origin":19055,"position":5},"title":"M\u00e1quina formadora de rollos de l\u00e1minas onduladas para techos","author":"Believe Industry Group","date":"mayo 17, 2018","format":false,"excerpt":"A corrugated roof sheet roll forming machine is a continuous metal processing system that bends flat steel or aluminum coils into corrugated roofing panels through a series of sequential roller stations. The machine feeds raw coil stock through 16 to 22 forming stations, where each pair of rollers incrementally bends\u2026","rel":"","context":"Entrada similar","block_context":{"text":"Entrada similar","link":""},"img":{"alt_text":"Fully Automatic Corrugated Roof Sheet Roll Forming Machine Production Line by Beli RollForming","src":"https:\/\/i0.wp.com\/believeindustry.company\/wp-content\/uploads\/2018\/05\/corrugated-roof-sheet-roll-forming-machine.webp?resize=350%2C200&ssl=1","width":350,"height":200,"srcset":"https:\/\/i0.wp.com\/believeindustry.company\/wp-content\/uploads\/2018\/05\/corrugated-roof-sheet-roll-forming-machine.webp?resize=350%2C200&ssl=1 1x, https:\/\/i0.wp.com\/believeindustry.company\/wp-content\/uploads\/2018\/05\/corrugated-roof-sheet-roll-forming-machine.webp?resize=525%2C300&ssl=1 1.5x, https:\/\/i0.wp.com\/believeindustry.company\/wp-content\/uploads\/2018\/05\/corrugated-roof-sheet-roll-forming-machine.webp?resize=700%2C400&ssl=1 2x, https:\/\/i0.wp.com\/believeindustry.company\/wp-content\/uploads\/2018\/05\/corrugated-roof-sheet-roll-forming-machine.webp?resize=1050%2C600&ssl=1 3x, https:\/\/i0.wp.com\/believeindustry.company\/wp-content\/uploads\/2018\/05\/corrugated-roof-sheet-roll-forming-machine.webp?resize=1400%2C800&ssl=1 4x"},"classes":[]}],"amp_enabled":true,"_links":{"self":[{"href":"https:\/\/believeindustry.company\/es\/wp-json\/wp\/v2\/product\/19055","targetHints":{"allow":["GET"]}}],"collection":[{"href":"https:\/\/believeindustry.company\/es\/wp-json\/wp\/v2\/product"}],"about":[{"href":"https:\/\/believeindustry.company\/es\/wp-json\/wp\/v2\/types\/product"}],"replies":[{"embeddable":true,"href":"https:\/\/believeindustry.company\/es\/wp-json\/wp\/v2\/comments?post=19055"}],"version-history":[{"count":15,"href":"https:\/\/believeindustry.company\/es\/wp-json\/wp\/v2\/product\/19055\/revisions"}],"predecessor-version":[{"id":19364,"href":"https:\/\/believeindustry.company\/es\/wp-json\/wp\/v2\/product\/19055\/revisions\/19364"}],"wp:featuredmedia":[{"embeddable":true,"href":"https:\/\/believeindustry.company\/es\/wp-json\/wp\/v2\/media\/19067"}],"wp:attachment":[{"href":"https:\/\/believeindustry.company\/es\/wp-json\/wp\/v2\/media?parent=19055"}],"wp:term":[{"taxonomy":"product_brand","embeddable":true,"href":"https:\/\/believeindustry.company\/es\/wp-json\/wp\/v2\/product_brand?post=19055"},{"taxonomy":"product_cat","embeddable":true,"href":"https:\/\/believeindustry.company\/es\/wp-json\/wp\/v2\/product_cat?post=19055"},{"taxonomy":"product_tag","embeddable":true,"href":"https:\/\/believeindustry.company\/es\/wp-json\/wp\/v2\/product_tag?post=19055"}],"curies":[{"name":"wp","href":"https:\/\/api.w.org\/{rel}","templated":true}]}}