{"id":19082,"date":"2025-10-30T11:49:28","date_gmt":"2025-10-30T03:49:28","guid":{"rendered":"https:\/\/believeindustry.company\/?post_type=product&#038;p=19082"},"modified":"2025-11-12T15:20:31","modified_gmt":"2025-11-12T07:20:31","slug":"maquina-formadora-de-rollos-de-vigas-de-caja-horizontales-para-estanterias-de-almacenamiento","status":"publish","type":"product","link":"https:\/\/believeindustry.company\/es\/product\/storage-rack-horizontal-box-beam-roll-forming-machine\/","title":{"rendered":"M\u00e1quina formadora de rollos de vigas de caja horizontales para estanter\u00edas de almacenamiento"},"content":{"rendered":"<div data-elementor-type=\"product-post\" data-elementor-id=\"19082\" class=\"elementor elementor-19082\" data-elementor-post-type=\"product\">\n\t\t\t\t<div data-particle_enable=\"false\" data-particle-mobile-disabled=\"false\" class=\"elementor-element elementor-element-c1a9f62 e-flex e-con-boxed e-con e-parent\" data-id=\"c1a9f62\" data-element_type=\"container\" data-e-type=\"container\">\n\t\t\t\t\t<div class=\"e-con-inner\">\n\t\t\t\t<div class=\"elementor-element elementor-element-3a84c59 elementor-widget elementor-widget-heading\" data-id=\"3a84c59\" data-element_type=\"widget\" data-e-type=\"widget\" data-widget_type=\"heading.default\">\n\t\t\t\t<div class=\"elementor-widget-container\">\n\t\t\t\t\t<h2 class=\"elementor-heading-title elementor-size-default\">Descripci\u00f3n de una m\u00e1quina perfiladora de vigas de caja horizontales para estanter\u00edas de almacenamiento<\/h2>\t\t\t\t<\/div>\n\t\t\t\t<\/div>\n\t\t\t\t\t<\/div>\n\t\t\t\t<\/div>\n\t\t<div data-particle_enable=\"false\" data-particle-mobile-disabled=\"false\" class=\"elementor-element elementor-element-92db307 e-flex e-con-boxed e-con e-parent\" data-id=\"92db307\" data-element_type=\"container\" data-e-type=\"container\">\n\t\t\t\t\t<div class=\"e-con-inner\">\n\t\t\t\t<div class=\"elementor-element elementor-element-851607e elementor-widget elementor-widget-text-editor\" data-id=\"851607e\" data-element_type=\"widget\" data-e-type=\"widget\" data-widget_type=\"text-editor.default\">\n\t\t\t\t<div class=\"elementor-widget-container\">\n\t\t\t\t\t\t\t\t\t<p>Este <strong>M\u00e1quina formadora de rollos de vigas de caja horizontales para estanter\u00edas de almacenamiento<\/strong> Consta principalmente de dos componentes: una perfiladora de vigas en C y una engatilladora de vigas caj\u00f3n. La perfiladora de vigas en C produce perfiles en forma de C seg\u00fan las dimensiones y los planos de dise\u00f1o especificados por el cliente, mientras que la engatilladora une dos secciones en C independientes para formar una viga caj\u00f3n completa.<\/p><p>El proceso completo de producci\u00f3n, desde la bobina hasta la viga caj\u00f3n terminada, consta de varias etapas: desenrollado de la bobina, alimentaci\u00f3n y guiado, nivelaci\u00f3n, perfilado, corte y engatillado. Las vigas caj\u00f3n con secci\u00f3n en C se utilizan ampliamente en sistemas de estanter\u00edas de almacenamiento.<\/p>\t\t\t\t\t\t\t\t<\/div>\n\t\t\t\t<\/div>\n\t\t\t\t\t<\/div>\n\t\t\t\t<\/div>\n\t\t<div data-particle_enable=\"false\" data-particle-mobile-disabled=\"false\" class=\"elementor-element elementor-element-ada5c43 e-flex e-con-boxed e-con e-parent\" data-id=\"ada5c43\" data-element_type=\"container\" data-e-type=\"container\">\n\t\t\t\t\t<div class=\"e-con-inner\">\n\t\t\t\t<div class=\"elementor-element elementor-element-bf9631d elementor-widget elementor-widget-heading\" data-id=\"bf9631d\" data-element_type=\"widget\" data-e-type=\"widget\" data-widget_type=\"heading.default\">\n\t\t\t\t<div class=\"elementor-widget-container\">\n\t\t\t\t\t<h2 class=\"elementor-heading-title elementor-size-default\">\u00bfQu\u00e9 produce esta m\u00e1quina?<\/h2>\t\t\t\t<\/div>\n\t\t\t\t<\/div>\n\t\t\t\t<div class=\"elementor-element elementor-element-3684108 elementor-widget elementor-widget-text-editor\" data-id=\"3684108\" data-element_type=\"widget\" data-e-type=\"widget\" data-widget_type=\"text-editor.default\">\n\t\t\t\t<div class=\"elementor-widget-container\">\n\t\t\t\t\t\t\t\t\t<p>Una m\u00e1quina perfiladora de vigas horizontales para estanter\u00edas de almacenamiento est\u00e1 dise\u00f1ada para convertir bobinas de acero crudo en vigas horizontales duraderas y de alta resistencia. Estas vigas constituyen los niveles de estanter\u00edas de los sistemas de estanter\u00edas para pal\u00e9s, que sirven como columna vertebral estructural de almacenes, centros de distribuci\u00f3n e instalaciones log\u00edsticas en todo el mundo.<\/p>\t\t\t\t\t\t\t\t<\/div>\n\t\t\t\t<\/div>\n\t\t\t\t<div class=\"elementor-element elementor-element-a059f84 elementor-widget elementor-widget-image\" data-id=\"a059f84\" data-element_type=\"widget\" data-e-type=\"widget\" data-widget_type=\"image.default\">\n\t\t\t\t<div class=\"elementor-widget-container\">\n\t\t\t\t\t\t\t\t\t\t\t\t\t\t\t<img fetchpriority=\"high\" decoding=\"async\" data-attachment-id=\"19090\" data-permalink=\"https:\/\/believeindustry.company\/es\/?attachment_id=19090\" data-orig-file=\"https:\/\/believeindustry.company\/wp-content\/uploads\/2025\/10\/box-beam-profiles.webp\" data-orig-size=\"1772,313\" data-comments-opened=\"1\" data-image-meta=\"{&quot;aperture&quot;:&quot;0&quot;,&quot;credit&quot;:&quot;&quot;,&quot;camera&quot;:&quot;&quot;,&quot;caption&quot;:&quot;&quot;,&quot;created_timestamp&quot;:&quot;0&quot;,&quot;copyright&quot;:&quot;&quot;,&quot;focal_length&quot;:&quot;0&quot;,&quot;iso&quot;:&quot;0&quot;,&quot;shutter_speed&quot;:&quot;0&quot;,&quot;title&quot;:&quot;&quot;,&quot;orientation&quot;:&quot;0&quot;}\" data-image-title=\"box beam profiles\" data-image-description=\"\" data-image-caption=\"\" data-large-file=\"https:\/\/believeindustry.company\/wp-content\/uploads\/2025\/10\/box-beam-profiles-1024x181.webp\" width=\"1024\" height=\"181\" src=\"https:\/\/believeindustry.company\/wp-content\/uploads\/2025\/10\/box-beam-profiles-1024x181.webp\" class=\"attachment-large size-large wp-image-19090\" alt=\"perfiles de vigas caj\u00f3n\" srcset=\"https:\/\/believeindustry.company\/wp-content\/uploads\/2025\/10\/box-beam-profiles-1024x181.webp 1024w, https:\/\/believeindustry.company\/wp-content\/uploads\/2025\/10\/box-beam-profiles-300x53.webp 300w, https:\/\/believeindustry.company\/wp-content\/uploads\/2025\/10\/box-beam-profiles-768x136.webp 768w, https:\/\/believeindustry.company\/wp-content\/uploads\/2025\/10\/box-beam-profiles-1536x271.webp 1536w, https:\/\/believeindustry.company\/wp-content\/uploads\/2025\/10\/box-beam-profiles-600x106.webp 600w, https:\/\/believeindustry.company\/wp-content\/uploads\/2025\/10\/box-beam-profiles.webp 1772w\" sizes=\"(max-width: 1024px) 100vw, 1024px\" \/>\t\t\t\t\t\t\t\t\t\t\t\t\t\t\t<\/div>\n\t\t\t\t<\/div>\n\t\t\t\t\t<\/div>\n\t\t\t\t<\/div>\n\t\t<div data-particle_enable=\"false\" data-particle-mobile-disabled=\"false\" class=\"elementor-element elementor-element-dfa3ac7 e-flex e-con-boxed e-con e-parent\" data-id=\"dfa3ac7\" data-element_type=\"container\" data-e-type=\"container\">\n\t\t\t\t\t<div class=\"e-con-inner\">\n\t\t\t\t<div class=\"elementor-element elementor-element-bcec971 elementor-widget elementor-widget-text-editor\" data-id=\"bcec971\" data-element_type=\"widget\" data-e-type=\"widget\" data-widget_type=\"text-editor.default\">\n\t\t\t\t<div class=\"elementor-widget-container\">\n\t\t\t\t\t\t\t\t\t<table><tbody><tr><td width=\"200\"><p>Espesor del material<\/p><\/td><td width=\"509\"><p>1,0-2,0 mm<\/p><\/td><\/tr><tr><td width=\"200\"><p>Altura de la viga de caj\u00f3n<\/p><\/td><td width=\"509\"><p>40 mm, 50 mm<\/p><\/td><\/tr><tr><td width=\"200\"><p>Ancho de la viga de caj\u00f3n<\/p><\/td><td width=\"509\"><p>80 mm, 90 mm, 100 mm, 110 mm, 120 mm<\/p><\/td><\/tr><\/tbody><\/table>\t\t\t\t\t\t\t\t<\/div>\n\t\t\t\t<\/div>\n\t\t\t\t<div class=\"elementor-element elementor-element-029c5c5 elementor-widget elementor-widget-image\" data-id=\"029c5c5\" data-element_type=\"widget\" data-e-type=\"widget\" data-widget_type=\"image.default\">\n\t\t\t\t<div class=\"elementor-widget-container\">\n\t\t\t\t\t\t\t\t\t\t\t\t\t\t\t<img decoding=\"async\" data-attachment-id=\"19153\" data-permalink=\"https:\/\/believeindustry.company\/es\/?attachment_id=19153\" data-orig-file=\"https:\/\/believeindustry.company\/wp-content\/uploads\/2025\/10\/Box-Beam-Finished-Products.webp\" data-orig-size=\"1009,287\" data-comments-opened=\"1\" data-image-meta=\"{&quot;aperture&quot;:&quot;0&quot;,&quot;credit&quot;:&quot;&quot;,&quot;camera&quot;:&quot;&quot;,&quot;caption&quot;:&quot;&quot;,&quot;created_timestamp&quot;:&quot;0&quot;,&quot;copyright&quot;:&quot;&quot;,&quot;focal_length&quot;:&quot;0&quot;,&quot;iso&quot;:&quot;0&quot;,&quot;shutter_speed&quot;:&quot;0&quot;,&quot;title&quot;:&quot;&quot;,&quot;orientation&quot;:&quot;0&quot;}\" data-image-title=\"Box Beam Finished Products\" data-image-description=\"\" data-image-caption=\"\" data-large-file=\"https:\/\/believeindustry.company\/wp-content\/uploads\/2025\/10\/Box-Beam-Finished-Products.webp\" width=\"1009\" height=\"287\" src=\"https:\/\/believeindustry.company\/wp-content\/uploads\/2025\/10\/Box-Beam-Finished-Products.webp\" class=\"attachment-large size-large wp-image-19153\" alt=\"m\u00e1quina de almacenamiento de cajas y vigas\" srcset=\"https:\/\/believeindustry.company\/wp-content\/uploads\/2025\/10\/Box-Beam-Finished-Products.webp 1009w, https:\/\/believeindustry.company\/wp-content\/uploads\/2025\/10\/Box-Beam-Finished-Products-300x85.webp 300w, https:\/\/believeindustry.company\/wp-content\/uploads\/2025\/10\/Box-Beam-Finished-Products-768x218.webp 768w, https:\/\/believeindustry.company\/wp-content\/uploads\/2025\/10\/Box-Beam-Finished-Products-600x171.webp 600w\" sizes=\"(max-width: 1009px) 100vw, 1009px\" \/>\t\t\t\t\t\t\t\t\t\t\t\t\t\t\t<\/div>\n\t\t\t\t<\/div>\n\t\t\t\t\t<\/div>\n\t\t\t\t<\/div>\n\t\t<div data-particle_enable=\"false\" data-particle-mobile-disabled=\"false\" class=\"elementor-element elementor-element-3eb301f e-flex e-con-boxed e-con e-parent\" data-id=\"3eb301f\" data-element_type=\"container\" data-e-type=\"container\">\n\t\t\t\t\t<div class=\"e-con-inner\">\n\t\t\t\t<div class=\"elementor-element elementor-element-8d486e9 elementor-widget elementor-widget-heading\" data-id=\"8d486e9\" data-element_type=\"widget\" data-e-type=\"widget\" data-widget_type=\"heading.default\">\n\t\t\t\t<div class=\"elementor-widget-container\">\n\t\t\t\t\t<h2 class=\"elementor-heading-title elementor-size-default\">Componentes clave de la m\u00e1quina y par\u00e1metros t\u00e9cnicos<\/h2>\t\t\t\t<\/div>\n\t\t\t\t<\/div>\n\t\t\t\t\t<\/div>\n\t\t\t\t<\/div>\n\t\t<div data-particle_enable=\"false\" data-particle-mobile-disabled=\"false\" class=\"elementor-element elementor-element-6dbd9a6 e-flex e-con-boxed e-con e-parent\" data-id=\"6dbd9a6\" data-element_type=\"container\" data-e-type=\"container\">\n\t\t\t\t\t<div class=\"e-con-inner\">\n\t\t\t\t<div class=\"elementor-element elementor-element-5e5ff6f elementor-widget elementor-widget-text-editor\" data-id=\"5e5ff6f\" data-element_type=\"widget\" data-e-type=\"widget\" data-widget_type=\"text-editor.default\">\n\t\t\t\t<div class=\"elementor-widget-container\">\n\t\t\t\t\t\t\t\t\t<table><tbody><tr><td rowspan=\"2\" width=\"175\"><p>Desenrollador<\/p><\/td><td width=\"218\"><p>Capacidad de carga<\/p><\/td><td width=\"248\"><p>5000 kilos<\/p><\/td><\/tr><tr><td width=\"218\"><p>Potencia para desenrollar<\/p><\/td><td width=\"248\"><p>3 kW<\/p><\/td><\/tr><tr><td width=\"175\"><p>Unidad de nivelaci\u00f3n<\/p><\/td><td width=\"218\"><p>Material de los rodillos niveladores<\/p><\/td><td width=\"248\"><p>40Cr, 55 mm de di\u00e1metro<\/p><\/td><\/tr><tr><td rowspan=\"7\" width=\"175\"><p>Unidad de perfilado<\/p><\/td><td width=\"218\"><p>Accionamiento y transmisi\u00f3n<\/p><\/td><td width=\"248\"><p>Transmisi\u00f3n el\u00e9ctrica por cadena<\/p><\/td><\/tr><tr><td width=\"218\"><p>Pasos de formaci\u00f3n<\/p><\/td><td width=\"248\"><p>18 pasos<\/p><\/td><\/tr><tr><td width=\"218\"><p>Velocidad de formaci\u00f3n<\/p><\/td><td width=\"248\"><p>0-15 m\/min<\/p><\/td><\/tr><tr><td width=\"218\"><p>Material del rodillo<\/p><\/td><td width=\"248\"><p>GCr15, HRC58-62<\/p><\/td><\/tr><tr><td width=\"218\"><p>Material del eje<\/p><\/td><td width=\"248\"><p>40Cr; 80 mm de di\u00e1metro<\/p><\/td><\/tr><tr><td width=\"218\"><p>Potencia de perfilado<\/p><\/td><td width=\"248\"><p>15 kW<\/p><\/td><\/tr><tr><td width=\"218\"><p>Poder de ajuste de tama\u00f1o<\/p><\/td><td width=\"248\"><p>1,5 kW<\/p><\/td><\/tr><tr><td rowspan=\"3\" width=\"175\"><p>Corte de vuelo del servo<\/p><\/td><td width=\"218\"><p>Potencia de seguimiento del servo<\/p><\/td><td width=\"248\"><p>2,2 kW<\/p><\/td><\/tr><tr><td width=\"218\"><p>Poder de corte<\/p><\/td><td width=\"248\"><p>5,5 kW<\/p><\/td><\/tr><tr><td width=\"218\"><p>Material de la cuchilla de corte<\/p><\/td><td width=\"248\"><p>Cr12Mov<\/p><\/td><\/tr><tr><td rowspan=\"2\" width=\"175\"><p>M\u00e1quina de coser<\/p><\/td><td width=\"218\"><p>Pasos de costura<\/p><\/td><td width=\"248\"><p>5 pasos<\/p><\/td><\/tr><tr><td width=\"218\"><p>Poder de costura<\/p><\/td><td width=\"248\"><p>11 kW<\/p><\/td><\/tr><\/tbody><\/table>\t\t\t\t\t\t\t\t<\/div>\n\t\t\t\t<\/div>\n\t\t\t\t\t<\/div>\n\t\t\t\t<\/div>\n\t\t<div data-particle_enable=\"false\" data-particle-mobile-disabled=\"false\" class=\"elementor-element elementor-element-a28243d e-flex e-con-boxed e-con e-parent\" data-id=\"a28243d\" data-element_type=\"container\" data-e-type=\"container\">\n\t\t\t\t\t<div class=\"e-con-inner\">\n\t\t\t\t<div class=\"elementor-element elementor-element-26cbc6c elementor-widget elementor-widget-heading\" data-id=\"26cbc6c\" data-element_type=\"widget\" data-e-type=\"widget\" data-widget_type=\"heading.default\">\n\t\t\t\t<div class=\"elementor-widget-container\">\n\t\t\t\t\t<h2 class=\"elementor-heading-title elementor-size-default\">Dise\u00f1o innovador: m\u00e1quina perfiladora de vigas de caj\u00f3n autosellables<\/h2>\t\t\t\t<\/div>\n\t\t\t\t<\/div>\n\t\t\t\t<div class=\"elementor-element elementor-element-c083f64 elementor-widget elementor-widget-text-editor\" data-id=\"c083f64\" data-element_type=\"widget\" data-e-type=\"widget\" data-widget_type=\"text-editor.default\">\n\t\t\t\t<div class=\"elementor-widget-container\">\n\t\t\t\t\t\t\t\t\t<p>Adem\u00e1s, ofrecemos una m\u00e1quina alternativa para vigas caj\u00f3n, dise\u00f1ada para producir vigas caj\u00f3n autoengrapadas (o autobloqueadas). Gracias a sus ventajas, como el menor consumo de material, la mayor eficiencia de producci\u00f3n, los menores costos generales y un rendimiento estructural fiable, la <span style=\"color: #ffcc99;\"><strong><span style=\"text-decoration: underline;\"><em>M\u00e1quinas perfiladoras de vigas de caj\u00f3n autosellables<\/em> <\/span><\/strong><\/span>han atra\u00eddo un inter\u00e9s significativo por parte de los clientes.<\/p>\t\t\t\t\t\t\t\t<\/div>\n\t\t\t\t<\/div>\n\t\t\t\t\t<\/div>\n\t\t\t\t<\/div>\n\t\t\t\t<\/div>","protected":false},"excerpt":{"rendered":"<p>La perfiladora de vigas horizontales para estanter\u00edas de almacenamiento es fundamental en la fabricaci\u00f3n moderna de sistemas de almacenamiento industrial. Este equipo altamente especializado est\u00e1 dise\u00f1ado para la producci\u00f3n continua y de gran volumen de vigas horizontales esenciales para sistemas de estanter\u00edas para pal\u00e9s. En Beli RollForming, hemos perfeccionado esta m\u00e1quina para ofrecer precisi\u00f3n, velocidad y fiabilidad excepcionales, lo que la convierte en un recurso esencial para los fabricantes de soluciones de almacenamiento que buscan mantener una ventaja competitiva en el mercado.<\/p>","protected":false},"featured_media":19084,"comment_status":"closed","ping_status":"closed","template":"","meta":{"_angie_page":false,"jetpack_post_was_ever_published":false,"jetpack_publicize_message":"","jetpack_publicize_feature_enabled":true,"jetpack_social_post_already_shared":true,"jetpack_social_options":{"image_generator_settings":{"template":"highway","default_image_id":0,"font":"","enabled":false},"version":2},"_wpas_customize_per_network":false},"product_brand":[607850681],"product_cat":[],"product_tag":[],"class_list":{"0":"post-19082","1":"product","2":"type-product","3":"status-publish","4":"has-post-thumbnail","6":"product_brand-believe-industry-company","8":"first","9":"instock","10":"sale","11":"shipping-taxable","12":"purchasable","13":"product-type-simple"},"jetpack_publicize_connections":[],"jetpack_sharing_enabled":true,"jetpack_likes_enabled":false,"jetpack-related-posts":[{"id":18884,"url":"https:\/\/believeindustry.company\/es\/product\/storage-rack-column-roll-forming-machine\/","url_meta":{"origin":19082,"position":0},"title":"M\u00e1quina formadora de columnas para estanter\u00edas de almacenamiento","author":"Believe Industry Group","date":"octubre 23, 2025","format":false,"excerpt":"Storage Rack Column Roll Forming Machine\u200b is the cornerstone of modern industrial storage solutions manufacturing. At Beli RollForming, we have engineered a high-precision, fully automated system designed specifically to produce the robust, high-tolerance upright columns essential for pallet racking systems.","rel":"","context":"Entrada similar","block_context":{"text":"Entrada similar","link":""},"img":{"alt_text":"storage rack column roll forming machine","src":"https:\/\/i0.wp.com\/believeindustry.company\/wp-content\/uploads\/2025\/10\/Storage-Rack-Bolted-Column-Roll-Forming-Machine.webp?resize=350%2C200&ssl=1","width":350,"height":200,"srcset":"https:\/\/i0.wp.com\/believeindustry.company\/wp-content\/uploads\/2025\/10\/Storage-Rack-Bolted-Column-Roll-Forming-Machine.webp?resize=350%2C200&ssl=1 1x, https:\/\/i0.wp.com\/believeindustry.company\/wp-content\/uploads\/2025\/10\/Storage-Rack-Bolted-Column-Roll-Forming-Machine.webp?resize=525%2C300&ssl=1 1.5x, https:\/\/i0.wp.com\/believeindustry.company\/wp-content\/uploads\/2025\/10\/Storage-Rack-Bolted-Column-Roll-Forming-Machine.webp?resize=700%2C400&ssl=1 2x"},"classes":[]},{"id":19055,"url":"https:\/\/believeindustry.company\/es\/product\/shelf-panel-roll-forming-machine\/","url_meta":{"origin":19082,"position":1},"title":"M\u00e1quina formadora de paneles de estanter\u00edas","author":"Believe Industry Group","date":"octubre 29, 2025","format":false,"excerpt":"Believe Industry Company ofrece una amplia gama de perfiladoras de metal dise\u00f1adas para sistemas de almacenamiento en almacenes y supermercados. Esta perfiladora de paneles para estanter\u00edas est\u00e1 dise\u00f1ada y fabricada espec\u00edficamente para producir paneles con anchos de entre 100 mm y 600 mm.","rel":"","context":"Entrada similar","block_context":{"text":"Entrada similar","link":""},"img":{"alt_text":"shelf-panel-roll-forming-machine","src":"https:\/\/i0.wp.com\/believeindustry.company\/wp-content\/uploads\/2025\/10\/Shelf-Panel-Roll-Forming-Machine-1.webp?resize=350%2C200&ssl=1","width":350,"height":200,"srcset":"https:\/\/i0.wp.com\/believeindustry.company\/wp-content\/uploads\/2025\/10\/Shelf-Panel-Roll-Forming-Machine-1.webp?resize=350%2C200&ssl=1 1x, https:\/\/i0.wp.com\/believeindustry.company\/wp-content\/uploads\/2025\/10\/Shelf-Panel-Roll-Forming-Machine-1.webp?resize=525%2C300&ssl=1 1.5x, https:\/\/i0.wp.com\/believeindustry.company\/wp-content\/uploads\/2025\/10\/Shelf-Panel-Roll-Forming-Machine-1.webp?resize=700%2C400&ssl=1 2x"},"classes":[]},{"id":5085,"url":"https:\/\/believeindustry.company\/es\/product\/c-z-purlin-roll-former\/","url_meta":{"origin":19082,"position":2},"title":"Formadora de rollos de correas C\/Z","author":"Believe Industry Group","date":"marzo 15, 2019","format":false,"excerpt":"A C \/Z purlin roll former is a specialized industrial machine designed to continuously shape flat steel coil into C-shaped and Z-shaped profiles (purlins), which are primarily used as horizontal structural supports in the roofs and walls of metal buildings. C\/Z Purlin Roll Former Believe Industry Company's latest design of\u2026","rel":"","context":"Entrada similar","block_context":{"text":"Entrada similar","link":""},"img":{"alt_text":"A complete view of a blue and yellow C\/Z purlin roll former machine, stretching across a clean factory floor with a large coil of steel at the input and multiple roll forming stations.","src":"https:\/\/i0.wp.com\/believeindustry.company\/wp-content\/uploads\/2019\/03\/high-speed-c-z-purlin-roll-forming-machine.webp?resize=350%2C200&ssl=1","width":350,"height":200,"srcset":"https:\/\/i0.wp.com\/believeindustry.company\/wp-content\/uploads\/2019\/03\/high-speed-c-z-purlin-roll-forming-machine.webp?resize=350%2C200&ssl=1 1x, https:\/\/i0.wp.com\/believeindustry.company\/wp-content\/uploads\/2019\/03\/high-speed-c-z-purlin-roll-forming-machine.webp?resize=525%2C300&ssl=1 1.5x, https:\/\/i0.wp.com\/believeindustry.company\/wp-content\/uploads\/2019\/03\/high-speed-c-z-purlin-roll-forming-machine.webp?resize=700%2C400&ssl=1 2x"},"classes":[]},{"id":1777,"url":"https:\/\/believeindustry.company\/es\/product\/ibr-roof-sheeting-roll-forming-machine\/","url_meta":{"origin":19082,"position":3},"title":"M\u00e1quina perfiladora de l\u00e1minas para techos IBR","author":"Believe Industry Group","date":"mayo 15, 2018","format":false,"excerpt":"IBR Roof Sheeting Roll Forming Machine IBR Roof Sheeting Roll Forming Machine is a whole line to produce IBR Roof Sheeting as desired length. IBR sheet drawing Technical Specifications of IBR Roof Sheeting Roll Forming Machine Layout of IBR Sheet Roll Forming Machine M\/C of IBR Roof Sheeting Roll Forming\u2026","rel":"","context":"Entrada similar","block_context":{"text":"Entrada similar","link":""},"img":{"alt_text":"ibr roof sheeting roll forming machine","src":"https:\/\/i0.wp.com\/believeindustry.company\/wp-content\/uploads\/2018\/05\/ibr-roof-sheeting-roll-forming-machine.jpg?resize=350%2C200&ssl=1","width":350,"height":200,"srcset":"https:\/\/i0.wp.com\/believeindustry.company\/wp-content\/uploads\/2018\/05\/ibr-roof-sheeting-roll-forming-machine.jpg?resize=350%2C200&ssl=1 1x, https:\/\/i0.wp.com\/believeindustry.company\/wp-content\/uploads\/2018\/05\/ibr-roof-sheeting-roll-forming-machine.jpg?resize=525%2C300&ssl=1 1.5x, https:\/\/i0.wp.com\/believeindustry.company\/wp-content\/uploads\/2018\/05\/ibr-roof-sheeting-roll-forming-machine.jpg?resize=700%2C400&ssl=1 2x"},"classes":[]},{"id":5105,"url":"https:\/\/believeindustry.company\/es\/product\/metal-roof-deck-roll-forming-machine\/","url_meta":{"origin":19082,"position":4},"title":"M\u00e1quina perfiladora de cubiertas met\u00e1licas","author":"Believe Industry Group","date":"marzo 18, 2019","format":false,"excerpt":"Metal roof deck roll forming machine is for producing metal\/steel\/aluminum roof decks as per requirements. \u00a0 Metal Roof Deck Roll Forming Machine What's Metal Roof Deck? Metal deck is a cold formed corrugated steel sheet supported by steel joists\u00a0or beams. It is used to support concrete or insulating membrane of\u2026","rel":"","context":"Entrada similar","block_context":{"text":"Entrada similar","link":""},"img":{"alt_text":"Complete automated metal roof deck roll forming machine production line by Beli.","src":"https:\/\/i0.wp.com\/believeindustry.company\/wp-content\/uploads\/2019\/03\/metal-roof-deck-roll-forming-machine-1.webp?resize=350%2C200&ssl=1","width":350,"height":200,"srcset":"https:\/\/i0.wp.com\/believeindustry.company\/wp-content\/uploads\/2019\/03\/metal-roof-deck-roll-forming-machine-1.webp?resize=350%2C200&ssl=1 1x, https:\/\/i0.wp.com\/believeindustry.company\/wp-content\/uploads\/2019\/03\/metal-roof-deck-roll-forming-machine-1.webp?resize=525%2C300&ssl=1 1.5x, https:\/\/i0.wp.com\/believeindustry.company\/wp-content\/uploads\/2019\/03\/metal-roof-deck-roll-forming-machine-1.webp?resize=700%2C400&ssl=1 2x, https:\/\/i0.wp.com\/believeindustry.company\/wp-content\/uploads\/2019\/03\/metal-roof-deck-roll-forming-machine-1.webp?resize=1050%2C600&ssl=1 3x, https:\/\/i0.wp.com\/believeindustry.company\/wp-content\/uploads\/2019\/03\/metal-roof-deck-roll-forming-machine-1.webp?resize=1400%2C800&ssl=1 4x"},"classes":[]},{"id":1760,"url":"https:\/\/believeindustry.company\/es\/product\/686-ibr-sheet-roll-forming-machine\/","url_meta":{"origin":19082,"position":5},"title":"M\u00e1quina formadora de rollos de chapa 686 IBR","author":"Believe Industry Group","date":"mayo 14, 2018","format":false,"excerpt":"686 IBR Sheet Roll Forming Machine 686 IBR Sheet Roll Forming Machine is a whole line to produce IBR sheets as desired length. IBR sheet drawing Technical Specifications of 686 IBR Sheet Roll Forming Machine Layout of IBR Sheet Roll Forming Machine M\/C of 686 IBR Sheet Roll Forming Machine\u2026","rel":"","context":"Entrada similar","block_context":{"text":"Entrada similar","link":""},"img":{"alt_text":"686 ibr sheet roll forming machine","src":"https:\/\/i0.wp.com\/believeindustry.company\/wp-content\/uploads\/2018\/05\/686-ibr-sheet-roll-forming-machine.jpg?resize=350%2C200&ssl=1","width":350,"height":200,"srcset":"https:\/\/i0.wp.com\/believeindustry.company\/wp-content\/uploads\/2018\/05\/686-ibr-sheet-roll-forming-machine.jpg?resize=350%2C200&ssl=1 1x, https:\/\/i0.wp.com\/believeindustry.company\/wp-content\/uploads\/2018\/05\/686-ibr-sheet-roll-forming-machine.jpg?resize=525%2C300&ssl=1 1.5x, https:\/\/i0.wp.com\/believeindustry.company\/wp-content\/uploads\/2018\/05\/686-ibr-sheet-roll-forming-machine.jpg?resize=700%2C400&ssl=1 2x"},"classes":[]}],"amp_enabled":true,"_links":{"self":[{"href":"https:\/\/believeindustry.company\/es\/wp-json\/wp\/v2\/product\/19082","targetHints":{"allow":["GET"]}}],"collection":[{"href":"https:\/\/believeindustry.company\/es\/wp-json\/wp\/v2\/product"}],"about":[{"href":"https:\/\/believeindustry.company\/es\/wp-json\/wp\/v2\/types\/product"}],"replies":[{"embeddable":true,"href":"https:\/\/believeindustry.company\/es\/wp-json\/wp\/v2\/comments?post=19082"}],"version-history":[{"count":11,"href":"https:\/\/believeindustry.company\/es\/wp-json\/wp\/v2\/product\/19082\/revisions"}],"predecessor-version":[{"id":19156,"href":"https:\/\/believeindustry.company\/es\/wp-json\/wp\/v2\/product\/19082\/revisions\/19156"}],"wp:featuredmedia":[{"embeddable":true,"href":"https:\/\/believeindustry.company\/es\/wp-json\/wp\/v2\/media\/19084"}],"wp:attachment":[{"href":"https:\/\/believeindustry.company\/es\/wp-json\/wp\/v2\/media?parent=19082"}],"wp:term":[{"taxonomy":"product_brand","embeddable":true,"href":"https:\/\/believeindustry.company\/es\/wp-json\/wp\/v2\/product_brand?post=19082"},{"taxonomy":"product_cat","embeddable":true,"href":"https:\/\/believeindustry.company\/es\/wp-json\/wp\/v2\/product_cat?post=19082"},{"taxonomy":"product_tag","embeddable":true,"href":"https:\/\/believeindustry.company\/es\/wp-json\/wp\/v2\/product_tag?post=19082"}],"curies":[{"name":"wp","href":"https:\/\/api.w.org\/{rel}","templated":true}]}}