{"id":19165,"date":"2025-11-04T11:06:14","date_gmt":"2025-11-04T03:06:14","guid":{"rendered":"https:\/\/believeindustry.company\/?post_type=product&#038;p=19165"},"modified":"2025-11-12T15:19:35","modified_gmt":"2025-11-12T07:19:35","slug":"maquina-formadora-de-perfiles-para-soportes-solares-de-41-x-41-mm-y-41-x-82-mm","status":"publish","type":"product","link":"https:\/\/believeindustry.company\/es\/product\/41x41mm-41x82mm-solar-strut-channel-roll-forming-machine\/","title":{"rendered":"M\u00e1quina formadora de perfiles para soportes solares de 41 x 41 mm y 41 x 82 mm"},"content":{"rendered":"<div data-elementor-type=\"product-post\" data-elementor-id=\"19165\" class=\"elementor elementor-19165\" data-elementor-post-type=\"product\">\n\t\t\t\t<div data-particle_enable=\"false\" data-particle-mobile-disabled=\"false\" class=\"elementor-element elementor-element-0433072 e-flex e-con-boxed e-con e-parent\" data-id=\"0433072\" data-element_type=\"container\" data-e-type=\"container\">\n\t\t\t\t\t<div class=\"e-con-inner\">\n\t\t\t\t<div class=\"elementor-element elementor-element-fc4b933 elementor-widget elementor-widget-heading\" data-id=\"fc4b933\" data-element_type=\"widget\" data-e-type=\"widget\" data-widget_type=\"heading.default\">\n\t\t\t\t<div class=\"elementor-widget-container\">\n\t\t\t\t\t<h2 class=\"elementor-heading-title elementor-size-default\">Descripci\u00f3n de la m\u00e1quina<\/h2>\t\t\t\t<\/div>\n\t\t\t\t<\/div>\n\t\t\t\t\t<\/div>\n\t\t\t\t<\/div>\n\t\t<div data-particle_enable=\"false\" data-particle-mobile-disabled=\"false\" class=\"elementor-element elementor-element-188c2a3 e-flex e-con-boxed e-con e-parent\" data-id=\"188c2a3\" data-element_type=\"container\" data-e-type=\"container\">\n\t\t\t\t\t<div class=\"e-con-inner\">\n\t\t\t\t<div class=\"elementor-element elementor-element-5aad749 elementor-widget elementor-widget-text-editor\" data-id=\"5aad749\" data-element_type=\"widget\" data-e-type=\"widget\" data-widget_type=\"text-editor.default\">\n\t\t\t\t<div class=\"elementor-widget-container\">\n\t\t\t\t\t\t\t\t\t<p>El <strong>M\u00e1quina formadora de perfiles para soportes solares de 41 x 41 mm y 41 x 82 mm<\/strong>\u00a0Es una soluci\u00f3n de fabricaci\u00f3n altamente vers\u00e1til, dise\u00f1ada para maximizar la productividad y la flexibilidad operativa. Esta innovadora m\u00e1quina permite transiciones fluidas entre diferentes dimensiones de soportes solares en una sola l\u00ednea de producci\u00f3n.<\/p><p>En Beli RollForming, hemos dise\u00f1ado este equipo para eliminar la necesidad de m\u00faltiples m\u00e1quinas dedicadas, reduciendo as\u00ed los requisitos de espacio, la inversi\u00f3n de capital y los costos operativos y, al mismo tiempo, ampliando la adaptabilidad del mercado.<\/p>\t\t\t\t\t\t\t\t<\/div>\n\t\t\t\t<\/div>\n\t\t\t\t<div class=\"elementor-element elementor-element-8b632d5 elementor-widget elementor-widget-text-editor\" data-id=\"8b632d5\" data-element_type=\"widget\" data-e-type=\"widget\" data-widget_type=\"text-editor.default\">\n\t\t\t\t<div class=\"elementor-widget-container\">\n\t\t\t\t\t\t\t\t\t<p>Esta m\u00e1quina de canal solar totalmente autom\u00e1tica puede producir secciones con dimensiones de<strong> 41 \u00d7 41 mm, 41 \u00d7 52 mm, 41 \u00d7 62 mm, 41 \u00d7 72 mm y 41 \u00d7 82 mm<\/strong> Mediante ajuste autom\u00e1tico. Equipada con una prensa de alta velocidad, transmisi\u00f3n por caja de engranajes y un sistema de corte al vuelo, toda la l\u00ednea de producci\u00f3n puede alcanzar velocidades de hasta 30-40 m\/min.<\/p>\t\t\t\t\t\t\t\t<\/div>\n\t\t\t\t<\/div>\n\t\t\t\t<div class=\"elementor-element elementor-element-383455d elementor-widget elementor-widget-image\" data-id=\"383455d\" data-element_type=\"widget\" data-e-type=\"widget\" data-widget_type=\"image.default\">\n\t\t\t\t<div class=\"elementor-widget-container\">\n\t\t\t\t\t\t\t\t\t\t\t\t\t\t\t<img fetchpriority=\"high\" decoding=\"async\" data-attachment-id=\"19168\" data-permalink=\"https:\/\/believeindustry.company\/es\/?attachment_id=19168\" data-orig-file=\"https:\/\/believeindustry.company\/wp-content\/uploads\/2025\/10\/Solar-Strut-Channel-Profiles.webp\" data-orig-size=\"1000,298\" data-comments-opened=\"1\" data-image-meta=\"{&quot;aperture&quot;:&quot;0&quot;,&quot;credit&quot;:&quot;&quot;,&quot;camera&quot;:&quot;&quot;,&quot;caption&quot;:&quot;&quot;,&quot;created_timestamp&quot;:&quot;0&quot;,&quot;copyright&quot;:&quot;&quot;,&quot;focal_length&quot;:&quot;0&quot;,&quot;iso&quot;:&quot;0&quot;,&quot;shutter_speed&quot;:&quot;0&quot;,&quot;title&quot;:&quot;&quot;,&quot;orientation&quot;:&quot;0&quot;}\" data-image-title=\"Solar Strut Channel Profiles\" data-image-description=\"\" data-image-caption=\"\" data-large-file=\"https:\/\/believeindustry.company\/wp-content\/uploads\/2025\/10\/Solar-Strut-Channel-Profiles.webp\" width=\"1000\" height=\"298\" src=\"https:\/\/believeindustry.company\/wp-content\/uploads\/2025\/10\/Solar-Strut-Channel-Profiles.webp\" class=\"attachment-large size-large wp-image-19168\" alt=\"perfiles de canal de puntal solar\" srcset=\"https:\/\/believeindustry.company\/wp-content\/uploads\/2025\/10\/Solar-Strut-Channel-Profiles.webp 1000w, https:\/\/believeindustry.company\/wp-content\/uploads\/2025\/10\/Solar-Strut-Channel-Profiles-300x89.webp 300w, https:\/\/believeindustry.company\/wp-content\/uploads\/2025\/10\/Solar-Strut-Channel-Profiles-768x229.webp 768w, https:\/\/believeindustry.company\/wp-content\/uploads\/2025\/10\/Solar-Strut-Channel-Profiles-600x179.webp 600w\" sizes=\"(max-width: 1000px) 100vw, 1000px\" \/>\t\t\t\t\t\t\t\t\t\t\t\t\t\t\t<\/div>\n\t\t\t\t<\/div>\n\t\t\t\t<div class=\"elementor-element elementor-element-d4bf3df elementor-widget elementor-widget-heading\" data-id=\"d4bf3df\" data-element_type=\"widget\" data-e-type=\"widget\" data-widget_type=\"heading.default\">\n\t\t\t\t<div class=\"elementor-widget-container\">\n\t\t\t\t\t<h2 class=\"elementor-heading-title elementor-size-default\">Componentes clave de la m\u00e1quina y dise\u00f1o de la m\u00e1quina<\/h2>\t\t\t\t<\/div>\n\t\t\t\t<\/div>\n\t\t\t\t<div class=\"elementor-element elementor-element-6c38d25 elementor-widget elementor-widget-text-editor\" data-id=\"6c38d25\" data-element_type=\"widget\" data-e-type=\"widget\" data-widget_type=\"text-editor.default\">\n\t\t\t\t<div class=\"elementor-widget-container\">\n\t\t\t\t\t\t\t\t\t<p>La robustez de nuestra<strong>M\u00e1quina formadora de perfiles para soportes solares de 41 x 41 mm y 41 x 82 mm<\/strong>\u200b proviene de sus componentes premium:<\/p><p>1. Desenrollador y nivelador de dise\u00f1o 2 en 1 <br \/>2. Punzonadora de alta precisi\u00f3n y alta velocidad con alimentador servo <br \/>3. Acumulador (Estante de almacenamiento de materiales) <br \/>4. Unidad principal de perfilado <br \/>5. Dispositivo de corte de seguimiento servo <br \/>6. Sistemas el\u00e9ctricos e hidr\u00e1ulicos <br \/>7. Mesa de recolecci\u00f3n<\/p>\t\t\t\t\t\t\t\t<\/div>\n\t\t\t\t<\/div>\n\t\t\t\t<div class=\"elementor-element elementor-element-4cce50f elementor-widget elementor-widget-image\" data-id=\"4cce50f\" data-element_type=\"widget\" data-e-type=\"widget\" data-widget_type=\"image.default\">\n\t\t\t\t<div class=\"elementor-widget-container\">\n\t\t\t\t\t\t\t\t\t\t\t\t\t\t\t<img decoding=\"async\" data-attachment-id=\"19170\" data-permalink=\"https:\/\/believeindustry.company\/ar\/?attachment_id=19170\" data-orig-file=\"https:\/\/believeindustry.company\/wp-content\/uploads\/2025\/10\/41x82mm-solar-strut-channel-roll-forming-machine-layout.webp\" data-orig-size=\"1476,393\" data-comments-opened=\"1\" data-image-meta=\"{&quot;aperture&quot;:&quot;0&quot;,&quot;credit&quot;:&quot;&quot;,&quot;camera&quot;:&quot;&quot;,&quot;caption&quot;:&quot;&quot;,&quot;created_timestamp&quot;:&quot;0&quot;,&quot;copyright&quot;:&quot;&quot;,&quot;focal_length&quot;:&quot;0&quot;,&quot;iso&quot;:&quot;0&quot;,&quot;shutter_speed&quot;:&quot;0&quot;,&quot;title&quot;:&quot;&quot;,&quot;orientation&quot;:&quot;0&quot;}\" data-image-title=\"41x82mm solar strut channel roll forming machine layout\" data-image-description=\"\" data-image-caption=\"\" data-large-file=\"https:\/\/believeindustry.company\/wp-content\/uploads\/2025\/10\/41x82mm-solar-strut-channel-roll-forming-machine-layout-1024x273.webp\" width=\"1024\" height=\"273\" src=\"https:\/\/believeindustry.company\/wp-content\/uploads\/2025\/10\/41x82mm-solar-strut-channel-roll-forming-machine-layout-1024x273.webp\" class=\"attachment-large size-large wp-image-19170\" alt=\"\" srcset=\"https:\/\/believeindustry.company\/wp-content\/uploads\/2025\/10\/41x82mm-solar-strut-channel-roll-forming-machine-layout-1024x273.webp 1024w, https:\/\/believeindustry.company\/wp-content\/uploads\/2025\/10\/41x82mm-solar-strut-channel-roll-forming-machine-layout-300x80.webp 300w, https:\/\/believeindustry.company\/wp-content\/uploads\/2025\/10\/41x82mm-solar-strut-channel-roll-forming-machine-layout-768x204.webp 768w, https:\/\/believeindustry.company\/wp-content\/uploads\/2025\/10\/41x82mm-solar-strut-channel-roll-forming-machine-layout-600x160.webp 600w, https:\/\/believeindustry.company\/wp-content\/uploads\/2025\/10\/41x82mm-solar-strut-channel-roll-forming-machine-layout.webp 1476w\" sizes=\"(max-width: 1024px) 100vw, 1024px\">\t\t\t\t\t\t\t\t\t\t\t\t\t\t\t<\/div>\n\t\t\t\t<\/div>\n\t\t\t\t<div class=\"elementor-element elementor-element-bf08af5 elementor-widget elementor-widget-text-editor\" data-id=\"bf08af5\" data-element_type=\"widget\" data-e-type=\"widget\" data-widget_type=\"text-editor.default\">\n\t\t\t\t<div class=\"elementor-widget-container\">\n\t\t\t\t\t\t\t\t\t<p><strong>Proceso de trabajo<\/strong>: desbobinado \u2014 nivelaci\u00f3n \u2014 alimentaci\u00f3n servo \u2014 punzonado \u2013 guiado \u2014 perfilado \u2014 corte \u2014 recogida<\/p>\t\t\t\t\t\t\t\t<\/div>\n\t\t\t\t<\/div>\n\t\t\t\t\t<\/div>\n\t\t\t\t<\/div>\n\t\t<div data-particle_enable=\"false\" data-particle-mobile-disabled=\"false\" class=\"elementor-element elementor-element-e751ff5 e-flex e-con-boxed e-con e-parent\" data-id=\"e751ff5\" data-element_type=\"container\" data-e-type=\"container\">\n\t\t\t\t\t<div class=\"e-con-inner\">\n\t\t\t\t<div class=\"elementor-element elementor-element-8f8a5a7 elementor-widget elementor-widget-heading\" data-id=\"8f8a5a7\" data-element_type=\"widget\" data-e-type=\"widget\" data-widget_type=\"heading.default\">\n\t\t\t\t<div class=\"elementor-widget-container\">\n\t\t\t\t\t<h2 class=\"elementor-heading-title elementor-size-default\">Breve especificaci\u00f3n de par\u00e1metros<\/h2>\t\t\t\t<\/div>\n\t\t\t\t<\/div>\n\t\t\t\t<div class=\"elementor-element elementor-element-964dd90 elementor-widget elementor-widget-text-editor\" data-id=\"964dd90\" data-element_type=\"widget\" data-e-type=\"widget\" data-widget_type=\"text-editor.default\">\n\t\t\t\t<div class=\"elementor-widget-container\">\n\t\t\t\t\t\t\t\t\t<table><tbody><tr><td width=\"275\"><p>Capacidad de carga del desbobinador<\/p><\/td><td width=\"434\"><p>3.000 kilogramos<\/p><\/td><\/tr><tr><td width=\"275\"><p>Tipo de desenrollado<\/p><\/td><td width=\"434\"><p>Control hidr\u00e1ulico de expansi\u00f3n y tensi\u00f3n<\/p><\/td><\/tr><tr><td width=\"275\"><p>Tipo de punzonado<\/p><\/td><td width=\"434\"><p>Punzonadora Yangli de 110 toneladas<\/p><\/td><\/tr><tr><td width=\"275\"><p>Material de los moldes de punzonado<\/p><\/td><td width=\"434\"><p>Cr12MoV, endurecido a HRC 58\u201362 \u00a0<\/p><\/td><\/tr><tr><td width=\"275\"><p>Alimentador servo<\/p><\/td><td width=\"434\"><p>Garantiza un posicionamiento de alta precisi\u00f3n para operaciones de punzonado.<\/p><\/td><\/tr><tr><td width=\"275\"><p>Pasos del perfilado<\/p><\/td><td width=\"434\"><p>18 soportes de formaci\u00f3n, incluidos rodillos laterales auxiliares<\/p><\/td><\/tr><tr><td width=\"275\"><p>Conducci\u00f3n y transmisi\u00f3n<\/p><\/td><td width=\"434\"><p>Accionamiento por motor el\u00e9ctrico mediante caja de cambios y transmisi\u00f3n por cadena<\/p><\/td><\/tr><tr><td width=\"275\"><p>Material de los rodillos<\/p><\/td><td width=\"434\"><p>GCr15, endurecido a HRC 58\u201362, superficie cromada \u00a0<\/p><\/td><\/tr><tr><td width=\"275\"><p>Material de los ejes<\/p><\/td><td width=\"434\"><p>40Cr de alta calidad, HB220-260<\/p><\/td><\/tr><tr><td width=\"275\"><p>Potencia para perfilado<\/p><\/td><td width=\"434\"><p>15 kW<\/p><\/td><\/tr><tr><td width=\"275\"><p>Potencia para el ajuste del ancho de la banda<\/p><\/td><td width=\"434\"><p>1,5 kW<\/p><\/td><\/tr><tr><td width=\"275\"><p>Potencia para el ajuste de la altura de la brida<\/p><\/td><td width=\"434\"><p>0,75 kW \u00d7 2<\/p><\/td><\/tr><tr><td width=\"275\"><p>Velocidad de l\u00ednea<\/p><\/td><td width=\"434\"><p>0\u201320 m\/min<\/p><\/td><\/tr><tr><td width=\"275\"><p>Potencia para el seguimiento del servo<\/p><\/td><td width=\"434\"><p>Servomotor YASKAWA de 2,9 kW<\/p><\/td><\/tr><tr><td width=\"275\"><p>Poder de corte<\/p><\/td><td width=\"434\"><p>7,5 kW<\/p><\/td><\/tr><\/tbody><\/table>\t\t\t\t\t\t\t\t<\/div>\n\t\t\t\t<\/div>\n\t\t\t\t\t<\/div>\n\t\t\t\t<\/div>\n\t\t<div data-particle_enable=\"false\" data-particle-mobile-disabled=\"false\" class=\"elementor-element elementor-element-39e6892 e-flex e-con-boxed e-con e-parent\" data-id=\"39e6892\" data-element_type=\"container\" data-e-type=\"container\">\n\t\t\t\t\t<div class=\"e-con-inner\">\n\t\t\t\t<div class=\"elementor-element elementor-element-63bfafd elementor-widget elementor-widget-heading\" data-id=\"63bfafd\" data-element_type=\"widget\" data-e-type=\"widget\" data-widget_type=\"heading.default\">\n\t\t\t\t<div class=\"elementor-widget-container\">\n\t\t\t\t\t<h2 class=\"elementor-heading-title elementor-size-default\">Potencie su producci\u00f3n con precisi\u00f3n<\/h2>\t\t\t\t<\/div>\n\t\t\t\t<\/div>\n\t\t\t\t\t<\/div>\n\t\t\t\t<\/div>\n\t\t<div data-particle_enable=\"false\" data-particle-mobile-disabled=\"false\" class=\"elementor-element elementor-element-1c04054 e-flex e-con-boxed e-con e-parent\" data-id=\"1c04054\" data-element_type=\"container\" data-e-type=\"container\">\n\t\t\t\t\t<div class=\"e-con-inner\">\n\t\t\t\t<div class=\"elementor-element elementor-element-862577e elementor-widget elementor-widget-text-editor\" data-id=\"862577e\" data-element_type=\"widget\" data-e-type=\"widget\" data-widget_type=\"text-editor.default\">\n\t\t\t\t<div class=\"elementor-widget-container\">\n\t\t\t\t\t\t\t\t\t<p>Invertir en la maquinaria adecuada es fundamental para mantener la competitividad en la industria solar, que est\u00e1 en r\u00e1pido crecimiento.<strong>M\u00e1quina formadora de perfiles para soportes solares de 41 x 41 mm y 41 x 82 mm<\/strong>Ofrece la combinaci\u00f3n perfecta de alta productividad, flexibilidad operativa y construcci\u00f3n robusta. Est\u00e1 dise\u00f1ado para minimizar el costo unitario y maximizar la calidad de producci\u00f3n, garantizando que sus estructuras de montaje solar cumplan con los m\u00e1s altos est\u00e1ndares de durabilidad y rendimiento.<\/p>\t\t\t\t\t\t\t\t<\/div>\n\t\t\t\t<\/div>\n\t\t\t\t\t<\/div>\n\t\t\t\t<\/div>\n\t\t\t\t<\/div>","protected":false},"excerpt":{"rendered":"<p><strong>M\u00e1quina formadora de perfiles para soportes solares de 41 x 41 mm y 41 x 82 mm<\/strong>Es la piedra angular de la fabricaci\u00f3n moderna de estructuras de montaje para paneles solares de gran volumen. En Beli RollForming, hemos dise\u00f1ado este sistema de vanguardia para ofrecer precisi\u00f3n, velocidad y fiabilidad inigualables, lo que le permite producir los componentes estructurales esenciales para proyectos solares comerciales y a gran escala. Esta m\u00e1quina no es solo una compra de equipo; es una inversi\u00f3n en el futuro de la infraestructura de energ\u00edas renovables.<\/p>","protected":false},"featured_media":19208,"comment_status":"closed","ping_status":"closed","template":"","meta":{"_angie_page":false,"jetpack_publicize_message":"","jetpack_publicize_feature_enabled":true,"jetpack_social_post_already_shared":true,"jetpack_social_options":{"image_generator_settings":{"template":"highway","default_image_id":0,"font":"","enabled":false},"version":2},"_wpas_customize_per_network":false},"product_brand":[607850681],"product_cat":[607850685,607850694],"product_tag":[],"class_list":{"0":"post-19165","1":"product","2":"type-product","3":"status-publish","4":"has-post-thumbnail","6":"product_brand-believe-industry-company","7":"product_cat-energy-and-electric","8":"product_cat-solar-industry","9":"product_shipping_class-destination-and-container-quantity","11":"first","12":"instock","13":"sale","14":"shipping-taxable","15":"purchasable","16":"product-type-simple"},"jetpack_publicize_connections":[],"jetpack_sharing_enabled":true,"jetpack_likes_enabled":false,"jetpack-related-posts":[{"id":9535,"url":"https:\/\/believeindustry.company\/es\/product\/slotted-strut-channel-roll-forming-machine\/","url_meta":{"origin":19165,"position":0},"title":"M\u00e1quina formadora de perfiles de canal ranurado","author":"Believe Industry Group","date":"noviembre 20, 2023","format":false,"excerpt":"Believe Industry Company have different solution of roll forming machines for soltted strut channel: Economic solution: Speed is 10 FPM Post hydraulic punching and cutting, speed is 40 FPM Punch Press pre punching: 80 SPM","rel":"","context":"Entrada similar","block_context":{"text":"Entrada similar","link":""},"img":{"alt_text":"Strut Channel Roll Forming Machine","src":"https:\/\/i0.wp.com\/believeindustry.company\/wp-content\/uploads\/2021\/12\/Strut-Channel-Roll-Forming-Machine.jpg?resize=350%2C200&ssl=1","width":350,"height":200,"srcset":"https:\/\/i0.wp.com\/believeindustry.company\/wp-content\/uploads\/2021\/12\/Strut-Channel-Roll-Forming-Machine.jpg?resize=350%2C200&ssl=1 1x, https:\/\/i0.wp.com\/believeindustry.company\/wp-content\/uploads\/2021\/12\/Strut-Channel-Roll-Forming-Machine.jpg?resize=525%2C300&ssl=1 1.5x, https:\/\/i0.wp.com\/believeindustry.company\/wp-content\/uploads\/2021\/12\/Strut-Channel-Roll-Forming-Machine.jpg?resize=700%2C400&ssl=1 2x, https:\/\/i0.wp.com\/believeindustry.company\/wp-content\/uploads\/2021\/12\/Strut-Channel-Roll-Forming-Machine.jpg?resize=1050%2C600&ssl=1 3x, https:\/\/i0.wp.com\/believeindustry.company\/wp-content\/uploads\/2021\/12\/Strut-Channel-Roll-Forming-Machine.jpg?resize=1400%2C800&ssl=1 4x"},"classes":[]},{"id":1672,"url":"https:\/\/believeindustry.company\/es\/product\/c-channel-roll-forming-machine\/","url_meta":{"origin":19165,"position":1},"title":"M\u00e1quina perfiladora de perfiles de canal C","author":"Believe Industry Group","date":"mayo 8, 2018","format":false,"excerpt":"The C Channel Roll Forming Machine automatically converts steel coil into precise, high-strength C-shaped purlins and profiles essential for structural building frames. Featuring an uncoiler, multiple forming stations, and a hydraulic cutter, this PLC-controlled line ensures efficient, continuous, and dimensionally accurate production of essential construction components.","rel":"","context":"Entrada similar","block_context":{"text":"Entrada similar","link":""},"img":{"alt_text":"Complete High-Efficiency C Channel Roll Forming Machine Line - Automated production line for C\/Z purlin or metal roof panels from Beli RollForming.","src":"https:\/\/i0.wp.com\/believeindustry.company\/wp-content\/uploads\/2018\/05\/C-Channel-Roll-Forming-Machine.webp?resize=350%2C200&ssl=1","width":350,"height":200,"srcset":"https:\/\/i0.wp.com\/believeindustry.company\/wp-content\/uploads\/2018\/05\/C-Channel-Roll-Forming-Machine.webp?resize=350%2C200&ssl=1 1x, https:\/\/i0.wp.com\/believeindustry.company\/wp-content\/uploads\/2018\/05\/C-Channel-Roll-Forming-Machine.webp?resize=525%2C300&ssl=1 1.5x, https:\/\/i0.wp.com\/believeindustry.company\/wp-content\/uploads\/2018\/05\/C-Channel-Roll-Forming-Machine.webp?resize=700%2C400&ssl=1 2x, https:\/\/i0.wp.com\/believeindustry.company\/wp-content\/uploads\/2018\/05\/C-Channel-Roll-Forming-Machine.webp?resize=1050%2C600&ssl=1 3x, https:\/\/i0.wp.com\/believeindustry.company\/wp-content\/uploads\/2018\/05\/C-Channel-Roll-Forming-Machine.webp?resize=1400%2C800&ssl=1 4x"},"classes":[]},{"id":1669,"url":"https:\/\/believeindustry.company\/es\/product\/z-purlin-machine\/","url_meta":{"origin":19165,"position":2},"title":"M\u00e1quina de correas Z","author":"Believe Industry Group","date":"mayo 8, 2018","format":false,"excerpt":"La m\u00e1quina perfiladora de correas Z es una m\u00e1quina perfiladora continua que produce correas Z de diversos tama\u00f1os seg\u00fan las necesidades. El tama\u00f1o del alma y del ala se puede ajustar de forma manual o autom\u00e1tica.","rel":"","context":"Entrada similar","block_context":{"text":"Entrada similar","link":""},"img":{"alt_text":"Z Purlin Roll Forming Machine Cutter","src":"https:\/\/i0.wp.com\/believeindustry.company\/wp-content\/uploads\/2018\/05\/Z-Purlin-Roll-Forming-Machine-Cutter.webp?resize=350%2C200&ssl=1","width":350,"height":200,"srcset":"https:\/\/i0.wp.com\/believeindustry.company\/wp-content\/uploads\/2018\/05\/Z-Purlin-Roll-Forming-Machine-Cutter.webp?resize=350%2C200&ssl=1 1x, https:\/\/i0.wp.com\/believeindustry.company\/wp-content\/uploads\/2018\/05\/Z-Purlin-Roll-Forming-Machine-Cutter.webp?resize=525%2C300&ssl=1 1.5x, https:\/\/i0.wp.com\/believeindustry.company\/wp-content\/uploads\/2018\/05\/Z-Purlin-Roll-Forming-Machine-Cutter.webp?resize=700%2C400&ssl=1 2x"},"classes":[]},{"id":1765,"url":"https:\/\/believeindustry.company\/es\/product\/890-ibr-sheet-roll-forming-machine\/","url_meta":{"origin":19165,"position":3},"title":"M\u00e1quina formadora de rollos de chapa 890 IBR","author":"Believe Industry Group","date":"mayo 14, 2018","format":false,"excerpt":"890 IBR Sheet Roll Forming Machine 890 IBR Sheet Roll Forming Machine is a whole line to produce IBR sheets as desired length. IBR sheet drawing Technical Specifications of 890 IBR Sheet Roll Forming Machine Layout of IBR Sheet Roll Forming Machine M\/C of 890 IBR Sheet Roll Forming Machine\u2026","rel":"","context":"Entrada similar","block_context":{"text":"Entrada similar","link":""},"img":{"alt_text":"890 ibr sheet roll forming machine","src":"https:\/\/i0.wp.com\/believeindustry.company\/wp-content\/uploads\/2018\/05\/890-ibr-sheet-roll-forming-machine.jpg?resize=350%2C200&ssl=1","width":350,"height":200,"srcset":"https:\/\/i0.wp.com\/believeindustry.company\/wp-content\/uploads\/2018\/05\/890-ibr-sheet-roll-forming-machine.jpg?resize=350%2C200&ssl=1 1x, https:\/\/i0.wp.com\/believeindustry.company\/wp-content\/uploads\/2018\/05\/890-ibr-sheet-roll-forming-machine.jpg?resize=525%2C300&ssl=1 1.5x, https:\/\/i0.wp.com\/believeindustry.company\/wp-content\/uploads\/2018\/05\/890-ibr-sheet-roll-forming-machine.jpg?resize=700%2C400&ssl=1 2x"},"classes":[]},{"id":1760,"url":"https:\/\/believeindustry.company\/es\/product\/686-ibr-sheet-roll-forming-machine\/","url_meta":{"origin":19165,"position":4},"title":"M\u00e1quina formadora de rollos de chapa 686 IBR","author":"Believe Industry Group","date":"mayo 14, 2018","format":false,"excerpt":"686 IBR Sheet Roll Forming Machine 686 IBR Sheet Roll Forming Machine is a whole line to produce IBR sheets as desired length. IBR sheet drawing Technical Specifications of 686 IBR Sheet Roll Forming Machine Layout of IBR Sheet Roll Forming Machine M\/C of 686 IBR Sheet Roll Forming Machine\u2026","rel":"","context":"Entrada similar","block_context":{"text":"Entrada similar","link":""},"img":{"alt_text":"686 ibr sheet roll forming machine","src":"https:\/\/i0.wp.com\/believeindustry.company\/wp-content\/uploads\/2018\/05\/686-ibr-sheet-roll-forming-machine.jpg?resize=350%2C200&ssl=1","width":350,"height":200,"srcset":"https:\/\/i0.wp.com\/believeindustry.company\/wp-content\/uploads\/2018\/05\/686-ibr-sheet-roll-forming-machine.jpg?resize=350%2C200&ssl=1 1x, https:\/\/i0.wp.com\/believeindustry.company\/wp-content\/uploads\/2018\/05\/686-ibr-sheet-roll-forming-machine.jpg?resize=525%2C300&ssl=1 1.5x, https:\/\/i0.wp.com\/believeindustry.company\/wp-content\/uploads\/2018\/05\/686-ibr-sheet-roll-forming-machine.jpg?resize=700%2C400&ssl=1 2x"},"classes":[]},{"id":2814,"url":"https:\/\/believeindustry.company\/es\/product\/metal-glazed-tile-machine\/","url_meta":{"origin":19165,"position":5},"title":"M\u00e1quina para fabricar azulejos esmaltados de metal","author":"Believe Industry Group","date":"septiembre 8, 2018","format":false,"excerpt":"Metal Glazed Tile Machine Metal Glazed Tile Machine is a whole automatic line to produce Glazed Tiles. The workers only need input the desired data( length, quantity, step length) on the touch screen. Profile Drawings of Glazed Tiles Glazed Tile Roll Forming Machine is a whole automatic line to produce\u2026","rel":"","context":"Entrada similar","block_context":{"text":"Entrada similar","link":""},"img":{"alt_text":"metal glazed tile machine","src":"https:\/\/i0.wp.com\/believeindustry.company\/wp-content\/uploads\/2018\/09\/metal-glazed-tile-machine.jpg?resize=350%2C200&ssl=1","width":350,"height":200,"srcset":"https:\/\/i0.wp.com\/believeindustry.company\/wp-content\/uploads\/2018\/09\/metal-glazed-tile-machine.jpg?resize=350%2C200&ssl=1 1x, https:\/\/i0.wp.com\/believeindustry.company\/wp-content\/uploads\/2018\/09\/metal-glazed-tile-machine.jpg?resize=525%2C300&ssl=1 1.5x, https:\/\/i0.wp.com\/believeindustry.company\/wp-content\/uploads\/2018\/09\/metal-glazed-tile-machine.jpg?resize=700%2C400&ssl=1 2x, https:\/\/i0.wp.com\/believeindustry.company\/wp-content\/uploads\/2018\/09\/metal-glazed-tile-machine.jpg?resize=1050%2C600&ssl=1 3x, https:\/\/i0.wp.com\/believeindustry.company\/wp-content\/uploads\/2018\/09\/metal-glazed-tile-machine.jpg?resize=1400%2C800&ssl=1 4x"},"classes":[]}],"amp_enabled":true,"_links":{"self":[{"href":"https:\/\/believeindustry.company\/es\/wp-json\/wp\/v2\/product\/19165","targetHints":{"allow":["GET"]}}],"collection":[{"href":"https:\/\/believeindustry.company\/es\/wp-json\/wp\/v2\/product"}],"about":[{"href":"https:\/\/believeindustry.company\/es\/wp-json\/wp\/v2\/types\/product"}],"replies":[{"embeddable":true,"href":"https:\/\/believeindustry.company\/es\/wp-json\/wp\/v2\/comments?post=19165"}],"version-history":[{"count":18,"href":"https:\/\/believeindustry.company\/es\/wp-json\/wp\/v2\/product\/19165\/revisions"}],"predecessor-version":[{"id":19267,"href":"https:\/\/believeindustry.company\/es\/wp-json\/wp\/v2\/product\/19165\/revisions\/19267"}],"wp:featuredmedia":[{"embeddable":true,"href":"https:\/\/believeindustry.company\/es\/wp-json\/wp\/v2\/media\/19208"}],"wp:attachment":[{"href":"https:\/\/believeindustry.company\/es\/wp-json\/wp\/v2\/media?parent=19165"}],"wp:term":[{"taxonomy":"product_brand","embeddable":true,"href":"https:\/\/believeindustry.company\/es\/wp-json\/wp\/v2\/product_brand?post=19165"},{"taxonomy":"product_cat","embeddable":true,"href":"https:\/\/believeindustry.company\/es\/wp-json\/wp\/v2\/product_cat?post=19165"},{"taxonomy":"product_tag","embeddable":true,"href":"https:\/\/believeindustry.company\/es\/wp-json\/wp\/v2\/product_tag?post=19165"}],"curies":[{"name":"wp","href":"https:\/\/api.w.org\/{rel}","templated":true}]}}